{"id":11138,"date":"2018-05-21T12:48:11","date_gmt":"2018-05-21T12:48:11","guid":{"rendered":"https:\/\/pruebas.garciavarona.com\/producto\/lena-de-roble-taco-troceado\/"},"modified":"2026-03-23T08:23:14","modified_gmt":"2026-03-23T07:23:14","slug":"lena-de-roble-taco-troceado","status":"publish","type":"product","link":"https:\/\/www.garciavarona.com\/en\/producto\/lena-de-roble-taco-troceado\/","title":{"rendered":"Le\u00f1a de roble taco troceado en sacas de 90x90x90 cm"},"content":{"rendered":"<h2>Le\u00f1a de roble taco troceado en big bag<\/h2>\n<p><strong>Le\u00f1a de roble<\/strong> verde suministrada en sacas de 90x90x90 cm. Suministramos la le\u00f1a de roble taco troceado en sacas cortado a 30-40 cm. de largo. F\u00e1cil manipulaci\u00f3n. Almacenaje limpio, ordenado\u00a0 y comodo, sin descargas a volquete. Precios especiales a partir de 4 sacas. CONSULTAR precio a partir de 60 sacas.<\/p>\n<p>\u00a1Disfruta del calor y la comodidad de nuestra le\u00f1a de roble! Nuestra madera de roble es la elecci\u00f3n perfecta para tu chimenea, estufa o cualquier sistema de calefacci\u00f3n. Es le\u00f1a de madera 100% roble.\u00a0 Madera verde procedente de la optimizaci\u00f3n de todo el proceso productivo del tronco de roble en el aserradero. Suministro continuado, precios sin competencia.<\/p>\n<p>El poder calor\u00edfico del roble: 4.600 kcal\/Kg\u00a0 a un 15% de humedad. Obtendr\u00e1s un calor intenso y prolongado para mantener tu hogar c\u00e1lido en los d\u00edas m\u00e1s fr\u00edos. Nuestra le\u00f1a de roble est\u00e1 en su estado natural, sin secar, lo que significa que conserva un mayor contenido de humedad. Recomendamos almacenar esta le\u00f1a y usarla en la siguiente temporada para as\u00ed conseguir un mayor poder calor\u00edfico. Puedes consultar otros consejos sobre la le\u00f1a en nuestro post <a href=\"https:\/\/www.garciavarona.com\/5-consejos-para-comprar-lena\/\" target=\"_blank\" rel=\"noopener\">cinco consejos para comprar le\u00f1a<\/a>.<\/p>\n<p>Pensando en tu comodidad, ofrecemos nuestra le\u00f1a de roble en pr\u00e1cticas sacas o big bags. Estos recipientes resistentes y f\u00e1ciles de transportar te permiten almacenar y transportar la madera de manera conveniente y segura.<\/p>\n<p>Toda nuestra madera procede de bosques autosostenibles. \u00a1\u00a1Consumir le\u00f1a es cuidar el monte!!<\/p>\n","protected":false},"excerpt":{"rendered":"<p>Le\u00f1a de roble verde en sacas de 90x90x90 cm. Taco troceado cortado a 30-40 cm. de largo. Precio por saca.<\/p>\n","protected":false},"featured_media":11136,"template":"","meta":[],"product_brand":[],"product_cat":[753,765],"product_tag":[1514,1518,1515,1516,1519],"class_list":{"0":"post-11138","1":"product","2":"type-product","3":"status-publish","4":"has-post-thumbnail","6":"product_cat-bioenergia","7":"product_cat-lena-de-roble","8":"product_tag-lena","9":"product_tag-lena-der-oble","10":"product_tag-lena-en-big-bag","11":"product_tag-lena-en-saca","12":"product_tag-taco-troceado","13":"pa_cantidad-de-1-a-3-unidades","14":"pa_cantidad-a-partir-de-4-unidades","15":"pa_marcas-bioenergia-gv","17":"first","18":"instock","19":"taxable","20":"shipping-taxable","21":"purchasable","22":"product-type-variable"},"yoast_head":"<!-- This site is optimized with the Yoast SEO plugin v27.3 - https:\/\/yoast.com\/product\/yoast-seo-wordpress\/ -->\n<title>Le\u00f1a de roble taco troceado en sacas<\/title>\n<meta name=\"description\" content=\"Le\u00f1a de roble taco troceado en sacas de 90x90x90 cm. Le\u00f1a cortada en tacos de 30 - 40 cm de largo. Para almacenar c\u00f3modamente. F\u00e1cil manipulaci\u00f3n.\" \/>\n<meta name=\"robots\" content=\"index, follow, max-snippet:-1, max-image-preview:large, max-video-preview:-1\" \/>\n<link rel=\"canonical\" href=\"https:\/\/www.garciavarona.com\/en\/producto\/lena-de-roble-taco-troceado\/\" \/>\n<meta property=\"og:locale\" content=\"en_US\" \/>\n<meta property=\"og:type\" content=\"article\" \/>\n<meta property=\"og:title\" content=\"Le\u00f1a de roble taco troceado en sacas\" \/>\n<meta property=\"og:description\" content=\"Le\u00f1a de roble taco troceado en sacas de 90x90x90 cm. Le\u00f1a cortada en tacos de 30 - 40 cm de largo. Para almacenar c\u00f3modamente. F\u00e1cil manipulaci\u00f3n.\" \/>\n<meta property=\"og:url\" content=\"https:\/\/www.garciavarona.com\/en\/producto\/lena-de-roble-taco-troceado\/\" \/>\n<meta property=\"og:site_name\" content=\"Maderas Garcia Varona\" \/>\n<meta property=\"article:publisher\" content=\"https:\/\/www.facebook.com\/maderasgarciavaronagrupo\" \/>\n<meta property=\"article:modified_time\" content=\"2026-03-23T07:23:14+00:00\" \/>\n<meta property=\"og:image\" content=\"https:\/\/www.garciavarona.com\/wp-content\/uploads\/2018\/05\/115-Lena-de-roble-taco-troceado-en-sacas-de-90x90x90-cm.jpg\" \/>\n\t<meta property=\"og:image:width\" content=\"500\" \/>\n\t<meta property=\"og:image:height\" content=\"500\" \/>\n\t<meta property=\"og:image:type\" content=\"image\/jpeg\" \/>\n<meta name=\"twitter:card\" content=\"summary_large_image\" \/>\n<meta name=\"twitter:site\" content=\"@maderasvaronars\" \/>\n<meta name=\"twitter:label1\" content=\"Est. reading time\" \/>\n\t<meta name=\"twitter:data1\" content=\"2 minutes\" \/>\n<script type=\"application\/ld+json\" class=\"yoast-schema-graph\">{\"@context\":\"https:\\\/\\\/schema.org\",\"@graph\":[{\"@type\":[\"WebPage\",\"ItemPage\"],\"@id\":\"https:\\\/\\\/www.garciavarona.com\\\/en\\\/producto\\\/lena-de-roble-taco-troceado\\\/\",\"url\":\"https:\\\/\\\/www.garciavarona.com\\\/en\\\/producto\\\/lena-de-roble-taco-troceado\\\/\",\"name\":\"Le\u00f1a de roble taco troceado en sacas\",\"isPartOf\":{\"@id\":\"https:\\\/\\\/www.garciavarona.com\\\/en\\\/#website\"},\"primaryImageOfPage\":{\"@id\":\"https:\\\/\\\/www.garciavarona.com\\\/en\\\/producto\\\/lena-de-roble-taco-troceado\\\/#primaryimage\"},\"image\":{\"@id\":\"https:\\\/\\\/www.garciavarona.com\\\/en\\\/producto\\\/lena-de-roble-taco-troceado\\\/#primaryimage\"},\"thumbnailUrl\":\"https:\\\/\\\/www.garciavarona.com\\\/wp-content\\\/uploads\\\/2018\\\/05\\\/115-Lena-de-roble-taco-troceado-en-sacas-de-90x90x90-cm.jpg\",\"datePublished\":\"2018-05-21T12:48:11+00:00\",\"dateModified\":\"2026-03-23T07:23:14+00:00\",\"description\":\"Le\u00f1a de roble taco troceado en sacas de 90x90x90 cm. Le\u00f1a cortada en tacos de 30 - 40 cm de largo. Para almacenar c\u00f3modamente. F\u00e1cil manipulaci\u00f3n.\",\"breadcrumb\":{\"@id\":\"https:\\\/\\\/www.garciavarona.com\\\/en\\\/producto\\\/lena-de-roble-taco-troceado\\\/#breadcrumb\"},\"inLanguage\":\"en-US\",\"potentialAction\":[{\"@type\":\"ReadAction\",\"target\":[\"https:\\\/\\\/www.garciavarona.com\\\/en\\\/producto\\\/lena-de-roble-taco-troceado\\\/\"]}]},{\"@type\":\"ImageObject\",\"inLanguage\":\"en-US\",\"@id\":\"https:\\\/\\\/www.garciavarona.com\\\/en\\\/producto\\\/lena-de-roble-taco-troceado\\\/#primaryimage\",\"url\":\"https:\\\/\\\/www.garciavarona.com\\\/wp-content\\\/uploads\\\/2018\\\/05\\\/115-Lena-de-roble-taco-troceado-en-sacas-de-90x90x90-cm.jpg\",\"contentUrl\":\"https:\\\/\\\/www.garciavarona.com\\\/wp-content\\\/uploads\\\/2018\\\/05\\\/115-Lena-de-roble-taco-troceado-en-sacas-de-90x90x90-cm.jpg\",\"width\":500,\"height\":500,\"caption\":\"Le\u00f1a de roble taco troceado en sacas de 90x90x90 cm.\"},{\"@type\":\"BreadcrumbList\",\"@id\":\"https:\\\/\\\/www.garciavarona.com\\\/en\\\/producto\\\/lena-de-roble-taco-troceado\\\/#breadcrumb\",\"itemListElement\":[{\"@type\":\"ListItem\",\"position\":1,\"name\":\"Portada\",\"item\":\"https:\\\/\\\/www.garciavarona.com\\\/en\\\/\"},{\"@type\":\"ListItem\",\"position\":2,\"name\":\"Tienda Maderas Garc\u00eda Varona\",\"item\":\"https:\\\/\\\/www.garciavarona.com\\\/tienda\\\/\"},{\"@type\":\"ListItem\",\"position\":3,\"name\":\"Le\u00f1a de roble taco troceado en sacas de 90x90x90 cm\"}]},{\"@type\":\"WebSite\",\"@id\":\"https:\\\/\\\/www.garciavarona.com\\\/en\\\/#website\",\"url\":\"https:\\\/\\\/www.garciavarona.com\\\/en\\\/\",\"name\":\"Maderas Garcia Varona\",\"description\":\"Fabrica y Aserradero de Madera. Expertos en Madera\",\"publisher\":{\"@id\":\"https:\\\/\\\/www.garciavarona.com\\\/en\\\/#organization\"},\"potentialAction\":[{\"@type\":\"SearchAction\",\"target\":{\"@type\":\"EntryPoint\",\"urlTemplate\":\"https:\\\/\\\/www.garciavarona.com\\\/en\\\/?s={search_term_string}\"},\"query-input\":{\"@type\":\"PropertyValueSpecification\",\"valueRequired\":true,\"valueName\":\"search_term_string\"}}],\"inLanguage\":\"en-US\"},{\"@type\":\"Organization\",\"@id\":\"https:\\\/\\\/www.garciavarona.com\\\/en\\\/#organization\",\"name\":\"Maderas Garcia Varona\",\"url\":\"https:\\\/\\\/www.garciavarona.com\\\/en\\\/\",\"logo\":{\"@type\":\"ImageObject\",\"inLanguage\":\"en-US\",\"@id\":\"https:\\\/\\\/www.garciavarona.com\\\/en\\\/#\\\/schema\\\/logo\\\/image\\\/\",\"url\":\"https:\\\/\\\/www.garciavarona.com\\\/wp-content\\\/uploads\\\/2022\\\/06\\\/logoGarciaVarona.svg\",\"contentUrl\":\"https:\\\/\\\/www.garciavarona.com\\\/wp-content\\\/uploads\\\/2022\\\/06\\\/logoGarciaVarona.svg\",\"width\":1020,\"height\":200,\"caption\":\"Maderas Garcia Varona\"},\"image\":{\"@id\":\"https:\\\/\\\/www.garciavarona.com\\\/en\\\/#\\\/schema\\\/logo\\\/image\\\/\"},\"sameAs\":[\"https:\\\/\\\/www.facebook.com\\\/maderasgarciavaronagrupo\",\"https:\\\/\\\/x.com\\\/maderasvaronars\",\"https:\\\/\\\/www.instagram.com\\\/maderasgarciavarona\\\/\",\"https:\\\/\\\/www.linkedin.com\\\/company\\\/maderas-garcia-varona\\\/\",\"https:\\\/\\\/www.youtube.com\\\/channel\\\/UCGUEME06N_h66pB2coJC83w\\\/featured\"]}]}<\/script>\n<!-- \/ Yoast SEO plugin. -->","yoast_head_json":{"title":"Le\u00f1a de roble taco troceado en sacas","description":"Le\u00f1a de roble taco troceado en sacas de 90x90x90 cm. Le\u00f1a cortada en tacos de 30 - 40 cm de largo. Para almacenar c\u00f3modamente. F\u00e1cil manipulaci\u00f3n.","robots":{"index":"index","follow":"follow","max-snippet":"max-snippet:-1","max-image-preview":"max-image-preview:large","max-video-preview":"max-video-preview:-1"},"canonical":"https:\/\/www.garciavarona.com\/en\/producto\/lena-de-roble-taco-troceado\/","og_locale":"en_US","og_type":"article","og_title":"Le\u00f1a de roble taco troceado en sacas","og_description":"Le\u00f1a de roble taco troceado en sacas de 90x90x90 cm. Le\u00f1a cortada en tacos de 30 - 40 cm de largo. Para almacenar c\u00f3modamente. F\u00e1cil manipulaci\u00f3n.","og_url":"https:\/\/www.garciavarona.com\/en\/producto\/lena-de-roble-taco-troceado\/","og_site_name":"Maderas Garcia Varona","article_publisher":"https:\/\/www.facebook.com\/maderasgarciavaronagrupo","article_modified_time":"2026-03-23T07:23:14+00:00","og_image":[{"width":500,"height":500,"url":"https:\/\/www.garciavarona.com\/wp-content\/uploads\/2018\/05\/115-Lena-de-roble-taco-troceado-en-sacas-de-90x90x90-cm.jpg","type":"image\/jpeg"}],"twitter_card":"summary_large_image","twitter_site":"@maderasvaronars","twitter_misc":{"Est. reading time":"2 minutes"},"schema":{"@context":"https:\/\/schema.org","@graph":[{"@type":["WebPage","ItemPage"],"@id":"https:\/\/www.garciavarona.com\/en\/producto\/lena-de-roble-taco-troceado\/","url":"https:\/\/www.garciavarona.com\/en\/producto\/lena-de-roble-taco-troceado\/","name":"Le\u00f1a de roble taco troceado en sacas","isPartOf":{"@id":"https:\/\/www.garciavarona.com\/en\/#website"},"primaryImageOfPage":{"@id":"https:\/\/www.garciavarona.com\/en\/producto\/lena-de-roble-taco-troceado\/#primaryimage"},"image":{"@id":"https:\/\/www.garciavarona.com\/en\/producto\/lena-de-roble-taco-troceado\/#primaryimage"},"thumbnailUrl":"https:\/\/www.garciavarona.com\/wp-content\/uploads\/2018\/05\/115-Lena-de-roble-taco-troceado-en-sacas-de-90x90x90-cm.jpg","datePublished":"2018-05-21T12:48:11+00:00","dateModified":"2026-03-23T07:23:14+00:00","description":"Le\u00f1a de roble taco troceado en sacas de 90x90x90 cm. Le\u00f1a cortada en tacos de 30 - 40 cm de largo. Para almacenar c\u00f3modamente. F\u00e1cil manipulaci\u00f3n.","breadcrumb":{"@id":"https:\/\/www.garciavarona.com\/en\/producto\/lena-de-roble-taco-troceado\/#breadcrumb"},"inLanguage":"en-US","potentialAction":[{"@type":"ReadAction","target":["https:\/\/www.garciavarona.com\/en\/producto\/lena-de-roble-taco-troceado\/"]}]},{"@type":"ImageObject","inLanguage":"en-US","@id":"https:\/\/www.garciavarona.com\/en\/producto\/lena-de-roble-taco-troceado\/#primaryimage","url":"https:\/\/www.garciavarona.com\/wp-content\/uploads\/2018\/05\/115-Lena-de-roble-taco-troceado-en-sacas-de-90x90x90-cm.jpg","contentUrl":"https:\/\/www.garciavarona.com\/wp-content\/uploads\/2018\/05\/115-Lena-de-roble-taco-troceado-en-sacas-de-90x90x90-cm.jpg","width":500,"height":500,"caption":"Le\u00f1a de roble taco troceado en sacas de 90x90x90 cm."},{"@type":"BreadcrumbList","@id":"https:\/\/www.garciavarona.com\/en\/producto\/lena-de-roble-taco-troceado\/#breadcrumb","itemListElement":[{"@type":"ListItem","position":1,"name":"Portada","item":"https:\/\/www.garciavarona.com\/en\/"},{"@type":"ListItem","position":2,"name":"Tienda Maderas Garc\u00eda Varona","item":"https:\/\/www.garciavarona.com\/tienda\/"},{"@type":"ListItem","position":3,"name":"Le\u00f1a de roble taco troceado en sacas de 90x90x90 cm"}]},{"@type":"WebSite","@id":"https:\/\/www.garciavarona.com\/en\/#website","url":"https:\/\/www.garciavarona.com\/en\/","name":"Maderas Garcia Varona","description":"Fabrica y Aserradero de Madera. Expertos en Madera","publisher":{"@id":"https:\/\/www.garciavarona.com\/en\/#organization"},"potentialAction":[{"@type":"SearchAction","target":{"@type":"EntryPoint","urlTemplate":"https:\/\/www.garciavarona.com\/en\/?s={search_term_string}"},"query-input":{"@type":"PropertyValueSpecification","valueRequired":true,"valueName":"search_term_string"}}],"inLanguage":"en-US"},{"@type":"Organization","@id":"https:\/\/www.garciavarona.com\/en\/#organization","name":"Maderas Garcia Varona","url":"https:\/\/www.garciavarona.com\/en\/","logo":{"@type":"ImageObject","inLanguage":"en-US","@id":"https:\/\/www.garciavarona.com\/en\/#\/schema\/logo\/image\/","url":"https:\/\/www.garciavarona.com\/wp-content\/uploads\/2022\/06\/logoGarciaVarona.svg","contentUrl":"https:\/\/www.garciavarona.com\/wp-content\/uploads\/2022\/06\/logoGarciaVarona.svg","width":1020,"height":200,"caption":"Maderas Garcia Varona"},"image":{"@id":"https:\/\/www.garciavarona.com\/en\/#\/schema\/logo\/image\/"},"sameAs":["https:\/\/www.facebook.com\/maderasgarciavaronagrupo","https:\/\/x.com\/maderasvaronars","https:\/\/www.instagram.com\/maderasgarciavarona\/","https:\/\/www.linkedin.com\/company\/maderas-garcia-varona\/","https:\/\/www.youtube.com\/channel\/UCGUEME06N_h66pB2coJC83w\/featured"]}]}},"_links":{"self":[{"href":"https:\/\/www.garciavarona.com\/en\/wp-json\/wp\/v2\/product\/11138","targetHints":{"allow":["GET"]}}],"collection":[{"href":"https:\/\/www.garciavarona.com\/en\/wp-json\/wp\/v2\/product"}],"about":[{"href":"https:\/\/www.garciavarona.com\/en\/wp-json\/wp\/v2\/types\/product"}],"version-history":[{"count":6,"href":"https:\/\/www.garciavarona.com\/en\/wp-json\/wp\/v2\/product\/11138\/revisions"}],"predecessor-version":[{"id":22784,"href":"https:\/\/www.garciavarona.com\/en\/wp-json\/wp\/v2\/product\/11138\/revisions\/22784"}],"wp:featuredmedia":[{"embeddable":true,"href":"https:\/\/www.garciavarona.com\/en\/wp-json\/wp\/v2\/media\/11136"}],"wp:attachment":[{"href":"https:\/\/www.garciavarona.com\/en\/wp-json\/wp\/v2\/media?parent=11138"}],"wp:term":[{"taxonomy":"product_brand","embeddable":true,"href":"https:\/\/www.garciavarona.com\/en\/wp-json\/wp\/v2\/product_brand?post=11138"},{"taxonomy":"product_cat","embeddable":true,"href":"https:\/\/www.garciavarona.com\/en\/wp-json\/wp\/v2\/product_cat?post=11138"},{"taxonomy":"product_tag","embeddable":true,"href":"https:\/\/www.garciavarona.com\/en\/wp-json\/wp\/v2\/product_tag?post=11138"}],"curies":[{"name":"wp","href":"https:\/\/api.w.org\/{rel}","templated":true}]}}