{"id":11142,"date":"2018-05-21T12:54:23","date_gmt":"2018-05-21T12:54:23","guid":{"rendered":"https:\/\/pruebas.garciavarona.com\/producto\/lena-de-roble-estandar-en-saca-de-90x90x90-2\/"},"modified":"2026-03-23T08:22:44","modified_gmt":"2026-03-23T07:22:44","slug":"lena-de-roble-seca-en-sacas","status":"publish","type":"product","link":"https:\/\/www.garciavarona.com\/en\/producto\/lena-de-roble-seca-en-sacas\/","title":{"rendered":"Le\u00f1a de roble seca KD en saca de 90x90x90 cm"},"content":{"rendered":"<h2>Le\u00f1a de roble seca en big bag<\/h2>\n<p>Le\u00f1a de roble seca al 15% de humedad. Le\u00f1a secada en secadero (KD). Suministrado en <strong>sacas de 90x90x90 cm<\/strong>. F\u00e1cil manipulaci\u00f3n.\u00a0<strong>Almacenaje limpio, ordenado\u00a0 y comodo, sin descargas a volquete<\/strong>. Precios especiales a partir de 4 sacas. CONSULTAR precio a partir de 60 sacas.<\/p>\n<p>Madera 100% roble. Recomendada para el inicio del fuego. Suministro limitado, sujeto a una producci\u00f3n, precios sin competencia.<\/p>\n<p>Poder calor\u00edfico del roble: 4.600 kcal\/Kg. a un 15% de humedad.<\/p>\n<p>Toda nuestra madera procede de bosques autosostenibles. \u00a1\u00a1Consumir le\u00f1a es cuidar el monte!!<\/p>\n","protected":false},"excerpt":{"rendered":"<p>Le\u00f1a de roble seca al 15% de humedad. Venta en sacas de 90x90x90 cm. Precios especiales a partir de 4 sacas.<\/p>\n","protected":false},"featured_media":11139,"template":"","meta":[],"product_brand":[],"product_cat":[753,765],"product_tag":[1514,1522,1518,1515,1516,1520,1521],"class_list":{"0":"post-11142","1":"product","2":"type-product","3":"status-publish","4":"has-post-thumbnail","6":"product_cat-bioenergia","7":"product_cat-lena-de-roble","8":"product_tag-lena","9":"product_tag-lena-de-roble-seca","10":"product_tag-lena-der-oble","11":"product_tag-lena-en-big-bag","12":"product_tag-lena-en-saca","13":"product_tag-lena-seca","14":"product_tag-lena-seca-de-roble","15":"pa_cantidad-de-1-a-3-unidades","16":"pa_cantidad-a-partir-de-4-unidades","17":"pa_marcas-bioenergia-gv","19":"first","20":"outofstock","21":"taxable","22":"shipping-taxable","23":"purchasable","24":"product-type-variable"},"yoast_head":"<!-- This site is optimized with the Yoast SEO plugin v27.3 - https:\/\/yoast.com\/product\/yoast-seo-wordpress\/ -->\n<title>Le\u00f1a de roble seca KD en saca de 90x90x90 cm | Maderas Garcia Varona<\/title>\n<meta name=\"description\" content=\"Le\u00f1a de roble seca en sacas de 90x90x90 cm. Recomendada para el inicio del fuego. F\u00e1cil manipulaci\u00f3n.\u00a0Almacenaje limpio, ordenado\u00a0 y comodo.\" \/>\n<meta name=\"robots\" content=\"index, follow, max-snippet:-1, max-image-preview:large, max-video-preview:-1\" \/>\n<link rel=\"canonical\" href=\"https:\/\/www.garciavarona.com\/en\/producto\/lena-de-roble-seca-en-sacas\/\" \/>\n<meta property=\"og:locale\" content=\"en_US\" \/>\n<meta property=\"og:type\" content=\"article\" \/>\n<meta property=\"og:title\" content=\"Le\u00f1a de roble seca KD en saca de 90x90x90 cm | Maderas Garcia Varona\" \/>\n<meta property=\"og:description\" content=\"Le\u00f1a de roble seca en sacas de 90x90x90 cm. Recomendada para el inicio del fuego. F\u00e1cil manipulaci\u00f3n.\u00a0Almacenaje limpio, ordenado\u00a0 y comodo.\" \/>\n<meta property=\"og:url\" content=\"https:\/\/www.garciavarona.com\/en\/producto\/lena-de-roble-seca-en-sacas\/\" \/>\n<meta property=\"og:site_name\" content=\"Maderas Garcia Varona\" \/>\n<meta property=\"article:publisher\" content=\"https:\/\/www.facebook.com\/maderasgarciavaronagrupo\" \/>\n<meta property=\"article:modified_time\" content=\"2026-03-23T07:22:44+00:00\" \/>\n<meta property=\"og:image\" content=\"https:\/\/www.garciavarona.com\/wp-content\/uploads\/2018\/05\/112-Lena-de-roble-KD-en-saca-de-90x90x90-cm.jpg\" \/>\n\t<meta property=\"og:image:width\" content=\"500\" \/>\n\t<meta property=\"og:image:height\" content=\"500\" \/>\n\t<meta property=\"og:image:type\" content=\"image\/jpeg\" \/>\n<meta name=\"twitter:card\" content=\"summary_large_image\" \/>\n<meta name=\"twitter:site\" content=\"@maderasvaronars\" \/>\n<meta name=\"twitter:label1\" content=\"Est. reading time\" \/>\n\t<meta name=\"twitter:data1\" content=\"1 minute\" \/>\n<script type=\"application\/ld+json\" class=\"yoast-schema-graph\">{\"@context\":\"https:\\\/\\\/schema.org\",\"@graph\":[{\"@type\":[\"WebPage\",\"ItemPage\"],\"@id\":\"https:\\\/\\\/www.garciavarona.com\\\/en\\\/producto\\\/lena-de-roble-seca-en-sacas\\\/\",\"url\":\"https:\\\/\\\/www.garciavarona.com\\\/en\\\/producto\\\/lena-de-roble-seca-en-sacas\\\/\",\"name\":\"Le\u00f1a de roble seca KD en saca de 90x90x90 cm | Maderas Garcia Varona\",\"isPartOf\":{\"@id\":\"https:\\\/\\\/www.garciavarona.com\\\/en\\\/#website\"},\"primaryImageOfPage\":{\"@id\":\"https:\\\/\\\/www.garciavarona.com\\\/en\\\/producto\\\/lena-de-roble-seca-en-sacas\\\/#primaryimage\"},\"image\":{\"@id\":\"https:\\\/\\\/www.garciavarona.com\\\/en\\\/producto\\\/lena-de-roble-seca-en-sacas\\\/#primaryimage\"},\"thumbnailUrl\":\"https:\\\/\\\/www.garciavarona.com\\\/wp-content\\\/uploads\\\/2018\\\/05\\\/112-Lena-de-roble-KD-en-saca-de-90x90x90-cm.jpg\",\"datePublished\":\"2018-05-21T12:54:23+00:00\",\"dateModified\":\"2026-03-23T07:22:44+00:00\",\"description\":\"Le\u00f1a de roble seca en sacas de 90x90x90 cm. Recomendada para el inicio del fuego. F\u00e1cil manipulaci\u00f3n.\u00a0Almacenaje limpio, ordenado\u00a0 y comodo.\",\"breadcrumb\":{\"@id\":\"https:\\\/\\\/www.garciavarona.com\\\/en\\\/producto\\\/lena-de-roble-seca-en-sacas\\\/#breadcrumb\"},\"inLanguage\":\"en-US\",\"potentialAction\":[{\"@type\":\"ReadAction\",\"target\":[\"https:\\\/\\\/www.garciavarona.com\\\/en\\\/producto\\\/lena-de-roble-seca-en-sacas\\\/\"]}]},{\"@type\":\"ImageObject\",\"inLanguage\":\"en-US\",\"@id\":\"https:\\\/\\\/www.garciavarona.com\\\/en\\\/producto\\\/lena-de-roble-seca-en-sacas\\\/#primaryimage\",\"url\":\"https:\\\/\\\/www.garciavarona.com\\\/wp-content\\\/uploads\\\/2018\\\/05\\\/112-Lena-de-roble-KD-en-saca-de-90x90x90-cm.jpg\",\"contentUrl\":\"https:\\\/\\\/www.garciavarona.com\\\/wp-content\\\/uploads\\\/2018\\\/05\\\/112-Lena-de-roble-KD-en-saca-de-90x90x90-cm.jpg\",\"width\":500,\"height\":500,\"caption\":\"Le\u00f1a de roble KD en saca de 90x90x90 cm.\"},{\"@type\":\"BreadcrumbList\",\"@id\":\"https:\\\/\\\/www.garciavarona.com\\\/en\\\/producto\\\/lena-de-roble-seca-en-sacas\\\/#breadcrumb\",\"itemListElement\":[{\"@type\":\"ListItem\",\"position\":1,\"name\":\"Portada\",\"item\":\"https:\\\/\\\/www.garciavarona.com\\\/en\\\/\"},{\"@type\":\"ListItem\",\"position\":2,\"name\":\"Tienda Maderas Garc\u00eda Varona\",\"item\":\"https:\\\/\\\/www.garciavarona.com\\\/tienda\\\/\"},{\"@type\":\"ListItem\",\"position\":3,\"name\":\"Le\u00f1a de roble seca KD en saca de 90x90x90 cm\"}]},{\"@type\":\"WebSite\",\"@id\":\"https:\\\/\\\/www.garciavarona.com\\\/en\\\/#website\",\"url\":\"https:\\\/\\\/www.garciavarona.com\\\/en\\\/\",\"name\":\"Maderas Garcia Varona\",\"description\":\"Fabrica y Aserradero de Madera. Expertos en Madera\",\"publisher\":{\"@id\":\"https:\\\/\\\/www.garciavarona.com\\\/en\\\/#organization\"},\"potentialAction\":[{\"@type\":\"SearchAction\",\"target\":{\"@type\":\"EntryPoint\",\"urlTemplate\":\"https:\\\/\\\/www.garciavarona.com\\\/en\\\/?s={search_term_string}\"},\"query-input\":{\"@type\":\"PropertyValueSpecification\",\"valueRequired\":true,\"valueName\":\"search_term_string\"}}],\"inLanguage\":\"en-US\"},{\"@type\":\"Organization\",\"@id\":\"https:\\\/\\\/www.garciavarona.com\\\/en\\\/#organization\",\"name\":\"Maderas Garcia Varona\",\"url\":\"https:\\\/\\\/www.garciavarona.com\\\/en\\\/\",\"logo\":{\"@type\":\"ImageObject\",\"inLanguage\":\"en-US\",\"@id\":\"https:\\\/\\\/www.garciavarona.com\\\/en\\\/#\\\/schema\\\/logo\\\/image\\\/\",\"url\":\"https:\\\/\\\/www.garciavarona.com\\\/wp-content\\\/uploads\\\/2022\\\/06\\\/logoGarciaVarona.svg\",\"contentUrl\":\"https:\\\/\\\/www.garciavarona.com\\\/wp-content\\\/uploads\\\/2022\\\/06\\\/logoGarciaVarona.svg\",\"width\":1020,\"height\":200,\"caption\":\"Maderas Garcia Varona\"},\"image\":{\"@id\":\"https:\\\/\\\/www.garciavarona.com\\\/en\\\/#\\\/schema\\\/logo\\\/image\\\/\"},\"sameAs\":[\"https:\\\/\\\/www.facebook.com\\\/maderasgarciavaronagrupo\",\"https:\\\/\\\/x.com\\\/maderasvaronars\",\"https:\\\/\\\/www.instagram.com\\\/maderasgarciavarona\\\/\",\"https:\\\/\\\/www.linkedin.com\\\/company\\\/maderas-garcia-varona\\\/\",\"https:\\\/\\\/www.youtube.com\\\/channel\\\/UCGUEME06N_h66pB2coJC83w\\\/featured\"]}]}<\/script>\n<!-- \/ Yoast SEO plugin. -->","yoast_head_json":{"title":"Le\u00f1a de roble seca KD en saca de 90x90x90 cm | Maderas Garcia Varona","description":"Le\u00f1a de roble seca en sacas de 90x90x90 cm. Recomendada para el inicio del fuego. F\u00e1cil manipulaci\u00f3n.\u00a0Almacenaje limpio, ordenado\u00a0 y comodo.","robots":{"index":"index","follow":"follow","max-snippet":"max-snippet:-1","max-image-preview":"max-image-preview:large","max-video-preview":"max-video-preview:-1"},"canonical":"https:\/\/www.garciavarona.com\/en\/producto\/lena-de-roble-seca-en-sacas\/","og_locale":"en_US","og_type":"article","og_title":"Le\u00f1a de roble seca KD en saca de 90x90x90 cm | Maderas Garcia Varona","og_description":"Le\u00f1a de roble seca en sacas de 90x90x90 cm. Recomendada para el inicio del fuego. F\u00e1cil manipulaci\u00f3n.\u00a0Almacenaje limpio, ordenado\u00a0 y comodo.","og_url":"https:\/\/www.garciavarona.com\/en\/producto\/lena-de-roble-seca-en-sacas\/","og_site_name":"Maderas Garcia Varona","article_publisher":"https:\/\/www.facebook.com\/maderasgarciavaronagrupo","article_modified_time":"2026-03-23T07:22:44+00:00","og_image":[{"width":500,"height":500,"url":"https:\/\/www.garciavarona.com\/wp-content\/uploads\/2018\/05\/112-Lena-de-roble-KD-en-saca-de-90x90x90-cm.jpg","type":"image\/jpeg"}],"twitter_card":"summary_large_image","twitter_site":"@maderasvaronars","twitter_misc":{"Est. reading time":"1 minute"},"schema":{"@context":"https:\/\/schema.org","@graph":[{"@type":["WebPage","ItemPage"],"@id":"https:\/\/www.garciavarona.com\/en\/producto\/lena-de-roble-seca-en-sacas\/","url":"https:\/\/www.garciavarona.com\/en\/producto\/lena-de-roble-seca-en-sacas\/","name":"Le\u00f1a de roble seca KD en saca de 90x90x90 cm | Maderas Garcia Varona","isPartOf":{"@id":"https:\/\/www.garciavarona.com\/en\/#website"},"primaryImageOfPage":{"@id":"https:\/\/www.garciavarona.com\/en\/producto\/lena-de-roble-seca-en-sacas\/#primaryimage"},"image":{"@id":"https:\/\/www.garciavarona.com\/en\/producto\/lena-de-roble-seca-en-sacas\/#primaryimage"},"thumbnailUrl":"https:\/\/www.garciavarona.com\/wp-content\/uploads\/2018\/05\/112-Lena-de-roble-KD-en-saca-de-90x90x90-cm.jpg","datePublished":"2018-05-21T12:54:23+00:00","dateModified":"2026-03-23T07:22:44+00:00","description":"Le\u00f1a de roble seca en sacas de 90x90x90 cm. Recomendada para el inicio del fuego. F\u00e1cil manipulaci\u00f3n.\u00a0Almacenaje limpio, ordenado\u00a0 y comodo.","breadcrumb":{"@id":"https:\/\/www.garciavarona.com\/en\/producto\/lena-de-roble-seca-en-sacas\/#breadcrumb"},"inLanguage":"en-US","potentialAction":[{"@type":"ReadAction","target":["https:\/\/www.garciavarona.com\/en\/producto\/lena-de-roble-seca-en-sacas\/"]}]},{"@type":"ImageObject","inLanguage":"en-US","@id":"https:\/\/www.garciavarona.com\/en\/producto\/lena-de-roble-seca-en-sacas\/#primaryimage","url":"https:\/\/www.garciavarona.com\/wp-content\/uploads\/2018\/05\/112-Lena-de-roble-KD-en-saca-de-90x90x90-cm.jpg","contentUrl":"https:\/\/www.garciavarona.com\/wp-content\/uploads\/2018\/05\/112-Lena-de-roble-KD-en-saca-de-90x90x90-cm.jpg","width":500,"height":500,"caption":"Le\u00f1a de roble KD en saca de 90x90x90 cm."},{"@type":"BreadcrumbList","@id":"https:\/\/www.garciavarona.com\/en\/producto\/lena-de-roble-seca-en-sacas\/#breadcrumb","itemListElement":[{"@type":"ListItem","position":1,"name":"Portada","item":"https:\/\/www.garciavarona.com\/en\/"},{"@type":"ListItem","position":2,"name":"Tienda Maderas Garc\u00eda Varona","item":"https:\/\/www.garciavarona.com\/tienda\/"},{"@type":"ListItem","position":3,"name":"Le\u00f1a de roble seca KD en saca de 90x90x90 cm"}]},{"@type":"WebSite","@id":"https:\/\/www.garciavarona.com\/en\/#website","url":"https:\/\/www.garciavarona.com\/en\/","name":"Maderas Garcia Varona","description":"Fabrica y Aserradero de Madera. Expertos en Madera","publisher":{"@id":"https:\/\/www.garciavarona.com\/en\/#organization"},"potentialAction":[{"@type":"SearchAction","target":{"@type":"EntryPoint","urlTemplate":"https:\/\/www.garciavarona.com\/en\/?s={search_term_string}"},"query-input":{"@type":"PropertyValueSpecification","valueRequired":true,"valueName":"search_term_string"}}],"inLanguage":"en-US"},{"@type":"Organization","@id":"https:\/\/www.garciavarona.com\/en\/#organization","name":"Maderas Garcia Varona","url":"https:\/\/www.garciavarona.com\/en\/","logo":{"@type":"ImageObject","inLanguage":"en-US","@id":"https:\/\/www.garciavarona.com\/en\/#\/schema\/logo\/image\/","url":"https:\/\/www.garciavarona.com\/wp-content\/uploads\/2022\/06\/logoGarciaVarona.svg","contentUrl":"https:\/\/www.garciavarona.com\/wp-content\/uploads\/2022\/06\/logoGarciaVarona.svg","width":1020,"height":200,"caption":"Maderas Garcia Varona"},"image":{"@id":"https:\/\/www.garciavarona.com\/en\/#\/schema\/logo\/image\/"},"sameAs":["https:\/\/www.facebook.com\/maderasgarciavaronagrupo","https:\/\/x.com\/maderasvaronars","https:\/\/www.instagram.com\/maderasgarciavarona\/","https:\/\/www.linkedin.com\/company\/maderas-garcia-varona\/","https:\/\/www.youtube.com\/channel\/UCGUEME06N_h66pB2coJC83w\/featured"]}]}},"_links":{"self":[{"href":"https:\/\/www.garciavarona.com\/en\/wp-json\/wp\/v2\/product\/11142","targetHints":{"allow":["GET"]}}],"collection":[{"href":"https:\/\/www.garciavarona.com\/en\/wp-json\/wp\/v2\/product"}],"about":[{"href":"https:\/\/www.garciavarona.com\/en\/wp-json\/wp\/v2\/types\/product"}],"version-history":[{"count":3,"href":"https:\/\/www.garciavarona.com\/en\/wp-json\/wp\/v2\/product\/11142\/revisions"}],"predecessor-version":[{"id":22854,"href":"https:\/\/www.garciavarona.com\/en\/wp-json\/wp\/v2\/product\/11142\/revisions\/22854"}],"wp:featuredmedia":[{"embeddable":true,"href":"https:\/\/www.garciavarona.com\/en\/wp-json\/wp\/v2\/media\/11139"}],"wp:attachment":[{"href":"https:\/\/www.garciavarona.com\/en\/wp-json\/wp\/v2\/media?parent=11142"}],"wp:term":[{"taxonomy":"product_brand","embeddable":true,"href":"https:\/\/www.garciavarona.com\/en\/wp-json\/wp\/v2\/product_brand?post=11142"},{"taxonomy":"product_cat","embeddable":true,"href":"https:\/\/www.garciavarona.com\/en\/wp-json\/wp\/v2\/product_cat?post=11142"},{"taxonomy":"product_tag","embeddable":true,"href":"https:\/\/www.garciavarona.com\/en\/wp-json\/wp\/v2\/product_tag?post=11142"}],"curies":[{"name":"wp","href":"https:\/\/api.w.org\/{rel}","templated":true}]}}