{"id":11151,"date":"2018-05-22T13:02:26","date_gmt":"2018-05-22T13:02:26","guid":{"rendered":"https:\/\/pruebas.garciavarona.com\/producto\/lena-de-roble-en-sacos-de-10-kilos\/"},"modified":"2026-03-23T08:21:33","modified_gmt":"2026-03-23T07:21:33","slug":"lena-de-roble-en-sacos-de-10-kilos","status":"publish","type":"product","link":"https:\/\/www.garciavarona.com\/en\/producto\/lena-de-roble-en-sacos-de-10-kilos\/","title":{"rendered":"Le\u00f1a de roble en sacos de 10 kilos"},"content":{"rendered":"<h2>Le\u00f1a de roble en sacos de 10 kg<\/h2>\n<p><strong>Le\u00f1a de roble en sacos de 10 kilos<\/strong>. Saco de astillas para encendido de fuego. Le\u00f1a de roble seca para barbacoas. Saco de le\u00f1a de roble seca al 12%, suministrado en peque\u00f1o tama\u00f1o que facilita su uso y almacenaje. Saco formado por recortes de tabla o tarima seca de aproximadamente 10 kilos. Perfecto para iniciar el fuego. CONSULTAR stock y precio a partir de 6 palets (72 sacos\/palet).<\/p>\n<p>La opci\u00f3n m\u00e1s ecol\u00f3gica para calentarse al utilizar madera resultante de la producci\u00f3n de madera aserrada. La <strong>le\u00f1a para encendido de fuego<\/strong> tambi\u00e9n es conocida como <strong>astillas de madera<\/strong>, y se trata de trozos de madera seca para iniciar fuego. Es le\u00f1a partida en trozos de madera es 100% roble procedente de la optimizaci\u00f3n de todo el proceso productivo del tronco de roble en el aserradero. Suministro limitado, precios sin competencia.<\/p>\n<p>\u00a1Enciende tu fuego con facilidad y eficiencia con nuestro saco de le\u00f1a de roble seca, dise\u00f1ado especialmente para el inicio de fuego! Este saco de 10 kilos de le\u00f1a de roble seca te proporciona la soluci\u00f3n perfecta para asegurar un encendido r\u00e1pido de tu chimenea o barbacoa. Nuestra le\u00f1a de roble est\u00e1 seca al punto \u00f3ptimo de humedad, lo que garantiza un encendido f\u00e1cil y una combusti\u00f3n eficiente. Olv\u00eddate de los problemas de encender el fuego, con nuestra le\u00f1a seca tendr\u00e1s una experiencia sin complicaciones.<\/p>\n<p>Nuestro saco de le\u00f1a de roble seca viene en un pr\u00e1ctico formato de 10 kilos, lo que te proporciona la cantidad perfecta para m\u00faltiples usos. Es f\u00e1cil de manejar y almacenar, y puedes llevarlo a cualquier lugar donde necesites encender fuego de manera r\u00e1pida y efectiva.<\/p>\n<p>Toda nuestra madera procede de <a href=\"https:\/\/www.garciavarona.com\/que-es-un-bosque-gestionado-de-forma-sostenible\/\" target=\"_blank\" rel=\"noopener\">bosques autosostenibles<\/a>. \u00a1\u00a1Consumir le\u00f1a es cuidar el monte!!<\/p>\n","protected":false},"excerpt":{"rendered":"<p>Saco de astillas para encendido de fuego. Le\u00f1a de roble seca para barbacoas.<\/p>\n","protected":false},"featured_media":11149,"template":"","meta":[],"product_brand":[],"product_cat":[753,765],"product_tag":[1538,1537,1514,1525,1090,1524,1523,1520,1536],"class_list":{"0":"post-11151","1":"product","2":"type-product","3":"status-publish","4":"has-post-thumbnail","6":"product_cat-bioenergia","7":"product_cat-lena-de-roble","8":"product_tag-astillas-de-encendido","9":"product_tag-astillas-para-fuego","10":"product_tag-lena","11":"product_tag-lena-10-kg","12":"product_tag-lena-de-roble","13":"product_tag-lena-para-barbacoa","14":"product_tag-lena-para-inicio-de-fuego","15":"product_tag-lena-seca","16":"product_tag-saco-de-astillas","17":"pa_cantidad-1-saco","18":"pa_cantidad-1-palet","19":"pa_marcas-bioenergia-gv","21":"first","22":"instock","23":"taxable","24":"shipping-taxable","25":"purchasable","26":"product-type-variable"},"yoast_head":"<!-- This site is optimized with the Yoast SEO plugin v27.3 - https:\/\/yoast.com\/product\/yoast-seo-wordpress\/ -->\n<title>Le\u00f1a de roble en sacos de 10 kilos seca para encendido de fuego<\/title>\n<meta name=\"description\" content=\"Le\u00f1a de roble en sacos de 10 kilos seca. Astillas para inicio de fuego o barbacoas. Recortes de tabla de roble seco de f\u00e1cil manipulaci\u00f3n y almacenaje.\" \/>\n<meta name=\"robots\" content=\"index, follow, max-snippet:-1, max-image-preview:large, max-video-preview:-1\" \/>\n<link rel=\"canonical\" href=\"https:\/\/www.garciavarona.com\/en\/producto\/lena-de-roble-en-sacos-de-10-kilos\/\" \/>\n<meta property=\"og:locale\" content=\"en_US\" \/>\n<meta property=\"og:type\" content=\"article\" \/>\n<meta property=\"og:title\" content=\"Le\u00f1a de roble en sacos de 10 kilos seca para encendido de fuego\" \/>\n<meta property=\"og:description\" content=\"Le\u00f1a de roble en sacos de 10 kilos seca. Astillas para inicio de fuego o barbacoas. Recortes de tabla de roble seco de f\u00e1cil manipulaci\u00f3n y almacenaje.\" \/>\n<meta property=\"og:url\" content=\"https:\/\/www.garciavarona.com\/en\/producto\/lena-de-roble-en-sacos-de-10-kilos\/\" \/>\n<meta property=\"og:site_name\" content=\"Maderas Garcia Varona\" \/>\n<meta property=\"article:publisher\" content=\"https:\/\/www.facebook.com\/maderasgarciavaronagrupo\" \/>\n<meta property=\"article:modified_time\" content=\"2026-03-23T07:21:33+00:00\" \/>\n<meta property=\"og:image\" content=\"https:\/\/www.garciavarona.com\/wp-content\/uploads\/2018\/05\/1729-Lena-de-roble-seca-en-sacos-de-10-kilos.jpg\" \/>\n\t<meta property=\"og:image:width\" content=\"525\" \/>\n\t<meta property=\"og:image:height\" content=\"525\" \/>\n\t<meta property=\"og:image:type\" content=\"image\/jpeg\" \/>\n<meta name=\"twitter:card\" content=\"summary_large_image\" \/>\n<meta name=\"twitter:site\" content=\"@maderasvaronars\" \/>\n<meta name=\"twitter:label1\" content=\"Est. reading time\" \/>\n\t<meta name=\"twitter:data1\" content=\"2 minutes\" \/>\n<script type=\"application\/ld+json\" class=\"yoast-schema-graph\">{\"@context\":\"https:\\\/\\\/schema.org\",\"@graph\":[{\"@type\":[\"WebPage\",\"ItemPage\"],\"@id\":\"https:\\\/\\\/www.garciavarona.com\\\/en\\\/producto\\\/lena-de-roble-en-sacos-de-10-kilos\\\/\",\"url\":\"https:\\\/\\\/www.garciavarona.com\\\/en\\\/producto\\\/lena-de-roble-en-sacos-de-10-kilos\\\/\",\"name\":\"Le\u00f1a de roble en sacos de 10 kilos seca para encendido de fuego\",\"isPartOf\":{\"@id\":\"https:\\\/\\\/www.garciavarona.com\\\/en\\\/#website\"},\"primaryImageOfPage\":{\"@id\":\"https:\\\/\\\/www.garciavarona.com\\\/en\\\/producto\\\/lena-de-roble-en-sacos-de-10-kilos\\\/#primaryimage\"},\"image\":{\"@id\":\"https:\\\/\\\/www.garciavarona.com\\\/en\\\/producto\\\/lena-de-roble-en-sacos-de-10-kilos\\\/#primaryimage\"},\"thumbnailUrl\":\"https:\\\/\\\/www.garciavarona.com\\\/wp-content\\\/uploads\\\/2018\\\/05\\\/1729-Lena-de-roble-seca-en-sacos-de-10-kilos.jpg\",\"datePublished\":\"2018-05-22T13:02:26+00:00\",\"dateModified\":\"2026-03-23T07:21:33+00:00\",\"description\":\"Le\u00f1a de roble en sacos de 10 kilos seca. Astillas para inicio de fuego o barbacoas. Recortes de tabla de roble seco de f\u00e1cil manipulaci\u00f3n y almacenaje.\",\"breadcrumb\":{\"@id\":\"https:\\\/\\\/www.garciavarona.com\\\/en\\\/producto\\\/lena-de-roble-en-sacos-de-10-kilos\\\/#breadcrumb\"},\"inLanguage\":\"en-US\",\"potentialAction\":[{\"@type\":\"ReadAction\",\"target\":[\"https:\\\/\\\/www.garciavarona.com\\\/en\\\/producto\\\/lena-de-roble-en-sacos-de-10-kilos\\\/\"]}]},{\"@type\":\"ImageObject\",\"inLanguage\":\"en-US\",\"@id\":\"https:\\\/\\\/www.garciavarona.com\\\/en\\\/producto\\\/lena-de-roble-en-sacos-de-10-kilos\\\/#primaryimage\",\"url\":\"https:\\\/\\\/www.garciavarona.com\\\/wp-content\\\/uploads\\\/2018\\\/05\\\/1729-Lena-de-roble-seca-en-sacos-de-10-kilos.jpg\",\"contentUrl\":\"https:\\\/\\\/www.garciavarona.com\\\/wp-content\\\/uploads\\\/2018\\\/05\\\/1729-Lena-de-roble-seca-en-sacos-de-10-kilos.jpg\",\"width\":525,\"height\":525,\"caption\":\"Le\u00f1a de roble seca en sacos de 10 kilos\"},{\"@type\":\"BreadcrumbList\",\"@id\":\"https:\\\/\\\/www.garciavarona.com\\\/en\\\/producto\\\/lena-de-roble-en-sacos-de-10-kilos\\\/#breadcrumb\",\"itemListElement\":[{\"@type\":\"ListItem\",\"position\":1,\"name\":\"Portada\",\"item\":\"https:\\\/\\\/www.garciavarona.com\\\/en\\\/\"},{\"@type\":\"ListItem\",\"position\":2,\"name\":\"Tienda Maderas Garc\u00eda Varona\",\"item\":\"https:\\\/\\\/www.garciavarona.com\\\/tienda\\\/\"},{\"@type\":\"ListItem\",\"position\":3,\"name\":\"Le\u00f1a de roble en sacos de 10 kilos\"}]},{\"@type\":\"WebSite\",\"@id\":\"https:\\\/\\\/www.garciavarona.com\\\/en\\\/#website\",\"url\":\"https:\\\/\\\/www.garciavarona.com\\\/en\\\/\",\"name\":\"Maderas Garcia Varona\",\"description\":\"Fabrica y Aserradero de Madera. Expertos en Madera\",\"publisher\":{\"@id\":\"https:\\\/\\\/www.garciavarona.com\\\/en\\\/#organization\"},\"potentialAction\":[{\"@type\":\"SearchAction\",\"target\":{\"@type\":\"EntryPoint\",\"urlTemplate\":\"https:\\\/\\\/www.garciavarona.com\\\/en\\\/?s={search_term_string}\"},\"query-input\":{\"@type\":\"PropertyValueSpecification\",\"valueRequired\":true,\"valueName\":\"search_term_string\"}}],\"inLanguage\":\"en-US\"},{\"@type\":\"Organization\",\"@id\":\"https:\\\/\\\/www.garciavarona.com\\\/en\\\/#organization\",\"name\":\"Maderas Garcia Varona\",\"url\":\"https:\\\/\\\/www.garciavarona.com\\\/en\\\/\",\"logo\":{\"@type\":\"ImageObject\",\"inLanguage\":\"en-US\",\"@id\":\"https:\\\/\\\/www.garciavarona.com\\\/en\\\/#\\\/schema\\\/logo\\\/image\\\/\",\"url\":\"https:\\\/\\\/www.garciavarona.com\\\/wp-content\\\/uploads\\\/2022\\\/06\\\/logoGarciaVarona.svg\",\"contentUrl\":\"https:\\\/\\\/www.garciavarona.com\\\/wp-content\\\/uploads\\\/2022\\\/06\\\/logoGarciaVarona.svg\",\"width\":1020,\"height\":200,\"caption\":\"Maderas Garcia Varona\"},\"image\":{\"@id\":\"https:\\\/\\\/www.garciavarona.com\\\/en\\\/#\\\/schema\\\/logo\\\/image\\\/\"},\"sameAs\":[\"https:\\\/\\\/www.facebook.com\\\/maderasgarciavaronagrupo\",\"https:\\\/\\\/x.com\\\/maderasvaronars\",\"https:\\\/\\\/www.instagram.com\\\/maderasgarciavarona\\\/\",\"https:\\\/\\\/www.linkedin.com\\\/company\\\/maderas-garcia-varona\\\/\",\"https:\\\/\\\/www.youtube.com\\\/channel\\\/UCGUEME06N_h66pB2coJC83w\\\/featured\"]}]}<\/script>\n<!-- \/ Yoast SEO plugin. -->","yoast_head_json":{"title":"Le\u00f1a de roble en sacos de 10 kilos seca para encendido de fuego","description":"Le\u00f1a de roble en sacos de 10 kilos seca. Astillas para inicio de fuego o barbacoas. Recortes de tabla de roble seco de f\u00e1cil manipulaci\u00f3n y almacenaje.","robots":{"index":"index","follow":"follow","max-snippet":"max-snippet:-1","max-image-preview":"max-image-preview:large","max-video-preview":"max-video-preview:-1"},"canonical":"https:\/\/www.garciavarona.com\/en\/producto\/lena-de-roble-en-sacos-de-10-kilos\/","og_locale":"en_US","og_type":"article","og_title":"Le\u00f1a de roble en sacos de 10 kilos seca para encendido de fuego","og_description":"Le\u00f1a de roble en sacos de 10 kilos seca. Astillas para inicio de fuego o barbacoas. Recortes de tabla de roble seco de f\u00e1cil manipulaci\u00f3n y almacenaje.","og_url":"https:\/\/www.garciavarona.com\/en\/producto\/lena-de-roble-en-sacos-de-10-kilos\/","og_site_name":"Maderas Garcia Varona","article_publisher":"https:\/\/www.facebook.com\/maderasgarciavaronagrupo","article_modified_time":"2026-03-23T07:21:33+00:00","og_image":[{"width":525,"height":525,"url":"https:\/\/www.garciavarona.com\/wp-content\/uploads\/2018\/05\/1729-Lena-de-roble-seca-en-sacos-de-10-kilos.jpg","type":"image\/jpeg"}],"twitter_card":"summary_large_image","twitter_site":"@maderasvaronars","twitter_misc":{"Est. reading time":"2 minutes"},"schema":{"@context":"https:\/\/schema.org","@graph":[{"@type":["WebPage","ItemPage"],"@id":"https:\/\/www.garciavarona.com\/en\/producto\/lena-de-roble-en-sacos-de-10-kilos\/","url":"https:\/\/www.garciavarona.com\/en\/producto\/lena-de-roble-en-sacos-de-10-kilos\/","name":"Le\u00f1a de roble en sacos de 10 kilos seca para encendido de fuego","isPartOf":{"@id":"https:\/\/www.garciavarona.com\/en\/#website"},"primaryImageOfPage":{"@id":"https:\/\/www.garciavarona.com\/en\/producto\/lena-de-roble-en-sacos-de-10-kilos\/#primaryimage"},"image":{"@id":"https:\/\/www.garciavarona.com\/en\/producto\/lena-de-roble-en-sacos-de-10-kilos\/#primaryimage"},"thumbnailUrl":"https:\/\/www.garciavarona.com\/wp-content\/uploads\/2018\/05\/1729-Lena-de-roble-seca-en-sacos-de-10-kilos.jpg","datePublished":"2018-05-22T13:02:26+00:00","dateModified":"2026-03-23T07:21:33+00:00","description":"Le\u00f1a de roble en sacos de 10 kilos seca. Astillas para inicio de fuego o barbacoas. Recortes de tabla de roble seco de f\u00e1cil manipulaci\u00f3n y almacenaje.","breadcrumb":{"@id":"https:\/\/www.garciavarona.com\/en\/producto\/lena-de-roble-en-sacos-de-10-kilos\/#breadcrumb"},"inLanguage":"en-US","potentialAction":[{"@type":"ReadAction","target":["https:\/\/www.garciavarona.com\/en\/producto\/lena-de-roble-en-sacos-de-10-kilos\/"]}]},{"@type":"ImageObject","inLanguage":"en-US","@id":"https:\/\/www.garciavarona.com\/en\/producto\/lena-de-roble-en-sacos-de-10-kilos\/#primaryimage","url":"https:\/\/www.garciavarona.com\/wp-content\/uploads\/2018\/05\/1729-Lena-de-roble-seca-en-sacos-de-10-kilos.jpg","contentUrl":"https:\/\/www.garciavarona.com\/wp-content\/uploads\/2018\/05\/1729-Lena-de-roble-seca-en-sacos-de-10-kilos.jpg","width":525,"height":525,"caption":"Le\u00f1a de roble seca en sacos de 10 kilos"},{"@type":"BreadcrumbList","@id":"https:\/\/www.garciavarona.com\/en\/producto\/lena-de-roble-en-sacos-de-10-kilos\/#breadcrumb","itemListElement":[{"@type":"ListItem","position":1,"name":"Portada","item":"https:\/\/www.garciavarona.com\/en\/"},{"@type":"ListItem","position":2,"name":"Tienda Maderas Garc\u00eda Varona","item":"https:\/\/www.garciavarona.com\/tienda\/"},{"@type":"ListItem","position":3,"name":"Le\u00f1a de roble en sacos de 10 kilos"}]},{"@type":"WebSite","@id":"https:\/\/www.garciavarona.com\/en\/#website","url":"https:\/\/www.garciavarona.com\/en\/","name":"Maderas Garcia Varona","description":"Fabrica y Aserradero de Madera. Expertos en Madera","publisher":{"@id":"https:\/\/www.garciavarona.com\/en\/#organization"},"potentialAction":[{"@type":"SearchAction","target":{"@type":"EntryPoint","urlTemplate":"https:\/\/www.garciavarona.com\/en\/?s={search_term_string}"},"query-input":{"@type":"PropertyValueSpecification","valueRequired":true,"valueName":"search_term_string"}}],"inLanguage":"en-US"},{"@type":"Organization","@id":"https:\/\/www.garciavarona.com\/en\/#organization","name":"Maderas Garcia Varona","url":"https:\/\/www.garciavarona.com\/en\/","logo":{"@type":"ImageObject","inLanguage":"en-US","@id":"https:\/\/www.garciavarona.com\/en\/#\/schema\/logo\/image\/","url":"https:\/\/www.garciavarona.com\/wp-content\/uploads\/2022\/06\/logoGarciaVarona.svg","contentUrl":"https:\/\/www.garciavarona.com\/wp-content\/uploads\/2022\/06\/logoGarciaVarona.svg","width":1020,"height":200,"caption":"Maderas Garcia Varona"},"image":{"@id":"https:\/\/www.garciavarona.com\/en\/#\/schema\/logo\/image\/"},"sameAs":["https:\/\/www.facebook.com\/maderasgarciavaronagrupo","https:\/\/x.com\/maderasvaronars","https:\/\/www.instagram.com\/maderasgarciavarona\/","https:\/\/www.linkedin.com\/company\/maderas-garcia-varona\/","https:\/\/www.youtube.com\/channel\/UCGUEME06N_h66pB2coJC83w\/featured"]}]}},"_links":{"self":[{"href":"https:\/\/www.garciavarona.com\/en\/wp-json\/wp\/v2\/product\/11151","targetHints":{"allow":["GET"]}}],"collection":[{"href":"https:\/\/www.garciavarona.com\/en\/wp-json\/wp\/v2\/product"}],"about":[{"href":"https:\/\/www.garciavarona.com\/en\/wp-json\/wp\/v2\/types\/product"}],"version-history":[{"count":6,"href":"https:\/\/www.garciavarona.com\/en\/wp-json\/wp\/v2\/product\/11151\/revisions"}],"predecessor-version":[{"id":21995,"href":"https:\/\/www.garciavarona.com\/en\/wp-json\/wp\/v2\/product\/11151\/revisions\/21995"}],"wp:featuredmedia":[{"embeddable":true,"href":"https:\/\/www.garciavarona.com\/en\/wp-json\/wp\/v2\/media\/11149"}],"wp:attachment":[{"href":"https:\/\/www.garciavarona.com\/en\/wp-json\/wp\/v2\/media?parent=11151"}],"wp:term":[{"taxonomy":"product_brand","embeddable":true,"href":"https:\/\/www.garciavarona.com\/en\/wp-json\/wp\/v2\/product_brand?post=11151"},{"taxonomy":"product_cat","embeddable":true,"href":"https:\/\/www.garciavarona.com\/en\/wp-json\/wp\/v2\/product_cat?post=11151"},{"taxonomy":"product_tag","embeddable":true,"href":"https:\/\/www.garciavarona.com\/en\/wp-json\/wp\/v2\/product_tag?post=11151"}],"curies":[{"name":"wp","href":"https:\/\/api.w.org\/{rel}","templated":true}]}}