{"id":11165,"date":"2018-07-17T11:54:45","date_gmt":"2018-07-17T11:54:45","guid":{"rendered":"https:\/\/pruebas.garciavarona.com\/producto\/serrin-de-madera\/"},"modified":"2024-11-14T11:45:51","modified_gmt":"2024-11-14T11:45:51","slug":"serrin-de-madera","status":"publish","type":"product","link":"https:\/\/www.garciavarona.com\/en\/producto\/serrin-de-madera\/","title":{"rendered":"Serr\u00edn de madera"},"content":{"rendered":"<h2>Serr\u00edn de madera<\/h2>\n<p>Venta de serr\u00edn verde. Grado de humedad aproximado 45%. Aserr\u00edn de 100% madera pura. Directo del aserradero. Precio por tonelada. Pedido m\u00ednimo: 23 toneladas (cargas completas). Especial para grandes consumidores. Venta a granel. Suministro continuo.<\/p>\n<p>El serr\u00edn es un producto ecol\u00f3gico proveniente del proceso de transformaci\u00f3n de la madera. Posee un gran poder de absorci\u00f3n lo que le confiere muy diversos usos. Adem\u00e1s este aserr\u00edn esta especialmente indicado para el uso en camas de animales, limpieza de suelos en bares, restaurantes y talleres, energ\u00eda para briguetas o pellets, etc.<\/p>\n<p>Serr\u00edn 100% natural y biodegradable, no contiene aditivos qu\u00edmicos nocivos para la salud. El serr\u00edn est\u00e1 formado por residuos de madera procedentes de la fabricaci\u00f3n de madera aserrada.<\/p>\n","protected":false},"excerpt":{"rendered":"<p>Serr\u00edn 100% madera pura. Directo del aserradero. Precio por tonelada. Pedido m\u00ednimo: 23 tn.<\/p>\n","protected":false},"featured_media":11164,"template":"","meta":[],"product_brand":[],"product_cat":[2075,753,775],"product_tag":[],"class_list":{"0":"post-11165","1":"product","2":"type-product","3":"status-publish","4":"has-post-thumbnail","6":"product_cat-producto-recogida-en-tienda","7":"product_cat-bioenergia","8":"product_cat-serrin-viruta","9":"product_shipping_class-recogida-local","10":"pa_marcas-bioenergia-gv","12":"first","13":"outofstock","14":"taxable","15":"shipping-taxable","16":"purchasable","17":"product-type-simple"},"yoast_head":"<!-- This site is optimized with the Yoast SEO plugin v27.3 - https:\/\/yoast.com\/product\/yoast-seo-wordpress\/ -->\n<title>Serr\u00edn de madera. Directo de aserradero. Gran poder de absorci\u00f3n.<\/title>\n<meta name=\"description\" content=\"Serr\u00edn de madera pura. Aserr\u00edn de madera para camas de animales, limpieza de suelos en bares, restaurantes y talleres, bioenerg\u00eda para briguetas y pellets.\" \/>\n<meta name=\"robots\" content=\"index, follow, max-snippet:-1, max-image-preview:large, max-video-preview:-1\" \/>\n<link rel=\"canonical\" href=\"https:\/\/www.garciavarona.com\/en\/producto\/serrin-de-madera\/\" \/>\n<meta property=\"og:locale\" content=\"en_US\" \/>\n<meta property=\"og:type\" content=\"article\" \/>\n<meta property=\"og:title\" content=\"Serr\u00edn de madera. Directo de aserradero. Gran poder de absorci\u00f3n.\" \/>\n<meta property=\"og:description\" content=\"Serr\u00edn de madera pura. Aserr\u00edn de madera para camas de animales, limpieza de suelos en bares, restaurantes y talleres, bioenerg\u00eda para briguetas y pellets.\" \/>\n<meta property=\"og:url\" content=\"https:\/\/www.garciavarona.com\/en\/producto\/serrin-de-madera\/\" \/>\n<meta property=\"og:site_name\" content=\"Maderas Garcia Varona\" \/>\n<meta property=\"article:publisher\" content=\"https:\/\/www.facebook.com\/maderasgarciavaronagrupo\" \/>\n<meta property=\"article:modified_time\" content=\"2024-11-14T11:45:51+00:00\" \/>\n<meta property=\"og:image\" content=\"https:\/\/www.garciavarona.com\/wp-content\/uploads\/2018\/07\/131-Serrin-de-madera.jpg\" \/>\n\t<meta property=\"og:image:width\" content=\"500\" \/>\n\t<meta property=\"og:image:height\" content=\"500\" \/>\n\t<meta property=\"og:image:type\" content=\"image\/jpeg\" \/>\n<meta name=\"twitter:card\" content=\"summary_large_image\" \/>\n<meta name=\"twitter:site\" content=\"@maderasvaronars\" \/>\n<meta name=\"twitter:label1\" content=\"Est. reading time\" \/>\n\t<meta name=\"twitter:data1\" content=\"1 minute\" \/>\n<script type=\"application\/ld+json\" class=\"yoast-schema-graph\">{\"@context\":\"https:\\\/\\\/schema.org\",\"@graph\":[{\"@type\":[\"WebPage\",\"ItemPage\"],\"@id\":\"https:\\\/\\\/www.garciavarona.com\\\/en\\\/producto\\\/serrin-de-madera\\\/\",\"url\":\"https:\\\/\\\/www.garciavarona.com\\\/en\\\/producto\\\/serrin-de-madera\\\/\",\"name\":\"Serr\u00edn de madera. Directo de aserradero. Gran poder de absorci\u00f3n.\",\"isPartOf\":{\"@id\":\"https:\\\/\\\/www.garciavarona.com\\\/en\\\/#website\"},\"primaryImageOfPage\":{\"@id\":\"https:\\\/\\\/www.garciavarona.com\\\/en\\\/producto\\\/serrin-de-madera\\\/#primaryimage\"},\"image\":{\"@id\":\"https:\\\/\\\/www.garciavarona.com\\\/en\\\/producto\\\/serrin-de-madera\\\/#primaryimage\"},\"thumbnailUrl\":\"https:\\\/\\\/www.garciavarona.com\\\/wp-content\\\/uploads\\\/2018\\\/07\\\/131-Serrin-de-madera.jpg\",\"datePublished\":\"2018-07-17T11:54:45+00:00\",\"dateModified\":\"2024-11-14T11:45:51+00:00\",\"description\":\"Serr\u00edn de madera pura. Aserr\u00edn de madera para camas de animales, limpieza de suelos en bares, restaurantes y talleres, bioenerg\u00eda para briguetas y pellets.\",\"breadcrumb\":{\"@id\":\"https:\\\/\\\/www.garciavarona.com\\\/en\\\/producto\\\/serrin-de-madera\\\/#breadcrumb\"},\"inLanguage\":\"en-US\",\"potentialAction\":[{\"@type\":\"ReadAction\",\"target\":[\"https:\\\/\\\/www.garciavarona.com\\\/en\\\/producto\\\/serrin-de-madera\\\/\"]}]},{\"@type\":\"ImageObject\",\"inLanguage\":\"en-US\",\"@id\":\"https:\\\/\\\/www.garciavarona.com\\\/en\\\/producto\\\/serrin-de-madera\\\/#primaryimage\",\"url\":\"https:\\\/\\\/www.garciavarona.com\\\/wp-content\\\/uploads\\\/2018\\\/07\\\/131-Serrin-de-madera.jpg\",\"contentUrl\":\"https:\\\/\\\/www.garciavarona.com\\\/wp-content\\\/uploads\\\/2018\\\/07\\\/131-Serrin-de-madera.jpg\",\"width\":500,\"height\":500,\"caption\":\"Serr\u00edn de madera\"},{\"@type\":\"BreadcrumbList\",\"@id\":\"https:\\\/\\\/www.garciavarona.com\\\/en\\\/producto\\\/serrin-de-madera\\\/#breadcrumb\",\"itemListElement\":[{\"@type\":\"ListItem\",\"position\":1,\"name\":\"Portada\",\"item\":\"https:\\\/\\\/www.garciavarona.com\\\/en\\\/\"},{\"@type\":\"ListItem\",\"position\":2,\"name\":\"Tienda Maderas Garc\u00eda Varona\",\"item\":\"https:\\\/\\\/www.garciavarona.com\\\/tienda\\\/\"},{\"@type\":\"ListItem\",\"position\":3,\"name\":\"Serr\u00edn de madera\"}]},{\"@type\":\"WebSite\",\"@id\":\"https:\\\/\\\/www.garciavarona.com\\\/en\\\/#website\",\"url\":\"https:\\\/\\\/www.garciavarona.com\\\/en\\\/\",\"name\":\"Maderas Garcia Varona\",\"description\":\"Fabrica y Aserradero de Madera. Expertos en Madera\",\"publisher\":{\"@id\":\"https:\\\/\\\/www.garciavarona.com\\\/en\\\/#organization\"},\"potentialAction\":[{\"@type\":\"SearchAction\",\"target\":{\"@type\":\"EntryPoint\",\"urlTemplate\":\"https:\\\/\\\/www.garciavarona.com\\\/en\\\/?s={search_term_string}\"},\"query-input\":{\"@type\":\"PropertyValueSpecification\",\"valueRequired\":true,\"valueName\":\"search_term_string\"}}],\"inLanguage\":\"en-US\"},{\"@type\":\"Organization\",\"@id\":\"https:\\\/\\\/www.garciavarona.com\\\/en\\\/#organization\",\"name\":\"Maderas Garcia Varona\",\"url\":\"https:\\\/\\\/www.garciavarona.com\\\/en\\\/\",\"logo\":{\"@type\":\"ImageObject\",\"inLanguage\":\"en-US\",\"@id\":\"https:\\\/\\\/www.garciavarona.com\\\/en\\\/#\\\/schema\\\/logo\\\/image\\\/\",\"url\":\"https:\\\/\\\/www.garciavarona.com\\\/wp-content\\\/uploads\\\/2022\\\/06\\\/logoGarciaVarona.svg\",\"contentUrl\":\"https:\\\/\\\/www.garciavarona.com\\\/wp-content\\\/uploads\\\/2022\\\/06\\\/logoGarciaVarona.svg\",\"width\":1020,\"height\":200,\"caption\":\"Maderas Garcia Varona\"},\"image\":{\"@id\":\"https:\\\/\\\/www.garciavarona.com\\\/en\\\/#\\\/schema\\\/logo\\\/image\\\/\"},\"sameAs\":[\"https:\\\/\\\/www.facebook.com\\\/maderasgarciavaronagrupo\",\"https:\\\/\\\/x.com\\\/maderasvaronars\",\"https:\\\/\\\/www.instagram.com\\\/maderasgarciavarona\\\/\",\"https:\\\/\\\/www.linkedin.com\\\/company\\\/maderas-garcia-varona\\\/\",\"https:\\\/\\\/www.youtube.com\\\/channel\\\/UCGUEME06N_h66pB2coJC83w\\\/featured\"]}]}<\/script>\n<!-- \/ Yoast SEO plugin. -->","yoast_head_json":{"title":"Serr\u00edn de madera. Directo de aserradero. Gran poder de absorci\u00f3n.","description":"Serr\u00edn de madera pura. Aserr\u00edn de madera para camas de animales, limpieza de suelos en bares, restaurantes y talleres, bioenerg\u00eda para briguetas y pellets.","robots":{"index":"index","follow":"follow","max-snippet":"max-snippet:-1","max-image-preview":"max-image-preview:large","max-video-preview":"max-video-preview:-1"},"canonical":"https:\/\/www.garciavarona.com\/en\/producto\/serrin-de-madera\/","og_locale":"en_US","og_type":"article","og_title":"Serr\u00edn de madera. Directo de aserradero. Gran poder de absorci\u00f3n.","og_description":"Serr\u00edn de madera pura. Aserr\u00edn de madera para camas de animales, limpieza de suelos en bares, restaurantes y talleres, bioenerg\u00eda para briguetas y pellets.","og_url":"https:\/\/www.garciavarona.com\/en\/producto\/serrin-de-madera\/","og_site_name":"Maderas Garcia Varona","article_publisher":"https:\/\/www.facebook.com\/maderasgarciavaronagrupo","article_modified_time":"2024-11-14T11:45:51+00:00","og_image":[{"width":500,"height":500,"url":"https:\/\/www.garciavarona.com\/wp-content\/uploads\/2018\/07\/131-Serrin-de-madera.jpg","type":"image\/jpeg"}],"twitter_card":"summary_large_image","twitter_site":"@maderasvaronars","twitter_misc":{"Est. reading time":"1 minute"},"schema":{"@context":"https:\/\/schema.org","@graph":[{"@type":["WebPage","ItemPage"],"@id":"https:\/\/www.garciavarona.com\/en\/producto\/serrin-de-madera\/","url":"https:\/\/www.garciavarona.com\/en\/producto\/serrin-de-madera\/","name":"Serr\u00edn de madera. Directo de aserradero. Gran poder de absorci\u00f3n.","isPartOf":{"@id":"https:\/\/www.garciavarona.com\/en\/#website"},"primaryImageOfPage":{"@id":"https:\/\/www.garciavarona.com\/en\/producto\/serrin-de-madera\/#primaryimage"},"image":{"@id":"https:\/\/www.garciavarona.com\/en\/producto\/serrin-de-madera\/#primaryimage"},"thumbnailUrl":"https:\/\/www.garciavarona.com\/wp-content\/uploads\/2018\/07\/131-Serrin-de-madera.jpg","datePublished":"2018-07-17T11:54:45+00:00","dateModified":"2024-11-14T11:45:51+00:00","description":"Serr\u00edn de madera pura. Aserr\u00edn de madera para camas de animales, limpieza de suelos en bares, restaurantes y talleres, bioenerg\u00eda para briguetas y pellets.","breadcrumb":{"@id":"https:\/\/www.garciavarona.com\/en\/producto\/serrin-de-madera\/#breadcrumb"},"inLanguage":"en-US","potentialAction":[{"@type":"ReadAction","target":["https:\/\/www.garciavarona.com\/en\/producto\/serrin-de-madera\/"]}]},{"@type":"ImageObject","inLanguage":"en-US","@id":"https:\/\/www.garciavarona.com\/en\/producto\/serrin-de-madera\/#primaryimage","url":"https:\/\/www.garciavarona.com\/wp-content\/uploads\/2018\/07\/131-Serrin-de-madera.jpg","contentUrl":"https:\/\/www.garciavarona.com\/wp-content\/uploads\/2018\/07\/131-Serrin-de-madera.jpg","width":500,"height":500,"caption":"Serr\u00edn de madera"},{"@type":"BreadcrumbList","@id":"https:\/\/www.garciavarona.com\/en\/producto\/serrin-de-madera\/#breadcrumb","itemListElement":[{"@type":"ListItem","position":1,"name":"Portada","item":"https:\/\/www.garciavarona.com\/en\/"},{"@type":"ListItem","position":2,"name":"Tienda Maderas Garc\u00eda Varona","item":"https:\/\/www.garciavarona.com\/tienda\/"},{"@type":"ListItem","position":3,"name":"Serr\u00edn de madera"}]},{"@type":"WebSite","@id":"https:\/\/www.garciavarona.com\/en\/#website","url":"https:\/\/www.garciavarona.com\/en\/","name":"Maderas Garcia Varona","description":"Fabrica y Aserradero de Madera. Expertos en Madera","publisher":{"@id":"https:\/\/www.garciavarona.com\/en\/#organization"},"potentialAction":[{"@type":"SearchAction","target":{"@type":"EntryPoint","urlTemplate":"https:\/\/www.garciavarona.com\/en\/?s={search_term_string}"},"query-input":{"@type":"PropertyValueSpecification","valueRequired":true,"valueName":"search_term_string"}}],"inLanguage":"en-US"},{"@type":"Organization","@id":"https:\/\/www.garciavarona.com\/en\/#organization","name":"Maderas Garcia Varona","url":"https:\/\/www.garciavarona.com\/en\/","logo":{"@type":"ImageObject","inLanguage":"en-US","@id":"https:\/\/www.garciavarona.com\/en\/#\/schema\/logo\/image\/","url":"https:\/\/www.garciavarona.com\/wp-content\/uploads\/2022\/06\/logoGarciaVarona.svg","contentUrl":"https:\/\/www.garciavarona.com\/wp-content\/uploads\/2022\/06\/logoGarciaVarona.svg","width":1020,"height":200,"caption":"Maderas Garcia Varona"},"image":{"@id":"https:\/\/www.garciavarona.com\/en\/#\/schema\/logo\/image\/"},"sameAs":["https:\/\/www.facebook.com\/maderasgarciavaronagrupo","https:\/\/x.com\/maderasvaronars","https:\/\/www.instagram.com\/maderasgarciavarona\/","https:\/\/www.linkedin.com\/company\/maderas-garcia-varona\/","https:\/\/www.youtube.com\/channel\/UCGUEME06N_h66pB2coJC83w\/featured"]}]}},"_links":{"self":[{"href":"https:\/\/www.garciavarona.com\/en\/wp-json\/wp\/v2\/product\/11165","targetHints":{"allow":["GET"]}}],"collection":[{"href":"https:\/\/www.garciavarona.com\/en\/wp-json\/wp\/v2\/product"}],"about":[{"href":"https:\/\/www.garciavarona.com\/en\/wp-json\/wp\/v2\/types\/product"}],"version-history":[{"count":3,"href":"https:\/\/www.garciavarona.com\/en\/wp-json\/wp\/v2\/product\/11165\/revisions"}],"predecessor-version":[{"id":19696,"href":"https:\/\/www.garciavarona.com\/en\/wp-json\/wp\/v2\/product\/11165\/revisions\/19696"}],"wp:featuredmedia":[{"embeddable":true,"href":"https:\/\/www.garciavarona.com\/en\/wp-json\/wp\/v2\/media\/11164"}],"wp:attachment":[{"href":"https:\/\/www.garciavarona.com\/en\/wp-json\/wp\/v2\/media?parent=11165"}],"wp:term":[{"taxonomy":"product_brand","embeddable":true,"href":"https:\/\/www.garciavarona.com\/en\/wp-json\/wp\/v2\/product_brand?post=11165"},{"taxonomy":"product_cat","embeddable":true,"href":"https:\/\/www.garciavarona.com\/en\/wp-json\/wp\/v2\/product_cat?post=11165"},{"taxonomy":"product_tag","embeddable":true,"href":"https:\/\/www.garciavarona.com\/en\/wp-json\/wp\/v2\/product_tag?post=11165"}],"curies":[{"name":"wp","href":"https:\/\/api.w.org\/{rel}","templated":true}]}}