{"id":11176,"date":"2018-05-30T10:25:20","date_gmt":"2018-05-30T10:25:20","guid":{"rendered":"https:\/\/pruebas.garciavarona.com\/producto\/media-barrica-de-roble-decorativa\/"},"modified":"2023-02-14T11:49:43","modified_gmt":"2023-02-14T11:49:43","slug":"media-barrica-de-roble-decorativa","status":"publish","type":"product","link":"https:\/\/www.garciavarona.com\/en\/producto\/media-barrica-de-roble-decorativa\/","title":{"rendered":"Media barrica de roble decorativa"},"content":{"rendered":"<h1>Media barrica de roble para macetero<\/h1>\n<p><strong><strong>Macetero de madera hecho con medio barril de madera de roble<\/strong><\/strong>. Media barrica de roble usada sacada de una barrica de 225 litros procedente de bodega de vino. Lijada y restaurada para uso decorativo. Maceta de madera de roble. Madera de roble maciza. Medio tonel de madera para decoraci\u00f3n. Se puede usar como macetero tanto para interior como para exterior.<\/p>\n<p>Di\u00e1metro en la parte m\u00e1s ancha 70 cm. Altura 47 cm. Peso 30 kg. Medidas y peso aproximado.<\/p>\n<p>Esta <strong>media barrica de madera<\/strong> es perfecta para la ambientaci\u00f3n r\u00fastica de jardines, parques y terrazas. Puede usarse como macetero de madera r\u00fastica. <strong>Jardinera de barril redonda<\/strong> de madera para flores y plantas. Cubo de madera o jardinera redonda de madera para la decoraci\u00f3n de interiores y exteriores.<\/p>\n<p>Medias barricas fabricadas con madera de roble maciza con alta durabilidad natural procedentes de bodegas de Espa\u00f1a. Madera real, natural y ecol\u00f3gico. <strong>Medio barril macetero<\/strong> reutilizable como contenedor de flores y plantas.<\/p>\n<p><strong>Toneles decorativos<\/strong> hechos con madera de roble. Barril reacondicionado y cortado a la mitad para el uso como macetero o jardinera.<\/p>\n","protected":false},"excerpt":{"rendered":"<p>Macetero de madera, medio barril de madera de roble. Precio unidad.<\/p>\n","protected":false},"featured_media":11173,"template":"","meta":[],"product_brand":[],"product_cat":[760,754],"product_tag":[],"class_list":{"0":"post-11176","1":"product","2":"type-product","3":"status-publish","4":"has-post-thumbnail","6":"product_cat-barricas","7":"product_cat-madera-para-jardines","9":"first","10":"outofstock","11":"taxable","12":"shipping-taxable","13":"purchasable","14":"product-type-simple"},"yoast_head":"<!-- This site is optimized with the Yoast SEO plugin v27.3 - https:\/\/yoast.com\/product\/yoast-seo-wordpress\/ -->\n<title>Media barrica de roble decorativa | Maderas Garcia Varona<\/title>\n<meta name=\"description\" content=\"Media barrica de roble decorativa | Compre Ahora. Macetero de madera hecho con medio barril de madera de roble. Maderas Garcia Varona .\" \/>\n<meta name=\"robots\" content=\"index, follow, max-snippet:-1, max-image-preview:large, max-video-preview:-1\" \/>\n<link rel=\"canonical\" href=\"https:\/\/www.garciavarona.com\/en\/producto\/media-barrica-de-roble-decorativa\/\" \/>\n<meta property=\"og:locale\" content=\"en_US\" \/>\n<meta property=\"og:type\" content=\"article\" \/>\n<meta property=\"og:title\" content=\"Media barrica de roble decorativa | Maderas Garcia Varona\" \/>\n<meta property=\"og:description\" content=\"Media barrica de roble decorativa | Compre Ahora. Macetero de madera hecho con medio barril de madera de roble. Maderas Garcia Varona .\" \/>\n<meta property=\"og:url\" content=\"https:\/\/www.garciavarona.com\/en\/producto\/media-barrica-de-roble-decorativa\/\" \/>\n<meta property=\"og:site_name\" content=\"Maderas Garcia Varona\" \/>\n<meta property=\"article:publisher\" content=\"https:\/\/www.facebook.com\/maderasgarciavaronagrupo\" \/>\n<meta property=\"article:modified_time\" content=\"2023-02-14T11:49:43+00:00\" \/>\n<meta property=\"og:image\" content=\"https:\/\/www.garciavarona.com\/wp-content\/uploads\/2018\/05\/181-Media-barrica-de-roble-decorativa.jpg\" \/>\n\t<meta property=\"og:image:width\" content=\"525\" \/>\n\t<meta property=\"og:image:height\" content=\"525\" \/>\n\t<meta property=\"og:image:type\" content=\"image\/jpeg\" \/>\n<meta name=\"twitter:card\" content=\"summary_large_image\" \/>\n<meta name=\"twitter:site\" content=\"@maderasvaronars\" \/>\n<meta name=\"twitter:label1\" content=\"Est. reading time\" \/>\n\t<meta name=\"twitter:data1\" content=\"1 minute\" \/>\n<script type=\"application\/ld+json\" class=\"yoast-schema-graph\">{\"@context\":\"https:\\\/\\\/schema.org\",\"@graph\":[{\"@type\":[\"WebPage\",\"ItemPage\"],\"@id\":\"https:\\\/\\\/www.garciavarona.com\\\/en\\\/producto\\\/media-barrica-de-roble-decorativa\\\/\",\"url\":\"https:\\\/\\\/www.garciavarona.com\\\/en\\\/producto\\\/media-barrica-de-roble-decorativa\\\/\",\"name\":\"Media barrica de roble decorativa | Maderas Garcia Varona\",\"isPartOf\":{\"@id\":\"https:\\\/\\\/www.garciavarona.com\\\/en\\\/#website\"},\"primaryImageOfPage\":{\"@id\":\"https:\\\/\\\/www.garciavarona.com\\\/en\\\/producto\\\/media-barrica-de-roble-decorativa\\\/#primaryimage\"},\"image\":{\"@id\":\"https:\\\/\\\/www.garciavarona.com\\\/en\\\/producto\\\/media-barrica-de-roble-decorativa\\\/#primaryimage\"},\"thumbnailUrl\":\"https:\\\/\\\/www.garciavarona.com\\\/wp-content\\\/uploads\\\/2018\\\/05\\\/181-Media-barrica-de-roble-decorativa.jpg\",\"datePublished\":\"2018-05-30T10:25:20+00:00\",\"dateModified\":\"2023-02-14T11:49:43+00:00\",\"description\":\"Media barrica de roble decorativa | Compre Ahora. Macetero de madera hecho con medio barril de madera de roble. Maderas Garcia Varona .\",\"breadcrumb\":{\"@id\":\"https:\\\/\\\/www.garciavarona.com\\\/en\\\/producto\\\/media-barrica-de-roble-decorativa\\\/#breadcrumb\"},\"inLanguage\":\"en-US\",\"potentialAction\":[{\"@type\":\"ReadAction\",\"target\":[\"https:\\\/\\\/www.garciavarona.com\\\/en\\\/producto\\\/media-barrica-de-roble-decorativa\\\/\"]}]},{\"@type\":\"ImageObject\",\"inLanguage\":\"en-US\",\"@id\":\"https:\\\/\\\/www.garciavarona.com\\\/en\\\/producto\\\/media-barrica-de-roble-decorativa\\\/#primaryimage\",\"url\":\"https:\\\/\\\/www.garciavarona.com\\\/wp-content\\\/uploads\\\/2018\\\/05\\\/181-Media-barrica-de-roble-decorativa.jpg\",\"contentUrl\":\"https:\\\/\\\/www.garciavarona.com\\\/wp-content\\\/uploads\\\/2018\\\/05\\\/181-Media-barrica-de-roble-decorativa.jpg\",\"width\":525,\"height\":525,\"caption\":\"Media barrica de roble decorativa\"},{\"@type\":\"BreadcrumbList\",\"@id\":\"https:\\\/\\\/www.garciavarona.com\\\/en\\\/producto\\\/media-barrica-de-roble-decorativa\\\/#breadcrumb\",\"itemListElement\":[{\"@type\":\"ListItem\",\"position\":1,\"name\":\"Portada\",\"item\":\"https:\\\/\\\/www.garciavarona.com\\\/en\\\/\"},{\"@type\":\"ListItem\",\"position\":2,\"name\":\"Tienda Maderas Garc\u00eda Varona\",\"item\":\"https:\\\/\\\/www.garciavarona.com\\\/tienda\\\/\"},{\"@type\":\"ListItem\",\"position\":3,\"name\":\"Media barrica de roble decorativa\"}]},{\"@type\":\"WebSite\",\"@id\":\"https:\\\/\\\/www.garciavarona.com\\\/en\\\/#website\",\"url\":\"https:\\\/\\\/www.garciavarona.com\\\/en\\\/\",\"name\":\"Maderas Garcia Varona\",\"description\":\"Fabrica y Aserradero de Madera. Expertos en Madera\",\"publisher\":{\"@id\":\"https:\\\/\\\/www.garciavarona.com\\\/en\\\/#organization\"},\"potentialAction\":[{\"@type\":\"SearchAction\",\"target\":{\"@type\":\"EntryPoint\",\"urlTemplate\":\"https:\\\/\\\/www.garciavarona.com\\\/en\\\/?s={search_term_string}\"},\"query-input\":{\"@type\":\"PropertyValueSpecification\",\"valueRequired\":true,\"valueName\":\"search_term_string\"}}],\"inLanguage\":\"en-US\"},{\"@type\":\"Organization\",\"@id\":\"https:\\\/\\\/www.garciavarona.com\\\/en\\\/#organization\",\"name\":\"Maderas Garcia Varona\",\"url\":\"https:\\\/\\\/www.garciavarona.com\\\/en\\\/\",\"logo\":{\"@type\":\"ImageObject\",\"inLanguage\":\"en-US\",\"@id\":\"https:\\\/\\\/www.garciavarona.com\\\/en\\\/#\\\/schema\\\/logo\\\/image\\\/\",\"url\":\"https:\\\/\\\/www.garciavarona.com\\\/wp-content\\\/uploads\\\/2022\\\/06\\\/logoGarciaVarona.svg\",\"contentUrl\":\"https:\\\/\\\/www.garciavarona.com\\\/wp-content\\\/uploads\\\/2022\\\/06\\\/logoGarciaVarona.svg\",\"width\":1020,\"height\":200,\"caption\":\"Maderas Garcia Varona\"},\"image\":{\"@id\":\"https:\\\/\\\/www.garciavarona.com\\\/en\\\/#\\\/schema\\\/logo\\\/image\\\/\"},\"sameAs\":[\"https:\\\/\\\/www.facebook.com\\\/maderasgarciavaronagrupo\",\"https:\\\/\\\/x.com\\\/maderasvaronars\",\"https:\\\/\\\/www.instagram.com\\\/maderasgarciavarona\\\/\",\"https:\\\/\\\/www.linkedin.com\\\/company\\\/maderas-garcia-varona\\\/\",\"https:\\\/\\\/www.youtube.com\\\/channel\\\/UCGUEME06N_h66pB2coJC83w\\\/featured\"]}]}<\/script>\n<!-- \/ Yoast SEO plugin. -->","yoast_head_json":{"title":"Media barrica de roble decorativa | Maderas Garcia Varona","description":"Media barrica de roble decorativa | Compre Ahora. Macetero de madera hecho con medio barril de madera de roble. Maderas Garcia Varona .","robots":{"index":"index","follow":"follow","max-snippet":"max-snippet:-1","max-image-preview":"max-image-preview:large","max-video-preview":"max-video-preview:-1"},"canonical":"https:\/\/www.garciavarona.com\/en\/producto\/media-barrica-de-roble-decorativa\/","og_locale":"en_US","og_type":"article","og_title":"Media barrica de roble decorativa | Maderas Garcia Varona","og_description":"Media barrica de roble decorativa | Compre Ahora. Macetero de madera hecho con medio barril de madera de roble. Maderas Garcia Varona .","og_url":"https:\/\/www.garciavarona.com\/en\/producto\/media-barrica-de-roble-decorativa\/","og_site_name":"Maderas Garcia Varona","article_publisher":"https:\/\/www.facebook.com\/maderasgarciavaronagrupo","article_modified_time":"2023-02-14T11:49:43+00:00","og_image":[{"width":525,"height":525,"url":"https:\/\/www.garciavarona.com\/wp-content\/uploads\/2018\/05\/181-Media-barrica-de-roble-decorativa.jpg","type":"image\/jpeg"}],"twitter_card":"summary_large_image","twitter_site":"@maderasvaronars","twitter_misc":{"Est. reading time":"1 minute"},"schema":{"@context":"https:\/\/schema.org","@graph":[{"@type":["WebPage","ItemPage"],"@id":"https:\/\/www.garciavarona.com\/en\/producto\/media-barrica-de-roble-decorativa\/","url":"https:\/\/www.garciavarona.com\/en\/producto\/media-barrica-de-roble-decorativa\/","name":"Media barrica de roble decorativa | Maderas Garcia Varona","isPartOf":{"@id":"https:\/\/www.garciavarona.com\/en\/#website"},"primaryImageOfPage":{"@id":"https:\/\/www.garciavarona.com\/en\/producto\/media-barrica-de-roble-decorativa\/#primaryimage"},"image":{"@id":"https:\/\/www.garciavarona.com\/en\/producto\/media-barrica-de-roble-decorativa\/#primaryimage"},"thumbnailUrl":"https:\/\/www.garciavarona.com\/wp-content\/uploads\/2018\/05\/181-Media-barrica-de-roble-decorativa.jpg","datePublished":"2018-05-30T10:25:20+00:00","dateModified":"2023-02-14T11:49:43+00:00","description":"Media barrica de roble decorativa | Compre Ahora. Macetero de madera hecho con medio barril de madera de roble. Maderas Garcia Varona .","breadcrumb":{"@id":"https:\/\/www.garciavarona.com\/en\/producto\/media-barrica-de-roble-decorativa\/#breadcrumb"},"inLanguage":"en-US","potentialAction":[{"@type":"ReadAction","target":["https:\/\/www.garciavarona.com\/en\/producto\/media-barrica-de-roble-decorativa\/"]}]},{"@type":"ImageObject","inLanguage":"en-US","@id":"https:\/\/www.garciavarona.com\/en\/producto\/media-barrica-de-roble-decorativa\/#primaryimage","url":"https:\/\/www.garciavarona.com\/wp-content\/uploads\/2018\/05\/181-Media-barrica-de-roble-decorativa.jpg","contentUrl":"https:\/\/www.garciavarona.com\/wp-content\/uploads\/2018\/05\/181-Media-barrica-de-roble-decorativa.jpg","width":525,"height":525,"caption":"Media barrica de roble decorativa"},{"@type":"BreadcrumbList","@id":"https:\/\/www.garciavarona.com\/en\/producto\/media-barrica-de-roble-decorativa\/#breadcrumb","itemListElement":[{"@type":"ListItem","position":1,"name":"Portada","item":"https:\/\/www.garciavarona.com\/en\/"},{"@type":"ListItem","position":2,"name":"Tienda Maderas Garc\u00eda Varona","item":"https:\/\/www.garciavarona.com\/tienda\/"},{"@type":"ListItem","position":3,"name":"Media barrica de roble decorativa"}]},{"@type":"WebSite","@id":"https:\/\/www.garciavarona.com\/en\/#website","url":"https:\/\/www.garciavarona.com\/en\/","name":"Maderas Garcia Varona","description":"Fabrica y Aserradero de Madera. Expertos en Madera","publisher":{"@id":"https:\/\/www.garciavarona.com\/en\/#organization"},"potentialAction":[{"@type":"SearchAction","target":{"@type":"EntryPoint","urlTemplate":"https:\/\/www.garciavarona.com\/en\/?s={search_term_string}"},"query-input":{"@type":"PropertyValueSpecification","valueRequired":true,"valueName":"search_term_string"}}],"inLanguage":"en-US"},{"@type":"Organization","@id":"https:\/\/www.garciavarona.com\/en\/#organization","name":"Maderas Garcia Varona","url":"https:\/\/www.garciavarona.com\/en\/","logo":{"@type":"ImageObject","inLanguage":"en-US","@id":"https:\/\/www.garciavarona.com\/en\/#\/schema\/logo\/image\/","url":"https:\/\/www.garciavarona.com\/wp-content\/uploads\/2022\/06\/logoGarciaVarona.svg","contentUrl":"https:\/\/www.garciavarona.com\/wp-content\/uploads\/2022\/06\/logoGarciaVarona.svg","width":1020,"height":200,"caption":"Maderas Garcia Varona"},"image":{"@id":"https:\/\/www.garciavarona.com\/en\/#\/schema\/logo\/image\/"},"sameAs":["https:\/\/www.facebook.com\/maderasgarciavaronagrupo","https:\/\/x.com\/maderasvaronars","https:\/\/www.instagram.com\/maderasgarciavarona\/","https:\/\/www.linkedin.com\/company\/maderas-garcia-varona\/","https:\/\/www.youtube.com\/channel\/UCGUEME06N_h66pB2coJC83w\/featured"]}]}},"_links":{"self":[{"href":"https:\/\/www.garciavarona.com\/en\/wp-json\/wp\/v2\/product\/11176","targetHints":{"allow":["GET"]}}],"collection":[{"href":"https:\/\/www.garciavarona.com\/en\/wp-json\/wp\/v2\/product"}],"about":[{"href":"https:\/\/www.garciavarona.com\/en\/wp-json\/wp\/v2\/types\/product"}],"version-history":[{"count":2,"href":"https:\/\/www.garciavarona.com\/en\/wp-json\/wp\/v2\/product\/11176\/revisions"}],"predecessor-version":[{"id":18113,"href":"https:\/\/www.garciavarona.com\/en\/wp-json\/wp\/v2\/product\/11176\/revisions\/18113"}],"wp:featuredmedia":[{"embeddable":true,"href":"https:\/\/www.garciavarona.com\/en\/wp-json\/wp\/v2\/media\/11173"}],"wp:attachment":[{"href":"https:\/\/www.garciavarona.com\/en\/wp-json\/wp\/v2\/media?parent=11176"}],"wp:term":[{"taxonomy":"product_brand","embeddable":true,"href":"https:\/\/www.garciavarona.com\/en\/wp-json\/wp\/v2\/product_brand?post=11176"},{"taxonomy":"product_cat","embeddable":true,"href":"https:\/\/www.garciavarona.com\/en\/wp-json\/wp\/v2\/product_cat?post=11176"},{"taxonomy":"product_tag","embeddable":true,"href":"https:\/\/www.garciavarona.com\/en\/wp-json\/wp\/v2\/product_tag?post=11176"}],"curies":[{"name":"wp","href":"https:\/\/api.w.org\/{rel}","templated":true}]}}