{"id":11179,"date":"2018-05-30T10:33:01","date_gmt":"2018-05-30T10:33:01","guid":{"rendered":"https:\/\/pruebas.garciavarona.com\/producto\/columpio-de-madera-modelo-paul\/"},"modified":"2018-05-30T10:33:01","modified_gmt":"2018-05-30T10:33:01","slug":"columpio-de-madera-modelo-paul","status":"publish","type":"product","link":"https:\/\/www.garciavarona.com\/en\/producto\/columpio-de-madera-modelo-paul\/","title":{"rendered":"Columpio de madera modelo Paul"},"content":{"rendered":"<p>Columpio de madera para ni\u00f1os modelo Paul. Est\u00e1 compuesto por secciones transversales de madera de pino con anclajes de acero inoxidable. El kit de montaje, con asientos de columpio robustos, se etiqueta con el sello T\u00dcV \u2018probado para un ambiente privado\u2019. Madera tratada para el uso en exteriores. Medidas 200x180x220 cm.<\/p>\n<p>Se suministra desmontado y est\u00e1 compuesto por los siguientes elementos:<\/p>\n<ul>\n<li>vigas empalmadas KVH\u00ae de 10 x 10 cm<\/li>\n<li>asiento de columpio<\/li>\n<li>ganchos<\/li>\n<li>material de montaje<\/li>\n<\/ul>\n<p>Madera tratada para el uso en exteriores.<\/p>\n","protected":false},"excerpt":{"rendered":"<p>Columpio de madera para ni\u00f1os con tratamiento para exteriores incluido.<\/p>\n","protected":false},"featured_media":11177,"template":"","meta":[],"product_brand":[],"product_cat":[766,754],"product_tag":[],"class_list":{"0":"post-11179","1":"product","2":"type-product","3":"status-publish","4":"has-post-thumbnail","6":"product_cat-columpios","7":"product_cat-madera-para-jardines","9":"first","10":"outofstock","11":"sale","12":"taxable","13":"shipping-taxable","14":"purchasable","15":"product-type-simple"},"yoast_head":"<!-- This site is optimized with the Yoast SEO plugin v27.3 - https:\/\/yoast.com\/product\/yoast-seo-wordpress\/ -->\n<title>Columpio de madera para ni\u00f1os con tratamiento para exteriores incluido<\/title>\n<meta name=\"description\" content=\"Columpio de madera para ni\u00f1os con tratamiento para exteriores incluido. Crea tu propio parque de juegos en el jard\u00edn. Juego de madera para ni\u00f1os al mejor precio\" \/>\n<meta name=\"robots\" content=\"index, follow, max-snippet:-1, max-image-preview:large, max-video-preview:-1\" \/>\n<link rel=\"canonical\" href=\"https:\/\/www.garciavarona.com\/en\/producto\/columpio-de-madera-modelo-paul\/\" \/>\n<meta property=\"og:locale\" content=\"en_US\" \/>\n<meta property=\"og:type\" content=\"article\" \/>\n<meta property=\"og:title\" content=\"Columpio de madera para ni\u00f1os con tratamiento para exteriores incluido\" \/>\n<meta property=\"og:description\" content=\"Columpio de madera para ni\u00f1os con tratamiento para exteriores incluido. Crea tu propio parque de juegos en el jard\u00edn. Juego de madera para ni\u00f1os al mejor precio\" \/>\n<meta property=\"og:url\" content=\"https:\/\/www.garciavarona.com\/en\/producto\/columpio-de-madera-modelo-paul\/\" \/>\n<meta property=\"og:site_name\" content=\"Maderas Garcia Varona\" \/>\n<meta property=\"article:publisher\" content=\"https:\/\/www.facebook.com\/maderasgarciavaronagrupo\" \/>\n<meta property=\"og:image\" content=\"https:\/\/www.garciavarona.com\/wp-content\/uploads\/2018\/05\/137-Columpio-de-madera-Paul.jpg\" \/>\n\t<meta property=\"og:image:width\" content=\"500\" \/>\n\t<meta property=\"og:image:height\" content=\"500\" \/>\n\t<meta property=\"og:image:type\" content=\"image\/jpeg\" \/>\n<meta name=\"twitter:card\" content=\"summary_large_image\" \/>\n<meta name=\"twitter:site\" content=\"@maderasvaronars\" \/>\n<script type=\"application\/ld+json\" class=\"yoast-schema-graph\">{\"@context\":\"https:\\\/\\\/schema.org\",\"@graph\":[{\"@type\":[\"WebPage\",\"ItemPage\"],\"@id\":\"https:\\\/\\\/www.garciavarona.com\\\/en\\\/producto\\\/columpio-de-madera-modelo-paul\\\/\",\"url\":\"https:\\\/\\\/www.garciavarona.com\\\/en\\\/producto\\\/columpio-de-madera-modelo-paul\\\/\",\"name\":\"Columpio de madera para ni\u00f1os con tratamiento para exteriores incluido\",\"isPartOf\":{\"@id\":\"https:\\\/\\\/www.garciavarona.com\\\/en\\\/#website\"},\"primaryImageOfPage\":{\"@id\":\"https:\\\/\\\/www.garciavarona.com\\\/en\\\/producto\\\/columpio-de-madera-modelo-paul\\\/#primaryimage\"},\"image\":{\"@id\":\"https:\\\/\\\/www.garciavarona.com\\\/en\\\/producto\\\/columpio-de-madera-modelo-paul\\\/#primaryimage\"},\"thumbnailUrl\":\"https:\\\/\\\/www.garciavarona.com\\\/wp-content\\\/uploads\\\/2018\\\/05\\\/137-Columpio-de-madera-Paul.jpg\",\"datePublished\":\"2018-05-30T10:33:01+00:00\",\"description\":\"Columpio de madera para ni\u00f1os con tratamiento para exteriores incluido. Crea tu propio parque de juegos en el jard\u00edn. Juego de madera para ni\u00f1os al mejor precio\",\"breadcrumb\":{\"@id\":\"https:\\\/\\\/www.garciavarona.com\\\/en\\\/producto\\\/columpio-de-madera-modelo-paul\\\/#breadcrumb\"},\"inLanguage\":\"en-US\",\"potentialAction\":[{\"@type\":\"ReadAction\",\"target\":[\"https:\\\/\\\/www.garciavarona.com\\\/en\\\/producto\\\/columpio-de-madera-modelo-paul\\\/\"]}]},{\"@type\":\"ImageObject\",\"inLanguage\":\"en-US\",\"@id\":\"https:\\\/\\\/www.garciavarona.com\\\/en\\\/producto\\\/columpio-de-madera-modelo-paul\\\/#primaryimage\",\"url\":\"https:\\\/\\\/www.garciavarona.com\\\/wp-content\\\/uploads\\\/2018\\\/05\\\/137-Columpio-de-madera-Paul.jpg\",\"contentUrl\":\"https:\\\/\\\/www.garciavarona.com\\\/wp-content\\\/uploads\\\/2018\\\/05\\\/137-Columpio-de-madera-Paul.jpg\",\"width\":500,\"height\":500,\"caption\":\"Columpio de madera Paul\"},{\"@type\":\"BreadcrumbList\",\"@id\":\"https:\\\/\\\/www.garciavarona.com\\\/en\\\/producto\\\/columpio-de-madera-modelo-paul\\\/#breadcrumb\",\"itemListElement\":[{\"@type\":\"ListItem\",\"position\":1,\"name\":\"Portada\",\"item\":\"https:\\\/\\\/www.garciavarona.com\\\/en\\\/\"},{\"@type\":\"ListItem\",\"position\":2,\"name\":\"Tienda Maderas Garc\u00eda Varona\",\"item\":\"https:\\\/\\\/www.garciavarona.com\\\/tienda\\\/\"},{\"@type\":\"ListItem\",\"position\":3,\"name\":\"Columpio de madera modelo Paul\"}]},{\"@type\":\"WebSite\",\"@id\":\"https:\\\/\\\/www.garciavarona.com\\\/en\\\/#website\",\"url\":\"https:\\\/\\\/www.garciavarona.com\\\/en\\\/\",\"name\":\"Maderas Garcia Varona\",\"description\":\"Fabrica y Aserradero de Madera. Expertos en Madera\",\"publisher\":{\"@id\":\"https:\\\/\\\/www.garciavarona.com\\\/en\\\/#organization\"},\"potentialAction\":[{\"@type\":\"SearchAction\",\"target\":{\"@type\":\"EntryPoint\",\"urlTemplate\":\"https:\\\/\\\/www.garciavarona.com\\\/en\\\/?s={search_term_string}\"},\"query-input\":{\"@type\":\"PropertyValueSpecification\",\"valueRequired\":true,\"valueName\":\"search_term_string\"}}],\"inLanguage\":\"en-US\"},{\"@type\":\"Organization\",\"@id\":\"https:\\\/\\\/www.garciavarona.com\\\/en\\\/#organization\",\"name\":\"Maderas Garcia Varona\",\"url\":\"https:\\\/\\\/www.garciavarona.com\\\/en\\\/\",\"logo\":{\"@type\":\"ImageObject\",\"inLanguage\":\"en-US\",\"@id\":\"https:\\\/\\\/www.garciavarona.com\\\/en\\\/#\\\/schema\\\/logo\\\/image\\\/\",\"url\":\"https:\\\/\\\/www.garciavarona.com\\\/wp-content\\\/uploads\\\/2022\\\/06\\\/logoGarciaVarona.svg\",\"contentUrl\":\"https:\\\/\\\/www.garciavarona.com\\\/wp-content\\\/uploads\\\/2022\\\/06\\\/logoGarciaVarona.svg\",\"width\":1020,\"height\":200,\"caption\":\"Maderas Garcia Varona\"},\"image\":{\"@id\":\"https:\\\/\\\/www.garciavarona.com\\\/en\\\/#\\\/schema\\\/logo\\\/image\\\/\"},\"sameAs\":[\"https:\\\/\\\/www.facebook.com\\\/maderasgarciavaronagrupo\",\"https:\\\/\\\/x.com\\\/maderasvaronars\",\"https:\\\/\\\/www.instagram.com\\\/maderasgarciavarona\\\/\",\"https:\\\/\\\/www.linkedin.com\\\/company\\\/maderas-garcia-varona\\\/\",\"https:\\\/\\\/www.youtube.com\\\/channel\\\/UCGUEME06N_h66pB2coJC83w\\\/featured\"]}]}<\/script>\n<!-- \/ Yoast SEO plugin. -->","yoast_head_json":{"title":"Columpio de madera para ni\u00f1os con tratamiento para exteriores incluido","description":"Columpio de madera para ni\u00f1os con tratamiento para exteriores incluido. Crea tu propio parque de juegos en el jard\u00edn. Juego de madera para ni\u00f1os al mejor precio","robots":{"index":"index","follow":"follow","max-snippet":"max-snippet:-1","max-image-preview":"max-image-preview:large","max-video-preview":"max-video-preview:-1"},"canonical":"https:\/\/www.garciavarona.com\/en\/producto\/columpio-de-madera-modelo-paul\/","og_locale":"en_US","og_type":"article","og_title":"Columpio de madera para ni\u00f1os con tratamiento para exteriores incluido","og_description":"Columpio de madera para ni\u00f1os con tratamiento para exteriores incluido. Crea tu propio parque de juegos en el jard\u00edn. Juego de madera para ni\u00f1os al mejor precio","og_url":"https:\/\/www.garciavarona.com\/en\/producto\/columpio-de-madera-modelo-paul\/","og_site_name":"Maderas Garcia Varona","article_publisher":"https:\/\/www.facebook.com\/maderasgarciavaronagrupo","og_image":[{"width":500,"height":500,"url":"https:\/\/www.garciavarona.com\/wp-content\/uploads\/2018\/05\/137-Columpio-de-madera-Paul.jpg","type":"image\/jpeg"}],"twitter_card":"summary_large_image","twitter_site":"@maderasvaronars","schema":{"@context":"https:\/\/schema.org","@graph":[{"@type":["WebPage","ItemPage"],"@id":"https:\/\/www.garciavarona.com\/en\/producto\/columpio-de-madera-modelo-paul\/","url":"https:\/\/www.garciavarona.com\/en\/producto\/columpio-de-madera-modelo-paul\/","name":"Columpio de madera para ni\u00f1os con tratamiento para exteriores incluido","isPartOf":{"@id":"https:\/\/www.garciavarona.com\/en\/#website"},"primaryImageOfPage":{"@id":"https:\/\/www.garciavarona.com\/en\/producto\/columpio-de-madera-modelo-paul\/#primaryimage"},"image":{"@id":"https:\/\/www.garciavarona.com\/en\/producto\/columpio-de-madera-modelo-paul\/#primaryimage"},"thumbnailUrl":"https:\/\/www.garciavarona.com\/wp-content\/uploads\/2018\/05\/137-Columpio-de-madera-Paul.jpg","datePublished":"2018-05-30T10:33:01+00:00","description":"Columpio de madera para ni\u00f1os con tratamiento para exteriores incluido. Crea tu propio parque de juegos en el jard\u00edn. Juego de madera para ni\u00f1os al mejor precio","breadcrumb":{"@id":"https:\/\/www.garciavarona.com\/en\/producto\/columpio-de-madera-modelo-paul\/#breadcrumb"},"inLanguage":"en-US","potentialAction":[{"@type":"ReadAction","target":["https:\/\/www.garciavarona.com\/en\/producto\/columpio-de-madera-modelo-paul\/"]}]},{"@type":"ImageObject","inLanguage":"en-US","@id":"https:\/\/www.garciavarona.com\/en\/producto\/columpio-de-madera-modelo-paul\/#primaryimage","url":"https:\/\/www.garciavarona.com\/wp-content\/uploads\/2018\/05\/137-Columpio-de-madera-Paul.jpg","contentUrl":"https:\/\/www.garciavarona.com\/wp-content\/uploads\/2018\/05\/137-Columpio-de-madera-Paul.jpg","width":500,"height":500,"caption":"Columpio de madera Paul"},{"@type":"BreadcrumbList","@id":"https:\/\/www.garciavarona.com\/en\/producto\/columpio-de-madera-modelo-paul\/#breadcrumb","itemListElement":[{"@type":"ListItem","position":1,"name":"Portada","item":"https:\/\/www.garciavarona.com\/en\/"},{"@type":"ListItem","position":2,"name":"Tienda Maderas Garc\u00eda Varona","item":"https:\/\/www.garciavarona.com\/tienda\/"},{"@type":"ListItem","position":3,"name":"Columpio de madera modelo Paul"}]},{"@type":"WebSite","@id":"https:\/\/www.garciavarona.com\/en\/#website","url":"https:\/\/www.garciavarona.com\/en\/","name":"Maderas Garcia Varona","description":"Fabrica y Aserradero de Madera. Expertos en Madera","publisher":{"@id":"https:\/\/www.garciavarona.com\/en\/#organization"},"potentialAction":[{"@type":"SearchAction","target":{"@type":"EntryPoint","urlTemplate":"https:\/\/www.garciavarona.com\/en\/?s={search_term_string}"},"query-input":{"@type":"PropertyValueSpecification","valueRequired":true,"valueName":"search_term_string"}}],"inLanguage":"en-US"},{"@type":"Organization","@id":"https:\/\/www.garciavarona.com\/en\/#organization","name":"Maderas Garcia Varona","url":"https:\/\/www.garciavarona.com\/en\/","logo":{"@type":"ImageObject","inLanguage":"en-US","@id":"https:\/\/www.garciavarona.com\/en\/#\/schema\/logo\/image\/","url":"https:\/\/www.garciavarona.com\/wp-content\/uploads\/2022\/06\/logoGarciaVarona.svg","contentUrl":"https:\/\/www.garciavarona.com\/wp-content\/uploads\/2022\/06\/logoGarciaVarona.svg","width":1020,"height":200,"caption":"Maderas Garcia Varona"},"image":{"@id":"https:\/\/www.garciavarona.com\/en\/#\/schema\/logo\/image\/"},"sameAs":["https:\/\/www.facebook.com\/maderasgarciavaronagrupo","https:\/\/x.com\/maderasvaronars","https:\/\/www.instagram.com\/maderasgarciavarona\/","https:\/\/www.linkedin.com\/company\/maderas-garcia-varona\/","https:\/\/www.youtube.com\/channel\/UCGUEME06N_h66pB2coJC83w\/featured"]}]}},"_links":{"self":[{"href":"https:\/\/www.garciavarona.com\/en\/wp-json\/wp\/v2\/product\/11179","targetHints":{"allow":["GET"]}}],"collection":[{"href":"https:\/\/www.garciavarona.com\/en\/wp-json\/wp\/v2\/product"}],"about":[{"href":"https:\/\/www.garciavarona.com\/en\/wp-json\/wp\/v2\/types\/product"}],"version-history":[{"count":0,"href":"https:\/\/www.garciavarona.com\/en\/wp-json\/wp\/v2\/product\/11179\/revisions"}],"wp:featuredmedia":[{"embeddable":true,"href":"https:\/\/www.garciavarona.com\/en\/wp-json\/wp\/v2\/media\/11177"}],"wp:attachment":[{"href":"https:\/\/www.garciavarona.com\/en\/wp-json\/wp\/v2\/media?parent=11179"}],"wp:term":[{"taxonomy":"product_brand","embeddable":true,"href":"https:\/\/www.garciavarona.com\/en\/wp-json\/wp\/v2\/product_brand?post=11179"},{"taxonomy":"product_cat","embeddable":true,"href":"https:\/\/www.garciavarona.com\/en\/wp-json\/wp\/v2\/product_cat?post=11179"},{"taxonomy":"product_tag","embeddable":true,"href":"https:\/\/www.garciavarona.com\/en\/wp-json\/wp\/v2\/product_tag?post=11179"}],"curies":[{"name":"wp","href":"https:\/\/api.w.org\/{rel}","templated":true}]}}