{"id":11206,"date":"2018-05-30T11:40:18","date_gmt":"2018-05-30T11:40:18","guid":{"rendered":"https:\/\/pruebas.garciavarona.com\/producto\/poste-cuadrado-de-madera-tratada-para-exterior\/"},"modified":"2024-04-26T10:05:52","modified_gmt":"2024-04-26T10:05:52","slug":"poste-cuadrado-de-madera-tratada-para-exterior","status":"publish","type":"product","link":"https:\/\/www.garciavarona.com\/en\/producto\/poste-cuadrado-de-madera-tratada-para-exterior\/","title":{"rendered":"Poste cuadrado de madera tratada para exterior"},"content":{"rendered":"<h2>Poste cuadrado de madera tratada para exterior<\/h2>\n<p><strong>Poste cuadrado de madera de pino<\/strong>. Compra ahora tus estacas de pino tratadas para exterior con autoclave CU4 color verde. Precio por unidad.<\/p>\n<p>Las Estacas de madera maciza de pino sin ideales para uso exterior en cerramientos y cercados. Sin punta, cepillado a cuatro caras y con los cantos biselados, son postes de madera de gran calidad y durabilidad.<\/p>\n<p>El tratamiento autoclave clase de uso 4 protege al poste de madera frente a los ataques de insectos y la podredumbe. Aumenta as\u00ed el tiempo que se mantiene en buen estado a pesar de los cambios meteorol\u00f3gicos y la intemperie. Olv\u00eddate de complicados mantenimientos posteriores. El tratamiento autoclave mantendr\u00e1 el buen estado de tu compra y asegurar\u00e1 que tus postes de madera permanezcan intactos.<\/p>\n<p>Su est\u00e9tica r\u00fastica es ideal para espacios exteriores de cualquier tipo, ya sea en decoraciones m\u00e1s modernas o fincas r\u00fasticas. Son piezas de madera natural procedente de bosques auto sostenidos. En Garc\u00eda Varona nos preocupa la sostenibilidad de nuestra producci\u00f3n, por eso elegimos con m\u00e1ximo cuidado todos los procesos, desde la extracci\u00f3n hasta la fabricaci\u00f3n.<\/p>\n<p>Esta <strong>estaca cuadrada de madera<\/strong> es ideal para el <strong>cerramiento de fincas y cercados.<\/strong> <a href=\"https:\/\/www.garciavarona.com\/contactar\/\">Cons\u00faltanos<\/a><\/p>\n","protected":false},"excerpt":{"rendered":"<p>Estaca de pino cuadrada con tratamiento para exterior. Precio por unidad.<\/p>\n","protected":false},"featured_media":11203,"template":"","meta":[],"product_brand":[],"product_cat":[771,754],"product_tag":[1103,1106,1102,1104,1105],"class_list":{"0":"post-11206","1":"product","2":"type-product","3":"status-publish","4":"has-post-thumbnail","6":"product_cat-estacas","7":"product_cat-madera-para-jardines","8":"product_tag-estacas-de-madera","9":"product_tag-estacas-tratadas-para-exterior","10":"product_tag-postes-de-madera","11":"product_tag-postes-de-pino","12":"product_tag-postes-tratados-para-exterior","13":"pa_largo-2500mm","14":"pa_seccion-70x70mm","15":"pa_seccion-90x90mm","17":"first","18":"outofstock","19":"taxable","20":"shipping-taxable","21":"product-type-variable"},"yoast_head":"<!-- This site is optimized with the Yoast SEO plugin v27.3 - https:\/\/yoast.com\/product\/yoast-seo-wordpress\/ -->\n<title>Poste cuadrado de pino tratados en autoclave CU4 color verde.<\/title>\n<meta name=\"description\" content=\"Poste cuadrado de pino tratados en autoclave CU4 color verde. Estaca de madera maciza de pino para uso exterior en cerramientos y cercados. Tratamiento CU4.\" \/>\n<meta name=\"robots\" content=\"index, follow, max-snippet:-1, max-image-preview:large, max-video-preview:-1\" \/>\n<link rel=\"canonical\" href=\"https:\/\/www.garciavarona.com\/en\/producto\/poste-cuadrado-de-madera-tratada-para-exterior\/\" \/>\n<meta property=\"og:locale\" content=\"en_US\" \/>\n<meta property=\"og:type\" content=\"article\" \/>\n<meta property=\"og:title\" content=\"Poste cuadrado de pino tratados en autoclave CU4 color verde.\" \/>\n<meta property=\"og:description\" content=\"Poste cuadrado de pino tratados en autoclave CU4 color verde. Estaca de madera maciza de pino para uso exterior en cerramientos y cercados. Tratamiento CU4.\" \/>\n<meta property=\"og:url\" content=\"https:\/\/www.garciavarona.com\/en\/producto\/poste-cuadrado-de-madera-tratada-para-exterior\/\" \/>\n<meta property=\"og:site_name\" content=\"Maderas Garcia Varona\" \/>\n<meta property=\"article:publisher\" content=\"https:\/\/www.facebook.com\/maderasgarciavaronagrupo\" \/>\n<meta property=\"article:modified_time\" content=\"2024-04-26T10:05:52+00:00\" \/>\n<meta property=\"og:image\" content=\"https:\/\/www.garciavarona.com\/wp-content\/uploads\/2018\/05\/148-Poste-cuadrado-de-madera-tratada-para-exterior.jpg\" \/>\n\t<meta property=\"og:image:width\" content=\"500\" \/>\n\t<meta property=\"og:image:height\" content=\"500\" \/>\n\t<meta property=\"og:image:type\" content=\"image\/jpeg\" \/>\n<meta name=\"twitter:card\" content=\"summary_large_image\" \/>\n<meta name=\"twitter:site\" content=\"@maderasvaronars\" \/>\n<meta name=\"twitter:label1\" content=\"Est. reading time\" \/>\n\t<meta name=\"twitter:data1\" content=\"2 minutes\" \/>\n<script type=\"application\/ld+json\" class=\"yoast-schema-graph\">{\"@context\":\"https:\\\/\\\/schema.org\",\"@graph\":[{\"@type\":[\"WebPage\",\"ItemPage\"],\"@id\":\"https:\\\/\\\/www.garciavarona.com\\\/en\\\/producto\\\/poste-cuadrado-de-madera-tratada-para-exterior\\\/\",\"url\":\"https:\\\/\\\/www.garciavarona.com\\\/en\\\/producto\\\/poste-cuadrado-de-madera-tratada-para-exterior\\\/\",\"name\":\"Poste cuadrado de pino tratados en autoclave CU4 color verde.\",\"isPartOf\":{\"@id\":\"https:\\\/\\\/www.garciavarona.com\\\/en\\\/#website\"},\"primaryImageOfPage\":{\"@id\":\"https:\\\/\\\/www.garciavarona.com\\\/en\\\/producto\\\/poste-cuadrado-de-madera-tratada-para-exterior\\\/#primaryimage\"},\"image\":{\"@id\":\"https:\\\/\\\/www.garciavarona.com\\\/en\\\/producto\\\/poste-cuadrado-de-madera-tratada-para-exterior\\\/#primaryimage\"},\"thumbnailUrl\":\"https:\\\/\\\/www.garciavarona.com\\\/wp-content\\\/uploads\\\/2018\\\/05\\\/148-Poste-cuadrado-de-madera-tratada-para-exterior.jpg\",\"datePublished\":\"2018-05-30T11:40:18+00:00\",\"dateModified\":\"2024-04-26T10:05:52+00:00\",\"description\":\"Poste cuadrado de pino tratados en autoclave CU4 color verde. Estaca de madera maciza de pino para uso exterior en cerramientos y cercados. Tratamiento CU4.\",\"breadcrumb\":{\"@id\":\"https:\\\/\\\/www.garciavarona.com\\\/en\\\/producto\\\/poste-cuadrado-de-madera-tratada-para-exterior\\\/#breadcrumb\"},\"inLanguage\":\"en-US\",\"potentialAction\":[{\"@type\":\"ReadAction\",\"target\":[\"https:\\\/\\\/www.garciavarona.com\\\/en\\\/producto\\\/poste-cuadrado-de-madera-tratada-para-exterior\\\/\"]}]},{\"@type\":\"ImageObject\",\"inLanguage\":\"en-US\",\"@id\":\"https:\\\/\\\/www.garciavarona.com\\\/en\\\/producto\\\/poste-cuadrado-de-madera-tratada-para-exterior\\\/#primaryimage\",\"url\":\"https:\\\/\\\/www.garciavarona.com\\\/wp-content\\\/uploads\\\/2018\\\/05\\\/148-Poste-cuadrado-de-madera-tratada-para-exterior.jpg\",\"contentUrl\":\"https:\\\/\\\/www.garciavarona.com\\\/wp-content\\\/uploads\\\/2018\\\/05\\\/148-Poste-cuadrado-de-madera-tratada-para-exterior.jpg\",\"width\":500,\"height\":500,\"caption\":\"Poste cuadrado de madera tratada para exterior\"},{\"@type\":\"BreadcrumbList\",\"@id\":\"https:\\\/\\\/www.garciavarona.com\\\/en\\\/producto\\\/poste-cuadrado-de-madera-tratada-para-exterior\\\/#breadcrumb\",\"itemListElement\":[{\"@type\":\"ListItem\",\"position\":1,\"name\":\"Portada\",\"item\":\"https:\\\/\\\/www.garciavarona.com\\\/en\\\/\"},{\"@type\":\"ListItem\",\"position\":2,\"name\":\"Tienda Maderas Garc\u00eda Varona\",\"item\":\"https:\\\/\\\/www.garciavarona.com\\\/tienda\\\/\"},{\"@type\":\"ListItem\",\"position\":3,\"name\":\"Poste cuadrado de madera tratada para exterior\"}]},{\"@type\":\"WebSite\",\"@id\":\"https:\\\/\\\/www.garciavarona.com\\\/en\\\/#website\",\"url\":\"https:\\\/\\\/www.garciavarona.com\\\/en\\\/\",\"name\":\"Maderas Garcia Varona\",\"description\":\"Fabrica y Aserradero de Madera. Expertos en Madera\",\"publisher\":{\"@id\":\"https:\\\/\\\/www.garciavarona.com\\\/en\\\/#organization\"},\"potentialAction\":[{\"@type\":\"SearchAction\",\"target\":{\"@type\":\"EntryPoint\",\"urlTemplate\":\"https:\\\/\\\/www.garciavarona.com\\\/en\\\/?s={search_term_string}\"},\"query-input\":{\"@type\":\"PropertyValueSpecification\",\"valueRequired\":true,\"valueName\":\"search_term_string\"}}],\"inLanguage\":\"en-US\"},{\"@type\":\"Organization\",\"@id\":\"https:\\\/\\\/www.garciavarona.com\\\/en\\\/#organization\",\"name\":\"Maderas Garcia Varona\",\"url\":\"https:\\\/\\\/www.garciavarona.com\\\/en\\\/\",\"logo\":{\"@type\":\"ImageObject\",\"inLanguage\":\"en-US\",\"@id\":\"https:\\\/\\\/www.garciavarona.com\\\/en\\\/#\\\/schema\\\/logo\\\/image\\\/\",\"url\":\"https:\\\/\\\/www.garciavarona.com\\\/wp-content\\\/uploads\\\/2022\\\/06\\\/logoGarciaVarona.svg\",\"contentUrl\":\"https:\\\/\\\/www.garciavarona.com\\\/wp-content\\\/uploads\\\/2022\\\/06\\\/logoGarciaVarona.svg\",\"width\":1020,\"height\":200,\"caption\":\"Maderas Garcia Varona\"},\"image\":{\"@id\":\"https:\\\/\\\/www.garciavarona.com\\\/en\\\/#\\\/schema\\\/logo\\\/image\\\/\"},\"sameAs\":[\"https:\\\/\\\/www.facebook.com\\\/maderasgarciavaronagrupo\",\"https:\\\/\\\/x.com\\\/maderasvaronars\",\"https:\\\/\\\/www.instagram.com\\\/maderasgarciavarona\\\/\",\"https:\\\/\\\/www.linkedin.com\\\/company\\\/maderas-garcia-varona\\\/\",\"https:\\\/\\\/www.youtube.com\\\/channel\\\/UCGUEME06N_h66pB2coJC83w\\\/featured\"]}]}<\/script>\n<!-- \/ Yoast SEO plugin. -->","yoast_head_json":{"title":"Poste cuadrado de pino tratados en autoclave CU4 color verde.","description":"Poste cuadrado de pino tratados en autoclave CU4 color verde. Estaca de madera maciza de pino para uso exterior en cerramientos y cercados. Tratamiento CU4.","robots":{"index":"index","follow":"follow","max-snippet":"max-snippet:-1","max-image-preview":"max-image-preview:large","max-video-preview":"max-video-preview:-1"},"canonical":"https:\/\/www.garciavarona.com\/en\/producto\/poste-cuadrado-de-madera-tratada-para-exterior\/","og_locale":"en_US","og_type":"article","og_title":"Poste cuadrado de pino tratados en autoclave CU4 color verde.","og_description":"Poste cuadrado de pino tratados en autoclave CU4 color verde. Estaca de madera maciza de pino para uso exterior en cerramientos y cercados. Tratamiento CU4.","og_url":"https:\/\/www.garciavarona.com\/en\/producto\/poste-cuadrado-de-madera-tratada-para-exterior\/","og_site_name":"Maderas Garcia Varona","article_publisher":"https:\/\/www.facebook.com\/maderasgarciavaronagrupo","article_modified_time":"2024-04-26T10:05:52+00:00","og_image":[{"width":500,"height":500,"url":"https:\/\/www.garciavarona.com\/wp-content\/uploads\/2018\/05\/148-Poste-cuadrado-de-madera-tratada-para-exterior.jpg","type":"image\/jpeg"}],"twitter_card":"summary_large_image","twitter_site":"@maderasvaronars","twitter_misc":{"Est. reading time":"2 minutes"},"schema":{"@context":"https:\/\/schema.org","@graph":[{"@type":["WebPage","ItemPage"],"@id":"https:\/\/www.garciavarona.com\/en\/producto\/poste-cuadrado-de-madera-tratada-para-exterior\/","url":"https:\/\/www.garciavarona.com\/en\/producto\/poste-cuadrado-de-madera-tratada-para-exterior\/","name":"Poste cuadrado de pino tratados en autoclave CU4 color verde.","isPartOf":{"@id":"https:\/\/www.garciavarona.com\/en\/#website"},"primaryImageOfPage":{"@id":"https:\/\/www.garciavarona.com\/en\/producto\/poste-cuadrado-de-madera-tratada-para-exterior\/#primaryimage"},"image":{"@id":"https:\/\/www.garciavarona.com\/en\/producto\/poste-cuadrado-de-madera-tratada-para-exterior\/#primaryimage"},"thumbnailUrl":"https:\/\/www.garciavarona.com\/wp-content\/uploads\/2018\/05\/148-Poste-cuadrado-de-madera-tratada-para-exterior.jpg","datePublished":"2018-05-30T11:40:18+00:00","dateModified":"2024-04-26T10:05:52+00:00","description":"Poste cuadrado de pino tratados en autoclave CU4 color verde. Estaca de madera maciza de pino para uso exterior en cerramientos y cercados. Tratamiento CU4.","breadcrumb":{"@id":"https:\/\/www.garciavarona.com\/en\/producto\/poste-cuadrado-de-madera-tratada-para-exterior\/#breadcrumb"},"inLanguage":"en-US","potentialAction":[{"@type":"ReadAction","target":["https:\/\/www.garciavarona.com\/en\/producto\/poste-cuadrado-de-madera-tratada-para-exterior\/"]}]},{"@type":"ImageObject","inLanguage":"en-US","@id":"https:\/\/www.garciavarona.com\/en\/producto\/poste-cuadrado-de-madera-tratada-para-exterior\/#primaryimage","url":"https:\/\/www.garciavarona.com\/wp-content\/uploads\/2018\/05\/148-Poste-cuadrado-de-madera-tratada-para-exterior.jpg","contentUrl":"https:\/\/www.garciavarona.com\/wp-content\/uploads\/2018\/05\/148-Poste-cuadrado-de-madera-tratada-para-exterior.jpg","width":500,"height":500,"caption":"Poste cuadrado de madera tratada para exterior"},{"@type":"BreadcrumbList","@id":"https:\/\/www.garciavarona.com\/en\/producto\/poste-cuadrado-de-madera-tratada-para-exterior\/#breadcrumb","itemListElement":[{"@type":"ListItem","position":1,"name":"Portada","item":"https:\/\/www.garciavarona.com\/en\/"},{"@type":"ListItem","position":2,"name":"Tienda Maderas Garc\u00eda Varona","item":"https:\/\/www.garciavarona.com\/tienda\/"},{"@type":"ListItem","position":3,"name":"Poste cuadrado de madera tratada para exterior"}]},{"@type":"WebSite","@id":"https:\/\/www.garciavarona.com\/en\/#website","url":"https:\/\/www.garciavarona.com\/en\/","name":"Maderas Garcia Varona","description":"Fabrica y Aserradero de Madera. Expertos en Madera","publisher":{"@id":"https:\/\/www.garciavarona.com\/en\/#organization"},"potentialAction":[{"@type":"SearchAction","target":{"@type":"EntryPoint","urlTemplate":"https:\/\/www.garciavarona.com\/en\/?s={search_term_string}"},"query-input":{"@type":"PropertyValueSpecification","valueRequired":true,"valueName":"search_term_string"}}],"inLanguage":"en-US"},{"@type":"Organization","@id":"https:\/\/www.garciavarona.com\/en\/#organization","name":"Maderas Garcia Varona","url":"https:\/\/www.garciavarona.com\/en\/","logo":{"@type":"ImageObject","inLanguage":"en-US","@id":"https:\/\/www.garciavarona.com\/en\/#\/schema\/logo\/image\/","url":"https:\/\/www.garciavarona.com\/wp-content\/uploads\/2022\/06\/logoGarciaVarona.svg","contentUrl":"https:\/\/www.garciavarona.com\/wp-content\/uploads\/2022\/06\/logoGarciaVarona.svg","width":1020,"height":200,"caption":"Maderas Garcia Varona"},"image":{"@id":"https:\/\/www.garciavarona.com\/en\/#\/schema\/logo\/image\/"},"sameAs":["https:\/\/www.facebook.com\/maderasgarciavaronagrupo","https:\/\/x.com\/maderasvaronars","https:\/\/www.instagram.com\/maderasgarciavarona\/","https:\/\/www.linkedin.com\/company\/maderas-garcia-varona\/","https:\/\/www.youtube.com\/channel\/UCGUEME06N_h66pB2coJC83w\/featured"]}]}},"_links":{"self":[{"href":"https:\/\/www.garciavarona.com\/en\/wp-json\/wp\/v2\/product\/11206","targetHints":{"allow":["GET"]}}],"collection":[{"href":"https:\/\/www.garciavarona.com\/en\/wp-json\/wp\/v2\/product"}],"about":[{"href":"https:\/\/www.garciavarona.com\/en\/wp-json\/wp\/v2\/types\/product"}],"version-history":[{"count":5,"href":"https:\/\/www.garciavarona.com\/en\/wp-json\/wp\/v2\/product\/11206\/revisions"}],"predecessor-version":[{"id":15132,"href":"https:\/\/www.garciavarona.com\/en\/wp-json\/wp\/v2\/product\/11206\/revisions\/15132"}],"wp:featuredmedia":[{"embeddable":true,"href":"https:\/\/www.garciavarona.com\/en\/wp-json\/wp\/v2\/media\/11203"}],"wp:attachment":[{"href":"https:\/\/www.garciavarona.com\/en\/wp-json\/wp\/v2\/media?parent=11206"}],"wp:term":[{"taxonomy":"product_brand","embeddable":true,"href":"https:\/\/www.garciavarona.com\/en\/wp-json\/wp\/v2\/product_brand?post=11206"},{"taxonomy":"product_cat","embeddable":true,"href":"https:\/\/www.garciavarona.com\/en\/wp-json\/wp\/v2\/product_cat?post=11206"},{"taxonomy":"product_tag","embeddable":true,"href":"https:\/\/www.garciavarona.com\/en\/wp-json\/wp\/v2\/product_tag?post=11206"}],"curies":[{"name":"wp","href":"https:\/\/api.w.org\/{rel}","templated":true}]}}