{"id":11330,"date":"2018-08-10T12:11:50","date_gmt":"2018-08-10T12:11:50","guid":{"rendered":"https:\/\/pruebas.garciavarona.com\/producto\/traviesa-de-roble-macizo-ecologica-20x10-cm-con-encaje\/"},"modified":"2024-04-06T22:39:38","modified_gmt":"2024-04-06T22:39:38","slug":"traviesa-de-roble-maciza-ecologica-20x10-cm-con-encaje","status":"publish","type":"product","link":"https:\/\/www.garciavarona.com\/en\/producto\/traviesa-de-roble-maciza-ecologica-20x10-cm-con-encaje\/","title":{"rendered":"Traviesa de roble macizo ecol\u00f3gica 20&#215;10 cm con encaje"},"content":{"rendered":"<h1>Traviesa de roble maciza ecol\u00f3gica 20&#215;10 cm con encaje<\/h1>\n<p><strong>Traviesa de roble maciza<\/strong> para la decoraci\u00f3n de exteriores con un encaje a cada lado que facilita su colocaci\u00f3n. Fabricada con <strong>madera maciza de roble europeo<\/strong> 100% natural, sin tratamientos qu\u00edmicos (gracias a la alta durabilidad natural de este tipo de madera). Traviesas paisaj\u00edsticas, uso exclusivamente decorativo. Puede tener gema.<\/p>\n<p><strong>Traviesa nueva de madera maciza de roble<\/strong>; no es una traviesa de tren recuperada impregnada de creosota. Madera natural sin tratamientos qu\u00edmicos.<\/p>\n<p>No se trata de traviesa de ferrocarril, por lo que no se le puede dar ese uso. Simula una traviesa de tren de madera maciza, pero no tiene las especificaciones t\u00e9cnicas que requiere una traviesa de ferrocarril. El uso de nuestras traviesas de roble es decorativo.<\/p>\n<p>Calidad est\u00e1ndar. Disponible ficha t\u00e9cnica descargable con descripci\u00f3n de la calidad en la pesta\u00f1a &#8220;Descargar&#8221;.<\/p>\n<p><a href=\"https:\/\/www.garciavarona.com\/contactar\/\">CONSULTAR precio especial por lote completo.<\/a><\/p>\n<h2>\u00bfPor qu\u00e9 son la mejor opci\u00f3n las traviesas ecol\u00f3gicas de roble para decorar tu jard\u00edn?<\/h2>\n<ul>\n<li>El roble tiene una alta durabilidad natural, por lo que con una traviesa de roble sin tratamientos qu\u00edmicos consigues una decoraci\u00f3n ecol\u00f3gica de gran durabilidad.<\/li>\n<li>Las traviesas de ferrocarril recuperadas est\u00e1n impregnadas con creosota, un producto totalmente prohibido actualmente y que es perjudicial para la salud.<\/li>\n<li>Un producto ecol\u00f3gico es un producto natural que no tiene tratamientos qu\u00edmicos.<\/li>\n<li>Con una traviesa de roble tendr\u00e1s una madera de gran durabilidad y totalmente ecologica. Eso si, madera siempre certificada de bosques autosostenidos.<\/li>\n<li>Estas traviesas de roble con encaje, adem\u00e1s, facilitan su instalaci\u00f3n gracias al encaje a cada lado.<\/li>\n<\/ul>\n","protected":false},"excerpt":{"rendered":"<p>Traviesa decorativa fabricada con madera de roble europeo con un encaje a cada lado que facilita su colocaci\u00f3n. 100 % natural, sin tratamientos qu\u00edmicos.<\/p>\n","protected":false},"featured_media":11327,"template":"","meta":[],"product_brand":[],"product_cat":[754,780,787,757],"product_tag":[1563,1564,1557,1062,1063,1356,1061,1357],"class_list":{"0":"post-11330","1":"product","2":"type-product","3":"status-publish","4":"has-post-thumbnail","6":"product_cat-madera-para-jardines","7":"product_cat-traviesas","8":"product_cat-jardin-outlet","9":"product_cat-outlet-de-madera","10":"product_tag-durmiente","11":"product_tag-durmiente-de-madera","12":"product_tag-traviesa","13":"product_tag-traviesa-de-ferrocarril","14":"product_tag-traviesa-de-madera","15":"product_tag-traviesa-de-roble","16":"product_tag-traviesa-de-tren","17":"product_tag-traviesa-ecologica","18":"pa_largo-1-000-mm","19":"pa_largo-1-250-mm","20":"pa_largo-1500mm","22":"first","23":"instock","24":"taxable","25":"shipping-taxable","26":"purchasable","27":"product-type-variable","28":"has-default-attributes"},"yoast_head":"<!-- This site is optimized with the Yoast SEO plugin v27.3 - https:\/\/yoast.com\/product\/yoast-seo-wordpress\/ -->\n<title>Traviesa de roble maciza con encaje para decoraci\u00f3n de jard\u00edn<\/title>\n<meta name=\"description\" content=\"Traviesa de roble maciza con encaje para decoraci\u00f3n de jard\u00edn. Oferta hasta fin de existencias. Ideal para decoraci\u00f3n de exteriores. Descuento por lote\" \/>\n<meta name=\"robots\" content=\"index, follow, max-snippet:-1, max-image-preview:large, max-video-preview:-1\" \/>\n<link rel=\"canonical\" href=\"https:\/\/www.garciavarona.com\/en\/producto\/traviesa-de-roble-maciza-ecologica-20x10-cm-con-encaje\/\" \/>\n<meta property=\"og:locale\" content=\"en_US\" \/>\n<meta property=\"og:type\" content=\"article\" \/>\n<meta property=\"og:title\" content=\"Traviesa de roble maciza con encaje para decoraci\u00f3n de jard\u00edn\" \/>\n<meta property=\"og:description\" content=\"Traviesa de roble maciza con encaje para decoraci\u00f3n de jard\u00edn. Oferta hasta fin de existencias. Ideal para decoraci\u00f3n de exteriores. Descuento por lote\" \/>\n<meta property=\"og:url\" content=\"https:\/\/www.garciavarona.com\/en\/producto\/traviesa-de-roble-maciza-ecologica-20x10-cm-con-encaje\/\" \/>\n<meta property=\"og:site_name\" content=\"Maderas Garcia Varona\" \/>\n<meta property=\"article:publisher\" content=\"https:\/\/www.facebook.com\/maderasgarciavaronagrupo\" \/>\n<meta property=\"article:modified_time\" content=\"2024-04-06T22:39:38+00:00\" \/>\n<meta property=\"og:image\" content=\"https:\/\/www.garciavarona.com\/wp-content\/uploads\/2018\/08\/200-Traviesa-de-roble-macizo-ecologica-20x10-cm.-con-encaje.jpg\" \/>\n\t<meta property=\"og:image:width\" content=\"525\" \/>\n\t<meta property=\"og:image:height\" content=\"525\" \/>\n\t<meta property=\"og:image:type\" content=\"image\/jpeg\" \/>\n<meta name=\"twitter:card\" content=\"summary_large_image\" \/>\n<meta name=\"twitter:site\" content=\"@maderasvaronars\" \/>\n<meta name=\"twitter:label1\" content=\"Est. reading time\" \/>\n\t<meta name=\"twitter:data1\" content=\"2 minutes\" \/>\n<script type=\"application\/ld+json\" class=\"yoast-schema-graph\">{\"@context\":\"https:\\\/\\\/schema.org\",\"@graph\":[{\"@type\":[\"WebPage\",\"ItemPage\"],\"@id\":\"https:\\\/\\\/www.garciavarona.com\\\/en\\\/producto\\\/traviesa-de-roble-maciza-ecologica-20x10-cm-con-encaje\\\/\",\"url\":\"https:\\\/\\\/www.garciavarona.com\\\/en\\\/producto\\\/traviesa-de-roble-maciza-ecologica-20x10-cm-con-encaje\\\/\",\"name\":\"Traviesa de roble maciza con encaje para decoraci\u00f3n de jard\u00edn\",\"isPartOf\":{\"@id\":\"https:\\\/\\\/www.garciavarona.com\\\/en\\\/#website\"},\"primaryImageOfPage\":{\"@id\":\"https:\\\/\\\/www.garciavarona.com\\\/en\\\/producto\\\/traviesa-de-roble-maciza-ecologica-20x10-cm-con-encaje\\\/#primaryimage\"},\"image\":{\"@id\":\"https:\\\/\\\/www.garciavarona.com\\\/en\\\/producto\\\/traviesa-de-roble-maciza-ecologica-20x10-cm-con-encaje\\\/#primaryimage\"},\"thumbnailUrl\":\"https:\\\/\\\/www.garciavarona.com\\\/wp-content\\\/uploads\\\/2018\\\/08\\\/200-Traviesa-de-roble-macizo-ecologica-20x10-cm.-con-encaje.jpg\",\"datePublished\":\"2018-08-10T12:11:50+00:00\",\"dateModified\":\"2024-04-06T22:39:38+00:00\",\"description\":\"Traviesa de roble maciza con encaje para decoraci\u00f3n de jard\u00edn. Oferta hasta fin de existencias. Ideal para decoraci\u00f3n de exteriores. Descuento por lote\",\"breadcrumb\":{\"@id\":\"https:\\\/\\\/www.garciavarona.com\\\/en\\\/producto\\\/traviesa-de-roble-maciza-ecologica-20x10-cm-con-encaje\\\/#breadcrumb\"},\"inLanguage\":\"en-US\",\"potentialAction\":[{\"@type\":\"ReadAction\",\"target\":[\"https:\\\/\\\/www.garciavarona.com\\\/en\\\/producto\\\/traviesa-de-roble-maciza-ecologica-20x10-cm-con-encaje\\\/\"]}]},{\"@type\":\"ImageObject\",\"inLanguage\":\"en-US\",\"@id\":\"https:\\\/\\\/www.garciavarona.com\\\/en\\\/producto\\\/traviesa-de-roble-maciza-ecologica-20x10-cm-con-encaje\\\/#primaryimage\",\"url\":\"https:\\\/\\\/www.garciavarona.com\\\/wp-content\\\/uploads\\\/2018\\\/08\\\/200-Traviesa-de-roble-macizo-ecologica-20x10-cm.-con-encaje.jpg\",\"contentUrl\":\"https:\\\/\\\/www.garciavarona.com\\\/wp-content\\\/uploads\\\/2018\\\/08\\\/200-Traviesa-de-roble-macizo-ecologica-20x10-cm.-con-encaje.jpg\",\"width\":525,\"height\":525,\"caption\":\"Traviesa de roble macizo ecol\u00f3gica 20x10 cm. con encaje\"},{\"@type\":\"BreadcrumbList\",\"@id\":\"https:\\\/\\\/www.garciavarona.com\\\/en\\\/producto\\\/traviesa-de-roble-maciza-ecologica-20x10-cm-con-encaje\\\/#breadcrumb\",\"itemListElement\":[{\"@type\":\"ListItem\",\"position\":1,\"name\":\"Portada\",\"item\":\"https:\\\/\\\/www.garciavarona.com\\\/en\\\/\"},{\"@type\":\"ListItem\",\"position\":2,\"name\":\"Tienda Maderas Garc\u00eda Varona\",\"item\":\"https:\\\/\\\/www.garciavarona.com\\\/tienda\\\/\"},{\"@type\":\"ListItem\",\"position\":3,\"name\":\"Traviesa de roble macizo ecol\u00f3gica 20&#215;10 cm con encaje\"}]},{\"@type\":\"WebSite\",\"@id\":\"https:\\\/\\\/www.garciavarona.com\\\/en\\\/#website\",\"url\":\"https:\\\/\\\/www.garciavarona.com\\\/en\\\/\",\"name\":\"Maderas Garcia Varona\",\"description\":\"Fabrica y Aserradero de Madera. Expertos en Madera\",\"publisher\":{\"@id\":\"https:\\\/\\\/www.garciavarona.com\\\/en\\\/#organization\"},\"potentialAction\":[{\"@type\":\"SearchAction\",\"target\":{\"@type\":\"EntryPoint\",\"urlTemplate\":\"https:\\\/\\\/www.garciavarona.com\\\/en\\\/?s={search_term_string}\"},\"query-input\":{\"@type\":\"PropertyValueSpecification\",\"valueRequired\":true,\"valueName\":\"search_term_string\"}}],\"inLanguage\":\"en-US\"},{\"@type\":\"Organization\",\"@id\":\"https:\\\/\\\/www.garciavarona.com\\\/en\\\/#organization\",\"name\":\"Maderas Garcia Varona\",\"url\":\"https:\\\/\\\/www.garciavarona.com\\\/en\\\/\",\"logo\":{\"@type\":\"ImageObject\",\"inLanguage\":\"en-US\",\"@id\":\"https:\\\/\\\/www.garciavarona.com\\\/en\\\/#\\\/schema\\\/logo\\\/image\\\/\",\"url\":\"https:\\\/\\\/www.garciavarona.com\\\/wp-content\\\/uploads\\\/2022\\\/06\\\/logoGarciaVarona.svg\",\"contentUrl\":\"https:\\\/\\\/www.garciavarona.com\\\/wp-content\\\/uploads\\\/2022\\\/06\\\/logoGarciaVarona.svg\",\"width\":1020,\"height\":200,\"caption\":\"Maderas Garcia Varona\"},\"image\":{\"@id\":\"https:\\\/\\\/www.garciavarona.com\\\/en\\\/#\\\/schema\\\/logo\\\/image\\\/\"},\"sameAs\":[\"https:\\\/\\\/www.facebook.com\\\/maderasgarciavaronagrupo\",\"https:\\\/\\\/x.com\\\/maderasvaronars\",\"https:\\\/\\\/www.instagram.com\\\/maderasgarciavarona\\\/\",\"https:\\\/\\\/www.linkedin.com\\\/company\\\/maderas-garcia-varona\\\/\",\"https:\\\/\\\/www.youtube.com\\\/channel\\\/UCGUEME06N_h66pB2coJC83w\\\/featured\"]}]}<\/script>\n<!-- \/ Yoast SEO plugin. -->","yoast_head_json":{"title":"Traviesa de roble maciza con encaje para decoraci\u00f3n de jard\u00edn","description":"Traviesa de roble maciza con encaje para decoraci\u00f3n de jard\u00edn. Oferta hasta fin de existencias. Ideal para decoraci\u00f3n de exteriores. Descuento por lote","robots":{"index":"index","follow":"follow","max-snippet":"max-snippet:-1","max-image-preview":"max-image-preview:large","max-video-preview":"max-video-preview:-1"},"canonical":"https:\/\/www.garciavarona.com\/en\/producto\/traviesa-de-roble-maciza-ecologica-20x10-cm-con-encaje\/","og_locale":"en_US","og_type":"article","og_title":"Traviesa de roble maciza con encaje para decoraci\u00f3n de jard\u00edn","og_description":"Traviesa de roble maciza con encaje para decoraci\u00f3n de jard\u00edn. Oferta hasta fin de existencias. Ideal para decoraci\u00f3n de exteriores. Descuento por lote","og_url":"https:\/\/www.garciavarona.com\/en\/producto\/traviesa-de-roble-maciza-ecologica-20x10-cm-con-encaje\/","og_site_name":"Maderas Garcia Varona","article_publisher":"https:\/\/www.facebook.com\/maderasgarciavaronagrupo","article_modified_time":"2024-04-06T22:39:38+00:00","og_image":[{"width":525,"height":525,"url":"https:\/\/www.garciavarona.com\/wp-content\/uploads\/2018\/08\/200-Traviesa-de-roble-macizo-ecologica-20x10-cm.-con-encaje.jpg","type":"image\/jpeg"}],"twitter_card":"summary_large_image","twitter_site":"@maderasvaronars","twitter_misc":{"Est. reading time":"2 minutes"},"schema":{"@context":"https:\/\/schema.org","@graph":[{"@type":["WebPage","ItemPage"],"@id":"https:\/\/www.garciavarona.com\/en\/producto\/traviesa-de-roble-maciza-ecologica-20x10-cm-con-encaje\/","url":"https:\/\/www.garciavarona.com\/en\/producto\/traviesa-de-roble-maciza-ecologica-20x10-cm-con-encaje\/","name":"Traviesa de roble maciza con encaje para decoraci\u00f3n de jard\u00edn","isPartOf":{"@id":"https:\/\/www.garciavarona.com\/en\/#website"},"primaryImageOfPage":{"@id":"https:\/\/www.garciavarona.com\/en\/producto\/traviesa-de-roble-maciza-ecologica-20x10-cm-con-encaje\/#primaryimage"},"image":{"@id":"https:\/\/www.garciavarona.com\/en\/producto\/traviesa-de-roble-maciza-ecologica-20x10-cm-con-encaje\/#primaryimage"},"thumbnailUrl":"https:\/\/www.garciavarona.com\/wp-content\/uploads\/2018\/08\/200-Traviesa-de-roble-macizo-ecologica-20x10-cm.-con-encaje.jpg","datePublished":"2018-08-10T12:11:50+00:00","dateModified":"2024-04-06T22:39:38+00:00","description":"Traviesa de roble maciza con encaje para decoraci\u00f3n de jard\u00edn. Oferta hasta fin de existencias. Ideal para decoraci\u00f3n de exteriores. Descuento por lote","breadcrumb":{"@id":"https:\/\/www.garciavarona.com\/en\/producto\/traviesa-de-roble-maciza-ecologica-20x10-cm-con-encaje\/#breadcrumb"},"inLanguage":"en-US","potentialAction":[{"@type":"ReadAction","target":["https:\/\/www.garciavarona.com\/en\/producto\/traviesa-de-roble-maciza-ecologica-20x10-cm-con-encaje\/"]}]},{"@type":"ImageObject","inLanguage":"en-US","@id":"https:\/\/www.garciavarona.com\/en\/producto\/traviesa-de-roble-maciza-ecologica-20x10-cm-con-encaje\/#primaryimage","url":"https:\/\/www.garciavarona.com\/wp-content\/uploads\/2018\/08\/200-Traviesa-de-roble-macizo-ecologica-20x10-cm.-con-encaje.jpg","contentUrl":"https:\/\/www.garciavarona.com\/wp-content\/uploads\/2018\/08\/200-Traviesa-de-roble-macizo-ecologica-20x10-cm.-con-encaje.jpg","width":525,"height":525,"caption":"Traviesa de roble macizo ecol\u00f3gica 20x10 cm. con encaje"},{"@type":"BreadcrumbList","@id":"https:\/\/www.garciavarona.com\/en\/producto\/traviesa-de-roble-maciza-ecologica-20x10-cm-con-encaje\/#breadcrumb","itemListElement":[{"@type":"ListItem","position":1,"name":"Portada","item":"https:\/\/www.garciavarona.com\/en\/"},{"@type":"ListItem","position":2,"name":"Tienda Maderas Garc\u00eda Varona","item":"https:\/\/www.garciavarona.com\/tienda\/"},{"@type":"ListItem","position":3,"name":"Traviesa de roble macizo ecol\u00f3gica 20&#215;10 cm con encaje"}]},{"@type":"WebSite","@id":"https:\/\/www.garciavarona.com\/en\/#website","url":"https:\/\/www.garciavarona.com\/en\/","name":"Maderas Garcia Varona","description":"Fabrica y Aserradero de Madera. Expertos en Madera","publisher":{"@id":"https:\/\/www.garciavarona.com\/en\/#organization"},"potentialAction":[{"@type":"SearchAction","target":{"@type":"EntryPoint","urlTemplate":"https:\/\/www.garciavarona.com\/en\/?s={search_term_string}"},"query-input":{"@type":"PropertyValueSpecification","valueRequired":true,"valueName":"search_term_string"}}],"inLanguage":"en-US"},{"@type":"Organization","@id":"https:\/\/www.garciavarona.com\/en\/#organization","name":"Maderas Garcia Varona","url":"https:\/\/www.garciavarona.com\/en\/","logo":{"@type":"ImageObject","inLanguage":"en-US","@id":"https:\/\/www.garciavarona.com\/en\/#\/schema\/logo\/image\/","url":"https:\/\/www.garciavarona.com\/wp-content\/uploads\/2022\/06\/logoGarciaVarona.svg","contentUrl":"https:\/\/www.garciavarona.com\/wp-content\/uploads\/2022\/06\/logoGarciaVarona.svg","width":1020,"height":200,"caption":"Maderas Garcia Varona"},"image":{"@id":"https:\/\/www.garciavarona.com\/en\/#\/schema\/logo\/image\/"},"sameAs":["https:\/\/www.facebook.com\/maderasgarciavaronagrupo","https:\/\/x.com\/maderasvaronars","https:\/\/www.instagram.com\/maderasgarciavarona\/","https:\/\/www.linkedin.com\/company\/maderas-garcia-varona\/","https:\/\/www.youtube.com\/channel\/UCGUEME06N_h66pB2coJC83w\/featured"]}]}},"_links":{"self":[{"href":"https:\/\/www.garciavarona.com\/en\/wp-json\/wp\/v2\/product\/11330","targetHints":{"allow":["GET"]}}],"collection":[{"href":"https:\/\/www.garciavarona.com\/en\/wp-json\/wp\/v2\/product"}],"about":[{"href":"https:\/\/www.garciavarona.com\/en\/wp-json\/wp\/v2\/types\/product"}],"version-history":[{"count":3,"href":"https:\/\/www.garciavarona.com\/en\/wp-json\/wp\/v2\/product\/11330\/revisions"}],"predecessor-version":[{"id":15090,"href":"https:\/\/www.garciavarona.com\/en\/wp-json\/wp\/v2\/product\/11330\/revisions\/15090"}],"wp:featuredmedia":[{"embeddable":true,"href":"https:\/\/www.garciavarona.com\/en\/wp-json\/wp\/v2\/media\/11327"}],"wp:attachment":[{"href":"https:\/\/www.garciavarona.com\/en\/wp-json\/wp\/v2\/media?parent=11330"}],"wp:term":[{"taxonomy":"product_brand","embeddable":true,"href":"https:\/\/www.garciavarona.com\/en\/wp-json\/wp\/v2\/product_brand?post=11330"},{"taxonomy":"product_cat","embeddable":true,"href":"https:\/\/www.garciavarona.com\/en\/wp-json\/wp\/v2\/product_cat?post=11330"},{"taxonomy":"product_tag","embeddable":true,"href":"https:\/\/www.garciavarona.com\/en\/wp-json\/wp\/v2\/product_tag?post=11330"}],"curies":[{"name":"wp","href":"https:\/\/api.w.org\/{rel}","templated":true}]}}