{"id":11418,"date":"2018-08-16T10:53:39","date_gmt":"2018-08-16T10:53:39","guid":{"rendered":"https:\/\/pruebas.garciavarona.com\/producto\/tratamiento-autoclave-cu3-por-metro-cubico\/"},"modified":"2025-06-18T09:31:38","modified_gmt":"2025-06-18T07:31:38","slug":"tratamiento-autoclave-cu3-por-metro-cubico","status":"publish","type":"product","link":"https:\/\/www.garciavarona.com\/en\/producto\/tratamiento-autoclave-cu3-por-metro-cubico\/","title":{"rendered":"Tratamiento Autoclave CU3 por metro c\u00fabico"},"content":{"rendered":"<h1>Tratamiento Autoclave CU3 por metro c\u00fabico<\/h1>\n<p>Tratamiento Autoclave CU3 por metro c\u00fabico. El <a href=\"https:\/\/www.garciavarona.com\/Servicios-para-la-madera\/\" target=\"_blank\" rel=\"noopener\">tratamiento autoclave<\/a> clase de uso 3 (CU3) est\u00e1 indicado para la madera en exterior e interior que se encuentra sin contacto con el suelo, expuesta y no expuesta a los agentes atmosf\u00e9ricos y frecuente humidificaci\u00f3n. Es un tratamiento incoloro. Pedido m\u00ednimo 2 m<sup>3<\/sup>.<\/p>\n<p>Es un tratamiento* especialmente indicado para madera en exterior. El <strong>tratamiento autoclave CU3<\/strong> para madera es una protecci\u00f3n preventiva frente a insectos y agentes atmosf\u00e9ricos.<\/p>\n<p>* No tratamos madera ajena a Maderas Garc\u00eda Varona. El tratamiento est\u00e1 disponible asociado al pedido de madera de esta tienda online y que el cliente quiera que apliquemos.<\/p>\n<p>Cuando se habla de <strong>tratamientos para madera<\/strong>, hablamos de un procedimiento que consiste en someter a la madera a diversas t\u00e9cnicas de vac\u00edo para combatir el ataque de insectos y microorganismos. Estos ataques suelen ser causados por diferentes organismos y en muchas ocasiones son provocados por las condiciones ambientales adversas. Los insectos y microorganismos pueden encontrar su h\u00e1bitat en cualquier parte de nuestro entorno, ya sea dentro o fuera del hogar, lo cual supone un serio peligro para la salud debido a que atacan los materiales con los que entran en contacto, como madera. El tratamiento autoclave CU 3 es el proceso id\u00f3neo para combatir este tipo de problemas.<\/p>\n<h3>\u00bfEn qu\u00e9 consiste el tratamiento autoclave?<\/h3>\n<p>El tratamiento autoclave es un protector preventivo y curativo de la madera de la familia de los org\u00e1nicos. Contiene biocidas (insecticidas y fungicidas) que protegen la madera contra los agentes destructores destacando por sus propiedades anti-termitas y anti-carcoma.<\/p>\n<p>La finalidad del tratamiento autoclave es aumentar la durabilidad natural de la madera. De esta forma podemos aumentar la resistencia de la madera frente a insectos, xil\u00f3fagos, hongos y otros agentes degradantes.<\/p>\n<p>El tratamiento en autoclave se realiza mediante ciclos preestablecidos de vac\u00edo y se consigue introduciendo los productos protectores en profundidad en el interior de la madera. Primero se hace el vac\u00edo o depresi\u00f3n dentro de una c\u00e1mara para eliminar el aire. De esta manera los poros de la madera se abren para recibir, a poro abierto y por inmersi\u00f3n, los diferentes productos qu\u00edmicos.<\/p>\n","protected":false},"excerpt":{"rendered":"<p>Precio por m<sup>3<\/sup> del tratamiento autoclave clase de uso 3 (CU3). M\u00ednimo 2 m<sup>3<\/sup>.<\/p>\n","protected":false},"featured_media":11417,"template":"","meta":[],"product_brand":[],"product_cat":[755,792],"product_tag":[1131,2080,1133,1136,2081,1134,2078,2079],"class_list":{"0":"post-11418","1":"product","2":"type-product","3":"status-publish","4":"has-post-thumbnail","6":"product_cat-construccion","7":"product_cat-servicios-para-madera","8":"product_tag-madera-para-exterior","9":"product_tag-proteccion-preventiva-frente-a-insectos","10":"product_tag-tratamiento-autoclave","11":"product_tag-tratamiento-cu3","12":"product_tag-tratamiento-curativo-de-la-madera","13":"product_tag-tratamiento-para-exterior","14":"product_tag-tratamiento-para-madera-de-exterior","15":"product_tag-tratamiento-preventivo-para-madera","17":"first","18":"outofstock","19":"virtual","20":"taxable","21":"purchasable","22":"product-type-simple"},"yoast_head":"<!-- This site is optimized with the Yoast SEO plugin v27.3 - https:\/\/yoast.com\/product\/yoast-seo-wordpress\/ -->\n<title>Tratamiento Autoclave CU3 por metro c\u00fabico<\/title>\n<meta name=\"description\" content=\"Tratamiento para madera en exterior. El tratamiento autoclave CU3 por metro c\u00fabico est\u00e1 indicado como protecci\u00f3n preventiva frente a insectos.\" \/>\n<meta name=\"robots\" content=\"index, follow, max-snippet:-1, max-image-preview:large, max-video-preview:-1\" \/>\n<link rel=\"canonical\" href=\"https:\/\/www.garciavarona.com\/en\/producto\/tratamiento-autoclave-cu3-por-metro-cubico\/\" \/>\n<meta property=\"og:locale\" content=\"en_US\" \/>\n<meta property=\"og:type\" content=\"article\" \/>\n<meta property=\"og:title\" content=\"Tratamiento Autoclave CU3 por metro c\u00fabico\" \/>\n<meta property=\"og:description\" content=\"Tratamiento para madera en exterior. El tratamiento autoclave CU3 por metro c\u00fabico est\u00e1 indicado como protecci\u00f3n preventiva frente a insectos.\" \/>\n<meta property=\"og:url\" content=\"https:\/\/www.garciavarona.com\/en\/producto\/tratamiento-autoclave-cu3-por-metro-cubico\/\" \/>\n<meta property=\"og:site_name\" content=\"Maderas Garcia Varona\" \/>\n<meta property=\"article:publisher\" content=\"https:\/\/www.facebook.com\/maderasgarciavaronagrupo\" \/>\n<meta property=\"article:modified_time\" content=\"2025-06-18T07:31:38+00:00\" \/>\n<meta property=\"og:image\" content=\"https:\/\/www.garciavarona.com\/wp-content\/uploads\/2018\/08\/224-Tratamiento-Autoclave-CU3.jpg\" \/>\n\t<meta property=\"og:image:width\" content=\"525\" \/>\n\t<meta property=\"og:image:height\" content=\"525\" \/>\n\t<meta property=\"og:image:type\" content=\"image\/jpeg\" \/>\n<meta name=\"twitter:card\" content=\"summary_large_image\" \/>\n<meta name=\"twitter:site\" content=\"@maderasvaronars\" \/>\n<meta name=\"twitter:label1\" content=\"Est. reading time\" \/>\n\t<meta name=\"twitter:data1\" content=\"2 minutes\" \/>\n<script type=\"application\/ld+json\" class=\"yoast-schema-graph\">{\"@context\":\"https:\\\/\\\/schema.org\",\"@graph\":[{\"@type\":[\"WebPage\",\"ItemPage\"],\"@id\":\"https:\\\/\\\/www.garciavarona.com\\\/en\\\/producto\\\/tratamiento-autoclave-cu3-por-metro-cubico\\\/\",\"url\":\"https:\\\/\\\/www.garciavarona.com\\\/en\\\/producto\\\/tratamiento-autoclave-cu3-por-metro-cubico\\\/\",\"name\":\"Tratamiento Autoclave CU3 por metro c\u00fabico\",\"isPartOf\":{\"@id\":\"https:\\\/\\\/www.garciavarona.com\\\/en\\\/#website\"},\"primaryImageOfPage\":{\"@id\":\"https:\\\/\\\/www.garciavarona.com\\\/en\\\/producto\\\/tratamiento-autoclave-cu3-por-metro-cubico\\\/#primaryimage\"},\"image\":{\"@id\":\"https:\\\/\\\/www.garciavarona.com\\\/en\\\/producto\\\/tratamiento-autoclave-cu3-por-metro-cubico\\\/#primaryimage\"},\"thumbnailUrl\":\"https:\\\/\\\/www.garciavarona.com\\\/wp-content\\\/uploads\\\/2018\\\/08\\\/224-Tratamiento-Autoclave-CU3.jpg\",\"datePublished\":\"2018-08-16T10:53:39+00:00\",\"dateModified\":\"2025-06-18T07:31:38+00:00\",\"description\":\"Tratamiento para madera en exterior. El tratamiento autoclave CU3 por metro c\u00fabico est\u00e1 indicado como protecci\u00f3n preventiva frente a insectos.\",\"breadcrumb\":{\"@id\":\"https:\\\/\\\/www.garciavarona.com\\\/en\\\/producto\\\/tratamiento-autoclave-cu3-por-metro-cubico\\\/#breadcrumb\"},\"inLanguage\":\"en-US\",\"potentialAction\":[{\"@type\":\"ReadAction\",\"target\":[\"https:\\\/\\\/www.garciavarona.com\\\/en\\\/producto\\\/tratamiento-autoclave-cu3-por-metro-cubico\\\/\"]}]},{\"@type\":\"ImageObject\",\"inLanguage\":\"en-US\",\"@id\":\"https:\\\/\\\/www.garciavarona.com\\\/en\\\/producto\\\/tratamiento-autoclave-cu3-por-metro-cubico\\\/#primaryimage\",\"url\":\"https:\\\/\\\/www.garciavarona.com\\\/wp-content\\\/uploads\\\/2018\\\/08\\\/224-Tratamiento-Autoclave-CU3.jpg\",\"contentUrl\":\"https:\\\/\\\/www.garciavarona.com\\\/wp-content\\\/uploads\\\/2018\\\/08\\\/224-Tratamiento-Autoclave-CU3.jpg\",\"width\":525,\"height\":525,\"caption\":\"Tratamiento Autoclave CU3\"},{\"@type\":\"BreadcrumbList\",\"@id\":\"https:\\\/\\\/www.garciavarona.com\\\/en\\\/producto\\\/tratamiento-autoclave-cu3-por-metro-cubico\\\/#breadcrumb\",\"itemListElement\":[{\"@type\":\"ListItem\",\"position\":1,\"name\":\"Portada\",\"item\":\"https:\\\/\\\/www.garciavarona.com\\\/en\\\/\"},{\"@type\":\"ListItem\",\"position\":2,\"name\":\"Tienda Maderas Garc\u00eda Varona\",\"item\":\"https:\\\/\\\/www.garciavarona.com\\\/tienda\\\/\"},{\"@type\":\"ListItem\",\"position\":3,\"name\":\"Tratamiento Autoclave CU3 por metro c\u00fabico\"}]},{\"@type\":\"WebSite\",\"@id\":\"https:\\\/\\\/www.garciavarona.com\\\/en\\\/#website\",\"url\":\"https:\\\/\\\/www.garciavarona.com\\\/en\\\/\",\"name\":\"Maderas Garcia Varona\",\"description\":\"Fabrica y Aserradero de Madera. Expertos en Madera\",\"publisher\":{\"@id\":\"https:\\\/\\\/www.garciavarona.com\\\/en\\\/#organization\"},\"potentialAction\":[{\"@type\":\"SearchAction\",\"target\":{\"@type\":\"EntryPoint\",\"urlTemplate\":\"https:\\\/\\\/www.garciavarona.com\\\/en\\\/?s={search_term_string}\"},\"query-input\":{\"@type\":\"PropertyValueSpecification\",\"valueRequired\":true,\"valueName\":\"search_term_string\"}}],\"inLanguage\":\"en-US\"},{\"@type\":\"Organization\",\"@id\":\"https:\\\/\\\/www.garciavarona.com\\\/en\\\/#organization\",\"name\":\"Maderas Garcia Varona\",\"url\":\"https:\\\/\\\/www.garciavarona.com\\\/en\\\/\",\"logo\":{\"@type\":\"ImageObject\",\"inLanguage\":\"en-US\",\"@id\":\"https:\\\/\\\/www.garciavarona.com\\\/en\\\/#\\\/schema\\\/logo\\\/image\\\/\",\"url\":\"https:\\\/\\\/www.garciavarona.com\\\/wp-content\\\/uploads\\\/2022\\\/06\\\/logoGarciaVarona.svg\",\"contentUrl\":\"https:\\\/\\\/www.garciavarona.com\\\/wp-content\\\/uploads\\\/2022\\\/06\\\/logoGarciaVarona.svg\",\"width\":1020,\"height\":200,\"caption\":\"Maderas Garcia Varona\"},\"image\":{\"@id\":\"https:\\\/\\\/www.garciavarona.com\\\/en\\\/#\\\/schema\\\/logo\\\/image\\\/\"},\"sameAs\":[\"https:\\\/\\\/www.facebook.com\\\/maderasgarciavaronagrupo\",\"https:\\\/\\\/x.com\\\/maderasvaronars\",\"https:\\\/\\\/www.instagram.com\\\/maderasgarciavarona\\\/\",\"https:\\\/\\\/www.linkedin.com\\\/company\\\/maderas-garcia-varona\\\/\",\"https:\\\/\\\/www.youtube.com\\\/channel\\\/UCGUEME06N_h66pB2coJC83w\\\/featured\"]}]}<\/script>\n<!-- \/ Yoast SEO plugin. -->","yoast_head_json":{"title":"Tratamiento Autoclave CU3 por metro c\u00fabico","description":"Tratamiento para madera en exterior. El tratamiento autoclave CU3 por metro c\u00fabico est\u00e1 indicado como protecci\u00f3n preventiva frente a insectos.","robots":{"index":"index","follow":"follow","max-snippet":"max-snippet:-1","max-image-preview":"max-image-preview:large","max-video-preview":"max-video-preview:-1"},"canonical":"https:\/\/www.garciavarona.com\/en\/producto\/tratamiento-autoclave-cu3-por-metro-cubico\/","og_locale":"en_US","og_type":"article","og_title":"Tratamiento Autoclave CU3 por metro c\u00fabico","og_description":"Tratamiento para madera en exterior. El tratamiento autoclave CU3 por metro c\u00fabico est\u00e1 indicado como protecci\u00f3n preventiva frente a insectos.","og_url":"https:\/\/www.garciavarona.com\/en\/producto\/tratamiento-autoclave-cu3-por-metro-cubico\/","og_site_name":"Maderas Garcia Varona","article_publisher":"https:\/\/www.facebook.com\/maderasgarciavaronagrupo","article_modified_time":"2025-06-18T07:31:38+00:00","og_image":[{"width":525,"height":525,"url":"https:\/\/www.garciavarona.com\/wp-content\/uploads\/2018\/08\/224-Tratamiento-Autoclave-CU3.jpg","type":"image\/jpeg"}],"twitter_card":"summary_large_image","twitter_site":"@maderasvaronars","twitter_misc":{"Est. reading time":"2 minutes"},"schema":{"@context":"https:\/\/schema.org","@graph":[{"@type":["WebPage","ItemPage"],"@id":"https:\/\/www.garciavarona.com\/en\/producto\/tratamiento-autoclave-cu3-por-metro-cubico\/","url":"https:\/\/www.garciavarona.com\/en\/producto\/tratamiento-autoclave-cu3-por-metro-cubico\/","name":"Tratamiento Autoclave CU3 por metro c\u00fabico","isPartOf":{"@id":"https:\/\/www.garciavarona.com\/en\/#website"},"primaryImageOfPage":{"@id":"https:\/\/www.garciavarona.com\/en\/producto\/tratamiento-autoclave-cu3-por-metro-cubico\/#primaryimage"},"image":{"@id":"https:\/\/www.garciavarona.com\/en\/producto\/tratamiento-autoclave-cu3-por-metro-cubico\/#primaryimage"},"thumbnailUrl":"https:\/\/www.garciavarona.com\/wp-content\/uploads\/2018\/08\/224-Tratamiento-Autoclave-CU3.jpg","datePublished":"2018-08-16T10:53:39+00:00","dateModified":"2025-06-18T07:31:38+00:00","description":"Tratamiento para madera en exterior. El tratamiento autoclave CU3 por metro c\u00fabico est\u00e1 indicado como protecci\u00f3n preventiva frente a insectos.","breadcrumb":{"@id":"https:\/\/www.garciavarona.com\/en\/producto\/tratamiento-autoclave-cu3-por-metro-cubico\/#breadcrumb"},"inLanguage":"en-US","potentialAction":[{"@type":"ReadAction","target":["https:\/\/www.garciavarona.com\/en\/producto\/tratamiento-autoclave-cu3-por-metro-cubico\/"]}]},{"@type":"ImageObject","inLanguage":"en-US","@id":"https:\/\/www.garciavarona.com\/en\/producto\/tratamiento-autoclave-cu3-por-metro-cubico\/#primaryimage","url":"https:\/\/www.garciavarona.com\/wp-content\/uploads\/2018\/08\/224-Tratamiento-Autoclave-CU3.jpg","contentUrl":"https:\/\/www.garciavarona.com\/wp-content\/uploads\/2018\/08\/224-Tratamiento-Autoclave-CU3.jpg","width":525,"height":525,"caption":"Tratamiento Autoclave CU3"},{"@type":"BreadcrumbList","@id":"https:\/\/www.garciavarona.com\/en\/producto\/tratamiento-autoclave-cu3-por-metro-cubico\/#breadcrumb","itemListElement":[{"@type":"ListItem","position":1,"name":"Portada","item":"https:\/\/www.garciavarona.com\/en\/"},{"@type":"ListItem","position":2,"name":"Tienda Maderas Garc\u00eda Varona","item":"https:\/\/www.garciavarona.com\/tienda\/"},{"@type":"ListItem","position":3,"name":"Tratamiento Autoclave CU3 por metro c\u00fabico"}]},{"@type":"WebSite","@id":"https:\/\/www.garciavarona.com\/en\/#website","url":"https:\/\/www.garciavarona.com\/en\/","name":"Maderas Garcia Varona","description":"Fabrica y Aserradero de Madera. Expertos en Madera","publisher":{"@id":"https:\/\/www.garciavarona.com\/en\/#organization"},"potentialAction":[{"@type":"SearchAction","target":{"@type":"EntryPoint","urlTemplate":"https:\/\/www.garciavarona.com\/en\/?s={search_term_string}"},"query-input":{"@type":"PropertyValueSpecification","valueRequired":true,"valueName":"search_term_string"}}],"inLanguage":"en-US"},{"@type":"Organization","@id":"https:\/\/www.garciavarona.com\/en\/#organization","name":"Maderas Garcia Varona","url":"https:\/\/www.garciavarona.com\/en\/","logo":{"@type":"ImageObject","inLanguage":"en-US","@id":"https:\/\/www.garciavarona.com\/en\/#\/schema\/logo\/image\/","url":"https:\/\/www.garciavarona.com\/wp-content\/uploads\/2022\/06\/logoGarciaVarona.svg","contentUrl":"https:\/\/www.garciavarona.com\/wp-content\/uploads\/2022\/06\/logoGarciaVarona.svg","width":1020,"height":200,"caption":"Maderas Garcia Varona"},"image":{"@id":"https:\/\/www.garciavarona.com\/en\/#\/schema\/logo\/image\/"},"sameAs":["https:\/\/www.facebook.com\/maderasgarciavaronagrupo","https:\/\/x.com\/maderasvaronars","https:\/\/www.instagram.com\/maderasgarciavarona\/","https:\/\/www.linkedin.com\/company\/maderas-garcia-varona\/","https:\/\/www.youtube.com\/channel\/UCGUEME06N_h66pB2coJC83w\/featured"]}]}},"_links":{"self":[{"href":"https:\/\/www.garciavarona.com\/en\/wp-json\/wp\/v2\/product\/11418","targetHints":{"allow":["GET"]}}],"collection":[{"href":"https:\/\/www.garciavarona.com\/en\/wp-json\/wp\/v2\/product"}],"about":[{"href":"https:\/\/www.garciavarona.com\/en\/wp-json\/wp\/v2\/types\/product"}],"version-history":[{"count":3,"href":"https:\/\/www.garciavarona.com\/en\/wp-json\/wp\/v2\/product\/11418\/revisions"}],"predecessor-version":[{"id":19771,"href":"https:\/\/www.garciavarona.com\/en\/wp-json\/wp\/v2\/product\/11418\/revisions\/19771"}],"wp:featuredmedia":[{"embeddable":true,"href":"https:\/\/www.garciavarona.com\/en\/wp-json\/wp\/v2\/media\/11417"}],"wp:attachment":[{"href":"https:\/\/www.garciavarona.com\/en\/wp-json\/wp\/v2\/media?parent=11418"}],"wp:term":[{"taxonomy":"product_brand","embeddable":true,"href":"https:\/\/www.garciavarona.com\/en\/wp-json\/wp\/v2\/product_brand?post=11418"},{"taxonomy":"product_cat","embeddable":true,"href":"https:\/\/www.garciavarona.com\/en\/wp-json\/wp\/v2\/product_cat?post=11418"},{"taxonomy":"product_tag","embeddable":true,"href":"https:\/\/www.garciavarona.com\/en\/wp-json\/wp\/v2\/product_tag?post=11418"}],"curies":[{"name":"wp","href":"https:\/\/api.w.org\/{rel}","templated":true}]}}