{"id":11451,"date":"2018-08-22T09:46:39","date_gmt":"2018-08-22T09:46:39","guid":{"rendered":"https:\/\/pruebas.garciavarona.com\/producto\/liston-de-madera-tropical-tatajuba-de-20x50-mm\/"},"modified":"2023-12-15T10:10:56","modified_gmt":"2023-12-15T10:10:56","slug":"liston-de-madera-tropical-tatajuba-de-20x50-mm","status":"publish","type":"product","link":"https:\/\/www.garciavarona.com\/en\/producto\/liston-de-madera-tropical-tatajuba-de-20x50-mm\/","title":{"rendered":"List\u00f3n de madera tropical tatajuba de 20&#215;50 mm"},"content":{"rendered":"<h1>List\u00f3n de madera tropical tatajuba de 20&#215;50 mm<\/h1>\n<p>List\u00f3n de madera tropical tatajuba de 20&#215;50 mm de secci\u00f3n y largo de 1 a 2,5 metros. Sin tratamiento. List\u00f3n rectangular fabricado con madera tropical maciza. Para la instalaci\u00f3n de parquet de madera o rastrelado de suelos. Tambi\u00e9n se puede usar para marcos de ventanas o puertas, unir y fijar estructuras o la fabricaci\u00f3n de muebles. Precio por metro lineal. Pedido m\u00ednimo 10 unidades.<\/p>\n<p>Los listones de madera tienen una gran variedad de usos tanto en la construcci\u00f3n, creaci\u00f3n de estructuras, bricolaje, como en la decoraci\u00f3n.<\/p>\n<p>Los listones o rastreles se utilizan tanto para construir paredes o estructuras (suelen tener un grosor mayor), como para rastrelados de suelos. Pueden unir y servir de soporte a diferentes estructuras. Crear una mayor sujeci\u00f3n y resistencia para estas estructuras, hacer tabiques. Adem\u00e1s, al mismo tiempo que unen, dan soporte, por ejemplo para colocar encimeras o baldas.<\/p>\n<p>El rastrelado de suelos se lleva a cabo para colocar tarima de madera clavada. Tambi\u00e9n paredes, techos o cubiertas. Sirve como estructura para la colocaci\u00f3n de friso de madera como revestimiento de las paredes.<\/p>\n<p>Es extendido su uso en trabajos de carpinter\u00eda, como marcos de puertas o ventanas. Para la fabricaci\u00f3n de muebles, como estanter\u00edas, mesas y sillas de madera. Dependiendo del tipo de muebles y de si son para interior o exterior estar\u00e1n tratados de una manera u otra. Los listones de madera pueden usarse para cualquier tipo de decoraci\u00f3n en el hogar.<\/p>\n<p>* No soltar los\u00a0<a href=\"https:\/\/es.wikipedia.org\/wiki\/Fleje\" target=\"_blank\" rel=\"noopener\">flejes<\/a> (sujeci\u00f3n) del paquete de listones hasta el momento de la instalaci\u00f3n. De esta forma evitamos posibles deformaciones. En caso de que, una vez acabada la instalaci\u00f3n, haya sobrantes, se deben de volver a sujetar los listones con flejes o similar para evitar que se deformen.<\/p>\n","protected":false},"excerpt":{"rendered":"<p>Rastrel de madera tropical tatajuba de 2&#215;5 cm. Sin tratamiento. Precio por ml. Pedido m\u00ednimo 10 unidades.<\/p>\n","protected":false},"featured_media":11449,"template":"","meta":[],"product_brand":[],"product_cat":[789,757],"product_tag":[1165,1168,1167,1164,1166,1169],"class_list":{"0":"post-11451","1":"product","2":"type-product","3":"status-publish","4":"has-post-thumbnail","6":"product_cat-listones-outlet","7":"product_cat-outlet-de-madera","8":"product_tag-liston-de-madera-tropical","9":"product_tag-liston-de-tatajuba","10":"product_tag-madera-de-tatajuba","11":"product_tag-madera-tropical","12":"product_tag-rastrel-de-madera-tropical","13":"product_tag-rastrel-de-tatajuba","15":"first","16":"outofstock","17":"taxable","18":"shipping-taxable","19":"purchasable","20":"product-type-simple"},"yoast_head":"<!-- This site is optimized with the Yoast SEO plugin v27.3 - https:\/\/yoast.com\/product\/yoast-seo-wordpress\/ -->\n<title>List\u00f3n de madera tropical tatajuba de 20x50 mm<\/title>\n<meta name=\"description\" content=\"List\u00f3n de madera tropical tatajuba de 20x50 mm y largo de 1 a 2,5 m. Rastrel de madera tropical maciza de tatajuba. Oferta fin de stock. \u00daltimas unidades.\" \/>\n<meta name=\"robots\" content=\"index, follow, max-snippet:-1, max-image-preview:large, max-video-preview:-1\" \/>\n<link rel=\"canonical\" href=\"https:\/\/www.garciavarona.com\/en\/producto\/liston-de-madera-tropical-tatajuba-de-20x50-mm\/\" \/>\n<meta property=\"og:locale\" content=\"en_US\" \/>\n<meta property=\"og:type\" content=\"article\" \/>\n<meta property=\"og:title\" content=\"List\u00f3n de madera tropical tatajuba de 20x50 mm\" \/>\n<meta property=\"og:description\" content=\"List\u00f3n de madera tropical tatajuba de 20x50 mm y largo de 1 a 2,5 m. Rastrel de madera tropical maciza de tatajuba. Oferta fin de stock. \u00daltimas unidades.\" \/>\n<meta property=\"og:url\" content=\"https:\/\/www.garciavarona.com\/en\/producto\/liston-de-madera-tropical-tatajuba-de-20x50-mm\/\" \/>\n<meta property=\"og:site_name\" content=\"Maderas Garcia Varona\" \/>\n<meta property=\"article:publisher\" content=\"https:\/\/www.facebook.com\/maderasgarciavaronagrupo\" \/>\n<meta property=\"article:modified_time\" content=\"2023-12-15T10:10:56+00:00\" \/>\n<meta property=\"og:image\" content=\"https:\/\/www.garciavarona.com\/wp-content\/uploads\/2018\/08\/249-Liston-de-tatajuba-20-x-50-mm.jpg\" \/>\n\t<meta property=\"og:image:width\" content=\"500\" \/>\n\t<meta property=\"og:image:height\" content=\"500\" \/>\n\t<meta property=\"og:image:type\" content=\"image\/jpeg\" \/>\n<meta name=\"twitter:card\" content=\"summary_large_image\" \/>\n<meta name=\"twitter:site\" content=\"@maderasvaronars\" \/>\n<meta name=\"twitter:label1\" content=\"Est. reading time\" \/>\n\t<meta name=\"twitter:data1\" content=\"2 minutes\" \/>\n<script type=\"application\/ld+json\" class=\"yoast-schema-graph\">{\"@context\":\"https:\\\/\\\/schema.org\",\"@graph\":[{\"@type\":[\"WebPage\",\"ItemPage\"],\"@id\":\"https:\\\/\\\/www.garciavarona.com\\\/en\\\/producto\\\/liston-de-madera-tropical-tatajuba-de-20x50-mm\\\/\",\"url\":\"https:\\\/\\\/www.garciavarona.com\\\/en\\\/producto\\\/liston-de-madera-tropical-tatajuba-de-20x50-mm\\\/\",\"name\":\"List\u00f3n de madera tropical tatajuba de 20x50 mm\",\"isPartOf\":{\"@id\":\"https:\\\/\\\/www.garciavarona.com\\\/en\\\/#website\"},\"primaryImageOfPage\":{\"@id\":\"https:\\\/\\\/www.garciavarona.com\\\/en\\\/producto\\\/liston-de-madera-tropical-tatajuba-de-20x50-mm\\\/#primaryimage\"},\"image\":{\"@id\":\"https:\\\/\\\/www.garciavarona.com\\\/en\\\/producto\\\/liston-de-madera-tropical-tatajuba-de-20x50-mm\\\/#primaryimage\"},\"thumbnailUrl\":\"https:\\\/\\\/www.garciavarona.com\\\/wp-content\\\/uploads\\\/2018\\\/08\\\/249-Liston-de-tatajuba-20-x-50-mm.jpg\",\"datePublished\":\"2018-08-22T09:46:39+00:00\",\"dateModified\":\"2023-12-15T10:10:56+00:00\",\"description\":\"List\u00f3n de madera tropical tatajuba de 20x50 mm y largo de 1 a 2,5 m. Rastrel de madera tropical maciza de tatajuba. Oferta fin de stock. \u00daltimas unidades.\",\"breadcrumb\":{\"@id\":\"https:\\\/\\\/www.garciavarona.com\\\/en\\\/producto\\\/liston-de-madera-tropical-tatajuba-de-20x50-mm\\\/#breadcrumb\"},\"inLanguage\":\"en-US\",\"potentialAction\":[{\"@type\":\"ReadAction\",\"target\":[\"https:\\\/\\\/www.garciavarona.com\\\/en\\\/producto\\\/liston-de-madera-tropical-tatajuba-de-20x50-mm\\\/\"]}]},{\"@type\":\"ImageObject\",\"inLanguage\":\"en-US\",\"@id\":\"https:\\\/\\\/www.garciavarona.com\\\/en\\\/producto\\\/liston-de-madera-tropical-tatajuba-de-20x50-mm\\\/#primaryimage\",\"url\":\"https:\\\/\\\/www.garciavarona.com\\\/wp-content\\\/uploads\\\/2018\\\/08\\\/249-Liston-de-tatajuba-20-x-50-mm.jpg\",\"contentUrl\":\"https:\\\/\\\/www.garciavarona.com\\\/wp-content\\\/uploads\\\/2018\\\/08\\\/249-Liston-de-tatajuba-20-x-50-mm.jpg\",\"width\":500,\"height\":500,\"caption\":\"List\u00f3n de tatajuba 20 x 50 mm\"},{\"@type\":\"BreadcrumbList\",\"@id\":\"https:\\\/\\\/www.garciavarona.com\\\/en\\\/producto\\\/liston-de-madera-tropical-tatajuba-de-20x50-mm\\\/#breadcrumb\",\"itemListElement\":[{\"@type\":\"ListItem\",\"position\":1,\"name\":\"Portada\",\"item\":\"https:\\\/\\\/www.garciavarona.com\\\/en\\\/\"},{\"@type\":\"ListItem\",\"position\":2,\"name\":\"Tienda Maderas Garc\u00eda Varona\",\"item\":\"https:\\\/\\\/www.garciavarona.com\\\/tienda\\\/\"},{\"@type\":\"ListItem\",\"position\":3,\"name\":\"List\u00f3n de madera tropical tatajuba de 20&#215;50 mm\"}]},{\"@type\":\"WebSite\",\"@id\":\"https:\\\/\\\/www.garciavarona.com\\\/en\\\/#website\",\"url\":\"https:\\\/\\\/www.garciavarona.com\\\/en\\\/\",\"name\":\"Maderas Garcia Varona\",\"description\":\"Fabrica y Aserradero de Madera. Expertos en Madera\",\"publisher\":{\"@id\":\"https:\\\/\\\/www.garciavarona.com\\\/en\\\/#organization\"},\"potentialAction\":[{\"@type\":\"SearchAction\",\"target\":{\"@type\":\"EntryPoint\",\"urlTemplate\":\"https:\\\/\\\/www.garciavarona.com\\\/en\\\/?s={search_term_string}\"},\"query-input\":{\"@type\":\"PropertyValueSpecification\",\"valueRequired\":true,\"valueName\":\"search_term_string\"}}],\"inLanguage\":\"en-US\"},{\"@type\":\"Organization\",\"@id\":\"https:\\\/\\\/www.garciavarona.com\\\/en\\\/#organization\",\"name\":\"Maderas Garcia Varona\",\"url\":\"https:\\\/\\\/www.garciavarona.com\\\/en\\\/\",\"logo\":{\"@type\":\"ImageObject\",\"inLanguage\":\"en-US\",\"@id\":\"https:\\\/\\\/www.garciavarona.com\\\/en\\\/#\\\/schema\\\/logo\\\/image\\\/\",\"url\":\"https:\\\/\\\/www.garciavarona.com\\\/wp-content\\\/uploads\\\/2022\\\/06\\\/logoGarciaVarona.svg\",\"contentUrl\":\"https:\\\/\\\/www.garciavarona.com\\\/wp-content\\\/uploads\\\/2022\\\/06\\\/logoGarciaVarona.svg\",\"width\":1020,\"height\":200,\"caption\":\"Maderas Garcia Varona\"},\"image\":{\"@id\":\"https:\\\/\\\/www.garciavarona.com\\\/en\\\/#\\\/schema\\\/logo\\\/image\\\/\"},\"sameAs\":[\"https:\\\/\\\/www.facebook.com\\\/maderasgarciavaronagrupo\",\"https:\\\/\\\/x.com\\\/maderasvaronars\",\"https:\\\/\\\/www.instagram.com\\\/maderasgarciavarona\\\/\",\"https:\\\/\\\/www.linkedin.com\\\/company\\\/maderas-garcia-varona\\\/\",\"https:\\\/\\\/www.youtube.com\\\/channel\\\/UCGUEME06N_h66pB2coJC83w\\\/featured\"]}]}<\/script>\n<!-- \/ Yoast SEO plugin. -->","yoast_head_json":{"title":"List\u00f3n de madera tropical tatajuba de 20x50 mm","description":"List\u00f3n de madera tropical tatajuba de 20x50 mm y largo de 1 a 2,5 m. Rastrel de madera tropical maciza de tatajuba. Oferta fin de stock. \u00daltimas unidades.","robots":{"index":"index","follow":"follow","max-snippet":"max-snippet:-1","max-image-preview":"max-image-preview:large","max-video-preview":"max-video-preview:-1"},"canonical":"https:\/\/www.garciavarona.com\/en\/producto\/liston-de-madera-tropical-tatajuba-de-20x50-mm\/","og_locale":"en_US","og_type":"article","og_title":"List\u00f3n de madera tropical tatajuba de 20x50 mm","og_description":"List\u00f3n de madera tropical tatajuba de 20x50 mm y largo de 1 a 2,5 m. Rastrel de madera tropical maciza de tatajuba. Oferta fin de stock. \u00daltimas unidades.","og_url":"https:\/\/www.garciavarona.com\/en\/producto\/liston-de-madera-tropical-tatajuba-de-20x50-mm\/","og_site_name":"Maderas Garcia Varona","article_publisher":"https:\/\/www.facebook.com\/maderasgarciavaronagrupo","article_modified_time":"2023-12-15T10:10:56+00:00","og_image":[{"width":500,"height":500,"url":"https:\/\/www.garciavarona.com\/wp-content\/uploads\/2018\/08\/249-Liston-de-tatajuba-20-x-50-mm.jpg","type":"image\/jpeg"}],"twitter_card":"summary_large_image","twitter_site":"@maderasvaronars","twitter_misc":{"Est. reading time":"2 minutes"},"schema":{"@context":"https:\/\/schema.org","@graph":[{"@type":["WebPage","ItemPage"],"@id":"https:\/\/www.garciavarona.com\/en\/producto\/liston-de-madera-tropical-tatajuba-de-20x50-mm\/","url":"https:\/\/www.garciavarona.com\/en\/producto\/liston-de-madera-tropical-tatajuba-de-20x50-mm\/","name":"List\u00f3n de madera tropical tatajuba de 20x50 mm","isPartOf":{"@id":"https:\/\/www.garciavarona.com\/en\/#website"},"primaryImageOfPage":{"@id":"https:\/\/www.garciavarona.com\/en\/producto\/liston-de-madera-tropical-tatajuba-de-20x50-mm\/#primaryimage"},"image":{"@id":"https:\/\/www.garciavarona.com\/en\/producto\/liston-de-madera-tropical-tatajuba-de-20x50-mm\/#primaryimage"},"thumbnailUrl":"https:\/\/www.garciavarona.com\/wp-content\/uploads\/2018\/08\/249-Liston-de-tatajuba-20-x-50-mm.jpg","datePublished":"2018-08-22T09:46:39+00:00","dateModified":"2023-12-15T10:10:56+00:00","description":"List\u00f3n de madera tropical tatajuba de 20x50 mm y largo de 1 a 2,5 m. Rastrel de madera tropical maciza de tatajuba. Oferta fin de stock. \u00daltimas unidades.","breadcrumb":{"@id":"https:\/\/www.garciavarona.com\/en\/producto\/liston-de-madera-tropical-tatajuba-de-20x50-mm\/#breadcrumb"},"inLanguage":"en-US","potentialAction":[{"@type":"ReadAction","target":["https:\/\/www.garciavarona.com\/en\/producto\/liston-de-madera-tropical-tatajuba-de-20x50-mm\/"]}]},{"@type":"ImageObject","inLanguage":"en-US","@id":"https:\/\/www.garciavarona.com\/en\/producto\/liston-de-madera-tropical-tatajuba-de-20x50-mm\/#primaryimage","url":"https:\/\/www.garciavarona.com\/wp-content\/uploads\/2018\/08\/249-Liston-de-tatajuba-20-x-50-mm.jpg","contentUrl":"https:\/\/www.garciavarona.com\/wp-content\/uploads\/2018\/08\/249-Liston-de-tatajuba-20-x-50-mm.jpg","width":500,"height":500,"caption":"List\u00f3n de tatajuba 20 x 50 mm"},{"@type":"BreadcrumbList","@id":"https:\/\/www.garciavarona.com\/en\/producto\/liston-de-madera-tropical-tatajuba-de-20x50-mm\/#breadcrumb","itemListElement":[{"@type":"ListItem","position":1,"name":"Portada","item":"https:\/\/www.garciavarona.com\/en\/"},{"@type":"ListItem","position":2,"name":"Tienda Maderas Garc\u00eda Varona","item":"https:\/\/www.garciavarona.com\/tienda\/"},{"@type":"ListItem","position":3,"name":"List\u00f3n de madera tropical tatajuba de 20&#215;50 mm"}]},{"@type":"WebSite","@id":"https:\/\/www.garciavarona.com\/en\/#website","url":"https:\/\/www.garciavarona.com\/en\/","name":"Maderas Garcia Varona","description":"Fabrica y Aserradero de Madera. Expertos en Madera","publisher":{"@id":"https:\/\/www.garciavarona.com\/en\/#organization"},"potentialAction":[{"@type":"SearchAction","target":{"@type":"EntryPoint","urlTemplate":"https:\/\/www.garciavarona.com\/en\/?s={search_term_string}"},"query-input":{"@type":"PropertyValueSpecification","valueRequired":true,"valueName":"search_term_string"}}],"inLanguage":"en-US"},{"@type":"Organization","@id":"https:\/\/www.garciavarona.com\/en\/#organization","name":"Maderas Garcia Varona","url":"https:\/\/www.garciavarona.com\/en\/","logo":{"@type":"ImageObject","inLanguage":"en-US","@id":"https:\/\/www.garciavarona.com\/en\/#\/schema\/logo\/image\/","url":"https:\/\/www.garciavarona.com\/wp-content\/uploads\/2022\/06\/logoGarciaVarona.svg","contentUrl":"https:\/\/www.garciavarona.com\/wp-content\/uploads\/2022\/06\/logoGarciaVarona.svg","width":1020,"height":200,"caption":"Maderas Garcia Varona"},"image":{"@id":"https:\/\/www.garciavarona.com\/en\/#\/schema\/logo\/image\/"},"sameAs":["https:\/\/www.facebook.com\/maderasgarciavaronagrupo","https:\/\/x.com\/maderasvaronars","https:\/\/www.instagram.com\/maderasgarciavarona\/","https:\/\/www.linkedin.com\/company\/maderas-garcia-varona\/","https:\/\/www.youtube.com\/channel\/UCGUEME06N_h66pB2coJC83w\/featured"]}]}},"_links":{"self":[{"href":"https:\/\/www.garciavarona.com\/en\/wp-json\/wp\/v2\/product\/11451","targetHints":{"allow":["GET"]}}],"collection":[{"href":"https:\/\/www.garciavarona.com\/en\/wp-json\/wp\/v2\/product"}],"about":[{"href":"https:\/\/www.garciavarona.com\/en\/wp-json\/wp\/v2\/types\/product"}],"version-history":[{"count":3,"href":"https:\/\/www.garciavarona.com\/en\/wp-json\/wp\/v2\/product\/11451\/revisions"}],"predecessor-version":[{"id":19867,"href":"https:\/\/www.garciavarona.com\/en\/wp-json\/wp\/v2\/product\/11451\/revisions\/19867"}],"wp:featuredmedia":[{"embeddable":true,"href":"https:\/\/www.garciavarona.com\/en\/wp-json\/wp\/v2\/media\/11449"}],"wp:attachment":[{"href":"https:\/\/www.garciavarona.com\/en\/wp-json\/wp\/v2\/media?parent=11451"}],"wp:term":[{"taxonomy":"product_brand","embeddable":true,"href":"https:\/\/www.garciavarona.com\/en\/wp-json\/wp\/v2\/product_brand?post=11451"},{"taxonomy":"product_cat","embeddable":true,"href":"https:\/\/www.garciavarona.com\/en\/wp-json\/wp\/v2\/product_cat?post=11451"},{"taxonomy":"product_tag","embeddable":true,"href":"https:\/\/www.garciavarona.com\/en\/wp-json\/wp\/v2\/product_tag?post=11451"}],"curies":[{"name":"wp","href":"https:\/\/api.w.org\/{rel}","templated":true}]}}