{"id":11458,"date":"2019-08-09T11:44:48","date_gmt":"2019-08-09T11:44:48","guid":{"rendered":"https:\/\/pruebas.garciavarona.com\/producto\/tablero-alistonado-de-roble-lama-continua-1550-x-1000-mm\/"},"modified":"2023-04-10T11:24:07","modified_gmt":"2023-04-10T11:24:07","slug":"tablero-alistonado-de-roble-lama-continua-1550-x-1000-mm","status":"publish","type":"product","link":"https:\/\/www.garciavarona.com\/en\/producto\/tablero-alistonado-de-roble-lama-continua-1550-x-1000-mm\/","title":{"rendered":"Tablero alistonado de roble lama continua 1.550 x 1.000 mm"},"content":{"rendered":"<h1>Tablero alistonado de roble lama continua de 50 mm de grueso y 1.550 x 1.000 mm<\/h1>\n<p><strong>Tablero alistonado de roble macizo<\/strong> de lama cont\u00ednua, sin finger y encolado al ancho. Fabricado con list\u00f3n macizo 100% de roble y de largo continuo. Incluye tratamiento CU3.<\/p>\n<p>*La imagen de este producto es de calidad Nature.<\/p>\n<p>Producto dirigido a profesionales. Debe ser siempre colocado por un profesional.<\/p>\n<p>CONSULTAR precio para palets y cargas completas.<\/p>\n<h3>Caracter\u00edsticas del tablero alistonado de roble macizo<\/h3>\n<p>Fabricado con list\u00f3n macizo de roble europeo y de largo continuo, nuestro <strong>tablero alistonado de roble<\/strong> es:<\/p>\n<ul>\n<li>Vers\u00e1til: Porque puede usarse tanto para encimeras de cocinas y ba\u00f1os, como para tapa de mesa y otros muebles. Este tablero se adapta a todo tipo de espacios y estilos.<\/li>\n<li>Durabilidad: El roble es una madera que posee una alta durabilidad natural. Adem\u00e1s, como otros tipos de madera, puede ser reparada con masilla o simplemente lijar los ara\u00f1azos. Consulta como reparar una mesa de madera aqu\u00ed.<\/li>\n<li>Medio Ambiente: Nuestra madera procede de bosques gestionados de forma sostenible y fuentes controladas.<\/li>\n<li>Tendencia: La madera est\u00e1 de moda. Proporciona valor a las viviendas y es identificativo de calidad. Es acogedora, agradable al tacto y estar\u00e1 m\u00e1s bonita a medida que pasen los a\u00f1os.<\/li>\n<\/ul>\n<p>Se suministran cepillados y al natural con tratamiento CU3 incluido, sin acabado, para posteriormente aplicar un aceite, lasur o pintura al gusto.<\/p>\n<p>* La imagen del tablero es de calidad Nature.<\/p>\n<p>** La imagen de la mesa con patas blancas (no incluidas) es un tablero alistonado de roble calidad provenzal de 50 mm de grosor.<\/p>\n<h3>Memoria de calidades del tablero alistonado de roble macizo<\/h3>\n<hr \/>\n<table class=\"tablero\" border=\"0\">\n<tbody>\n<tr>\n<td><strong>CALIDAD NATURE<\/strong><\/td>\n<td>CARA<\/td>\n<td>CONTRACARA<\/td>\n<\/tr>\n<tr>\n<td>Matices naturales de color<\/td>\n<td>Escasa variedad de colores<\/td>\n<td>Ligeras variaciones<\/td>\n<\/tr>\n<tr>\n<td>Albura<\/td>\n<td>No admisible<\/td>\n<td>Admisible<\/td>\n<\/tr>\n<tr>\n<td>Nudos (tama\u00f1o)<\/td>\n<td>(en revision)<\/td>\n<td>Admisible<\/td>\n<\/tr>\n<tr>\n<td>Grietas<\/td>\n<td>No admisible<\/td>\n<td>No admisible<\/td>\n<\/tr>\n<tr>\n<td>Agujero de insecto<\/td>\n<td>No admisible<\/td>\n<td>No admisible<\/td>\n<\/tr>\n<tr>\n<td>Masillado<\/td>\n<td>Si<\/td>\n<td>Si<\/td>\n<\/tr>\n<tr>\n<td>Espejuelo<\/td>\n<td>Admisible<\/td>\n<td>Admisible<\/td>\n<\/tr>\n<\/tbody>\n<\/table>\n<hr \/>\n<table class=\"tablero\" border=\"0\">\n<tbody>\n<tr>\n<td><strong>CALIDAD PROVENZAL<\/strong><\/td>\n<td>CARA<\/td>\n<td>CONTRACARA<\/td>\n<\/tr>\n<tr>\n<td>Matices naturales de color<\/td>\n<td>Variado, ligero<\/td>\n<td>Amplias variaciones<\/td>\n<\/tr>\n<tr>\n<td>Albura<\/td>\n<td>Admisible<\/td>\n<td>Admisible<\/td>\n<\/tr>\n<tr>\n<td>Nudos (tama\u00f1o)<\/td>\n<td>(en revision)<\/td>\n<td>Sin limite<\/td>\n<\/tr>\n<tr>\n<td>Grietas<\/td>\n<td>Admisibles peque\u00f1as y masilladas<\/td>\n<td>Admisible<\/td>\n<\/tr>\n<tr>\n<td>Agujero de insecto<\/td>\n<td>No admisible<\/td>\n<td>Admisible<\/td>\n<\/tr>\n<tr>\n<td>Masillado<\/td>\n<td>Si<\/td>\n<td>Si<\/td>\n<\/tr>\n<tr>\n<td>Espejuelo<\/td>\n<td>Admisible<\/td>\n<td>Admisible<\/td>\n<\/tr>\n<\/tbody>\n<\/table>\n<hr \/>\n<table class=\"tablero\" border=\"0\">\n<tbody>\n<tr>\n<td><strong>CALIDAD R\u00daSTICA<\/strong><\/td>\n<td>CARA<\/td>\n<td>CONTRACARA<\/td>\n<\/tr>\n<tr>\n<td>Matices naturales de color<\/td>\n<td>Amplias variaciones de color<\/td>\n<td>Amplias variaciones de color<\/td>\n<\/tr>\n<tr>\n<td>Albura<\/td>\n<td>Sin limite<\/td>\n<td>Sin limite<\/td>\n<\/tr>\n<tr>\n<td>Nudos (tama\u00f1o)<\/td>\n<td>Sin limite<\/td>\n<td>Sin limite<\/td>\n<\/tr>\n<tr>\n<td>Grietas<\/td>\n<td>Sin limite<\/td>\n<td>Sin limite<\/td>\n<\/tr>\n<tr>\n<td>Agujero de insecto<\/td>\n<td>Sin limite<\/td>\n<td>Sin limite<\/td>\n<\/tr>\n<tr>\n<td>Masillado<\/td>\n<td>Si<\/td>\n<td>Si<\/td>\n<\/tr>\n<tr>\n<td>Espejuelo<\/td>\n<td>Admisible<\/td>\n<td>Admisible<\/td>\n<\/tr>\n<\/tbody>\n<\/table>\n<hr \/>\n","protected":false},"excerpt":{"rendered":"<p>Tablero alistonado de roble de 5 cm de grosor. Precio unidad.<\/p>\n","protected":false},"featured_media":11455,"template":"","meta":[],"product_brand":[],"product_cat":[755,784],"product_tag":[],"class_list":{"0":"post-11458","1":"product","2":"type-product","3":"status-publish","4":"has-post-thumbnail","6":"product_cat-construccion","7":"product_cat-tablero-de-madera","8":"pa_calidad-nature","9":"pa_calidad-provenzal","10":"pa_calidad-rustico","12":"first","13":"outofstock","14":"taxable","15":"shipping-taxable","16":"purchasable","17":"product-type-variable"},"yoast_head":"<!-- This site is optimized with the Yoast SEO plugin v27.3 - https:\/\/yoast.com\/product\/yoast-seo-wordpress\/ -->\n<title>Tablero alistonado de roble lama continua sin finger 1,55x1<\/title>\n<meta name=\"description\" content=\"Tablero alistonado de roble lama continua sin finger y encolado al ancho. Tratamiento CU3. Medidas 1,55 x 1 metro. Grueso 5 cm.\" \/>\n<meta name=\"robots\" content=\"index, follow, max-snippet:-1, max-image-preview:large, max-video-preview:-1\" \/>\n<link rel=\"canonical\" href=\"https:\/\/www.garciavarona.com\/en\/producto\/tablero-alistonado-de-roble-lama-continua-1550-x-1000-mm\/\" \/>\n<meta property=\"og:locale\" content=\"en_US\" \/>\n<meta property=\"og:type\" content=\"article\" \/>\n<meta property=\"og:title\" content=\"Tablero alistonado de roble lama continua sin finger 1,55x1\" \/>\n<meta property=\"og:description\" content=\"Tablero alistonado de roble lama continua sin finger y encolado al ancho. Tratamiento CU3. Medidas 1,55 x 1 metro. Grueso 5 cm.\" \/>\n<meta property=\"og:url\" content=\"https:\/\/www.garciavarona.com\/en\/producto\/tablero-alistonado-de-roble-lama-continua-1550-x-1000-mm\/\" \/>\n<meta property=\"og:site_name\" content=\"Maderas Garcia Varona\" \/>\n<meta property=\"article:publisher\" content=\"https:\/\/www.facebook.com\/maderasgarciavaronagrupo\" \/>\n<meta property=\"article:modified_time\" content=\"2023-04-10T11:24:07+00:00\" \/>\n<meta property=\"og:image\" content=\"https:\/\/www.garciavarona.com\/wp-content\/uploads\/2019\/08\/253-Tablero-alistonado-de-roble-lama-continua-1.550-x-1.000-mm.jpg\" \/>\n\t<meta property=\"og:image:width\" content=\"500\" \/>\n\t<meta property=\"og:image:height\" content=\"500\" \/>\n\t<meta property=\"og:image:type\" content=\"image\/jpeg\" \/>\n<meta name=\"twitter:card\" content=\"summary_large_image\" \/>\n<meta name=\"twitter:site\" content=\"@maderasvaronars\" \/>\n<meta name=\"twitter:label1\" content=\"Est. reading time\" \/>\n\t<meta name=\"twitter:data1\" content=\"2 minutes\" \/>\n<script type=\"application\/ld+json\" class=\"yoast-schema-graph\">{\"@context\":\"https:\\\/\\\/schema.org\",\"@graph\":[{\"@type\":[\"WebPage\",\"ItemPage\"],\"@id\":\"https:\\\/\\\/www.garciavarona.com\\\/en\\\/producto\\\/tablero-alistonado-de-roble-lama-continua-1550-x-1000-mm\\\/\",\"url\":\"https:\\\/\\\/www.garciavarona.com\\\/en\\\/producto\\\/tablero-alistonado-de-roble-lama-continua-1550-x-1000-mm\\\/\",\"name\":\"Tablero alistonado de roble lama continua sin finger 1,55x1\",\"isPartOf\":{\"@id\":\"https:\\\/\\\/www.garciavarona.com\\\/en\\\/#website\"},\"primaryImageOfPage\":{\"@id\":\"https:\\\/\\\/www.garciavarona.com\\\/en\\\/producto\\\/tablero-alistonado-de-roble-lama-continua-1550-x-1000-mm\\\/#primaryimage\"},\"image\":{\"@id\":\"https:\\\/\\\/www.garciavarona.com\\\/en\\\/producto\\\/tablero-alistonado-de-roble-lama-continua-1550-x-1000-mm\\\/#primaryimage\"},\"thumbnailUrl\":\"https:\\\/\\\/www.garciavarona.com\\\/wp-content\\\/uploads\\\/2019\\\/08\\\/253-Tablero-alistonado-de-roble-lama-continua-1.550-x-1.000-mm.jpg\",\"datePublished\":\"2019-08-09T11:44:48+00:00\",\"dateModified\":\"2023-04-10T11:24:07+00:00\",\"description\":\"Tablero alistonado de roble lama continua sin finger y encolado al ancho. Tratamiento CU3. Medidas 1,55 x 1 metro. Grueso 5 cm.\",\"breadcrumb\":{\"@id\":\"https:\\\/\\\/www.garciavarona.com\\\/en\\\/producto\\\/tablero-alistonado-de-roble-lama-continua-1550-x-1000-mm\\\/#breadcrumb\"},\"inLanguage\":\"en-US\",\"potentialAction\":[{\"@type\":\"ReadAction\",\"target\":[\"https:\\\/\\\/www.garciavarona.com\\\/en\\\/producto\\\/tablero-alistonado-de-roble-lama-continua-1550-x-1000-mm\\\/\"]}]},{\"@type\":\"ImageObject\",\"inLanguage\":\"en-US\",\"@id\":\"https:\\\/\\\/www.garciavarona.com\\\/en\\\/producto\\\/tablero-alistonado-de-roble-lama-continua-1550-x-1000-mm\\\/#primaryimage\",\"url\":\"https:\\\/\\\/www.garciavarona.com\\\/wp-content\\\/uploads\\\/2019\\\/08\\\/253-Tablero-alistonado-de-roble-lama-continua-1.550-x-1.000-mm.jpg\",\"contentUrl\":\"https:\\\/\\\/www.garciavarona.com\\\/wp-content\\\/uploads\\\/2019\\\/08\\\/253-Tablero-alistonado-de-roble-lama-continua-1.550-x-1.000-mm.jpg\",\"width\":500,\"height\":500,\"caption\":\"Tablero alistonado de roble lama continua 1.550 x 1.000 mm\"},{\"@type\":\"BreadcrumbList\",\"@id\":\"https:\\\/\\\/www.garciavarona.com\\\/en\\\/producto\\\/tablero-alistonado-de-roble-lama-continua-1550-x-1000-mm\\\/#breadcrumb\",\"itemListElement\":[{\"@type\":\"ListItem\",\"position\":1,\"name\":\"Portada\",\"item\":\"https:\\\/\\\/www.garciavarona.com\\\/en\\\/\"},{\"@type\":\"ListItem\",\"position\":2,\"name\":\"Tienda Maderas Garc\u00eda Varona\",\"item\":\"https:\\\/\\\/www.garciavarona.com\\\/tienda\\\/\"},{\"@type\":\"ListItem\",\"position\":3,\"name\":\"Tablero alistonado de roble lama continua 1.550 x 1.000 mm\"}]},{\"@type\":\"WebSite\",\"@id\":\"https:\\\/\\\/www.garciavarona.com\\\/en\\\/#website\",\"url\":\"https:\\\/\\\/www.garciavarona.com\\\/en\\\/\",\"name\":\"Maderas Garcia Varona\",\"description\":\"Fabrica y Aserradero de Madera. Expertos en Madera\",\"publisher\":{\"@id\":\"https:\\\/\\\/www.garciavarona.com\\\/en\\\/#organization\"},\"potentialAction\":[{\"@type\":\"SearchAction\",\"target\":{\"@type\":\"EntryPoint\",\"urlTemplate\":\"https:\\\/\\\/www.garciavarona.com\\\/en\\\/?s={search_term_string}\"},\"query-input\":{\"@type\":\"PropertyValueSpecification\",\"valueRequired\":true,\"valueName\":\"search_term_string\"}}],\"inLanguage\":\"en-US\"},{\"@type\":\"Organization\",\"@id\":\"https:\\\/\\\/www.garciavarona.com\\\/en\\\/#organization\",\"name\":\"Maderas Garcia Varona\",\"url\":\"https:\\\/\\\/www.garciavarona.com\\\/en\\\/\",\"logo\":{\"@type\":\"ImageObject\",\"inLanguage\":\"en-US\",\"@id\":\"https:\\\/\\\/www.garciavarona.com\\\/en\\\/#\\\/schema\\\/logo\\\/image\\\/\",\"url\":\"https:\\\/\\\/www.garciavarona.com\\\/wp-content\\\/uploads\\\/2022\\\/06\\\/logoGarciaVarona.svg\",\"contentUrl\":\"https:\\\/\\\/www.garciavarona.com\\\/wp-content\\\/uploads\\\/2022\\\/06\\\/logoGarciaVarona.svg\",\"width\":1020,\"height\":200,\"caption\":\"Maderas Garcia Varona\"},\"image\":{\"@id\":\"https:\\\/\\\/www.garciavarona.com\\\/en\\\/#\\\/schema\\\/logo\\\/image\\\/\"},\"sameAs\":[\"https:\\\/\\\/www.facebook.com\\\/maderasgarciavaronagrupo\",\"https:\\\/\\\/x.com\\\/maderasvaronars\",\"https:\\\/\\\/www.instagram.com\\\/maderasgarciavarona\\\/\",\"https:\\\/\\\/www.linkedin.com\\\/company\\\/maderas-garcia-varona\\\/\",\"https:\\\/\\\/www.youtube.com\\\/channel\\\/UCGUEME06N_h66pB2coJC83w\\\/featured\"]}]}<\/script>\n<!-- \/ Yoast SEO plugin. -->","yoast_head_json":{"title":"Tablero alistonado de roble lama continua sin finger 1,55x1","description":"Tablero alistonado de roble lama continua sin finger y encolado al ancho. Tratamiento CU3. Medidas 1,55 x 1 metro. Grueso 5 cm.","robots":{"index":"index","follow":"follow","max-snippet":"max-snippet:-1","max-image-preview":"max-image-preview:large","max-video-preview":"max-video-preview:-1"},"canonical":"https:\/\/www.garciavarona.com\/en\/producto\/tablero-alistonado-de-roble-lama-continua-1550-x-1000-mm\/","og_locale":"en_US","og_type":"article","og_title":"Tablero alistonado de roble lama continua sin finger 1,55x1","og_description":"Tablero alistonado de roble lama continua sin finger y encolado al ancho. Tratamiento CU3. Medidas 1,55 x 1 metro. Grueso 5 cm.","og_url":"https:\/\/www.garciavarona.com\/en\/producto\/tablero-alistonado-de-roble-lama-continua-1550-x-1000-mm\/","og_site_name":"Maderas Garcia Varona","article_publisher":"https:\/\/www.facebook.com\/maderasgarciavaronagrupo","article_modified_time":"2023-04-10T11:24:07+00:00","og_image":[{"width":500,"height":500,"url":"https:\/\/www.garciavarona.com\/wp-content\/uploads\/2019\/08\/253-Tablero-alistonado-de-roble-lama-continua-1.550-x-1.000-mm.jpg","type":"image\/jpeg"}],"twitter_card":"summary_large_image","twitter_site":"@maderasvaronars","twitter_misc":{"Est. reading time":"2 minutes"},"schema":{"@context":"https:\/\/schema.org","@graph":[{"@type":["WebPage","ItemPage"],"@id":"https:\/\/www.garciavarona.com\/en\/producto\/tablero-alistonado-de-roble-lama-continua-1550-x-1000-mm\/","url":"https:\/\/www.garciavarona.com\/en\/producto\/tablero-alistonado-de-roble-lama-continua-1550-x-1000-mm\/","name":"Tablero alistonado de roble lama continua sin finger 1,55x1","isPartOf":{"@id":"https:\/\/www.garciavarona.com\/en\/#website"},"primaryImageOfPage":{"@id":"https:\/\/www.garciavarona.com\/en\/producto\/tablero-alistonado-de-roble-lama-continua-1550-x-1000-mm\/#primaryimage"},"image":{"@id":"https:\/\/www.garciavarona.com\/en\/producto\/tablero-alistonado-de-roble-lama-continua-1550-x-1000-mm\/#primaryimage"},"thumbnailUrl":"https:\/\/www.garciavarona.com\/wp-content\/uploads\/2019\/08\/253-Tablero-alistonado-de-roble-lama-continua-1.550-x-1.000-mm.jpg","datePublished":"2019-08-09T11:44:48+00:00","dateModified":"2023-04-10T11:24:07+00:00","description":"Tablero alistonado de roble lama continua sin finger y encolado al ancho. Tratamiento CU3. Medidas 1,55 x 1 metro. Grueso 5 cm.","breadcrumb":{"@id":"https:\/\/www.garciavarona.com\/en\/producto\/tablero-alistonado-de-roble-lama-continua-1550-x-1000-mm\/#breadcrumb"},"inLanguage":"en-US","potentialAction":[{"@type":"ReadAction","target":["https:\/\/www.garciavarona.com\/en\/producto\/tablero-alistonado-de-roble-lama-continua-1550-x-1000-mm\/"]}]},{"@type":"ImageObject","inLanguage":"en-US","@id":"https:\/\/www.garciavarona.com\/en\/producto\/tablero-alistonado-de-roble-lama-continua-1550-x-1000-mm\/#primaryimage","url":"https:\/\/www.garciavarona.com\/wp-content\/uploads\/2019\/08\/253-Tablero-alistonado-de-roble-lama-continua-1.550-x-1.000-mm.jpg","contentUrl":"https:\/\/www.garciavarona.com\/wp-content\/uploads\/2019\/08\/253-Tablero-alistonado-de-roble-lama-continua-1.550-x-1.000-mm.jpg","width":500,"height":500,"caption":"Tablero alistonado de roble lama continua 1.550 x 1.000 mm"},{"@type":"BreadcrumbList","@id":"https:\/\/www.garciavarona.com\/en\/producto\/tablero-alistonado-de-roble-lama-continua-1550-x-1000-mm\/#breadcrumb","itemListElement":[{"@type":"ListItem","position":1,"name":"Portada","item":"https:\/\/www.garciavarona.com\/en\/"},{"@type":"ListItem","position":2,"name":"Tienda Maderas Garc\u00eda Varona","item":"https:\/\/www.garciavarona.com\/tienda\/"},{"@type":"ListItem","position":3,"name":"Tablero alistonado de roble lama continua 1.550 x 1.000 mm"}]},{"@type":"WebSite","@id":"https:\/\/www.garciavarona.com\/en\/#website","url":"https:\/\/www.garciavarona.com\/en\/","name":"Maderas Garcia Varona","description":"Fabrica y Aserradero de Madera. Expertos en Madera","publisher":{"@id":"https:\/\/www.garciavarona.com\/en\/#organization"},"potentialAction":[{"@type":"SearchAction","target":{"@type":"EntryPoint","urlTemplate":"https:\/\/www.garciavarona.com\/en\/?s={search_term_string}"},"query-input":{"@type":"PropertyValueSpecification","valueRequired":true,"valueName":"search_term_string"}}],"inLanguage":"en-US"},{"@type":"Organization","@id":"https:\/\/www.garciavarona.com\/en\/#organization","name":"Maderas Garcia Varona","url":"https:\/\/www.garciavarona.com\/en\/","logo":{"@type":"ImageObject","inLanguage":"en-US","@id":"https:\/\/www.garciavarona.com\/en\/#\/schema\/logo\/image\/","url":"https:\/\/www.garciavarona.com\/wp-content\/uploads\/2022\/06\/logoGarciaVarona.svg","contentUrl":"https:\/\/www.garciavarona.com\/wp-content\/uploads\/2022\/06\/logoGarciaVarona.svg","width":1020,"height":200,"caption":"Maderas Garcia Varona"},"image":{"@id":"https:\/\/www.garciavarona.com\/en\/#\/schema\/logo\/image\/"},"sameAs":["https:\/\/www.facebook.com\/maderasgarciavaronagrupo","https:\/\/x.com\/maderasvaronars","https:\/\/www.instagram.com\/maderasgarciavarona\/","https:\/\/www.linkedin.com\/company\/maderas-garcia-varona\/","https:\/\/www.youtube.com\/channel\/UCGUEME06N_h66pB2coJC83w\/featured"]}]}},"_links":{"self":[{"href":"https:\/\/www.garciavarona.com\/en\/wp-json\/wp\/v2\/product\/11458","targetHints":{"allow":["GET"]}}],"collection":[{"href":"https:\/\/www.garciavarona.com\/en\/wp-json\/wp\/v2\/product"}],"about":[{"href":"https:\/\/www.garciavarona.com\/en\/wp-json\/wp\/v2\/types\/product"}],"version-history":[{"count":1,"href":"https:\/\/www.garciavarona.com\/en\/wp-json\/wp\/v2\/product\/11458\/revisions"}],"predecessor-version":[{"id":14009,"href":"https:\/\/www.garciavarona.com\/en\/wp-json\/wp\/v2\/product\/11458\/revisions\/14009"}],"wp:featuredmedia":[{"embeddable":true,"href":"https:\/\/www.garciavarona.com\/en\/wp-json\/wp\/v2\/media\/11455"}],"wp:attachment":[{"href":"https:\/\/www.garciavarona.com\/en\/wp-json\/wp\/v2\/media?parent=11458"}],"wp:term":[{"taxonomy":"product_brand","embeddable":true,"href":"https:\/\/www.garciavarona.com\/en\/wp-json\/wp\/v2\/product_brand?post=11458"},{"taxonomy":"product_cat","embeddable":true,"href":"https:\/\/www.garciavarona.com\/en\/wp-json\/wp\/v2\/product_cat?post=11458"},{"taxonomy":"product_tag","embeddable":true,"href":"https:\/\/www.garciavarona.com\/en\/wp-json\/wp\/v2\/product_tag?post=11458"}],"curies":[{"name":"wp","href":"https:\/\/api.w.org\/{rel}","templated":true}]}}