{"id":11517,"date":"2020-08-06T12:12:52","date_gmt":"2020-08-06T12:12:52","guid":{"rendered":"https:\/\/pruebas.garciavarona.com\/producto\/rodapie-de-castano-macizo-rustico-8-cm-de-ancho\/"},"modified":"2023-01-26T13:20:38","modified_gmt":"2023-01-26T13:20:38","slug":"rodapie-de-castano-macizo-rustico-8-cm-de-ancho","status":"publish","type":"product","link":"https:\/\/www.garciavarona.com\/en\/producto\/rodapie-de-castano-macizo-rustico-8-cm-de-ancho\/","title":{"rendered":"Rodapie de casta\u00f1o macizo r\u00fastico 8 cm de ancho"},"content":{"rendered":"<p>Rodapie casta\u00f1o macizo calidad r\u00fastico de 8 cm de ancho y 1,5 cm de grosor. Z\u00f3calo de casta\u00f1o macizo con perfil biselado referencia RROMZ1. Medidas 80 mm de ancho, 15 mm de grueso y de 1.000 a 2.500 mm de largo.<\/p>\n<p>Disponible crudo (sin acabado), para dar acabado final en obra. Color natural del casta\u00f1o. Moldura de madera de casta\u00f1o macizo para colocar en la base de las paredes. Sirve como protector de las paredes frente a golpes y roces.<\/p>\n<p>OFERTA ESPECIAL por compra de lote completo. Consultar.<\/p>\n","protected":false},"excerpt":{"rendered":"<p>Rodapie casta\u00f1o macizo calidad r\u00fastico de 8 cm de ancho y 1,5 cm de grosor. Precio por metro lineal.<\/p>\n","protected":false},"featured_media":11513,"template":"","meta":[],"product_brand":[],"product_cat":[769,757],"product_tag":[1173,1259,1172,1260],"class_list":{"0":"post-11517","1":"product","2":"type-product","3":"status-publish","4":"has-post-thumbnail","6":"product_cat-rodapie-outlet","7":"product_cat-outlet-de-madera","8":"product_tag-rodapie-de-madera","9":"product_tag-rodapie-de-sapelly","10":"product_tag-zocalo-de-madera","11":"product_tag-zocalo-de-sapelly","13":"first","14":"outofstock","15":"taxable","16":"shipping-taxable","17":"purchasable","18":"product-type-simple"},"yoast_head":"<!-- This site is optimized with the Yoast SEO plugin v27.3 - https:\/\/yoast.com\/product\/yoast-seo-wordpress\/ -->\n<title>Rodapie de casta\u00f1o macizo 8 cm de ancho<\/title>\n<meta name=\"description\" content=\"Rodapie de casta\u00f1o macizo. Medidas 80 mm de ancho, 15 mm de grosor y de 1.000 a 2.500 mm de largo. Z\u00f3calo protector de madera.\" \/>\n<meta name=\"robots\" content=\"index, follow, max-snippet:-1, max-image-preview:large, max-video-preview:-1\" \/>\n<link rel=\"canonical\" href=\"https:\/\/www.garciavarona.com\/en\/producto\/rodapie-de-castano-macizo-rustico-8-cm-de-ancho\/\" \/>\n<meta property=\"og:locale\" content=\"en_US\" \/>\n<meta property=\"og:type\" content=\"article\" \/>\n<meta property=\"og:title\" content=\"Rodapie de casta\u00f1o macizo 8 cm de ancho\" \/>\n<meta property=\"og:description\" content=\"Rodapie de casta\u00f1o macizo. Medidas 80 mm de ancho, 15 mm de grosor y de 1.000 a 2.500 mm de largo. Z\u00f3calo protector de madera.\" \/>\n<meta property=\"og:url\" content=\"https:\/\/www.garciavarona.com\/en\/producto\/rodapie-de-castano-macizo-rustico-8-cm-de-ancho\/\" \/>\n<meta property=\"og:site_name\" content=\"Maderas Garcia Varona\" \/>\n<meta property=\"article:publisher\" content=\"https:\/\/www.facebook.com\/maderasgarciavaronagrupo\" \/>\n<meta property=\"article:modified_time\" content=\"2023-01-26T13:20:38+00:00\" \/>\n<meta property=\"og:image\" content=\"https:\/\/www.garciavarona.com\/wp-content\/uploads\/2020\/08\/675-Rodapie-de-castano-macizo-rustico-8-cm-de-ancho.jpg\" \/>\n\t<meta property=\"og:image:width\" content=\"525\" \/>\n\t<meta property=\"og:image:height\" content=\"525\" \/>\n\t<meta property=\"og:image:type\" content=\"image\/jpeg\" \/>\n<meta name=\"twitter:card\" content=\"summary_large_image\" \/>\n<meta name=\"twitter:site\" content=\"@maderasvaronars\" \/>\n<meta name=\"twitter:label1\" content=\"Est. reading time\" \/>\n\t<meta name=\"twitter:data1\" content=\"1 minute\" \/>\n<script type=\"application\/ld+json\" class=\"yoast-schema-graph\">{\"@context\":\"https:\\\/\\\/schema.org\",\"@graph\":[{\"@type\":[\"WebPage\",\"ItemPage\"],\"@id\":\"https:\\\/\\\/www.garciavarona.com\\\/en\\\/producto\\\/rodapie-de-castano-macizo-rustico-8-cm-de-ancho\\\/\",\"url\":\"https:\\\/\\\/www.garciavarona.com\\\/en\\\/producto\\\/rodapie-de-castano-macizo-rustico-8-cm-de-ancho\\\/\",\"name\":\"Rodapie de casta\u00f1o macizo 8 cm de ancho\",\"isPartOf\":{\"@id\":\"https:\\\/\\\/www.garciavarona.com\\\/en\\\/#website\"},\"primaryImageOfPage\":{\"@id\":\"https:\\\/\\\/www.garciavarona.com\\\/en\\\/producto\\\/rodapie-de-castano-macizo-rustico-8-cm-de-ancho\\\/#primaryimage\"},\"image\":{\"@id\":\"https:\\\/\\\/www.garciavarona.com\\\/en\\\/producto\\\/rodapie-de-castano-macizo-rustico-8-cm-de-ancho\\\/#primaryimage\"},\"thumbnailUrl\":\"https:\\\/\\\/www.garciavarona.com\\\/wp-content\\\/uploads\\\/2020\\\/08\\\/675-Rodapie-de-castano-macizo-rustico-8-cm-de-ancho.jpg\",\"datePublished\":\"2020-08-06T12:12:52+00:00\",\"dateModified\":\"2023-01-26T13:20:38+00:00\",\"description\":\"Rodapie de casta\u00f1o macizo. Medidas 80 mm de ancho, 15 mm de grosor y de 1.000 a 2.500 mm de largo. Z\u00f3calo protector de madera.\",\"breadcrumb\":{\"@id\":\"https:\\\/\\\/www.garciavarona.com\\\/en\\\/producto\\\/rodapie-de-castano-macizo-rustico-8-cm-de-ancho\\\/#breadcrumb\"},\"inLanguage\":\"en-US\",\"potentialAction\":[{\"@type\":\"ReadAction\",\"target\":[\"https:\\\/\\\/www.garciavarona.com\\\/en\\\/producto\\\/rodapie-de-castano-macizo-rustico-8-cm-de-ancho\\\/\"]}]},{\"@type\":\"ImageObject\",\"inLanguage\":\"en-US\",\"@id\":\"https:\\\/\\\/www.garciavarona.com\\\/en\\\/producto\\\/rodapie-de-castano-macizo-rustico-8-cm-de-ancho\\\/#primaryimage\",\"url\":\"https:\\\/\\\/www.garciavarona.com\\\/wp-content\\\/uploads\\\/2020\\\/08\\\/675-Rodapie-de-castano-macizo-rustico-8-cm-de-ancho.jpg\",\"contentUrl\":\"https:\\\/\\\/www.garciavarona.com\\\/wp-content\\\/uploads\\\/2020\\\/08\\\/675-Rodapie-de-castano-macizo-rustico-8-cm-de-ancho.jpg\",\"width\":525,\"height\":525,\"caption\":\"Rodapie de casta\u00f1o macizo rustico 8 cm de ancho\"},{\"@type\":\"BreadcrumbList\",\"@id\":\"https:\\\/\\\/www.garciavarona.com\\\/en\\\/producto\\\/rodapie-de-castano-macizo-rustico-8-cm-de-ancho\\\/#breadcrumb\",\"itemListElement\":[{\"@type\":\"ListItem\",\"position\":1,\"name\":\"Portada\",\"item\":\"https:\\\/\\\/www.garciavarona.com\\\/en\\\/\"},{\"@type\":\"ListItem\",\"position\":2,\"name\":\"Tienda Maderas Garc\u00eda Varona\",\"item\":\"https:\\\/\\\/www.garciavarona.com\\\/tienda\\\/\"},{\"@type\":\"ListItem\",\"position\":3,\"name\":\"Rodapie de casta\u00f1o macizo r\u00fastico 8 cm de ancho\"}]},{\"@type\":\"WebSite\",\"@id\":\"https:\\\/\\\/www.garciavarona.com\\\/en\\\/#website\",\"url\":\"https:\\\/\\\/www.garciavarona.com\\\/en\\\/\",\"name\":\"Maderas Garcia Varona\",\"description\":\"Fabrica y Aserradero de Madera. Expertos en Madera\",\"publisher\":{\"@id\":\"https:\\\/\\\/www.garciavarona.com\\\/en\\\/#organization\"},\"potentialAction\":[{\"@type\":\"SearchAction\",\"target\":{\"@type\":\"EntryPoint\",\"urlTemplate\":\"https:\\\/\\\/www.garciavarona.com\\\/en\\\/?s={search_term_string}\"},\"query-input\":{\"@type\":\"PropertyValueSpecification\",\"valueRequired\":true,\"valueName\":\"search_term_string\"}}],\"inLanguage\":\"en-US\"},{\"@type\":\"Organization\",\"@id\":\"https:\\\/\\\/www.garciavarona.com\\\/en\\\/#organization\",\"name\":\"Maderas Garcia Varona\",\"url\":\"https:\\\/\\\/www.garciavarona.com\\\/en\\\/\",\"logo\":{\"@type\":\"ImageObject\",\"inLanguage\":\"en-US\",\"@id\":\"https:\\\/\\\/www.garciavarona.com\\\/en\\\/#\\\/schema\\\/logo\\\/image\\\/\",\"url\":\"https:\\\/\\\/www.garciavarona.com\\\/wp-content\\\/uploads\\\/2022\\\/06\\\/logoGarciaVarona.svg\",\"contentUrl\":\"https:\\\/\\\/www.garciavarona.com\\\/wp-content\\\/uploads\\\/2022\\\/06\\\/logoGarciaVarona.svg\",\"width\":1020,\"height\":200,\"caption\":\"Maderas Garcia Varona\"},\"image\":{\"@id\":\"https:\\\/\\\/www.garciavarona.com\\\/en\\\/#\\\/schema\\\/logo\\\/image\\\/\"},\"sameAs\":[\"https:\\\/\\\/www.facebook.com\\\/maderasgarciavaronagrupo\",\"https:\\\/\\\/x.com\\\/maderasvaronars\",\"https:\\\/\\\/www.instagram.com\\\/maderasgarciavarona\\\/\",\"https:\\\/\\\/www.linkedin.com\\\/company\\\/maderas-garcia-varona\\\/\",\"https:\\\/\\\/www.youtube.com\\\/channel\\\/UCGUEME06N_h66pB2coJC83w\\\/featured\"]}]}<\/script>\n<!-- \/ Yoast SEO plugin. -->","yoast_head_json":{"title":"Rodapie de casta\u00f1o macizo 8 cm de ancho","description":"Rodapie de casta\u00f1o macizo. Medidas 80 mm de ancho, 15 mm de grosor y de 1.000 a 2.500 mm de largo. Z\u00f3calo protector de madera.","robots":{"index":"index","follow":"follow","max-snippet":"max-snippet:-1","max-image-preview":"max-image-preview:large","max-video-preview":"max-video-preview:-1"},"canonical":"https:\/\/www.garciavarona.com\/en\/producto\/rodapie-de-castano-macizo-rustico-8-cm-de-ancho\/","og_locale":"en_US","og_type":"article","og_title":"Rodapie de casta\u00f1o macizo 8 cm de ancho","og_description":"Rodapie de casta\u00f1o macizo. Medidas 80 mm de ancho, 15 mm de grosor y de 1.000 a 2.500 mm de largo. Z\u00f3calo protector de madera.","og_url":"https:\/\/www.garciavarona.com\/en\/producto\/rodapie-de-castano-macizo-rustico-8-cm-de-ancho\/","og_site_name":"Maderas Garcia Varona","article_publisher":"https:\/\/www.facebook.com\/maderasgarciavaronagrupo","article_modified_time":"2023-01-26T13:20:38+00:00","og_image":[{"width":525,"height":525,"url":"https:\/\/www.garciavarona.com\/wp-content\/uploads\/2020\/08\/675-Rodapie-de-castano-macizo-rustico-8-cm-de-ancho.jpg","type":"image\/jpeg"}],"twitter_card":"summary_large_image","twitter_site":"@maderasvaronars","twitter_misc":{"Est. reading time":"1 minute"},"schema":{"@context":"https:\/\/schema.org","@graph":[{"@type":["WebPage","ItemPage"],"@id":"https:\/\/www.garciavarona.com\/en\/producto\/rodapie-de-castano-macizo-rustico-8-cm-de-ancho\/","url":"https:\/\/www.garciavarona.com\/en\/producto\/rodapie-de-castano-macizo-rustico-8-cm-de-ancho\/","name":"Rodapie de casta\u00f1o macizo 8 cm de ancho","isPartOf":{"@id":"https:\/\/www.garciavarona.com\/en\/#website"},"primaryImageOfPage":{"@id":"https:\/\/www.garciavarona.com\/en\/producto\/rodapie-de-castano-macizo-rustico-8-cm-de-ancho\/#primaryimage"},"image":{"@id":"https:\/\/www.garciavarona.com\/en\/producto\/rodapie-de-castano-macizo-rustico-8-cm-de-ancho\/#primaryimage"},"thumbnailUrl":"https:\/\/www.garciavarona.com\/wp-content\/uploads\/2020\/08\/675-Rodapie-de-castano-macizo-rustico-8-cm-de-ancho.jpg","datePublished":"2020-08-06T12:12:52+00:00","dateModified":"2023-01-26T13:20:38+00:00","description":"Rodapie de casta\u00f1o macizo. Medidas 80 mm de ancho, 15 mm de grosor y de 1.000 a 2.500 mm de largo. Z\u00f3calo protector de madera.","breadcrumb":{"@id":"https:\/\/www.garciavarona.com\/en\/producto\/rodapie-de-castano-macizo-rustico-8-cm-de-ancho\/#breadcrumb"},"inLanguage":"en-US","potentialAction":[{"@type":"ReadAction","target":["https:\/\/www.garciavarona.com\/en\/producto\/rodapie-de-castano-macizo-rustico-8-cm-de-ancho\/"]}]},{"@type":"ImageObject","inLanguage":"en-US","@id":"https:\/\/www.garciavarona.com\/en\/producto\/rodapie-de-castano-macizo-rustico-8-cm-de-ancho\/#primaryimage","url":"https:\/\/www.garciavarona.com\/wp-content\/uploads\/2020\/08\/675-Rodapie-de-castano-macizo-rustico-8-cm-de-ancho.jpg","contentUrl":"https:\/\/www.garciavarona.com\/wp-content\/uploads\/2020\/08\/675-Rodapie-de-castano-macizo-rustico-8-cm-de-ancho.jpg","width":525,"height":525,"caption":"Rodapie de casta\u00f1o macizo rustico 8 cm de ancho"},{"@type":"BreadcrumbList","@id":"https:\/\/www.garciavarona.com\/en\/producto\/rodapie-de-castano-macizo-rustico-8-cm-de-ancho\/#breadcrumb","itemListElement":[{"@type":"ListItem","position":1,"name":"Portada","item":"https:\/\/www.garciavarona.com\/en\/"},{"@type":"ListItem","position":2,"name":"Tienda Maderas Garc\u00eda Varona","item":"https:\/\/www.garciavarona.com\/tienda\/"},{"@type":"ListItem","position":3,"name":"Rodapie de casta\u00f1o macizo r\u00fastico 8 cm de ancho"}]},{"@type":"WebSite","@id":"https:\/\/www.garciavarona.com\/en\/#website","url":"https:\/\/www.garciavarona.com\/en\/","name":"Maderas Garcia Varona","description":"Fabrica y Aserradero de Madera. Expertos en Madera","publisher":{"@id":"https:\/\/www.garciavarona.com\/en\/#organization"},"potentialAction":[{"@type":"SearchAction","target":{"@type":"EntryPoint","urlTemplate":"https:\/\/www.garciavarona.com\/en\/?s={search_term_string}"},"query-input":{"@type":"PropertyValueSpecification","valueRequired":true,"valueName":"search_term_string"}}],"inLanguage":"en-US"},{"@type":"Organization","@id":"https:\/\/www.garciavarona.com\/en\/#organization","name":"Maderas Garcia Varona","url":"https:\/\/www.garciavarona.com\/en\/","logo":{"@type":"ImageObject","inLanguage":"en-US","@id":"https:\/\/www.garciavarona.com\/en\/#\/schema\/logo\/image\/","url":"https:\/\/www.garciavarona.com\/wp-content\/uploads\/2022\/06\/logoGarciaVarona.svg","contentUrl":"https:\/\/www.garciavarona.com\/wp-content\/uploads\/2022\/06\/logoGarciaVarona.svg","width":1020,"height":200,"caption":"Maderas Garcia Varona"},"image":{"@id":"https:\/\/www.garciavarona.com\/en\/#\/schema\/logo\/image\/"},"sameAs":["https:\/\/www.facebook.com\/maderasgarciavaronagrupo","https:\/\/x.com\/maderasvaronars","https:\/\/www.instagram.com\/maderasgarciavarona\/","https:\/\/www.linkedin.com\/company\/maderas-garcia-varona\/","https:\/\/www.youtube.com\/channel\/UCGUEME06N_h66pB2coJC83w\/featured"]}]}},"_links":{"self":[{"href":"https:\/\/www.garciavarona.com\/en\/wp-json\/wp\/v2\/product\/11517","targetHints":{"allow":["GET"]}}],"collection":[{"href":"https:\/\/www.garciavarona.com\/en\/wp-json\/wp\/v2\/product"}],"about":[{"href":"https:\/\/www.garciavarona.com\/en\/wp-json\/wp\/v2\/types\/product"}],"version-history":[{"count":4,"href":"https:\/\/www.garciavarona.com\/en\/wp-json\/wp\/v2\/product\/11517\/revisions"}],"predecessor-version":[{"id":19236,"href":"https:\/\/www.garciavarona.com\/en\/wp-json\/wp\/v2\/product\/11517\/revisions\/19236"}],"wp:featuredmedia":[{"embeddable":true,"href":"https:\/\/www.garciavarona.com\/en\/wp-json\/wp\/v2\/media\/11513"}],"wp:attachment":[{"href":"https:\/\/www.garciavarona.com\/en\/wp-json\/wp\/v2\/media?parent=11517"}],"wp:term":[{"taxonomy":"product_brand","embeddable":true,"href":"https:\/\/www.garciavarona.com\/en\/wp-json\/wp\/v2\/product_brand?post=11517"},{"taxonomy":"product_cat","embeddable":true,"href":"https:\/\/www.garciavarona.com\/en\/wp-json\/wp\/v2\/product_cat?post=11517"},{"taxonomy":"product_tag","embeddable":true,"href":"https:\/\/www.garciavarona.com\/en\/wp-json\/wp\/v2\/product_tag?post=11517"}],"curies":[{"name":"wp","href":"https:\/\/api.w.org\/{rel}","templated":true}]}}