{"id":11557,"date":"2019-02-19T10:04:08","date_gmt":"2019-02-19T10:04:08","guid":{"rendered":"https:\/\/pruebas.garciavarona.com\/producto\/tarima-de-castano-macizo-80-mm-de-ancho-calidad-nature\/"},"modified":"2023-10-17T12:41:47","modified_gmt":"2023-10-17T12:41:47","slug":"tarima-de-castano-macizo-80-mm-de-ancho-calidad-nature","status":"publish","type":"product","link":"https:\/\/www.garciavarona.com\/en\/producto\/tarima-de-castano-macizo-80-mm-de-ancho-calidad-nature\/","title":{"rendered":"Tarima de casta\u00f1o macizo 80 mm de ancho calidad nature"},"content":{"rendered":"<h1>Tarima de casta\u00f1o macizo 80 mm de ancho calidad nature<\/h1>\n<p>Aprovecha los precios especiales de la tarima de casta\u00f1o macizo 80 mm de ancho calidad nature. Esta tarima de casta\u00f1o macizo de 80 mm de ancho tiene calidad nature. Largos de 400 a 2.500 mm. Tabla con leng\u00fceta y ranura de madera 100% maciza.<\/p>\n<p>Parquet para colocar en interiores. Fabricada seg\u00fan norma UNE-EN 13226. Machihembrada. Sin tratamiento ni acabado. Para dar acabado final en obra.<\/p>\n<p>Consultar descuento a partir de 25 m2. <strong>Oferta especial por lote completo o m\u00e1s de 100 m2.<\/strong><\/p>\n<p>&nbsp;<\/p>\n<h2>Por qu\u00e9 elegir tarima de casta\u00f1o<\/h2>\n<p>&nbsp;<\/p>\n<p>La tarima de casta\u00f1o o\u00a0 decking de casta\u00f1o\u00a0es una de las soluciones m\u00e1s est\u00e9ticas para la instalaci\u00f3n de suelos en terrazas o jardines. La\u00a0madera de casta\u00f1o\u00a0es una madera nacional muy apreciada por su durabilidad natural, su resistencia y su belleza. Sus tonos van desde el blanco amarillo hasta el marr\u00f3n tostado pasando por el oro viejo. Sin duda es una elecci\u00f3n muy est\u00e9tica que le dar\u00e1 a nuestro jard\u00edn o espacio exterior mucha personalidad.<\/p>\n","protected":false},"excerpt":{"rendered":"<p>Tarima de casta\u00f1o macizo de 80 mm de ancho calidad nature. Largos de 400 a 2.500 mm.<\/p>\n","protected":false},"featured_media":11556,"template":"","meta":[],"product_brand":[],"product_cat":[763,757],"product_tag":[1201,1147,1200,1199],"class_list":{"0":"post-11557","1":"product","2":"type-product","3":"status-publish","4":"has-post-thumbnail","6":"product_cat-tarima-outlet","7":"product_cat-outlet-de-madera","8":"product_tag-parquet-de-castano","9":"product_tag-parquet-macizo","10":"product_tag-tarima-de-castano","11":"product_tag-tarima-maciza","12":"pa_bisel_tarima_interior-sinbisel","13":"pa_calidad-nature","14":"pa_grueso-17mm","15":"pa_grueso-21mm","16":"pa_grueso-22mm","17":"pa_sistema_resaltado_veta-sinsrv","19":"first","20":"outofstock","21":"taxable","22":"shipping-taxable","23":"purchasable","24":"product-type-variable","25":"has-default-attributes"},"yoast_head":"<!-- This site is optimized with the Yoast SEO plugin v27.3 - https:\/\/yoast.com\/product\/yoast-seo-wordpress\/ -->\n<title>Tarima de casta\u00f1o macizo 80 mm de ancho calidad nature<\/title>\n<meta name=\"description\" content=\"Tarima de casta\u00f1o macizo 80 mm de ancho calidad nature. Parquet de madera maciza de casta\u00f1o machihembrada. Oferta hasta fin de existencias. Precio especial.\" \/>\n<meta name=\"robots\" content=\"index, follow, max-snippet:-1, max-image-preview:large, max-video-preview:-1\" \/>\n<link rel=\"canonical\" href=\"https:\/\/www.garciavarona.com\/en\/producto\/tarima-de-castano-macizo-80-mm-de-ancho-calidad-nature\/\" \/>\n<meta property=\"og:locale\" content=\"en_US\" \/>\n<meta property=\"og:type\" content=\"article\" \/>\n<meta property=\"og:title\" content=\"Tarima de casta\u00f1o macizo 80 mm de ancho calidad nature\" \/>\n<meta property=\"og:description\" content=\"Tarima de casta\u00f1o macizo 80 mm de ancho calidad nature. Parquet de madera maciza de casta\u00f1o machihembrada. Oferta hasta fin de existencias. Precio especial.\" \/>\n<meta property=\"og:url\" content=\"https:\/\/www.garciavarona.com\/en\/producto\/tarima-de-castano-macizo-80-mm-de-ancho-calidad-nature\/\" \/>\n<meta property=\"og:site_name\" content=\"Maderas Garcia Varona\" \/>\n<meta property=\"article:publisher\" content=\"https:\/\/www.facebook.com\/maderasgarciavaronagrupo\" \/>\n<meta property=\"article:modified_time\" content=\"2023-10-17T12:41:47+00:00\" \/>\n<meta property=\"og:image\" content=\"https:\/\/www.garciavarona.com\/wp-content\/uploads\/2019\/02\/309-Tarima-de-castano-macizo-calidad-nature.jpg\" \/>\n\t<meta property=\"og:image:width\" content=\"563\" \/>\n\t<meta property=\"og:image:height\" content=\"563\" \/>\n\t<meta property=\"og:image:type\" content=\"image\/jpeg\" \/>\n<meta name=\"twitter:card\" content=\"summary_large_image\" \/>\n<meta name=\"twitter:site\" content=\"@maderasvaronars\" \/>\n<meta name=\"twitter:label1\" content=\"Est. reading time\" \/>\n\t<meta name=\"twitter:data1\" content=\"1 minute\" \/>\n<script type=\"application\/ld+json\" class=\"yoast-schema-graph\">{\"@context\":\"https:\\\/\\\/schema.org\",\"@graph\":[{\"@type\":[\"WebPage\",\"ItemPage\"],\"@id\":\"https:\\\/\\\/www.garciavarona.com\\\/en\\\/producto\\\/tarima-de-castano-macizo-80-mm-de-ancho-calidad-nature\\\/\",\"url\":\"https:\\\/\\\/www.garciavarona.com\\\/en\\\/producto\\\/tarima-de-castano-macizo-80-mm-de-ancho-calidad-nature\\\/\",\"name\":\"Tarima de casta\u00f1o macizo 80 mm de ancho calidad nature\",\"isPartOf\":{\"@id\":\"https:\\\/\\\/www.garciavarona.com\\\/en\\\/#website\"},\"primaryImageOfPage\":{\"@id\":\"https:\\\/\\\/www.garciavarona.com\\\/en\\\/producto\\\/tarima-de-castano-macizo-80-mm-de-ancho-calidad-nature\\\/#primaryimage\"},\"image\":{\"@id\":\"https:\\\/\\\/www.garciavarona.com\\\/en\\\/producto\\\/tarima-de-castano-macizo-80-mm-de-ancho-calidad-nature\\\/#primaryimage\"},\"thumbnailUrl\":\"https:\\\/\\\/www.garciavarona.com\\\/wp-content\\\/uploads\\\/2019\\\/02\\\/309-Tarima-de-castano-macizo-calidad-nature.jpg\",\"datePublished\":\"2019-02-19T10:04:08+00:00\",\"dateModified\":\"2023-10-17T12:41:47+00:00\",\"description\":\"Tarima de casta\u00f1o macizo 80 mm de ancho calidad nature. Parquet de madera maciza de casta\u00f1o machihembrada. Oferta hasta fin de existencias. Precio especial.\",\"breadcrumb\":{\"@id\":\"https:\\\/\\\/www.garciavarona.com\\\/en\\\/producto\\\/tarima-de-castano-macizo-80-mm-de-ancho-calidad-nature\\\/#breadcrumb\"},\"inLanguage\":\"en-US\",\"potentialAction\":[{\"@type\":\"ReadAction\",\"target\":[\"https:\\\/\\\/www.garciavarona.com\\\/en\\\/producto\\\/tarima-de-castano-macizo-80-mm-de-ancho-calidad-nature\\\/\"]}]},{\"@type\":\"ImageObject\",\"inLanguage\":\"en-US\",\"@id\":\"https:\\\/\\\/www.garciavarona.com\\\/en\\\/producto\\\/tarima-de-castano-macizo-80-mm-de-ancho-calidad-nature\\\/#primaryimage\",\"url\":\"https:\\\/\\\/www.garciavarona.com\\\/wp-content\\\/uploads\\\/2019\\\/02\\\/309-Tarima-de-castano-macizo-calidad-nature.jpg\",\"contentUrl\":\"https:\\\/\\\/www.garciavarona.com\\\/wp-content\\\/uploads\\\/2019\\\/02\\\/309-Tarima-de-castano-macizo-calidad-nature.jpg\",\"width\":563,\"height\":563,\"caption\":\"Tarima de casta\u00f1o macizo calidad nature\"},{\"@type\":\"BreadcrumbList\",\"@id\":\"https:\\\/\\\/www.garciavarona.com\\\/en\\\/producto\\\/tarima-de-castano-macizo-80-mm-de-ancho-calidad-nature\\\/#breadcrumb\",\"itemListElement\":[{\"@type\":\"ListItem\",\"position\":1,\"name\":\"Portada\",\"item\":\"https:\\\/\\\/www.garciavarona.com\\\/en\\\/\"},{\"@type\":\"ListItem\",\"position\":2,\"name\":\"Tienda Maderas Garc\u00eda Varona\",\"item\":\"https:\\\/\\\/www.garciavarona.com\\\/tienda\\\/\"},{\"@type\":\"ListItem\",\"position\":3,\"name\":\"Tarima de casta\u00f1o macizo 80 mm de ancho calidad nature\"}]},{\"@type\":\"WebSite\",\"@id\":\"https:\\\/\\\/www.garciavarona.com\\\/en\\\/#website\",\"url\":\"https:\\\/\\\/www.garciavarona.com\\\/en\\\/\",\"name\":\"Maderas Garcia Varona\",\"description\":\"Fabrica y Aserradero de Madera. Expertos en Madera\",\"publisher\":{\"@id\":\"https:\\\/\\\/www.garciavarona.com\\\/en\\\/#organization\"},\"potentialAction\":[{\"@type\":\"SearchAction\",\"target\":{\"@type\":\"EntryPoint\",\"urlTemplate\":\"https:\\\/\\\/www.garciavarona.com\\\/en\\\/?s={search_term_string}\"},\"query-input\":{\"@type\":\"PropertyValueSpecification\",\"valueRequired\":true,\"valueName\":\"search_term_string\"}}],\"inLanguage\":\"en-US\"},{\"@type\":\"Organization\",\"@id\":\"https:\\\/\\\/www.garciavarona.com\\\/en\\\/#organization\",\"name\":\"Maderas Garcia Varona\",\"url\":\"https:\\\/\\\/www.garciavarona.com\\\/en\\\/\",\"logo\":{\"@type\":\"ImageObject\",\"inLanguage\":\"en-US\",\"@id\":\"https:\\\/\\\/www.garciavarona.com\\\/en\\\/#\\\/schema\\\/logo\\\/image\\\/\",\"url\":\"https:\\\/\\\/www.garciavarona.com\\\/wp-content\\\/uploads\\\/2022\\\/06\\\/logoGarciaVarona.svg\",\"contentUrl\":\"https:\\\/\\\/www.garciavarona.com\\\/wp-content\\\/uploads\\\/2022\\\/06\\\/logoGarciaVarona.svg\",\"width\":1020,\"height\":200,\"caption\":\"Maderas Garcia Varona\"},\"image\":{\"@id\":\"https:\\\/\\\/www.garciavarona.com\\\/en\\\/#\\\/schema\\\/logo\\\/image\\\/\"},\"sameAs\":[\"https:\\\/\\\/www.facebook.com\\\/maderasgarciavaronagrupo\",\"https:\\\/\\\/x.com\\\/maderasvaronars\",\"https:\\\/\\\/www.instagram.com\\\/maderasgarciavarona\\\/\",\"https:\\\/\\\/www.linkedin.com\\\/company\\\/maderas-garcia-varona\\\/\",\"https:\\\/\\\/www.youtube.com\\\/channel\\\/UCGUEME06N_h66pB2coJC83w\\\/featured\"]}]}<\/script>\n<!-- \/ Yoast SEO plugin. -->","yoast_head_json":{"title":"Tarima de casta\u00f1o macizo 80 mm de ancho calidad nature","description":"Tarima de casta\u00f1o macizo 80 mm de ancho calidad nature. Parquet de madera maciza de casta\u00f1o machihembrada. Oferta hasta fin de existencias. Precio especial.","robots":{"index":"index","follow":"follow","max-snippet":"max-snippet:-1","max-image-preview":"max-image-preview:large","max-video-preview":"max-video-preview:-1"},"canonical":"https:\/\/www.garciavarona.com\/en\/producto\/tarima-de-castano-macizo-80-mm-de-ancho-calidad-nature\/","og_locale":"en_US","og_type":"article","og_title":"Tarima de casta\u00f1o macizo 80 mm de ancho calidad nature","og_description":"Tarima de casta\u00f1o macizo 80 mm de ancho calidad nature. Parquet de madera maciza de casta\u00f1o machihembrada. Oferta hasta fin de existencias. Precio especial.","og_url":"https:\/\/www.garciavarona.com\/en\/producto\/tarima-de-castano-macizo-80-mm-de-ancho-calidad-nature\/","og_site_name":"Maderas Garcia Varona","article_publisher":"https:\/\/www.facebook.com\/maderasgarciavaronagrupo","article_modified_time":"2023-10-17T12:41:47+00:00","og_image":[{"width":563,"height":563,"url":"https:\/\/www.garciavarona.com\/wp-content\/uploads\/2019\/02\/309-Tarima-de-castano-macizo-calidad-nature.jpg","type":"image\/jpeg"}],"twitter_card":"summary_large_image","twitter_site":"@maderasvaronars","twitter_misc":{"Est. reading time":"1 minute"},"schema":{"@context":"https:\/\/schema.org","@graph":[{"@type":["WebPage","ItemPage"],"@id":"https:\/\/www.garciavarona.com\/en\/producto\/tarima-de-castano-macizo-80-mm-de-ancho-calidad-nature\/","url":"https:\/\/www.garciavarona.com\/en\/producto\/tarima-de-castano-macizo-80-mm-de-ancho-calidad-nature\/","name":"Tarima de casta\u00f1o macizo 80 mm de ancho calidad nature","isPartOf":{"@id":"https:\/\/www.garciavarona.com\/en\/#website"},"primaryImageOfPage":{"@id":"https:\/\/www.garciavarona.com\/en\/producto\/tarima-de-castano-macizo-80-mm-de-ancho-calidad-nature\/#primaryimage"},"image":{"@id":"https:\/\/www.garciavarona.com\/en\/producto\/tarima-de-castano-macizo-80-mm-de-ancho-calidad-nature\/#primaryimage"},"thumbnailUrl":"https:\/\/www.garciavarona.com\/wp-content\/uploads\/2019\/02\/309-Tarima-de-castano-macizo-calidad-nature.jpg","datePublished":"2019-02-19T10:04:08+00:00","dateModified":"2023-10-17T12:41:47+00:00","description":"Tarima de casta\u00f1o macizo 80 mm de ancho calidad nature. Parquet de madera maciza de casta\u00f1o machihembrada. Oferta hasta fin de existencias. Precio especial.","breadcrumb":{"@id":"https:\/\/www.garciavarona.com\/en\/producto\/tarima-de-castano-macizo-80-mm-de-ancho-calidad-nature\/#breadcrumb"},"inLanguage":"en-US","potentialAction":[{"@type":"ReadAction","target":["https:\/\/www.garciavarona.com\/en\/producto\/tarima-de-castano-macizo-80-mm-de-ancho-calidad-nature\/"]}]},{"@type":"ImageObject","inLanguage":"en-US","@id":"https:\/\/www.garciavarona.com\/en\/producto\/tarima-de-castano-macizo-80-mm-de-ancho-calidad-nature\/#primaryimage","url":"https:\/\/www.garciavarona.com\/wp-content\/uploads\/2019\/02\/309-Tarima-de-castano-macizo-calidad-nature.jpg","contentUrl":"https:\/\/www.garciavarona.com\/wp-content\/uploads\/2019\/02\/309-Tarima-de-castano-macizo-calidad-nature.jpg","width":563,"height":563,"caption":"Tarima de casta\u00f1o macizo calidad nature"},{"@type":"BreadcrumbList","@id":"https:\/\/www.garciavarona.com\/en\/producto\/tarima-de-castano-macizo-80-mm-de-ancho-calidad-nature\/#breadcrumb","itemListElement":[{"@type":"ListItem","position":1,"name":"Portada","item":"https:\/\/www.garciavarona.com\/en\/"},{"@type":"ListItem","position":2,"name":"Tienda Maderas Garc\u00eda Varona","item":"https:\/\/www.garciavarona.com\/tienda\/"},{"@type":"ListItem","position":3,"name":"Tarima de casta\u00f1o macizo 80 mm de ancho calidad nature"}]},{"@type":"WebSite","@id":"https:\/\/www.garciavarona.com\/en\/#website","url":"https:\/\/www.garciavarona.com\/en\/","name":"Maderas Garcia Varona","description":"Fabrica y Aserradero de Madera. Expertos en Madera","publisher":{"@id":"https:\/\/www.garciavarona.com\/en\/#organization"},"potentialAction":[{"@type":"SearchAction","target":{"@type":"EntryPoint","urlTemplate":"https:\/\/www.garciavarona.com\/en\/?s={search_term_string}"},"query-input":{"@type":"PropertyValueSpecification","valueRequired":true,"valueName":"search_term_string"}}],"inLanguage":"en-US"},{"@type":"Organization","@id":"https:\/\/www.garciavarona.com\/en\/#organization","name":"Maderas Garcia Varona","url":"https:\/\/www.garciavarona.com\/en\/","logo":{"@type":"ImageObject","inLanguage":"en-US","@id":"https:\/\/www.garciavarona.com\/en\/#\/schema\/logo\/image\/","url":"https:\/\/www.garciavarona.com\/wp-content\/uploads\/2022\/06\/logoGarciaVarona.svg","contentUrl":"https:\/\/www.garciavarona.com\/wp-content\/uploads\/2022\/06\/logoGarciaVarona.svg","width":1020,"height":200,"caption":"Maderas Garcia Varona"},"image":{"@id":"https:\/\/www.garciavarona.com\/en\/#\/schema\/logo\/image\/"},"sameAs":["https:\/\/www.facebook.com\/maderasgarciavaronagrupo","https:\/\/x.com\/maderasvaronars","https:\/\/www.instagram.com\/maderasgarciavarona\/","https:\/\/www.linkedin.com\/company\/maderas-garcia-varona\/","https:\/\/www.youtube.com\/channel\/UCGUEME06N_h66pB2coJC83w\/featured"]}]}},"_links":{"self":[{"href":"https:\/\/www.garciavarona.com\/en\/wp-json\/wp\/v2\/product\/11557","targetHints":{"allow":["GET"]}}],"collection":[{"href":"https:\/\/www.garciavarona.com\/en\/wp-json\/wp\/v2\/product"}],"about":[{"href":"https:\/\/www.garciavarona.com\/en\/wp-json\/wp\/v2\/types\/product"}],"version-history":[{"count":3,"href":"https:\/\/www.garciavarona.com\/en\/wp-json\/wp\/v2\/product\/11557\/revisions"}],"predecessor-version":[{"id":19885,"href":"https:\/\/www.garciavarona.com\/en\/wp-json\/wp\/v2\/product\/11557\/revisions\/19885"}],"wp:featuredmedia":[{"embeddable":true,"href":"https:\/\/www.garciavarona.com\/en\/wp-json\/wp\/v2\/media\/11556"}],"wp:attachment":[{"href":"https:\/\/www.garciavarona.com\/en\/wp-json\/wp\/v2\/media?parent=11557"}],"wp:term":[{"taxonomy":"product_brand","embeddable":true,"href":"https:\/\/www.garciavarona.com\/en\/wp-json\/wp\/v2\/product_brand?post=11557"},{"taxonomy":"product_cat","embeddable":true,"href":"https:\/\/www.garciavarona.com\/en\/wp-json\/wp\/v2\/product_cat?post=11557"},{"taxonomy":"product_tag","embeddable":true,"href":"https:\/\/www.garciavarona.com\/en\/wp-json\/wp\/v2\/product_tag?post=11557"}],"curies":[{"name":"wp","href":"https:\/\/api.w.org\/{rel}","templated":true}]}}