{"id":11611,"date":"2019-03-04T10:46:41","date_gmt":"2019-03-04T10:46:41","guid":{"rendered":"https:\/\/pruebas.garciavarona.com\/producto\/viga-de-castano-macizo-20x20-cm-260-m-de-largo\/"},"modified":"2023-03-24T10:45:17","modified_gmt":"2023-03-24T10:45:17","slug":"viga-de-castano-macizo-20x20-cm-260-m-de-largo","status":"publish","type":"product","link":"https:\/\/www.garciavarona.com\/en\/producto\/viga-de-castano-macizo-20x20-cm-260-m-de-largo\/","title":{"rendered":"Pieza de casta\u00f1o macizo 20&#215;20 cm  2,60 m de largo"},"content":{"rendered":"<h1>Pieza de casta\u00f1o macizo 20&#215;20 cm 2,60 m de largo<\/h1>\n<p>Pieza de casta\u00f1o macizo de 20&#215;20 cm de secci\u00f3n y 2,60 m de largo. Madera seca de m\u00e1s de 4 a\u00f1os.<\/p>\n<p>Precio por pieza.<\/p>\n<p>CONSULTAR precio por lote completo.<\/p>\n","protected":false},"excerpt":{"rendered":"<p>Casta\u00f1o aserrado macizo de 20&#215;20 cm y 2,60 m de largo. Precio por pieza.<\/p>\n","protected":false},"featured_media":11608,"template":"","meta":[],"product_brand":[],"product_cat":[2075,779,783,757],"product_tag":[1207,1212,1210,1208,1209],"class_list":{"0":"post-11611","1":"product","2":"type-product","3":"status-publish","4":"has-post-thumbnail","6":"product_cat-producto-recogida-en-tienda","7":"product_cat-vigas-outlet","8":"product_cat-decoracion-outlet","9":"product_cat-outlet-de-madera","10":"product_tag-castano-decorativo","11":"product_tag-castano-macizo","12":"product_tag-madera-de-castano","13":"product_tag-pieza-de-castano","14":"product_tag-viga-de-castano","16":"first","17":"outofstock","18":"sale","19":"taxable","20":"shipping-taxable","21":"purchasable","22":"product-type-simple"},"yoast_head":"<!-- This site is optimized with the Yoast SEO plugin v27.3 - https:\/\/yoast.com\/product\/yoast-seo-wordpress\/ -->\n<title>Pieza de casta\u00f1o macizo de 20x20 cm de secci\u00f3n y 2,60 m de largo<\/title>\n<meta name=\"description\" content=\"Pieza de casta\u00f1o macizo de 20x20 cm de secci\u00f3n y 2,60 m de largo. Oferta fin de stock. Viga de casta\u00f1o seca a precios especiales hasta fin de existencias.\" \/>\n<meta name=\"robots\" content=\"index, follow, max-snippet:-1, max-image-preview:large, max-video-preview:-1\" \/>\n<link rel=\"canonical\" href=\"https:\/\/www.garciavarona.com\/en\/producto\/viga-de-castano-macizo-20x20-cm-260-m-de-largo\/\" \/>\n<meta property=\"og:locale\" content=\"en_US\" \/>\n<meta property=\"og:type\" content=\"article\" \/>\n<meta property=\"og:title\" content=\"Pieza de casta\u00f1o macizo de 20x20 cm de secci\u00f3n y 2,60 m de largo\" \/>\n<meta property=\"og:description\" content=\"Pieza de casta\u00f1o macizo de 20x20 cm de secci\u00f3n y 2,60 m de largo. Oferta fin de stock. Viga de casta\u00f1o seca a precios especiales hasta fin de existencias.\" \/>\n<meta property=\"og:url\" content=\"https:\/\/www.garciavarona.com\/en\/producto\/viga-de-castano-macizo-20x20-cm-260-m-de-largo\/\" \/>\n<meta property=\"og:site_name\" content=\"Maderas Garcia Varona\" \/>\n<meta property=\"article:publisher\" content=\"https:\/\/www.facebook.com\/maderasgarciavaronagrupo\" \/>\n<meta property=\"article:modified_time\" content=\"2023-03-24T10:45:17+00:00\" \/>\n<meta property=\"og:image\" content=\"https:\/\/www.garciavarona.com\/wp-content\/uploads\/2019\/03\/332-Viga-de-castano-macizo-seca.jpg\" \/>\n\t<meta property=\"og:image:width\" content=\"525\" \/>\n\t<meta property=\"og:image:height\" content=\"525\" \/>\n\t<meta property=\"og:image:type\" content=\"image\/jpeg\" \/>\n<meta name=\"twitter:card\" content=\"summary_large_image\" \/>\n<meta name=\"twitter:site\" content=\"@maderasvaronars\" \/>\n<script type=\"application\/ld+json\" class=\"yoast-schema-graph\">{\"@context\":\"https:\\\/\\\/schema.org\",\"@graph\":[{\"@type\":[\"WebPage\",\"ItemPage\"],\"@id\":\"https:\\\/\\\/www.garciavarona.com\\\/en\\\/producto\\\/viga-de-castano-macizo-20x20-cm-260-m-de-largo\\\/\",\"url\":\"https:\\\/\\\/www.garciavarona.com\\\/en\\\/producto\\\/viga-de-castano-macizo-20x20-cm-260-m-de-largo\\\/\",\"name\":\"Pieza de casta\u00f1o macizo de 20x20 cm de secci\u00f3n y 2,60 m de largo\",\"isPartOf\":{\"@id\":\"https:\\\/\\\/www.garciavarona.com\\\/en\\\/#website\"},\"primaryImageOfPage\":{\"@id\":\"https:\\\/\\\/www.garciavarona.com\\\/en\\\/producto\\\/viga-de-castano-macizo-20x20-cm-260-m-de-largo\\\/#primaryimage\"},\"image\":{\"@id\":\"https:\\\/\\\/www.garciavarona.com\\\/en\\\/producto\\\/viga-de-castano-macizo-20x20-cm-260-m-de-largo\\\/#primaryimage\"},\"thumbnailUrl\":\"https:\\\/\\\/www.garciavarona.com\\\/wp-content\\\/uploads\\\/2019\\\/03\\\/332-Viga-de-castano-macizo-seca.jpg\",\"datePublished\":\"2019-03-04T10:46:41+00:00\",\"dateModified\":\"2023-03-24T10:45:17+00:00\",\"description\":\"Pieza de casta\u00f1o macizo de 20x20 cm de secci\u00f3n y 2,60 m de largo. Oferta fin de stock. Viga de casta\u00f1o seca a precios especiales hasta fin de existencias.\",\"breadcrumb\":{\"@id\":\"https:\\\/\\\/www.garciavarona.com\\\/en\\\/producto\\\/viga-de-castano-macizo-20x20-cm-260-m-de-largo\\\/#breadcrumb\"},\"inLanguage\":\"en-US\",\"potentialAction\":[{\"@type\":\"ReadAction\",\"target\":[\"https:\\\/\\\/www.garciavarona.com\\\/en\\\/producto\\\/viga-de-castano-macizo-20x20-cm-260-m-de-largo\\\/\"]}]},{\"@type\":\"ImageObject\",\"inLanguage\":\"en-US\",\"@id\":\"https:\\\/\\\/www.garciavarona.com\\\/en\\\/producto\\\/viga-de-castano-macizo-20x20-cm-260-m-de-largo\\\/#primaryimage\",\"url\":\"https:\\\/\\\/www.garciavarona.com\\\/wp-content\\\/uploads\\\/2019\\\/03\\\/332-Viga-de-castano-macizo-seca.jpg\",\"contentUrl\":\"https:\\\/\\\/www.garciavarona.com\\\/wp-content\\\/uploads\\\/2019\\\/03\\\/332-Viga-de-castano-macizo-seca.jpg\",\"width\":525,\"height\":525,\"caption\":\"Viga de casta\u00f1o macizo seca\"},{\"@type\":\"BreadcrumbList\",\"@id\":\"https:\\\/\\\/www.garciavarona.com\\\/en\\\/producto\\\/viga-de-castano-macizo-20x20-cm-260-m-de-largo\\\/#breadcrumb\",\"itemListElement\":[{\"@type\":\"ListItem\",\"position\":1,\"name\":\"Portada\",\"item\":\"https:\\\/\\\/www.garciavarona.com\\\/en\\\/\"},{\"@type\":\"ListItem\",\"position\":2,\"name\":\"Tienda Maderas Garc\u00eda Varona\",\"item\":\"https:\\\/\\\/www.garciavarona.com\\\/tienda\\\/\"},{\"@type\":\"ListItem\",\"position\":3,\"name\":\"Pieza de casta\u00f1o macizo 20&#215;20 cm 2,60 m de largo\"}]},{\"@type\":\"WebSite\",\"@id\":\"https:\\\/\\\/www.garciavarona.com\\\/en\\\/#website\",\"url\":\"https:\\\/\\\/www.garciavarona.com\\\/en\\\/\",\"name\":\"Maderas Garcia Varona\",\"description\":\"Fabrica y Aserradero de Madera. Expertos en Madera\",\"publisher\":{\"@id\":\"https:\\\/\\\/www.garciavarona.com\\\/en\\\/#organization\"},\"potentialAction\":[{\"@type\":\"SearchAction\",\"target\":{\"@type\":\"EntryPoint\",\"urlTemplate\":\"https:\\\/\\\/www.garciavarona.com\\\/en\\\/?s={search_term_string}\"},\"query-input\":{\"@type\":\"PropertyValueSpecification\",\"valueRequired\":true,\"valueName\":\"search_term_string\"}}],\"inLanguage\":\"en-US\"},{\"@type\":\"Organization\",\"@id\":\"https:\\\/\\\/www.garciavarona.com\\\/en\\\/#organization\",\"name\":\"Maderas Garcia Varona\",\"url\":\"https:\\\/\\\/www.garciavarona.com\\\/en\\\/\",\"logo\":{\"@type\":\"ImageObject\",\"inLanguage\":\"en-US\",\"@id\":\"https:\\\/\\\/www.garciavarona.com\\\/en\\\/#\\\/schema\\\/logo\\\/image\\\/\",\"url\":\"https:\\\/\\\/www.garciavarona.com\\\/wp-content\\\/uploads\\\/2022\\\/06\\\/logoGarciaVarona.svg\",\"contentUrl\":\"https:\\\/\\\/www.garciavarona.com\\\/wp-content\\\/uploads\\\/2022\\\/06\\\/logoGarciaVarona.svg\",\"width\":1020,\"height\":200,\"caption\":\"Maderas Garcia Varona\"},\"image\":{\"@id\":\"https:\\\/\\\/www.garciavarona.com\\\/en\\\/#\\\/schema\\\/logo\\\/image\\\/\"},\"sameAs\":[\"https:\\\/\\\/www.facebook.com\\\/maderasgarciavaronagrupo\",\"https:\\\/\\\/x.com\\\/maderasvaronars\",\"https:\\\/\\\/www.instagram.com\\\/maderasgarciavarona\\\/\",\"https:\\\/\\\/www.linkedin.com\\\/company\\\/maderas-garcia-varona\\\/\",\"https:\\\/\\\/www.youtube.com\\\/channel\\\/UCGUEME06N_h66pB2coJC83w\\\/featured\"]}]}<\/script>\n<!-- \/ Yoast SEO plugin. -->","yoast_head_json":{"title":"Pieza de casta\u00f1o macizo de 20x20 cm de secci\u00f3n y 2,60 m de largo","description":"Pieza de casta\u00f1o macizo de 20x20 cm de secci\u00f3n y 2,60 m de largo. Oferta fin de stock. Viga de casta\u00f1o seca a precios especiales hasta fin de existencias.","robots":{"index":"index","follow":"follow","max-snippet":"max-snippet:-1","max-image-preview":"max-image-preview:large","max-video-preview":"max-video-preview:-1"},"canonical":"https:\/\/www.garciavarona.com\/en\/producto\/viga-de-castano-macizo-20x20-cm-260-m-de-largo\/","og_locale":"en_US","og_type":"article","og_title":"Pieza de casta\u00f1o macizo de 20x20 cm de secci\u00f3n y 2,60 m de largo","og_description":"Pieza de casta\u00f1o macizo de 20x20 cm de secci\u00f3n y 2,60 m de largo. Oferta fin de stock. Viga de casta\u00f1o seca a precios especiales hasta fin de existencias.","og_url":"https:\/\/www.garciavarona.com\/en\/producto\/viga-de-castano-macizo-20x20-cm-260-m-de-largo\/","og_site_name":"Maderas Garcia Varona","article_publisher":"https:\/\/www.facebook.com\/maderasgarciavaronagrupo","article_modified_time":"2023-03-24T10:45:17+00:00","og_image":[{"width":525,"height":525,"url":"https:\/\/www.garciavarona.com\/wp-content\/uploads\/2019\/03\/332-Viga-de-castano-macizo-seca.jpg","type":"image\/jpeg"}],"twitter_card":"summary_large_image","twitter_site":"@maderasvaronars","schema":{"@context":"https:\/\/schema.org","@graph":[{"@type":["WebPage","ItemPage"],"@id":"https:\/\/www.garciavarona.com\/en\/producto\/viga-de-castano-macizo-20x20-cm-260-m-de-largo\/","url":"https:\/\/www.garciavarona.com\/en\/producto\/viga-de-castano-macizo-20x20-cm-260-m-de-largo\/","name":"Pieza de casta\u00f1o macizo de 20x20 cm de secci\u00f3n y 2,60 m de largo","isPartOf":{"@id":"https:\/\/www.garciavarona.com\/en\/#website"},"primaryImageOfPage":{"@id":"https:\/\/www.garciavarona.com\/en\/producto\/viga-de-castano-macizo-20x20-cm-260-m-de-largo\/#primaryimage"},"image":{"@id":"https:\/\/www.garciavarona.com\/en\/producto\/viga-de-castano-macizo-20x20-cm-260-m-de-largo\/#primaryimage"},"thumbnailUrl":"https:\/\/www.garciavarona.com\/wp-content\/uploads\/2019\/03\/332-Viga-de-castano-macizo-seca.jpg","datePublished":"2019-03-04T10:46:41+00:00","dateModified":"2023-03-24T10:45:17+00:00","description":"Pieza de casta\u00f1o macizo de 20x20 cm de secci\u00f3n y 2,60 m de largo. Oferta fin de stock. Viga de casta\u00f1o seca a precios especiales hasta fin de existencias.","breadcrumb":{"@id":"https:\/\/www.garciavarona.com\/en\/producto\/viga-de-castano-macizo-20x20-cm-260-m-de-largo\/#breadcrumb"},"inLanguage":"en-US","potentialAction":[{"@type":"ReadAction","target":["https:\/\/www.garciavarona.com\/en\/producto\/viga-de-castano-macizo-20x20-cm-260-m-de-largo\/"]}]},{"@type":"ImageObject","inLanguage":"en-US","@id":"https:\/\/www.garciavarona.com\/en\/producto\/viga-de-castano-macizo-20x20-cm-260-m-de-largo\/#primaryimage","url":"https:\/\/www.garciavarona.com\/wp-content\/uploads\/2019\/03\/332-Viga-de-castano-macizo-seca.jpg","contentUrl":"https:\/\/www.garciavarona.com\/wp-content\/uploads\/2019\/03\/332-Viga-de-castano-macizo-seca.jpg","width":525,"height":525,"caption":"Viga de casta\u00f1o macizo seca"},{"@type":"BreadcrumbList","@id":"https:\/\/www.garciavarona.com\/en\/producto\/viga-de-castano-macizo-20x20-cm-260-m-de-largo\/#breadcrumb","itemListElement":[{"@type":"ListItem","position":1,"name":"Portada","item":"https:\/\/www.garciavarona.com\/en\/"},{"@type":"ListItem","position":2,"name":"Tienda Maderas Garc\u00eda Varona","item":"https:\/\/www.garciavarona.com\/tienda\/"},{"@type":"ListItem","position":3,"name":"Pieza de casta\u00f1o macizo 20&#215;20 cm 2,60 m de largo"}]},{"@type":"WebSite","@id":"https:\/\/www.garciavarona.com\/en\/#website","url":"https:\/\/www.garciavarona.com\/en\/","name":"Maderas Garcia Varona","description":"Fabrica y Aserradero de Madera. Expertos en Madera","publisher":{"@id":"https:\/\/www.garciavarona.com\/en\/#organization"},"potentialAction":[{"@type":"SearchAction","target":{"@type":"EntryPoint","urlTemplate":"https:\/\/www.garciavarona.com\/en\/?s={search_term_string}"},"query-input":{"@type":"PropertyValueSpecification","valueRequired":true,"valueName":"search_term_string"}}],"inLanguage":"en-US"},{"@type":"Organization","@id":"https:\/\/www.garciavarona.com\/en\/#organization","name":"Maderas Garcia Varona","url":"https:\/\/www.garciavarona.com\/en\/","logo":{"@type":"ImageObject","inLanguage":"en-US","@id":"https:\/\/www.garciavarona.com\/en\/#\/schema\/logo\/image\/","url":"https:\/\/www.garciavarona.com\/wp-content\/uploads\/2022\/06\/logoGarciaVarona.svg","contentUrl":"https:\/\/www.garciavarona.com\/wp-content\/uploads\/2022\/06\/logoGarciaVarona.svg","width":1020,"height":200,"caption":"Maderas Garcia Varona"},"image":{"@id":"https:\/\/www.garciavarona.com\/en\/#\/schema\/logo\/image\/"},"sameAs":["https:\/\/www.facebook.com\/maderasgarciavaronagrupo","https:\/\/x.com\/maderasvaronars","https:\/\/www.instagram.com\/maderasgarciavarona\/","https:\/\/www.linkedin.com\/company\/maderas-garcia-varona\/","https:\/\/www.youtube.com\/channel\/UCGUEME06N_h66pB2coJC83w\/featured"]}]}},"_links":{"self":[{"href":"https:\/\/www.garciavarona.com\/en\/wp-json\/wp\/v2\/product\/11611","targetHints":{"allow":["GET"]}}],"collection":[{"href":"https:\/\/www.garciavarona.com\/en\/wp-json\/wp\/v2\/product"}],"about":[{"href":"https:\/\/www.garciavarona.com\/en\/wp-json\/wp\/v2\/types\/product"}],"version-history":[{"count":1,"href":"https:\/\/www.garciavarona.com\/en\/wp-json\/wp\/v2\/product\/11611\/revisions"}],"predecessor-version":[{"id":14388,"href":"https:\/\/www.garciavarona.com\/en\/wp-json\/wp\/v2\/product\/11611\/revisions\/14388"}],"wp:featuredmedia":[{"embeddable":true,"href":"https:\/\/www.garciavarona.com\/en\/wp-json\/wp\/v2\/media\/11608"}],"wp:attachment":[{"href":"https:\/\/www.garciavarona.com\/en\/wp-json\/wp\/v2\/media?parent=11611"}],"wp:term":[{"taxonomy":"product_brand","embeddable":true,"href":"https:\/\/www.garciavarona.com\/en\/wp-json\/wp\/v2\/product_brand?post=11611"},{"taxonomy":"product_cat","embeddable":true,"href":"https:\/\/www.garciavarona.com\/en\/wp-json\/wp\/v2\/product_cat?post=11611"},{"taxonomy":"product_tag","embeddable":true,"href":"https:\/\/www.garciavarona.com\/en\/wp-json\/wp\/v2\/product_tag?post=11611"}],"curies":[{"name":"wp","href":"https:\/\/api.w.org\/{rel}","templated":true}]}}