{"id":11746,"date":"2019-03-21T12:48:38","date_gmt":"2019-03-21T12:48:38","guid":{"rendered":"https:\/\/pruebas.garciavarona.com\/producto\/aislante-termico-foam-poliestireno-extruido\/"},"modified":"2026-02-10T13:12:08","modified_gmt":"2026-02-10T12:12:08","slug":"aislante-termico-foam-poliestireno-extruido","status":"publish","type":"product","link":"https:\/\/www.garciavarona.com\/en\/producto\/aislante-termico-foam-poliestireno-extruido\/","title":{"rendered":"Aislante t\u00e9rmico FOAM poliestireno extruido"},"content":{"rendered":"<h1>Aislante t\u00e9rmico FOAM &#8211; Panel de poliestireno extruido XPS para aislamiento t\u00e9rmico<\/h1>\n<p>Plancha de <strong>aislante t\u00e9rmico<\/strong> FOAM de 600 mm de ancho y 1.250 mm de largo. Panel de poliestireno extruido XPS para aislamiento t\u00e9rmico. Precio por paquete.<\/p>\n<p>Paquetes disponibles:<\/p>\n<ul>\n<li>FOAM 30 &#8211; espesor 30 mm, paquete con 14 unidades con 10,50 m2 &#8211; aprox. 11 kilos<\/li>\n<li>FOAM 40 &#8211; espesor 40 mm, paquete con 10 unidades con 7,50 m2 &#8211; aprox. 10 kilos<\/li>\n<li>FOAM 50 &#8211; espesor 50 mm, paquete con 8 unidades con 6 m2 &#8211; aprox. 10 kilos<\/li>\n<li>FOAM 80 &#8211; espesor 80 mm, paquete con 5 unidades con 3,75 m2 &#8211; aprox. 10 kilos<\/li>\n<\/ul>\n<p>Placa de <strong>aislante t\u00e9rmico<\/strong> de espuma r\u00edgida de poliestireno extruido (XPS) con estructura celular cerrada. Se presenta con la piel de extrusi\u00f3n en ambas caras y con el perfil de media-madera (L). Uso como aislamiento t\u00e9rmico de cubiertas, muros, cimentaciones, forjados, losas y pavimentos.<\/p>\n<p>Para el <strong>aislamiento t\u00e9rmico<\/strong> en edificios, tanto en suelos, cubiertas o paredes. Proporciona un alto poder aislante por lo que se consigue una alta eficiencia energ\u00e9tica en las edificaciones. Esto supone un gran ahorro de energ\u00eda y de dinero. El mejor aislamiento t\u00e9rmico frente al fr\u00edo o calor.<\/p>\n<p>Panel aislante t\u00e9rmico para tejado. Con borde escalonado para poder encajar las piezas. <strong>Aislante t\u00e9rmico para techos<\/strong>, paredes y suelos frente al fr\u00edo y el calor. Alta resistencia a la deformaci\u00f3n.<\/p>\n<p>Seg\u00fan norma europea EN 13164:2008: &#8220;Productos de aislamiento t\u00e9rmico para aplicaci\u00f3n en edificios &#8211; Productos manufacturados de espuma de poliestireno extruido (XPS)&#8221;<\/p>\n<h3>Propiedades:<\/h3>\n<ul>\n<li>Excelentes caracter\u00edsticas de aislamiento, gracias a un bajo coeficiente de conductividad t\u00e9rmica y una absorci\u00f3n de agua muy reducida.<\/li>\n<li>Elevada resistencia mec\u00e1nica (a la compresi\u00f3n).<\/li>\n<li>Auto extinguible al fuego.<\/li>\n<li>No contiene CFC&#8217;s ni HCFC&#8217;s.<\/li>\n<li>Elevada estabilidad dimensional, densidad homog\u00e9nea, insensible al ataque de \u00e1cidos y bacterias, inerte a las variaciones clim\u00e1ticas.<\/li>\n<li>Compatible con los materiales de construcci\u00f3n convencionales (cemento, cal, yeso, etc.).<\/li>\n<li>F\u00e1cil de transportar, cortar y aplicar.<\/li>\n<li>Estas propiedades son estables a largo plazo.<\/li>\n<\/ul>\n<h3>Aplicaciones constructivas:<\/h3>\n<ul>\n<li>Cubiertas planas invertidas, transitables o no por personas.<\/li>\n<li>Cubiertas inclinadas con rastreles tradicionales (en madera o PVC).<\/li>\n<li>Pavimentos interiores bajo forjados en contacto con el terreno.<\/li>\n<\/ul>\n<h3>Calidad, certificaci\u00f3n y protecci\u00f3n ambiental:<\/h3>\n<p>Est\u00e1 certificado de acuerdo con las siguientes normas europeas:<\/p>\n<ul>\n<li>EN 13164:2008<\/li>\n<li>EN 13501-1<\/li>\n<li>EN ISO 11925-2:2002<\/li>\n<\/ul>\n<p>Y en los siguientes laboratorios y entidades certificadoras:<\/p>\n<ul>\n<li>AENOR, Asociaci\u00f3n Espa\u00f1ola de Normalizaci\u00f3n y Certificaci\u00f3n<\/li>\n<li>LNEC, Laboratorio Nacional de Ingenier\u00eda Civil, Lisboa (Portugal)<\/li>\n<\/ul>\n<p>Todos estos productos son 100% reciclables y fabricados con agentes expansores exentos de cloro.<\/p>\n<h3>Almacenamiento:<\/h3>\n<ul>\n<li>Se pueden almacenar al aire libre, sobre una superficie limpia y lisa o en espacios cerrados y ventilados.<\/li>\n<li>Estas placas son insensibles al agua de lluvia y a la nieve aunque, al igual que el resto de pl\u00e1sticos, s\u00ed son sensibles a las radiaciones ultravioleta. Por este motivo, los embalajes est\u00e1n compuestos por un film protector resistente a los rayos UV por un periodo m\u00e1ximo de 6 meses.<\/li>\n<li>Contienen un retardante de fuego que las convierte en auto-extinguibles, aunque s\u00ed que arden mientras est\u00e9n en contacto con la llama. Por ello, deben ser almacenadas lejos de materiales inflamables, de fuego o de otras fuentes de ignici\u00f3n.<\/li>\n<li>No deben de entrar en contacto con disolventes como la gasolina, alquitr\u00e1n y \u00e1cido f\u00f3rmico o con gases como el metano, etano, propano y butano. Si las placas entrasen en contacto con materiales que contienen ingredientes vol\u00e1tiles, como los disolventes, entrar\u00edan en proceso de disoluci\u00f3n.<\/li>\n<li>La temperatura m\u00e1xima de trabajo durante la colocaci\u00f3n es de 75\u00ba, por lo que no debe de estar nunca en contacto con materiales que se encuentren a esa temperatura.<\/li>\n<li>Durante la operaci\u00f3n de corte de las placas y en espacios cerrados, se recomienda el uso de m\u00e1scara de protecci\u00f3n respiratoria y gafas de protecci\u00f3n ocular.<\/li>\n<li>Deben ser instaladas sobre superficies planas y limpias.<\/li>\n<\/ul>\n","protected":false},"excerpt":{"rendered":"<p>Planchas de aislante t\u00e9rmico FOAM. Precio por paquete.<\/p>\n","protected":false},"featured_media":11743,"template":"","meta":[],"product_brand":[],"product_cat":[772,755],"product_tag":[],"class_list":{"0":"post-11746","1":"product","2":"type-product","3":"status-publish","4":"has-post-thumbnail","6":"product_cat-cubiertas-y-aislamientos-de-madera","7":"product_cat-construccion","8":"pa_cantidad-375-metros-cuadrados","9":"pa_cantidad-6-metros-cuadrados","10":"pa_cantidad-750-metros-cuadrados","11":"pa_cantidad-1050-metros-cuadrados","12":"pa_grueso-30mm","13":"pa_grueso-40-mm","14":"pa_grueso-50-mm","15":"pa_grueso-80-mm","16":"pa_unidades-por-paquete-5unidades","17":"pa_unidades-por-paquete-8unidades","18":"pa_unidades-por-paquete-10unidades","19":"pa_unidades-por-paquete-14unidades","21":"first","22":"instock","23":"taxable","24":"shipping-taxable","25":"purchasable","26":"product-type-variable"},"yoast_head":"<!-- This site is optimized with the Yoast SEO plugin v27.3 - https:\/\/yoast.com\/product\/yoast-seo-wordpress\/ -->\n<title>Aislante t\u00e9rmico FOAM. Poliestireno extruido para aislamiento<\/title>\n<meta name=\"description\" content=\"Aislante t\u00e9rmico FOAM. Poliestireno extruido para aislamiento t\u00e9rmico 30, 40, 50 y 80 mm y 600x1.250 mm. Aislante t\u00e9rmico para techos, paredes y suelos.\" \/>\n<meta name=\"robots\" content=\"index, follow, max-snippet:-1, max-image-preview:large, max-video-preview:-1\" \/>\n<link rel=\"canonical\" href=\"https:\/\/www.garciavarona.com\/en\/producto\/aislante-termico-foam-poliestireno-extruido\/\" \/>\n<meta property=\"og:locale\" content=\"en_US\" \/>\n<meta property=\"og:type\" content=\"article\" \/>\n<meta property=\"og:title\" content=\"Aislante t\u00e9rmico FOAM. Poliestireno extruido para aislamiento\" \/>\n<meta property=\"og:description\" content=\"Aislante t\u00e9rmico FOAM. Poliestireno extruido para aislamiento t\u00e9rmico 30, 40, 50 y 80 mm y 600x1.250 mm. Aislante t\u00e9rmico para techos, paredes y suelos.\" \/>\n<meta property=\"og:url\" content=\"https:\/\/www.garciavarona.com\/en\/producto\/aislante-termico-foam-poliestireno-extruido\/\" \/>\n<meta property=\"og:site_name\" content=\"Maderas Garcia Varona\" \/>\n<meta property=\"article:publisher\" content=\"https:\/\/www.facebook.com\/maderasgarciavaronagrupo\" \/>\n<meta property=\"article:modified_time\" content=\"2026-02-10T12:12:08+00:00\" \/>\n<meta property=\"og:image\" content=\"https:\/\/www.garciavarona.com\/wp-content\/uploads\/2019\/03\/430-Aislante-termico-FOAM-poliestireno-extruido.jpg\" \/>\n\t<meta property=\"og:image:width\" content=\"500\" \/>\n\t<meta property=\"og:image:height\" content=\"500\" \/>\n\t<meta property=\"og:image:type\" content=\"image\/jpeg\" \/>\n<meta name=\"twitter:card\" content=\"summary_large_image\" \/>\n<meta name=\"twitter:site\" content=\"@maderasvaronars\" \/>\n<meta name=\"twitter:label1\" content=\"Est. reading time\" \/>\n\t<meta name=\"twitter:data1\" content=\"4 minutes\" \/>\n<script type=\"application\/ld+json\" class=\"yoast-schema-graph\">{\"@context\":\"https:\\\/\\\/schema.org\",\"@graph\":[{\"@type\":[\"WebPage\",\"ItemPage\"],\"@id\":\"https:\\\/\\\/www.garciavarona.com\\\/en\\\/producto\\\/aislante-termico-foam-poliestireno-extruido\\\/\",\"url\":\"https:\\\/\\\/www.garciavarona.com\\\/en\\\/producto\\\/aislante-termico-foam-poliestireno-extruido\\\/\",\"name\":\"Aislante t\u00e9rmico FOAM. Poliestireno extruido para aislamiento\",\"isPartOf\":{\"@id\":\"https:\\\/\\\/www.garciavarona.com\\\/en\\\/#website\"},\"primaryImageOfPage\":{\"@id\":\"https:\\\/\\\/www.garciavarona.com\\\/en\\\/producto\\\/aislante-termico-foam-poliestireno-extruido\\\/#primaryimage\"},\"image\":{\"@id\":\"https:\\\/\\\/www.garciavarona.com\\\/en\\\/producto\\\/aislante-termico-foam-poliestireno-extruido\\\/#primaryimage\"},\"thumbnailUrl\":\"https:\\\/\\\/www.garciavarona.com\\\/wp-content\\\/uploads\\\/2019\\\/03\\\/430-Aislante-termico-FOAM-poliestireno-extruido.jpg\",\"datePublished\":\"2019-03-21T12:48:38+00:00\",\"dateModified\":\"2026-02-10T12:12:08+00:00\",\"description\":\"Aislante t\u00e9rmico FOAM. Poliestireno extruido para aislamiento t\u00e9rmico 30, 40, 50 y 80 mm y 600x1.250 mm. Aislante t\u00e9rmico para techos, paredes y suelos.\",\"breadcrumb\":{\"@id\":\"https:\\\/\\\/www.garciavarona.com\\\/en\\\/producto\\\/aislante-termico-foam-poliestireno-extruido\\\/#breadcrumb\"},\"inLanguage\":\"en-US\",\"potentialAction\":[{\"@type\":\"ReadAction\",\"target\":[\"https:\\\/\\\/www.garciavarona.com\\\/en\\\/producto\\\/aislante-termico-foam-poliestireno-extruido\\\/\"]}]},{\"@type\":\"ImageObject\",\"inLanguage\":\"en-US\",\"@id\":\"https:\\\/\\\/www.garciavarona.com\\\/en\\\/producto\\\/aislante-termico-foam-poliestireno-extruido\\\/#primaryimage\",\"url\":\"https:\\\/\\\/www.garciavarona.com\\\/wp-content\\\/uploads\\\/2019\\\/03\\\/430-Aislante-termico-FOAM-poliestireno-extruido.jpg\",\"contentUrl\":\"https:\\\/\\\/www.garciavarona.com\\\/wp-content\\\/uploads\\\/2019\\\/03\\\/430-Aislante-termico-FOAM-poliestireno-extruido.jpg\",\"width\":500,\"height\":500,\"caption\":\"Aislante t\u00e9rmico FOAM poliestireno extruido\"},{\"@type\":\"BreadcrumbList\",\"@id\":\"https:\\\/\\\/www.garciavarona.com\\\/en\\\/producto\\\/aislante-termico-foam-poliestireno-extruido\\\/#breadcrumb\",\"itemListElement\":[{\"@type\":\"ListItem\",\"position\":1,\"name\":\"Portada\",\"item\":\"https:\\\/\\\/www.garciavarona.com\\\/en\\\/\"},{\"@type\":\"ListItem\",\"position\":2,\"name\":\"Tienda Maderas Garc\u00eda Varona\",\"item\":\"https:\\\/\\\/www.garciavarona.com\\\/tienda\\\/\"},{\"@type\":\"ListItem\",\"position\":3,\"name\":\"Aislante t\u00e9rmico FOAM poliestireno extruido\"}]},{\"@type\":\"WebSite\",\"@id\":\"https:\\\/\\\/www.garciavarona.com\\\/en\\\/#website\",\"url\":\"https:\\\/\\\/www.garciavarona.com\\\/en\\\/\",\"name\":\"Maderas Garcia Varona\",\"description\":\"Fabrica y Aserradero de Madera. Expertos en Madera\",\"publisher\":{\"@id\":\"https:\\\/\\\/www.garciavarona.com\\\/en\\\/#organization\"},\"potentialAction\":[{\"@type\":\"SearchAction\",\"target\":{\"@type\":\"EntryPoint\",\"urlTemplate\":\"https:\\\/\\\/www.garciavarona.com\\\/en\\\/?s={search_term_string}\"},\"query-input\":{\"@type\":\"PropertyValueSpecification\",\"valueRequired\":true,\"valueName\":\"search_term_string\"}}],\"inLanguage\":\"en-US\"},{\"@type\":\"Organization\",\"@id\":\"https:\\\/\\\/www.garciavarona.com\\\/en\\\/#organization\",\"name\":\"Maderas Garcia Varona\",\"url\":\"https:\\\/\\\/www.garciavarona.com\\\/en\\\/\",\"logo\":{\"@type\":\"ImageObject\",\"inLanguage\":\"en-US\",\"@id\":\"https:\\\/\\\/www.garciavarona.com\\\/en\\\/#\\\/schema\\\/logo\\\/image\\\/\",\"url\":\"https:\\\/\\\/www.garciavarona.com\\\/wp-content\\\/uploads\\\/2022\\\/06\\\/logoGarciaVarona.svg\",\"contentUrl\":\"https:\\\/\\\/www.garciavarona.com\\\/wp-content\\\/uploads\\\/2022\\\/06\\\/logoGarciaVarona.svg\",\"width\":1020,\"height\":200,\"caption\":\"Maderas Garcia Varona\"},\"image\":{\"@id\":\"https:\\\/\\\/www.garciavarona.com\\\/en\\\/#\\\/schema\\\/logo\\\/image\\\/\"},\"sameAs\":[\"https:\\\/\\\/www.facebook.com\\\/maderasgarciavaronagrupo\",\"https:\\\/\\\/x.com\\\/maderasvaronars\",\"https:\\\/\\\/www.instagram.com\\\/maderasgarciavarona\\\/\",\"https:\\\/\\\/www.linkedin.com\\\/company\\\/maderas-garcia-varona\\\/\",\"https:\\\/\\\/www.youtube.com\\\/channel\\\/UCGUEME06N_h66pB2coJC83w\\\/featured\"]}]}<\/script>\n<!-- \/ Yoast SEO plugin. -->","yoast_head_json":{"title":"Aislante t\u00e9rmico FOAM. Poliestireno extruido para aislamiento","description":"Aislante t\u00e9rmico FOAM. Poliestireno extruido para aislamiento t\u00e9rmico 30, 40, 50 y 80 mm y 600x1.250 mm. Aislante t\u00e9rmico para techos, paredes y suelos.","robots":{"index":"index","follow":"follow","max-snippet":"max-snippet:-1","max-image-preview":"max-image-preview:large","max-video-preview":"max-video-preview:-1"},"canonical":"https:\/\/www.garciavarona.com\/en\/producto\/aislante-termico-foam-poliestireno-extruido\/","og_locale":"en_US","og_type":"article","og_title":"Aislante t\u00e9rmico FOAM. Poliestireno extruido para aislamiento","og_description":"Aislante t\u00e9rmico FOAM. Poliestireno extruido para aislamiento t\u00e9rmico 30, 40, 50 y 80 mm y 600x1.250 mm. Aislante t\u00e9rmico para techos, paredes y suelos.","og_url":"https:\/\/www.garciavarona.com\/en\/producto\/aislante-termico-foam-poliestireno-extruido\/","og_site_name":"Maderas Garcia Varona","article_publisher":"https:\/\/www.facebook.com\/maderasgarciavaronagrupo","article_modified_time":"2026-02-10T12:12:08+00:00","og_image":[{"width":500,"height":500,"url":"https:\/\/www.garciavarona.com\/wp-content\/uploads\/2019\/03\/430-Aislante-termico-FOAM-poliestireno-extruido.jpg","type":"image\/jpeg"}],"twitter_card":"summary_large_image","twitter_site":"@maderasvaronars","twitter_misc":{"Est. reading time":"4 minutes"},"schema":{"@context":"https:\/\/schema.org","@graph":[{"@type":["WebPage","ItemPage"],"@id":"https:\/\/www.garciavarona.com\/en\/producto\/aislante-termico-foam-poliestireno-extruido\/","url":"https:\/\/www.garciavarona.com\/en\/producto\/aislante-termico-foam-poliestireno-extruido\/","name":"Aislante t\u00e9rmico FOAM. Poliestireno extruido para aislamiento","isPartOf":{"@id":"https:\/\/www.garciavarona.com\/en\/#website"},"primaryImageOfPage":{"@id":"https:\/\/www.garciavarona.com\/en\/producto\/aislante-termico-foam-poliestireno-extruido\/#primaryimage"},"image":{"@id":"https:\/\/www.garciavarona.com\/en\/producto\/aislante-termico-foam-poliestireno-extruido\/#primaryimage"},"thumbnailUrl":"https:\/\/www.garciavarona.com\/wp-content\/uploads\/2019\/03\/430-Aislante-termico-FOAM-poliestireno-extruido.jpg","datePublished":"2019-03-21T12:48:38+00:00","dateModified":"2026-02-10T12:12:08+00:00","description":"Aislante t\u00e9rmico FOAM. Poliestireno extruido para aislamiento t\u00e9rmico 30, 40, 50 y 80 mm y 600x1.250 mm. Aislante t\u00e9rmico para techos, paredes y suelos.","breadcrumb":{"@id":"https:\/\/www.garciavarona.com\/en\/producto\/aislante-termico-foam-poliestireno-extruido\/#breadcrumb"},"inLanguage":"en-US","potentialAction":[{"@type":"ReadAction","target":["https:\/\/www.garciavarona.com\/en\/producto\/aislante-termico-foam-poliestireno-extruido\/"]}]},{"@type":"ImageObject","inLanguage":"en-US","@id":"https:\/\/www.garciavarona.com\/en\/producto\/aislante-termico-foam-poliestireno-extruido\/#primaryimage","url":"https:\/\/www.garciavarona.com\/wp-content\/uploads\/2019\/03\/430-Aislante-termico-FOAM-poliestireno-extruido.jpg","contentUrl":"https:\/\/www.garciavarona.com\/wp-content\/uploads\/2019\/03\/430-Aislante-termico-FOAM-poliestireno-extruido.jpg","width":500,"height":500,"caption":"Aislante t\u00e9rmico FOAM poliestireno extruido"},{"@type":"BreadcrumbList","@id":"https:\/\/www.garciavarona.com\/en\/producto\/aislante-termico-foam-poliestireno-extruido\/#breadcrumb","itemListElement":[{"@type":"ListItem","position":1,"name":"Portada","item":"https:\/\/www.garciavarona.com\/en\/"},{"@type":"ListItem","position":2,"name":"Tienda Maderas Garc\u00eda Varona","item":"https:\/\/www.garciavarona.com\/tienda\/"},{"@type":"ListItem","position":3,"name":"Aislante t\u00e9rmico FOAM poliestireno extruido"}]},{"@type":"WebSite","@id":"https:\/\/www.garciavarona.com\/en\/#website","url":"https:\/\/www.garciavarona.com\/en\/","name":"Maderas Garcia Varona","description":"Fabrica y Aserradero de Madera. Expertos en Madera","publisher":{"@id":"https:\/\/www.garciavarona.com\/en\/#organization"},"potentialAction":[{"@type":"SearchAction","target":{"@type":"EntryPoint","urlTemplate":"https:\/\/www.garciavarona.com\/en\/?s={search_term_string}"},"query-input":{"@type":"PropertyValueSpecification","valueRequired":true,"valueName":"search_term_string"}}],"inLanguage":"en-US"},{"@type":"Organization","@id":"https:\/\/www.garciavarona.com\/en\/#organization","name":"Maderas Garcia Varona","url":"https:\/\/www.garciavarona.com\/en\/","logo":{"@type":"ImageObject","inLanguage":"en-US","@id":"https:\/\/www.garciavarona.com\/en\/#\/schema\/logo\/image\/","url":"https:\/\/www.garciavarona.com\/wp-content\/uploads\/2022\/06\/logoGarciaVarona.svg","contentUrl":"https:\/\/www.garciavarona.com\/wp-content\/uploads\/2022\/06\/logoGarciaVarona.svg","width":1020,"height":200,"caption":"Maderas Garcia Varona"},"image":{"@id":"https:\/\/www.garciavarona.com\/en\/#\/schema\/logo\/image\/"},"sameAs":["https:\/\/www.facebook.com\/maderasgarciavaronagrupo","https:\/\/x.com\/maderasvaronars","https:\/\/www.instagram.com\/maderasgarciavarona\/","https:\/\/www.linkedin.com\/company\/maderas-garcia-varona\/","https:\/\/www.youtube.com\/channel\/UCGUEME06N_h66pB2coJC83w\/featured"]}]}},"_links":{"self":[{"href":"https:\/\/www.garciavarona.com\/en\/wp-json\/wp\/v2\/product\/11746","targetHints":{"allow":["GET"]}}],"collection":[{"href":"https:\/\/www.garciavarona.com\/en\/wp-json\/wp\/v2\/product"}],"about":[{"href":"https:\/\/www.garciavarona.com\/en\/wp-json\/wp\/v2\/types\/product"}],"version-history":[{"count":3,"href":"https:\/\/www.garciavarona.com\/en\/wp-json\/wp\/v2\/product\/11746\/revisions"}],"predecessor-version":[{"id":19693,"href":"https:\/\/www.garciavarona.com\/en\/wp-json\/wp\/v2\/product\/11746\/revisions\/19693"}],"wp:featuredmedia":[{"embeddable":true,"href":"https:\/\/www.garciavarona.com\/en\/wp-json\/wp\/v2\/media\/11743"}],"wp:attachment":[{"href":"https:\/\/www.garciavarona.com\/en\/wp-json\/wp\/v2\/media?parent=11746"}],"wp:term":[{"taxonomy":"product_brand","embeddable":true,"href":"https:\/\/www.garciavarona.com\/en\/wp-json\/wp\/v2\/product_brand?post=11746"},{"taxonomy":"product_cat","embeddable":true,"href":"https:\/\/www.garciavarona.com\/en\/wp-json\/wp\/v2\/product_cat?post=11746"},{"taxonomy":"product_tag","embeddable":true,"href":"https:\/\/www.garciavarona.com\/en\/wp-json\/wp\/v2\/product_tag?post=11746"}],"curies":[{"name":"wp","href":"https:\/\/api.w.org\/{rel}","templated":true}]}}