{"id":11808,"date":"2022-07-25T04:03:22","date_gmt":"2022-07-25T04:03:22","guid":{"rendered":"https:\/\/pruebas.garciavarona.com\/?post_type=product&#038;p=11808"},"modified":"2023-03-14T14:55:12","modified_gmt":"2023-03-14T14:55:12","slug":"cera-deco-osmo-transparente-750ml","status":"publish","type":"product","link":"https:\/\/www.garciavarona.com\/en\/producto\/cera-deco-osmo-transparente-750ml\/","title":{"rendered":"Cera deco Osmo transparente 750ml"},"content":{"rendered":"<h2>Cera deco Osmo transparente 750ml<\/h2>\n<p>Cera deco Osmo transparente para madera de interior. 750 ml. Colores disponibles: blanco (3111), cerezo (3137), co\u00f1ac (3143) y gris azulado (3151).<\/p>\n<p>El acabado en cera es v\u00e1lido para la protecci\u00f3n y decoraci\u00f3n de madera de interior: frisos, molduras, vigas y puertas. Tambi\u00e9n para paneles encolados, tableros OSB y MDF. Ideal como imprimaci\u00f3n con color para suelos de madera y para refrescar superficies de madera oscurecida. Recomendado para juguetes de ni\u00f1os.<\/p>\n<h4>Ventajas<\/h4>\n<ul>\n<li>F\u00e1cil repelente de suciedad<\/li>\n<li>Resistente a qu\u00edmicos dom\u00e9sticos<\/li>\n<li>Resistente a la saliva y no se hincha<\/li>\n<li>Apto para juguetes de ni\u00f1os<\/li>\n<\/ul>\n<p>Rendimiento: 24 m2 por litro (para una capa)<br \/>\nSegunda mano recomendado despu\u00e9s de 24 horas<\/p>\n<h4>Instrucciones para una aplicaci\u00f3n manual<\/h4>\n<p>1. Primera capa sobre madera en bruto, pulida, aprox. 35 ml\/m2.<br \/>\n2. Los fallos en la capa h\u00fameda pueden ser corregidos hasta 30 minutos despu\u00e9s de la primera aplicaci\u00f3n.<br \/>\n3. Tiempo de secado aprox. 12 horas (condiciones clim\u00e1ticas normales, 23\u00ba C\/50% humedad relativa). Temperaturas inferiores y humedades superiores pueden incrementar el tiempo de secado. permitir buena ventilaci\u00f3n.<\/p>\n<p>* <strong>Efecto vidrio<\/strong>: para conseguir un efecto vidrio ligeramente coloreado: dentro de los 20 minutos despu\u00e9s de aplicar la capa, limpiar con un pa\u00f1o a lo largo de la veta de la madera.<br \/>\n* <strong>Intensivo<\/strong>: para conseguir un color m\u00e1s intenso repetir el proceso (aplicar un m\u00e1ximo de 2 capas). Solo aplica a tonos intensos.<br \/>\n* <strong>Como una imprimaci\u00f3n coloreada para el suelo<\/strong>: tiempo de secado aproximado 24 horas (en lugar de 12; ver punto 3). Segunda capa aproximada 35 ml\/m2 con Aceite-Cera. Tiempo de secado aprox. 8- 10 horas, ver punto 3.<\/p>\n","protected":false},"excerpt":{"rendered":"<p>Cera deco transparente para madera de interior de 750 ml. Colores disponibles: blanco (3111), cerezo (3137), co\u00f1ac (3143) y gris azulado (3151).<\/p>\n","protected":false},"featured_media":14086,"template":"","meta":[],"product_brand":[],"product_cat":[757,791],"product_tag":[1222,2072,1224,2073],"class_list":{"0":"post-11808","1":"product","2":"type-product","3":"status-publish","4":"has-post-thumbnail","6":"product_cat-outlet-de-madera","7":"product_cat-productos-mantenimiento-outlet","8":"product_tag-cera-de-limpieza","9":"product_tag-cera-especial-de-limpieza-y-mantenimiento","10":"product_tag-cera-osmo","11":"product_tag-osmo","13":"first","14":"instock","15":"taxable","16":"shipping-taxable","17":"purchasable","18":"product-type-variable"},"yoast_head":"<!-- This site is optimized with the Yoast SEO plugin v27.3 - https:\/\/yoast.com\/product\/yoast-seo-wordpress\/ -->\n<title>Cera deco Osmo transparente blanco 750ml (3111)<\/title>\n<meta name=\"description\" content=\"Cera deco Osmo transparente para madera de interior: frisos, molduras, vigas y puertas. Protecci\u00f3n para el revestimiento de paredes,techos y vigas.\" \/>\n<meta name=\"robots\" content=\"index, follow, max-snippet:-1, max-image-preview:large, max-video-preview:-1\" \/>\n<link rel=\"canonical\" href=\"https:\/\/www.garciavarona.com\/en\/producto\/cera-deco-osmo-transparente-750ml\/\" \/>\n<meta property=\"og:locale\" content=\"en_US\" \/>\n<meta property=\"og:type\" content=\"article\" \/>\n<meta property=\"og:title\" content=\"Cera deco Osmo transparente blanco 750ml (3111)\" \/>\n<meta property=\"og:description\" content=\"Cera deco Osmo transparente para madera de interior: frisos, molduras, vigas y puertas. Protecci\u00f3n para el revestimiento de paredes,techos y vigas.\" \/>\n<meta property=\"og:url\" content=\"https:\/\/www.garciavarona.com\/en\/producto\/cera-deco-osmo-transparente-750ml\/\" \/>\n<meta property=\"og:site_name\" content=\"Maderas Garcia Varona\" \/>\n<meta property=\"article:publisher\" content=\"https:\/\/www.facebook.com\/maderasgarciavaronagrupo\" \/>\n<meta property=\"article:modified_time\" content=\"2023-03-14T14:55:12+00:00\" \/>\n<meta property=\"og:image\" content=\"https:\/\/www.garciavarona.com\/wp-content\/uploads\/2022\/07\/20220722_115853-Ph-800x800.jpg\" \/>\n\t<meta property=\"og:image:width\" content=\"800\" \/>\n\t<meta property=\"og:image:height\" content=\"800\" \/>\n\t<meta property=\"og:image:type\" content=\"image\/jpeg\" \/>\n<meta name=\"twitter:card\" content=\"summary_large_image\" \/>\n<meta name=\"twitter:site\" content=\"@maderasvaronars\" \/>\n<meta name=\"twitter:label1\" content=\"Est. reading time\" \/>\n\t<meta name=\"twitter:data1\" content=\"2 minutes\" \/>\n<script type=\"application\/ld+json\" class=\"yoast-schema-graph\">{\"@context\":\"https:\\\/\\\/schema.org\",\"@graph\":[{\"@type\":[\"WebPage\",\"ItemPage\"],\"@id\":\"https:\\\/\\\/www.garciavarona.com\\\/en\\\/producto\\\/cera-deco-osmo-transparente-750ml\\\/\",\"url\":\"https:\\\/\\\/www.garciavarona.com\\\/en\\\/producto\\\/cera-deco-osmo-transparente-750ml\\\/\",\"name\":\"Cera deco Osmo transparente blanco 750ml (3111)\",\"isPartOf\":{\"@id\":\"https:\\\/\\\/www.garciavarona.com\\\/en\\\/#website\"},\"primaryImageOfPage\":{\"@id\":\"https:\\\/\\\/www.garciavarona.com\\\/en\\\/producto\\\/cera-deco-osmo-transparente-750ml\\\/#primaryimage\"},\"image\":{\"@id\":\"https:\\\/\\\/www.garciavarona.com\\\/en\\\/producto\\\/cera-deco-osmo-transparente-750ml\\\/#primaryimage\"},\"thumbnailUrl\":\"https:\\\/\\\/www.garciavarona.com\\\/wp-content\\\/uploads\\\/2022\\\/07\\\/20220722_115853-Ph.jpg\",\"datePublished\":\"2022-07-25T04:03:22+00:00\",\"dateModified\":\"2023-03-14T14:55:12+00:00\",\"description\":\"Cera deco Osmo transparente para madera de interior: frisos, molduras, vigas y puertas. Protecci\u00f3n para el revestimiento de paredes,techos y vigas.\",\"breadcrumb\":{\"@id\":\"https:\\\/\\\/www.garciavarona.com\\\/en\\\/producto\\\/cera-deco-osmo-transparente-750ml\\\/#breadcrumb\"},\"inLanguage\":\"en-US\",\"potentialAction\":[{\"@type\":\"ReadAction\",\"target\":[\"https:\\\/\\\/www.garciavarona.com\\\/en\\\/producto\\\/cera-deco-osmo-transparente-750ml\\\/\"]}]},{\"@type\":\"ImageObject\",\"inLanguage\":\"en-US\",\"@id\":\"https:\\\/\\\/www.garciavarona.com\\\/en\\\/producto\\\/cera-deco-osmo-transparente-750ml\\\/#primaryimage\",\"url\":\"https:\\\/\\\/www.garciavarona.com\\\/wp-content\\\/uploads\\\/2022\\\/07\\\/20220722_115853-Ph.jpg\",\"contentUrl\":\"https:\\\/\\\/www.garciavarona.com\\\/wp-content\\\/uploads\\\/2022\\\/07\\\/20220722_115853-Ph.jpg\",\"width\":2200,\"height\":2200,\"caption\":\"Cera deco Osmo transparente 750ml color blanco\"},{\"@type\":\"BreadcrumbList\",\"@id\":\"https:\\\/\\\/www.garciavarona.com\\\/en\\\/producto\\\/cera-deco-osmo-transparente-750ml\\\/#breadcrumb\",\"itemListElement\":[{\"@type\":\"ListItem\",\"position\":1,\"name\":\"Portada\",\"item\":\"https:\\\/\\\/www.garciavarona.com\\\/en\\\/\"},{\"@type\":\"ListItem\",\"position\":2,\"name\":\"Tienda Maderas Garc\u00eda Varona\",\"item\":\"https:\\\/\\\/www.garciavarona.com\\\/tienda\\\/\"},{\"@type\":\"ListItem\",\"position\":3,\"name\":\"Cera deco Osmo transparente 750ml\"}]},{\"@type\":\"WebSite\",\"@id\":\"https:\\\/\\\/www.garciavarona.com\\\/en\\\/#website\",\"url\":\"https:\\\/\\\/www.garciavarona.com\\\/en\\\/\",\"name\":\"Maderas Garcia Varona\",\"description\":\"Fabrica y Aserradero de Madera. Expertos en Madera\",\"publisher\":{\"@id\":\"https:\\\/\\\/www.garciavarona.com\\\/en\\\/#organization\"},\"potentialAction\":[{\"@type\":\"SearchAction\",\"target\":{\"@type\":\"EntryPoint\",\"urlTemplate\":\"https:\\\/\\\/www.garciavarona.com\\\/en\\\/?s={search_term_string}\"},\"query-input\":{\"@type\":\"PropertyValueSpecification\",\"valueRequired\":true,\"valueName\":\"search_term_string\"}}],\"inLanguage\":\"en-US\"},{\"@type\":\"Organization\",\"@id\":\"https:\\\/\\\/www.garciavarona.com\\\/en\\\/#organization\",\"name\":\"Maderas Garcia Varona\",\"url\":\"https:\\\/\\\/www.garciavarona.com\\\/en\\\/\",\"logo\":{\"@type\":\"ImageObject\",\"inLanguage\":\"en-US\",\"@id\":\"https:\\\/\\\/www.garciavarona.com\\\/en\\\/#\\\/schema\\\/logo\\\/image\\\/\",\"url\":\"https:\\\/\\\/www.garciavarona.com\\\/wp-content\\\/uploads\\\/2022\\\/06\\\/logoGarciaVarona.svg\",\"contentUrl\":\"https:\\\/\\\/www.garciavarona.com\\\/wp-content\\\/uploads\\\/2022\\\/06\\\/logoGarciaVarona.svg\",\"width\":1020,\"height\":200,\"caption\":\"Maderas Garcia Varona\"},\"image\":{\"@id\":\"https:\\\/\\\/www.garciavarona.com\\\/en\\\/#\\\/schema\\\/logo\\\/image\\\/\"},\"sameAs\":[\"https:\\\/\\\/www.facebook.com\\\/maderasgarciavaronagrupo\",\"https:\\\/\\\/x.com\\\/maderasvaronars\",\"https:\\\/\\\/www.instagram.com\\\/maderasgarciavarona\\\/\",\"https:\\\/\\\/www.linkedin.com\\\/company\\\/maderas-garcia-varona\\\/\",\"https:\\\/\\\/www.youtube.com\\\/channel\\\/UCGUEME06N_h66pB2coJC83w\\\/featured\"]}]}<\/script>\n<!-- \/ Yoast SEO plugin. -->","yoast_head_json":{"title":"Cera deco Osmo transparente blanco 750ml (3111)","description":"Cera deco Osmo transparente para madera de interior: frisos, molduras, vigas y puertas. Protecci\u00f3n para el revestimiento de paredes,techos y vigas.","robots":{"index":"index","follow":"follow","max-snippet":"max-snippet:-1","max-image-preview":"max-image-preview:large","max-video-preview":"max-video-preview:-1"},"canonical":"https:\/\/www.garciavarona.com\/en\/producto\/cera-deco-osmo-transparente-750ml\/","og_locale":"en_US","og_type":"article","og_title":"Cera deco Osmo transparente blanco 750ml (3111)","og_description":"Cera deco Osmo transparente para madera de interior: frisos, molduras, vigas y puertas. Protecci\u00f3n para el revestimiento de paredes,techos y vigas.","og_url":"https:\/\/www.garciavarona.com\/en\/producto\/cera-deco-osmo-transparente-750ml\/","og_site_name":"Maderas Garcia Varona","article_publisher":"https:\/\/www.facebook.com\/maderasgarciavaronagrupo","article_modified_time":"2023-03-14T14:55:12+00:00","og_image":[{"width":800,"height":800,"url":"https:\/\/www.garciavarona.com\/wp-content\/uploads\/2022\/07\/20220722_115853-Ph-800x800.jpg","type":"image\/jpeg"}],"twitter_card":"summary_large_image","twitter_site":"@maderasvaronars","twitter_misc":{"Est. reading time":"2 minutes"},"schema":{"@context":"https:\/\/schema.org","@graph":[{"@type":["WebPage","ItemPage"],"@id":"https:\/\/www.garciavarona.com\/en\/producto\/cera-deco-osmo-transparente-750ml\/","url":"https:\/\/www.garciavarona.com\/en\/producto\/cera-deco-osmo-transparente-750ml\/","name":"Cera deco Osmo transparente blanco 750ml (3111)","isPartOf":{"@id":"https:\/\/www.garciavarona.com\/en\/#website"},"primaryImageOfPage":{"@id":"https:\/\/www.garciavarona.com\/en\/producto\/cera-deco-osmo-transparente-750ml\/#primaryimage"},"image":{"@id":"https:\/\/www.garciavarona.com\/en\/producto\/cera-deco-osmo-transparente-750ml\/#primaryimage"},"thumbnailUrl":"https:\/\/www.garciavarona.com\/wp-content\/uploads\/2022\/07\/20220722_115853-Ph.jpg","datePublished":"2022-07-25T04:03:22+00:00","dateModified":"2023-03-14T14:55:12+00:00","description":"Cera deco Osmo transparente para madera de interior: frisos, molduras, vigas y puertas. Protecci\u00f3n para el revestimiento de paredes,techos y vigas.","breadcrumb":{"@id":"https:\/\/www.garciavarona.com\/en\/producto\/cera-deco-osmo-transparente-750ml\/#breadcrumb"},"inLanguage":"en-US","potentialAction":[{"@type":"ReadAction","target":["https:\/\/www.garciavarona.com\/en\/producto\/cera-deco-osmo-transparente-750ml\/"]}]},{"@type":"ImageObject","inLanguage":"en-US","@id":"https:\/\/www.garciavarona.com\/en\/producto\/cera-deco-osmo-transparente-750ml\/#primaryimage","url":"https:\/\/www.garciavarona.com\/wp-content\/uploads\/2022\/07\/20220722_115853-Ph.jpg","contentUrl":"https:\/\/www.garciavarona.com\/wp-content\/uploads\/2022\/07\/20220722_115853-Ph.jpg","width":2200,"height":2200,"caption":"Cera deco Osmo transparente 750ml color blanco"},{"@type":"BreadcrumbList","@id":"https:\/\/www.garciavarona.com\/en\/producto\/cera-deco-osmo-transparente-750ml\/#breadcrumb","itemListElement":[{"@type":"ListItem","position":1,"name":"Portada","item":"https:\/\/www.garciavarona.com\/en\/"},{"@type":"ListItem","position":2,"name":"Tienda Maderas Garc\u00eda Varona","item":"https:\/\/www.garciavarona.com\/tienda\/"},{"@type":"ListItem","position":3,"name":"Cera deco Osmo transparente 750ml"}]},{"@type":"WebSite","@id":"https:\/\/www.garciavarona.com\/en\/#website","url":"https:\/\/www.garciavarona.com\/en\/","name":"Maderas Garcia Varona","description":"Fabrica y Aserradero de Madera. Expertos en Madera","publisher":{"@id":"https:\/\/www.garciavarona.com\/en\/#organization"},"potentialAction":[{"@type":"SearchAction","target":{"@type":"EntryPoint","urlTemplate":"https:\/\/www.garciavarona.com\/en\/?s={search_term_string}"},"query-input":{"@type":"PropertyValueSpecification","valueRequired":true,"valueName":"search_term_string"}}],"inLanguage":"en-US"},{"@type":"Organization","@id":"https:\/\/www.garciavarona.com\/en\/#organization","name":"Maderas Garcia Varona","url":"https:\/\/www.garciavarona.com\/en\/","logo":{"@type":"ImageObject","inLanguage":"en-US","@id":"https:\/\/www.garciavarona.com\/en\/#\/schema\/logo\/image\/","url":"https:\/\/www.garciavarona.com\/wp-content\/uploads\/2022\/06\/logoGarciaVarona.svg","contentUrl":"https:\/\/www.garciavarona.com\/wp-content\/uploads\/2022\/06\/logoGarciaVarona.svg","width":1020,"height":200,"caption":"Maderas Garcia Varona"},"image":{"@id":"https:\/\/www.garciavarona.com\/en\/#\/schema\/logo\/image\/"},"sameAs":["https:\/\/www.facebook.com\/maderasgarciavaronagrupo","https:\/\/x.com\/maderasvaronars","https:\/\/www.instagram.com\/maderasgarciavarona\/","https:\/\/www.linkedin.com\/company\/maderas-garcia-varona\/","https:\/\/www.youtube.com\/channel\/UCGUEME06N_h66pB2coJC83w\/featured"]}]}},"_links":{"self":[{"href":"https:\/\/www.garciavarona.com\/en\/wp-json\/wp\/v2\/product\/11808","targetHints":{"allow":["GET"]}}],"collection":[{"href":"https:\/\/www.garciavarona.com\/en\/wp-json\/wp\/v2\/product"}],"about":[{"href":"https:\/\/www.garciavarona.com\/en\/wp-json\/wp\/v2\/types\/product"}],"version-history":[{"count":6,"href":"https:\/\/www.garciavarona.com\/en\/wp-json\/wp\/v2\/product\/11808\/revisions"}],"predecessor-version":[{"id":19638,"href":"https:\/\/www.garciavarona.com\/en\/wp-json\/wp\/v2\/product\/11808\/revisions\/19638"}],"wp:featuredmedia":[{"embeddable":true,"href":"https:\/\/www.garciavarona.com\/en\/wp-json\/wp\/v2\/media\/14086"}],"wp:attachment":[{"href":"https:\/\/www.garciavarona.com\/en\/wp-json\/wp\/v2\/media?parent=11808"}],"wp:term":[{"taxonomy":"product_brand","embeddable":true,"href":"https:\/\/www.garciavarona.com\/en\/wp-json\/wp\/v2\/product_brand?post=11808"},{"taxonomy":"product_cat","embeddable":true,"href":"https:\/\/www.garciavarona.com\/en\/wp-json\/wp\/v2\/product_cat?post=11808"},{"taxonomy":"product_tag","embeddable":true,"href":"https:\/\/www.garciavarona.com\/en\/wp-json\/wp\/v2\/product_tag?post=11808"}],"curies":[{"name":"wp","href":"https:\/\/api.w.org\/{rel}","templated":true}]}}