{"id":11813,"date":"2019-03-29T10:46:51","date_gmt":"2019-03-29T10:46:51","guid":{"rendered":"https:\/\/pruebas.garciavarona.com\/producto\/cera-especial-limpieza-y-mantenimiento-osmo-spray-400ml-3029\/"},"modified":"2023-04-10T11:24:07","modified_gmt":"2023-04-10T11:24:07","slug":"cera-especial-limpieza-y-mantenimiento-osmo-spray-400ml-3029","status":"publish","type":"product","link":"https:\/\/www.garciavarona.com\/en\/producto\/cera-especial-limpieza-y-mantenimiento-osmo-spray-400ml-3029\/","title":{"rendered":"Cera especial limpieza y mantenimiento Osmo Spray 400ml. (3029)"},"content":{"rendered":"<h1>Cera especial limpieza y mantenimiento Osmo en Spray de 400ml (3029)<\/h1>\n<p>Cera Especial de Limpieza y Mantenimiento Osmo en formato spray basado en ceras naturales. Producto para el cuidado y renovaci\u00f3n de los suelos de madera tratados con Aceite-cera Osmo. Tambi\u00e9n es id\u00f3neo para la limpieza y mantenimiento de muebles y otras superficies de madera en interior, aceitadas o enceradas. Contiene 400 ml de producto. Color 3029 transparente.<\/p>\n<p>La Cera L\u00edquida en Spray Osmo se puede utilizar en cualquier superficie resistente al aguarr\u00e1s, como madera, corcho, lin\u00f3leo, PVC, superficies sint\u00e9ticas, m\u00e1rmol, piedra y baldosas cer\u00e1micas. La cera es repelente a las manchas. Incluso protege de productos con fuerte poder de manchado, que no pueden penetrar la superficie. Deber realizar una peque\u00f1a aplicaci\u00f3n de prueba en una superficie poco visible.<\/p>\n<p>El l\u00edquido limpiador de cera se utiliza para limpiar y mantener corcho o suelos y muebles de madera barnizada y encerada. Es ideal para eliminar las manchas oscuras como marcas de zapatos. Limpia, regenera y puede pulirse. Repele el agua, casi sin olor y libre de benceno, compuesto por ceras vegetales naturales. 1 litro cubre aproximadamente 100 m2.<\/p>\n<h2>Instrucciones para la aplicaci\u00f3n del Spray Limpiador Cera L\u00edquida Osmo<\/h2>\n<h4>Preparaci\u00f3n previa a la aplicaci\u00f3n<\/h4>\n<p>Limpiar en seco con la <a href=\"https:\/\/www.garciavarona.com\/es\/productos-mantenimiento-outlet\/213-opti-set-osmo-3-mopas-y-mango-telescopico.html?search_query=osmo&amp;results=5\" target=\"_blank\" rel=\"noopener\">Mopa para el Polvo Osmo<\/a>, un trapo o la aspiradora. Las superficies tratada con el Aceite-Cera Osmo pueden limpiarse con una fregona h\u00fameda bien escurrida (a\u00f1adir el Jab\u00f3n Fluido Especial Osmo o cualquier otro limpiador especial para madera al agua de limpieza). Secar la superficie para evitar que la humedad penetre en las juntas.<\/p>\n<h4>Aplicaci\u00f3n del Spray Limpiador Cera L\u00edquida Osmo<\/h4>\n<p>Agitar antes de usar. Para mantenimiento, sujetar el spray vertical y aplicar una fina capa desde una distancia aproximada de 30 cm hacia la superficie seca y limpia. Extender uniformemente con un pa\u00f1o. Para quitar una mancha, aplicar directamente sobre el \u00e1rea manchada. Para manchas dif\u00edciles usar un pa\u00f1o y frotar en\u00e9rgicamente.<\/p>\n","protected":false},"excerpt":{"rendered":"<p>Cera especial limpieza y mantenimiento. Spray. 400 ml.<\/p>\n","protected":false},"featured_media":11812,"template":"","meta":[],"product_brand":[],"product_cat":[757,791],"product_tag":[2072,1224,1217,1220,2074,1218,2071,2073],"class_list":{"0":"post-11813","1":"product","2":"type-product","3":"status-publish","4":"has-post-thumbnail","6":"product_cat-outlet-de-madera","7":"product_cat-productos-mantenimiento-outlet","8":"product_tag-cera-especial-de-limpieza-y-mantenimiento","9":"product_tag-cera-osmo","10":"product_tag-limpieza-de-suelo-de-madera","11":"product_tag-limpieza-de-tarima-de-madera","12":"product_tag-mantenimiento-de-parquet","13":"product_tag-mantenimiento-de-suelo-de-madera","14":"product_tag-mantenimiento-de-tarima-de-madera","15":"product_tag-osmo","17":"first","18":"instock","19":"taxable","20":"shipping-taxable","21":"purchasable","22":"product-type-simple"},"yoast_head":"<!-- This site is optimized with the Yoast SEO plugin v27.3 - https:\/\/yoast.com\/product\/yoast-seo-wordpress\/ -->\n<title>Cera especial limpieza y mantenimiento Osmo en Spray<\/title>\n<meta name=\"description\" content=\"Cera especial limpieza y mantenimiento Osmo en Spray para limpiar y mantener madera o corcho en suelos y muebles de madera barnizada y encerada.\" \/>\n<meta name=\"robots\" content=\"index, follow, max-snippet:-1, max-image-preview:large, max-video-preview:-1\" \/>\n<link rel=\"canonical\" href=\"https:\/\/www.garciavarona.com\/en\/producto\/cera-especial-limpieza-y-mantenimiento-osmo-spray-400ml-3029\/\" \/>\n<meta property=\"og:locale\" content=\"en_US\" \/>\n<meta property=\"og:type\" content=\"article\" \/>\n<meta property=\"og:title\" content=\"Cera especial limpieza y mantenimiento Osmo en Spray\" \/>\n<meta property=\"og:description\" content=\"Cera especial limpieza y mantenimiento Osmo en Spray para limpiar y mantener madera o corcho en suelos y muebles de madera barnizada y encerada.\" \/>\n<meta property=\"og:url\" content=\"https:\/\/www.garciavarona.com\/en\/producto\/cera-especial-limpieza-y-mantenimiento-osmo-spray-400ml-3029\/\" \/>\n<meta property=\"og:site_name\" content=\"Maderas Garcia Varona\" \/>\n<meta property=\"article:publisher\" content=\"https:\/\/www.facebook.com\/maderasgarciavaronagrupo\" \/>\n<meta property=\"article:modified_time\" content=\"2023-04-10T11:24:07+00:00\" \/>\n<meta property=\"og:image\" content=\"https:\/\/www.garciavarona.com\/wp-content\/uploads\/2019\/03\/1599-Cera-especial-limpieza-y-mantenimiento-Osmo-Spray-400ml.-3029.jpg\" \/>\n\t<meta property=\"og:image:width\" content=\"525\" \/>\n\t<meta property=\"og:image:height\" content=\"525\" \/>\n\t<meta property=\"og:image:type\" content=\"image\/jpeg\" \/>\n<meta name=\"twitter:card\" content=\"summary_large_image\" \/>\n<meta name=\"twitter:site\" content=\"@maderasvaronars\" \/>\n<meta name=\"twitter:label1\" content=\"Est. reading time\" \/>\n\t<meta name=\"twitter:data1\" content=\"2 minutes\" \/>\n<script type=\"application\/ld+json\" class=\"yoast-schema-graph\">{\"@context\":\"https:\\\/\\\/schema.org\",\"@graph\":[{\"@type\":[\"WebPage\",\"ItemPage\"],\"@id\":\"https:\\\/\\\/www.garciavarona.com\\\/en\\\/producto\\\/cera-especial-limpieza-y-mantenimiento-osmo-spray-400ml-3029\\\/\",\"url\":\"https:\\\/\\\/www.garciavarona.com\\\/en\\\/producto\\\/cera-especial-limpieza-y-mantenimiento-osmo-spray-400ml-3029\\\/\",\"name\":\"Cera especial limpieza y mantenimiento Osmo en Spray\",\"isPartOf\":{\"@id\":\"https:\\\/\\\/www.garciavarona.com\\\/en\\\/#website\"},\"primaryImageOfPage\":{\"@id\":\"https:\\\/\\\/www.garciavarona.com\\\/en\\\/producto\\\/cera-especial-limpieza-y-mantenimiento-osmo-spray-400ml-3029\\\/#primaryimage\"},\"image\":{\"@id\":\"https:\\\/\\\/www.garciavarona.com\\\/en\\\/producto\\\/cera-especial-limpieza-y-mantenimiento-osmo-spray-400ml-3029\\\/#primaryimage\"},\"thumbnailUrl\":\"https:\\\/\\\/www.garciavarona.com\\\/wp-content\\\/uploads\\\/2019\\\/03\\\/1599-Cera-especial-limpieza-y-mantenimiento-Osmo-Spray-400ml.-3029.jpg\",\"datePublished\":\"2019-03-29T10:46:51+00:00\",\"dateModified\":\"2023-04-10T11:24:07+00:00\",\"description\":\"Cera especial limpieza y mantenimiento Osmo en Spray para limpiar y mantener madera o corcho en suelos y muebles de madera barnizada y encerada.\",\"breadcrumb\":{\"@id\":\"https:\\\/\\\/www.garciavarona.com\\\/en\\\/producto\\\/cera-especial-limpieza-y-mantenimiento-osmo-spray-400ml-3029\\\/#breadcrumb\"},\"inLanguage\":\"en-US\",\"potentialAction\":[{\"@type\":\"ReadAction\",\"target\":[\"https:\\\/\\\/www.garciavarona.com\\\/en\\\/producto\\\/cera-especial-limpieza-y-mantenimiento-osmo-spray-400ml-3029\\\/\"]}]},{\"@type\":\"ImageObject\",\"inLanguage\":\"en-US\",\"@id\":\"https:\\\/\\\/www.garciavarona.com\\\/en\\\/producto\\\/cera-especial-limpieza-y-mantenimiento-osmo-spray-400ml-3029\\\/#primaryimage\",\"url\":\"https:\\\/\\\/www.garciavarona.com\\\/wp-content\\\/uploads\\\/2019\\\/03\\\/1599-Cera-especial-limpieza-y-mantenimiento-Osmo-Spray-400ml.-3029.jpg\",\"contentUrl\":\"https:\\\/\\\/www.garciavarona.com\\\/wp-content\\\/uploads\\\/2019\\\/03\\\/1599-Cera-especial-limpieza-y-mantenimiento-Osmo-Spray-400ml.-3029.jpg\",\"width\":525,\"height\":525,\"caption\":\"Cera especial limpieza y mantenimiento Osmo Spray 400ml. (3029)\"},{\"@type\":\"BreadcrumbList\",\"@id\":\"https:\\\/\\\/www.garciavarona.com\\\/en\\\/producto\\\/cera-especial-limpieza-y-mantenimiento-osmo-spray-400ml-3029\\\/#breadcrumb\",\"itemListElement\":[{\"@type\":\"ListItem\",\"position\":1,\"name\":\"Portada\",\"item\":\"https:\\\/\\\/www.garciavarona.com\\\/en\\\/\"},{\"@type\":\"ListItem\",\"position\":2,\"name\":\"Tienda Maderas Garc\u00eda Varona\",\"item\":\"https:\\\/\\\/www.garciavarona.com\\\/tienda\\\/\"},{\"@type\":\"ListItem\",\"position\":3,\"name\":\"Cera especial limpieza y mantenimiento Osmo Spray 400ml. (3029)\"}]},{\"@type\":\"WebSite\",\"@id\":\"https:\\\/\\\/www.garciavarona.com\\\/en\\\/#website\",\"url\":\"https:\\\/\\\/www.garciavarona.com\\\/en\\\/\",\"name\":\"Maderas Garcia Varona\",\"description\":\"Fabrica y Aserradero de Madera. Expertos en Madera\",\"publisher\":{\"@id\":\"https:\\\/\\\/www.garciavarona.com\\\/en\\\/#organization\"},\"potentialAction\":[{\"@type\":\"SearchAction\",\"target\":{\"@type\":\"EntryPoint\",\"urlTemplate\":\"https:\\\/\\\/www.garciavarona.com\\\/en\\\/?s={search_term_string}\"},\"query-input\":{\"@type\":\"PropertyValueSpecification\",\"valueRequired\":true,\"valueName\":\"search_term_string\"}}],\"inLanguage\":\"en-US\"},{\"@type\":\"Organization\",\"@id\":\"https:\\\/\\\/www.garciavarona.com\\\/en\\\/#organization\",\"name\":\"Maderas Garcia Varona\",\"url\":\"https:\\\/\\\/www.garciavarona.com\\\/en\\\/\",\"logo\":{\"@type\":\"ImageObject\",\"inLanguage\":\"en-US\",\"@id\":\"https:\\\/\\\/www.garciavarona.com\\\/en\\\/#\\\/schema\\\/logo\\\/image\\\/\",\"url\":\"https:\\\/\\\/www.garciavarona.com\\\/wp-content\\\/uploads\\\/2022\\\/06\\\/logoGarciaVarona.svg\",\"contentUrl\":\"https:\\\/\\\/www.garciavarona.com\\\/wp-content\\\/uploads\\\/2022\\\/06\\\/logoGarciaVarona.svg\",\"width\":1020,\"height\":200,\"caption\":\"Maderas Garcia Varona\"},\"image\":{\"@id\":\"https:\\\/\\\/www.garciavarona.com\\\/en\\\/#\\\/schema\\\/logo\\\/image\\\/\"},\"sameAs\":[\"https:\\\/\\\/www.facebook.com\\\/maderasgarciavaronagrupo\",\"https:\\\/\\\/x.com\\\/maderasvaronars\",\"https:\\\/\\\/www.instagram.com\\\/maderasgarciavarona\\\/\",\"https:\\\/\\\/www.linkedin.com\\\/company\\\/maderas-garcia-varona\\\/\",\"https:\\\/\\\/www.youtube.com\\\/channel\\\/UCGUEME06N_h66pB2coJC83w\\\/featured\"]}]}<\/script>\n<!-- \/ Yoast SEO plugin. -->","yoast_head_json":{"title":"Cera especial limpieza y mantenimiento Osmo en Spray","description":"Cera especial limpieza y mantenimiento Osmo en Spray para limpiar y mantener madera o corcho en suelos y muebles de madera barnizada y encerada.","robots":{"index":"index","follow":"follow","max-snippet":"max-snippet:-1","max-image-preview":"max-image-preview:large","max-video-preview":"max-video-preview:-1"},"canonical":"https:\/\/www.garciavarona.com\/en\/producto\/cera-especial-limpieza-y-mantenimiento-osmo-spray-400ml-3029\/","og_locale":"en_US","og_type":"article","og_title":"Cera especial limpieza y mantenimiento Osmo en Spray","og_description":"Cera especial limpieza y mantenimiento Osmo en Spray para limpiar y mantener madera o corcho en suelos y muebles de madera barnizada y encerada.","og_url":"https:\/\/www.garciavarona.com\/en\/producto\/cera-especial-limpieza-y-mantenimiento-osmo-spray-400ml-3029\/","og_site_name":"Maderas Garcia Varona","article_publisher":"https:\/\/www.facebook.com\/maderasgarciavaronagrupo","article_modified_time":"2023-04-10T11:24:07+00:00","og_image":[{"width":525,"height":525,"url":"https:\/\/www.garciavarona.com\/wp-content\/uploads\/2019\/03\/1599-Cera-especial-limpieza-y-mantenimiento-Osmo-Spray-400ml.-3029.jpg","type":"image\/jpeg"}],"twitter_card":"summary_large_image","twitter_site":"@maderasvaronars","twitter_misc":{"Est. reading time":"2 minutes"},"schema":{"@context":"https:\/\/schema.org","@graph":[{"@type":["WebPage","ItemPage"],"@id":"https:\/\/www.garciavarona.com\/en\/producto\/cera-especial-limpieza-y-mantenimiento-osmo-spray-400ml-3029\/","url":"https:\/\/www.garciavarona.com\/en\/producto\/cera-especial-limpieza-y-mantenimiento-osmo-spray-400ml-3029\/","name":"Cera especial limpieza y mantenimiento Osmo en Spray","isPartOf":{"@id":"https:\/\/www.garciavarona.com\/en\/#website"},"primaryImageOfPage":{"@id":"https:\/\/www.garciavarona.com\/en\/producto\/cera-especial-limpieza-y-mantenimiento-osmo-spray-400ml-3029\/#primaryimage"},"image":{"@id":"https:\/\/www.garciavarona.com\/en\/producto\/cera-especial-limpieza-y-mantenimiento-osmo-spray-400ml-3029\/#primaryimage"},"thumbnailUrl":"https:\/\/www.garciavarona.com\/wp-content\/uploads\/2019\/03\/1599-Cera-especial-limpieza-y-mantenimiento-Osmo-Spray-400ml.-3029.jpg","datePublished":"2019-03-29T10:46:51+00:00","dateModified":"2023-04-10T11:24:07+00:00","description":"Cera especial limpieza y mantenimiento Osmo en Spray para limpiar y mantener madera o corcho en suelos y muebles de madera barnizada y encerada.","breadcrumb":{"@id":"https:\/\/www.garciavarona.com\/en\/producto\/cera-especial-limpieza-y-mantenimiento-osmo-spray-400ml-3029\/#breadcrumb"},"inLanguage":"en-US","potentialAction":[{"@type":"ReadAction","target":["https:\/\/www.garciavarona.com\/en\/producto\/cera-especial-limpieza-y-mantenimiento-osmo-spray-400ml-3029\/"]}]},{"@type":"ImageObject","inLanguage":"en-US","@id":"https:\/\/www.garciavarona.com\/en\/producto\/cera-especial-limpieza-y-mantenimiento-osmo-spray-400ml-3029\/#primaryimage","url":"https:\/\/www.garciavarona.com\/wp-content\/uploads\/2019\/03\/1599-Cera-especial-limpieza-y-mantenimiento-Osmo-Spray-400ml.-3029.jpg","contentUrl":"https:\/\/www.garciavarona.com\/wp-content\/uploads\/2019\/03\/1599-Cera-especial-limpieza-y-mantenimiento-Osmo-Spray-400ml.-3029.jpg","width":525,"height":525,"caption":"Cera especial limpieza y mantenimiento Osmo Spray 400ml. (3029)"},{"@type":"BreadcrumbList","@id":"https:\/\/www.garciavarona.com\/en\/producto\/cera-especial-limpieza-y-mantenimiento-osmo-spray-400ml-3029\/#breadcrumb","itemListElement":[{"@type":"ListItem","position":1,"name":"Portada","item":"https:\/\/www.garciavarona.com\/en\/"},{"@type":"ListItem","position":2,"name":"Tienda Maderas Garc\u00eda Varona","item":"https:\/\/www.garciavarona.com\/tienda\/"},{"@type":"ListItem","position":3,"name":"Cera especial limpieza y mantenimiento Osmo Spray 400ml. (3029)"}]},{"@type":"WebSite","@id":"https:\/\/www.garciavarona.com\/en\/#website","url":"https:\/\/www.garciavarona.com\/en\/","name":"Maderas Garcia Varona","description":"Fabrica y Aserradero de Madera. Expertos en Madera","publisher":{"@id":"https:\/\/www.garciavarona.com\/en\/#organization"},"potentialAction":[{"@type":"SearchAction","target":{"@type":"EntryPoint","urlTemplate":"https:\/\/www.garciavarona.com\/en\/?s={search_term_string}"},"query-input":{"@type":"PropertyValueSpecification","valueRequired":true,"valueName":"search_term_string"}}],"inLanguage":"en-US"},{"@type":"Organization","@id":"https:\/\/www.garciavarona.com\/en\/#organization","name":"Maderas Garcia Varona","url":"https:\/\/www.garciavarona.com\/en\/","logo":{"@type":"ImageObject","inLanguage":"en-US","@id":"https:\/\/www.garciavarona.com\/en\/#\/schema\/logo\/image\/","url":"https:\/\/www.garciavarona.com\/wp-content\/uploads\/2022\/06\/logoGarciaVarona.svg","contentUrl":"https:\/\/www.garciavarona.com\/wp-content\/uploads\/2022\/06\/logoGarciaVarona.svg","width":1020,"height":200,"caption":"Maderas Garcia Varona"},"image":{"@id":"https:\/\/www.garciavarona.com\/en\/#\/schema\/logo\/image\/"},"sameAs":["https:\/\/www.facebook.com\/maderasgarciavaronagrupo","https:\/\/x.com\/maderasvaronars","https:\/\/www.instagram.com\/maderasgarciavarona\/","https:\/\/www.linkedin.com\/company\/maderas-garcia-varona\/","https:\/\/www.youtube.com\/channel\/UCGUEME06N_h66pB2coJC83w\/featured"]}]}},"_links":{"self":[{"href":"https:\/\/www.garciavarona.com\/en\/wp-json\/wp\/v2\/product\/11813","targetHints":{"allow":["GET"]}}],"collection":[{"href":"https:\/\/www.garciavarona.com\/en\/wp-json\/wp\/v2\/product"}],"about":[{"href":"https:\/\/www.garciavarona.com\/en\/wp-json\/wp\/v2\/types\/product"}],"version-history":[{"count":3,"href":"https:\/\/www.garciavarona.com\/en\/wp-json\/wp\/v2\/product\/11813\/revisions"}],"predecessor-version":[{"id":19640,"href":"https:\/\/www.garciavarona.com\/en\/wp-json\/wp\/v2\/product\/11813\/revisions\/19640"}],"wp:featuredmedia":[{"embeddable":true,"href":"https:\/\/www.garciavarona.com\/en\/wp-json\/wp\/v2\/media\/11812"}],"wp:attachment":[{"href":"https:\/\/www.garciavarona.com\/en\/wp-json\/wp\/v2\/media?parent=11813"}],"wp:term":[{"taxonomy":"product_brand","embeddable":true,"href":"https:\/\/www.garciavarona.com\/en\/wp-json\/wp\/v2\/product_brand?post=11813"},{"taxonomy":"product_cat","embeddable":true,"href":"https:\/\/www.garciavarona.com\/en\/wp-json\/wp\/v2\/product_cat?post=11813"},{"taxonomy":"product_tag","embeddable":true,"href":"https:\/\/www.garciavarona.com\/en\/wp-json\/wp\/v2\/product_tag?post=11813"}],"curies":[{"name":"wp","href":"https:\/\/api.w.org\/{rel}","templated":true}]}}