{"id":11848,"date":"2019-04-11T12:30:34","date_gmt":"2019-04-11T12:30:34","guid":{"rendered":"https:\/\/pruebas.garciavarona.com\/producto\/cera-especial-limpieza-ymantenimiento-osmo-1l-3029\/"},"modified":"2025-11-25T17:50:12","modified_gmt":"2025-11-25T16:50:12","slug":"cera-especial-limpieza-ymantenimiento-osmo-1l-3029","status":"publish","type":"product","link":"https:\/\/www.garciavarona.com\/en\/producto\/cera-especial-limpieza-ymantenimiento-osmo-1l-3029\/","title":{"rendered":"Cera especial limpieza y mantenimiento Osmo 1l (3029)"},"content":{"rendered":"<h1>Cera Especial de Limpieza y Mantenimiento Osmo 1l (3029)<\/h1>\n<p>Cera Especial de Limpieza y Mantenimiento Osmo de 1 litro. <strong>Limpieza y el cuidado de suelos<\/strong>, muebles y otras superficies de madera aceitados y encerados y barnizados.\u00a0 Color 3029 transparente.<\/p>\n<p><strong>Cera para las tarimas de madera<\/strong> y corcho, los muebles y dem\u00e1s superficies de interior de madera con aceite, cera o barn\u00edz. El limpiador de cera l\u00edquida Osmo es ideal para eliminar manchas dif\u00edciles como grasa o huellas de pisadas, adem\u00e1s es ideal para refrescar todas las superficies acabadas con <a href=\"https:\/\/www.garciavarona.com\/producto\/cera-deco-osmo-transparente-750ml\/\">Aceite-Cera Osmo<\/a>. Limpia y regenera al mismo tiempo. Utilizaci\u00f3n simple. Especialmente adaptada para quitar las manchas dif\u00edciles. El contenido es suficiente para unos 80-100 m2.<\/p>\n<h4>Descripci\u00f3n de la Cera Especial de Limpieza y Mantenimiento Osmo<\/h4>\n<p>La Cera para limpieza y mantenimiento Osmo limpia, reaviva y cuida las<strong> tarimas tratadas<\/strong> con el Aceite-Cera Osmo y los muebles y dem\u00e1s superficies de interior de madera con aceite o cera. Adaptada igualmente para las superficies de madera barnizada, el corcho, el lin\u00f3leo, el PVC, el m\u00e1rmol y los suelos de cer\u00e1mica sin esmaltar (seguir las instrucciones de mantenimiento del fabricante).<\/p>\n<p>La Cera para limpieza y mantenimiento Osmo limpia y regenera al mismo tiempo. Su utilizaci\u00f3n permite una aplicaci\u00f3n econ\u00f3mica. Especialmente adaptada para quitar manchas dif\u00edciles.<\/p>\n<h5>Ingredientes de la Cera Especial de Limpieza y Mantenimiento Osmo<\/h5>\n<p>La Cera para limpieza y mantenimiento Osmo contiene ceras naturales vegetales (cera de carnauba y candelilla) y aguarr\u00e1s desaromatizado.<\/p>\n<h5>Ventajas de la Cera Especial de Limpieza y Mantenimiento Osmo<\/h5>\n<ul>\n<li>No es necesario ni capa de imprimaci\u00f3n ni pulido entre capas<\/li>\n<li>F\u00e1cil de aplicar<\/li>\n<li>F\u00e1cil trabajar encima<\/li>\n<li>Sin olor, favorece la vida saludable<\/li>\n<\/ul>\n<h4>Instrucciones para la aplicaci\u00f3n de la Cera Especial de Limpieza y Mantenimiento Osmo<\/h4>\n<h5>Preparaci\u00f3n previa a la aplicaci\u00f3n<\/h5>\n<p>Limpiar en seco con la <a href=\"https:\/\/www.garciavarona.com\/es\/productos-mantenimiento-outlet\/213-opti-set-osmo-3-mopas-y-mango-telescopico.html?search_query=osmo&amp;results=5\" target=\"_blank\" rel=\"noopener\">Mopa para el Polvo Osmo<\/a>, un trapo o la aspiradora. Las superficies tratada con el Aceite-Cera Osmo pueden limpiarse con una fregona h\u00fameda bien escurrida (a\u00f1adir el Jab\u00f3n Fluido Especial Osmo o cualquier otro limpiador especial para madera al agua de limpieza). Secar la superficie para evitar que la humedad penetre en las juntas.<\/p>\n<h5>Aplicaci\u00f3n de la Cera Especial de Limpieza y Mantenimiento Osmo<\/h5>\n<p>Agitar bien antes de su uso. No diluir. Para el mantenimiento, aplicar una fina mano sobre la superficie limpia. Aviso: Al aplicar excesiva cantidad de la cera es posible que se formen estr\u00edas. Estas deben de eliminarse inmediatamente con la ayuda de un pa\u00f1o seco.<\/p>\n<p>Poner aproximadamente 2 cucharillas de t\u00e9 por m2 de suelo y extender por toda el \u00e1rea usando un pa\u00f1o de fibras o un disco de m\u00e1quina (almohadilla blanca). Extender mucho. Pulir la superficie si es necesario. El contenido es suficiente para unos 80-100 m2.<\/p>\n<p>Tiempo de secado: de 30 a 40 minutos aproximadamente. Permitir buena ventilaci\u00f3n. En ciclos de mantenimiento regulares, es absolutamente necesario aplicar Aceite-Cera en el transcurso de un a\u00f1o.<\/p>\n<p>Para quitar las manchas, aplicar una peque\u00f1a cantidad de Cera Especial de Limpieza y Mantenimiento Osmo en un trapo o esponja tipo Scotchbrite y frotar. Para manchas dif\u00edciles utilizar la almohadilla para pulir Osmo (alambre muy fino) o una esponja Scotchbrite para tarimas de roble. Quitar los restos de suciedad.<\/p>\n<p>Aplicar Aceite de Mantenimiento Osmo o Aceite-Cera Original Transparente en las zonas de mayor volumen de tr\u00e1fico en las zonas limpias.<\/p>\n<h5>Aviso sobre la Cera Especial de Limpieza y Mantenimiento Osmo<\/h5>\n<p>Inflamable. Mant\u00e9ngase fuera del alcance de los ni\u00f1os. Conservar alejado de toda llama o fuente de chispas. No fumar. Ev\u00edtese el contacto con los ojos y la piel. En caso de contacto con los ojos, lavar inmediatamente con abundante agua y acudir a un centro de salud. Usar \u00fanicamente en lugares bien ventilados.<\/p>\n","protected":false},"excerpt":{"rendered":"<p>Cera para limpieza de suelos, muebles y otras superficies de madera aceitados y encerados.<\/p>\n","protected":false},"featured_media":20536,"template":"","meta":[],"product_brand":[],"product_cat":[757,791],"product_tag":[1222,1223,1224,1217,1225,1218],"class_list":{"0":"post-11848","1":"product","2":"type-product","3":"status-publish","4":"has-post-thumbnail","6":"product_cat-outlet-de-madera","7":"product_cat-productos-mantenimiento-outlet","8":"product_tag-cera-de-limpieza","9":"product_tag-cera-especial-de-limpieza-y-mant","10":"product_tag-cera-osmo","11":"product_tag-limpieza-de-suelo-de-madera","12":"product_tag-limpieza-de-tarima","13":"product_tag-mantenimiento-de-suelo-de-madera","15":"first","16":"outofstock","17":"taxable","18":"shipping-taxable","19":"purchasable","20":"product-type-simple"},"yoast_head":"<!-- This site is optimized with the Yoast SEO plugin v27.3 - https:\/\/yoast.com\/product\/yoast-seo-wordpress\/ -->\n<title>Cera especial limpieza y mantenimiento Osmo<\/title>\n<meta name=\"description\" content=\"Cera especial limpieza y mantenimiento Osmo 1 litro. Limpieza y cuidado de suelos, muebles y otras superficies de madera aceitados y encerados. Incoloro.\" \/>\n<meta name=\"robots\" content=\"index, follow, max-snippet:-1, max-image-preview:large, max-video-preview:-1\" \/>\n<link rel=\"canonical\" href=\"https:\/\/www.garciavarona.com\/en\/producto\/cera-especial-limpieza-ymantenimiento-osmo-1l-3029\/\" \/>\n<meta property=\"og:locale\" content=\"en_US\" \/>\n<meta property=\"og:type\" content=\"article\" \/>\n<meta property=\"og:title\" content=\"Cera especial limpieza y mantenimiento Osmo\" \/>\n<meta property=\"og:description\" content=\"Cera especial limpieza y mantenimiento Osmo 1 litro. Limpieza y cuidado de suelos, muebles y otras superficies de madera aceitados y encerados. Incoloro.\" \/>\n<meta property=\"og:url\" content=\"https:\/\/www.garciavarona.com\/en\/producto\/cera-especial-limpieza-ymantenimiento-osmo-1l-3029\/\" \/>\n<meta property=\"og:site_name\" content=\"Maderas Garcia Varona\" \/>\n<meta property=\"article:publisher\" content=\"https:\/\/www.facebook.com\/maderasgarciavaronagrupo\" \/>\n<meta property=\"article:modified_time\" content=\"2025-11-25T16:50:12+00:00\" \/>\n<meta property=\"og:image\" content=\"https:\/\/www.garciavarona.com\/wp-content\/uploads\/2019\/04\/Cera-especial-limpieza-ymantenimiento-Osmo-1l-3029.jpg\" \/>\n\t<meta property=\"og:image:width\" content=\"1477\" \/>\n\t<meta property=\"og:image:height\" content=\"1477\" \/>\n\t<meta property=\"og:image:type\" content=\"image\/jpeg\" \/>\n<meta name=\"twitter:card\" content=\"summary_large_image\" \/>\n<meta name=\"twitter:site\" content=\"@maderasvaronars\" \/>\n<meta name=\"twitter:label1\" content=\"Est. reading time\" \/>\n\t<meta name=\"twitter:data1\" content=\"3 minutes\" \/>\n<script type=\"application\/ld+json\" class=\"yoast-schema-graph\">{\"@context\":\"https:\\\/\\\/schema.org\",\"@graph\":[{\"@type\":[\"WebPage\",\"ItemPage\"],\"@id\":\"https:\\\/\\\/www.garciavarona.com\\\/en\\\/producto\\\/cera-especial-limpieza-ymantenimiento-osmo-1l-3029\\\/\",\"url\":\"https:\\\/\\\/www.garciavarona.com\\\/en\\\/producto\\\/cera-especial-limpieza-ymantenimiento-osmo-1l-3029\\\/\",\"name\":\"Cera especial limpieza y mantenimiento Osmo\",\"isPartOf\":{\"@id\":\"https:\\\/\\\/www.garciavarona.com\\\/en\\\/#website\"},\"primaryImageOfPage\":{\"@id\":\"https:\\\/\\\/www.garciavarona.com\\\/en\\\/producto\\\/cera-especial-limpieza-ymantenimiento-osmo-1l-3029\\\/#primaryimage\"},\"image\":{\"@id\":\"https:\\\/\\\/www.garciavarona.com\\\/en\\\/producto\\\/cera-especial-limpieza-ymantenimiento-osmo-1l-3029\\\/#primaryimage\"},\"thumbnailUrl\":\"https:\\\/\\\/www.garciavarona.com\\\/wp-content\\\/uploads\\\/2019\\\/04\\\/Cera-especial-limpieza-ymantenimiento-Osmo-1l-3029.jpg\",\"datePublished\":\"2019-04-11T12:30:34+00:00\",\"dateModified\":\"2025-11-25T16:50:12+00:00\",\"description\":\"Cera especial limpieza y mantenimiento Osmo 1 litro. Limpieza y cuidado de suelos, muebles y otras superficies de madera aceitados y encerados. Incoloro.\",\"breadcrumb\":{\"@id\":\"https:\\\/\\\/www.garciavarona.com\\\/en\\\/producto\\\/cera-especial-limpieza-ymantenimiento-osmo-1l-3029\\\/#breadcrumb\"},\"inLanguage\":\"en-US\",\"potentialAction\":[{\"@type\":\"ReadAction\",\"target\":[\"https:\\\/\\\/www.garciavarona.com\\\/en\\\/producto\\\/cera-especial-limpieza-ymantenimiento-osmo-1l-3029\\\/\"]}]},{\"@type\":\"ImageObject\",\"inLanguage\":\"en-US\",\"@id\":\"https:\\\/\\\/www.garciavarona.com\\\/en\\\/producto\\\/cera-especial-limpieza-ymantenimiento-osmo-1l-3029\\\/#primaryimage\",\"url\":\"https:\\\/\\\/www.garciavarona.com\\\/wp-content\\\/uploads\\\/2019\\\/04\\\/Cera-especial-limpieza-ymantenimiento-Osmo-1l-3029.jpg\",\"contentUrl\":\"https:\\\/\\\/www.garciavarona.com\\\/wp-content\\\/uploads\\\/2019\\\/04\\\/Cera-especial-limpieza-ymantenimiento-Osmo-1l-3029.jpg\",\"width\":1477,\"height\":1477},{\"@type\":\"BreadcrumbList\",\"@id\":\"https:\\\/\\\/www.garciavarona.com\\\/en\\\/producto\\\/cera-especial-limpieza-ymantenimiento-osmo-1l-3029\\\/#breadcrumb\",\"itemListElement\":[{\"@type\":\"ListItem\",\"position\":1,\"name\":\"Portada\",\"item\":\"https:\\\/\\\/www.garciavarona.com\\\/en\\\/\"},{\"@type\":\"ListItem\",\"position\":2,\"name\":\"Tienda Maderas Garc\u00eda Varona\",\"item\":\"https:\\\/\\\/www.garciavarona.com\\\/tienda\\\/\"},{\"@type\":\"ListItem\",\"position\":3,\"name\":\"Cera especial limpieza y mantenimiento Osmo 1l (3029)\"}]},{\"@type\":\"WebSite\",\"@id\":\"https:\\\/\\\/www.garciavarona.com\\\/en\\\/#website\",\"url\":\"https:\\\/\\\/www.garciavarona.com\\\/en\\\/\",\"name\":\"Maderas Garcia Varona\",\"description\":\"Fabrica y Aserradero de Madera. Expertos en Madera\",\"publisher\":{\"@id\":\"https:\\\/\\\/www.garciavarona.com\\\/en\\\/#organization\"},\"potentialAction\":[{\"@type\":\"SearchAction\",\"target\":{\"@type\":\"EntryPoint\",\"urlTemplate\":\"https:\\\/\\\/www.garciavarona.com\\\/en\\\/?s={search_term_string}\"},\"query-input\":{\"@type\":\"PropertyValueSpecification\",\"valueRequired\":true,\"valueName\":\"search_term_string\"}}],\"inLanguage\":\"en-US\"},{\"@type\":\"Organization\",\"@id\":\"https:\\\/\\\/www.garciavarona.com\\\/en\\\/#organization\",\"name\":\"Maderas Garcia Varona\",\"url\":\"https:\\\/\\\/www.garciavarona.com\\\/en\\\/\",\"logo\":{\"@type\":\"ImageObject\",\"inLanguage\":\"en-US\",\"@id\":\"https:\\\/\\\/www.garciavarona.com\\\/en\\\/#\\\/schema\\\/logo\\\/image\\\/\",\"url\":\"https:\\\/\\\/www.garciavarona.com\\\/wp-content\\\/uploads\\\/2022\\\/06\\\/logoGarciaVarona.svg\",\"contentUrl\":\"https:\\\/\\\/www.garciavarona.com\\\/wp-content\\\/uploads\\\/2022\\\/06\\\/logoGarciaVarona.svg\",\"width\":1020,\"height\":200,\"caption\":\"Maderas Garcia Varona\"},\"image\":{\"@id\":\"https:\\\/\\\/www.garciavarona.com\\\/en\\\/#\\\/schema\\\/logo\\\/image\\\/\"},\"sameAs\":[\"https:\\\/\\\/www.facebook.com\\\/maderasgarciavaronagrupo\",\"https:\\\/\\\/x.com\\\/maderasvaronars\",\"https:\\\/\\\/www.instagram.com\\\/maderasgarciavarona\\\/\",\"https:\\\/\\\/www.linkedin.com\\\/company\\\/maderas-garcia-varona\\\/\",\"https:\\\/\\\/www.youtube.com\\\/channel\\\/UCGUEME06N_h66pB2coJC83w\\\/featured\"]}]}<\/script>\n<!-- \/ Yoast SEO plugin. -->","yoast_head_json":{"title":"Cera especial limpieza y mantenimiento Osmo","description":"Cera especial limpieza y mantenimiento Osmo 1 litro. Limpieza y cuidado de suelos, muebles y otras superficies de madera aceitados y encerados. Incoloro.","robots":{"index":"index","follow":"follow","max-snippet":"max-snippet:-1","max-image-preview":"max-image-preview:large","max-video-preview":"max-video-preview:-1"},"canonical":"https:\/\/www.garciavarona.com\/en\/producto\/cera-especial-limpieza-ymantenimiento-osmo-1l-3029\/","og_locale":"en_US","og_type":"article","og_title":"Cera especial limpieza y mantenimiento Osmo","og_description":"Cera especial limpieza y mantenimiento Osmo 1 litro. Limpieza y cuidado de suelos, muebles y otras superficies de madera aceitados y encerados. Incoloro.","og_url":"https:\/\/www.garciavarona.com\/en\/producto\/cera-especial-limpieza-ymantenimiento-osmo-1l-3029\/","og_site_name":"Maderas Garcia Varona","article_publisher":"https:\/\/www.facebook.com\/maderasgarciavaronagrupo","article_modified_time":"2025-11-25T16:50:12+00:00","og_image":[{"width":1477,"height":1477,"url":"https:\/\/www.garciavarona.com\/wp-content\/uploads\/2019\/04\/Cera-especial-limpieza-ymantenimiento-Osmo-1l-3029.jpg","type":"image\/jpeg"}],"twitter_card":"summary_large_image","twitter_site":"@maderasvaronars","twitter_misc":{"Est. reading time":"3 minutes"},"schema":{"@context":"https:\/\/schema.org","@graph":[{"@type":["WebPage","ItemPage"],"@id":"https:\/\/www.garciavarona.com\/en\/producto\/cera-especial-limpieza-ymantenimiento-osmo-1l-3029\/","url":"https:\/\/www.garciavarona.com\/en\/producto\/cera-especial-limpieza-ymantenimiento-osmo-1l-3029\/","name":"Cera especial limpieza y mantenimiento Osmo","isPartOf":{"@id":"https:\/\/www.garciavarona.com\/en\/#website"},"primaryImageOfPage":{"@id":"https:\/\/www.garciavarona.com\/en\/producto\/cera-especial-limpieza-ymantenimiento-osmo-1l-3029\/#primaryimage"},"image":{"@id":"https:\/\/www.garciavarona.com\/en\/producto\/cera-especial-limpieza-ymantenimiento-osmo-1l-3029\/#primaryimage"},"thumbnailUrl":"https:\/\/www.garciavarona.com\/wp-content\/uploads\/2019\/04\/Cera-especial-limpieza-ymantenimiento-Osmo-1l-3029.jpg","datePublished":"2019-04-11T12:30:34+00:00","dateModified":"2025-11-25T16:50:12+00:00","description":"Cera especial limpieza y mantenimiento Osmo 1 litro. Limpieza y cuidado de suelos, muebles y otras superficies de madera aceitados y encerados. Incoloro.","breadcrumb":{"@id":"https:\/\/www.garciavarona.com\/en\/producto\/cera-especial-limpieza-ymantenimiento-osmo-1l-3029\/#breadcrumb"},"inLanguage":"en-US","potentialAction":[{"@type":"ReadAction","target":["https:\/\/www.garciavarona.com\/en\/producto\/cera-especial-limpieza-ymantenimiento-osmo-1l-3029\/"]}]},{"@type":"ImageObject","inLanguage":"en-US","@id":"https:\/\/www.garciavarona.com\/en\/producto\/cera-especial-limpieza-ymantenimiento-osmo-1l-3029\/#primaryimage","url":"https:\/\/www.garciavarona.com\/wp-content\/uploads\/2019\/04\/Cera-especial-limpieza-ymantenimiento-Osmo-1l-3029.jpg","contentUrl":"https:\/\/www.garciavarona.com\/wp-content\/uploads\/2019\/04\/Cera-especial-limpieza-ymantenimiento-Osmo-1l-3029.jpg","width":1477,"height":1477},{"@type":"BreadcrumbList","@id":"https:\/\/www.garciavarona.com\/en\/producto\/cera-especial-limpieza-ymantenimiento-osmo-1l-3029\/#breadcrumb","itemListElement":[{"@type":"ListItem","position":1,"name":"Portada","item":"https:\/\/www.garciavarona.com\/en\/"},{"@type":"ListItem","position":2,"name":"Tienda Maderas Garc\u00eda Varona","item":"https:\/\/www.garciavarona.com\/tienda\/"},{"@type":"ListItem","position":3,"name":"Cera especial limpieza y mantenimiento Osmo 1l (3029)"}]},{"@type":"WebSite","@id":"https:\/\/www.garciavarona.com\/en\/#website","url":"https:\/\/www.garciavarona.com\/en\/","name":"Maderas Garcia Varona","description":"Fabrica y Aserradero de Madera. Expertos en Madera","publisher":{"@id":"https:\/\/www.garciavarona.com\/en\/#organization"},"potentialAction":[{"@type":"SearchAction","target":{"@type":"EntryPoint","urlTemplate":"https:\/\/www.garciavarona.com\/en\/?s={search_term_string}"},"query-input":{"@type":"PropertyValueSpecification","valueRequired":true,"valueName":"search_term_string"}}],"inLanguage":"en-US"},{"@type":"Organization","@id":"https:\/\/www.garciavarona.com\/en\/#organization","name":"Maderas Garcia Varona","url":"https:\/\/www.garciavarona.com\/en\/","logo":{"@type":"ImageObject","inLanguage":"en-US","@id":"https:\/\/www.garciavarona.com\/en\/#\/schema\/logo\/image\/","url":"https:\/\/www.garciavarona.com\/wp-content\/uploads\/2022\/06\/logoGarciaVarona.svg","contentUrl":"https:\/\/www.garciavarona.com\/wp-content\/uploads\/2022\/06\/logoGarciaVarona.svg","width":1020,"height":200,"caption":"Maderas Garcia Varona"},"image":{"@id":"https:\/\/www.garciavarona.com\/en\/#\/schema\/logo\/image\/"},"sameAs":["https:\/\/www.facebook.com\/maderasgarciavaronagrupo","https:\/\/x.com\/maderasvaronars","https:\/\/www.instagram.com\/maderasgarciavarona\/","https:\/\/www.linkedin.com\/company\/maderas-garcia-varona\/","https:\/\/www.youtube.com\/channel\/UCGUEME06N_h66pB2coJC83w\/featured"]}]}},"_links":{"self":[{"href":"https:\/\/www.garciavarona.com\/en\/wp-json\/wp\/v2\/product\/11848","targetHints":{"allow":["GET"]}}],"collection":[{"href":"https:\/\/www.garciavarona.com\/en\/wp-json\/wp\/v2\/product"}],"about":[{"href":"https:\/\/www.garciavarona.com\/en\/wp-json\/wp\/v2\/types\/product"}],"version-history":[{"count":4,"href":"https:\/\/www.garciavarona.com\/en\/wp-json\/wp\/v2\/product\/11848\/revisions"}],"predecessor-version":[{"id":19635,"href":"https:\/\/www.garciavarona.com\/en\/wp-json\/wp\/v2\/product\/11848\/revisions\/19635"}],"wp:featuredmedia":[{"embeddable":true,"href":"https:\/\/www.garciavarona.com\/en\/wp-json\/wp\/v2\/media\/20536"}],"wp:attachment":[{"href":"https:\/\/www.garciavarona.com\/en\/wp-json\/wp\/v2\/media?parent=11848"}],"wp:term":[{"taxonomy":"product_brand","embeddable":true,"href":"https:\/\/www.garciavarona.com\/en\/wp-json\/wp\/v2\/product_brand?post=11848"},{"taxonomy":"product_cat","embeddable":true,"href":"https:\/\/www.garciavarona.com\/en\/wp-json\/wp\/v2\/product_cat?post=11848"},{"taxonomy":"product_tag","embeddable":true,"href":"https:\/\/www.garciavarona.com\/en\/wp-json\/wp\/v2\/product_tag?post=11848"}],"curies":[{"name":"wp","href":"https:\/\/api.w.org\/{rel}","templated":true}]}}