{"id":11928,"date":"2019-06-24T11:11:47","date_gmt":"2019-06-24T11:11:47","guid":{"rendered":"https:\/\/pruebas.garciavarona.com\/producto\/columpio-de-madera-maciza-modelo-jonas\/"},"modified":"2022-08-23T06:05:02","modified_gmt":"2022-08-23T06:05:02","slug":"columpio-de-madera-maciza-modelo-jonas","status":"publish","type":"product","link":"https:\/\/www.garciavarona.com\/en\/producto\/columpio-de-madera-maciza-modelo-jonas\/","title":{"rendered":"Columpio de madera maciza modelo Jonas"},"content":{"rendered":"<div id=\"tab-product-description\" class=\"ui-tabs-panel ui-widget-content ui-corner-bottom\" role=\"tabpanel\" aria-labelledby=\"ui-id-1\" aria-hidden=\"false\">\n<p class=\"ui-tabs-panel ui-widget-content ui-corner-bottom\" role=\"tabpanel\">Columpio de madera para ni\u00f1os modelo Jonas apto para exterior.<br \/>\nEl columpio se vende montado tal y como est\u00e1. Producto de exposici\u00f3n.<\/p>\n<p>Est\u00e1 compuesto por secciones transversales de madera de pino con anclajes de acero inoxidable.El kit de montaje, con asientos de columpio robustos, se etiqueta con el sello T\u00dcV \u2018probado para un ambiente privado.\u2019Est\u00e1 compuesto por los siguientes elementos:<\/p>\n<ul>\n<li>vigas empalmadas KVH\u00ae de 10 x 10 cm<\/li>\n<li>dos asientos de columpio<\/li>\n<li>ganchos<\/li>\n<li>material de montaje<\/li>\n<\/ul>\n<p id=\"tab-product-description\" class=\"ui-tabs-panel ui-widget-content ui-corner-bottom\" role=\"tabpanel\">Madera tratada para el uso en exteriores.<\/p>\n<\/div>\n","protected":false},"excerpt":{"rendered":"<p>Columpio de madera para ni\u00f1os modelo Jonas. Art\u00edculo de exposici\u00f3n. Se vende montado.<\/p>\n","protected":false},"featured_media":11922,"template":"","meta":[],"product_brand":[],"product_cat":[787,757],"product_tag":[],"class_list":{"0":"post-11928","1":"product","2":"type-product","3":"status-publish","4":"has-post-thumbnail","6":"product_cat-jardin-outlet","7":"product_cat-outlet-de-madera","9":"first","10":"outofstock","11":"sale","12":"taxable","13":"shipping-taxable","14":"purchasable","15":"product-type-simple"},"yoast_head":"<!-- This site is optimized with the Yoast SEO plugin v27.3 - https:\/\/yoast.com\/product\/yoast-seo-wordpress\/ -->\n<title>Columpio de madera para ni\u00f1os. Oferta \u00faltimas unidades.<\/title>\n<meta name=\"description\" content=\"Columpio de madera para ni\u00f1os. Oferta \u00faltimas unidades. Consigue un columpio de madera natural a precio de outlet. Hasta fin de existencias.\" \/>\n<meta name=\"robots\" content=\"index, follow, max-snippet:-1, max-image-preview:large, max-video-preview:-1\" \/>\n<link rel=\"canonical\" href=\"https:\/\/www.garciavarona.com\/en\/producto\/columpio-de-madera-maciza-modelo-jonas\/\" \/>\n<meta property=\"og:locale\" content=\"en_US\" \/>\n<meta property=\"og:type\" content=\"article\" \/>\n<meta property=\"og:title\" content=\"Columpio de madera para ni\u00f1os. Oferta \u00faltimas unidades.\" \/>\n<meta property=\"og:description\" content=\"Columpio de madera para ni\u00f1os. Oferta \u00faltimas unidades. Consigue un columpio de madera natural a precio de outlet. Hasta fin de existencias.\" \/>\n<meta property=\"og:url\" content=\"https:\/\/www.garciavarona.com\/en\/producto\/columpio-de-madera-maciza-modelo-jonas\/\" \/>\n<meta property=\"og:site_name\" content=\"Maderas Garcia Varona\" \/>\n<meta property=\"article:publisher\" content=\"https:\/\/www.facebook.com\/maderasgarciavaronagrupo\" \/>\n<meta property=\"article:modified_time\" content=\"2022-08-23T06:05:02+00:00\" \/>\n<meta property=\"og:image\" content=\"https:\/\/www.garciavarona.com\/wp-content\/uploads\/2019\/06\/523-Columpio-de-madera-maciza-modelo-Jonas.jpg\" \/>\n\t<meta property=\"og:image:width\" content=\"500\" \/>\n\t<meta property=\"og:image:height\" content=\"500\" \/>\n\t<meta property=\"og:image:type\" content=\"image\/jpeg\" \/>\n<meta name=\"twitter:card\" content=\"summary_large_image\" \/>\n<meta name=\"twitter:site\" content=\"@maderasvaronars\" \/>\n<meta name=\"twitter:label1\" content=\"Est. reading time\" \/>\n\t<meta name=\"twitter:data1\" content=\"1 minute\" \/>\n<script type=\"application\/ld+json\" class=\"yoast-schema-graph\">{\"@context\":\"https:\\\/\\\/schema.org\",\"@graph\":[{\"@type\":[\"WebPage\",\"ItemPage\"],\"@id\":\"https:\\\/\\\/www.garciavarona.com\\\/en\\\/producto\\\/columpio-de-madera-maciza-modelo-jonas\\\/\",\"url\":\"https:\\\/\\\/www.garciavarona.com\\\/en\\\/producto\\\/columpio-de-madera-maciza-modelo-jonas\\\/\",\"name\":\"Columpio de madera para ni\u00f1os. Oferta \u00faltimas unidades.\",\"isPartOf\":{\"@id\":\"https:\\\/\\\/www.garciavarona.com\\\/en\\\/#website\"},\"primaryImageOfPage\":{\"@id\":\"https:\\\/\\\/www.garciavarona.com\\\/en\\\/producto\\\/columpio-de-madera-maciza-modelo-jonas\\\/#primaryimage\"},\"image\":{\"@id\":\"https:\\\/\\\/www.garciavarona.com\\\/en\\\/producto\\\/columpio-de-madera-maciza-modelo-jonas\\\/#primaryimage\"},\"thumbnailUrl\":\"https:\\\/\\\/www.garciavarona.com\\\/wp-content\\\/uploads\\\/2019\\\/06\\\/523-Columpio-de-madera-maciza-modelo-Jonas.jpg\",\"datePublished\":\"2019-06-24T11:11:47+00:00\",\"dateModified\":\"2022-08-23T06:05:02+00:00\",\"description\":\"Columpio de madera para ni\u00f1os. Oferta \u00faltimas unidades. Consigue un columpio de madera natural a precio de outlet. Hasta fin de existencias.\",\"breadcrumb\":{\"@id\":\"https:\\\/\\\/www.garciavarona.com\\\/en\\\/producto\\\/columpio-de-madera-maciza-modelo-jonas\\\/#breadcrumb\"},\"inLanguage\":\"en-US\",\"potentialAction\":[{\"@type\":\"ReadAction\",\"target\":[\"https:\\\/\\\/www.garciavarona.com\\\/en\\\/producto\\\/columpio-de-madera-maciza-modelo-jonas\\\/\"]}]},{\"@type\":\"ImageObject\",\"inLanguage\":\"en-US\",\"@id\":\"https:\\\/\\\/www.garciavarona.com\\\/en\\\/producto\\\/columpio-de-madera-maciza-modelo-jonas\\\/#primaryimage\",\"url\":\"https:\\\/\\\/www.garciavarona.com\\\/wp-content\\\/uploads\\\/2019\\\/06\\\/523-Columpio-de-madera-maciza-modelo-Jonas.jpg\",\"contentUrl\":\"https:\\\/\\\/www.garciavarona.com\\\/wp-content\\\/uploads\\\/2019\\\/06\\\/523-Columpio-de-madera-maciza-modelo-Jonas.jpg\",\"width\":500,\"height\":500,\"caption\":\"Columpio de madera maciza modelo Jonas\"},{\"@type\":\"BreadcrumbList\",\"@id\":\"https:\\\/\\\/www.garciavarona.com\\\/en\\\/producto\\\/columpio-de-madera-maciza-modelo-jonas\\\/#breadcrumb\",\"itemListElement\":[{\"@type\":\"ListItem\",\"position\":1,\"name\":\"Portada\",\"item\":\"https:\\\/\\\/www.garciavarona.com\\\/en\\\/\"},{\"@type\":\"ListItem\",\"position\":2,\"name\":\"Tienda Maderas Garc\u00eda Varona\",\"item\":\"https:\\\/\\\/www.garciavarona.com\\\/tienda\\\/\"},{\"@type\":\"ListItem\",\"position\":3,\"name\":\"Columpio de madera maciza modelo Jonas\"}]},{\"@type\":\"WebSite\",\"@id\":\"https:\\\/\\\/www.garciavarona.com\\\/en\\\/#website\",\"url\":\"https:\\\/\\\/www.garciavarona.com\\\/en\\\/\",\"name\":\"Maderas Garcia Varona\",\"description\":\"Fabrica y Aserradero de Madera. Expertos en Madera\",\"publisher\":{\"@id\":\"https:\\\/\\\/www.garciavarona.com\\\/en\\\/#organization\"},\"potentialAction\":[{\"@type\":\"SearchAction\",\"target\":{\"@type\":\"EntryPoint\",\"urlTemplate\":\"https:\\\/\\\/www.garciavarona.com\\\/en\\\/?s={search_term_string}\"},\"query-input\":{\"@type\":\"PropertyValueSpecification\",\"valueRequired\":true,\"valueName\":\"search_term_string\"}}],\"inLanguage\":\"en-US\"},{\"@type\":\"Organization\",\"@id\":\"https:\\\/\\\/www.garciavarona.com\\\/en\\\/#organization\",\"name\":\"Maderas Garcia Varona\",\"url\":\"https:\\\/\\\/www.garciavarona.com\\\/en\\\/\",\"logo\":{\"@type\":\"ImageObject\",\"inLanguage\":\"en-US\",\"@id\":\"https:\\\/\\\/www.garciavarona.com\\\/en\\\/#\\\/schema\\\/logo\\\/image\\\/\",\"url\":\"https:\\\/\\\/www.garciavarona.com\\\/wp-content\\\/uploads\\\/2022\\\/06\\\/logoGarciaVarona.svg\",\"contentUrl\":\"https:\\\/\\\/www.garciavarona.com\\\/wp-content\\\/uploads\\\/2022\\\/06\\\/logoGarciaVarona.svg\",\"width\":1020,\"height\":200,\"caption\":\"Maderas Garcia Varona\"},\"image\":{\"@id\":\"https:\\\/\\\/www.garciavarona.com\\\/en\\\/#\\\/schema\\\/logo\\\/image\\\/\"},\"sameAs\":[\"https:\\\/\\\/www.facebook.com\\\/maderasgarciavaronagrupo\",\"https:\\\/\\\/x.com\\\/maderasvaronars\",\"https:\\\/\\\/www.instagram.com\\\/maderasgarciavarona\\\/\",\"https:\\\/\\\/www.linkedin.com\\\/company\\\/maderas-garcia-varona\\\/\",\"https:\\\/\\\/www.youtube.com\\\/channel\\\/UCGUEME06N_h66pB2coJC83w\\\/featured\"]}]}<\/script>\n<!-- \/ Yoast SEO plugin. -->","yoast_head_json":{"title":"Columpio de madera para ni\u00f1os. Oferta \u00faltimas unidades.","description":"Columpio de madera para ni\u00f1os. Oferta \u00faltimas unidades. Consigue un columpio de madera natural a precio de outlet. Hasta fin de existencias.","robots":{"index":"index","follow":"follow","max-snippet":"max-snippet:-1","max-image-preview":"max-image-preview:large","max-video-preview":"max-video-preview:-1"},"canonical":"https:\/\/www.garciavarona.com\/en\/producto\/columpio-de-madera-maciza-modelo-jonas\/","og_locale":"en_US","og_type":"article","og_title":"Columpio de madera para ni\u00f1os. Oferta \u00faltimas unidades.","og_description":"Columpio de madera para ni\u00f1os. Oferta \u00faltimas unidades. Consigue un columpio de madera natural a precio de outlet. Hasta fin de existencias.","og_url":"https:\/\/www.garciavarona.com\/en\/producto\/columpio-de-madera-maciza-modelo-jonas\/","og_site_name":"Maderas Garcia Varona","article_publisher":"https:\/\/www.facebook.com\/maderasgarciavaronagrupo","article_modified_time":"2022-08-23T06:05:02+00:00","og_image":[{"width":500,"height":500,"url":"https:\/\/www.garciavarona.com\/wp-content\/uploads\/2019\/06\/523-Columpio-de-madera-maciza-modelo-Jonas.jpg","type":"image\/jpeg"}],"twitter_card":"summary_large_image","twitter_site":"@maderasvaronars","twitter_misc":{"Est. reading time":"1 minute"},"schema":{"@context":"https:\/\/schema.org","@graph":[{"@type":["WebPage","ItemPage"],"@id":"https:\/\/www.garciavarona.com\/en\/producto\/columpio-de-madera-maciza-modelo-jonas\/","url":"https:\/\/www.garciavarona.com\/en\/producto\/columpio-de-madera-maciza-modelo-jonas\/","name":"Columpio de madera para ni\u00f1os. Oferta \u00faltimas unidades.","isPartOf":{"@id":"https:\/\/www.garciavarona.com\/en\/#website"},"primaryImageOfPage":{"@id":"https:\/\/www.garciavarona.com\/en\/producto\/columpio-de-madera-maciza-modelo-jonas\/#primaryimage"},"image":{"@id":"https:\/\/www.garciavarona.com\/en\/producto\/columpio-de-madera-maciza-modelo-jonas\/#primaryimage"},"thumbnailUrl":"https:\/\/www.garciavarona.com\/wp-content\/uploads\/2019\/06\/523-Columpio-de-madera-maciza-modelo-Jonas.jpg","datePublished":"2019-06-24T11:11:47+00:00","dateModified":"2022-08-23T06:05:02+00:00","description":"Columpio de madera para ni\u00f1os. Oferta \u00faltimas unidades. Consigue un columpio de madera natural a precio de outlet. Hasta fin de existencias.","breadcrumb":{"@id":"https:\/\/www.garciavarona.com\/en\/producto\/columpio-de-madera-maciza-modelo-jonas\/#breadcrumb"},"inLanguage":"en-US","potentialAction":[{"@type":"ReadAction","target":["https:\/\/www.garciavarona.com\/en\/producto\/columpio-de-madera-maciza-modelo-jonas\/"]}]},{"@type":"ImageObject","inLanguage":"en-US","@id":"https:\/\/www.garciavarona.com\/en\/producto\/columpio-de-madera-maciza-modelo-jonas\/#primaryimage","url":"https:\/\/www.garciavarona.com\/wp-content\/uploads\/2019\/06\/523-Columpio-de-madera-maciza-modelo-Jonas.jpg","contentUrl":"https:\/\/www.garciavarona.com\/wp-content\/uploads\/2019\/06\/523-Columpio-de-madera-maciza-modelo-Jonas.jpg","width":500,"height":500,"caption":"Columpio de madera maciza modelo Jonas"},{"@type":"BreadcrumbList","@id":"https:\/\/www.garciavarona.com\/en\/producto\/columpio-de-madera-maciza-modelo-jonas\/#breadcrumb","itemListElement":[{"@type":"ListItem","position":1,"name":"Portada","item":"https:\/\/www.garciavarona.com\/en\/"},{"@type":"ListItem","position":2,"name":"Tienda Maderas Garc\u00eda Varona","item":"https:\/\/www.garciavarona.com\/tienda\/"},{"@type":"ListItem","position":3,"name":"Columpio de madera maciza modelo Jonas"}]},{"@type":"WebSite","@id":"https:\/\/www.garciavarona.com\/en\/#website","url":"https:\/\/www.garciavarona.com\/en\/","name":"Maderas Garcia Varona","description":"Fabrica y Aserradero de Madera. Expertos en Madera","publisher":{"@id":"https:\/\/www.garciavarona.com\/en\/#organization"},"potentialAction":[{"@type":"SearchAction","target":{"@type":"EntryPoint","urlTemplate":"https:\/\/www.garciavarona.com\/en\/?s={search_term_string}"},"query-input":{"@type":"PropertyValueSpecification","valueRequired":true,"valueName":"search_term_string"}}],"inLanguage":"en-US"},{"@type":"Organization","@id":"https:\/\/www.garciavarona.com\/en\/#organization","name":"Maderas Garcia Varona","url":"https:\/\/www.garciavarona.com\/en\/","logo":{"@type":"ImageObject","inLanguage":"en-US","@id":"https:\/\/www.garciavarona.com\/en\/#\/schema\/logo\/image\/","url":"https:\/\/www.garciavarona.com\/wp-content\/uploads\/2022\/06\/logoGarciaVarona.svg","contentUrl":"https:\/\/www.garciavarona.com\/wp-content\/uploads\/2022\/06\/logoGarciaVarona.svg","width":1020,"height":200,"caption":"Maderas Garcia Varona"},"image":{"@id":"https:\/\/www.garciavarona.com\/en\/#\/schema\/logo\/image\/"},"sameAs":["https:\/\/www.facebook.com\/maderasgarciavaronagrupo","https:\/\/x.com\/maderasvaronars","https:\/\/www.instagram.com\/maderasgarciavarona\/","https:\/\/www.linkedin.com\/company\/maderas-garcia-varona\/","https:\/\/www.youtube.com\/channel\/UCGUEME06N_h66pB2coJC83w\/featured"]}]}},"_links":{"self":[{"href":"https:\/\/www.garciavarona.com\/en\/wp-json\/wp\/v2\/product\/11928","targetHints":{"allow":["GET"]}}],"collection":[{"href":"https:\/\/www.garciavarona.com\/en\/wp-json\/wp\/v2\/product"}],"about":[{"href":"https:\/\/www.garciavarona.com\/en\/wp-json\/wp\/v2\/types\/product"}],"version-history":[{"count":2,"href":"https:\/\/www.garciavarona.com\/en\/wp-json\/wp\/v2\/product\/11928\/revisions"}],"predecessor-version":[{"id":14499,"href":"https:\/\/www.garciavarona.com\/en\/wp-json\/wp\/v2\/product\/11928\/revisions\/14499"}],"wp:featuredmedia":[{"embeddable":true,"href":"https:\/\/www.garciavarona.com\/en\/wp-json\/wp\/v2\/media\/11922"}],"wp:attachment":[{"href":"https:\/\/www.garciavarona.com\/en\/wp-json\/wp\/v2\/media?parent=11928"}],"wp:term":[{"taxonomy":"product_brand","embeddable":true,"href":"https:\/\/www.garciavarona.com\/en\/wp-json\/wp\/v2\/product_brand?post=11928"},{"taxonomy":"product_cat","embeddable":true,"href":"https:\/\/www.garciavarona.com\/en\/wp-json\/wp\/v2\/product_cat?post=11928"},{"taxonomy":"product_tag","embeddable":true,"href":"https:\/\/www.garciavarona.com\/en\/wp-json\/wp\/v2\/product_tag?post=11928"}],"curies":[{"name":"wp","href":"https:\/\/api.w.org\/{rel}","templated":true}]}}