{"id":11939,"date":"2019-06-27T12:04:51","date_gmt":"2019-06-27T12:04:51","guid":{"rendered":"https:\/\/pruebas.garciavarona.com\/producto\/pergola-madera-daniela\/"},"modified":"2022-08-11T06:16:30","modified_gmt":"2022-08-11T06:16:30","slug":"pergola-madera-daniela","status":"publish","type":"product","link":"https:\/\/www.garciavarona.com\/en\/producto\/pergola-madera-daniela\/","title":{"rendered":"Pergola arcada de madera modelo Daniela"},"content":{"rendered":"<h1>Pergola arcada de madera modelo Daniela<\/h1>\n<p>P\u00e9rgola arcada de madera modelo Daniela. Se suministra montada. Art\u00edculo de exposici\u00f3n. Incluye tratamiento autoclave verde.<\/p>\n<p>Est\u00e1 compuesta por los siguientes elementos:<\/p>\n<ul>\n<li>4 postes 7 x 7 x 240 cm.<\/li>\n<li>2 vigas transversales 4 x 9 x 225 cm.<\/li>\n<li>5 viguetas (dobles) 7 x 7 x 72 cm.<\/li>\n<li>2 paneles enrejados 41 x 180 cm.<\/li>\n<li>4 viguetas 4 x 9 x 40 cm.<\/li>\n<li>1 material de ensamblaje<\/li>\n<\/ul>\n","protected":false},"excerpt":{"rendered":"<p>P\u00e9rgola arcada de madera modelo Daniela. Art\u00edculo de exposici\u00f3n. Se suministra montada. Incluye tratamiento para exterior.<\/p>\n","protected":false},"featured_media":11936,"template":"","meta":[],"product_brand":[],"product_cat":[787,757],"product_tag":[],"class_list":{"0":"post-11939","1":"product","2":"type-product","3":"status-publish","4":"has-post-thumbnail","6":"product_cat-jardin-outlet","7":"product_cat-outlet-de-madera","9":"first","10":"outofstock","11":"sale","12":"taxable","13":"shipping-taxable","14":"purchasable","15":"product-type-simple"},"yoast_head":"<!-- This site is optimized with the Yoast SEO plugin v27.3 - https:\/\/yoast.com\/product\/yoast-seo-wordpress\/ -->\n<title>P\u00e9rgola arcada de madera modelo Daniela. Art\u00edculo de exposici\u00f3n.<\/title>\n<meta name=\"description\" content=\"P\u00e9rgola arcada de madera modelo Daniela. Art\u00edculo de exposici\u00f3n. Incluye tratamiento para exterior. Precio especial outlet. Oferta por cambio de exposici\u00f3n.\" \/>\n<meta name=\"robots\" content=\"index, follow, max-snippet:-1, max-image-preview:large, max-video-preview:-1\" \/>\n<link rel=\"canonical\" href=\"https:\/\/www.garciavarona.com\/en\/producto\/pergola-madera-daniela\/\" \/>\n<meta property=\"og:locale\" content=\"en_US\" \/>\n<meta property=\"og:type\" content=\"article\" \/>\n<meta property=\"og:title\" content=\"P\u00e9rgola arcada de madera modelo Daniela. Art\u00edculo de exposici\u00f3n.\" \/>\n<meta property=\"og:description\" content=\"P\u00e9rgola arcada de madera modelo Daniela. Art\u00edculo de exposici\u00f3n. Incluye tratamiento para exterior. Precio especial outlet. Oferta por cambio de exposici\u00f3n.\" \/>\n<meta property=\"og:url\" content=\"https:\/\/www.garciavarona.com\/en\/producto\/pergola-madera-daniela\/\" \/>\n<meta property=\"og:site_name\" content=\"Maderas Garcia Varona\" \/>\n<meta property=\"article:publisher\" content=\"https:\/\/www.facebook.com\/maderasgarciavaronagrupo\" \/>\n<meta property=\"article:modified_time\" content=\"2022-08-11T06:16:30+00:00\" \/>\n<meta property=\"og:image\" content=\"https:\/\/www.garciavarona.com\/wp-content\/uploads\/2019\/06\/535-Pergola-arcada-de-madera-modelo-Daniela.jpg\" \/>\n\t<meta property=\"og:image:width\" content=\"525\" \/>\n\t<meta property=\"og:image:height\" content=\"525\" \/>\n\t<meta property=\"og:image:type\" content=\"image\/jpeg\" \/>\n<meta name=\"twitter:card\" content=\"summary_large_image\" \/>\n<meta name=\"twitter:site\" content=\"@maderasvaronars\" \/>\n<script type=\"application\/ld+json\" class=\"yoast-schema-graph\">{\"@context\":\"https:\\\/\\\/schema.org\",\"@graph\":[{\"@type\":[\"WebPage\",\"ItemPage\"],\"@id\":\"https:\\\/\\\/www.garciavarona.com\\\/en\\\/producto\\\/pergola-madera-daniela\\\/\",\"url\":\"https:\\\/\\\/www.garciavarona.com\\\/en\\\/producto\\\/pergola-madera-daniela\\\/\",\"name\":\"P\u00e9rgola arcada de madera modelo Daniela. Art\u00edculo de exposici\u00f3n.\",\"isPartOf\":{\"@id\":\"https:\\\/\\\/www.garciavarona.com\\\/en\\\/#website\"},\"primaryImageOfPage\":{\"@id\":\"https:\\\/\\\/www.garciavarona.com\\\/en\\\/producto\\\/pergola-madera-daniela\\\/#primaryimage\"},\"image\":{\"@id\":\"https:\\\/\\\/www.garciavarona.com\\\/en\\\/producto\\\/pergola-madera-daniela\\\/#primaryimage\"},\"thumbnailUrl\":\"https:\\\/\\\/www.garciavarona.com\\\/wp-content\\\/uploads\\\/2019\\\/06\\\/535-Pergola-arcada-de-madera-modelo-Daniela.jpg\",\"datePublished\":\"2019-06-27T12:04:51+00:00\",\"dateModified\":\"2022-08-11T06:16:30+00:00\",\"description\":\"P\u00e9rgola arcada de madera modelo Daniela. Art\u00edculo de exposici\u00f3n. Incluye tratamiento para exterior. Precio especial outlet. Oferta por cambio de exposici\u00f3n.\",\"breadcrumb\":{\"@id\":\"https:\\\/\\\/www.garciavarona.com\\\/en\\\/producto\\\/pergola-madera-daniela\\\/#breadcrumb\"},\"inLanguage\":\"en-US\",\"potentialAction\":[{\"@type\":\"ReadAction\",\"target\":[\"https:\\\/\\\/www.garciavarona.com\\\/en\\\/producto\\\/pergola-madera-daniela\\\/\"]}]},{\"@type\":\"ImageObject\",\"inLanguage\":\"en-US\",\"@id\":\"https:\\\/\\\/www.garciavarona.com\\\/en\\\/producto\\\/pergola-madera-daniela\\\/#primaryimage\",\"url\":\"https:\\\/\\\/www.garciavarona.com\\\/wp-content\\\/uploads\\\/2019\\\/06\\\/535-Pergola-arcada-de-madera-modelo-Daniela.jpg\",\"contentUrl\":\"https:\\\/\\\/www.garciavarona.com\\\/wp-content\\\/uploads\\\/2019\\\/06\\\/535-Pergola-arcada-de-madera-modelo-Daniela.jpg\",\"width\":525,\"height\":525,\"caption\":\"Pergola arcada de madera modelo Daniela\"},{\"@type\":\"BreadcrumbList\",\"@id\":\"https:\\\/\\\/www.garciavarona.com\\\/en\\\/producto\\\/pergola-madera-daniela\\\/#breadcrumb\",\"itemListElement\":[{\"@type\":\"ListItem\",\"position\":1,\"name\":\"Portada\",\"item\":\"https:\\\/\\\/www.garciavarona.com\\\/en\\\/\"},{\"@type\":\"ListItem\",\"position\":2,\"name\":\"Tienda Maderas Garc\u00eda Varona\",\"item\":\"https:\\\/\\\/www.garciavarona.com\\\/tienda\\\/\"},{\"@type\":\"ListItem\",\"position\":3,\"name\":\"Pergola arcada de madera modelo Daniela\"}]},{\"@type\":\"WebSite\",\"@id\":\"https:\\\/\\\/www.garciavarona.com\\\/en\\\/#website\",\"url\":\"https:\\\/\\\/www.garciavarona.com\\\/en\\\/\",\"name\":\"Maderas Garcia Varona\",\"description\":\"Fabrica y Aserradero de Madera. Expertos en Madera\",\"publisher\":{\"@id\":\"https:\\\/\\\/www.garciavarona.com\\\/en\\\/#organization\"},\"potentialAction\":[{\"@type\":\"SearchAction\",\"target\":{\"@type\":\"EntryPoint\",\"urlTemplate\":\"https:\\\/\\\/www.garciavarona.com\\\/en\\\/?s={search_term_string}\"},\"query-input\":{\"@type\":\"PropertyValueSpecification\",\"valueRequired\":true,\"valueName\":\"search_term_string\"}}],\"inLanguage\":\"en-US\"},{\"@type\":\"Organization\",\"@id\":\"https:\\\/\\\/www.garciavarona.com\\\/en\\\/#organization\",\"name\":\"Maderas Garcia Varona\",\"url\":\"https:\\\/\\\/www.garciavarona.com\\\/en\\\/\",\"logo\":{\"@type\":\"ImageObject\",\"inLanguage\":\"en-US\",\"@id\":\"https:\\\/\\\/www.garciavarona.com\\\/en\\\/#\\\/schema\\\/logo\\\/image\\\/\",\"url\":\"https:\\\/\\\/www.garciavarona.com\\\/wp-content\\\/uploads\\\/2022\\\/06\\\/logoGarciaVarona.svg\",\"contentUrl\":\"https:\\\/\\\/www.garciavarona.com\\\/wp-content\\\/uploads\\\/2022\\\/06\\\/logoGarciaVarona.svg\",\"width\":1020,\"height\":200,\"caption\":\"Maderas Garcia Varona\"},\"image\":{\"@id\":\"https:\\\/\\\/www.garciavarona.com\\\/en\\\/#\\\/schema\\\/logo\\\/image\\\/\"},\"sameAs\":[\"https:\\\/\\\/www.facebook.com\\\/maderasgarciavaronagrupo\",\"https:\\\/\\\/x.com\\\/maderasvaronars\",\"https:\\\/\\\/www.instagram.com\\\/maderasgarciavarona\\\/\",\"https:\\\/\\\/www.linkedin.com\\\/company\\\/maderas-garcia-varona\\\/\",\"https:\\\/\\\/www.youtube.com\\\/channel\\\/UCGUEME06N_h66pB2coJC83w\\\/featured\"]}]}<\/script>\n<!-- \/ Yoast SEO plugin. -->","yoast_head_json":{"title":"P\u00e9rgola arcada de madera modelo Daniela. Art\u00edculo de exposici\u00f3n.","description":"P\u00e9rgola arcada de madera modelo Daniela. Art\u00edculo de exposici\u00f3n. Incluye tratamiento para exterior. Precio especial outlet. Oferta por cambio de exposici\u00f3n.","robots":{"index":"index","follow":"follow","max-snippet":"max-snippet:-1","max-image-preview":"max-image-preview:large","max-video-preview":"max-video-preview:-1"},"canonical":"https:\/\/www.garciavarona.com\/en\/producto\/pergola-madera-daniela\/","og_locale":"en_US","og_type":"article","og_title":"P\u00e9rgola arcada de madera modelo Daniela. Art\u00edculo de exposici\u00f3n.","og_description":"P\u00e9rgola arcada de madera modelo Daniela. Art\u00edculo de exposici\u00f3n. Incluye tratamiento para exterior. Precio especial outlet. Oferta por cambio de exposici\u00f3n.","og_url":"https:\/\/www.garciavarona.com\/en\/producto\/pergola-madera-daniela\/","og_site_name":"Maderas Garcia Varona","article_publisher":"https:\/\/www.facebook.com\/maderasgarciavaronagrupo","article_modified_time":"2022-08-11T06:16:30+00:00","og_image":[{"width":525,"height":525,"url":"https:\/\/www.garciavarona.com\/wp-content\/uploads\/2019\/06\/535-Pergola-arcada-de-madera-modelo-Daniela.jpg","type":"image\/jpeg"}],"twitter_card":"summary_large_image","twitter_site":"@maderasvaronars","schema":{"@context":"https:\/\/schema.org","@graph":[{"@type":["WebPage","ItemPage"],"@id":"https:\/\/www.garciavarona.com\/en\/producto\/pergola-madera-daniela\/","url":"https:\/\/www.garciavarona.com\/en\/producto\/pergola-madera-daniela\/","name":"P\u00e9rgola arcada de madera modelo Daniela. Art\u00edculo de exposici\u00f3n.","isPartOf":{"@id":"https:\/\/www.garciavarona.com\/en\/#website"},"primaryImageOfPage":{"@id":"https:\/\/www.garciavarona.com\/en\/producto\/pergola-madera-daniela\/#primaryimage"},"image":{"@id":"https:\/\/www.garciavarona.com\/en\/producto\/pergola-madera-daniela\/#primaryimage"},"thumbnailUrl":"https:\/\/www.garciavarona.com\/wp-content\/uploads\/2019\/06\/535-Pergola-arcada-de-madera-modelo-Daniela.jpg","datePublished":"2019-06-27T12:04:51+00:00","dateModified":"2022-08-11T06:16:30+00:00","description":"P\u00e9rgola arcada de madera modelo Daniela. Art\u00edculo de exposici\u00f3n. Incluye tratamiento para exterior. Precio especial outlet. Oferta por cambio de exposici\u00f3n.","breadcrumb":{"@id":"https:\/\/www.garciavarona.com\/en\/producto\/pergola-madera-daniela\/#breadcrumb"},"inLanguage":"en-US","potentialAction":[{"@type":"ReadAction","target":["https:\/\/www.garciavarona.com\/en\/producto\/pergola-madera-daniela\/"]}]},{"@type":"ImageObject","inLanguage":"en-US","@id":"https:\/\/www.garciavarona.com\/en\/producto\/pergola-madera-daniela\/#primaryimage","url":"https:\/\/www.garciavarona.com\/wp-content\/uploads\/2019\/06\/535-Pergola-arcada-de-madera-modelo-Daniela.jpg","contentUrl":"https:\/\/www.garciavarona.com\/wp-content\/uploads\/2019\/06\/535-Pergola-arcada-de-madera-modelo-Daniela.jpg","width":525,"height":525,"caption":"Pergola arcada de madera modelo Daniela"},{"@type":"BreadcrumbList","@id":"https:\/\/www.garciavarona.com\/en\/producto\/pergola-madera-daniela\/#breadcrumb","itemListElement":[{"@type":"ListItem","position":1,"name":"Portada","item":"https:\/\/www.garciavarona.com\/en\/"},{"@type":"ListItem","position":2,"name":"Tienda Maderas Garc\u00eda Varona","item":"https:\/\/www.garciavarona.com\/tienda\/"},{"@type":"ListItem","position":3,"name":"Pergola arcada de madera modelo Daniela"}]},{"@type":"WebSite","@id":"https:\/\/www.garciavarona.com\/en\/#website","url":"https:\/\/www.garciavarona.com\/en\/","name":"Maderas Garcia Varona","description":"Fabrica y Aserradero de Madera. Expertos en Madera","publisher":{"@id":"https:\/\/www.garciavarona.com\/en\/#organization"},"potentialAction":[{"@type":"SearchAction","target":{"@type":"EntryPoint","urlTemplate":"https:\/\/www.garciavarona.com\/en\/?s={search_term_string}"},"query-input":{"@type":"PropertyValueSpecification","valueRequired":true,"valueName":"search_term_string"}}],"inLanguage":"en-US"},{"@type":"Organization","@id":"https:\/\/www.garciavarona.com\/en\/#organization","name":"Maderas Garcia Varona","url":"https:\/\/www.garciavarona.com\/en\/","logo":{"@type":"ImageObject","inLanguage":"en-US","@id":"https:\/\/www.garciavarona.com\/en\/#\/schema\/logo\/image\/","url":"https:\/\/www.garciavarona.com\/wp-content\/uploads\/2022\/06\/logoGarciaVarona.svg","contentUrl":"https:\/\/www.garciavarona.com\/wp-content\/uploads\/2022\/06\/logoGarciaVarona.svg","width":1020,"height":200,"caption":"Maderas Garcia Varona"},"image":{"@id":"https:\/\/www.garciavarona.com\/en\/#\/schema\/logo\/image\/"},"sameAs":["https:\/\/www.facebook.com\/maderasgarciavaronagrupo","https:\/\/x.com\/maderasvaronars","https:\/\/www.instagram.com\/maderasgarciavarona\/","https:\/\/www.linkedin.com\/company\/maderas-garcia-varona\/","https:\/\/www.youtube.com\/channel\/UCGUEME06N_h66pB2coJC83w\/featured"]}]}},"_links":{"self":[{"href":"https:\/\/www.garciavarona.com\/en\/wp-json\/wp\/v2\/product\/11939","targetHints":{"allow":["GET"]}}],"collection":[{"href":"https:\/\/www.garciavarona.com\/en\/wp-json\/wp\/v2\/product"}],"about":[{"href":"https:\/\/www.garciavarona.com\/en\/wp-json\/wp\/v2\/types\/product"}],"version-history":[{"count":1,"href":"https:\/\/www.garciavarona.com\/en\/wp-json\/wp\/v2\/product\/11939\/revisions"}],"predecessor-version":[{"id":14331,"href":"https:\/\/www.garciavarona.com\/en\/wp-json\/wp\/v2\/product\/11939\/revisions\/14331"}],"wp:featuredmedia":[{"embeddable":true,"href":"https:\/\/www.garciavarona.com\/en\/wp-json\/wp\/v2\/media\/11936"}],"wp:attachment":[{"href":"https:\/\/www.garciavarona.com\/en\/wp-json\/wp\/v2\/media?parent=11939"}],"wp:term":[{"taxonomy":"product_brand","embeddable":true,"href":"https:\/\/www.garciavarona.com\/en\/wp-json\/wp\/v2\/product_brand?post=11939"},{"taxonomy":"product_cat","embeddable":true,"href":"https:\/\/www.garciavarona.com\/en\/wp-json\/wp\/v2\/product_cat?post=11939"},{"taxonomy":"product_tag","embeddable":true,"href":"https:\/\/www.garciavarona.com\/en\/wp-json\/wp\/v2\/product_tag?post=11939"}],"curies":[{"name":"wp","href":"https:\/\/api.w.org\/{rel}","templated":true}]}}