{"id":12002,"date":"2019-07-01T11:29:38","date_gmt":"2019-07-01T11:29:38","guid":{"rendered":"https:\/\/pruebas.garciavarona.com\/producto\/lenero-de-roble\/"},"modified":"2023-03-22T14:18:48","modified_gmt":"2023-03-22T14:18:48","slug":"lenero-de-roble","status":"publish","type":"product","link":"https:\/\/www.garciavarona.com\/en\/producto\/lenero-de-roble\/","title":{"rendered":"Le\u00f1ero de roble para almacenaje de le\u00f1a en exterior e interior"},"content":{"rendered":"<p>Le\u00f1ero de roble macizo compuesto por tablas de 25 mm. de grosor. Para el almacenaje de le\u00f1a tanto en exterior como en interior. Tambi\u00e9n se puede utilizar como estanter\u00eda. Madera natural sin tratamientos.<\/p>\n<p>Medidas: 180 cm. de altura y 165 cm. de anchura. Se suministra desmontado en cuatro piezas (dos horizontales H y dos verticales V). Incluye torniller\u00eda.<\/p>\n<p>&nbsp;<\/p>\n","protected":false},"excerpt":{"rendered":"<p>Le\u00f1ero de roble macizo compuesto por tablas de 25 mm. de grosor. Medidas 180&#215;165 cm.<\/p>\n","protected":false},"featured_media":11998,"template":"","meta":[],"product_brand":[],"product_cat":[753,765,754,776],"product_tag":[],"class_list":{"0":"post-12002","1":"product","2":"type-product","3":"status-publish","4":"has-post-thumbnail","6":"product_cat-bioenergia","7":"product_cat-lena-de-roble","8":"product_cat-madera-para-jardines","9":"product_cat-mobiliario-de-jardin","10":"pa_marcas-bioenergia-gv","11":"pa_marcas-xylo","13":"first","14":"instock","15":"taxable","16":"shipping-taxable","17":"purchasable","18":"product-type-simple"},"yoast_head":"<!-- This site is optimized with the Yoast SEO plugin v27.3 - https:\/\/yoast.com\/product\/yoast-seo-wordpress\/ -->\n<title>Le\u00f1ero de roble para almacenaje de le\u00f1a en exterior e interior.<\/title>\n<meta name=\"description\" content=\"Le\u00f1ero de roble para almacenaje de le\u00f1a en exterior e interior. Le\u00f1ero de madera, almacenaje limpio y seco de la le\u00f1a. Mant\u00e9n tu le\u00f1a ordenada.\" \/>\n<meta name=\"robots\" content=\"index, follow, max-snippet:-1, max-image-preview:large, max-video-preview:-1\" \/>\n<link rel=\"canonical\" href=\"https:\/\/www.garciavarona.com\/en\/producto\/lenero-de-roble\/\" \/>\n<meta property=\"og:locale\" content=\"en_US\" \/>\n<meta property=\"og:type\" content=\"article\" \/>\n<meta property=\"og:title\" content=\"Le\u00f1ero de roble para almacenaje de le\u00f1a en exterior e interior.\" \/>\n<meta property=\"og:description\" content=\"Le\u00f1ero de roble para almacenaje de le\u00f1a en exterior e interior. Le\u00f1ero de madera, almacenaje limpio y seco de la le\u00f1a. Mant\u00e9n tu le\u00f1a ordenada.\" \/>\n<meta property=\"og:url\" content=\"https:\/\/www.garciavarona.com\/en\/producto\/lenero-de-roble\/\" \/>\n<meta property=\"og:site_name\" content=\"Maderas Garcia Varona\" \/>\n<meta property=\"article:publisher\" content=\"https:\/\/www.facebook.com\/maderasgarciavaronagrupo\" \/>\n<meta property=\"article:modified_time\" content=\"2023-03-22T14:18:48+00:00\" \/>\n<meta property=\"og:image\" content=\"https:\/\/www.garciavarona.com\/wp-content\/uploads\/2019\/07\/579-Lenero-de-roble-para-almacenaje-de-lena-en-exterior-e-interior.jpg\" \/>\n\t<meta property=\"og:image:width\" content=\"500\" \/>\n\t<meta property=\"og:image:height\" content=\"500\" \/>\n\t<meta property=\"og:image:type\" content=\"image\/jpeg\" \/>\n<meta name=\"twitter:card\" content=\"summary_large_image\" \/>\n<meta name=\"twitter:site\" content=\"@maderasvaronars\" \/>\n<meta name=\"twitter:label1\" content=\"Est. reading time\" \/>\n\t<meta name=\"twitter:data1\" content=\"1 minute\" \/>\n<script type=\"application\/ld+json\" class=\"yoast-schema-graph\">{\"@context\":\"https:\\\/\\\/schema.org\",\"@graph\":[{\"@type\":[\"WebPage\",\"ItemPage\"],\"@id\":\"https:\\\/\\\/www.garciavarona.com\\\/en\\\/producto\\\/lenero-de-roble\\\/\",\"url\":\"https:\\\/\\\/www.garciavarona.com\\\/en\\\/producto\\\/lenero-de-roble\\\/\",\"name\":\"Le\u00f1ero de roble para almacenaje de le\u00f1a en exterior e interior.\",\"isPartOf\":{\"@id\":\"https:\\\/\\\/www.garciavarona.com\\\/en\\\/#website\"},\"primaryImageOfPage\":{\"@id\":\"https:\\\/\\\/www.garciavarona.com\\\/en\\\/producto\\\/lenero-de-roble\\\/#primaryimage\"},\"image\":{\"@id\":\"https:\\\/\\\/www.garciavarona.com\\\/en\\\/producto\\\/lenero-de-roble\\\/#primaryimage\"},\"thumbnailUrl\":\"https:\\\/\\\/www.garciavarona.com\\\/wp-content\\\/uploads\\\/2019\\\/07\\\/579-Lenero-de-roble-para-almacenaje-de-lena-en-exterior-e-interior.jpg\",\"datePublished\":\"2019-07-01T11:29:38+00:00\",\"dateModified\":\"2023-03-22T14:18:48+00:00\",\"description\":\"Le\u00f1ero de roble para almacenaje de le\u00f1a en exterior e interior. Le\u00f1ero de madera, almacenaje limpio y seco de la le\u00f1a. Mant\u00e9n tu le\u00f1a ordenada.\",\"breadcrumb\":{\"@id\":\"https:\\\/\\\/www.garciavarona.com\\\/en\\\/producto\\\/lenero-de-roble\\\/#breadcrumb\"},\"inLanguage\":\"en-US\",\"potentialAction\":[{\"@type\":\"ReadAction\",\"target\":[\"https:\\\/\\\/www.garciavarona.com\\\/en\\\/producto\\\/lenero-de-roble\\\/\"]}]},{\"@type\":\"ImageObject\",\"inLanguage\":\"en-US\",\"@id\":\"https:\\\/\\\/www.garciavarona.com\\\/en\\\/producto\\\/lenero-de-roble\\\/#primaryimage\",\"url\":\"https:\\\/\\\/www.garciavarona.com\\\/wp-content\\\/uploads\\\/2019\\\/07\\\/579-Lenero-de-roble-para-almacenaje-de-lena-en-exterior-e-interior.jpg\",\"contentUrl\":\"https:\\\/\\\/www.garciavarona.com\\\/wp-content\\\/uploads\\\/2019\\\/07\\\/579-Lenero-de-roble-para-almacenaje-de-lena-en-exterior-e-interior.jpg\",\"width\":500,\"height\":500,\"caption\":\"Le\u00f1ero de roble para almacenaje de le\u00f1a en exterior e interior\"},{\"@type\":\"BreadcrumbList\",\"@id\":\"https:\\\/\\\/www.garciavarona.com\\\/en\\\/producto\\\/lenero-de-roble\\\/#breadcrumb\",\"itemListElement\":[{\"@type\":\"ListItem\",\"position\":1,\"name\":\"Portada\",\"item\":\"https:\\\/\\\/www.garciavarona.com\\\/en\\\/\"},{\"@type\":\"ListItem\",\"position\":2,\"name\":\"Tienda Maderas Garc\u00eda Varona\",\"item\":\"https:\\\/\\\/www.garciavarona.com\\\/tienda\\\/\"},{\"@type\":\"ListItem\",\"position\":3,\"name\":\"Le\u00f1ero de roble para almacenaje de le\u00f1a en exterior e interior\"}]},{\"@type\":\"WebSite\",\"@id\":\"https:\\\/\\\/www.garciavarona.com\\\/en\\\/#website\",\"url\":\"https:\\\/\\\/www.garciavarona.com\\\/en\\\/\",\"name\":\"Maderas Garcia Varona\",\"description\":\"Fabrica y Aserradero de Madera. Expertos en Madera\",\"publisher\":{\"@id\":\"https:\\\/\\\/www.garciavarona.com\\\/en\\\/#organization\"},\"potentialAction\":[{\"@type\":\"SearchAction\",\"target\":{\"@type\":\"EntryPoint\",\"urlTemplate\":\"https:\\\/\\\/www.garciavarona.com\\\/en\\\/?s={search_term_string}\"},\"query-input\":{\"@type\":\"PropertyValueSpecification\",\"valueRequired\":true,\"valueName\":\"search_term_string\"}}],\"inLanguage\":\"en-US\"},{\"@type\":\"Organization\",\"@id\":\"https:\\\/\\\/www.garciavarona.com\\\/en\\\/#organization\",\"name\":\"Maderas Garcia Varona\",\"url\":\"https:\\\/\\\/www.garciavarona.com\\\/en\\\/\",\"logo\":{\"@type\":\"ImageObject\",\"inLanguage\":\"en-US\",\"@id\":\"https:\\\/\\\/www.garciavarona.com\\\/en\\\/#\\\/schema\\\/logo\\\/image\\\/\",\"url\":\"https:\\\/\\\/www.garciavarona.com\\\/wp-content\\\/uploads\\\/2022\\\/06\\\/logoGarciaVarona.svg\",\"contentUrl\":\"https:\\\/\\\/www.garciavarona.com\\\/wp-content\\\/uploads\\\/2022\\\/06\\\/logoGarciaVarona.svg\",\"width\":1020,\"height\":200,\"caption\":\"Maderas Garcia Varona\"},\"image\":{\"@id\":\"https:\\\/\\\/www.garciavarona.com\\\/en\\\/#\\\/schema\\\/logo\\\/image\\\/\"},\"sameAs\":[\"https:\\\/\\\/www.facebook.com\\\/maderasgarciavaronagrupo\",\"https:\\\/\\\/x.com\\\/maderasvaronars\",\"https:\\\/\\\/www.instagram.com\\\/maderasgarciavarona\\\/\",\"https:\\\/\\\/www.linkedin.com\\\/company\\\/maderas-garcia-varona\\\/\",\"https:\\\/\\\/www.youtube.com\\\/channel\\\/UCGUEME06N_h66pB2coJC83w\\\/featured\"]}]}<\/script>\n<!-- \/ Yoast SEO plugin. -->","yoast_head_json":{"title":"Le\u00f1ero de roble para almacenaje de le\u00f1a en exterior e interior.","description":"Le\u00f1ero de roble para almacenaje de le\u00f1a en exterior e interior. Le\u00f1ero de madera, almacenaje limpio y seco de la le\u00f1a. Mant\u00e9n tu le\u00f1a ordenada.","robots":{"index":"index","follow":"follow","max-snippet":"max-snippet:-1","max-image-preview":"max-image-preview:large","max-video-preview":"max-video-preview:-1"},"canonical":"https:\/\/www.garciavarona.com\/en\/producto\/lenero-de-roble\/","og_locale":"en_US","og_type":"article","og_title":"Le\u00f1ero de roble para almacenaje de le\u00f1a en exterior e interior.","og_description":"Le\u00f1ero de roble para almacenaje de le\u00f1a en exterior e interior. Le\u00f1ero de madera, almacenaje limpio y seco de la le\u00f1a. Mant\u00e9n tu le\u00f1a ordenada.","og_url":"https:\/\/www.garciavarona.com\/en\/producto\/lenero-de-roble\/","og_site_name":"Maderas Garcia Varona","article_publisher":"https:\/\/www.facebook.com\/maderasgarciavaronagrupo","article_modified_time":"2023-03-22T14:18:48+00:00","og_image":[{"width":500,"height":500,"url":"https:\/\/www.garciavarona.com\/wp-content\/uploads\/2019\/07\/579-Lenero-de-roble-para-almacenaje-de-lena-en-exterior-e-interior.jpg","type":"image\/jpeg"}],"twitter_card":"summary_large_image","twitter_site":"@maderasvaronars","twitter_misc":{"Est. reading time":"1 minute"},"schema":{"@context":"https:\/\/schema.org","@graph":[{"@type":["WebPage","ItemPage"],"@id":"https:\/\/www.garciavarona.com\/en\/producto\/lenero-de-roble\/","url":"https:\/\/www.garciavarona.com\/en\/producto\/lenero-de-roble\/","name":"Le\u00f1ero de roble para almacenaje de le\u00f1a en exterior e interior.","isPartOf":{"@id":"https:\/\/www.garciavarona.com\/en\/#website"},"primaryImageOfPage":{"@id":"https:\/\/www.garciavarona.com\/en\/producto\/lenero-de-roble\/#primaryimage"},"image":{"@id":"https:\/\/www.garciavarona.com\/en\/producto\/lenero-de-roble\/#primaryimage"},"thumbnailUrl":"https:\/\/www.garciavarona.com\/wp-content\/uploads\/2019\/07\/579-Lenero-de-roble-para-almacenaje-de-lena-en-exterior-e-interior.jpg","datePublished":"2019-07-01T11:29:38+00:00","dateModified":"2023-03-22T14:18:48+00:00","description":"Le\u00f1ero de roble para almacenaje de le\u00f1a en exterior e interior. Le\u00f1ero de madera, almacenaje limpio y seco de la le\u00f1a. Mant\u00e9n tu le\u00f1a ordenada.","breadcrumb":{"@id":"https:\/\/www.garciavarona.com\/en\/producto\/lenero-de-roble\/#breadcrumb"},"inLanguage":"en-US","potentialAction":[{"@type":"ReadAction","target":["https:\/\/www.garciavarona.com\/en\/producto\/lenero-de-roble\/"]}]},{"@type":"ImageObject","inLanguage":"en-US","@id":"https:\/\/www.garciavarona.com\/en\/producto\/lenero-de-roble\/#primaryimage","url":"https:\/\/www.garciavarona.com\/wp-content\/uploads\/2019\/07\/579-Lenero-de-roble-para-almacenaje-de-lena-en-exterior-e-interior.jpg","contentUrl":"https:\/\/www.garciavarona.com\/wp-content\/uploads\/2019\/07\/579-Lenero-de-roble-para-almacenaje-de-lena-en-exterior-e-interior.jpg","width":500,"height":500,"caption":"Le\u00f1ero de roble para almacenaje de le\u00f1a en exterior e interior"},{"@type":"BreadcrumbList","@id":"https:\/\/www.garciavarona.com\/en\/producto\/lenero-de-roble\/#breadcrumb","itemListElement":[{"@type":"ListItem","position":1,"name":"Portada","item":"https:\/\/www.garciavarona.com\/en\/"},{"@type":"ListItem","position":2,"name":"Tienda Maderas Garc\u00eda Varona","item":"https:\/\/www.garciavarona.com\/tienda\/"},{"@type":"ListItem","position":3,"name":"Le\u00f1ero de roble para almacenaje de le\u00f1a en exterior e interior"}]},{"@type":"WebSite","@id":"https:\/\/www.garciavarona.com\/en\/#website","url":"https:\/\/www.garciavarona.com\/en\/","name":"Maderas Garcia Varona","description":"Fabrica y Aserradero de Madera. Expertos en Madera","publisher":{"@id":"https:\/\/www.garciavarona.com\/en\/#organization"},"potentialAction":[{"@type":"SearchAction","target":{"@type":"EntryPoint","urlTemplate":"https:\/\/www.garciavarona.com\/en\/?s={search_term_string}"},"query-input":{"@type":"PropertyValueSpecification","valueRequired":true,"valueName":"search_term_string"}}],"inLanguage":"en-US"},{"@type":"Organization","@id":"https:\/\/www.garciavarona.com\/en\/#organization","name":"Maderas Garcia Varona","url":"https:\/\/www.garciavarona.com\/en\/","logo":{"@type":"ImageObject","inLanguage":"en-US","@id":"https:\/\/www.garciavarona.com\/en\/#\/schema\/logo\/image\/","url":"https:\/\/www.garciavarona.com\/wp-content\/uploads\/2022\/06\/logoGarciaVarona.svg","contentUrl":"https:\/\/www.garciavarona.com\/wp-content\/uploads\/2022\/06\/logoGarciaVarona.svg","width":1020,"height":200,"caption":"Maderas Garcia Varona"},"image":{"@id":"https:\/\/www.garciavarona.com\/en\/#\/schema\/logo\/image\/"},"sameAs":["https:\/\/www.facebook.com\/maderasgarciavaronagrupo","https:\/\/x.com\/maderasvaronars","https:\/\/www.instagram.com\/maderasgarciavarona\/","https:\/\/www.linkedin.com\/company\/maderas-garcia-varona\/","https:\/\/www.youtube.com\/channel\/UCGUEME06N_h66pB2coJC83w\/featured"]}]}},"_links":{"self":[{"href":"https:\/\/www.garciavarona.com\/en\/wp-json\/wp\/v2\/product\/12002","targetHints":{"allow":["GET"]}}],"collection":[{"href":"https:\/\/www.garciavarona.com\/en\/wp-json\/wp\/v2\/product"}],"about":[{"href":"https:\/\/www.garciavarona.com\/en\/wp-json\/wp\/v2\/types\/product"}],"version-history":[{"count":2,"href":"https:\/\/www.garciavarona.com\/en\/wp-json\/wp\/v2\/product\/12002\/revisions"}],"predecessor-version":[{"id":18115,"href":"https:\/\/www.garciavarona.com\/en\/wp-json\/wp\/v2\/product\/12002\/revisions\/18115"}],"wp:featuredmedia":[{"embeddable":true,"href":"https:\/\/www.garciavarona.com\/en\/wp-json\/wp\/v2\/media\/11998"}],"wp:attachment":[{"href":"https:\/\/www.garciavarona.com\/en\/wp-json\/wp\/v2\/media?parent=12002"}],"wp:term":[{"taxonomy":"product_brand","embeddable":true,"href":"https:\/\/www.garciavarona.com\/en\/wp-json\/wp\/v2\/product_brand?post=12002"},{"taxonomy":"product_cat","embeddable":true,"href":"https:\/\/www.garciavarona.com\/en\/wp-json\/wp\/v2\/product_cat?post=12002"},{"taxonomy":"product_tag","embeddable":true,"href":"https:\/\/www.garciavarona.com\/en\/wp-json\/wp\/v2\/product_tag?post=12002"}],"curies":[{"name":"wp","href":"https:\/\/api.w.org\/{rel}","templated":true}]}}