{"id":12149,"date":"2019-10-02T10:33:19","date_gmt":"2019-10-02T10:33:19","guid":{"rendered":"https:\/\/pruebas.garciavarona.com\/producto\/tarima-de-roble-europeo-100-mm-de-ancho-calidad-literal\/"},"modified":"2024-06-17T07:40:16","modified_gmt":"2024-06-17T07:40:16","slug":"tarima-de-roble-europeo-100-mm-de-ancho-calidad-literal","status":"publish","type":"product","link":"https:\/\/www.garciavarona.com\/en\/producto\/tarima-de-roble-europeo-100-mm-de-ancho-calidad-literal\/","title":{"rendered":"Tarima de roble europeo 100 mm de ancho calidad literal"},"content":{"rendered":"<h1>Tarima de roble europeo 100 mm de ancho calidad literal<\/h1>\n<p>Parquet est\u00e1ndar fabricado con roble europeo 100%, una especie de gran dureza y durabilidad natural. Compatible con suelo radiante. Tratamiento autoclave CU3 incluido. Largos de 500 a 2.500 mm.<\/p>\n<p>Consultar descuento a partir de 25 m2. Oferta especial por lote completo o m\u00e1s de 100 m2.<\/p>\n<p>Ficha t\u00e9cnica<\/p>\n<table border=\"1\" cellpadding=\"5\">\n<tbody>\n<tr>\n<td><strong>Descripci\u00f3n<\/strong><\/td>\n<td>Tabla con leng\u00fceta y ranura, de roble 100% macizo, fabricada seg\u00fan norma UNE-EN 13226 (Suelos de madera. Elementos de parqu\u00e9 macizo con ranuras y\/o leng\u00fcetas). Sin junta de dilataci\u00f3n en contracara. Compatible con suelo radiante.<\/td>\n<\/tr>\n<tr>\n<td><strong>Largos<\/strong><\/td>\n<td>De 500 a 2.500 mm<\/td>\n<\/tr>\n<tr>\n<td><strong>Calidad<\/strong><\/td>\n<td>Li<\/td>\n<\/tr>\n<tr>\n<td><strong>Espesor<\/strong><\/td>\n<td>21 mm<\/td>\n<\/tr>\n<tr>\n<td><strong>Colocaci\u00f3n<\/strong><\/td>\n<td>En interior, pegada y\/o clavada<\/td>\n<\/tr>\n<tr>\n<td><strong>Tratamiento<\/strong><\/td>\n<td>Autoclave CU3 incluido<\/td>\n<\/tr>\n<tr>\n<td><strong>Biseles<\/strong><\/td>\n<td>Go0 (sin bisel)<\/td>\n<\/tr>\n<\/tbody>\n<\/table>\n<p>&nbsp;<\/p>\n<p><strong>Memoria de calidades<\/strong><\/p>\n<table border=\"1\" cellpadding=\"5\">\n<tbody>\n<tr>\n<td>Memoria de Calidades<\/td>\n<td>C\u00d3DIGO<\/td>\n<td>MATICES NATURALES DE COLOR<\/td>\n<td>ALBURA<\/td>\n<td>NUDOS<\/td>\n<td>GRIETAS<\/td>\n<td>PICADURAS<\/td>\n<\/tr>\n<tr>\n<td>LITERAL<\/td>\n<td>Li<\/td>\n<td>Cara: Posibles variaciones de color. Espejuelo e hilo coraz\u00f3n permitido.<\/td>\n<td>Cara: Admisible<\/td>\n<td>Cara: Decorativos, sin limite de tama\u00f1o y color, masillados.<\/td>\n<td>Cara: Masillados<\/td>\n<td>Cara: Perforaciones de insecto espor\u00e1dicas, masilladas.<\/td>\n<\/tr>\n<tr>\n<td colspan=\"7\">Contracara: Se admiten todas las singularidades posibles sin limitaci\u00f3n de tama\u00f1o o cantidad, siempre que no disminuyan la resistencia o la resistencia al desgaste del parqu\u00e9. Se admite la albura desde la contracara, hasta la parte superior de la leng\u00fceta sin considerar las limitaciones establecidas para la cara. Posibles picaduras.<\/td>\n<\/tr>\n<\/tbody>\n<\/table>\n","protected":false},"excerpt":{"rendered":"<p>Parquet macizo de roble de 10 cm de ancho y 2,1 cm de grueso. Precio por m2.<\/p>\n","protected":false},"featured_media":12141,"template":"","meta":[],"product_brand":[],"product_cat":[763,757],"product_tag":[1240,1122,1199],"class_list":{"0":"post-12149","1":"product","2":"type-product","3":"status-publish","4":"has-post-thumbnail","6":"product_cat-tarima-outlet","7":"product_cat-outlet-de-madera","8":"product_tag-parquet-de-roble","9":"product_tag-tarima-de-roble","10":"product_tag-tarima-maciza","11":"pa_bisel_tarima_interior-sinbisel","12":"pa_calidad-literal","13":"pa_grueso-21mm","14":"pa_sistema_resaltado_veta-sinsrv","16":"first","17":"outofstock","18":"taxable","19":"shipping-taxable","20":"product-type-variable","21":"has-default-attributes"},"yoast_head":"<!-- This site is optimized with the Yoast SEO plugin v27.3 - https:\/\/yoast.com\/product\/yoast-seo-wordpress\/ -->\n<title>Tarima de roble europeo maciza de 10 cm de ancho calidad literal.<\/title>\n<meta name=\"description\" content=\"Tarima de roble europeo maciza de 10 cm de ancho calidad literal. Parquet de roble de 2,1 cm de grueso con tratamiento CU3. Oferta hasta fin de existencias.\" \/>\n<meta name=\"robots\" content=\"index, follow, max-snippet:-1, max-image-preview:large, max-video-preview:-1\" \/>\n<link rel=\"canonical\" href=\"https:\/\/www.garciavarona.com\/en\/producto\/tarima-de-roble-europeo-100-mm-de-ancho-calidad-literal\/\" \/>\n<meta property=\"og:locale\" content=\"en_US\" \/>\n<meta property=\"og:type\" content=\"article\" \/>\n<meta property=\"og:title\" content=\"Tarima de roble europeo maciza de 10 cm de ancho calidad literal.\" \/>\n<meta property=\"og:description\" content=\"Tarima de roble europeo maciza de 10 cm de ancho calidad literal. Parquet de roble de 2,1 cm de grueso con tratamiento CU3. Oferta hasta fin de existencias.\" \/>\n<meta property=\"og:url\" content=\"https:\/\/www.garciavarona.com\/en\/producto\/tarima-de-roble-europeo-100-mm-de-ancho-calidad-literal\/\" \/>\n<meta property=\"og:site_name\" content=\"Maderas Garcia Varona\" \/>\n<meta property=\"article:publisher\" content=\"https:\/\/www.facebook.com\/maderasgarciavaronagrupo\" \/>\n<meta property=\"article:modified_time\" content=\"2024-06-17T07:40:16+00:00\" \/>\n<meta property=\"og:image\" content=\"https:\/\/www.garciavarona.com\/wp-content\/uploads\/2019\/10\/712-Tarima-de-roble-europeo-100-mm-de-ancho-calidad-literal.jpg\" \/>\n\t<meta property=\"og:image:width\" content=\"525\" \/>\n\t<meta property=\"og:image:height\" content=\"525\" \/>\n\t<meta property=\"og:image:type\" content=\"image\/jpeg\" \/>\n<meta name=\"twitter:card\" content=\"summary_large_image\" \/>\n<meta name=\"twitter:site\" content=\"@maderasvaronars\" \/>\n<meta name=\"twitter:label1\" content=\"Est. reading time\" \/>\n\t<meta name=\"twitter:data1\" content=\"2 minutes\" \/>\n<script type=\"application\/ld+json\" class=\"yoast-schema-graph\">{\"@context\":\"https:\\\/\\\/schema.org\",\"@graph\":[{\"@type\":[\"WebPage\",\"ItemPage\"],\"@id\":\"https:\\\/\\\/www.garciavarona.com\\\/en\\\/producto\\\/tarima-de-roble-europeo-100-mm-de-ancho-calidad-literal\\\/\",\"url\":\"https:\\\/\\\/www.garciavarona.com\\\/en\\\/producto\\\/tarima-de-roble-europeo-100-mm-de-ancho-calidad-literal\\\/\",\"name\":\"Tarima de roble europeo maciza de 10 cm de ancho calidad literal.\",\"isPartOf\":{\"@id\":\"https:\\\/\\\/www.garciavarona.com\\\/en\\\/#website\"},\"primaryImageOfPage\":{\"@id\":\"https:\\\/\\\/www.garciavarona.com\\\/en\\\/producto\\\/tarima-de-roble-europeo-100-mm-de-ancho-calidad-literal\\\/#primaryimage\"},\"image\":{\"@id\":\"https:\\\/\\\/www.garciavarona.com\\\/en\\\/producto\\\/tarima-de-roble-europeo-100-mm-de-ancho-calidad-literal\\\/#primaryimage\"},\"thumbnailUrl\":\"https:\\\/\\\/www.garciavarona.com\\\/wp-content\\\/uploads\\\/2019\\\/10\\\/712-Tarima-de-roble-europeo-100-mm-de-ancho-calidad-literal.jpg\",\"datePublished\":\"2019-10-02T10:33:19+00:00\",\"dateModified\":\"2024-06-17T07:40:16+00:00\",\"description\":\"Tarima de roble europeo maciza de 10 cm de ancho calidad literal. Parquet de roble de 2,1 cm de grueso con tratamiento CU3. Oferta hasta fin de existencias.\",\"breadcrumb\":{\"@id\":\"https:\\\/\\\/www.garciavarona.com\\\/en\\\/producto\\\/tarima-de-roble-europeo-100-mm-de-ancho-calidad-literal\\\/#breadcrumb\"},\"inLanguage\":\"en-US\",\"potentialAction\":[{\"@type\":\"ReadAction\",\"target\":[\"https:\\\/\\\/www.garciavarona.com\\\/en\\\/producto\\\/tarima-de-roble-europeo-100-mm-de-ancho-calidad-literal\\\/\"]}]},{\"@type\":\"ImageObject\",\"inLanguage\":\"en-US\",\"@id\":\"https:\\\/\\\/www.garciavarona.com\\\/en\\\/producto\\\/tarima-de-roble-europeo-100-mm-de-ancho-calidad-literal\\\/#primaryimage\",\"url\":\"https:\\\/\\\/www.garciavarona.com\\\/wp-content\\\/uploads\\\/2019\\\/10\\\/712-Tarima-de-roble-europeo-100-mm-de-ancho-calidad-literal.jpg\",\"contentUrl\":\"https:\\\/\\\/www.garciavarona.com\\\/wp-content\\\/uploads\\\/2019\\\/10\\\/712-Tarima-de-roble-europeo-100-mm-de-ancho-calidad-literal.jpg\",\"width\":525,\"height\":525,\"caption\":\"Tarima de roble europeo 100 mm de ancho calidad literal\"},{\"@type\":\"BreadcrumbList\",\"@id\":\"https:\\\/\\\/www.garciavarona.com\\\/en\\\/producto\\\/tarima-de-roble-europeo-100-mm-de-ancho-calidad-literal\\\/#breadcrumb\",\"itemListElement\":[{\"@type\":\"ListItem\",\"position\":1,\"name\":\"Portada\",\"item\":\"https:\\\/\\\/www.garciavarona.com\\\/en\\\/\"},{\"@type\":\"ListItem\",\"position\":2,\"name\":\"Tienda Maderas Garc\u00eda Varona\",\"item\":\"https:\\\/\\\/www.garciavarona.com\\\/tienda\\\/\"},{\"@type\":\"ListItem\",\"position\":3,\"name\":\"Tarima de roble europeo 100 mm de ancho calidad literal\"}]},{\"@type\":\"WebSite\",\"@id\":\"https:\\\/\\\/www.garciavarona.com\\\/en\\\/#website\",\"url\":\"https:\\\/\\\/www.garciavarona.com\\\/en\\\/\",\"name\":\"Maderas Garcia Varona\",\"description\":\"Fabrica y Aserradero de Madera. Expertos en Madera\",\"publisher\":{\"@id\":\"https:\\\/\\\/www.garciavarona.com\\\/en\\\/#organization\"},\"potentialAction\":[{\"@type\":\"SearchAction\",\"target\":{\"@type\":\"EntryPoint\",\"urlTemplate\":\"https:\\\/\\\/www.garciavarona.com\\\/en\\\/?s={search_term_string}\"},\"query-input\":{\"@type\":\"PropertyValueSpecification\",\"valueRequired\":true,\"valueName\":\"search_term_string\"}}],\"inLanguage\":\"en-US\"},{\"@type\":\"Organization\",\"@id\":\"https:\\\/\\\/www.garciavarona.com\\\/en\\\/#organization\",\"name\":\"Maderas Garcia Varona\",\"url\":\"https:\\\/\\\/www.garciavarona.com\\\/en\\\/\",\"logo\":{\"@type\":\"ImageObject\",\"inLanguage\":\"en-US\",\"@id\":\"https:\\\/\\\/www.garciavarona.com\\\/en\\\/#\\\/schema\\\/logo\\\/image\\\/\",\"url\":\"https:\\\/\\\/www.garciavarona.com\\\/wp-content\\\/uploads\\\/2022\\\/06\\\/logoGarciaVarona.svg\",\"contentUrl\":\"https:\\\/\\\/www.garciavarona.com\\\/wp-content\\\/uploads\\\/2022\\\/06\\\/logoGarciaVarona.svg\",\"width\":1020,\"height\":200,\"caption\":\"Maderas Garcia Varona\"},\"image\":{\"@id\":\"https:\\\/\\\/www.garciavarona.com\\\/en\\\/#\\\/schema\\\/logo\\\/image\\\/\"},\"sameAs\":[\"https:\\\/\\\/www.facebook.com\\\/maderasgarciavaronagrupo\",\"https:\\\/\\\/x.com\\\/maderasvaronars\",\"https:\\\/\\\/www.instagram.com\\\/maderasgarciavarona\\\/\",\"https:\\\/\\\/www.linkedin.com\\\/company\\\/maderas-garcia-varona\\\/\",\"https:\\\/\\\/www.youtube.com\\\/channel\\\/UCGUEME06N_h66pB2coJC83w\\\/featured\"]}]}<\/script>\n<!-- \/ Yoast SEO plugin. -->","yoast_head_json":{"title":"Tarima de roble europeo maciza de 10 cm de ancho calidad literal.","description":"Tarima de roble europeo maciza de 10 cm de ancho calidad literal. Parquet de roble de 2,1 cm de grueso con tratamiento CU3. Oferta hasta fin de existencias.","robots":{"index":"index","follow":"follow","max-snippet":"max-snippet:-1","max-image-preview":"max-image-preview:large","max-video-preview":"max-video-preview:-1"},"canonical":"https:\/\/www.garciavarona.com\/en\/producto\/tarima-de-roble-europeo-100-mm-de-ancho-calidad-literal\/","og_locale":"en_US","og_type":"article","og_title":"Tarima de roble europeo maciza de 10 cm de ancho calidad literal.","og_description":"Tarima de roble europeo maciza de 10 cm de ancho calidad literal. Parquet de roble de 2,1 cm de grueso con tratamiento CU3. Oferta hasta fin de existencias.","og_url":"https:\/\/www.garciavarona.com\/en\/producto\/tarima-de-roble-europeo-100-mm-de-ancho-calidad-literal\/","og_site_name":"Maderas Garcia Varona","article_publisher":"https:\/\/www.facebook.com\/maderasgarciavaronagrupo","article_modified_time":"2024-06-17T07:40:16+00:00","og_image":[{"width":525,"height":525,"url":"https:\/\/www.garciavarona.com\/wp-content\/uploads\/2019\/10\/712-Tarima-de-roble-europeo-100-mm-de-ancho-calidad-literal.jpg","type":"image\/jpeg"}],"twitter_card":"summary_large_image","twitter_site":"@maderasvaronars","twitter_misc":{"Est. reading time":"2 minutes"},"schema":{"@context":"https:\/\/schema.org","@graph":[{"@type":["WebPage","ItemPage"],"@id":"https:\/\/www.garciavarona.com\/en\/producto\/tarima-de-roble-europeo-100-mm-de-ancho-calidad-literal\/","url":"https:\/\/www.garciavarona.com\/en\/producto\/tarima-de-roble-europeo-100-mm-de-ancho-calidad-literal\/","name":"Tarima de roble europeo maciza de 10 cm de ancho calidad literal.","isPartOf":{"@id":"https:\/\/www.garciavarona.com\/en\/#website"},"primaryImageOfPage":{"@id":"https:\/\/www.garciavarona.com\/en\/producto\/tarima-de-roble-europeo-100-mm-de-ancho-calidad-literal\/#primaryimage"},"image":{"@id":"https:\/\/www.garciavarona.com\/en\/producto\/tarima-de-roble-europeo-100-mm-de-ancho-calidad-literal\/#primaryimage"},"thumbnailUrl":"https:\/\/www.garciavarona.com\/wp-content\/uploads\/2019\/10\/712-Tarima-de-roble-europeo-100-mm-de-ancho-calidad-literal.jpg","datePublished":"2019-10-02T10:33:19+00:00","dateModified":"2024-06-17T07:40:16+00:00","description":"Tarima de roble europeo maciza de 10 cm de ancho calidad literal. Parquet de roble de 2,1 cm de grueso con tratamiento CU3. Oferta hasta fin de existencias.","breadcrumb":{"@id":"https:\/\/www.garciavarona.com\/en\/producto\/tarima-de-roble-europeo-100-mm-de-ancho-calidad-literal\/#breadcrumb"},"inLanguage":"en-US","potentialAction":[{"@type":"ReadAction","target":["https:\/\/www.garciavarona.com\/en\/producto\/tarima-de-roble-europeo-100-mm-de-ancho-calidad-literal\/"]}]},{"@type":"ImageObject","inLanguage":"en-US","@id":"https:\/\/www.garciavarona.com\/en\/producto\/tarima-de-roble-europeo-100-mm-de-ancho-calidad-literal\/#primaryimage","url":"https:\/\/www.garciavarona.com\/wp-content\/uploads\/2019\/10\/712-Tarima-de-roble-europeo-100-mm-de-ancho-calidad-literal.jpg","contentUrl":"https:\/\/www.garciavarona.com\/wp-content\/uploads\/2019\/10\/712-Tarima-de-roble-europeo-100-mm-de-ancho-calidad-literal.jpg","width":525,"height":525,"caption":"Tarima de roble europeo 100 mm de ancho calidad literal"},{"@type":"BreadcrumbList","@id":"https:\/\/www.garciavarona.com\/en\/producto\/tarima-de-roble-europeo-100-mm-de-ancho-calidad-literal\/#breadcrumb","itemListElement":[{"@type":"ListItem","position":1,"name":"Portada","item":"https:\/\/www.garciavarona.com\/en\/"},{"@type":"ListItem","position":2,"name":"Tienda Maderas Garc\u00eda Varona","item":"https:\/\/www.garciavarona.com\/tienda\/"},{"@type":"ListItem","position":3,"name":"Tarima de roble europeo 100 mm de ancho calidad literal"}]},{"@type":"WebSite","@id":"https:\/\/www.garciavarona.com\/en\/#website","url":"https:\/\/www.garciavarona.com\/en\/","name":"Maderas Garcia Varona","description":"Fabrica y Aserradero de Madera. Expertos en Madera","publisher":{"@id":"https:\/\/www.garciavarona.com\/en\/#organization"},"potentialAction":[{"@type":"SearchAction","target":{"@type":"EntryPoint","urlTemplate":"https:\/\/www.garciavarona.com\/en\/?s={search_term_string}"},"query-input":{"@type":"PropertyValueSpecification","valueRequired":true,"valueName":"search_term_string"}}],"inLanguage":"en-US"},{"@type":"Organization","@id":"https:\/\/www.garciavarona.com\/en\/#organization","name":"Maderas Garcia Varona","url":"https:\/\/www.garciavarona.com\/en\/","logo":{"@type":"ImageObject","inLanguage":"en-US","@id":"https:\/\/www.garciavarona.com\/en\/#\/schema\/logo\/image\/","url":"https:\/\/www.garciavarona.com\/wp-content\/uploads\/2022\/06\/logoGarciaVarona.svg","contentUrl":"https:\/\/www.garciavarona.com\/wp-content\/uploads\/2022\/06\/logoGarciaVarona.svg","width":1020,"height":200,"caption":"Maderas Garcia Varona"},"image":{"@id":"https:\/\/www.garciavarona.com\/en\/#\/schema\/logo\/image\/"},"sameAs":["https:\/\/www.facebook.com\/maderasgarciavaronagrupo","https:\/\/x.com\/maderasvaronars","https:\/\/www.instagram.com\/maderasgarciavarona\/","https:\/\/www.linkedin.com\/company\/maderas-garcia-varona\/","https:\/\/www.youtube.com\/channel\/UCGUEME06N_h66pB2coJC83w\/featured"]}]}},"_links":{"self":[{"href":"https:\/\/www.garciavarona.com\/en\/wp-json\/wp\/v2\/product\/12149","targetHints":{"allow":["GET"]}}],"collection":[{"href":"https:\/\/www.garciavarona.com\/en\/wp-json\/wp\/v2\/product"}],"about":[{"href":"https:\/\/www.garciavarona.com\/en\/wp-json\/wp\/v2\/types\/product"}],"version-history":[{"count":2,"href":"https:\/\/www.garciavarona.com\/en\/wp-json\/wp\/v2\/product\/12149\/revisions"}],"predecessor-version":[{"id":14543,"href":"https:\/\/www.garciavarona.com\/en\/wp-json\/wp\/v2\/product\/12149\/revisions\/14543"}],"wp:featuredmedia":[{"embeddable":true,"href":"https:\/\/www.garciavarona.com\/en\/wp-json\/wp\/v2\/media\/12141"}],"wp:attachment":[{"href":"https:\/\/www.garciavarona.com\/en\/wp-json\/wp\/v2\/media?parent=12149"}],"wp:term":[{"taxonomy":"product_brand","embeddable":true,"href":"https:\/\/www.garciavarona.com\/en\/wp-json\/wp\/v2\/product_brand?post=12149"},{"taxonomy":"product_cat","embeddable":true,"href":"https:\/\/www.garciavarona.com\/en\/wp-json\/wp\/v2\/product_cat?post=12149"},{"taxonomy":"product_tag","embeddable":true,"href":"https:\/\/www.garciavarona.com\/en\/wp-json\/wp\/v2\/product_tag?post=12149"}],"curies":[{"name":"wp","href":"https:\/\/api.w.org\/{rel}","templated":true}]}}