{"id":12196,"date":"2019-10-04T12:42:19","date_gmt":"2019-10-04T12:42:19","guid":{"rendered":"https:\/\/pruebas.garciavarona.com\/producto\/tablon-de-roble-europeo-macizo-sin-cantear-de-40-mm-de-grueso\/"},"modified":"2023-06-14T09:44:20","modified_gmt":"2023-06-14T09:44:20","slug":"tablon-de-roble-macizo-sin-cantear","status":"publish","type":"product","link":"https:\/\/www.garciavarona.com\/en\/producto\/tablon-de-roble-macizo-sin-cantear\/","title":{"rendered":"Tabl\u00f3n de roble sin cantear cepillado y cantos trabajados"},"content":{"rendered":"<h1>Tabl\u00f3n de roble sin cantear cepillado y cantos trabajados<\/h1>\n<p>El <strong>tabl\u00f3n de madera de roble<\/strong> es 100% macizo. Tabl\u00f3n de roble sin cantear cepillado y con cantos trabajados<strong>.<\/strong> Ancho no uniforme de 300 a 700 mm. Largos a consultar seg\u00fan disponibilidad. Precio por metro lineal. Seleccione los metros lineales para saber el precio del tabl\u00f3n. Plazo de entrega en funci\u00f3n de disponibilidad de largo seleccionado. Env\u00edo hasta largo de 2,20 metros.<\/p>\n<p>Fabricaci\u00f3n est\u00e1ndar cepillado y con SRV (Sistema de Resaltado de Veta). Sin cantear, con cantos trabajados. Patas no incluidas. El grueso de la tarifa es sobre la medida inicial del tabl\u00f3n; al ser un producto artesanal, no podemos garantizar una medida final exacta.<\/p>\n<p>Se trata de madera natural en bruto ideal para ser trabajada por un profesional.<\/p>\n<p>Estos tablones son de madera natural, por lo que pueden tener nudos, grietas o betas de distintos colores. Se trata de peculiaridades propias de la naturaleza de la madera. Por lo tanto no son considerados defectos ni pueden ser motivo de cambio o devoluci\u00f3n.<\/p>\n<p>Es importante que la madera natural no sufra cambios bruscos de humedad y temperatura ya que se trata de un material org\u00e1nico, vivo, que puede verse alterado por estos cambios dr\u00e1sticos en las condiciones ambientales que le rodean. Estos cambios pueden alterar su forma o tonalidad, aunque la madera es resistente. Con los tratamientos adecuados conseguiremos que nuestro tabl\u00f3n de roble se mantenga intacto a lo largo del tiempo.<\/p>\n<p><a href=\"https:\/\/www.garciavarona.com\/contactar\/\">Cons\u00faltanos<\/a> en caso de duda.<\/p>\n","protected":false},"excerpt":{"rendered":"<p>Tabl\u00f3n de madera de roble sin cantear, cepillado y con cantos trabajados. Precio por metro lineal.<\/p>\n","protected":false},"featured_media":12191,"template":"","meta":[],"product_brand":[],"product_cat":[778,756],"product_tag":[],"class_list":{"0":"post-12196","1":"product","2":"type-product","3":"status-publish","4":"has-post-thumbnail","6":"product_cat-mesa-rustica","7":"product_cat-decoracion-madera","8":"pa_grueso-40-mm","9":"pa_grueso-50-mm","10":"pa_grueso-70-mm","11":"pa_grueso-80-mm","13":"first","14":"instock","15":"taxable","16":"shipping-taxable","17":"purchasable","18":"product-type-variable"},"yoast_head":"<!-- This site is optimized with the Yoast SEO plugin v27.3 - https:\/\/yoast.com\/product\/yoast-seo-wordpress\/ -->\n<title>Tabl\u00f3n de roble sin cantear cepillado y cantos trabajados<\/title>\n<meta name=\"description\" content=\"Tabl\u00f3n de roble europeo macizo sin cantear de varios gruesos. Rodaja de madera decorativa. Secci\u00f3n longitudinal de roble para mesas y cabeceros de cama.\" \/>\n<meta name=\"robots\" content=\"index, follow, max-snippet:-1, max-image-preview:large, max-video-preview:-1\" \/>\n<link rel=\"canonical\" href=\"https:\/\/www.garciavarona.com\/en\/producto\/tablon-de-roble-macizo-sin-cantear\/\" \/>\n<meta property=\"og:locale\" content=\"en_US\" \/>\n<meta property=\"og:type\" content=\"article\" \/>\n<meta property=\"og:title\" content=\"Tabl\u00f3n de roble sin cantear cepillado y cantos trabajados\" \/>\n<meta property=\"og:description\" content=\"Tabl\u00f3n de roble europeo macizo sin cantear de varios gruesos. Rodaja de madera decorativa. Secci\u00f3n longitudinal de roble para mesas y cabeceros de cama.\" \/>\n<meta property=\"og:url\" content=\"https:\/\/www.garciavarona.com\/en\/producto\/tablon-de-roble-macizo-sin-cantear\/\" \/>\n<meta property=\"og:site_name\" content=\"Maderas Garcia Varona\" \/>\n<meta property=\"article:publisher\" content=\"https:\/\/www.facebook.com\/maderasgarciavaronagrupo\" \/>\n<meta property=\"article:modified_time\" content=\"2023-06-14T09:44:20+00:00\" \/>\n<meta property=\"og:image\" content=\"https:\/\/www.garciavarona.com\/wp-content\/uploads\/2019\/10\/753-Tablon-de-roble-europeo-macizo-sin-cantear-de-40-mm-de-grueso.jpg\" \/>\n\t<meta property=\"og:image:width\" content=\"525\" \/>\n\t<meta property=\"og:image:height\" content=\"525\" \/>\n\t<meta property=\"og:image:type\" content=\"image\/jpeg\" \/>\n<meta name=\"twitter:card\" content=\"summary_large_image\" \/>\n<meta name=\"twitter:site\" content=\"@maderasvaronars\" \/>\n<meta name=\"twitter:label1\" content=\"Est. reading time\" \/>\n\t<meta name=\"twitter:data1\" content=\"2 minutes\" \/>\n<script type=\"application\/ld+json\" class=\"yoast-schema-graph\">{\"@context\":\"https:\\\/\\\/schema.org\",\"@graph\":[{\"@type\":[\"WebPage\",\"ItemPage\"],\"@id\":\"https:\\\/\\\/www.garciavarona.com\\\/en\\\/producto\\\/tablon-de-roble-macizo-sin-cantear\\\/\",\"url\":\"https:\\\/\\\/www.garciavarona.com\\\/en\\\/producto\\\/tablon-de-roble-macizo-sin-cantear\\\/\",\"name\":\"Tabl\u00f3n de roble sin cantear cepillado y cantos trabajados\",\"isPartOf\":{\"@id\":\"https:\\\/\\\/www.garciavarona.com\\\/en\\\/#website\"},\"primaryImageOfPage\":{\"@id\":\"https:\\\/\\\/www.garciavarona.com\\\/en\\\/producto\\\/tablon-de-roble-macizo-sin-cantear\\\/#primaryimage\"},\"image\":{\"@id\":\"https:\\\/\\\/www.garciavarona.com\\\/en\\\/producto\\\/tablon-de-roble-macizo-sin-cantear\\\/#primaryimage\"},\"thumbnailUrl\":\"https:\\\/\\\/www.garciavarona.com\\\/wp-content\\\/uploads\\\/2019\\\/10\\\/753-Tablon-de-roble-europeo-macizo-sin-cantear-de-40-mm-de-grueso.jpg\",\"datePublished\":\"2019-10-04T12:42:19+00:00\",\"dateModified\":\"2023-06-14T09:44:20+00:00\",\"description\":\"Tabl\u00f3n de roble europeo macizo sin cantear de varios gruesos. Rodaja de madera decorativa. Secci\u00f3n longitudinal de roble para mesas y cabeceros de cama.\",\"breadcrumb\":{\"@id\":\"https:\\\/\\\/www.garciavarona.com\\\/en\\\/producto\\\/tablon-de-roble-macizo-sin-cantear\\\/#breadcrumb\"},\"inLanguage\":\"en-US\",\"potentialAction\":[{\"@type\":\"ReadAction\",\"target\":[\"https:\\\/\\\/www.garciavarona.com\\\/en\\\/producto\\\/tablon-de-roble-macizo-sin-cantear\\\/\"]}]},{\"@type\":\"ImageObject\",\"inLanguage\":\"en-US\",\"@id\":\"https:\\\/\\\/www.garciavarona.com\\\/en\\\/producto\\\/tablon-de-roble-macizo-sin-cantear\\\/#primaryimage\",\"url\":\"https:\\\/\\\/www.garciavarona.com\\\/wp-content\\\/uploads\\\/2019\\\/10\\\/753-Tablon-de-roble-europeo-macizo-sin-cantear-de-40-mm-de-grueso.jpg\",\"contentUrl\":\"https:\\\/\\\/www.garciavarona.com\\\/wp-content\\\/uploads\\\/2019\\\/10\\\/753-Tablon-de-roble-europeo-macizo-sin-cantear-de-40-mm-de-grueso.jpg\",\"width\":525,\"height\":525,\"caption\":\"Tabl\u00f3n de roble europeo macizo sin cantear de 40 mm de grueso\"},{\"@type\":\"BreadcrumbList\",\"@id\":\"https:\\\/\\\/www.garciavarona.com\\\/en\\\/producto\\\/tablon-de-roble-macizo-sin-cantear\\\/#breadcrumb\",\"itemListElement\":[{\"@type\":\"ListItem\",\"position\":1,\"name\":\"Portada\",\"item\":\"https:\\\/\\\/www.garciavarona.com\\\/en\\\/\"},{\"@type\":\"ListItem\",\"position\":2,\"name\":\"Tienda Maderas Garc\u00eda Varona\",\"item\":\"https:\\\/\\\/www.garciavarona.com\\\/tienda\\\/\"},{\"@type\":\"ListItem\",\"position\":3,\"name\":\"Tabl\u00f3n de roble sin cantear cepillado y cantos trabajados\"}]},{\"@type\":\"WebSite\",\"@id\":\"https:\\\/\\\/www.garciavarona.com\\\/en\\\/#website\",\"url\":\"https:\\\/\\\/www.garciavarona.com\\\/en\\\/\",\"name\":\"Maderas Garcia Varona\",\"description\":\"Fabrica y Aserradero de Madera. Expertos en Madera\",\"publisher\":{\"@id\":\"https:\\\/\\\/www.garciavarona.com\\\/en\\\/#organization\"},\"potentialAction\":[{\"@type\":\"SearchAction\",\"target\":{\"@type\":\"EntryPoint\",\"urlTemplate\":\"https:\\\/\\\/www.garciavarona.com\\\/en\\\/?s={search_term_string}\"},\"query-input\":{\"@type\":\"PropertyValueSpecification\",\"valueRequired\":true,\"valueName\":\"search_term_string\"}}],\"inLanguage\":\"en-US\"},{\"@type\":\"Organization\",\"@id\":\"https:\\\/\\\/www.garciavarona.com\\\/en\\\/#organization\",\"name\":\"Maderas Garcia Varona\",\"url\":\"https:\\\/\\\/www.garciavarona.com\\\/en\\\/\",\"logo\":{\"@type\":\"ImageObject\",\"inLanguage\":\"en-US\",\"@id\":\"https:\\\/\\\/www.garciavarona.com\\\/en\\\/#\\\/schema\\\/logo\\\/image\\\/\",\"url\":\"https:\\\/\\\/www.garciavarona.com\\\/wp-content\\\/uploads\\\/2022\\\/06\\\/logoGarciaVarona.svg\",\"contentUrl\":\"https:\\\/\\\/www.garciavarona.com\\\/wp-content\\\/uploads\\\/2022\\\/06\\\/logoGarciaVarona.svg\",\"width\":1020,\"height\":200,\"caption\":\"Maderas Garcia Varona\"},\"image\":{\"@id\":\"https:\\\/\\\/www.garciavarona.com\\\/en\\\/#\\\/schema\\\/logo\\\/image\\\/\"},\"sameAs\":[\"https:\\\/\\\/www.facebook.com\\\/maderasgarciavaronagrupo\",\"https:\\\/\\\/x.com\\\/maderasvaronars\",\"https:\\\/\\\/www.instagram.com\\\/maderasgarciavarona\\\/\",\"https:\\\/\\\/www.linkedin.com\\\/company\\\/maderas-garcia-varona\\\/\",\"https:\\\/\\\/www.youtube.com\\\/channel\\\/UCGUEME06N_h66pB2coJC83w\\\/featured\"]}]}<\/script>\n<!-- \/ Yoast SEO plugin. -->","yoast_head_json":{"title":"Tabl\u00f3n de roble sin cantear cepillado y cantos trabajados","description":"Tabl\u00f3n de roble europeo macizo sin cantear de varios gruesos. Rodaja de madera decorativa. Secci\u00f3n longitudinal de roble para mesas y cabeceros de cama.","robots":{"index":"index","follow":"follow","max-snippet":"max-snippet:-1","max-image-preview":"max-image-preview:large","max-video-preview":"max-video-preview:-1"},"canonical":"https:\/\/www.garciavarona.com\/en\/producto\/tablon-de-roble-macizo-sin-cantear\/","og_locale":"en_US","og_type":"article","og_title":"Tabl\u00f3n de roble sin cantear cepillado y cantos trabajados","og_description":"Tabl\u00f3n de roble europeo macizo sin cantear de varios gruesos. Rodaja de madera decorativa. Secci\u00f3n longitudinal de roble para mesas y cabeceros de cama.","og_url":"https:\/\/www.garciavarona.com\/en\/producto\/tablon-de-roble-macizo-sin-cantear\/","og_site_name":"Maderas Garcia Varona","article_publisher":"https:\/\/www.facebook.com\/maderasgarciavaronagrupo","article_modified_time":"2023-06-14T09:44:20+00:00","og_image":[{"width":525,"height":525,"url":"https:\/\/www.garciavarona.com\/wp-content\/uploads\/2019\/10\/753-Tablon-de-roble-europeo-macizo-sin-cantear-de-40-mm-de-grueso.jpg","type":"image\/jpeg"}],"twitter_card":"summary_large_image","twitter_site":"@maderasvaronars","twitter_misc":{"Est. reading time":"2 minutes"},"schema":{"@context":"https:\/\/schema.org","@graph":[{"@type":["WebPage","ItemPage"],"@id":"https:\/\/www.garciavarona.com\/en\/producto\/tablon-de-roble-macizo-sin-cantear\/","url":"https:\/\/www.garciavarona.com\/en\/producto\/tablon-de-roble-macizo-sin-cantear\/","name":"Tabl\u00f3n de roble sin cantear cepillado y cantos trabajados","isPartOf":{"@id":"https:\/\/www.garciavarona.com\/en\/#website"},"primaryImageOfPage":{"@id":"https:\/\/www.garciavarona.com\/en\/producto\/tablon-de-roble-macizo-sin-cantear\/#primaryimage"},"image":{"@id":"https:\/\/www.garciavarona.com\/en\/producto\/tablon-de-roble-macizo-sin-cantear\/#primaryimage"},"thumbnailUrl":"https:\/\/www.garciavarona.com\/wp-content\/uploads\/2019\/10\/753-Tablon-de-roble-europeo-macizo-sin-cantear-de-40-mm-de-grueso.jpg","datePublished":"2019-10-04T12:42:19+00:00","dateModified":"2023-06-14T09:44:20+00:00","description":"Tabl\u00f3n de roble europeo macizo sin cantear de varios gruesos. Rodaja de madera decorativa. Secci\u00f3n longitudinal de roble para mesas y cabeceros de cama.","breadcrumb":{"@id":"https:\/\/www.garciavarona.com\/en\/producto\/tablon-de-roble-macizo-sin-cantear\/#breadcrumb"},"inLanguage":"en-US","potentialAction":[{"@type":"ReadAction","target":["https:\/\/www.garciavarona.com\/en\/producto\/tablon-de-roble-macizo-sin-cantear\/"]}]},{"@type":"ImageObject","inLanguage":"en-US","@id":"https:\/\/www.garciavarona.com\/en\/producto\/tablon-de-roble-macizo-sin-cantear\/#primaryimage","url":"https:\/\/www.garciavarona.com\/wp-content\/uploads\/2019\/10\/753-Tablon-de-roble-europeo-macizo-sin-cantear-de-40-mm-de-grueso.jpg","contentUrl":"https:\/\/www.garciavarona.com\/wp-content\/uploads\/2019\/10\/753-Tablon-de-roble-europeo-macizo-sin-cantear-de-40-mm-de-grueso.jpg","width":525,"height":525,"caption":"Tabl\u00f3n de roble europeo macizo sin cantear de 40 mm de grueso"},{"@type":"BreadcrumbList","@id":"https:\/\/www.garciavarona.com\/en\/producto\/tablon-de-roble-macizo-sin-cantear\/#breadcrumb","itemListElement":[{"@type":"ListItem","position":1,"name":"Portada","item":"https:\/\/www.garciavarona.com\/en\/"},{"@type":"ListItem","position":2,"name":"Tienda Maderas Garc\u00eda Varona","item":"https:\/\/www.garciavarona.com\/tienda\/"},{"@type":"ListItem","position":3,"name":"Tabl\u00f3n de roble sin cantear cepillado y cantos trabajados"}]},{"@type":"WebSite","@id":"https:\/\/www.garciavarona.com\/en\/#website","url":"https:\/\/www.garciavarona.com\/en\/","name":"Maderas Garcia Varona","description":"Fabrica y Aserradero de Madera. Expertos en Madera","publisher":{"@id":"https:\/\/www.garciavarona.com\/en\/#organization"},"potentialAction":[{"@type":"SearchAction","target":{"@type":"EntryPoint","urlTemplate":"https:\/\/www.garciavarona.com\/en\/?s={search_term_string}"},"query-input":{"@type":"PropertyValueSpecification","valueRequired":true,"valueName":"search_term_string"}}],"inLanguage":"en-US"},{"@type":"Organization","@id":"https:\/\/www.garciavarona.com\/en\/#organization","name":"Maderas Garcia Varona","url":"https:\/\/www.garciavarona.com\/en\/","logo":{"@type":"ImageObject","inLanguage":"en-US","@id":"https:\/\/www.garciavarona.com\/en\/#\/schema\/logo\/image\/","url":"https:\/\/www.garciavarona.com\/wp-content\/uploads\/2022\/06\/logoGarciaVarona.svg","contentUrl":"https:\/\/www.garciavarona.com\/wp-content\/uploads\/2022\/06\/logoGarciaVarona.svg","width":1020,"height":200,"caption":"Maderas Garcia Varona"},"image":{"@id":"https:\/\/www.garciavarona.com\/en\/#\/schema\/logo\/image\/"},"sameAs":["https:\/\/www.facebook.com\/maderasgarciavaronagrupo","https:\/\/x.com\/maderasvaronars","https:\/\/www.instagram.com\/maderasgarciavarona\/","https:\/\/www.linkedin.com\/company\/maderas-garcia-varona\/","https:\/\/www.youtube.com\/channel\/UCGUEME06N_h66pB2coJC83w\/featured"]}]}},"_links":{"self":[{"href":"https:\/\/www.garciavarona.com\/en\/wp-json\/wp\/v2\/product\/12196","targetHints":{"allow":["GET"]}}],"collection":[{"href":"https:\/\/www.garciavarona.com\/en\/wp-json\/wp\/v2\/product"}],"about":[{"href":"https:\/\/www.garciavarona.com\/en\/wp-json\/wp\/v2\/types\/product"}],"version-history":[{"count":6,"href":"https:\/\/www.garciavarona.com\/en\/wp-json\/wp\/v2\/product\/12196\/revisions"}],"predecessor-version":[{"id":20265,"href":"https:\/\/www.garciavarona.com\/en\/wp-json\/wp\/v2\/product\/12196\/revisions\/20265"}],"wp:featuredmedia":[{"embeddable":true,"href":"https:\/\/www.garciavarona.com\/en\/wp-json\/wp\/v2\/media\/12191"}],"wp:attachment":[{"href":"https:\/\/www.garciavarona.com\/en\/wp-json\/wp\/v2\/media?parent=12196"}],"wp:term":[{"taxonomy":"product_brand","embeddable":true,"href":"https:\/\/www.garciavarona.com\/en\/wp-json\/wp\/v2\/product_brand?post=12196"},{"taxonomy":"product_cat","embeddable":true,"href":"https:\/\/www.garciavarona.com\/en\/wp-json\/wp\/v2\/product_cat?post=12196"},{"taxonomy":"product_tag","embeddable":true,"href":"https:\/\/www.garciavarona.com\/en\/wp-json\/wp\/v2\/product_tag?post=12196"}],"curies":[{"name":"wp","href":"https:\/\/api.w.org\/{rel}","templated":true}]}}