{"id":12226,"date":"2019-10-07T12:20:30","date_gmt":"2019-10-07T12:20:30","guid":{"rendered":"https:\/\/pruebas.garciavarona.com\/producto\/tabla-de-pino-lawson-115-mm-de-ancho\/"},"modified":"2022-11-23T14:58:13","modified_gmt":"2022-11-23T14:58:13","slug":"tabla-de-pino-lawson-115-mm-de-ancho","status":"publish","type":"product","link":"https:\/\/www.garciavarona.com\/en\/producto\/tabla-de-pino-lawson-115-mm-de-ancho\/","title":{"rendered":"Tabla de pino Lawson 115 mm de ancho"},"content":{"rendered":"<h1>Tabla de pino Lawson 115 mm de ancho<\/h1>\n<p><strong>Tabla de madera maciza de pino Lawson<\/strong>. Medidas: 115 mm de ancho, 27 mm de grosor y 2,50 metros de largo. Tabl\u00f3n de pino lawson canteado. Madera seca.<\/p>\n<p><strong>Tabla de madera natural de pino Lawson<\/strong>. Madera real en crudo. Tabla de madera barata para tus trabajos de bricolaje. Fabricaci\u00f3n de muebles de interior y jard\u00edn. A\u00f1ade un\u00a0<a href=\"https:\/\/www.garciavarona.com\/es\/69-servicios\" target=\"_blank\" rel=\"noopener\">tratamiento<\/a> para poder usar la tabla de pino Lawson en exterior. <a href=\"https:\/\/www.garciavarona.com\/es\/69-servicios\" target=\"_blank\" rel=\"noopener\">Consulta las opciones disponibles<\/a>.<\/p>\n<p>Tablero de pino Lawson macizo en una pieza de 11,5 cm de ancha y 2,50 metros de larga. Madera de pino barata. Tabla de madera econ\u00f3mica.<\/p>\n<p>Consulta precios especiales por paquete completo.<\/p>\n<h3>Usos para la tabla de pino Lawson<\/h3>\n<ul>\n<li>Bricolaje<\/li>\n<li>Carpinter\u00eda<\/li>\n<li>Manualidades<\/li>\n<li>Fabricaci\u00f3n de muebles<\/li>\n<li>Reparaciones<\/li>\n<li>Fabricaci\u00f3n de pallets<\/li>\n<\/ul>\n","protected":false},"excerpt":{"rendered":"<p>Tabla de pino lawson de 11,5 cm de ancho y 2,7 cm de grosor. Precio por unidad.<\/p>\n","protected":false},"featured_media":12223,"template":"","meta":[],"product_brand":[],"product_cat":[755,781],"product_tag":[1253,1254,1252,1251,1256,1249,1250,1255,1226],"class_list":{"0":"post-12226","1":"product","2":"type-product","3":"status-publish","4":"has-post-thumbnail","6":"product_cat-construccion","7":"product_cat-tabla-de-madera","8":"product_tag-madera-de-lawson","9":"product_tag-madera-para-construccion","10":"product_tag-pino-lawson","11":"product_tag-tabla-de-lawson","12":"product_tag-tabla-de-pino-lawson","13":"product_tag-tabla-lawson","14":"product_tag-tablon-lawson","15":"product_tag-tarima-de-lawson","16":"product_tag-tarima-de-pino","18":"first","19":"outofstock","20":"taxable","21":"shipping-taxable","22":"purchasable","23":"product-type-simple"},"yoast_head":"<!-- This site is optimized with the Yoast SEO plugin v27.3 - https:\/\/yoast.com\/product\/yoast-seo-wordpress\/ -->\n<title>Tabla de madera maciza de pino lawson de 11,50 cm de ancho y 2,50 m<\/title>\n<meta name=\"description\" content=\"Tabla de madera maciza de pino lawson de 11,50 cm de ancho y 2,50 m de largo. Tabl\u00f3n lawson canteado de 2,7 cm de grueso. Madera para construcci\u00f3n. Oferta stock\" \/>\n<meta name=\"robots\" content=\"index, follow, max-snippet:-1, max-image-preview:large, max-video-preview:-1\" \/>\n<link rel=\"canonical\" href=\"https:\/\/www.garciavarona.com\/en\/producto\/tabla-de-pino-lawson-115-mm-de-ancho\/\" \/>\n<meta property=\"og:locale\" content=\"en_US\" \/>\n<meta property=\"og:type\" content=\"article\" \/>\n<meta property=\"og:title\" content=\"Tabla de madera maciza de pino lawson de 11,50 cm de ancho y 2,50 m\" \/>\n<meta property=\"og:description\" content=\"Tabla de madera maciza de pino lawson de 11,50 cm de ancho y 2,50 m de largo. Tabl\u00f3n lawson canteado de 2,7 cm de grueso. Madera para construcci\u00f3n. Oferta stock\" \/>\n<meta property=\"og:url\" content=\"https:\/\/www.garciavarona.com\/en\/producto\/tabla-de-pino-lawson-115-mm-de-ancho\/\" \/>\n<meta property=\"og:site_name\" content=\"Maderas Garcia Varona\" \/>\n<meta property=\"article:publisher\" content=\"https:\/\/www.facebook.com\/maderasgarciavaronagrupo\" \/>\n<meta property=\"article:modified_time\" content=\"2022-11-23T14:58:13+00:00\" \/>\n<meta property=\"og:image\" content=\"https:\/\/www.garciavarona.com\/wp-content\/uploads\/2019\/10\/779-Tabla-de-pino-Lawson-115-mm-de-ancho.jpg\" \/>\n\t<meta property=\"og:image:width\" content=\"525\" \/>\n\t<meta property=\"og:image:height\" content=\"525\" \/>\n\t<meta property=\"og:image:type\" content=\"image\/jpeg\" \/>\n<meta name=\"twitter:card\" content=\"summary_large_image\" \/>\n<meta name=\"twitter:site\" content=\"@maderasvaronars\" \/>\n<meta name=\"twitter:label1\" content=\"Est. reading time\" \/>\n\t<meta name=\"twitter:data1\" content=\"1 minute\" \/>\n<script type=\"application\/ld+json\" class=\"yoast-schema-graph\">{\"@context\":\"https:\\\/\\\/schema.org\",\"@graph\":[{\"@type\":[\"WebPage\",\"ItemPage\"],\"@id\":\"https:\\\/\\\/www.garciavarona.com\\\/en\\\/producto\\\/tabla-de-pino-lawson-115-mm-de-ancho\\\/\",\"url\":\"https:\\\/\\\/www.garciavarona.com\\\/en\\\/producto\\\/tabla-de-pino-lawson-115-mm-de-ancho\\\/\",\"name\":\"Tabla de madera maciza de pino lawson de 11,50 cm de ancho y 2,50 m\",\"isPartOf\":{\"@id\":\"https:\\\/\\\/www.garciavarona.com\\\/en\\\/#website\"},\"primaryImageOfPage\":{\"@id\":\"https:\\\/\\\/www.garciavarona.com\\\/en\\\/producto\\\/tabla-de-pino-lawson-115-mm-de-ancho\\\/#primaryimage\"},\"image\":{\"@id\":\"https:\\\/\\\/www.garciavarona.com\\\/en\\\/producto\\\/tabla-de-pino-lawson-115-mm-de-ancho\\\/#primaryimage\"},\"thumbnailUrl\":\"https:\\\/\\\/www.garciavarona.com\\\/wp-content\\\/uploads\\\/2019\\\/10\\\/779-Tabla-de-pino-Lawson-115-mm-de-ancho.jpg\",\"datePublished\":\"2019-10-07T12:20:30+00:00\",\"dateModified\":\"2022-11-23T14:58:13+00:00\",\"description\":\"Tabla de madera maciza de pino lawson de 11,50 cm de ancho y 2,50 m de largo. Tabl\u00f3n lawson canteado de 2,7 cm de grueso. Madera para construcci\u00f3n. Oferta stock\",\"breadcrumb\":{\"@id\":\"https:\\\/\\\/www.garciavarona.com\\\/en\\\/producto\\\/tabla-de-pino-lawson-115-mm-de-ancho\\\/#breadcrumb\"},\"inLanguage\":\"en-US\",\"potentialAction\":[{\"@type\":\"ReadAction\",\"target\":[\"https:\\\/\\\/www.garciavarona.com\\\/en\\\/producto\\\/tabla-de-pino-lawson-115-mm-de-ancho\\\/\"]}]},{\"@type\":\"ImageObject\",\"inLanguage\":\"en-US\",\"@id\":\"https:\\\/\\\/www.garciavarona.com\\\/en\\\/producto\\\/tabla-de-pino-lawson-115-mm-de-ancho\\\/#primaryimage\",\"url\":\"https:\\\/\\\/www.garciavarona.com\\\/wp-content\\\/uploads\\\/2019\\\/10\\\/779-Tabla-de-pino-Lawson-115-mm-de-ancho.jpg\",\"contentUrl\":\"https:\\\/\\\/www.garciavarona.com\\\/wp-content\\\/uploads\\\/2019\\\/10\\\/779-Tabla-de-pino-Lawson-115-mm-de-ancho.jpg\",\"width\":525,\"height\":525,\"caption\":\"Tabla de pino Lawson 115 mm de ancho\"},{\"@type\":\"BreadcrumbList\",\"@id\":\"https:\\\/\\\/www.garciavarona.com\\\/en\\\/producto\\\/tabla-de-pino-lawson-115-mm-de-ancho\\\/#breadcrumb\",\"itemListElement\":[{\"@type\":\"ListItem\",\"position\":1,\"name\":\"Portada\",\"item\":\"https:\\\/\\\/www.garciavarona.com\\\/en\\\/\"},{\"@type\":\"ListItem\",\"position\":2,\"name\":\"Tienda Maderas Garc\u00eda Varona\",\"item\":\"https:\\\/\\\/www.garciavarona.com\\\/tienda\\\/\"},{\"@type\":\"ListItem\",\"position\":3,\"name\":\"Tabla de pino Lawson 115 mm de ancho\"}]},{\"@type\":\"WebSite\",\"@id\":\"https:\\\/\\\/www.garciavarona.com\\\/en\\\/#website\",\"url\":\"https:\\\/\\\/www.garciavarona.com\\\/en\\\/\",\"name\":\"Maderas Garcia Varona\",\"description\":\"Fabrica y Aserradero de Madera. Expertos en Madera\",\"publisher\":{\"@id\":\"https:\\\/\\\/www.garciavarona.com\\\/en\\\/#organization\"},\"potentialAction\":[{\"@type\":\"SearchAction\",\"target\":{\"@type\":\"EntryPoint\",\"urlTemplate\":\"https:\\\/\\\/www.garciavarona.com\\\/en\\\/?s={search_term_string}\"},\"query-input\":{\"@type\":\"PropertyValueSpecification\",\"valueRequired\":true,\"valueName\":\"search_term_string\"}}],\"inLanguage\":\"en-US\"},{\"@type\":\"Organization\",\"@id\":\"https:\\\/\\\/www.garciavarona.com\\\/en\\\/#organization\",\"name\":\"Maderas Garcia Varona\",\"url\":\"https:\\\/\\\/www.garciavarona.com\\\/en\\\/\",\"logo\":{\"@type\":\"ImageObject\",\"inLanguage\":\"en-US\",\"@id\":\"https:\\\/\\\/www.garciavarona.com\\\/en\\\/#\\\/schema\\\/logo\\\/image\\\/\",\"url\":\"https:\\\/\\\/www.garciavarona.com\\\/wp-content\\\/uploads\\\/2022\\\/06\\\/logoGarciaVarona.svg\",\"contentUrl\":\"https:\\\/\\\/www.garciavarona.com\\\/wp-content\\\/uploads\\\/2022\\\/06\\\/logoGarciaVarona.svg\",\"width\":1020,\"height\":200,\"caption\":\"Maderas Garcia Varona\"},\"image\":{\"@id\":\"https:\\\/\\\/www.garciavarona.com\\\/en\\\/#\\\/schema\\\/logo\\\/image\\\/\"},\"sameAs\":[\"https:\\\/\\\/www.facebook.com\\\/maderasgarciavaronagrupo\",\"https:\\\/\\\/x.com\\\/maderasvaronars\",\"https:\\\/\\\/www.instagram.com\\\/maderasgarciavarona\\\/\",\"https:\\\/\\\/www.linkedin.com\\\/company\\\/maderas-garcia-varona\\\/\",\"https:\\\/\\\/www.youtube.com\\\/channel\\\/UCGUEME06N_h66pB2coJC83w\\\/featured\"]}]}<\/script>\n<!-- \/ Yoast SEO plugin. -->","yoast_head_json":{"title":"Tabla de madera maciza de pino lawson de 11,50 cm de ancho y 2,50 m","description":"Tabla de madera maciza de pino lawson de 11,50 cm de ancho y 2,50 m de largo. Tabl\u00f3n lawson canteado de 2,7 cm de grueso. Madera para construcci\u00f3n. Oferta stock","robots":{"index":"index","follow":"follow","max-snippet":"max-snippet:-1","max-image-preview":"max-image-preview:large","max-video-preview":"max-video-preview:-1"},"canonical":"https:\/\/www.garciavarona.com\/en\/producto\/tabla-de-pino-lawson-115-mm-de-ancho\/","og_locale":"en_US","og_type":"article","og_title":"Tabla de madera maciza de pino lawson de 11,50 cm de ancho y 2,50 m","og_description":"Tabla de madera maciza de pino lawson de 11,50 cm de ancho y 2,50 m de largo. Tabl\u00f3n lawson canteado de 2,7 cm de grueso. Madera para construcci\u00f3n. Oferta stock","og_url":"https:\/\/www.garciavarona.com\/en\/producto\/tabla-de-pino-lawson-115-mm-de-ancho\/","og_site_name":"Maderas Garcia Varona","article_publisher":"https:\/\/www.facebook.com\/maderasgarciavaronagrupo","article_modified_time":"2022-11-23T14:58:13+00:00","og_image":[{"width":525,"height":525,"url":"https:\/\/www.garciavarona.com\/wp-content\/uploads\/2019\/10\/779-Tabla-de-pino-Lawson-115-mm-de-ancho.jpg","type":"image\/jpeg"}],"twitter_card":"summary_large_image","twitter_site":"@maderasvaronars","twitter_misc":{"Est. reading time":"1 minute"},"schema":{"@context":"https:\/\/schema.org","@graph":[{"@type":["WebPage","ItemPage"],"@id":"https:\/\/www.garciavarona.com\/en\/producto\/tabla-de-pino-lawson-115-mm-de-ancho\/","url":"https:\/\/www.garciavarona.com\/en\/producto\/tabla-de-pino-lawson-115-mm-de-ancho\/","name":"Tabla de madera maciza de pino lawson de 11,50 cm de ancho y 2,50 m","isPartOf":{"@id":"https:\/\/www.garciavarona.com\/en\/#website"},"primaryImageOfPage":{"@id":"https:\/\/www.garciavarona.com\/en\/producto\/tabla-de-pino-lawson-115-mm-de-ancho\/#primaryimage"},"image":{"@id":"https:\/\/www.garciavarona.com\/en\/producto\/tabla-de-pino-lawson-115-mm-de-ancho\/#primaryimage"},"thumbnailUrl":"https:\/\/www.garciavarona.com\/wp-content\/uploads\/2019\/10\/779-Tabla-de-pino-Lawson-115-mm-de-ancho.jpg","datePublished":"2019-10-07T12:20:30+00:00","dateModified":"2022-11-23T14:58:13+00:00","description":"Tabla de madera maciza de pino lawson de 11,50 cm de ancho y 2,50 m de largo. Tabl\u00f3n lawson canteado de 2,7 cm de grueso. Madera para construcci\u00f3n. Oferta stock","breadcrumb":{"@id":"https:\/\/www.garciavarona.com\/en\/producto\/tabla-de-pino-lawson-115-mm-de-ancho\/#breadcrumb"},"inLanguage":"en-US","potentialAction":[{"@type":"ReadAction","target":["https:\/\/www.garciavarona.com\/en\/producto\/tabla-de-pino-lawson-115-mm-de-ancho\/"]}]},{"@type":"ImageObject","inLanguage":"en-US","@id":"https:\/\/www.garciavarona.com\/en\/producto\/tabla-de-pino-lawson-115-mm-de-ancho\/#primaryimage","url":"https:\/\/www.garciavarona.com\/wp-content\/uploads\/2019\/10\/779-Tabla-de-pino-Lawson-115-mm-de-ancho.jpg","contentUrl":"https:\/\/www.garciavarona.com\/wp-content\/uploads\/2019\/10\/779-Tabla-de-pino-Lawson-115-mm-de-ancho.jpg","width":525,"height":525,"caption":"Tabla de pino Lawson 115 mm de ancho"},{"@type":"BreadcrumbList","@id":"https:\/\/www.garciavarona.com\/en\/producto\/tabla-de-pino-lawson-115-mm-de-ancho\/#breadcrumb","itemListElement":[{"@type":"ListItem","position":1,"name":"Portada","item":"https:\/\/www.garciavarona.com\/en\/"},{"@type":"ListItem","position":2,"name":"Tienda Maderas Garc\u00eda Varona","item":"https:\/\/www.garciavarona.com\/tienda\/"},{"@type":"ListItem","position":3,"name":"Tabla de pino Lawson 115 mm de ancho"}]},{"@type":"WebSite","@id":"https:\/\/www.garciavarona.com\/en\/#website","url":"https:\/\/www.garciavarona.com\/en\/","name":"Maderas Garcia Varona","description":"Fabrica y Aserradero de Madera. Expertos en Madera","publisher":{"@id":"https:\/\/www.garciavarona.com\/en\/#organization"},"potentialAction":[{"@type":"SearchAction","target":{"@type":"EntryPoint","urlTemplate":"https:\/\/www.garciavarona.com\/en\/?s={search_term_string}"},"query-input":{"@type":"PropertyValueSpecification","valueRequired":true,"valueName":"search_term_string"}}],"inLanguage":"en-US"},{"@type":"Organization","@id":"https:\/\/www.garciavarona.com\/en\/#organization","name":"Maderas Garcia Varona","url":"https:\/\/www.garciavarona.com\/en\/","logo":{"@type":"ImageObject","inLanguage":"en-US","@id":"https:\/\/www.garciavarona.com\/en\/#\/schema\/logo\/image\/","url":"https:\/\/www.garciavarona.com\/wp-content\/uploads\/2022\/06\/logoGarciaVarona.svg","contentUrl":"https:\/\/www.garciavarona.com\/wp-content\/uploads\/2022\/06\/logoGarciaVarona.svg","width":1020,"height":200,"caption":"Maderas Garcia Varona"},"image":{"@id":"https:\/\/www.garciavarona.com\/en\/#\/schema\/logo\/image\/"},"sameAs":["https:\/\/www.facebook.com\/maderasgarciavaronagrupo","https:\/\/x.com\/maderasvaronars","https:\/\/www.instagram.com\/maderasgarciavarona\/","https:\/\/www.linkedin.com\/company\/maderas-garcia-varona\/","https:\/\/www.youtube.com\/channel\/UCGUEME06N_h66pB2coJC83w\/featured"]}]}},"_links":{"self":[{"href":"https:\/\/www.garciavarona.com\/en\/wp-json\/wp\/v2\/product\/12226","targetHints":{"allow":["GET"]}}],"collection":[{"href":"https:\/\/www.garciavarona.com\/en\/wp-json\/wp\/v2\/product"}],"about":[{"href":"https:\/\/www.garciavarona.com\/en\/wp-json\/wp\/v2\/types\/product"}],"version-history":[{"count":2,"href":"https:\/\/www.garciavarona.com\/en\/wp-json\/wp\/v2\/product\/12226\/revisions"}],"predecessor-version":[{"id":18105,"href":"https:\/\/www.garciavarona.com\/en\/wp-json\/wp\/v2\/product\/12226\/revisions\/18105"}],"wp:featuredmedia":[{"embeddable":true,"href":"https:\/\/www.garciavarona.com\/en\/wp-json\/wp\/v2\/media\/12223"}],"wp:attachment":[{"href":"https:\/\/www.garciavarona.com\/en\/wp-json\/wp\/v2\/media?parent=12226"}],"wp:term":[{"taxonomy":"product_brand","embeddable":true,"href":"https:\/\/www.garciavarona.com\/en\/wp-json\/wp\/v2\/product_brand?post=12226"},{"taxonomy":"product_cat","embeddable":true,"href":"https:\/\/www.garciavarona.com\/en\/wp-json\/wp\/v2\/product_cat?post=12226"},{"taxonomy":"product_tag","embeddable":true,"href":"https:\/\/www.garciavarona.com\/en\/wp-json\/wp\/v2\/product_tag?post=12226"}],"curies":[{"name":"wp","href":"https:\/\/api.w.org\/{rel}","templated":true}]}}