{"id":12252,"date":"2019-10-14T10:00:23","date_gmt":"2019-10-14T10:00:23","guid":{"rendered":"https:\/\/pruebas.garciavarona.com\/producto\/tarima-de-madera-de-roble-europeo-para-paredes-y-techos\/"},"modified":"2025-02-27T07:04:06","modified_gmt":"2025-02-27T07:04:06","slug":"tarima-de-madera-de-roble-europeo-para-paredes-y-techos","status":"publish","type":"product","link":"https:\/\/www.garciavarona.com\/en\/producto\/tarima-de-madera-de-roble-europeo-para-paredes-y-techos\/","title":{"rendered":"Tarima de madera de roble europeo para paredes y techos 70 mm de ancho perfil GB21"},"content":{"rendered":"<p><strong>Tarima para cubiertas y paredes<\/strong> fabricada con roble europeo 100%, una especie de gran dureza y durabilidad natural. Finwall con tratamiento autoclave CU3 incluido. Largo 2.000 mm. Uni\u00f3n finger. Perfil GB21. Para colocar con grapa.<\/p>\n<p>Precio por m2. Consultar descuento a partir de 25 m2. Oferta especial por lote completo o m\u00e1s de 100 m2.<\/p>\n<h2>Ficha t\u00e9cnica Tarima para cubiertas y paredes<\/h2>\n<table border=\"1\" cellpadding=\"5\">\n<tbody>\n<tr>\n<td><strong>Descripci\u00f3n<\/strong><\/td>\n<td>Tabla de roble 100% fabricada para interior y exterior. Perfil fabricado con tabla unida en finger, que proporciona una mayor estabilidad.<\/td>\n<\/tr>\n<tr>\n<td><strong>Largos<\/strong><\/td>\n<td>2.000 mm<\/td>\n<\/tr>\n<tr>\n<td><strong>Calidad<\/strong><\/td>\n<td>Im<\/td>\n<\/tr>\n<tr>\n<td><strong>Espesor<\/strong><\/td>\n<td>19 mm<\/td>\n<\/tr>\n<tr>\n<td><strong>Colocaci\u00f3n<\/strong><\/td>\n<td>En interior y exterior, cubiertas y paredes. Para colocar con grapa.<\/td>\n<\/tr>\n<tr>\n<td><strong>Tratamiento<\/strong><\/td>\n<td>Autoclave CU3 incluido<\/td>\n<\/tr>\n<tr>\n<td><strong>Biseles<\/strong><\/td>\n<td>Go2<\/td>\n<\/tr>\n<\/tbody>\n<\/table>\n<p>&nbsp;<\/p>\n<h2><strong>Memoria de calidades<\/strong><\/h2>\n<table border=\"1\" cellpadding=\"5\">\n<tbody>\n<tr>\n<td>Memoria de Calidades<\/td>\n<td>C\u00d3DIGO<\/td>\n<td>MATICES NATURALES DE COLOR<\/td>\n<td>ALBURA<\/td>\n<td>NUDOS<\/td>\n<td>GRIETAS<\/td>\n<td>PICADURAS<\/td>\n<\/tr>\n<tr>\n<td>IMPERIAL<\/td>\n<td>Im<\/td>\n<td>Cara: Posibles variaciones de color. Espejuelo e hilo coraz\u00f3n permitido.<\/td>\n<td>Cara: Admisible.<\/td>\n<td>Cara: Decorativos, sin limite de tama\u00f1o y color, masillados.<\/td>\n<td>Cara: Masilladas.<\/td>\n<td>Cara: Perforaciones de insecto espor\u00e1dicas, masilladas.<\/td>\n<\/tr>\n<tr>\n<td colspan=\"7\">Contracara: Se admiten todas las singularidades posibles sin limitaci\u00f3n de tama\u00f1o o cantidad, siempre que no disminuyan la resistencia o la resistencia al desgaste del parqu\u00e9. Se admite la albura desde la contracara, hasta la parte superior de la leng\u00fceta sin considerar las limitaciones establecidas para la cara. Posibles picaduras.<\/td>\n<\/tr>\n<\/tbody>\n<\/table>\n","protected":false},"excerpt":{"rendered":"<p>Finwall macizo de roble de 7 cm de ancho y 1,9 cm de grueso. Precio por m2.<\/p>\n","protected":false},"featured_media":12248,"template":"","meta":[],"product_brand":[],"product_cat":[796,758,752,764,798,799],"product_tag":[1125,1126,1123,1122,1124],"class_list":{"0":"post-12252","1":"product","2":"type-product","3":"status-publish","4":"has-post-thumbnail","6":"product_cat-fachadas-de-madera","7":"product_cat-tarima-madera-interior","8":"product_cat-tarimas","9":"product_cat-tarima-madera-exterior","10":"product_cat-cubiertas-de-madera-interior","11":"product_cat-paredes","12":"product_tag-madera-exterior","13":"product_tag-suelo-de-madera-exterior","14":"product_tag-tarima-de-madera","15":"product_tag-tarima-de-roble","16":"product_tag-tarima-para-exterior","17":"pa_bisel_tarima_interior-go2","18":"pa_calidad-imperial","19":"pa_grueso-19mm","20":"pa_perfil_tarima-gb21","21":"pa_sistema_resaltado_veta-sinsrv","23":"first","24":"instock","25":"taxable","26":"shipping-taxable","27":"purchasable","28":"product-type-variable","29":"has-default-attributes"},"yoast_head":"<!-- This site is optimized with the Yoast SEO plugin v27.3 - https:\/\/yoast.com\/product\/yoast-seo-wordpress\/ -->\n<title>Tarima para cubiertas y paredes de roble europeo 7 cm de ancho<\/title>\n<meta name=\"description\" content=\"Tarima para cubiertas y paredes de madera de roble europeo 7 cm de ancho. Incluido tratamiento CU3. Uni\u00f3n finger. Finwall de 1,9 cm y largo 2 m.\" \/>\n<meta name=\"robots\" content=\"index, follow, max-snippet:-1, max-image-preview:large, max-video-preview:-1\" \/>\n<link rel=\"canonical\" href=\"https:\/\/www.garciavarona.com\/en\/producto\/tarima-de-madera-de-roble-europeo-para-paredes-y-techos\/\" \/>\n<meta property=\"og:locale\" content=\"en_US\" \/>\n<meta property=\"og:type\" content=\"article\" \/>\n<meta property=\"og:title\" content=\"Tarima para cubiertas y paredes de roble europeo 7 cm de ancho\" \/>\n<meta property=\"og:description\" content=\"Tarima para cubiertas y paredes de madera de roble europeo 7 cm de ancho. Incluido tratamiento CU3. Uni\u00f3n finger. Finwall de 1,9 cm y largo 2 m.\" \/>\n<meta property=\"og:url\" content=\"https:\/\/www.garciavarona.com\/en\/producto\/tarima-de-madera-de-roble-europeo-para-paredes-y-techos\/\" \/>\n<meta property=\"og:site_name\" content=\"Maderas Garcia Varona\" \/>\n<meta property=\"article:publisher\" content=\"https:\/\/www.facebook.com\/maderasgarciavaronagrupo\" \/>\n<meta property=\"article:modified_time\" content=\"2025-02-27T07:04:06+00:00\" \/>\n<meta property=\"og:image\" content=\"https:\/\/www.garciavarona.com\/wp-content\/uploads\/2019\/10\/805-Tarima-de-roble-europeo-para-paredes-y-techos-70-mm-de-ancho-perfil-GB21.jpg\" \/>\n\t<meta property=\"og:image:width\" content=\"525\" \/>\n\t<meta property=\"og:image:height\" content=\"525\" \/>\n\t<meta property=\"og:image:type\" content=\"image\/jpeg\" \/>\n<meta name=\"twitter:card\" content=\"summary_large_image\" \/>\n<meta name=\"twitter:site\" content=\"@maderasvaronars\" \/>\n<meta name=\"twitter:label1\" content=\"Est. reading time\" \/>\n\t<meta name=\"twitter:data1\" content=\"2 minutes\" \/>\n<script type=\"application\/ld+json\" class=\"yoast-schema-graph\">{\"@context\":\"https:\\\/\\\/schema.org\",\"@graph\":[{\"@type\":[\"WebPage\",\"ItemPage\"],\"@id\":\"https:\\\/\\\/www.garciavarona.com\\\/en\\\/producto\\\/tarima-de-madera-de-roble-europeo-para-paredes-y-techos\\\/\",\"url\":\"https:\\\/\\\/www.garciavarona.com\\\/en\\\/producto\\\/tarima-de-madera-de-roble-europeo-para-paredes-y-techos\\\/\",\"name\":\"Tarima para cubiertas y paredes de roble europeo 7 cm de ancho\",\"isPartOf\":{\"@id\":\"https:\\\/\\\/www.garciavarona.com\\\/en\\\/#website\"},\"primaryImageOfPage\":{\"@id\":\"https:\\\/\\\/www.garciavarona.com\\\/en\\\/producto\\\/tarima-de-madera-de-roble-europeo-para-paredes-y-techos\\\/#primaryimage\"},\"image\":{\"@id\":\"https:\\\/\\\/www.garciavarona.com\\\/en\\\/producto\\\/tarima-de-madera-de-roble-europeo-para-paredes-y-techos\\\/#primaryimage\"},\"thumbnailUrl\":\"https:\\\/\\\/www.garciavarona.com\\\/wp-content\\\/uploads\\\/2019\\\/10\\\/805-Tarima-de-roble-europeo-para-paredes-y-techos-70-mm-de-ancho-perfil-GB21.jpg\",\"datePublished\":\"2019-10-14T10:00:23+00:00\",\"dateModified\":\"2025-02-27T07:04:06+00:00\",\"description\":\"Tarima para cubiertas y paredes de madera de roble europeo 7 cm de ancho. Incluido tratamiento CU3. Uni\u00f3n finger. Finwall de 1,9 cm y largo 2 m.\",\"breadcrumb\":{\"@id\":\"https:\\\/\\\/www.garciavarona.com\\\/en\\\/producto\\\/tarima-de-madera-de-roble-europeo-para-paredes-y-techos\\\/#breadcrumb\"},\"inLanguage\":\"en-US\",\"potentialAction\":[{\"@type\":\"ReadAction\",\"target\":[\"https:\\\/\\\/www.garciavarona.com\\\/en\\\/producto\\\/tarima-de-madera-de-roble-europeo-para-paredes-y-techos\\\/\"]}]},{\"@type\":\"ImageObject\",\"inLanguage\":\"en-US\",\"@id\":\"https:\\\/\\\/www.garciavarona.com\\\/en\\\/producto\\\/tarima-de-madera-de-roble-europeo-para-paredes-y-techos\\\/#primaryimage\",\"url\":\"https:\\\/\\\/www.garciavarona.com\\\/wp-content\\\/uploads\\\/2019\\\/10\\\/805-Tarima-de-roble-europeo-para-paredes-y-techos-70-mm-de-ancho-perfil-GB21.jpg\",\"contentUrl\":\"https:\\\/\\\/www.garciavarona.com\\\/wp-content\\\/uploads\\\/2019\\\/10\\\/805-Tarima-de-roble-europeo-para-paredes-y-techos-70-mm-de-ancho-perfil-GB21.jpg\",\"width\":525,\"height\":525,\"caption\":\"Tarima de roble europeo para paredes y techos 70 mm de ancho perfil GB21\"},{\"@type\":\"BreadcrumbList\",\"@id\":\"https:\\\/\\\/www.garciavarona.com\\\/en\\\/producto\\\/tarima-de-madera-de-roble-europeo-para-paredes-y-techos\\\/#breadcrumb\",\"itemListElement\":[{\"@type\":\"ListItem\",\"position\":1,\"name\":\"Portada\",\"item\":\"https:\\\/\\\/www.garciavarona.com\\\/en\\\/\"},{\"@type\":\"ListItem\",\"position\":2,\"name\":\"Tienda Maderas Garc\u00eda Varona\",\"item\":\"https:\\\/\\\/www.garciavarona.com\\\/tienda\\\/\"},{\"@type\":\"ListItem\",\"position\":3,\"name\":\"Tarima de madera de roble europeo para paredes y techos 70 mm de ancho perfil GB21\"}]},{\"@type\":\"WebSite\",\"@id\":\"https:\\\/\\\/www.garciavarona.com\\\/en\\\/#website\",\"url\":\"https:\\\/\\\/www.garciavarona.com\\\/en\\\/\",\"name\":\"Maderas Garcia Varona\",\"description\":\"Fabrica y Aserradero de Madera. Expertos en Madera\",\"publisher\":{\"@id\":\"https:\\\/\\\/www.garciavarona.com\\\/en\\\/#organization\"},\"potentialAction\":[{\"@type\":\"SearchAction\",\"target\":{\"@type\":\"EntryPoint\",\"urlTemplate\":\"https:\\\/\\\/www.garciavarona.com\\\/en\\\/?s={search_term_string}\"},\"query-input\":{\"@type\":\"PropertyValueSpecification\",\"valueRequired\":true,\"valueName\":\"search_term_string\"}}],\"inLanguage\":\"en-US\"},{\"@type\":\"Organization\",\"@id\":\"https:\\\/\\\/www.garciavarona.com\\\/en\\\/#organization\",\"name\":\"Maderas Garcia Varona\",\"url\":\"https:\\\/\\\/www.garciavarona.com\\\/en\\\/\",\"logo\":{\"@type\":\"ImageObject\",\"inLanguage\":\"en-US\",\"@id\":\"https:\\\/\\\/www.garciavarona.com\\\/en\\\/#\\\/schema\\\/logo\\\/image\\\/\",\"url\":\"https:\\\/\\\/www.garciavarona.com\\\/wp-content\\\/uploads\\\/2022\\\/06\\\/logoGarciaVarona.svg\",\"contentUrl\":\"https:\\\/\\\/www.garciavarona.com\\\/wp-content\\\/uploads\\\/2022\\\/06\\\/logoGarciaVarona.svg\",\"width\":1020,\"height\":200,\"caption\":\"Maderas Garcia Varona\"},\"image\":{\"@id\":\"https:\\\/\\\/www.garciavarona.com\\\/en\\\/#\\\/schema\\\/logo\\\/image\\\/\"},\"sameAs\":[\"https:\\\/\\\/www.facebook.com\\\/maderasgarciavaronagrupo\",\"https:\\\/\\\/x.com\\\/maderasvaronars\",\"https:\\\/\\\/www.instagram.com\\\/maderasgarciavarona\\\/\",\"https:\\\/\\\/www.linkedin.com\\\/company\\\/maderas-garcia-varona\\\/\",\"https:\\\/\\\/www.youtube.com\\\/channel\\\/UCGUEME06N_h66pB2coJC83w\\\/featured\"]}]}<\/script>\n<!-- \/ Yoast SEO plugin. -->","yoast_head_json":{"title":"Tarima para cubiertas y paredes de roble europeo 7 cm de ancho","description":"Tarima para cubiertas y paredes de madera de roble europeo 7 cm de ancho. Incluido tratamiento CU3. Uni\u00f3n finger. Finwall de 1,9 cm y largo 2 m.","robots":{"index":"index","follow":"follow","max-snippet":"max-snippet:-1","max-image-preview":"max-image-preview:large","max-video-preview":"max-video-preview:-1"},"canonical":"https:\/\/www.garciavarona.com\/en\/producto\/tarima-de-madera-de-roble-europeo-para-paredes-y-techos\/","og_locale":"en_US","og_type":"article","og_title":"Tarima para cubiertas y paredes de roble europeo 7 cm de ancho","og_description":"Tarima para cubiertas y paredes de madera de roble europeo 7 cm de ancho. Incluido tratamiento CU3. Uni\u00f3n finger. Finwall de 1,9 cm y largo 2 m.","og_url":"https:\/\/www.garciavarona.com\/en\/producto\/tarima-de-madera-de-roble-europeo-para-paredes-y-techos\/","og_site_name":"Maderas Garcia Varona","article_publisher":"https:\/\/www.facebook.com\/maderasgarciavaronagrupo","article_modified_time":"2025-02-27T07:04:06+00:00","og_image":[{"width":525,"height":525,"url":"https:\/\/www.garciavarona.com\/wp-content\/uploads\/2019\/10\/805-Tarima-de-roble-europeo-para-paredes-y-techos-70-mm-de-ancho-perfil-GB21.jpg","type":"image\/jpeg"}],"twitter_card":"summary_large_image","twitter_site":"@maderasvaronars","twitter_misc":{"Est. reading time":"2 minutes"},"schema":{"@context":"https:\/\/schema.org","@graph":[{"@type":["WebPage","ItemPage"],"@id":"https:\/\/www.garciavarona.com\/en\/producto\/tarima-de-madera-de-roble-europeo-para-paredes-y-techos\/","url":"https:\/\/www.garciavarona.com\/en\/producto\/tarima-de-madera-de-roble-europeo-para-paredes-y-techos\/","name":"Tarima para cubiertas y paredes de roble europeo 7 cm de ancho","isPartOf":{"@id":"https:\/\/www.garciavarona.com\/en\/#website"},"primaryImageOfPage":{"@id":"https:\/\/www.garciavarona.com\/en\/producto\/tarima-de-madera-de-roble-europeo-para-paredes-y-techos\/#primaryimage"},"image":{"@id":"https:\/\/www.garciavarona.com\/en\/producto\/tarima-de-madera-de-roble-europeo-para-paredes-y-techos\/#primaryimage"},"thumbnailUrl":"https:\/\/www.garciavarona.com\/wp-content\/uploads\/2019\/10\/805-Tarima-de-roble-europeo-para-paredes-y-techos-70-mm-de-ancho-perfil-GB21.jpg","datePublished":"2019-10-14T10:00:23+00:00","dateModified":"2025-02-27T07:04:06+00:00","description":"Tarima para cubiertas y paredes de madera de roble europeo 7 cm de ancho. Incluido tratamiento CU3. Uni\u00f3n finger. Finwall de 1,9 cm y largo 2 m.","breadcrumb":{"@id":"https:\/\/www.garciavarona.com\/en\/producto\/tarima-de-madera-de-roble-europeo-para-paredes-y-techos\/#breadcrumb"},"inLanguage":"en-US","potentialAction":[{"@type":"ReadAction","target":["https:\/\/www.garciavarona.com\/en\/producto\/tarima-de-madera-de-roble-europeo-para-paredes-y-techos\/"]}]},{"@type":"ImageObject","inLanguage":"en-US","@id":"https:\/\/www.garciavarona.com\/en\/producto\/tarima-de-madera-de-roble-europeo-para-paredes-y-techos\/#primaryimage","url":"https:\/\/www.garciavarona.com\/wp-content\/uploads\/2019\/10\/805-Tarima-de-roble-europeo-para-paredes-y-techos-70-mm-de-ancho-perfil-GB21.jpg","contentUrl":"https:\/\/www.garciavarona.com\/wp-content\/uploads\/2019\/10\/805-Tarima-de-roble-europeo-para-paredes-y-techos-70-mm-de-ancho-perfil-GB21.jpg","width":525,"height":525,"caption":"Tarima de roble europeo para paredes y techos 70 mm de ancho perfil GB21"},{"@type":"BreadcrumbList","@id":"https:\/\/www.garciavarona.com\/en\/producto\/tarima-de-madera-de-roble-europeo-para-paredes-y-techos\/#breadcrumb","itemListElement":[{"@type":"ListItem","position":1,"name":"Portada","item":"https:\/\/www.garciavarona.com\/en\/"},{"@type":"ListItem","position":2,"name":"Tienda Maderas Garc\u00eda Varona","item":"https:\/\/www.garciavarona.com\/tienda\/"},{"@type":"ListItem","position":3,"name":"Tarima de madera de roble europeo para paredes y techos 70 mm de ancho perfil GB21"}]},{"@type":"WebSite","@id":"https:\/\/www.garciavarona.com\/en\/#website","url":"https:\/\/www.garciavarona.com\/en\/","name":"Maderas Garcia Varona","description":"Fabrica y Aserradero de Madera. Expertos en Madera","publisher":{"@id":"https:\/\/www.garciavarona.com\/en\/#organization"},"potentialAction":[{"@type":"SearchAction","target":{"@type":"EntryPoint","urlTemplate":"https:\/\/www.garciavarona.com\/en\/?s={search_term_string}"},"query-input":{"@type":"PropertyValueSpecification","valueRequired":true,"valueName":"search_term_string"}}],"inLanguage":"en-US"},{"@type":"Organization","@id":"https:\/\/www.garciavarona.com\/en\/#organization","name":"Maderas Garcia Varona","url":"https:\/\/www.garciavarona.com\/en\/","logo":{"@type":"ImageObject","inLanguage":"en-US","@id":"https:\/\/www.garciavarona.com\/en\/#\/schema\/logo\/image\/","url":"https:\/\/www.garciavarona.com\/wp-content\/uploads\/2022\/06\/logoGarciaVarona.svg","contentUrl":"https:\/\/www.garciavarona.com\/wp-content\/uploads\/2022\/06\/logoGarciaVarona.svg","width":1020,"height":200,"caption":"Maderas Garcia Varona"},"image":{"@id":"https:\/\/www.garciavarona.com\/en\/#\/schema\/logo\/image\/"},"sameAs":["https:\/\/www.facebook.com\/maderasgarciavaronagrupo","https:\/\/x.com\/maderasvaronars","https:\/\/www.instagram.com\/maderasgarciavarona\/","https:\/\/www.linkedin.com\/company\/maderas-garcia-varona\/","https:\/\/www.youtube.com\/channel\/UCGUEME06N_h66pB2coJC83w\/featured"]}]}},"_links":{"self":[{"href":"https:\/\/www.garciavarona.com\/en\/wp-json\/wp\/v2\/product\/12252","targetHints":{"allow":["GET"]}}],"collection":[{"href":"https:\/\/www.garciavarona.com\/en\/wp-json\/wp\/v2\/product"}],"about":[{"href":"https:\/\/www.garciavarona.com\/en\/wp-json\/wp\/v2\/types\/product"}],"version-history":[{"count":3,"href":"https:\/\/www.garciavarona.com\/en\/wp-json\/wp\/v2\/product\/12252\/revisions"}],"predecessor-version":[{"id":15081,"href":"https:\/\/www.garciavarona.com\/en\/wp-json\/wp\/v2\/product\/12252\/revisions\/15081"}],"wp:featuredmedia":[{"embeddable":true,"href":"https:\/\/www.garciavarona.com\/en\/wp-json\/wp\/v2\/media\/12248"}],"wp:attachment":[{"href":"https:\/\/www.garciavarona.com\/en\/wp-json\/wp\/v2\/media?parent=12252"}],"wp:term":[{"taxonomy":"product_brand","embeddable":true,"href":"https:\/\/www.garciavarona.com\/en\/wp-json\/wp\/v2\/product_brand?post=12252"},{"taxonomy":"product_cat","embeddable":true,"href":"https:\/\/www.garciavarona.com\/en\/wp-json\/wp\/v2\/product_cat?post=12252"},{"taxonomy":"product_tag","embeddable":true,"href":"https:\/\/www.garciavarona.com\/en\/wp-json\/wp\/v2\/product_tag?post=12252"}],"curies":[{"name":"wp","href":"https:\/\/api.w.org\/{rel}","templated":true}]}}