{"id":12337,"date":"2019-11-29T10:47:54","date_gmt":"2019-11-29T10:47:54","guid":{"rendered":"https:\/\/pruebas.garciavarona.com\/producto\/rodapie-de-roble-macizo-11-cm-de-ancho\/"},"modified":"2024-03-20T14:19:54","modified_gmt":"2024-03-20T14:19:54","slug":"rodapie-de-roble-macizo","status":"publish","type":"product","link":"https:\/\/www.garciavarona.com\/en\/producto\/rodapie-de-roble-macizo\/","title":{"rendered":"Rodapie de roble macizo"},"content":{"rendered":"<p>Rodapi\u00e9 de roble macizo calidad Imperial con tratamiento Clase de Uso 3 incluido. Z\u00f3calo de roble macizo de 110 mm de ancho, 15 mm de grueso y de 1.000 a 2.500 mm de largo. Perfil referencia 81.<\/p>\n<p>Disponible crudo (sin acabado), para dar acabado final en obra. Color natural del roble. Moldura de madera de roble macizo para colocar en la base de las paredes. Sirve como protector de las paredes frente a golpes y roces.<\/p>\n<p><strong>PEDIDO M\u00cdNIMO 50 metros lineales<\/strong>. Consultar plazo de entrega.<\/p>\n<p><strong>Memoria de calidades<\/strong><\/p>\n<table border=\"1\" cellpadding=\"5\">\n<tbody>\n<tr>\n<td>Memoria de Calidades<\/td>\n<td>C\u00d3DIGO<\/td>\n<td>MATICES NATURALES DE COLOR<\/td>\n<td>ALBURA<\/td>\n<td>NUDOS<\/td>\n<td>GRIETAS<\/td>\n<td>PICADURAS<\/td>\n<\/tr>\n<tr>\n<td>IMPERIAL<\/td>\n<td>Im<\/td>\n<td>Cara: Posibles variaciones de color. Espejuelo e hilo coraz\u00f3n permitido.<\/td>\n<td>Cara: Admisible<\/td>\n<td>Cara: Decorativos, sin limite de tama\u00f1o y color, masillados.<\/td>\n<td>Cara: Masillados<\/td>\n<td>Cara: Perforaciones de insecto espor\u00e1dicas, masilladas.<\/td>\n<\/tr>\n<tr>\n<td colspan=\"7\">Contracara: Se admiten todas las singularidades posibles sin limitaci\u00f3n de tama\u00f1o o cantidad, siempre que no disminuyan la resistencia o la resistencia al desgaste del parqu\u00e9. Se admite la albura desde la contracara, hasta la parte superior de la leng\u00fceta sin considerar las limitaciones establecidas para la cara. Posibles picaduras.<\/td>\n<\/tr>\n<\/tbody>\n<\/table>\n<p>* Pueden aparecer un peque\u00f1o porcentaje de diferencias debido a error humano en la clasificaci\u00f3n. Para cualquier aclaraci\u00f3n, no dude en <a href=\"https:\/\/www.garciavarona.com\/contactar\/\">consultarnos<\/a> la descripci\u00f3n de la calidad.<\/p>\n","protected":false},"excerpt":{"rendered":"<p>Rodapi\u00e9 de roble macizo calidad Imperial con tratamiento autoclave CU3. Precio por metro lineal<\/p>\n<p>Elija los metros lineales que necesita para su proyecto y nuestro equipo adaptar\u00e1 su pedido con las piezas necesarias en largos de 1.000 a 2.500 mm.<\/p>\n<p>Este producto se encuentra bajo pedido, consulte los plazos de entrega.<\/p>\n","protected":false},"featured_media":12336,"template":"","meta":[],"product_brand":[],"product_cat":[758,752,800],"product_tag":[],"class_list":{"0":"post-12337","1":"product","2":"type-product","3":"status-publish","4":"has-post-thumbnail","6":"product_cat-tarima-madera-interior","7":"product_cat-tarimas","8":"product_cat-suelos","9":"pa_calidad-imperial","10":"pa_grueso-15mm","11":"pa_largo-de-1-000-a-2-500-mm","12":"pa_perfil_rodapie-946","14":"first","15":"outofstock","16":"taxable","17":"shipping-taxable","18":"product-type-variable"},"yoast_head":"<!-- This site is optimized with the Yoast SEO plugin v27.3 - https:\/\/yoast.com\/product\/yoast-seo-wordpress\/ -->\n<title>Rodapie de roble macizo de 11 cm de ancho calidad Imperial.<\/title>\n<meta name=\"description\" content=\"Rodapie de roble macizo de 11 cm de ancho calidad Imperial. Perfil 81. Z\u00f3calo de 1,50 cm de grosor y de 1 a 2,50 m de largo. Incluye tratamiento CU3.\" \/>\n<meta name=\"robots\" content=\"index, follow, max-snippet:-1, max-image-preview:large, max-video-preview:-1\" \/>\n<link rel=\"canonical\" href=\"https:\/\/www.garciavarona.com\/en\/producto\/rodapie-de-roble-macizo\/\" \/>\n<meta property=\"og:locale\" content=\"en_US\" \/>\n<meta property=\"og:type\" content=\"article\" \/>\n<meta property=\"og:title\" content=\"Rodapie de roble macizo de 11 cm de ancho calidad Imperial.\" \/>\n<meta property=\"og:description\" content=\"Rodapie de roble macizo de 11 cm de ancho calidad Imperial. Perfil 81. Z\u00f3calo de 1,50 cm de grosor y de 1 a 2,50 m de largo. Incluye tratamiento CU3.\" \/>\n<meta property=\"og:url\" content=\"https:\/\/www.garciavarona.com\/en\/producto\/rodapie-de-roble-macizo\/\" \/>\n<meta property=\"og:site_name\" content=\"Maderas Garcia Varona\" \/>\n<meta property=\"article:publisher\" content=\"https:\/\/www.facebook.com\/maderasgarciavaronagrupo\" \/>\n<meta property=\"article:modified_time\" content=\"2024-03-20T14:19:54+00:00\" \/>\n<meta property=\"og:image\" content=\"https:\/\/www.garciavarona.com\/wp-content\/uploads\/2019\/11\/905-Rodapie-de-roble-macizo-11-cm-de-ancho-con-tratamiento-CU3.jpg\" \/>\n\t<meta property=\"og:image:width\" content=\"525\" \/>\n\t<meta property=\"og:image:height\" content=\"525\" \/>\n\t<meta property=\"og:image:type\" content=\"image\/jpeg\" \/>\n<meta name=\"twitter:card\" content=\"summary_large_image\" \/>\n<meta name=\"twitter:site\" content=\"@maderasvaronars\" \/>\n<meta name=\"twitter:label1\" content=\"Est. reading time\" \/>\n\t<meta name=\"twitter:data1\" content=\"2 minutes\" \/>\n<script type=\"application\/ld+json\" class=\"yoast-schema-graph\">{\"@context\":\"https:\\\/\\\/schema.org\",\"@graph\":[{\"@type\":[\"WebPage\",\"ItemPage\"],\"@id\":\"https:\\\/\\\/www.garciavarona.com\\\/en\\\/producto\\\/rodapie-de-roble-macizo\\\/\",\"url\":\"https:\\\/\\\/www.garciavarona.com\\\/en\\\/producto\\\/rodapie-de-roble-macizo\\\/\",\"name\":\"Rodapie de roble macizo de 11 cm de ancho calidad Imperial.\",\"isPartOf\":{\"@id\":\"https:\\\/\\\/www.garciavarona.com\\\/en\\\/#website\"},\"primaryImageOfPage\":{\"@id\":\"https:\\\/\\\/www.garciavarona.com\\\/en\\\/producto\\\/rodapie-de-roble-macizo\\\/#primaryimage\"},\"image\":{\"@id\":\"https:\\\/\\\/www.garciavarona.com\\\/en\\\/producto\\\/rodapie-de-roble-macizo\\\/#primaryimage\"},\"thumbnailUrl\":\"https:\\\/\\\/www.garciavarona.com\\\/wp-content\\\/uploads\\\/2019\\\/11\\\/905-Rodapie-de-roble-macizo-11-cm-de-ancho-con-tratamiento-CU3.jpg\",\"datePublished\":\"2019-11-29T10:47:54+00:00\",\"dateModified\":\"2024-03-20T14:19:54+00:00\",\"description\":\"Rodapie de roble macizo de 11 cm de ancho calidad Imperial. Perfil 81. Z\u00f3calo de 1,50 cm de grosor y de 1 a 2,50 m de largo. Incluye tratamiento CU3.\",\"breadcrumb\":{\"@id\":\"https:\\\/\\\/www.garciavarona.com\\\/en\\\/producto\\\/rodapie-de-roble-macizo\\\/#breadcrumb\"},\"inLanguage\":\"en-US\",\"potentialAction\":[{\"@type\":\"ReadAction\",\"target\":[\"https:\\\/\\\/www.garciavarona.com\\\/en\\\/producto\\\/rodapie-de-roble-macizo\\\/\"]}]},{\"@type\":\"ImageObject\",\"inLanguage\":\"en-US\",\"@id\":\"https:\\\/\\\/www.garciavarona.com\\\/en\\\/producto\\\/rodapie-de-roble-macizo\\\/#primaryimage\",\"url\":\"https:\\\/\\\/www.garciavarona.com\\\/wp-content\\\/uploads\\\/2019\\\/11\\\/905-Rodapie-de-roble-macizo-11-cm-de-ancho-con-tratamiento-CU3.jpg\",\"contentUrl\":\"https:\\\/\\\/www.garciavarona.com\\\/wp-content\\\/uploads\\\/2019\\\/11\\\/905-Rodapie-de-roble-macizo-11-cm-de-ancho-con-tratamiento-CU3.jpg\",\"width\":525,\"height\":525,\"caption\":\"Rodapie de roble macizo 11 cm de ancho con tratamiento CU3\"},{\"@type\":\"BreadcrumbList\",\"@id\":\"https:\\\/\\\/www.garciavarona.com\\\/en\\\/producto\\\/rodapie-de-roble-macizo\\\/#breadcrumb\",\"itemListElement\":[{\"@type\":\"ListItem\",\"position\":1,\"name\":\"Portada\",\"item\":\"https:\\\/\\\/www.garciavarona.com\\\/en\\\/\"},{\"@type\":\"ListItem\",\"position\":2,\"name\":\"Tienda Maderas Garc\u00eda Varona\",\"item\":\"https:\\\/\\\/www.garciavarona.com\\\/tienda\\\/\"},{\"@type\":\"ListItem\",\"position\":3,\"name\":\"Rodapie de roble macizo\"}]},{\"@type\":\"WebSite\",\"@id\":\"https:\\\/\\\/www.garciavarona.com\\\/en\\\/#website\",\"url\":\"https:\\\/\\\/www.garciavarona.com\\\/en\\\/\",\"name\":\"Maderas Garcia Varona\",\"description\":\"Fabrica y Aserradero de Madera. Expertos en Madera\",\"publisher\":{\"@id\":\"https:\\\/\\\/www.garciavarona.com\\\/en\\\/#organization\"},\"potentialAction\":[{\"@type\":\"SearchAction\",\"target\":{\"@type\":\"EntryPoint\",\"urlTemplate\":\"https:\\\/\\\/www.garciavarona.com\\\/en\\\/?s={search_term_string}\"},\"query-input\":{\"@type\":\"PropertyValueSpecification\",\"valueRequired\":true,\"valueName\":\"search_term_string\"}}],\"inLanguage\":\"en-US\"},{\"@type\":\"Organization\",\"@id\":\"https:\\\/\\\/www.garciavarona.com\\\/en\\\/#organization\",\"name\":\"Maderas Garcia Varona\",\"url\":\"https:\\\/\\\/www.garciavarona.com\\\/en\\\/\",\"logo\":{\"@type\":\"ImageObject\",\"inLanguage\":\"en-US\",\"@id\":\"https:\\\/\\\/www.garciavarona.com\\\/en\\\/#\\\/schema\\\/logo\\\/image\\\/\",\"url\":\"https:\\\/\\\/www.garciavarona.com\\\/wp-content\\\/uploads\\\/2022\\\/06\\\/logoGarciaVarona.svg\",\"contentUrl\":\"https:\\\/\\\/www.garciavarona.com\\\/wp-content\\\/uploads\\\/2022\\\/06\\\/logoGarciaVarona.svg\",\"width\":1020,\"height\":200,\"caption\":\"Maderas Garcia Varona\"},\"image\":{\"@id\":\"https:\\\/\\\/www.garciavarona.com\\\/en\\\/#\\\/schema\\\/logo\\\/image\\\/\"},\"sameAs\":[\"https:\\\/\\\/www.facebook.com\\\/maderasgarciavaronagrupo\",\"https:\\\/\\\/x.com\\\/maderasvaronars\",\"https:\\\/\\\/www.instagram.com\\\/maderasgarciavarona\\\/\",\"https:\\\/\\\/www.linkedin.com\\\/company\\\/maderas-garcia-varona\\\/\",\"https:\\\/\\\/www.youtube.com\\\/channel\\\/UCGUEME06N_h66pB2coJC83w\\\/featured\"]}]}<\/script>\n<!-- \/ Yoast SEO plugin. -->","yoast_head_json":{"title":"Rodapie de roble macizo de 11 cm de ancho calidad Imperial.","description":"Rodapie de roble macizo de 11 cm de ancho calidad Imperial. Perfil 81. Z\u00f3calo de 1,50 cm de grosor y de 1 a 2,50 m de largo. Incluye tratamiento CU3.","robots":{"index":"index","follow":"follow","max-snippet":"max-snippet:-1","max-image-preview":"max-image-preview:large","max-video-preview":"max-video-preview:-1"},"canonical":"https:\/\/www.garciavarona.com\/en\/producto\/rodapie-de-roble-macizo\/","og_locale":"en_US","og_type":"article","og_title":"Rodapie de roble macizo de 11 cm de ancho calidad Imperial.","og_description":"Rodapie de roble macizo de 11 cm de ancho calidad Imperial. Perfil 81. Z\u00f3calo de 1,50 cm de grosor y de 1 a 2,50 m de largo. Incluye tratamiento CU3.","og_url":"https:\/\/www.garciavarona.com\/en\/producto\/rodapie-de-roble-macizo\/","og_site_name":"Maderas Garcia Varona","article_publisher":"https:\/\/www.facebook.com\/maderasgarciavaronagrupo","article_modified_time":"2024-03-20T14:19:54+00:00","og_image":[{"width":525,"height":525,"url":"https:\/\/www.garciavarona.com\/wp-content\/uploads\/2019\/11\/905-Rodapie-de-roble-macizo-11-cm-de-ancho-con-tratamiento-CU3.jpg","type":"image\/jpeg"}],"twitter_card":"summary_large_image","twitter_site":"@maderasvaronars","twitter_misc":{"Est. reading time":"2 minutes"},"schema":{"@context":"https:\/\/schema.org","@graph":[{"@type":["WebPage","ItemPage"],"@id":"https:\/\/www.garciavarona.com\/en\/producto\/rodapie-de-roble-macizo\/","url":"https:\/\/www.garciavarona.com\/en\/producto\/rodapie-de-roble-macizo\/","name":"Rodapie de roble macizo de 11 cm de ancho calidad Imperial.","isPartOf":{"@id":"https:\/\/www.garciavarona.com\/en\/#website"},"primaryImageOfPage":{"@id":"https:\/\/www.garciavarona.com\/en\/producto\/rodapie-de-roble-macizo\/#primaryimage"},"image":{"@id":"https:\/\/www.garciavarona.com\/en\/producto\/rodapie-de-roble-macizo\/#primaryimage"},"thumbnailUrl":"https:\/\/www.garciavarona.com\/wp-content\/uploads\/2019\/11\/905-Rodapie-de-roble-macizo-11-cm-de-ancho-con-tratamiento-CU3.jpg","datePublished":"2019-11-29T10:47:54+00:00","dateModified":"2024-03-20T14:19:54+00:00","description":"Rodapie de roble macizo de 11 cm de ancho calidad Imperial. Perfil 81. Z\u00f3calo de 1,50 cm de grosor y de 1 a 2,50 m de largo. Incluye tratamiento CU3.","breadcrumb":{"@id":"https:\/\/www.garciavarona.com\/en\/producto\/rodapie-de-roble-macizo\/#breadcrumb"},"inLanguage":"en-US","potentialAction":[{"@type":"ReadAction","target":["https:\/\/www.garciavarona.com\/en\/producto\/rodapie-de-roble-macizo\/"]}]},{"@type":"ImageObject","inLanguage":"en-US","@id":"https:\/\/www.garciavarona.com\/en\/producto\/rodapie-de-roble-macizo\/#primaryimage","url":"https:\/\/www.garciavarona.com\/wp-content\/uploads\/2019\/11\/905-Rodapie-de-roble-macizo-11-cm-de-ancho-con-tratamiento-CU3.jpg","contentUrl":"https:\/\/www.garciavarona.com\/wp-content\/uploads\/2019\/11\/905-Rodapie-de-roble-macizo-11-cm-de-ancho-con-tratamiento-CU3.jpg","width":525,"height":525,"caption":"Rodapie de roble macizo 11 cm de ancho con tratamiento CU3"},{"@type":"BreadcrumbList","@id":"https:\/\/www.garciavarona.com\/en\/producto\/rodapie-de-roble-macizo\/#breadcrumb","itemListElement":[{"@type":"ListItem","position":1,"name":"Portada","item":"https:\/\/www.garciavarona.com\/en\/"},{"@type":"ListItem","position":2,"name":"Tienda Maderas Garc\u00eda Varona","item":"https:\/\/www.garciavarona.com\/tienda\/"},{"@type":"ListItem","position":3,"name":"Rodapie de roble macizo"}]},{"@type":"WebSite","@id":"https:\/\/www.garciavarona.com\/en\/#website","url":"https:\/\/www.garciavarona.com\/en\/","name":"Maderas Garcia Varona","description":"Fabrica y Aserradero de Madera. Expertos en Madera","publisher":{"@id":"https:\/\/www.garciavarona.com\/en\/#organization"},"potentialAction":[{"@type":"SearchAction","target":{"@type":"EntryPoint","urlTemplate":"https:\/\/www.garciavarona.com\/en\/?s={search_term_string}"},"query-input":{"@type":"PropertyValueSpecification","valueRequired":true,"valueName":"search_term_string"}}],"inLanguage":"en-US"},{"@type":"Organization","@id":"https:\/\/www.garciavarona.com\/en\/#organization","name":"Maderas Garcia Varona","url":"https:\/\/www.garciavarona.com\/en\/","logo":{"@type":"ImageObject","inLanguage":"en-US","@id":"https:\/\/www.garciavarona.com\/en\/#\/schema\/logo\/image\/","url":"https:\/\/www.garciavarona.com\/wp-content\/uploads\/2022\/06\/logoGarciaVarona.svg","contentUrl":"https:\/\/www.garciavarona.com\/wp-content\/uploads\/2022\/06\/logoGarciaVarona.svg","width":1020,"height":200,"caption":"Maderas Garcia Varona"},"image":{"@id":"https:\/\/www.garciavarona.com\/en\/#\/schema\/logo\/image\/"},"sameAs":["https:\/\/www.facebook.com\/maderasgarciavaronagrupo","https:\/\/x.com\/maderasvaronars","https:\/\/www.instagram.com\/maderasgarciavarona\/","https:\/\/www.linkedin.com\/company\/maderas-garcia-varona\/","https:\/\/www.youtube.com\/channel\/UCGUEME06N_h66pB2coJC83w\/featured"]}]}},"_links":{"self":[{"href":"https:\/\/www.garciavarona.com\/en\/wp-json\/wp\/v2\/product\/12337","targetHints":{"allow":["GET"]}}],"collection":[{"href":"https:\/\/www.garciavarona.com\/en\/wp-json\/wp\/v2\/product"}],"about":[{"href":"https:\/\/www.garciavarona.com\/en\/wp-json\/wp\/v2\/types\/product"}],"version-history":[{"count":7,"href":"https:\/\/www.garciavarona.com\/en\/wp-json\/wp\/v2\/product\/12337\/revisions"}],"predecessor-version":[{"id":21882,"href":"https:\/\/www.garciavarona.com\/en\/wp-json\/wp\/v2\/product\/12337\/revisions\/21882"}],"wp:featuredmedia":[{"embeddable":true,"href":"https:\/\/www.garciavarona.com\/en\/wp-json\/wp\/v2\/media\/12336"}],"wp:attachment":[{"href":"https:\/\/www.garciavarona.com\/en\/wp-json\/wp\/v2\/media?parent=12337"}],"wp:term":[{"taxonomy":"product_brand","embeddable":true,"href":"https:\/\/www.garciavarona.com\/en\/wp-json\/wp\/v2\/product_brand?post=12337"},{"taxonomy":"product_cat","embeddable":true,"href":"https:\/\/www.garciavarona.com\/en\/wp-json\/wp\/v2\/product_cat?post=12337"},{"taxonomy":"product_tag","embeddable":true,"href":"https:\/\/www.garciavarona.com\/en\/wp-json\/wp\/v2\/product_tag?post=12337"}],"curies":[{"name":"wp","href":"https:\/\/api.w.org\/{rel}","templated":true}]}}