{"id":12362,"date":"2020-02-06T12:50:33","date_gmt":"2020-02-06T12:50:33","guid":{"rendered":"https:\/\/pruebas.garciavarona.com\/producto\/tablon-de-nogal-espanol-sin-cantear-lote-completo-ancho-hasta-83-cm\/"},"modified":"2024-08-29T07:49:28","modified_gmt":"2024-08-29T07:49:28","slug":"tablon-de-nogal-espanol-sin-cantear-lote-completo-ancho-hasta-83-cm","status":"publish","type":"product","link":"https:\/\/www.garciavarona.com\/en\/producto\/tablon-de-nogal-espanol-sin-cantear-lote-completo-ancho-hasta-83-cm\/","title":{"rendered":"Tabl\u00f3n de nogal espa\u00f1ol sin cantear lote completo ancho hasta 83 cm"},"content":{"rendered":"<p>Tabl\u00f3n de nogal espa\u00f1ol macizo sin cantear. Largo 3,75 metros y un tabl\u00f3n de 2,30 metros. Grueso 4 y 5 cent\u00edmetros. Anchos irregulares hasta 83 cm. Serrado en octubre de 2019. Secado al aire. Lote completo con 13 unidades.<\/p>\n<p>CONSULTA nuestro listado de paquetes.<\/p>\n<p>Tabl\u00f3n de madera para mesa r\u00fastica. Esta tabla que conserva la forma del tronco es ideal para conseguir una decoraci\u00f3n r\u00fastica, tendencia en el interiorismo actual. Es una secci\u00f3n longitudinal de tronco de nogal espa\u00f1ol. Un tronco aserrado en boule.<\/p>\n<p>Madera para ser trabajada por un profesional.<\/p>\n<p>Detalle de medidas (en mil\u00edmetros)<\/p>\n<table border=\"1\" cellpadding=\"5\">\n<tbody>\n<tr>\n<td>N\u00ba de paquete<\/td>\n<td>Largo<\/td>\n<td>Ancho<\/td>\n<td>Grueso<\/td>\n<td>m3<\/td>\n<td>Unidades<\/td>\n<\/tr>\n<tr>\n<td>S50963<\/td>\n<td>2.300<\/td>\n<td>0,640<\/td>\n<td>0,040<\/td>\n<td>0,059<\/td>\n<td>1<\/td>\n<\/tr>\n<tr>\n<td>S50963<\/td>\n<td>3.750<\/td>\n<td>0,500<\/td>\n<td>0,040<\/td>\n<td>0,075<\/td>\n<td>1<\/td>\n<\/tr>\n<tr>\n<td>S50963<\/td>\n<td>3.750<\/td>\n<td>0,580<\/td>\n<td>0,050<\/td>\n<td>0,109<\/td>\n<td>1<\/td>\n<\/tr>\n<tr>\n<td>S50963<\/td>\n<td>3.750<\/td>\n<td>0,680<\/td>\n<td>0,040<\/td>\n<td>0,102<\/td>\n<td>1<\/td>\n<\/tr>\n<tr>\n<td>S50963<\/td>\n<td>3.750<\/td>\n<td>0,680<\/td>\n<td>0,050<\/td>\n<td>0,128<\/td>\n<td>1<\/td>\n<\/tr>\n<tr>\n<td>S50963<\/td>\n<td>3.750<\/td>\n<td>0,720<\/td>\n<td>0,050<\/td>\n<td>0,270<\/td>\n<td>2<\/td>\n<\/tr>\n<tr>\n<td>S50963<\/td>\n<td>3.750<\/td>\n<td>0,760<\/td>\n<td>0,050<\/td>\n<td>0,143<\/td>\n<td>1<\/td>\n<\/tr>\n<tr>\n<td>S50963<\/td>\n<td>3.750<\/td>\n<td>0,770<\/td>\n<td>0,050<\/td>\n<td>0,144<\/td>\n<td>1<\/td>\n<\/tr>\n<tr>\n<td>S50963<\/td>\n<td>3.750<\/td>\n<td>0,780<\/td>\n<td>0,050<\/td>\n<td>0,146<\/td>\n<td>1<\/td>\n<\/tr>\n<tr>\n<td>S50963<\/td>\n<td>3.750<\/td>\n<td>0,800<\/td>\n<td>0,050<\/td>\n<td>0,150<\/td>\n<td>1<\/td>\n<\/tr>\n<tr>\n<td>S50963<\/td>\n<td>3.750<\/td>\n<td>0,820<\/td>\n<td>0,050<\/td>\n<td>0,154<\/td>\n<td>1<\/td>\n<\/tr>\n<tr>\n<td>S50963<\/td>\n<td>3.750<\/td>\n<td>0,830<\/td>\n<td>0,050<\/td>\n<td>0,156<\/td>\n<td>1<\/td>\n<\/tr>\n<\/tbody>\n<\/table>\n","protected":false},"excerpt":{"rendered":"<p>Tabl\u00f3n de nogal espa\u00f1ol serrado en octubre de 2019. Precio lote completo.<\/p>\n","protected":false},"featured_media":12356,"template":"","meta":[],"product_brand":[],"product_cat":[2075,778,755,781,756],"product_tag":[1269,1266,1265,1262,1264,1263,1268,1267],"class_list":{"0":"post-12362","1":"product","2":"type-product","3":"status-publish","4":"has-post-thumbnail","6":"product_cat-producto-recogida-en-tienda","7":"product_cat-mesa-rustica","8":"product_cat-construccion","9":"product_cat-tabla-de-madera","10":"product_cat-decoracion-madera","11":"product_tag-boules","12":"product_tag-decoracion-rustica","13":"product_tag-mesa-rustica","14":"product_tag-nogal-espanol","15":"product_tag-spanish-walnut","16":"product_tag-tablon-de-nogal-espanol","17":"product_tag-tronco-aserrado-en-boule","18":"product_tag-tronco-en-boule","20":"first","21":"outofstock","22":"taxable","23":"shipping-taxable","24":"purchasable","25":"product-type-simple"},"yoast_head":"<!-- This site is optimized with the Yoast SEO plugin v27.3 - https:\/\/yoast.com\/product\/yoast-seo-wordpress\/ -->\n<title>Tabl\u00f3n de nogal espa\u00f1ol sin cantear ancho hasta 83 cm, largo 3,75 m<\/title>\n<meta name=\"description\" content=\"Tabl\u00f3n de nogal espa\u00f1ol sin cantear ancho hasta 83 cm, largo 3,75 m. Lote completo. Grueso 4 y 5 cm. Nogal espa\u00f1ol serrado en octubre de 2019. Secado al aire.\" \/>\n<meta name=\"robots\" content=\"index, follow, max-snippet:-1, max-image-preview:large, max-video-preview:-1\" \/>\n<link rel=\"canonical\" href=\"https:\/\/www.garciavarona.com\/en\/producto\/tablon-de-nogal-espanol-sin-cantear-lote-completo-ancho-hasta-83-cm\/\" \/>\n<meta property=\"og:locale\" content=\"en_US\" \/>\n<meta property=\"og:type\" content=\"article\" \/>\n<meta property=\"og:title\" content=\"Tabl\u00f3n de nogal espa\u00f1ol sin cantear ancho hasta 83 cm, largo 3,75 m\" \/>\n<meta property=\"og:description\" content=\"Tabl\u00f3n de nogal espa\u00f1ol sin cantear ancho hasta 83 cm, largo 3,75 m. Lote completo. Grueso 4 y 5 cm. Nogal espa\u00f1ol serrado en octubre de 2019. Secado al aire.\" \/>\n<meta property=\"og:url\" content=\"https:\/\/www.garciavarona.com\/en\/producto\/tablon-de-nogal-espanol-sin-cantear-lote-completo-ancho-hasta-83-cm\/\" \/>\n<meta property=\"og:site_name\" content=\"Maderas Garcia Varona\" \/>\n<meta property=\"article:publisher\" content=\"https:\/\/www.facebook.com\/maderasgarciavaronagrupo\" \/>\n<meta property=\"article:modified_time\" content=\"2024-08-29T07:49:28+00:00\" \/>\n<meta property=\"og:image\" content=\"https:\/\/www.garciavarona.com\/wp-content\/uploads\/2020\/02\/931-Tablon-de-nogal-espanol-sin-cantear-lote-completo-ancho-hasta-55-cm.jpg\" \/>\n\t<meta property=\"og:image:width\" content=\"700\" \/>\n\t<meta property=\"og:image:height\" content=\"700\" \/>\n\t<meta property=\"og:image:type\" content=\"image\/jpeg\" \/>\n<meta name=\"twitter:card\" content=\"summary_large_image\" \/>\n<meta name=\"twitter:site\" content=\"@maderasvaronars\" \/>\n<meta name=\"twitter:label1\" content=\"Est. reading time\" \/>\n\t<meta name=\"twitter:data1\" content=\"2 minutes\" \/>\n<script type=\"application\/ld+json\" class=\"yoast-schema-graph\">{\"@context\":\"https:\\\/\\\/schema.org\",\"@graph\":[{\"@type\":[\"WebPage\",\"ItemPage\"],\"@id\":\"https:\\\/\\\/www.garciavarona.com\\\/en\\\/producto\\\/tablon-de-nogal-espanol-sin-cantear-lote-completo-ancho-hasta-83-cm\\\/\",\"url\":\"https:\\\/\\\/www.garciavarona.com\\\/en\\\/producto\\\/tablon-de-nogal-espanol-sin-cantear-lote-completo-ancho-hasta-83-cm\\\/\",\"name\":\"Tabl\u00f3n de nogal espa\u00f1ol sin cantear ancho hasta 83 cm, largo 3,75 m\",\"isPartOf\":{\"@id\":\"https:\\\/\\\/www.garciavarona.com\\\/en\\\/#website\"},\"primaryImageOfPage\":{\"@id\":\"https:\\\/\\\/www.garciavarona.com\\\/en\\\/producto\\\/tablon-de-nogal-espanol-sin-cantear-lote-completo-ancho-hasta-83-cm\\\/#primaryimage\"},\"image\":{\"@id\":\"https:\\\/\\\/www.garciavarona.com\\\/en\\\/producto\\\/tablon-de-nogal-espanol-sin-cantear-lote-completo-ancho-hasta-83-cm\\\/#primaryimage\"},\"thumbnailUrl\":\"https:\\\/\\\/www.garciavarona.com\\\/wp-content\\\/uploads\\\/2020\\\/02\\\/931-Tablon-de-nogal-espanol-sin-cantear-lote-completo-ancho-hasta-55-cm.jpg\",\"datePublished\":\"2020-02-06T12:50:33+00:00\",\"dateModified\":\"2024-08-29T07:49:28+00:00\",\"description\":\"Tabl\u00f3n de nogal espa\u00f1ol sin cantear ancho hasta 83 cm, largo 3,75 m. Lote completo. Grueso 4 y 5 cm. Nogal espa\u00f1ol serrado en octubre de 2019. Secado al aire.\",\"breadcrumb\":{\"@id\":\"https:\\\/\\\/www.garciavarona.com\\\/en\\\/producto\\\/tablon-de-nogal-espanol-sin-cantear-lote-completo-ancho-hasta-83-cm\\\/#breadcrumb\"},\"inLanguage\":\"en-US\",\"potentialAction\":[{\"@type\":\"ReadAction\",\"target\":[\"https:\\\/\\\/www.garciavarona.com\\\/en\\\/producto\\\/tablon-de-nogal-espanol-sin-cantear-lote-completo-ancho-hasta-83-cm\\\/\"]}]},{\"@type\":\"ImageObject\",\"inLanguage\":\"en-US\",\"@id\":\"https:\\\/\\\/www.garciavarona.com\\\/en\\\/producto\\\/tablon-de-nogal-espanol-sin-cantear-lote-completo-ancho-hasta-83-cm\\\/#primaryimage\",\"url\":\"https:\\\/\\\/www.garciavarona.com\\\/wp-content\\\/uploads\\\/2020\\\/02\\\/931-Tablon-de-nogal-espanol-sin-cantear-lote-completo-ancho-hasta-55-cm.jpg\",\"contentUrl\":\"https:\\\/\\\/www.garciavarona.com\\\/wp-content\\\/uploads\\\/2020\\\/02\\\/931-Tablon-de-nogal-espanol-sin-cantear-lote-completo-ancho-hasta-55-cm.jpg\",\"width\":700,\"height\":700,\"caption\":\"Tabl\u00f3n de nogal espa\u00f1ol sin cantear lote completo ancho hasta 55 cm\"},{\"@type\":\"BreadcrumbList\",\"@id\":\"https:\\\/\\\/www.garciavarona.com\\\/en\\\/producto\\\/tablon-de-nogal-espanol-sin-cantear-lote-completo-ancho-hasta-83-cm\\\/#breadcrumb\",\"itemListElement\":[{\"@type\":\"ListItem\",\"position\":1,\"name\":\"Portada\",\"item\":\"https:\\\/\\\/www.garciavarona.com\\\/en\\\/\"},{\"@type\":\"ListItem\",\"position\":2,\"name\":\"Tienda Maderas Garc\u00eda Varona\",\"item\":\"https:\\\/\\\/www.garciavarona.com\\\/tienda\\\/\"},{\"@type\":\"ListItem\",\"position\":3,\"name\":\"Tabl\u00f3n de nogal espa\u00f1ol sin cantear lote completo ancho hasta 83 cm\"}]},{\"@type\":\"WebSite\",\"@id\":\"https:\\\/\\\/www.garciavarona.com\\\/en\\\/#website\",\"url\":\"https:\\\/\\\/www.garciavarona.com\\\/en\\\/\",\"name\":\"Maderas Garcia Varona\",\"description\":\"Fabrica y Aserradero de Madera. Expertos en Madera\",\"publisher\":{\"@id\":\"https:\\\/\\\/www.garciavarona.com\\\/en\\\/#organization\"},\"potentialAction\":[{\"@type\":\"SearchAction\",\"target\":{\"@type\":\"EntryPoint\",\"urlTemplate\":\"https:\\\/\\\/www.garciavarona.com\\\/en\\\/?s={search_term_string}\"},\"query-input\":{\"@type\":\"PropertyValueSpecification\",\"valueRequired\":true,\"valueName\":\"search_term_string\"}}],\"inLanguage\":\"en-US\"},{\"@type\":\"Organization\",\"@id\":\"https:\\\/\\\/www.garciavarona.com\\\/en\\\/#organization\",\"name\":\"Maderas Garcia Varona\",\"url\":\"https:\\\/\\\/www.garciavarona.com\\\/en\\\/\",\"logo\":{\"@type\":\"ImageObject\",\"inLanguage\":\"en-US\",\"@id\":\"https:\\\/\\\/www.garciavarona.com\\\/en\\\/#\\\/schema\\\/logo\\\/image\\\/\",\"url\":\"https:\\\/\\\/www.garciavarona.com\\\/wp-content\\\/uploads\\\/2022\\\/06\\\/logoGarciaVarona.svg\",\"contentUrl\":\"https:\\\/\\\/www.garciavarona.com\\\/wp-content\\\/uploads\\\/2022\\\/06\\\/logoGarciaVarona.svg\",\"width\":1020,\"height\":200,\"caption\":\"Maderas Garcia Varona\"},\"image\":{\"@id\":\"https:\\\/\\\/www.garciavarona.com\\\/en\\\/#\\\/schema\\\/logo\\\/image\\\/\"},\"sameAs\":[\"https:\\\/\\\/www.facebook.com\\\/maderasgarciavaronagrupo\",\"https:\\\/\\\/x.com\\\/maderasvaronars\",\"https:\\\/\\\/www.instagram.com\\\/maderasgarciavarona\\\/\",\"https:\\\/\\\/www.linkedin.com\\\/company\\\/maderas-garcia-varona\\\/\",\"https:\\\/\\\/www.youtube.com\\\/channel\\\/UCGUEME06N_h66pB2coJC83w\\\/featured\"]}]}<\/script>\n<!-- \/ Yoast SEO plugin. -->","yoast_head_json":{"title":"Tabl\u00f3n de nogal espa\u00f1ol sin cantear ancho hasta 83 cm, largo 3,75 m","description":"Tabl\u00f3n de nogal espa\u00f1ol sin cantear ancho hasta 83 cm, largo 3,75 m. Lote completo. Grueso 4 y 5 cm. Nogal espa\u00f1ol serrado en octubre de 2019. Secado al aire.","robots":{"index":"index","follow":"follow","max-snippet":"max-snippet:-1","max-image-preview":"max-image-preview:large","max-video-preview":"max-video-preview:-1"},"canonical":"https:\/\/www.garciavarona.com\/en\/producto\/tablon-de-nogal-espanol-sin-cantear-lote-completo-ancho-hasta-83-cm\/","og_locale":"en_US","og_type":"article","og_title":"Tabl\u00f3n de nogal espa\u00f1ol sin cantear ancho hasta 83 cm, largo 3,75 m","og_description":"Tabl\u00f3n de nogal espa\u00f1ol sin cantear ancho hasta 83 cm, largo 3,75 m. Lote completo. Grueso 4 y 5 cm. Nogal espa\u00f1ol serrado en octubre de 2019. Secado al aire.","og_url":"https:\/\/www.garciavarona.com\/en\/producto\/tablon-de-nogal-espanol-sin-cantear-lote-completo-ancho-hasta-83-cm\/","og_site_name":"Maderas Garcia Varona","article_publisher":"https:\/\/www.facebook.com\/maderasgarciavaronagrupo","article_modified_time":"2024-08-29T07:49:28+00:00","og_image":[{"width":700,"height":700,"url":"https:\/\/www.garciavarona.com\/wp-content\/uploads\/2020\/02\/931-Tablon-de-nogal-espanol-sin-cantear-lote-completo-ancho-hasta-55-cm.jpg","type":"image\/jpeg"}],"twitter_card":"summary_large_image","twitter_site":"@maderasvaronars","twitter_misc":{"Est. reading time":"2 minutes"},"schema":{"@context":"https:\/\/schema.org","@graph":[{"@type":["WebPage","ItemPage"],"@id":"https:\/\/www.garciavarona.com\/en\/producto\/tablon-de-nogal-espanol-sin-cantear-lote-completo-ancho-hasta-83-cm\/","url":"https:\/\/www.garciavarona.com\/en\/producto\/tablon-de-nogal-espanol-sin-cantear-lote-completo-ancho-hasta-83-cm\/","name":"Tabl\u00f3n de nogal espa\u00f1ol sin cantear ancho hasta 83 cm, largo 3,75 m","isPartOf":{"@id":"https:\/\/www.garciavarona.com\/en\/#website"},"primaryImageOfPage":{"@id":"https:\/\/www.garciavarona.com\/en\/producto\/tablon-de-nogal-espanol-sin-cantear-lote-completo-ancho-hasta-83-cm\/#primaryimage"},"image":{"@id":"https:\/\/www.garciavarona.com\/en\/producto\/tablon-de-nogal-espanol-sin-cantear-lote-completo-ancho-hasta-83-cm\/#primaryimage"},"thumbnailUrl":"https:\/\/www.garciavarona.com\/wp-content\/uploads\/2020\/02\/931-Tablon-de-nogal-espanol-sin-cantear-lote-completo-ancho-hasta-55-cm.jpg","datePublished":"2020-02-06T12:50:33+00:00","dateModified":"2024-08-29T07:49:28+00:00","description":"Tabl\u00f3n de nogal espa\u00f1ol sin cantear ancho hasta 83 cm, largo 3,75 m. Lote completo. Grueso 4 y 5 cm. Nogal espa\u00f1ol serrado en octubre de 2019. Secado al aire.","breadcrumb":{"@id":"https:\/\/www.garciavarona.com\/en\/producto\/tablon-de-nogal-espanol-sin-cantear-lote-completo-ancho-hasta-83-cm\/#breadcrumb"},"inLanguage":"en-US","potentialAction":[{"@type":"ReadAction","target":["https:\/\/www.garciavarona.com\/en\/producto\/tablon-de-nogal-espanol-sin-cantear-lote-completo-ancho-hasta-83-cm\/"]}]},{"@type":"ImageObject","inLanguage":"en-US","@id":"https:\/\/www.garciavarona.com\/en\/producto\/tablon-de-nogal-espanol-sin-cantear-lote-completo-ancho-hasta-83-cm\/#primaryimage","url":"https:\/\/www.garciavarona.com\/wp-content\/uploads\/2020\/02\/931-Tablon-de-nogal-espanol-sin-cantear-lote-completo-ancho-hasta-55-cm.jpg","contentUrl":"https:\/\/www.garciavarona.com\/wp-content\/uploads\/2020\/02\/931-Tablon-de-nogal-espanol-sin-cantear-lote-completo-ancho-hasta-55-cm.jpg","width":700,"height":700,"caption":"Tabl\u00f3n de nogal espa\u00f1ol sin cantear lote completo ancho hasta 55 cm"},{"@type":"BreadcrumbList","@id":"https:\/\/www.garciavarona.com\/en\/producto\/tablon-de-nogal-espanol-sin-cantear-lote-completo-ancho-hasta-83-cm\/#breadcrumb","itemListElement":[{"@type":"ListItem","position":1,"name":"Portada","item":"https:\/\/www.garciavarona.com\/en\/"},{"@type":"ListItem","position":2,"name":"Tienda Maderas Garc\u00eda Varona","item":"https:\/\/www.garciavarona.com\/tienda\/"},{"@type":"ListItem","position":3,"name":"Tabl\u00f3n de nogal espa\u00f1ol sin cantear lote completo ancho hasta 83 cm"}]},{"@type":"WebSite","@id":"https:\/\/www.garciavarona.com\/en\/#website","url":"https:\/\/www.garciavarona.com\/en\/","name":"Maderas Garcia Varona","description":"Fabrica y Aserradero de Madera. Expertos en Madera","publisher":{"@id":"https:\/\/www.garciavarona.com\/en\/#organization"},"potentialAction":[{"@type":"SearchAction","target":{"@type":"EntryPoint","urlTemplate":"https:\/\/www.garciavarona.com\/en\/?s={search_term_string}"},"query-input":{"@type":"PropertyValueSpecification","valueRequired":true,"valueName":"search_term_string"}}],"inLanguage":"en-US"},{"@type":"Organization","@id":"https:\/\/www.garciavarona.com\/en\/#organization","name":"Maderas Garcia Varona","url":"https:\/\/www.garciavarona.com\/en\/","logo":{"@type":"ImageObject","inLanguage":"en-US","@id":"https:\/\/www.garciavarona.com\/en\/#\/schema\/logo\/image\/","url":"https:\/\/www.garciavarona.com\/wp-content\/uploads\/2022\/06\/logoGarciaVarona.svg","contentUrl":"https:\/\/www.garciavarona.com\/wp-content\/uploads\/2022\/06\/logoGarciaVarona.svg","width":1020,"height":200,"caption":"Maderas Garcia Varona"},"image":{"@id":"https:\/\/www.garciavarona.com\/en\/#\/schema\/logo\/image\/"},"sameAs":["https:\/\/www.facebook.com\/maderasgarciavaronagrupo","https:\/\/x.com\/maderasvaronars","https:\/\/www.instagram.com\/maderasgarciavarona\/","https:\/\/www.linkedin.com\/company\/maderas-garcia-varona\/","https:\/\/www.youtube.com\/channel\/UCGUEME06N_h66pB2coJC83w\/featured"]}]}},"_links":{"self":[{"href":"https:\/\/www.garciavarona.com\/en\/wp-json\/wp\/v2\/product\/12362","targetHints":{"allow":["GET"]}}],"collection":[{"href":"https:\/\/www.garciavarona.com\/en\/wp-json\/wp\/v2\/product"}],"about":[{"href":"https:\/\/www.garciavarona.com\/en\/wp-json\/wp\/v2\/types\/product"}],"version-history":[{"count":2,"href":"https:\/\/www.garciavarona.com\/en\/wp-json\/wp\/v2\/product\/12362\/revisions"}],"predecessor-version":[{"id":22130,"href":"https:\/\/www.garciavarona.com\/en\/wp-json\/wp\/v2\/product\/12362\/revisions\/22130"}],"wp:featuredmedia":[{"embeddable":true,"href":"https:\/\/www.garciavarona.com\/en\/wp-json\/wp\/v2\/media\/12356"}],"wp:attachment":[{"href":"https:\/\/www.garciavarona.com\/en\/wp-json\/wp\/v2\/media?parent=12362"}],"wp:term":[{"taxonomy":"product_brand","embeddable":true,"href":"https:\/\/www.garciavarona.com\/en\/wp-json\/wp\/v2\/product_brand?post=12362"},{"taxonomy":"product_cat","embeddable":true,"href":"https:\/\/www.garciavarona.com\/en\/wp-json\/wp\/v2\/product_cat?post=12362"},{"taxonomy":"product_tag","embeddable":true,"href":"https:\/\/www.garciavarona.com\/en\/wp-json\/wp\/v2\/product_tag?post=12362"}],"curies":[{"name":"wp","href":"https:\/\/api.w.org\/{rel}","templated":true}]}}