{"id":12377,"date":"2020-03-03T12:17:39","date_gmt":"2020-03-03T12:17:39","guid":{"rendered":"https:\/\/pruebas.garciavarona.com\/producto\/tronco-de-madera-maciza-de-110-a-170-mm-de-diametro-sin-corteza\/"},"modified":"2026-03-27T08:44:24","modified_gmt":"2026-03-27T07:44:24","slug":"tronco-de-madera-maciza-de-110-a-170-mm-de-diametro-sin-corteza","status":"publish","type":"product","link":"https:\/\/www.garciavarona.com\/en\/producto\/tronco-de-madera-maciza-de-110-a-170-mm-de-diametro-sin-corteza\/","title":{"rendered":"Tronco de madera maciza de 110 a 170 mm de di\u00e1metro sin corteza"},"content":{"rendered":"<p>Tronco de madera maciza de 110 a 170 mm de di\u00e1metro sin corteza. Le\u00f1o de madera maciza de 500 a 600 mm de alto.<\/p>\n<p>Dale un toque original a tu hogar con este tronco de madera natural. Este le\u00f1o de madera maciza puede usarse tal cual como mesita auxiliar, juntando varias piezas o para crear muebles y otros elementos decorativos. Por ejemplo una estanter\u00eda de madera con troncos, un banco o una mesa. Con los herrajes y complementos adecuados puedes conseguir una decoraci\u00f3n r\u00fastica original.<\/p>\n<p>El le\u00f1o se suministra al natural, sin tratamientos ni acabados. No tiene corteza y la superficie es lisa, pero se recomienda lijarlo. Una vez lijado es conveniente proteger la madera con un <a href=\"https:\/\/www.garciavarona.com\/es\/68-complementos\" target=\"_blank\" rel=\"noopener\">protector espec\u00edfico como Poimate<\/a>. Tambi\u00e9n se puede aplicar alg\u00fan lasur o tinte para dar un acabado natural. O atreverse con alg\u00fan color llamativo que destaque la pieza.<\/p>\n<p>Tambi\u00e9n puede utilizarse para delimitar una zona en tu jard\u00edn, para lo que es imprescindible aplicar un tratamiento espec\u00edfico para exteriores a la madera.<\/p>\n<p>Madera natural. Puede estar agrietada o agrietarse con el paso del tiempo, lo que hace a la pieza \u00fanica e irrepetible.<\/p>\n","protected":false},"excerpt":{"rendered":"<p>Tronco de madera sin corteza de 11 a 17 cm de di\u00e1metro. Precio por unidad.<\/p>\n","protected":false},"featured_media":12374,"template":"","meta":[],"product_brand":[],"product_cat":[786,756],"product_tag":[],"class_list":{"0":"post-12377","1":"product","2":"type-product","3":"status-publish","4":"has-post-thumbnail","6":"product_cat-tronco-de-madera","7":"product_cat-decoracion-madera","9":"first","10":"outofstock","11":"taxable","12":"shipping-taxable","13":"purchasable","14":"product-type-simple"},"yoast_head":"<!-- This site is optimized with the Yoast SEO plugin v27.3 - https:\/\/yoast.com\/product\/yoast-seo-wordpress\/ -->\n<title>Tronco de madera maciza de 110 a 170 mm de di\u00e1metro sin corteza<\/title>\n<meta name=\"description\" content=\"Tronco de madera maciza de 110 a 170 mm de di\u00e1metro sin corteza. Le\u00f1o de madera maciza de 500 a 600 mm de alto. Tronco de madera natural para decoraci\u00f3n r\u00fastica\" \/>\n<meta name=\"robots\" content=\"index, follow, max-snippet:-1, max-image-preview:large, max-video-preview:-1\" \/>\n<link rel=\"canonical\" href=\"https:\/\/www.garciavarona.com\/en\/producto\/tronco-de-madera-maciza-de-110-a-170-mm-de-diametro-sin-corteza\/\" \/>\n<meta property=\"og:locale\" content=\"en_US\" \/>\n<meta property=\"og:type\" content=\"article\" \/>\n<meta property=\"og:title\" content=\"Tronco de madera maciza de 110 a 170 mm de di\u00e1metro sin corteza\" \/>\n<meta property=\"og:description\" content=\"Tronco de madera maciza de 110 a 170 mm de di\u00e1metro sin corteza. Le\u00f1o de madera maciza de 500 a 600 mm de alto. Tronco de madera natural para decoraci\u00f3n r\u00fastica\" \/>\n<meta property=\"og:url\" content=\"https:\/\/www.garciavarona.com\/en\/producto\/tronco-de-madera-maciza-de-110-a-170-mm-de-diametro-sin-corteza\/\" \/>\n<meta property=\"og:site_name\" content=\"Maderas Garcia Varona\" \/>\n<meta property=\"article:publisher\" content=\"https:\/\/www.facebook.com\/maderasgarciavaronagrupo\" \/>\n<meta property=\"article:modified_time\" content=\"2026-03-27T07:44:24+00:00\" \/>\n<meta property=\"og:image\" content=\"https:\/\/www.garciavarona.com\/wp-content\/uploads\/2020\/03\/949-Tronco-de-madera-maciza-de-110-a-170-mm-de-diametro-sin-corteza-tronco-de-madera-sin-corteza-wood-log-without-bark.jpg\" \/>\n\t<meta property=\"og:image:width\" content=\"500\" \/>\n\t<meta property=\"og:image:height\" content=\"500\" \/>\n\t<meta property=\"og:image:type\" content=\"image\/jpeg\" \/>\n<meta name=\"twitter:card\" content=\"summary_large_image\" \/>\n<meta name=\"twitter:site\" content=\"@maderasvaronars\" \/>\n<meta name=\"twitter:label1\" content=\"Est. reading time\" \/>\n\t<meta name=\"twitter:data1\" content=\"2 minutes\" \/>\n<script type=\"application\/ld+json\" class=\"yoast-schema-graph\">{\"@context\":\"https:\\\/\\\/schema.org\",\"@graph\":[{\"@type\":[\"WebPage\",\"ItemPage\"],\"@id\":\"https:\\\/\\\/www.garciavarona.com\\\/en\\\/producto\\\/tronco-de-madera-maciza-de-110-a-170-mm-de-diametro-sin-corteza\\\/\",\"url\":\"https:\\\/\\\/www.garciavarona.com\\\/en\\\/producto\\\/tronco-de-madera-maciza-de-110-a-170-mm-de-diametro-sin-corteza\\\/\",\"name\":\"Tronco de madera maciza de 110 a 170 mm de di\u00e1metro sin corteza\",\"isPartOf\":{\"@id\":\"https:\\\/\\\/www.garciavarona.com\\\/en\\\/#website\"},\"primaryImageOfPage\":{\"@id\":\"https:\\\/\\\/www.garciavarona.com\\\/en\\\/producto\\\/tronco-de-madera-maciza-de-110-a-170-mm-de-diametro-sin-corteza\\\/#primaryimage\"},\"image\":{\"@id\":\"https:\\\/\\\/www.garciavarona.com\\\/en\\\/producto\\\/tronco-de-madera-maciza-de-110-a-170-mm-de-diametro-sin-corteza\\\/#primaryimage\"},\"thumbnailUrl\":\"https:\\\/\\\/www.garciavarona.com\\\/wp-content\\\/uploads\\\/2020\\\/03\\\/949-Tronco-de-madera-maciza-de-110-a-170-mm-de-diametro-sin-corteza-tronco-de-madera-sin-corteza-wood-log-without-bark.jpg\",\"datePublished\":\"2020-03-03T12:17:39+00:00\",\"dateModified\":\"2026-03-27T07:44:24+00:00\",\"description\":\"Tronco de madera maciza de 110 a 170 mm de di\u00e1metro sin corteza. Le\u00f1o de madera maciza de 500 a 600 mm de alto. Tronco de madera natural para decoraci\u00f3n r\u00fastica\",\"breadcrumb\":{\"@id\":\"https:\\\/\\\/www.garciavarona.com\\\/en\\\/producto\\\/tronco-de-madera-maciza-de-110-a-170-mm-de-diametro-sin-corteza\\\/#breadcrumb\"},\"inLanguage\":\"en-US\",\"potentialAction\":[{\"@type\":\"ReadAction\",\"target\":[\"https:\\\/\\\/www.garciavarona.com\\\/en\\\/producto\\\/tronco-de-madera-maciza-de-110-a-170-mm-de-diametro-sin-corteza\\\/\"]}]},{\"@type\":\"ImageObject\",\"inLanguage\":\"en-US\",\"@id\":\"https:\\\/\\\/www.garciavarona.com\\\/en\\\/producto\\\/tronco-de-madera-maciza-de-110-a-170-mm-de-diametro-sin-corteza\\\/#primaryimage\",\"url\":\"https:\\\/\\\/www.garciavarona.com\\\/wp-content\\\/uploads\\\/2020\\\/03\\\/949-Tronco-de-madera-maciza-de-110-a-170-mm-de-diametro-sin-corteza-tronco-de-madera-sin-corteza-wood-log-without-bark.jpg\",\"contentUrl\":\"https:\\\/\\\/www.garciavarona.com\\\/wp-content\\\/uploads\\\/2020\\\/03\\\/949-Tronco-de-madera-maciza-de-110-a-170-mm-de-diametro-sin-corteza-tronco-de-madera-sin-corteza-wood-log-without-bark.jpg\",\"width\":500,\"height\":500,\"caption\":\"Tronco de madera maciza de 110 a 170 mm de di\u00e1metro sin corteza - tronco de madera sin corteza - wood log without bark\"},{\"@type\":\"BreadcrumbList\",\"@id\":\"https:\\\/\\\/www.garciavarona.com\\\/en\\\/producto\\\/tronco-de-madera-maciza-de-110-a-170-mm-de-diametro-sin-corteza\\\/#breadcrumb\",\"itemListElement\":[{\"@type\":\"ListItem\",\"position\":1,\"name\":\"Portada\",\"item\":\"https:\\\/\\\/www.garciavarona.com\\\/en\\\/\"},{\"@type\":\"ListItem\",\"position\":2,\"name\":\"Tienda Maderas Garc\u00eda Varona\",\"item\":\"https:\\\/\\\/www.garciavarona.com\\\/tienda\\\/\"},{\"@type\":\"ListItem\",\"position\":3,\"name\":\"Tronco de madera maciza de 110 a 170 mm de di\u00e1metro sin corteza\"}]},{\"@type\":\"WebSite\",\"@id\":\"https:\\\/\\\/www.garciavarona.com\\\/en\\\/#website\",\"url\":\"https:\\\/\\\/www.garciavarona.com\\\/en\\\/\",\"name\":\"Maderas Garcia Varona\",\"description\":\"Fabrica y Aserradero de Madera. Expertos en Madera\",\"publisher\":{\"@id\":\"https:\\\/\\\/www.garciavarona.com\\\/en\\\/#organization\"},\"potentialAction\":[{\"@type\":\"SearchAction\",\"target\":{\"@type\":\"EntryPoint\",\"urlTemplate\":\"https:\\\/\\\/www.garciavarona.com\\\/en\\\/?s={search_term_string}\"},\"query-input\":{\"@type\":\"PropertyValueSpecification\",\"valueRequired\":true,\"valueName\":\"search_term_string\"}}],\"inLanguage\":\"en-US\"},{\"@type\":\"Organization\",\"@id\":\"https:\\\/\\\/www.garciavarona.com\\\/en\\\/#organization\",\"name\":\"Maderas Garcia Varona\",\"url\":\"https:\\\/\\\/www.garciavarona.com\\\/en\\\/\",\"logo\":{\"@type\":\"ImageObject\",\"inLanguage\":\"en-US\",\"@id\":\"https:\\\/\\\/www.garciavarona.com\\\/en\\\/#\\\/schema\\\/logo\\\/image\\\/\",\"url\":\"https:\\\/\\\/www.garciavarona.com\\\/wp-content\\\/uploads\\\/2022\\\/06\\\/logoGarciaVarona.svg\",\"contentUrl\":\"https:\\\/\\\/www.garciavarona.com\\\/wp-content\\\/uploads\\\/2022\\\/06\\\/logoGarciaVarona.svg\",\"width\":1020,\"height\":200,\"caption\":\"Maderas Garcia Varona\"},\"image\":{\"@id\":\"https:\\\/\\\/www.garciavarona.com\\\/en\\\/#\\\/schema\\\/logo\\\/image\\\/\"},\"sameAs\":[\"https:\\\/\\\/www.facebook.com\\\/maderasgarciavaronagrupo\",\"https:\\\/\\\/x.com\\\/maderasvaronars\",\"https:\\\/\\\/www.instagram.com\\\/maderasgarciavarona\\\/\",\"https:\\\/\\\/www.linkedin.com\\\/company\\\/maderas-garcia-varona\\\/\",\"https:\\\/\\\/www.youtube.com\\\/channel\\\/UCGUEME06N_h66pB2coJC83w\\\/featured\"]}]}<\/script>\n<!-- \/ Yoast SEO plugin. -->","yoast_head_json":{"title":"Tronco de madera maciza de 110 a 170 mm de di\u00e1metro sin corteza","description":"Tronco de madera maciza de 110 a 170 mm de di\u00e1metro sin corteza. Le\u00f1o de madera maciza de 500 a 600 mm de alto. Tronco de madera natural para decoraci\u00f3n r\u00fastica","robots":{"index":"index","follow":"follow","max-snippet":"max-snippet:-1","max-image-preview":"max-image-preview:large","max-video-preview":"max-video-preview:-1"},"canonical":"https:\/\/www.garciavarona.com\/en\/producto\/tronco-de-madera-maciza-de-110-a-170-mm-de-diametro-sin-corteza\/","og_locale":"en_US","og_type":"article","og_title":"Tronco de madera maciza de 110 a 170 mm de di\u00e1metro sin corteza","og_description":"Tronco de madera maciza de 110 a 170 mm de di\u00e1metro sin corteza. Le\u00f1o de madera maciza de 500 a 600 mm de alto. Tronco de madera natural para decoraci\u00f3n r\u00fastica","og_url":"https:\/\/www.garciavarona.com\/en\/producto\/tronco-de-madera-maciza-de-110-a-170-mm-de-diametro-sin-corteza\/","og_site_name":"Maderas Garcia Varona","article_publisher":"https:\/\/www.facebook.com\/maderasgarciavaronagrupo","article_modified_time":"2026-03-27T07:44:24+00:00","og_image":[{"width":500,"height":500,"url":"https:\/\/www.garciavarona.com\/wp-content\/uploads\/2020\/03\/949-Tronco-de-madera-maciza-de-110-a-170-mm-de-diametro-sin-corteza-tronco-de-madera-sin-corteza-wood-log-without-bark.jpg","type":"image\/jpeg"}],"twitter_card":"summary_large_image","twitter_site":"@maderasvaronars","twitter_misc":{"Est. reading time":"2 minutes"},"schema":{"@context":"https:\/\/schema.org","@graph":[{"@type":["WebPage","ItemPage"],"@id":"https:\/\/www.garciavarona.com\/en\/producto\/tronco-de-madera-maciza-de-110-a-170-mm-de-diametro-sin-corteza\/","url":"https:\/\/www.garciavarona.com\/en\/producto\/tronco-de-madera-maciza-de-110-a-170-mm-de-diametro-sin-corteza\/","name":"Tronco de madera maciza de 110 a 170 mm de di\u00e1metro sin corteza","isPartOf":{"@id":"https:\/\/www.garciavarona.com\/en\/#website"},"primaryImageOfPage":{"@id":"https:\/\/www.garciavarona.com\/en\/producto\/tronco-de-madera-maciza-de-110-a-170-mm-de-diametro-sin-corteza\/#primaryimage"},"image":{"@id":"https:\/\/www.garciavarona.com\/en\/producto\/tronco-de-madera-maciza-de-110-a-170-mm-de-diametro-sin-corteza\/#primaryimage"},"thumbnailUrl":"https:\/\/www.garciavarona.com\/wp-content\/uploads\/2020\/03\/949-Tronco-de-madera-maciza-de-110-a-170-mm-de-diametro-sin-corteza-tronco-de-madera-sin-corteza-wood-log-without-bark.jpg","datePublished":"2020-03-03T12:17:39+00:00","dateModified":"2026-03-27T07:44:24+00:00","description":"Tronco de madera maciza de 110 a 170 mm de di\u00e1metro sin corteza. Le\u00f1o de madera maciza de 500 a 600 mm de alto. Tronco de madera natural para decoraci\u00f3n r\u00fastica","breadcrumb":{"@id":"https:\/\/www.garciavarona.com\/en\/producto\/tronco-de-madera-maciza-de-110-a-170-mm-de-diametro-sin-corteza\/#breadcrumb"},"inLanguage":"en-US","potentialAction":[{"@type":"ReadAction","target":["https:\/\/www.garciavarona.com\/en\/producto\/tronco-de-madera-maciza-de-110-a-170-mm-de-diametro-sin-corteza\/"]}]},{"@type":"ImageObject","inLanguage":"en-US","@id":"https:\/\/www.garciavarona.com\/en\/producto\/tronco-de-madera-maciza-de-110-a-170-mm-de-diametro-sin-corteza\/#primaryimage","url":"https:\/\/www.garciavarona.com\/wp-content\/uploads\/2020\/03\/949-Tronco-de-madera-maciza-de-110-a-170-mm-de-diametro-sin-corteza-tronco-de-madera-sin-corteza-wood-log-without-bark.jpg","contentUrl":"https:\/\/www.garciavarona.com\/wp-content\/uploads\/2020\/03\/949-Tronco-de-madera-maciza-de-110-a-170-mm-de-diametro-sin-corteza-tronco-de-madera-sin-corteza-wood-log-without-bark.jpg","width":500,"height":500,"caption":"Tronco de madera maciza de 110 a 170 mm de di\u00e1metro sin corteza - tronco de madera sin corteza - wood log without bark"},{"@type":"BreadcrumbList","@id":"https:\/\/www.garciavarona.com\/en\/producto\/tronco-de-madera-maciza-de-110-a-170-mm-de-diametro-sin-corteza\/#breadcrumb","itemListElement":[{"@type":"ListItem","position":1,"name":"Portada","item":"https:\/\/www.garciavarona.com\/en\/"},{"@type":"ListItem","position":2,"name":"Tienda Maderas Garc\u00eda Varona","item":"https:\/\/www.garciavarona.com\/tienda\/"},{"@type":"ListItem","position":3,"name":"Tronco de madera maciza de 110 a 170 mm de di\u00e1metro sin corteza"}]},{"@type":"WebSite","@id":"https:\/\/www.garciavarona.com\/en\/#website","url":"https:\/\/www.garciavarona.com\/en\/","name":"Maderas Garcia Varona","description":"Fabrica y Aserradero de Madera. Expertos en Madera","publisher":{"@id":"https:\/\/www.garciavarona.com\/en\/#organization"},"potentialAction":[{"@type":"SearchAction","target":{"@type":"EntryPoint","urlTemplate":"https:\/\/www.garciavarona.com\/en\/?s={search_term_string}"},"query-input":{"@type":"PropertyValueSpecification","valueRequired":true,"valueName":"search_term_string"}}],"inLanguage":"en-US"},{"@type":"Organization","@id":"https:\/\/www.garciavarona.com\/en\/#organization","name":"Maderas Garcia Varona","url":"https:\/\/www.garciavarona.com\/en\/","logo":{"@type":"ImageObject","inLanguage":"en-US","@id":"https:\/\/www.garciavarona.com\/en\/#\/schema\/logo\/image\/","url":"https:\/\/www.garciavarona.com\/wp-content\/uploads\/2022\/06\/logoGarciaVarona.svg","contentUrl":"https:\/\/www.garciavarona.com\/wp-content\/uploads\/2022\/06\/logoGarciaVarona.svg","width":1020,"height":200,"caption":"Maderas Garcia Varona"},"image":{"@id":"https:\/\/www.garciavarona.com\/en\/#\/schema\/logo\/image\/"},"sameAs":["https:\/\/www.facebook.com\/maderasgarciavaronagrupo","https:\/\/x.com\/maderasvaronars","https:\/\/www.instagram.com\/maderasgarciavarona\/","https:\/\/www.linkedin.com\/company\/maderas-garcia-varona\/","https:\/\/www.youtube.com\/channel\/UCGUEME06N_h66pB2coJC83w\/featured"]}]}},"_links":{"self":[{"href":"https:\/\/www.garciavarona.com\/en\/wp-json\/wp\/v2\/product\/12377","targetHints":{"allow":["GET"]}}],"collection":[{"href":"https:\/\/www.garciavarona.com\/en\/wp-json\/wp\/v2\/product"}],"about":[{"href":"https:\/\/www.garciavarona.com\/en\/wp-json\/wp\/v2\/types\/product"}],"version-history":[{"count":2,"href":"https:\/\/www.garciavarona.com\/en\/wp-json\/wp\/v2\/product\/12377\/revisions"}],"predecessor-version":[{"id":21867,"href":"https:\/\/www.garciavarona.com\/en\/wp-json\/wp\/v2\/product\/12377\/revisions\/21867"}],"wp:featuredmedia":[{"embeddable":true,"href":"https:\/\/www.garciavarona.com\/en\/wp-json\/wp\/v2\/media\/12374"}],"wp:attachment":[{"href":"https:\/\/www.garciavarona.com\/en\/wp-json\/wp\/v2\/media?parent=12377"}],"wp:term":[{"taxonomy":"product_brand","embeddable":true,"href":"https:\/\/www.garciavarona.com\/en\/wp-json\/wp\/v2\/product_brand?post=12377"},{"taxonomy":"product_cat","embeddable":true,"href":"https:\/\/www.garciavarona.com\/en\/wp-json\/wp\/v2\/product_cat?post=12377"},{"taxonomy":"product_tag","embeddable":true,"href":"https:\/\/www.garciavarona.com\/en\/wp-json\/wp\/v2\/product_tag?post=12377"}],"curies":[{"name":"wp","href":"https:\/\/api.w.org\/{rel}","templated":true}]}}