{"id":12387,"date":"2020-03-11T12:04:17","date_gmt":"2020-03-11T12:04:17","guid":{"rendered":"https:\/\/pruebas.garciavarona.com\/producto\/banera-de-madera-oval-mediana\/"},"modified":"2023-03-24T10:27:58","modified_gmt":"2023-03-24T10:27:58","slug":"banera-de-madera-oval-mediana","status":"publish","type":"product","link":"https:\/\/www.garciavarona.com\/en\/producto\/banera-de-madera-oval-mediana\/","title":{"rendered":"Ba\u00f1era de madera oval mediana"},"content":{"rendered":"<p>Ba\u00f1era r\u00fastica de madera acacia con forma ovalada, tama\u00f1o mediano. Fabricada de la misma manera que se fabrican las barricas de madera para vino. Al igual que los barriles, este tipo de ba\u00f1eras est\u00e1n perfectamente adaptadas para el uso que se les va a dar, por lo que no pierden agua.<\/p>\n<p>Ba\u00f1era de madera de inspiraci\u00f3n n\u00f3rdica, con apariencia r\u00fastica. C\u00e1lida al tacto, no pierde tanto calor acumulado como las ba\u00f1eras cer\u00e1micas. <\/p>\n<p><span style=\"text-decoration: underline;\">Dimensiones:<\/span><\/p>\n<p>800 mm. de altura en la cabecera<\/p>\n<p>600 mm. de altura en los pies<\/p>\n<p>800 mm. de anchura <\/p>\n<p>1.500 mm. de largura<\/p>\n<p>* CONSULTAR\u00a0 disponibilidad de otras medidas.<br \/>** Suministro bajo pedido. Consultar plazo de entrega.<\/p>\n<p><span style=\"text-decoration: underline;\">Consejos para su colocaci\u00f3n:<\/span><\/p>\n<p>Esta ba\u00f1era debe de ser colocada por un profesional. <\/p>\n<p>El lugar elegido para la instalaci\u00f3n no deber\u00e1 de ser demasiado seco. <\/p>\n<p>La ba\u00f1era debe de estar alejada de fuentes directas de calor, ya que esto podr\u00eda afectar a la madera sec\u00e1ndola.<\/p>\n<p><span style=\"text-decoration: underline;\">Consejos para su mantenimiento:<\/span><\/p>\n<p>Debe aclararse la ba\u00f1era despu\u00e9s de cada uso, eliminando con agua los restos de jab\u00f3n. <\/p>\n<p>No utilizar para su limpieza espartos o esponjas abrasivas que podr\u00edan da\u00f1ar la madera. <\/p>\n<p>Cada dos o tres meses aplicar un aceite especifico para madera o aceite de linaza. Dejar que el aceite penetre durante unas 8 horas y retirar el excedente con un pa\u00f1o seco.<\/p>\n","protected":false},"excerpt":{"rendered":"<p>Ba\u00f1era r\u00fastica de madera acacia con forma ovalada.<\/p>\n","protected":false},"featured_media":12386,"template":"","meta":[],"product_brand":[],"product_cat":[2075,768,756],"product_tag":[1270,1273,1274,1272,1271],"class_list":{"0":"post-12387","1":"product","2":"type-product","3":"status-publish","4":"has-post-thumbnail","6":"product_cat-producto-recogida-en-tienda","7":"product_cat-banera-rustica","8":"product_cat-decoracion-madera","9":"product_tag-banera-de-madera","10":"product_tag-banera-de-madera-de-acacia","11":"product_tag-banera-original","12":"product_tag-banera-ovalada","13":"product_tag-banera-rustica","15":"first","16":"instock","17":"taxable","18":"shipping-taxable","19":"purchasable","20":"product-type-simple"},"yoast_head":"<!-- This site is optimized with the Yoast SEO plugin v27.3 - https:\/\/yoast.com\/product\/yoast-seo-wordpress\/ -->\n<title>Ba\u00f1era de madera con forma ovalada tama\u00f1o mediano.<\/title>\n<meta name=\"description\" content=\"Ba\u00f1era de madera con forma ovalada tama\u00f1o mediano. Ba\u00f1era de madera de acacia de inspiraci\u00f3n n\u00f3rdica. Consigue una decoraci\u00f3n r\u00fastica con esta ba\u00f1era original.\" \/>\n<meta name=\"robots\" content=\"index, follow, max-snippet:-1, max-image-preview:large, max-video-preview:-1\" \/>\n<link rel=\"canonical\" href=\"https:\/\/www.garciavarona.com\/en\/producto\/banera-de-madera-oval-mediana\/\" \/>\n<meta property=\"og:locale\" content=\"en_US\" \/>\n<meta property=\"og:type\" content=\"article\" \/>\n<meta property=\"og:title\" content=\"Ba\u00f1era de madera con forma ovalada tama\u00f1o mediano.\" \/>\n<meta property=\"og:description\" content=\"Ba\u00f1era de madera con forma ovalada tama\u00f1o mediano. Ba\u00f1era de madera de acacia de inspiraci\u00f3n n\u00f3rdica. Consigue una decoraci\u00f3n r\u00fastica con esta ba\u00f1era original.\" \/>\n<meta property=\"og:url\" content=\"https:\/\/www.garciavarona.com\/en\/producto\/banera-de-madera-oval-mediana\/\" \/>\n<meta property=\"og:site_name\" content=\"Maderas Garcia Varona\" \/>\n<meta property=\"article:publisher\" content=\"https:\/\/www.facebook.com\/maderasgarciavaronagrupo\" \/>\n<meta property=\"article:modified_time\" content=\"2023-03-24T10:27:58+00:00\" \/>\n<meta property=\"og:image\" content=\"https:\/\/www.garciavarona.com\/wp-content\/uploads\/2020\/03\/956-Banera-de-madera-ovalada-pequena.jpg\" \/>\n\t<meta property=\"og:image:width\" content=\"500\" \/>\n\t<meta property=\"og:image:height\" content=\"500\" \/>\n\t<meta property=\"og:image:type\" content=\"image\/jpeg\" \/>\n<meta name=\"twitter:card\" content=\"summary_large_image\" \/>\n<meta name=\"twitter:site\" content=\"@maderasvaronars\" \/>\n<meta name=\"twitter:label1\" content=\"Est. reading time\" \/>\n\t<meta name=\"twitter:data1\" content=\"1 minute\" \/>\n<script type=\"application\/ld+json\" class=\"yoast-schema-graph\">{\"@context\":\"https:\\\/\\\/schema.org\",\"@graph\":[{\"@type\":[\"WebPage\",\"ItemPage\"],\"@id\":\"https:\\\/\\\/www.garciavarona.com\\\/en\\\/producto\\\/banera-de-madera-oval-mediana\\\/\",\"url\":\"https:\\\/\\\/www.garciavarona.com\\\/en\\\/producto\\\/banera-de-madera-oval-mediana\\\/\",\"name\":\"Ba\u00f1era de madera con forma ovalada tama\u00f1o mediano.\",\"isPartOf\":{\"@id\":\"https:\\\/\\\/www.garciavarona.com\\\/en\\\/#website\"},\"primaryImageOfPage\":{\"@id\":\"https:\\\/\\\/www.garciavarona.com\\\/en\\\/producto\\\/banera-de-madera-oval-mediana\\\/#primaryimage\"},\"image\":{\"@id\":\"https:\\\/\\\/www.garciavarona.com\\\/en\\\/producto\\\/banera-de-madera-oval-mediana\\\/#primaryimage\"},\"thumbnailUrl\":\"https:\\\/\\\/www.garciavarona.com\\\/wp-content\\\/uploads\\\/2020\\\/03\\\/956-Banera-de-madera-ovalada-pequena.jpg\",\"datePublished\":\"2020-03-11T12:04:17+00:00\",\"dateModified\":\"2023-03-24T10:27:58+00:00\",\"description\":\"Ba\u00f1era de madera con forma ovalada tama\u00f1o mediano. Ba\u00f1era de madera de acacia de inspiraci\u00f3n n\u00f3rdica. Consigue una decoraci\u00f3n r\u00fastica con esta ba\u00f1era original.\",\"breadcrumb\":{\"@id\":\"https:\\\/\\\/www.garciavarona.com\\\/en\\\/producto\\\/banera-de-madera-oval-mediana\\\/#breadcrumb\"},\"inLanguage\":\"en-US\",\"potentialAction\":[{\"@type\":\"ReadAction\",\"target\":[\"https:\\\/\\\/www.garciavarona.com\\\/en\\\/producto\\\/banera-de-madera-oval-mediana\\\/\"]}]},{\"@type\":\"ImageObject\",\"inLanguage\":\"en-US\",\"@id\":\"https:\\\/\\\/www.garciavarona.com\\\/en\\\/producto\\\/banera-de-madera-oval-mediana\\\/#primaryimage\",\"url\":\"https:\\\/\\\/www.garciavarona.com\\\/wp-content\\\/uploads\\\/2020\\\/03\\\/956-Banera-de-madera-ovalada-pequena.jpg\",\"contentUrl\":\"https:\\\/\\\/www.garciavarona.com\\\/wp-content\\\/uploads\\\/2020\\\/03\\\/956-Banera-de-madera-ovalada-pequena.jpg\",\"width\":500,\"height\":500,\"caption\":\"Ba\u00f1era de madera ovalada peque\u00f1a\"},{\"@type\":\"BreadcrumbList\",\"@id\":\"https:\\\/\\\/www.garciavarona.com\\\/en\\\/producto\\\/banera-de-madera-oval-mediana\\\/#breadcrumb\",\"itemListElement\":[{\"@type\":\"ListItem\",\"position\":1,\"name\":\"Portada\",\"item\":\"https:\\\/\\\/www.garciavarona.com\\\/en\\\/\"},{\"@type\":\"ListItem\",\"position\":2,\"name\":\"Tienda Maderas Garc\u00eda Varona\",\"item\":\"https:\\\/\\\/www.garciavarona.com\\\/tienda\\\/\"},{\"@type\":\"ListItem\",\"position\":3,\"name\":\"Ba\u00f1era de madera oval mediana\"}]},{\"@type\":\"WebSite\",\"@id\":\"https:\\\/\\\/www.garciavarona.com\\\/en\\\/#website\",\"url\":\"https:\\\/\\\/www.garciavarona.com\\\/en\\\/\",\"name\":\"Maderas Garcia Varona\",\"description\":\"Fabrica y Aserradero de Madera. Expertos en Madera\",\"publisher\":{\"@id\":\"https:\\\/\\\/www.garciavarona.com\\\/en\\\/#organization\"},\"potentialAction\":[{\"@type\":\"SearchAction\",\"target\":{\"@type\":\"EntryPoint\",\"urlTemplate\":\"https:\\\/\\\/www.garciavarona.com\\\/en\\\/?s={search_term_string}\"},\"query-input\":{\"@type\":\"PropertyValueSpecification\",\"valueRequired\":true,\"valueName\":\"search_term_string\"}}],\"inLanguage\":\"en-US\"},{\"@type\":\"Organization\",\"@id\":\"https:\\\/\\\/www.garciavarona.com\\\/en\\\/#organization\",\"name\":\"Maderas Garcia Varona\",\"url\":\"https:\\\/\\\/www.garciavarona.com\\\/en\\\/\",\"logo\":{\"@type\":\"ImageObject\",\"inLanguage\":\"en-US\",\"@id\":\"https:\\\/\\\/www.garciavarona.com\\\/en\\\/#\\\/schema\\\/logo\\\/image\\\/\",\"url\":\"https:\\\/\\\/www.garciavarona.com\\\/wp-content\\\/uploads\\\/2022\\\/06\\\/logoGarciaVarona.svg\",\"contentUrl\":\"https:\\\/\\\/www.garciavarona.com\\\/wp-content\\\/uploads\\\/2022\\\/06\\\/logoGarciaVarona.svg\",\"width\":1020,\"height\":200,\"caption\":\"Maderas Garcia Varona\"},\"image\":{\"@id\":\"https:\\\/\\\/www.garciavarona.com\\\/en\\\/#\\\/schema\\\/logo\\\/image\\\/\"},\"sameAs\":[\"https:\\\/\\\/www.facebook.com\\\/maderasgarciavaronagrupo\",\"https:\\\/\\\/x.com\\\/maderasvaronars\",\"https:\\\/\\\/www.instagram.com\\\/maderasgarciavarona\\\/\",\"https:\\\/\\\/www.linkedin.com\\\/company\\\/maderas-garcia-varona\\\/\",\"https:\\\/\\\/www.youtube.com\\\/channel\\\/UCGUEME06N_h66pB2coJC83w\\\/featured\"]}]}<\/script>\n<!-- \/ Yoast SEO plugin. -->","yoast_head_json":{"title":"Ba\u00f1era de madera con forma ovalada tama\u00f1o mediano.","description":"Ba\u00f1era de madera con forma ovalada tama\u00f1o mediano. Ba\u00f1era de madera de acacia de inspiraci\u00f3n n\u00f3rdica. Consigue una decoraci\u00f3n r\u00fastica con esta ba\u00f1era original.","robots":{"index":"index","follow":"follow","max-snippet":"max-snippet:-1","max-image-preview":"max-image-preview:large","max-video-preview":"max-video-preview:-1"},"canonical":"https:\/\/www.garciavarona.com\/en\/producto\/banera-de-madera-oval-mediana\/","og_locale":"en_US","og_type":"article","og_title":"Ba\u00f1era de madera con forma ovalada tama\u00f1o mediano.","og_description":"Ba\u00f1era de madera con forma ovalada tama\u00f1o mediano. Ba\u00f1era de madera de acacia de inspiraci\u00f3n n\u00f3rdica. Consigue una decoraci\u00f3n r\u00fastica con esta ba\u00f1era original.","og_url":"https:\/\/www.garciavarona.com\/en\/producto\/banera-de-madera-oval-mediana\/","og_site_name":"Maderas Garcia Varona","article_publisher":"https:\/\/www.facebook.com\/maderasgarciavaronagrupo","article_modified_time":"2023-03-24T10:27:58+00:00","og_image":[{"width":500,"height":500,"url":"https:\/\/www.garciavarona.com\/wp-content\/uploads\/2020\/03\/956-Banera-de-madera-ovalada-pequena.jpg","type":"image\/jpeg"}],"twitter_card":"summary_large_image","twitter_site":"@maderasvaronars","twitter_misc":{"Est. reading time":"1 minute"},"schema":{"@context":"https:\/\/schema.org","@graph":[{"@type":["WebPage","ItemPage"],"@id":"https:\/\/www.garciavarona.com\/en\/producto\/banera-de-madera-oval-mediana\/","url":"https:\/\/www.garciavarona.com\/en\/producto\/banera-de-madera-oval-mediana\/","name":"Ba\u00f1era de madera con forma ovalada tama\u00f1o mediano.","isPartOf":{"@id":"https:\/\/www.garciavarona.com\/en\/#website"},"primaryImageOfPage":{"@id":"https:\/\/www.garciavarona.com\/en\/producto\/banera-de-madera-oval-mediana\/#primaryimage"},"image":{"@id":"https:\/\/www.garciavarona.com\/en\/producto\/banera-de-madera-oval-mediana\/#primaryimage"},"thumbnailUrl":"https:\/\/www.garciavarona.com\/wp-content\/uploads\/2020\/03\/956-Banera-de-madera-ovalada-pequena.jpg","datePublished":"2020-03-11T12:04:17+00:00","dateModified":"2023-03-24T10:27:58+00:00","description":"Ba\u00f1era de madera con forma ovalada tama\u00f1o mediano. Ba\u00f1era de madera de acacia de inspiraci\u00f3n n\u00f3rdica. Consigue una decoraci\u00f3n r\u00fastica con esta ba\u00f1era original.","breadcrumb":{"@id":"https:\/\/www.garciavarona.com\/en\/producto\/banera-de-madera-oval-mediana\/#breadcrumb"},"inLanguage":"en-US","potentialAction":[{"@type":"ReadAction","target":["https:\/\/www.garciavarona.com\/en\/producto\/banera-de-madera-oval-mediana\/"]}]},{"@type":"ImageObject","inLanguage":"en-US","@id":"https:\/\/www.garciavarona.com\/en\/producto\/banera-de-madera-oval-mediana\/#primaryimage","url":"https:\/\/www.garciavarona.com\/wp-content\/uploads\/2020\/03\/956-Banera-de-madera-ovalada-pequena.jpg","contentUrl":"https:\/\/www.garciavarona.com\/wp-content\/uploads\/2020\/03\/956-Banera-de-madera-ovalada-pequena.jpg","width":500,"height":500,"caption":"Ba\u00f1era de madera ovalada peque\u00f1a"},{"@type":"BreadcrumbList","@id":"https:\/\/www.garciavarona.com\/en\/producto\/banera-de-madera-oval-mediana\/#breadcrumb","itemListElement":[{"@type":"ListItem","position":1,"name":"Portada","item":"https:\/\/www.garciavarona.com\/en\/"},{"@type":"ListItem","position":2,"name":"Tienda Maderas Garc\u00eda Varona","item":"https:\/\/www.garciavarona.com\/tienda\/"},{"@type":"ListItem","position":3,"name":"Ba\u00f1era de madera oval mediana"}]},{"@type":"WebSite","@id":"https:\/\/www.garciavarona.com\/en\/#website","url":"https:\/\/www.garciavarona.com\/en\/","name":"Maderas Garcia Varona","description":"Fabrica y Aserradero de Madera. Expertos en Madera","publisher":{"@id":"https:\/\/www.garciavarona.com\/en\/#organization"},"potentialAction":[{"@type":"SearchAction","target":{"@type":"EntryPoint","urlTemplate":"https:\/\/www.garciavarona.com\/en\/?s={search_term_string}"},"query-input":{"@type":"PropertyValueSpecification","valueRequired":true,"valueName":"search_term_string"}}],"inLanguage":"en-US"},{"@type":"Organization","@id":"https:\/\/www.garciavarona.com\/en\/#organization","name":"Maderas Garcia Varona","url":"https:\/\/www.garciavarona.com\/en\/","logo":{"@type":"ImageObject","inLanguage":"en-US","@id":"https:\/\/www.garciavarona.com\/en\/#\/schema\/logo\/image\/","url":"https:\/\/www.garciavarona.com\/wp-content\/uploads\/2022\/06\/logoGarciaVarona.svg","contentUrl":"https:\/\/www.garciavarona.com\/wp-content\/uploads\/2022\/06\/logoGarciaVarona.svg","width":1020,"height":200,"caption":"Maderas Garcia Varona"},"image":{"@id":"https:\/\/www.garciavarona.com\/en\/#\/schema\/logo\/image\/"},"sameAs":["https:\/\/www.facebook.com\/maderasgarciavaronagrupo","https:\/\/x.com\/maderasvaronars","https:\/\/www.instagram.com\/maderasgarciavarona\/","https:\/\/www.linkedin.com\/company\/maderas-garcia-varona\/","https:\/\/www.youtube.com\/channel\/UCGUEME06N_h66pB2coJC83w\/featured"]}]}},"_links":{"self":[{"href":"https:\/\/www.garciavarona.com\/en\/wp-json\/wp\/v2\/product\/12387","targetHints":{"allow":["GET"]}}],"collection":[{"href":"https:\/\/www.garciavarona.com\/en\/wp-json\/wp\/v2\/product"}],"about":[{"href":"https:\/\/www.garciavarona.com\/en\/wp-json\/wp\/v2\/types\/product"}],"version-history":[{"count":1,"href":"https:\/\/www.garciavarona.com\/en\/wp-json\/wp\/v2\/product\/12387\/revisions"}],"predecessor-version":[{"id":14263,"href":"https:\/\/www.garciavarona.com\/en\/wp-json\/wp\/v2\/product\/12387\/revisions\/14263"}],"wp:featuredmedia":[{"embeddable":true,"href":"https:\/\/www.garciavarona.com\/en\/wp-json\/wp\/v2\/media\/12386"}],"wp:attachment":[{"href":"https:\/\/www.garciavarona.com\/en\/wp-json\/wp\/v2\/media?parent=12387"}],"wp:term":[{"taxonomy":"product_brand","embeddable":true,"href":"https:\/\/www.garciavarona.com\/en\/wp-json\/wp\/v2\/product_brand?post=12387"},{"taxonomy":"product_cat","embeddable":true,"href":"https:\/\/www.garciavarona.com\/en\/wp-json\/wp\/v2\/product_cat?post=12387"},{"taxonomy":"product_tag","embeddable":true,"href":"https:\/\/www.garciavarona.com\/en\/wp-json\/wp\/v2\/product_tag?post=12387"}],"curies":[{"name":"wp","href":"https:\/\/api.w.org\/{rel}","templated":true}]}}