{"id":12392,"date":"2020-03-11T12:19:39","date_gmt":"2020-03-11T12:19:39","guid":{"rendered":"https:\/\/pruebas.garciavarona.com\/producto\/banera-de-madera-redonda\/"},"modified":"2023-03-24T10:27:58","modified_gmt":"2023-03-24T10:27:58","slug":"banera-de-madera-redonda","status":"publish","type":"product","link":"https:\/\/www.garciavarona.com\/en\/producto\/banera-de-madera-redonda\/","title":{"rendered":"Ba\u00f1era de madera redonda"},"content":{"rendered":"<p>Ba\u00f1era r\u00fastica de madera acacia con forma redonda. Fabricada de la misma manera que se fabrican las barricas de madera para vino. Al igual que los barriles, este tipo de ba\u00f1eras est\u00e1n perfectamente adaptadas para el uso que se les va a dar, por lo que no pierden agua.<\/p>\n<p>Ba\u00f1era de madera de inspiraci\u00f3n oriental, con apariencia r\u00fastica. C\u00e1lida al tacto, no pierde tanto calor acumulado como las ba\u00f1eras cer\u00e1micas. <\/p>\n<p><span style=\"text-decoration: underline;\">Dimensiones:<\/span><\/p>\n<p>1.800 mm. de di\u00e1metro<\/p>\n<p>1.200 mm. de altura<\/p>\n<p>2.100 litros de capacidad<\/p>\n<p>* CONSULTAR\u00a0 disponibilidad de otras medidas.<br \/>** Suministro bajo pedido. Consultar plazo de entrega.<\/p>\n<p><span style=\"text-decoration: underline;\">Consejos para su colocaci\u00f3n:<\/span><\/p>\n<p>Esta ba\u00f1era debe de ser colocada por un profesional. <\/p>\n<p>El lugar elegido para la instalaci\u00f3n no deber\u00e1 de ser demasiado seco. <\/p>\n<p>La ba\u00f1era debe de estar alejada de fuentes directas de calor, ya que esto podr\u00eda afectar a la madera sec\u00e1ndola.<\/p>\n<p><span style=\"text-decoration: underline;\">Consejos para su mantenimiento:<\/span><\/p>\n<p>Debe aclararse la ba\u00f1era despu\u00e9s de cada uso, eliminando con agua los restos de jab\u00f3n. <\/p>\n<p>No utilizar para su limpieza espartos o esponjas abrasivas que podr\u00edan da\u00f1ar la madera. <\/p>\n<p>Cada dos o tres meses aplicar un aceite especifico para madera o aceite de linaza. Dejar que el aceite penetre durante unas 8 horas y retirar el excedente con un pa\u00f1o seco.<\/p>\n","protected":false},"excerpt":{"rendered":"<p>Ba\u00f1era r\u00fastica de madera acacia con forma redonda.<\/p>\n","protected":false},"featured_media":12390,"template":"","meta":[],"product_brand":[],"product_cat":[2075,768,756],"product_tag":[1270,1273,1276,1274,1275,1271],"class_list":{"0":"post-12392","1":"product","2":"type-product","3":"status-publish","4":"has-post-thumbnail","6":"product_cat-producto-recogida-en-tienda","7":"product_cat-banera-rustica","8":"product_cat-decoracion-madera","9":"product_tag-banera-de-madera","10":"product_tag-banera-de-madera-de-acacia","11":"product_tag-banera-de-madera-redonda","12":"product_tag-banera-original","13":"product_tag-banera-redonda","14":"product_tag-banera-rustica","16":"first","17":"instock","18":"taxable","19":"shipping-taxable","20":"purchasable","21":"product-type-simple"},"yoast_head":"<!-- This site is optimized with the Yoast SEO plugin v27.3 - https:\/\/yoast.com\/product\/yoast-seo-wordpress\/ -->\n<title>Ba\u00f1era de madera con forma redonda de inspiraci\u00f3n oriental<\/title>\n<meta name=\"description\" content=\"Ba\u00f1era de madera con forma redonda de inspiraci\u00f3n oriental. Ba\u00f1era de madera de acacia. Consigue una decoraci\u00f3n r\u00fastica con esta ba\u00f1era de madera original.\" \/>\n<meta name=\"robots\" content=\"index, follow, max-snippet:-1, max-image-preview:large, max-video-preview:-1\" \/>\n<link rel=\"canonical\" href=\"https:\/\/www.garciavarona.com\/en\/producto\/banera-de-madera-redonda\/\" \/>\n<meta property=\"og:locale\" content=\"en_US\" \/>\n<meta property=\"og:type\" content=\"article\" \/>\n<meta property=\"og:title\" content=\"Ba\u00f1era de madera con forma redonda de inspiraci\u00f3n oriental\" \/>\n<meta property=\"og:description\" content=\"Ba\u00f1era de madera con forma redonda de inspiraci\u00f3n oriental. Ba\u00f1era de madera de acacia. Consigue una decoraci\u00f3n r\u00fastica con esta ba\u00f1era de madera original.\" \/>\n<meta property=\"og:url\" content=\"https:\/\/www.garciavarona.com\/en\/producto\/banera-de-madera-redonda\/\" \/>\n<meta property=\"og:site_name\" content=\"Maderas Garcia Varona\" \/>\n<meta property=\"article:publisher\" content=\"https:\/\/www.facebook.com\/maderasgarciavaronagrupo\" \/>\n<meta property=\"article:modified_time\" content=\"2023-03-24T10:27:58+00:00\" \/>\n<meta property=\"og:image\" content=\"https:\/\/www.garciavarona.com\/wp-content\/uploads\/2020\/03\/961-Banera-de-madera-redonda.jpg\" \/>\n\t<meta property=\"og:image:width\" content=\"500\" \/>\n\t<meta property=\"og:image:height\" content=\"500\" \/>\n\t<meta property=\"og:image:type\" content=\"image\/jpeg\" \/>\n<meta name=\"twitter:card\" content=\"summary_large_image\" \/>\n<meta name=\"twitter:site\" content=\"@maderasvaronars\" \/>\n<meta name=\"twitter:label1\" content=\"Est. reading time\" \/>\n\t<meta name=\"twitter:data1\" content=\"1 minute\" \/>\n<script type=\"application\/ld+json\" class=\"yoast-schema-graph\">{\"@context\":\"https:\\\/\\\/schema.org\",\"@graph\":[{\"@type\":[\"WebPage\",\"ItemPage\"],\"@id\":\"https:\\\/\\\/www.garciavarona.com\\\/en\\\/producto\\\/banera-de-madera-redonda\\\/\",\"url\":\"https:\\\/\\\/www.garciavarona.com\\\/en\\\/producto\\\/banera-de-madera-redonda\\\/\",\"name\":\"Ba\u00f1era de madera con forma redonda de inspiraci\u00f3n oriental\",\"isPartOf\":{\"@id\":\"https:\\\/\\\/www.garciavarona.com\\\/en\\\/#website\"},\"primaryImageOfPage\":{\"@id\":\"https:\\\/\\\/www.garciavarona.com\\\/en\\\/producto\\\/banera-de-madera-redonda\\\/#primaryimage\"},\"image\":{\"@id\":\"https:\\\/\\\/www.garciavarona.com\\\/en\\\/producto\\\/banera-de-madera-redonda\\\/#primaryimage\"},\"thumbnailUrl\":\"https:\\\/\\\/www.garciavarona.com\\\/wp-content\\\/uploads\\\/2020\\\/03\\\/961-Banera-de-madera-redonda.jpg\",\"datePublished\":\"2020-03-11T12:19:39+00:00\",\"dateModified\":\"2023-03-24T10:27:58+00:00\",\"description\":\"Ba\u00f1era de madera con forma redonda de inspiraci\u00f3n oriental. Ba\u00f1era de madera de acacia. Consigue una decoraci\u00f3n r\u00fastica con esta ba\u00f1era de madera original.\",\"breadcrumb\":{\"@id\":\"https:\\\/\\\/www.garciavarona.com\\\/en\\\/producto\\\/banera-de-madera-redonda\\\/#breadcrumb\"},\"inLanguage\":\"en-US\",\"potentialAction\":[{\"@type\":\"ReadAction\",\"target\":[\"https:\\\/\\\/www.garciavarona.com\\\/en\\\/producto\\\/banera-de-madera-redonda\\\/\"]}]},{\"@type\":\"ImageObject\",\"inLanguage\":\"en-US\",\"@id\":\"https:\\\/\\\/www.garciavarona.com\\\/en\\\/producto\\\/banera-de-madera-redonda\\\/#primaryimage\",\"url\":\"https:\\\/\\\/www.garciavarona.com\\\/wp-content\\\/uploads\\\/2020\\\/03\\\/961-Banera-de-madera-redonda.jpg\",\"contentUrl\":\"https:\\\/\\\/www.garciavarona.com\\\/wp-content\\\/uploads\\\/2020\\\/03\\\/961-Banera-de-madera-redonda.jpg\",\"width\":500,\"height\":500,\"caption\":\"Ba\u00f1era de madera redonda\"},{\"@type\":\"BreadcrumbList\",\"@id\":\"https:\\\/\\\/www.garciavarona.com\\\/en\\\/producto\\\/banera-de-madera-redonda\\\/#breadcrumb\",\"itemListElement\":[{\"@type\":\"ListItem\",\"position\":1,\"name\":\"Portada\",\"item\":\"https:\\\/\\\/www.garciavarona.com\\\/en\\\/\"},{\"@type\":\"ListItem\",\"position\":2,\"name\":\"Tienda Maderas Garc\u00eda Varona\",\"item\":\"https:\\\/\\\/www.garciavarona.com\\\/tienda\\\/\"},{\"@type\":\"ListItem\",\"position\":3,\"name\":\"Ba\u00f1era de madera redonda\"}]},{\"@type\":\"WebSite\",\"@id\":\"https:\\\/\\\/www.garciavarona.com\\\/en\\\/#website\",\"url\":\"https:\\\/\\\/www.garciavarona.com\\\/en\\\/\",\"name\":\"Maderas Garcia Varona\",\"description\":\"Fabrica y Aserradero de Madera. Expertos en Madera\",\"publisher\":{\"@id\":\"https:\\\/\\\/www.garciavarona.com\\\/en\\\/#organization\"},\"potentialAction\":[{\"@type\":\"SearchAction\",\"target\":{\"@type\":\"EntryPoint\",\"urlTemplate\":\"https:\\\/\\\/www.garciavarona.com\\\/en\\\/?s={search_term_string}\"},\"query-input\":{\"@type\":\"PropertyValueSpecification\",\"valueRequired\":true,\"valueName\":\"search_term_string\"}}],\"inLanguage\":\"en-US\"},{\"@type\":\"Organization\",\"@id\":\"https:\\\/\\\/www.garciavarona.com\\\/en\\\/#organization\",\"name\":\"Maderas Garcia Varona\",\"url\":\"https:\\\/\\\/www.garciavarona.com\\\/en\\\/\",\"logo\":{\"@type\":\"ImageObject\",\"inLanguage\":\"en-US\",\"@id\":\"https:\\\/\\\/www.garciavarona.com\\\/en\\\/#\\\/schema\\\/logo\\\/image\\\/\",\"url\":\"https:\\\/\\\/www.garciavarona.com\\\/wp-content\\\/uploads\\\/2022\\\/06\\\/logoGarciaVarona.svg\",\"contentUrl\":\"https:\\\/\\\/www.garciavarona.com\\\/wp-content\\\/uploads\\\/2022\\\/06\\\/logoGarciaVarona.svg\",\"width\":1020,\"height\":200,\"caption\":\"Maderas Garcia Varona\"},\"image\":{\"@id\":\"https:\\\/\\\/www.garciavarona.com\\\/en\\\/#\\\/schema\\\/logo\\\/image\\\/\"},\"sameAs\":[\"https:\\\/\\\/www.facebook.com\\\/maderasgarciavaronagrupo\",\"https:\\\/\\\/x.com\\\/maderasvaronars\",\"https:\\\/\\\/www.instagram.com\\\/maderasgarciavarona\\\/\",\"https:\\\/\\\/www.linkedin.com\\\/company\\\/maderas-garcia-varona\\\/\",\"https:\\\/\\\/www.youtube.com\\\/channel\\\/UCGUEME06N_h66pB2coJC83w\\\/featured\"]}]}<\/script>\n<!-- \/ Yoast SEO plugin. -->","yoast_head_json":{"title":"Ba\u00f1era de madera con forma redonda de inspiraci\u00f3n oriental","description":"Ba\u00f1era de madera con forma redonda de inspiraci\u00f3n oriental. Ba\u00f1era de madera de acacia. Consigue una decoraci\u00f3n r\u00fastica con esta ba\u00f1era de madera original.","robots":{"index":"index","follow":"follow","max-snippet":"max-snippet:-1","max-image-preview":"max-image-preview:large","max-video-preview":"max-video-preview:-1"},"canonical":"https:\/\/www.garciavarona.com\/en\/producto\/banera-de-madera-redonda\/","og_locale":"en_US","og_type":"article","og_title":"Ba\u00f1era de madera con forma redonda de inspiraci\u00f3n oriental","og_description":"Ba\u00f1era de madera con forma redonda de inspiraci\u00f3n oriental. Ba\u00f1era de madera de acacia. Consigue una decoraci\u00f3n r\u00fastica con esta ba\u00f1era de madera original.","og_url":"https:\/\/www.garciavarona.com\/en\/producto\/banera-de-madera-redonda\/","og_site_name":"Maderas Garcia Varona","article_publisher":"https:\/\/www.facebook.com\/maderasgarciavaronagrupo","article_modified_time":"2023-03-24T10:27:58+00:00","og_image":[{"width":500,"height":500,"url":"https:\/\/www.garciavarona.com\/wp-content\/uploads\/2020\/03\/961-Banera-de-madera-redonda.jpg","type":"image\/jpeg"}],"twitter_card":"summary_large_image","twitter_site":"@maderasvaronars","twitter_misc":{"Est. reading time":"1 minute"},"schema":{"@context":"https:\/\/schema.org","@graph":[{"@type":["WebPage","ItemPage"],"@id":"https:\/\/www.garciavarona.com\/en\/producto\/banera-de-madera-redonda\/","url":"https:\/\/www.garciavarona.com\/en\/producto\/banera-de-madera-redonda\/","name":"Ba\u00f1era de madera con forma redonda de inspiraci\u00f3n oriental","isPartOf":{"@id":"https:\/\/www.garciavarona.com\/en\/#website"},"primaryImageOfPage":{"@id":"https:\/\/www.garciavarona.com\/en\/producto\/banera-de-madera-redonda\/#primaryimage"},"image":{"@id":"https:\/\/www.garciavarona.com\/en\/producto\/banera-de-madera-redonda\/#primaryimage"},"thumbnailUrl":"https:\/\/www.garciavarona.com\/wp-content\/uploads\/2020\/03\/961-Banera-de-madera-redonda.jpg","datePublished":"2020-03-11T12:19:39+00:00","dateModified":"2023-03-24T10:27:58+00:00","description":"Ba\u00f1era de madera con forma redonda de inspiraci\u00f3n oriental. Ba\u00f1era de madera de acacia. Consigue una decoraci\u00f3n r\u00fastica con esta ba\u00f1era de madera original.","breadcrumb":{"@id":"https:\/\/www.garciavarona.com\/en\/producto\/banera-de-madera-redonda\/#breadcrumb"},"inLanguage":"en-US","potentialAction":[{"@type":"ReadAction","target":["https:\/\/www.garciavarona.com\/en\/producto\/banera-de-madera-redonda\/"]}]},{"@type":"ImageObject","inLanguage":"en-US","@id":"https:\/\/www.garciavarona.com\/en\/producto\/banera-de-madera-redonda\/#primaryimage","url":"https:\/\/www.garciavarona.com\/wp-content\/uploads\/2020\/03\/961-Banera-de-madera-redonda.jpg","contentUrl":"https:\/\/www.garciavarona.com\/wp-content\/uploads\/2020\/03\/961-Banera-de-madera-redonda.jpg","width":500,"height":500,"caption":"Ba\u00f1era de madera redonda"},{"@type":"BreadcrumbList","@id":"https:\/\/www.garciavarona.com\/en\/producto\/banera-de-madera-redonda\/#breadcrumb","itemListElement":[{"@type":"ListItem","position":1,"name":"Portada","item":"https:\/\/www.garciavarona.com\/en\/"},{"@type":"ListItem","position":2,"name":"Tienda Maderas Garc\u00eda Varona","item":"https:\/\/www.garciavarona.com\/tienda\/"},{"@type":"ListItem","position":3,"name":"Ba\u00f1era de madera redonda"}]},{"@type":"WebSite","@id":"https:\/\/www.garciavarona.com\/en\/#website","url":"https:\/\/www.garciavarona.com\/en\/","name":"Maderas Garcia Varona","description":"Fabrica y Aserradero de Madera. Expertos en Madera","publisher":{"@id":"https:\/\/www.garciavarona.com\/en\/#organization"},"potentialAction":[{"@type":"SearchAction","target":{"@type":"EntryPoint","urlTemplate":"https:\/\/www.garciavarona.com\/en\/?s={search_term_string}"},"query-input":{"@type":"PropertyValueSpecification","valueRequired":true,"valueName":"search_term_string"}}],"inLanguage":"en-US"},{"@type":"Organization","@id":"https:\/\/www.garciavarona.com\/en\/#organization","name":"Maderas Garcia Varona","url":"https:\/\/www.garciavarona.com\/en\/","logo":{"@type":"ImageObject","inLanguage":"en-US","@id":"https:\/\/www.garciavarona.com\/en\/#\/schema\/logo\/image\/","url":"https:\/\/www.garciavarona.com\/wp-content\/uploads\/2022\/06\/logoGarciaVarona.svg","contentUrl":"https:\/\/www.garciavarona.com\/wp-content\/uploads\/2022\/06\/logoGarciaVarona.svg","width":1020,"height":200,"caption":"Maderas Garcia Varona"},"image":{"@id":"https:\/\/www.garciavarona.com\/en\/#\/schema\/logo\/image\/"},"sameAs":["https:\/\/www.facebook.com\/maderasgarciavaronagrupo","https:\/\/x.com\/maderasvaronars","https:\/\/www.instagram.com\/maderasgarciavarona\/","https:\/\/www.linkedin.com\/company\/maderas-garcia-varona\/","https:\/\/www.youtube.com\/channel\/UCGUEME06N_h66pB2coJC83w\/featured"]}]}},"_links":{"self":[{"href":"https:\/\/www.garciavarona.com\/en\/wp-json\/wp\/v2\/product\/12392","targetHints":{"allow":["GET"]}}],"collection":[{"href":"https:\/\/www.garciavarona.com\/en\/wp-json\/wp\/v2\/product"}],"about":[{"href":"https:\/\/www.garciavarona.com\/en\/wp-json\/wp\/v2\/types\/product"}],"version-history":[{"count":1,"href":"https:\/\/www.garciavarona.com\/en\/wp-json\/wp\/v2\/product\/12392\/revisions"}],"predecessor-version":[{"id":14261,"href":"https:\/\/www.garciavarona.com\/en\/wp-json\/wp\/v2\/product\/12392\/revisions\/14261"}],"wp:featuredmedia":[{"embeddable":true,"href":"https:\/\/www.garciavarona.com\/en\/wp-json\/wp\/v2\/media\/12390"}],"wp:attachment":[{"href":"https:\/\/www.garciavarona.com\/en\/wp-json\/wp\/v2\/media?parent=12392"}],"wp:term":[{"taxonomy":"product_brand","embeddable":true,"href":"https:\/\/www.garciavarona.com\/en\/wp-json\/wp\/v2\/product_brand?post=12392"},{"taxonomy":"product_cat","embeddable":true,"href":"https:\/\/www.garciavarona.com\/en\/wp-json\/wp\/v2\/product_cat?post=12392"},{"taxonomy":"product_tag","embeddable":true,"href":"https:\/\/www.garciavarona.com\/en\/wp-json\/wp\/v2\/product_tag?post=12392"}],"curies":[{"name":"wp","href":"https:\/\/api.w.org\/{rel}","templated":true}]}}