{"id":12417,"date":"2020-03-27T10:15:47","date_gmt":"2020-03-27T10:15:47","guid":{"rendered":"https:\/\/pruebas.garciavarona.com\/producto\/libro-casas-de-madera-los-sistemas-constructivos-a-base-de-madera-aplicados-a-viviendas-unifamiliares\/"},"modified":"2026-02-08T21:02:34","modified_gmt":"2026-02-08T20:02:34","slug":"libro-casas-de-madera-los-sistemas-constructivos-a-base-de-madera-aplicados-a-viviendas-unifamiliares","status":"publish","type":"product","link":"https:\/\/www.garciavarona.com\/en\/producto\/libro-casas-de-madera-los-sistemas-constructivos-a-base-de-madera-aplicados-a-viviendas-unifamiliares\/","title":{"rendered":"Libro Casas de Madera &#8211; Los sistemas constructivos a base de madera aplicados a viviendas unifamiliares"},"content":{"rendered":"<h1>Libro Casas de Madera &#8211; Los sistemas constructivos a base de madera aplicados a viviendas unifamiliares<\/h1>\n<p> El libro &#8220;Casas de Madera &#8211; Los sistemas constructivos a base de madera aplicados a viviendas unifamiliares&#8221; ha sido editado por la Asociaci\u00f3n de Investigaci\u00f3n T\u00e9cnica de las Industrias de la Madera y Corcho (AITIM). <\/p>\n<p>ISBN 84-87381-08-1<\/p>\n<p><span style=\"text-decoration: underline;\">Autores:<\/span><\/p>\n<p>Jos\u00e9 Enrique Peraza S\u00e1nchez<br \/>Arquitecto. AITIM. Coordinador<br \/>Francisco Arriaga Martitegui<br \/>Dr. Arquitecto. AITIM. Profesor de C\u00e1lculo de Estructuras de la U.P.M.<br \/>Carmen Arriaga Martitegui<br \/>Arquitecto<br \/>Marco Antonio Gonz\u00e1lez Alvarez<br \/>Dr. Ingeniero de Montes. MINER<br \/>Fernando Peraza S\u00e1nchez<br \/>Ingeniero de Montes. AITIM<br \/>Miguel Angel Rodr\u00edguez Nevado<br \/>Arquitecto y constructor<\/p>\n<p><span style=\"text-decoration: underline;\">VIVIR EN UNA CASA DE MADERA<\/span><\/p>\n<p>La ecolog\u00eda y la salvaguarda del medio ambiente preocupan a la mayor\u00eda de los ciudadanos. Entre todos los materiales de construcci\u00f3n la madera es, como es sabido, el \u00fanico natural y renovable. Las operaciones de transformaci\u00f3n del \u00e1rbol en madera son m\u00ednimas y apenas necesita energ\u00eda, en comparaci\u00f3n con otros materiales tradicionales. La casa de madera nace del bosque, ese pulm\u00f3n de la tierra que genera ox\u00edgeno, fija el anh\u00eddrido carb\u00f3nico y reduce el efecto invernadero, un medio en el cual se elabora el m\u00e1s ecol\u00f3gico de los materiales: la madera.<\/p>\n<p>El bosque ha de ser mantenido y cortado de forma ordenada para que su ciclo natural contin\u00fae. En los bosques abandonados los \u00e1rboles mueren de viejos, v\u00edctimas de la competencia mutua, sufren ataques de par\u00e1sitos, y se descomponen. El bosque deja entonces de producir ox\u00edgeno con lo que su papel ecol\u00f3gico se altera. El respeto al ciclo inmutable de la Naturaleza, impone, por tanto, una explotaci\u00f3n racional que permita mantener el bosque activo.<\/p>\n<p>En el bosque ordenado todo es puro y sano. Ver, tocar y sentir respirar los \u00e1rboles provoca un bienestar que se mantiene en cierto grado en las viviendas de madera. Esta sensaci\u00f3n de confort y bienestar no es una ilusi\u00f3n: la madera es uno de los materiales de construcci\u00f3n m\u00e1s sanos. En primer lugar la casa de madera es una casa que respira: absorbe y expulsa la humedad regularizando as\u00ed la del medio ambiente interior. Contribuye a evitar dolencias de reumatismo y de v\u00edas respiratorias, por estabilizar la humedad, y filtrar y purificar el aire. El campo bioel\u00e9ctrico natural de la madera proporciona adem\u00e1s un estado de equilibrio en el cuerpo humano.<\/p>\n<p><span style=\"text-decoration: underline;\">INDICE<\/span><\/p>\n<ul>\n<li>Cap\u00edtulo 0 Introducci\u00f3n: vivir una casa de madera<\/li>\n<li>Cap\u00edtulo 1 Casas de troncos<\/li>\n<li>Cap\u00edtulo 2 Casas de entramado pesado<\/li>\n<li>Cap\u00edtulo3 Casas de entramado ligero<\/li>\n<li>Anexo 1 Materiales<\/li>\n<li>Anexo 2 Entramados<\/li>\n<li>Anexo 3 Cerramientos<\/li>\n<li>Anexo 4 Revestimientos<\/li>\n<li>Anexo 5 C\u00e1lculo<\/li>\n<li>Anexo 6 Medios de uni\u00f3n<\/li>\n<li>Anexo 7 Aislamiento y acondicionamiento<\/li>\n<li>Anexo 8 Bibliograf\u00eda<\/li>\n<li>Anexo 9 Fotograf\u00edas<\/li>\n<li>Anexo 10 Suministradores<\/li>\n<li>Ep\u00edlogo Desarrollos de los sistemas b\u00e1sicos<\/li>\n<\/ul>\n","protected":false},"excerpt":{"rendered":"<p>Libro sobre tipos de casas de madera y los sistemas construcci\u00f3n de viviendas unifamiliares de madera.<\/p>\n","protected":false},"featured_media":12415,"template":"","meta":[],"product_brand":[],"product_cat":[757,795],"product_tag":[],"class_list":{"0":"post-12417","1":"product","2":"type-product","3":"status-publish","4":"has-post-thumbnail","6":"product_cat-outlet-de-madera","7":"product_cat-otros-articulos","9":"first","10":"instock","11":"taxable","12":"shipping-taxable","13":"purchasable","14":"product-type-simple"},"yoast_head":"<!-- This site is optimized with the Yoast SEO plugin v27.3 - https:\/\/yoast.com\/product\/yoast-seo-wordpress\/ -->\n<title>Libro Casas de Madera editado por AITIM.<\/title>\n<meta name=\"description\" content=\"Libro Casas de Madera editado por AITIM. Los sistemas constructivos a base de madera aplicados a las viviendas unifamiliares. Jos\u00e9 Enrique Peraza S\u00e1nchez.\" \/>\n<meta name=\"robots\" content=\"index, follow, max-snippet:-1, max-image-preview:large, max-video-preview:-1\" \/>\n<link rel=\"canonical\" href=\"https:\/\/www.garciavarona.com\/en\/producto\/libro-casas-de-madera-los-sistemas-constructivos-a-base-de-madera-aplicados-a-viviendas-unifamiliares\/\" \/>\n<meta property=\"og:locale\" content=\"en_US\" \/>\n<meta property=\"og:type\" content=\"article\" \/>\n<meta property=\"og:title\" content=\"Libro Casas de Madera editado por AITIM.\" \/>\n<meta property=\"og:description\" content=\"Libro Casas de Madera editado por AITIM. Los sistemas constructivos a base de madera aplicados a las viviendas unifamiliares. Jos\u00e9 Enrique Peraza S\u00e1nchez.\" \/>\n<meta property=\"og:url\" content=\"https:\/\/www.garciavarona.com\/en\/producto\/libro-casas-de-madera-los-sistemas-constructivos-a-base-de-madera-aplicados-a-viviendas-unifamiliares\/\" \/>\n<meta property=\"og:site_name\" content=\"Maderas Garcia Varona\" \/>\n<meta property=\"article:publisher\" content=\"https:\/\/www.facebook.com\/maderasgarciavaronagrupo\" \/>\n<meta property=\"article:modified_time\" content=\"2026-02-08T20:02:34+00:00\" \/>\n<meta property=\"og:image\" content=\"https:\/\/www.garciavarona.com\/wp-content\/uploads\/2020\/03\/982-Libro-Casas-de-Madera-Los-sistemas-constructivos-a-base-de-madera-aplicados-a-viviendas-unifamiliares.jpg\" \/>\n\t<meta property=\"og:image:width\" content=\"525\" \/>\n\t<meta property=\"og:image:height\" content=\"525\" \/>\n\t<meta property=\"og:image:type\" content=\"image\/jpeg\" \/>\n<meta name=\"twitter:card\" content=\"summary_large_image\" \/>\n<meta name=\"twitter:site\" content=\"@maderasvaronars\" \/>\n<meta name=\"twitter:label1\" content=\"Est. reading time\" \/>\n\t<meta name=\"twitter:data1\" content=\"2 minutes\" \/>\n<script type=\"application\/ld+json\" class=\"yoast-schema-graph\">{\"@context\":\"https:\\\/\\\/schema.org\",\"@graph\":[{\"@type\":[\"WebPage\",\"ItemPage\"],\"@id\":\"https:\\\/\\\/www.garciavarona.com\\\/en\\\/producto\\\/libro-casas-de-madera-los-sistemas-constructivos-a-base-de-madera-aplicados-a-viviendas-unifamiliares\\\/\",\"url\":\"https:\\\/\\\/www.garciavarona.com\\\/en\\\/producto\\\/libro-casas-de-madera-los-sistemas-constructivos-a-base-de-madera-aplicados-a-viviendas-unifamiliares\\\/\",\"name\":\"Libro Casas de Madera editado por AITIM.\",\"isPartOf\":{\"@id\":\"https:\\\/\\\/www.garciavarona.com\\\/en\\\/#website\"},\"primaryImageOfPage\":{\"@id\":\"https:\\\/\\\/www.garciavarona.com\\\/en\\\/producto\\\/libro-casas-de-madera-los-sistemas-constructivos-a-base-de-madera-aplicados-a-viviendas-unifamiliares\\\/#primaryimage\"},\"image\":{\"@id\":\"https:\\\/\\\/www.garciavarona.com\\\/en\\\/producto\\\/libro-casas-de-madera-los-sistemas-constructivos-a-base-de-madera-aplicados-a-viviendas-unifamiliares\\\/#primaryimage\"},\"thumbnailUrl\":\"https:\\\/\\\/www.garciavarona.com\\\/wp-content\\\/uploads\\\/2020\\\/03\\\/982-Libro-Casas-de-Madera-Los-sistemas-constructivos-a-base-de-madera-aplicados-a-viviendas-unifamiliares.jpg\",\"datePublished\":\"2020-03-27T10:15:47+00:00\",\"dateModified\":\"2026-02-08T20:02:34+00:00\",\"description\":\"Libro Casas de Madera editado por AITIM. Los sistemas constructivos a base de madera aplicados a las viviendas unifamiliares. Jos\u00e9 Enrique Peraza S\u00e1nchez.\",\"breadcrumb\":{\"@id\":\"https:\\\/\\\/www.garciavarona.com\\\/en\\\/producto\\\/libro-casas-de-madera-los-sistemas-constructivos-a-base-de-madera-aplicados-a-viviendas-unifamiliares\\\/#breadcrumb\"},\"inLanguage\":\"en-US\",\"potentialAction\":[{\"@type\":\"ReadAction\",\"target\":[\"https:\\\/\\\/www.garciavarona.com\\\/en\\\/producto\\\/libro-casas-de-madera-los-sistemas-constructivos-a-base-de-madera-aplicados-a-viviendas-unifamiliares\\\/\"]}]},{\"@type\":\"ImageObject\",\"inLanguage\":\"en-US\",\"@id\":\"https:\\\/\\\/www.garciavarona.com\\\/en\\\/producto\\\/libro-casas-de-madera-los-sistemas-constructivos-a-base-de-madera-aplicados-a-viviendas-unifamiliares\\\/#primaryimage\",\"url\":\"https:\\\/\\\/www.garciavarona.com\\\/wp-content\\\/uploads\\\/2020\\\/03\\\/982-Libro-Casas-de-Madera-Los-sistemas-constructivos-a-base-de-madera-aplicados-a-viviendas-unifamiliares.jpg\",\"contentUrl\":\"https:\\\/\\\/www.garciavarona.com\\\/wp-content\\\/uploads\\\/2020\\\/03\\\/982-Libro-Casas-de-Madera-Los-sistemas-constructivos-a-base-de-madera-aplicados-a-viviendas-unifamiliares.jpg\",\"width\":525,\"height\":525,\"caption\":\"Libro Casas de Madera - Los sistemas constructivos a base de madera aplicados a viviendas unifamiliares\"},{\"@type\":\"BreadcrumbList\",\"@id\":\"https:\\\/\\\/www.garciavarona.com\\\/en\\\/producto\\\/libro-casas-de-madera-los-sistemas-constructivos-a-base-de-madera-aplicados-a-viviendas-unifamiliares\\\/#breadcrumb\",\"itemListElement\":[{\"@type\":\"ListItem\",\"position\":1,\"name\":\"Portada\",\"item\":\"https:\\\/\\\/www.garciavarona.com\\\/en\\\/\"},{\"@type\":\"ListItem\",\"position\":2,\"name\":\"Tienda Maderas Garc\u00eda Varona\",\"item\":\"https:\\\/\\\/www.garciavarona.com\\\/tienda\\\/\"},{\"@type\":\"ListItem\",\"position\":3,\"name\":\"Libro Casas de Madera &#8211; Los sistemas constructivos a base de madera aplicados a viviendas unifamiliares\"}]},{\"@type\":\"WebSite\",\"@id\":\"https:\\\/\\\/www.garciavarona.com\\\/en\\\/#website\",\"url\":\"https:\\\/\\\/www.garciavarona.com\\\/en\\\/\",\"name\":\"Maderas Garcia Varona\",\"description\":\"Fabrica y Aserradero de Madera. Expertos en Madera\",\"publisher\":{\"@id\":\"https:\\\/\\\/www.garciavarona.com\\\/en\\\/#organization\"},\"potentialAction\":[{\"@type\":\"SearchAction\",\"target\":{\"@type\":\"EntryPoint\",\"urlTemplate\":\"https:\\\/\\\/www.garciavarona.com\\\/en\\\/?s={search_term_string}\"},\"query-input\":{\"@type\":\"PropertyValueSpecification\",\"valueRequired\":true,\"valueName\":\"search_term_string\"}}],\"inLanguage\":\"en-US\"},{\"@type\":\"Organization\",\"@id\":\"https:\\\/\\\/www.garciavarona.com\\\/en\\\/#organization\",\"name\":\"Maderas Garcia Varona\",\"url\":\"https:\\\/\\\/www.garciavarona.com\\\/en\\\/\",\"logo\":{\"@type\":\"ImageObject\",\"inLanguage\":\"en-US\",\"@id\":\"https:\\\/\\\/www.garciavarona.com\\\/en\\\/#\\\/schema\\\/logo\\\/image\\\/\",\"url\":\"https:\\\/\\\/www.garciavarona.com\\\/wp-content\\\/uploads\\\/2022\\\/06\\\/logoGarciaVarona.svg\",\"contentUrl\":\"https:\\\/\\\/www.garciavarona.com\\\/wp-content\\\/uploads\\\/2022\\\/06\\\/logoGarciaVarona.svg\",\"width\":1020,\"height\":200,\"caption\":\"Maderas Garcia Varona\"},\"image\":{\"@id\":\"https:\\\/\\\/www.garciavarona.com\\\/en\\\/#\\\/schema\\\/logo\\\/image\\\/\"},\"sameAs\":[\"https:\\\/\\\/www.facebook.com\\\/maderasgarciavaronagrupo\",\"https:\\\/\\\/x.com\\\/maderasvaronars\",\"https:\\\/\\\/www.instagram.com\\\/maderasgarciavarona\\\/\",\"https:\\\/\\\/www.linkedin.com\\\/company\\\/maderas-garcia-varona\\\/\",\"https:\\\/\\\/www.youtube.com\\\/channel\\\/UCGUEME06N_h66pB2coJC83w\\\/featured\"]}]}<\/script>\n<!-- \/ Yoast SEO plugin. -->","yoast_head_json":{"title":"Libro Casas de Madera editado por AITIM.","description":"Libro Casas de Madera editado por AITIM. Los sistemas constructivos a base de madera aplicados a las viviendas unifamiliares. Jos\u00e9 Enrique Peraza S\u00e1nchez.","robots":{"index":"index","follow":"follow","max-snippet":"max-snippet:-1","max-image-preview":"max-image-preview:large","max-video-preview":"max-video-preview:-1"},"canonical":"https:\/\/www.garciavarona.com\/en\/producto\/libro-casas-de-madera-los-sistemas-constructivos-a-base-de-madera-aplicados-a-viviendas-unifamiliares\/","og_locale":"en_US","og_type":"article","og_title":"Libro Casas de Madera editado por AITIM.","og_description":"Libro Casas de Madera editado por AITIM. Los sistemas constructivos a base de madera aplicados a las viviendas unifamiliares. Jos\u00e9 Enrique Peraza S\u00e1nchez.","og_url":"https:\/\/www.garciavarona.com\/en\/producto\/libro-casas-de-madera-los-sistemas-constructivos-a-base-de-madera-aplicados-a-viviendas-unifamiliares\/","og_site_name":"Maderas Garcia Varona","article_publisher":"https:\/\/www.facebook.com\/maderasgarciavaronagrupo","article_modified_time":"2026-02-08T20:02:34+00:00","og_image":[{"width":525,"height":525,"url":"https:\/\/www.garciavarona.com\/wp-content\/uploads\/2020\/03\/982-Libro-Casas-de-Madera-Los-sistemas-constructivos-a-base-de-madera-aplicados-a-viviendas-unifamiliares.jpg","type":"image\/jpeg"}],"twitter_card":"summary_large_image","twitter_site":"@maderasvaronars","twitter_misc":{"Est. reading time":"2 minutes"},"schema":{"@context":"https:\/\/schema.org","@graph":[{"@type":["WebPage","ItemPage"],"@id":"https:\/\/www.garciavarona.com\/en\/producto\/libro-casas-de-madera-los-sistemas-constructivos-a-base-de-madera-aplicados-a-viviendas-unifamiliares\/","url":"https:\/\/www.garciavarona.com\/en\/producto\/libro-casas-de-madera-los-sistemas-constructivos-a-base-de-madera-aplicados-a-viviendas-unifamiliares\/","name":"Libro Casas de Madera editado por AITIM.","isPartOf":{"@id":"https:\/\/www.garciavarona.com\/en\/#website"},"primaryImageOfPage":{"@id":"https:\/\/www.garciavarona.com\/en\/producto\/libro-casas-de-madera-los-sistemas-constructivos-a-base-de-madera-aplicados-a-viviendas-unifamiliares\/#primaryimage"},"image":{"@id":"https:\/\/www.garciavarona.com\/en\/producto\/libro-casas-de-madera-los-sistemas-constructivos-a-base-de-madera-aplicados-a-viviendas-unifamiliares\/#primaryimage"},"thumbnailUrl":"https:\/\/www.garciavarona.com\/wp-content\/uploads\/2020\/03\/982-Libro-Casas-de-Madera-Los-sistemas-constructivos-a-base-de-madera-aplicados-a-viviendas-unifamiliares.jpg","datePublished":"2020-03-27T10:15:47+00:00","dateModified":"2026-02-08T20:02:34+00:00","description":"Libro Casas de Madera editado por AITIM. Los sistemas constructivos a base de madera aplicados a las viviendas unifamiliares. Jos\u00e9 Enrique Peraza S\u00e1nchez.","breadcrumb":{"@id":"https:\/\/www.garciavarona.com\/en\/producto\/libro-casas-de-madera-los-sistemas-constructivos-a-base-de-madera-aplicados-a-viviendas-unifamiliares\/#breadcrumb"},"inLanguage":"en-US","potentialAction":[{"@type":"ReadAction","target":["https:\/\/www.garciavarona.com\/en\/producto\/libro-casas-de-madera-los-sistemas-constructivos-a-base-de-madera-aplicados-a-viviendas-unifamiliares\/"]}]},{"@type":"ImageObject","inLanguage":"en-US","@id":"https:\/\/www.garciavarona.com\/en\/producto\/libro-casas-de-madera-los-sistemas-constructivos-a-base-de-madera-aplicados-a-viviendas-unifamiliares\/#primaryimage","url":"https:\/\/www.garciavarona.com\/wp-content\/uploads\/2020\/03\/982-Libro-Casas-de-Madera-Los-sistemas-constructivos-a-base-de-madera-aplicados-a-viviendas-unifamiliares.jpg","contentUrl":"https:\/\/www.garciavarona.com\/wp-content\/uploads\/2020\/03\/982-Libro-Casas-de-Madera-Los-sistemas-constructivos-a-base-de-madera-aplicados-a-viviendas-unifamiliares.jpg","width":525,"height":525,"caption":"Libro Casas de Madera - Los sistemas constructivos a base de madera aplicados a viviendas unifamiliares"},{"@type":"BreadcrumbList","@id":"https:\/\/www.garciavarona.com\/en\/producto\/libro-casas-de-madera-los-sistemas-constructivos-a-base-de-madera-aplicados-a-viviendas-unifamiliares\/#breadcrumb","itemListElement":[{"@type":"ListItem","position":1,"name":"Portada","item":"https:\/\/www.garciavarona.com\/en\/"},{"@type":"ListItem","position":2,"name":"Tienda Maderas Garc\u00eda Varona","item":"https:\/\/www.garciavarona.com\/tienda\/"},{"@type":"ListItem","position":3,"name":"Libro Casas de Madera &#8211; Los sistemas constructivos a base de madera aplicados a viviendas unifamiliares"}]},{"@type":"WebSite","@id":"https:\/\/www.garciavarona.com\/en\/#website","url":"https:\/\/www.garciavarona.com\/en\/","name":"Maderas Garcia Varona","description":"Fabrica y Aserradero de Madera. Expertos en Madera","publisher":{"@id":"https:\/\/www.garciavarona.com\/en\/#organization"},"potentialAction":[{"@type":"SearchAction","target":{"@type":"EntryPoint","urlTemplate":"https:\/\/www.garciavarona.com\/en\/?s={search_term_string}"},"query-input":{"@type":"PropertyValueSpecification","valueRequired":true,"valueName":"search_term_string"}}],"inLanguage":"en-US"},{"@type":"Organization","@id":"https:\/\/www.garciavarona.com\/en\/#organization","name":"Maderas Garcia Varona","url":"https:\/\/www.garciavarona.com\/en\/","logo":{"@type":"ImageObject","inLanguage":"en-US","@id":"https:\/\/www.garciavarona.com\/en\/#\/schema\/logo\/image\/","url":"https:\/\/www.garciavarona.com\/wp-content\/uploads\/2022\/06\/logoGarciaVarona.svg","contentUrl":"https:\/\/www.garciavarona.com\/wp-content\/uploads\/2022\/06\/logoGarciaVarona.svg","width":1020,"height":200,"caption":"Maderas Garcia Varona"},"image":{"@id":"https:\/\/www.garciavarona.com\/en\/#\/schema\/logo\/image\/"},"sameAs":["https:\/\/www.facebook.com\/maderasgarciavaronagrupo","https:\/\/x.com\/maderasvaronars","https:\/\/www.instagram.com\/maderasgarciavarona\/","https:\/\/www.linkedin.com\/company\/maderas-garcia-varona\/","https:\/\/www.youtube.com\/channel\/UCGUEME06N_h66pB2coJC83w\/featured"]}]}},"_links":{"self":[{"href":"https:\/\/www.garciavarona.com\/en\/wp-json\/wp\/v2\/product\/12417","targetHints":{"allow":["GET"]}}],"collection":[{"href":"https:\/\/www.garciavarona.com\/en\/wp-json\/wp\/v2\/product"}],"about":[{"href":"https:\/\/www.garciavarona.com\/en\/wp-json\/wp\/v2\/types\/product"}],"version-history":[{"count":1,"href":"https:\/\/www.garciavarona.com\/en\/wp-json\/wp\/v2\/product\/12417\/revisions"}],"predecessor-version":[{"id":14253,"href":"https:\/\/www.garciavarona.com\/en\/wp-json\/wp\/v2\/product\/12417\/revisions\/14253"}],"wp:featuredmedia":[{"embeddable":true,"href":"https:\/\/www.garciavarona.com\/en\/wp-json\/wp\/v2\/media\/12415"}],"wp:attachment":[{"href":"https:\/\/www.garciavarona.com\/en\/wp-json\/wp\/v2\/media?parent=12417"}],"wp:term":[{"taxonomy":"product_brand","embeddable":true,"href":"https:\/\/www.garciavarona.com\/en\/wp-json\/wp\/v2\/product_brand?post=12417"},{"taxonomy":"product_cat","embeddable":true,"href":"https:\/\/www.garciavarona.com\/en\/wp-json\/wp\/v2\/product_cat?post=12417"},{"taxonomy":"product_tag","embeddable":true,"href":"https:\/\/www.garciavarona.com\/en\/wp-json\/wp\/v2\/product_tag?post=12417"}],"curies":[{"name":"wp","href":"https:\/\/api.w.org\/{rel}","templated":true}]}}