{"id":12420,"date":"2020-03-27T10:43:59","date_gmt":"2020-03-27T10:43:59","guid":{"rendered":"https:\/\/pruebas.garciavarona.com\/producto\/libro-diseno-estructural-en-madera\/"},"modified":"2026-01-15T12:11:59","modified_gmt":"2026-01-15T11:11:59","slug":"libro-diseno-estructural-en-madera","status":"publish","type":"product","link":"https:\/\/www.garciavarona.com\/en\/producto\/libro-diseno-estructural-en-madera\/","title":{"rendered":"Libro Dise\u00f1o Estructural en Madera"},"content":{"rendered":"<h1>Libro Dise\u00f1o Estructural en Madera<\/h1>\n<p>Un banco de 1600 im\u00e1genes fotogr\u00e1ficas, que presenta las principales l\u00edneas que el dise\u00f1o estructural en madera est\u00e1 siguiendo actualmente en Europa. Se complementa con amplia informaci\u00f3n sobre el predimensionado de estructuras y temas afines.<\/p>\n<p>Autor Miguel A. R. Nevado, editado por la Asociaci\u00f3n de Investigaci\u00f3n T\u00e9cnica de las Industrias de la Madera y Corcho (AITIM). Encuadernado en tapa dura. A\u00f1o de edici\u00f3n 1999.<\/p>\n<p>ISBN: 9788487381164<\/p>\n<p>El objetivo de este libro, es presentar a los entornos de la arquitectura, la construcci\u00f3n, la ingenier\u00eda civil y el dise\u00f1o industrial una visi\u00f3n global de las principales l\u00edneas que el dise\u00f1o estructural en madera est\u00e1 siguiendo actualmente en Europa.<\/p>\n<p>Trata de identificar la orientaci\u00f3n que tomar\u00e1 en el siglo XXI. Ha sido elaborado por KITHARIS SL, a partir de documentaci\u00f3n reunida por dos cauces, ambos basados en una red de contactos establecida a trav\u00e9s de Europa:<\/p>\n<p>Aportaciones de entidades de investigaci\u00f3n, oficinas de arquitectura e ingenier\u00eda, y centros de documentaci\u00f3n del \u00e1mbito de la construcci\u00f3n con madera.<\/p>\n<p>Reportajes fotogr\u00e1ficos in situ de estructuras del \u00e1mbito geogr\u00e1fico de la UE.<\/p>\n<p>La obra se organiza conforme a un criterio de sistematizaci\u00f3n estructural, cuyo borrador incial fue presentado en la 6\u00aa Conferencia Internacional de Estructuras de Madera (Montreux, 1998).<\/p>\n<p>Est\u00e1 encuadernado en tapa dura (carton\u00e9 al cromo) con sobrecubierta. Las Secciones 2 y 4 est\u00e1n impresas en bitono, sobre papel estucado blanco de 135 gr\/m2; las Secciones 1 y 3, a una tinta sobre papel offset de 90 gr\/m2. El tama\u00f1o de p\u00e1gina es 16 x 32 cm, con sentido vertical.<\/p>\n<p>La edici\u00f3n de esta obra, a cargo de AITIM (Asociaci\u00f3n de Investigaci\u00f3n T\u00e9cnica de las Industrias de la Madera y el Corcho) ha recibido ayuda econ\u00f3mica del programa ATYCA del Ministerio de Industria y Energ\u00eda.<\/p>\n<p>Las 408 p\u00e1ginas del libro se estructuran en cuatro secciones:<\/p>\n<p>Secci\u00f3n 1 &#8211; 24 p\u00e1gs.<\/p>\n<p>INTRODUCCION.<\/p>\n<p>Pr\u00f3logo, posibilidades de uso de la documentaci\u00f3n, bibliograf\u00eda e \u00edndices anal\u00edticos por a\u00f1os y ubicaciones de las obras presentadas en la Secci\u00f3n 4. Se complementa con un directorio de las personas y entidades europeas que han aportado su apoyo, de una u otra forma, en los trabajos de documentaci\u00f3n.<\/p>\n<p>Secci\u00f3n 2 &#8211; 48 p\u00e1gs.<\/p>\n<p>SISTEMATIZACION.<\/p>\n<p>Las obras que se presentan en la Secci\u00f3n 4, se ordenan seg\u00fan la propuesta de sistematizaci\u00f3n estructural citada, que se organiza como una serie de im\u00e1genes ic\u00f3nicas, en la que cada obra es asignada a un tipo o grupo de tipos estructurales.<\/p>\n<p>Secci\u00f3n 3 &#8211; 48 p\u00e1gs.<\/p>\n<p>TABLAS DE PREDIMENSIONADO.<\/p>\n<p>51 tablas que aportan informaci\u00f3n de utilidad en las fases iniciales del predimensionado y c\u00e1lculo de estructuras de madera. Comprende desde un resumen operativo del Euroc\u00f3digo 5 &#8211; Estructuras de Madera, hasta tablas informativas sint\u00e9ticas sobre propiedades resistentes y de durabilidad de 126 especies de madera en su forma de comercializaci\u00f3n actual. Se tratan temas inmediatos como el predimensionado de barras estructurales de madera y sus derivados (tableros, madera laminada, \u00abparallam\u00bb, \u00abLVL\u00bb,&#8230;), o el de juntas realizadas en base a diversos sistemas met\u00e1licos (clavos, pasadores, conectores, escuadras, placas &#8230;).<\/p>\n<p>Secci\u00f3n 4 &#8211; 288 p\u00e1gs.<\/p>\n<p>CATALOGO DE OBRAS.<\/p>\n<p>Se describen 240 estructuras de madera europeas significativas, en su mayor parte fechadas en los \u00faltimos 15 a\u00f1os del siglo XX. Las fichas tienen una extensi\u00f3n que va desde media hasta tres p\u00e1ginas, en funci\u00f3n del inter\u00e9s de la obra dentro del contenido global del libro, y consiste en una serie de im\u00e1genes fotogr\u00e1ficas, con dibujos aclaratorios en determinados casos. Esta informaci\u00f3n gr\u00e1fica se complementa con datos \u00fatiles desde el punto de vista del dise\u00f1o estructural (dimensiones globales, secciones, juntas estructurales particulares&#8230;)<\/p>\n<p>&nbsp;<\/p>\n","protected":false},"excerpt":{"rendered":"<p>Presenta las principales l\u00edneas que el dise\u00f1o estructural en madera est\u00e1 siguiendo en Europa.<\/p>\n","protected":false},"featured_media":12418,"template":"","meta":[],"product_brand":[],"product_cat":[757,795],"product_tag":[],"class_list":{"0":"post-12420","1":"product","2":"type-product","3":"status-publish","4":"has-post-thumbnail","6":"product_cat-outlet-de-madera","7":"product_cat-otros-articulos","9":"first","10":"outofstock","11":"taxable","12":"shipping-taxable","13":"purchasable","14":"product-type-simple"},"yoast_head":"<!-- This site is optimized with the Yoast SEO plugin v27.3 - https:\/\/yoast.com\/product\/yoast-seo-wordpress\/ -->\n<title>Libro sobre las principales l\u00edneas del dise\u00f1o estructural en madera<\/title>\n<meta name=\"description\" content=\"Libro sobre las principales l\u00edneas del dise\u00f1o estructural en madera. Predimensionado de estructuras y temas afines. Autor Miguel A. R. Nevado, editado por AITIM\" \/>\n<meta name=\"robots\" content=\"index, follow, max-snippet:-1, max-image-preview:large, max-video-preview:-1\" \/>\n<link rel=\"canonical\" href=\"https:\/\/www.garciavarona.com\/en\/producto\/libro-diseno-estructural-en-madera\/\" \/>\n<meta property=\"og:locale\" content=\"en_US\" \/>\n<meta property=\"og:type\" content=\"article\" \/>\n<meta property=\"og:title\" content=\"Libro sobre las principales l\u00edneas del dise\u00f1o estructural en madera\" \/>\n<meta property=\"og:description\" content=\"Libro sobre las principales l\u00edneas del dise\u00f1o estructural en madera. Predimensionado de estructuras y temas afines. Autor Miguel A. R. Nevado, editado por AITIM\" \/>\n<meta property=\"og:url\" content=\"https:\/\/www.garciavarona.com\/en\/producto\/libro-diseno-estructural-en-madera\/\" \/>\n<meta property=\"og:site_name\" content=\"Maderas Garcia Varona\" \/>\n<meta property=\"article:publisher\" content=\"https:\/\/www.facebook.com\/maderasgarciavaronagrupo\" \/>\n<meta property=\"article:modified_time\" content=\"2026-01-15T11:11:59+00:00\" \/>\n<meta property=\"og:image\" content=\"https:\/\/www.garciavarona.com\/wp-content\/uploads\/2020\/03\/986-Libro-Diseno-Estructural-en-Madera.jpg\" \/>\n\t<meta property=\"og:image:width\" content=\"525\" \/>\n\t<meta property=\"og:image:height\" content=\"525\" \/>\n\t<meta property=\"og:image:type\" content=\"image\/jpeg\" \/>\n<meta name=\"twitter:card\" content=\"summary_large_image\" \/>\n<meta name=\"twitter:site\" content=\"@maderasvaronars\" \/>\n<meta name=\"twitter:label1\" content=\"Est. reading time\" \/>\n\t<meta name=\"twitter:data1\" content=\"3 minutes\" \/>\n<script type=\"application\/ld+json\" class=\"yoast-schema-graph\">{\"@context\":\"https:\\\/\\\/schema.org\",\"@graph\":[{\"@type\":[\"WebPage\",\"ItemPage\"],\"@id\":\"https:\\\/\\\/www.garciavarona.com\\\/en\\\/producto\\\/libro-diseno-estructural-en-madera\\\/\",\"url\":\"https:\\\/\\\/www.garciavarona.com\\\/en\\\/producto\\\/libro-diseno-estructural-en-madera\\\/\",\"name\":\"Libro sobre las principales l\u00edneas del dise\u00f1o estructural en madera\",\"isPartOf\":{\"@id\":\"https:\\\/\\\/www.garciavarona.com\\\/en\\\/#website\"},\"primaryImageOfPage\":{\"@id\":\"https:\\\/\\\/www.garciavarona.com\\\/en\\\/producto\\\/libro-diseno-estructural-en-madera\\\/#primaryimage\"},\"image\":{\"@id\":\"https:\\\/\\\/www.garciavarona.com\\\/en\\\/producto\\\/libro-diseno-estructural-en-madera\\\/#primaryimage\"},\"thumbnailUrl\":\"https:\\\/\\\/www.garciavarona.com\\\/wp-content\\\/uploads\\\/2020\\\/03\\\/986-Libro-Diseno-Estructural-en-Madera.jpg\",\"datePublished\":\"2020-03-27T10:43:59+00:00\",\"dateModified\":\"2026-01-15T11:11:59+00:00\",\"description\":\"Libro sobre las principales l\u00edneas del dise\u00f1o estructural en madera. Predimensionado de estructuras y temas afines. Autor Miguel A. R. Nevado, editado por AITIM\",\"breadcrumb\":{\"@id\":\"https:\\\/\\\/www.garciavarona.com\\\/en\\\/producto\\\/libro-diseno-estructural-en-madera\\\/#breadcrumb\"},\"inLanguage\":\"en-US\",\"potentialAction\":[{\"@type\":\"ReadAction\",\"target\":[\"https:\\\/\\\/www.garciavarona.com\\\/en\\\/producto\\\/libro-diseno-estructural-en-madera\\\/\"]}]},{\"@type\":\"ImageObject\",\"inLanguage\":\"en-US\",\"@id\":\"https:\\\/\\\/www.garciavarona.com\\\/en\\\/producto\\\/libro-diseno-estructural-en-madera\\\/#primaryimage\",\"url\":\"https:\\\/\\\/www.garciavarona.com\\\/wp-content\\\/uploads\\\/2020\\\/03\\\/986-Libro-Diseno-Estructural-en-Madera.jpg\",\"contentUrl\":\"https:\\\/\\\/www.garciavarona.com\\\/wp-content\\\/uploads\\\/2020\\\/03\\\/986-Libro-Diseno-Estructural-en-Madera.jpg\",\"width\":525,\"height\":525,\"caption\":\"Libro Dise\u00f1o Estructural en Madera\"},{\"@type\":\"BreadcrumbList\",\"@id\":\"https:\\\/\\\/www.garciavarona.com\\\/en\\\/producto\\\/libro-diseno-estructural-en-madera\\\/#breadcrumb\",\"itemListElement\":[{\"@type\":\"ListItem\",\"position\":1,\"name\":\"Portada\",\"item\":\"https:\\\/\\\/www.garciavarona.com\\\/en\\\/\"},{\"@type\":\"ListItem\",\"position\":2,\"name\":\"Tienda Maderas Garc\u00eda Varona\",\"item\":\"https:\\\/\\\/www.garciavarona.com\\\/tienda\\\/\"},{\"@type\":\"ListItem\",\"position\":3,\"name\":\"Libro Dise\u00f1o Estructural en Madera\"}]},{\"@type\":\"WebSite\",\"@id\":\"https:\\\/\\\/www.garciavarona.com\\\/en\\\/#website\",\"url\":\"https:\\\/\\\/www.garciavarona.com\\\/en\\\/\",\"name\":\"Maderas Garcia Varona\",\"description\":\"Fabrica y Aserradero de Madera. Expertos en Madera\",\"publisher\":{\"@id\":\"https:\\\/\\\/www.garciavarona.com\\\/en\\\/#organization\"},\"potentialAction\":[{\"@type\":\"SearchAction\",\"target\":{\"@type\":\"EntryPoint\",\"urlTemplate\":\"https:\\\/\\\/www.garciavarona.com\\\/en\\\/?s={search_term_string}\"},\"query-input\":{\"@type\":\"PropertyValueSpecification\",\"valueRequired\":true,\"valueName\":\"search_term_string\"}}],\"inLanguage\":\"en-US\"},{\"@type\":\"Organization\",\"@id\":\"https:\\\/\\\/www.garciavarona.com\\\/en\\\/#organization\",\"name\":\"Maderas Garcia Varona\",\"url\":\"https:\\\/\\\/www.garciavarona.com\\\/en\\\/\",\"logo\":{\"@type\":\"ImageObject\",\"inLanguage\":\"en-US\",\"@id\":\"https:\\\/\\\/www.garciavarona.com\\\/en\\\/#\\\/schema\\\/logo\\\/image\\\/\",\"url\":\"https:\\\/\\\/www.garciavarona.com\\\/wp-content\\\/uploads\\\/2022\\\/06\\\/logoGarciaVarona.svg\",\"contentUrl\":\"https:\\\/\\\/www.garciavarona.com\\\/wp-content\\\/uploads\\\/2022\\\/06\\\/logoGarciaVarona.svg\",\"width\":1020,\"height\":200,\"caption\":\"Maderas Garcia Varona\"},\"image\":{\"@id\":\"https:\\\/\\\/www.garciavarona.com\\\/en\\\/#\\\/schema\\\/logo\\\/image\\\/\"},\"sameAs\":[\"https:\\\/\\\/www.facebook.com\\\/maderasgarciavaronagrupo\",\"https:\\\/\\\/x.com\\\/maderasvaronars\",\"https:\\\/\\\/www.instagram.com\\\/maderasgarciavarona\\\/\",\"https:\\\/\\\/www.linkedin.com\\\/company\\\/maderas-garcia-varona\\\/\",\"https:\\\/\\\/www.youtube.com\\\/channel\\\/UCGUEME06N_h66pB2coJC83w\\\/featured\"]}]}<\/script>\n<!-- \/ Yoast SEO plugin. -->","yoast_head_json":{"title":"Libro sobre las principales l\u00edneas del dise\u00f1o estructural en madera","description":"Libro sobre las principales l\u00edneas del dise\u00f1o estructural en madera. Predimensionado de estructuras y temas afines. Autor Miguel A. R. Nevado, editado por AITIM","robots":{"index":"index","follow":"follow","max-snippet":"max-snippet:-1","max-image-preview":"max-image-preview:large","max-video-preview":"max-video-preview:-1"},"canonical":"https:\/\/www.garciavarona.com\/en\/producto\/libro-diseno-estructural-en-madera\/","og_locale":"en_US","og_type":"article","og_title":"Libro sobre las principales l\u00edneas del dise\u00f1o estructural en madera","og_description":"Libro sobre las principales l\u00edneas del dise\u00f1o estructural en madera. Predimensionado de estructuras y temas afines. Autor Miguel A. R. Nevado, editado por AITIM","og_url":"https:\/\/www.garciavarona.com\/en\/producto\/libro-diseno-estructural-en-madera\/","og_site_name":"Maderas Garcia Varona","article_publisher":"https:\/\/www.facebook.com\/maderasgarciavaronagrupo","article_modified_time":"2026-01-15T11:11:59+00:00","og_image":[{"width":525,"height":525,"url":"https:\/\/www.garciavarona.com\/wp-content\/uploads\/2020\/03\/986-Libro-Diseno-Estructural-en-Madera.jpg","type":"image\/jpeg"}],"twitter_card":"summary_large_image","twitter_site":"@maderasvaronars","twitter_misc":{"Est. reading time":"3 minutes"},"schema":{"@context":"https:\/\/schema.org","@graph":[{"@type":["WebPage","ItemPage"],"@id":"https:\/\/www.garciavarona.com\/en\/producto\/libro-diseno-estructural-en-madera\/","url":"https:\/\/www.garciavarona.com\/en\/producto\/libro-diseno-estructural-en-madera\/","name":"Libro sobre las principales l\u00edneas del dise\u00f1o estructural en madera","isPartOf":{"@id":"https:\/\/www.garciavarona.com\/en\/#website"},"primaryImageOfPage":{"@id":"https:\/\/www.garciavarona.com\/en\/producto\/libro-diseno-estructural-en-madera\/#primaryimage"},"image":{"@id":"https:\/\/www.garciavarona.com\/en\/producto\/libro-diseno-estructural-en-madera\/#primaryimage"},"thumbnailUrl":"https:\/\/www.garciavarona.com\/wp-content\/uploads\/2020\/03\/986-Libro-Diseno-Estructural-en-Madera.jpg","datePublished":"2020-03-27T10:43:59+00:00","dateModified":"2026-01-15T11:11:59+00:00","description":"Libro sobre las principales l\u00edneas del dise\u00f1o estructural en madera. Predimensionado de estructuras y temas afines. Autor Miguel A. R. Nevado, editado por AITIM","breadcrumb":{"@id":"https:\/\/www.garciavarona.com\/en\/producto\/libro-diseno-estructural-en-madera\/#breadcrumb"},"inLanguage":"en-US","potentialAction":[{"@type":"ReadAction","target":["https:\/\/www.garciavarona.com\/en\/producto\/libro-diseno-estructural-en-madera\/"]}]},{"@type":"ImageObject","inLanguage":"en-US","@id":"https:\/\/www.garciavarona.com\/en\/producto\/libro-diseno-estructural-en-madera\/#primaryimage","url":"https:\/\/www.garciavarona.com\/wp-content\/uploads\/2020\/03\/986-Libro-Diseno-Estructural-en-Madera.jpg","contentUrl":"https:\/\/www.garciavarona.com\/wp-content\/uploads\/2020\/03\/986-Libro-Diseno-Estructural-en-Madera.jpg","width":525,"height":525,"caption":"Libro Dise\u00f1o Estructural en Madera"},{"@type":"BreadcrumbList","@id":"https:\/\/www.garciavarona.com\/en\/producto\/libro-diseno-estructural-en-madera\/#breadcrumb","itemListElement":[{"@type":"ListItem","position":1,"name":"Portada","item":"https:\/\/www.garciavarona.com\/en\/"},{"@type":"ListItem","position":2,"name":"Tienda Maderas Garc\u00eda Varona","item":"https:\/\/www.garciavarona.com\/tienda\/"},{"@type":"ListItem","position":3,"name":"Libro Dise\u00f1o Estructural en Madera"}]},{"@type":"WebSite","@id":"https:\/\/www.garciavarona.com\/en\/#website","url":"https:\/\/www.garciavarona.com\/en\/","name":"Maderas Garcia Varona","description":"Fabrica y Aserradero de Madera. Expertos en Madera","publisher":{"@id":"https:\/\/www.garciavarona.com\/en\/#organization"},"potentialAction":[{"@type":"SearchAction","target":{"@type":"EntryPoint","urlTemplate":"https:\/\/www.garciavarona.com\/en\/?s={search_term_string}"},"query-input":{"@type":"PropertyValueSpecification","valueRequired":true,"valueName":"search_term_string"}}],"inLanguage":"en-US"},{"@type":"Organization","@id":"https:\/\/www.garciavarona.com\/en\/#organization","name":"Maderas Garcia Varona","url":"https:\/\/www.garciavarona.com\/en\/","logo":{"@type":"ImageObject","inLanguage":"en-US","@id":"https:\/\/www.garciavarona.com\/en\/#\/schema\/logo\/image\/","url":"https:\/\/www.garciavarona.com\/wp-content\/uploads\/2022\/06\/logoGarciaVarona.svg","contentUrl":"https:\/\/www.garciavarona.com\/wp-content\/uploads\/2022\/06\/logoGarciaVarona.svg","width":1020,"height":200,"caption":"Maderas Garcia Varona"},"image":{"@id":"https:\/\/www.garciavarona.com\/en\/#\/schema\/logo\/image\/"},"sameAs":["https:\/\/www.facebook.com\/maderasgarciavaronagrupo","https:\/\/x.com\/maderasvaronars","https:\/\/www.instagram.com\/maderasgarciavarona\/","https:\/\/www.linkedin.com\/company\/maderas-garcia-varona\/","https:\/\/www.youtube.com\/channel\/UCGUEME06N_h66pB2coJC83w\/featured"]}]}},"_links":{"self":[{"href":"https:\/\/www.garciavarona.com\/en\/wp-json\/wp\/v2\/product\/12420","targetHints":{"allow":["GET"]}}],"collection":[{"href":"https:\/\/www.garciavarona.com\/en\/wp-json\/wp\/v2\/product"}],"about":[{"href":"https:\/\/www.garciavarona.com\/en\/wp-json\/wp\/v2\/types\/product"}],"version-history":[{"count":2,"href":"https:\/\/www.garciavarona.com\/en\/wp-json\/wp\/v2\/product\/12420\/revisions"}],"predecessor-version":[{"id":22779,"href":"https:\/\/www.garciavarona.com\/en\/wp-json\/wp\/v2\/product\/12420\/revisions\/22779"}],"wp:featuredmedia":[{"embeddable":true,"href":"https:\/\/www.garciavarona.com\/en\/wp-json\/wp\/v2\/media\/12418"}],"wp:attachment":[{"href":"https:\/\/www.garciavarona.com\/en\/wp-json\/wp\/v2\/media?parent=12420"}],"wp:term":[{"taxonomy":"product_brand","embeddable":true,"href":"https:\/\/www.garciavarona.com\/en\/wp-json\/wp\/v2\/product_brand?post=12420"},{"taxonomy":"product_cat","embeddable":true,"href":"https:\/\/www.garciavarona.com\/en\/wp-json\/wp\/v2\/product_cat?post=12420"},{"taxonomy":"product_tag","embeddable":true,"href":"https:\/\/www.garciavarona.com\/en\/wp-json\/wp\/v2\/product_tag?post=12420"}],"curies":[{"name":"wp","href":"https:\/\/api.w.org\/{rel}","templated":true}]}}