{"id":12427,"date":"2020-03-27T11:18:07","date_gmt":"2020-03-27T11:18:07","guid":{"rendered":"https:\/\/pruebas.garciavarona.com\/producto\/libro-guia-de-la-madera-para-la-construccion-el-diseno-y-la-decoracion\/"},"modified":"2022-08-11T06:06:45","modified_gmt":"2022-08-11T06:06:45","slug":"libro-guia-de-la-madera-para-la-construccion-el-diseno-y-la-decoracion","status":"publish","type":"product","link":"https:\/\/www.garciavarona.com\/en\/producto\/libro-guia-de-la-madera-para-la-construccion-el-diseno-y-la-decoracion\/","title":{"rendered":"Libro Gu\u00eda de la Madera para la Construcci\u00f3n, el Dise\u00f1o y la Decoraci\u00f3n"},"content":{"rendered":"<h1>Libro Gu\u00eda de la Madera para la Construcci\u00f3n, el Dise\u00f1o y la Decoraci\u00f3n<\/h1>\n<p> Primer manual de referencia en Espa\u00f1a y uno de los primeros del mundo. A\u00f1o de edici\u00f3n 1994. Editado por la Asociaci\u00f3n de Investigaci\u00f3n T\u00e9cnica de las Industrias de la Madera y Corcho (AITIM). Encuadernado en tapa blanda. 528 p\u00e1ginas.<\/p>\n<p>ISBN: 84-87381-07-3<\/p>\n<p>Con un enfoque eminentemente pr\u00e1ctico, el lector podr\u00e1 adentrarse en cada producto de una manera sencilla gracias a su organizaci\u00f3n en Unidades de Informaci\u00f3n ordenadas coherentemente. Este libro pretende llenar el vac\u00edo dejado que la industria maderera deja acerca de los productos utilizados incorrectamente por desconocimiento de sus caracter\u00edsticas, normativa, modo de instalaci\u00f3n o medios de suministro.<\/p>\n","protected":false},"excerpt":{"rendered":"<p>Un manual de referencia para el uso de la madera en arquitectura, construcci\u00f3n, dise\u00f1o y la decoraci\u00f3n.<\/p>\n","protected":false},"featured_media":12424,"template":"","meta":[],"product_brand":[],"product_cat":[757,795],"product_tag":[],"class_list":{"0":"post-12427","1":"product","2":"type-product","3":"status-publish","4":"has-post-thumbnail","6":"product_cat-outlet-de-madera","7":"product_cat-otros-articulos","9":"first","10":"instock","11":"taxable","12":"shipping-taxable","13":"purchasable","14":"product-type-simple"},"yoast_head":"<!-- This site is optimized with the Yoast SEO plugin v27.3 - https:\/\/yoast.com\/product\/yoast-seo-wordpress\/ -->\n<title>Manual de referencia para el uso de la madera en arquitectura<\/title>\n<meta name=\"description\" content=\"Manual de referencia para el uso de la madera en arquitectura, construcci\u00f3n, dise\u00f1o y decoraci\u00f3n. Enfoque pr\u00e1ctico sobre la madera, normativa e instalaci\u00f3n.\" \/>\n<meta name=\"robots\" content=\"index, follow, max-snippet:-1, max-image-preview:large, max-video-preview:-1\" \/>\n<link rel=\"canonical\" href=\"https:\/\/www.garciavarona.com\/en\/producto\/libro-guia-de-la-madera-para-la-construccion-el-diseno-y-la-decoracion\/\" \/>\n<meta property=\"og:locale\" content=\"en_US\" \/>\n<meta property=\"og:type\" content=\"article\" \/>\n<meta property=\"og:title\" content=\"Manual de referencia para el uso de la madera en arquitectura\" \/>\n<meta property=\"og:description\" content=\"Manual de referencia para el uso de la madera en arquitectura, construcci\u00f3n, dise\u00f1o y decoraci\u00f3n. Enfoque pr\u00e1ctico sobre la madera, normativa e instalaci\u00f3n.\" \/>\n<meta property=\"og:url\" content=\"https:\/\/www.garciavarona.com\/en\/producto\/libro-guia-de-la-madera-para-la-construccion-el-diseno-y-la-decoracion\/\" \/>\n<meta property=\"og:site_name\" content=\"Maderas Garcia Varona\" \/>\n<meta property=\"article:publisher\" content=\"https:\/\/www.facebook.com\/maderasgarciavaronagrupo\" \/>\n<meta property=\"article:modified_time\" content=\"2022-08-11T06:06:45+00:00\" \/>\n<meta property=\"og:image\" content=\"https:\/\/www.garciavarona.com\/wp-content\/uploads\/2020\/03\/990-Libro-Guia-de-la-Madera-para-la-Construccion-el-Diseno-y-la-Decoracion.jpg\" \/>\n\t<meta property=\"og:image:width\" content=\"525\" \/>\n\t<meta property=\"og:image:height\" content=\"525\" \/>\n\t<meta property=\"og:image:type\" content=\"image\/jpeg\" \/>\n<meta name=\"twitter:card\" content=\"summary_large_image\" \/>\n<meta name=\"twitter:site\" content=\"@maderasvaronars\" \/>\n<meta name=\"twitter:label1\" content=\"Est. reading time\" \/>\n\t<meta name=\"twitter:data1\" content=\"1 minute\" \/>\n<script type=\"application\/ld+json\" class=\"yoast-schema-graph\">{\"@context\":\"https:\\\/\\\/schema.org\",\"@graph\":[{\"@type\":[\"WebPage\",\"ItemPage\"],\"@id\":\"https:\\\/\\\/www.garciavarona.com\\\/en\\\/producto\\\/libro-guia-de-la-madera-para-la-construccion-el-diseno-y-la-decoracion\\\/\",\"url\":\"https:\\\/\\\/www.garciavarona.com\\\/en\\\/producto\\\/libro-guia-de-la-madera-para-la-construccion-el-diseno-y-la-decoracion\\\/\",\"name\":\"Manual de referencia para el uso de la madera en arquitectura\",\"isPartOf\":{\"@id\":\"https:\\\/\\\/www.garciavarona.com\\\/en\\\/#website\"},\"primaryImageOfPage\":{\"@id\":\"https:\\\/\\\/www.garciavarona.com\\\/en\\\/producto\\\/libro-guia-de-la-madera-para-la-construccion-el-diseno-y-la-decoracion\\\/#primaryimage\"},\"image\":{\"@id\":\"https:\\\/\\\/www.garciavarona.com\\\/en\\\/producto\\\/libro-guia-de-la-madera-para-la-construccion-el-diseno-y-la-decoracion\\\/#primaryimage\"},\"thumbnailUrl\":\"https:\\\/\\\/www.garciavarona.com\\\/wp-content\\\/uploads\\\/2020\\\/03\\\/990-Libro-Guia-de-la-Madera-para-la-Construccion-el-Diseno-y-la-Decoracion.jpg\",\"datePublished\":\"2020-03-27T11:18:07+00:00\",\"dateModified\":\"2022-08-11T06:06:45+00:00\",\"description\":\"Manual de referencia para el uso de la madera en arquitectura, construcci\u00f3n, dise\u00f1o y decoraci\u00f3n. Enfoque pr\u00e1ctico sobre la madera, normativa e instalaci\u00f3n.\",\"breadcrumb\":{\"@id\":\"https:\\\/\\\/www.garciavarona.com\\\/en\\\/producto\\\/libro-guia-de-la-madera-para-la-construccion-el-diseno-y-la-decoracion\\\/#breadcrumb\"},\"inLanguage\":\"en-US\",\"potentialAction\":[{\"@type\":\"ReadAction\",\"target\":[\"https:\\\/\\\/www.garciavarona.com\\\/en\\\/producto\\\/libro-guia-de-la-madera-para-la-construccion-el-diseno-y-la-decoracion\\\/\"]}]},{\"@type\":\"ImageObject\",\"inLanguage\":\"en-US\",\"@id\":\"https:\\\/\\\/www.garciavarona.com\\\/en\\\/producto\\\/libro-guia-de-la-madera-para-la-construccion-el-diseno-y-la-decoracion\\\/#primaryimage\",\"url\":\"https:\\\/\\\/www.garciavarona.com\\\/wp-content\\\/uploads\\\/2020\\\/03\\\/990-Libro-Guia-de-la-Madera-para-la-Construccion-el-Diseno-y-la-Decoracion.jpg\",\"contentUrl\":\"https:\\\/\\\/www.garciavarona.com\\\/wp-content\\\/uploads\\\/2020\\\/03\\\/990-Libro-Guia-de-la-Madera-para-la-Construccion-el-Diseno-y-la-Decoracion.jpg\",\"width\":525,\"height\":525,\"caption\":\"Libro Gu\u00eda de la Madera para la Construcci\u00f3n, el Dise\u00f1o y la Decoraci\u00f3n\"},{\"@type\":\"BreadcrumbList\",\"@id\":\"https:\\\/\\\/www.garciavarona.com\\\/en\\\/producto\\\/libro-guia-de-la-madera-para-la-construccion-el-diseno-y-la-decoracion\\\/#breadcrumb\",\"itemListElement\":[{\"@type\":\"ListItem\",\"position\":1,\"name\":\"Portada\",\"item\":\"https:\\\/\\\/www.garciavarona.com\\\/en\\\/\"},{\"@type\":\"ListItem\",\"position\":2,\"name\":\"Tienda Maderas Garc\u00eda Varona\",\"item\":\"https:\\\/\\\/www.garciavarona.com\\\/tienda\\\/\"},{\"@type\":\"ListItem\",\"position\":3,\"name\":\"Libro Gu\u00eda de la Madera para la Construcci\u00f3n, el Dise\u00f1o y la Decoraci\u00f3n\"}]},{\"@type\":\"WebSite\",\"@id\":\"https:\\\/\\\/www.garciavarona.com\\\/en\\\/#website\",\"url\":\"https:\\\/\\\/www.garciavarona.com\\\/en\\\/\",\"name\":\"Maderas Garcia Varona\",\"description\":\"Fabrica y Aserradero de Madera. Expertos en Madera\",\"publisher\":{\"@id\":\"https:\\\/\\\/www.garciavarona.com\\\/en\\\/#organization\"},\"potentialAction\":[{\"@type\":\"SearchAction\",\"target\":{\"@type\":\"EntryPoint\",\"urlTemplate\":\"https:\\\/\\\/www.garciavarona.com\\\/en\\\/?s={search_term_string}\"},\"query-input\":{\"@type\":\"PropertyValueSpecification\",\"valueRequired\":true,\"valueName\":\"search_term_string\"}}],\"inLanguage\":\"en-US\"},{\"@type\":\"Organization\",\"@id\":\"https:\\\/\\\/www.garciavarona.com\\\/en\\\/#organization\",\"name\":\"Maderas Garcia Varona\",\"url\":\"https:\\\/\\\/www.garciavarona.com\\\/en\\\/\",\"logo\":{\"@type\":\"ImageObject\",\"inLanguage\":\"en-US\",\"@id\":\"https:\\\/\\\/www.garciavarona.com\\\/en\\\/#\\\/schema\\\/logo\\\/image\\\/\",\"url\":\"https:\\\/\\\/www.garciavarona.com\\\/wp-content\\\/uploads\\\/2022\\\/06\\\/logoGarciaVarona.svg\",\"contentUrl\":\"https:\\\/\\\/www.garciavarona.com\\\/wp-content\\\/uploads\\\/2022\\\/06\\\/logoGarciaVarona.svg\",\"width\":1020,\"height\":200,\"caption\":\"Maderas Garcia Varona\"},\"image\":{\"@id\":\"https:\\\/\\\/www.garciavarona.com\\\/en\\\/#\\\/schema\\\/logo\\\/image\\\/\"},\"sameAs\":[\"https:\\\/\\\/www.facebook.com\\\/maderasgarciavaronagrupo\",\"https:\\\/\\\/x.com\\\/maderasvaronars\",\"https:\\\/\\\/www.instagram.com\\\/maderasgarciavarona\\\/\",\"https:\\\/\\\/www.linkedin.com\\\/company\\\/maderas-garcia-varona\\\/\",\"https:\\\/\\\/www.youtube.com\\\/channel\\\/UCGUEME06N_h66pB2coJC83w\\\/featured\"]}]}<\/script>\n<!-- \/ Yoast SEO plugin. -->","yoast_head_json":{"title":"Manual de referencia para el uso de la madera en arquitectura","description":"Manual de referencia para el uso de la madera en arquitectura, construcci\u00f3n, dise\u00f1o y decoraci\u00f3n. Enfoque pr\u00e1ctico sobre la madera, normativa e instalaci\u00f3n.","robots":{"index":"index","follow":"follow","max-snippet":"max-snippet:-1","max-image-preview":"max-image-preview:large","max-video-preview":"max-video-preview:-1"},"canonical":"https:\/\/www.garciavarona.com\/en\/producto\/libro-guia-de-la-madera-para-la-construccion-el-diseno-y-la-decoracion\/","og_locale":"en_US","og_type":"article","og_title":"Manual de referencia para el uso de la madera en arquitectura","og_description":"Manual de referencia para el uso de la madera en arquitectura, construcci\u00f3n, dise\u00f1o y decoraci\u00f3n. Enfoque pr\u00e1ctico sobre la madera, normativa e instalaci\u00f3n.","og_url":"https:\/\/www.garciavarona.com\/en\/producto\/libro-guia-de-la-madera-para-la-construccion-el-diseno-y-la-decoracion\/","og_site_name":"Maderas Garcia Varona","article_publisher":"https:\/\/www.facebook.com\/maderasgarciavaronagrupo","article_modified_time":"2022-08-11T06:06:45+00:00","og_image":[{"width":525,"height":525,"url":"https:\/\/www.garciavarona.com\/wp-content\/uploads\/2020\/03\/990-Libro-Guia-de-la-Madera-para-la-Construccion-el-Diseno-y-la-Decoracion.jpg","type":"image\/jpeg"}],"twitter_card":"summary_large_image","twitter_site":"@maderasvaronars","twitter_misc":{"Est. reading time":"1 minute"},"schema":{"@context":"https:\/\/schema.org","@graph":[{"@type":["WebPage","ItemPage"],"@id":"https:\/\/www.garciavarona.com\/en\/producto\/libro-guia-de-la-madera-para-la-construccion-el-diseno-y-la-decoracion\/","url":"https:\/\/www.garciavarona.com\/en\/producto\/libro-guia-de-la-madera-para-la-construccion-el-diseno-y-la-decoracion\/","name":"Manual de referencia para el uso de la madera en arquitectura","isPartOf":{"@id":"https:\/\/www.garciavarona.com\/en\/#website"},"primaryImageOfPage":{"@id":"https:\/\/www.garciavarona.com\/en\/producto\/libro-guia-de-la-madera-para-la-construccion-el-diseno-y-la-decoracion\/#primaryimage"},"image":{"@id":"https:\/\/www.garciavarona.com\/en\/producto\/libro-guia-de-la-madera-para-la-construccion-el-diseno-y-la-decoracion\/#primaryimage"},"thumbnailUrl":"https:\/\/www.garciavarona.com\/wp-content\/uploads\/2020\/03\/990-Libro-Guia-de-la-Madera-para-la-Construccion-el-Diseno-y-la-Decoracion.jpg","datePublished":"2020-03-27T11:18:07+00:00","dateModified":"2022-08-11T06:06:45+00:00","description":"Manual de referencia para el uso de la madera en arquitectura, construcci\u00f3n, dise\u00f1o y decoraci\u00f3n. Enfoque pr\u00e1ctico sobre la madera, normativa e instalaci\u00f3n.","breadcrumb":{"@id":"https:\/\/www.garciavarona.com\/en\/producto\/libro-guia-de-la-madera-para-la-construccion-el-diseno-y-la-decoracion\/#breadcrumb"},"inLanguage":"en-US","potentialAction":[{"@type":"ReadAction","target":["https:\/\/www.garciavarona.com\/en\/producto\/libro-guia-de-la-madera-para-la-construccion-el-diseno-y-la-decoracion\/"]}]},{"@type":"ImageObject","inLanguage":"en-US","@id":"https:\/\/www.garciavarona.com\/en\/producto\/libro-guia-de-la-madera-para-la-construccion-el-diseno-y-la-decoracion\/#primaryimage","url":"https:\/\/www.garciavarona.com\/wp-content\/uploads\/2020\/03\/990-Libro-Guia-de-la-Madera-para-la-Construccion-el-Diseno-y-la-Decoracion.jpg","contentUrl":"https:\/\/www.garciavarona.com\/wp-content\/uploads\/2020\/03\/990-Libro-Guia-de-la-Madera-para-la-Construccion-el-Diseno-y-la-Decoracion.jpg","width":525,"height":525,"caption":"Libro Gu\u00eda de la Madera para la Construcci\u00f3n, el Dise\u00f1o y la Decoraci\u00f3n"},{"@type":"BreadcrumbList","@id":"https:\/\/www.garciavarona.com\/en\/producto\/libro-guia-de-la-madera-para-la-construccion-el-diseno-y-la-decoracion\/#breadcrumb","itemListElement":[{"@type":"ListItem","position":1,"name":"Portada","item":"https:\/\/www.garciavarona.com\/en\/"},{"@type":"ListItem","position":2,"name":"Tienda Maderas Garc\u00eda Varona","item":"https:\/\/www.garciavarona.com\/tienda\/"},{"@type":"ListItem","position":3,"name":"Libro Gu\u00eda de la Madera para la Construcci\u00f3n, el Dise\u00f1o y la Decoraci\u00f3n"}]},{"@type":"WebSite","@id":"https:\/\/www.garciavarona.com\/en\/#website","url":"https:\/\/www.garciavarona.com\/en\/","name":"Maderas Garcia Varona","description":"Fabrica y Aserradero de Madera. Expertos en Madera","publisher":{"@id":"https:\/\/www.garciavarona.com\/en\/#organization"},"potentialAction":[{"@type":"SearchAction","target":{"@type":"EntryPoint","urlTemplate":"https:\/\/www.garciavarona.com\/en\/?s={search_term_string}"},"query-input":{"@type":"PropertyValueSpecification","valueRequired":true,"valueName":"search_term_string"}}],"inLanguage":"en-US"},{"@type":"Organization","@id":"https:\/\/www.garciavarona.com\/en\/#organization","name":"Maderas Garcia Varona","url":"https:\/\/www.garciavarona.com\/en\/","logo":{"@type":"ImageObject","inLanguage":"en-US","@id":"https:\/\/www.garciavarona.com\/en\/#\/schema\/logo\/image\/","url":"https:\/\/www.garciavarona.com\/wp-content\/uploads\/2022\/06\/logoGarciaVarona.svg","contentUrl":"https:\/\/www.garciavarona.com\/wp-content\/uploads\/2022\/06\/logoGarciaVarona.svg","width":1020,"height":200,"caption":"Maderas Garcia Varona"},"image":{"@id":"https:\/\/www.garciavarona.com\/en\/#\/schema\/logo\/image\/"},"sameAs":["https:\/\/www.facebook.com\/maderasgarciavaronagrupo","https:\/\/x.com\/maderasvaronars","https:\/\/www.instagram.com\/maderasgarciavarona\/","https:\/\/www.linkedin.com\/company\/maderas-garcia-varona\/","https:\/\/www.youtube.com\/channel\/UCGUEME06N_h66pB2coJC83w\/featured"]}]}},"_links":{"self":[{"href":"https:\/\/www.garciavarona.com\/en\/wp-json\/wp\/v2\/product\/12427","targetHints":{"allow":["GET"]}}],"collection":[{"href":"https:\/\/www.garciavarona.com\/en\/wp-json\/wp\/v2\/product"}],"about":[{"href":"https:\/\/www.garciavarona.com\/en\/wp-json\/wp\/v2\/types\/product"}],"version-history":[{"count":1,"href":"https:\/\/www.garciavarona.com\/en\/wp-json\/wp\/v2\/product\/12427\/revisions"}],"predecessor-version":[{"id":14250,"href":"https:\/\/www.garciavarona.com\/en\/wp-json\/wp\/v2\/product\/12427\/revisions\/14250"}],"wp:featuredmedia":[{"embeddable":true,"href":"https:\/\/www.garciavarona.com\/en\/wp-json\/wp\/v2\/media\/12424"}],"wp:attachment":[{"href":"https:\/\/www.garciavarona.com\/en\/wp-json\/wp\/v2\/media?parent=12427"}],"wp:term":[{"taxonomy":"product_brand","embeddable":true,"href":"https:\/\/www.garciavarona.com\/en\/wp-json\/wp\/v2\/product_brand?post=12427"},{"taxonomy":"product_cat","embeddable":true,"href":"https:\/\/www.garciavarona.com\/en\/wp-json\/wp\/v2\/product_cat?post=12427"},{"taxonomy":"product_tag","embeddable":true,"href":"https:\/\/www.garciavarona.com\/en\/wp-json\/wp\/v2\/product_tag?post=12427"}],"curies":[{"name":"wp","href":"https:\/\/api.w.org\/{rel}","templated":true}]}}