{"id":12430,"date":"2020-03-27T11:46:59","date_gmt":"2020-03-27T11:46:59","guid":{"rendered":"https:\/\/pruebas.garciavarona.com\/producto\/libro-madera-aserrada\/"},"modified":"2025-11-18T10:52:30","modified_gmt":"2025-11-18T09:52:30","slug":"libro-madera-aserrada","status":"publish","type":"product","link":"https:\/\/www.garciavarona.com\/en\/producto\/libro-madera-aserrada\/","title":{"rendered":"Libro Madera Aserrada Estructural"},"content":{"rendered":"<h1>Libro Madera Aserrada Estructural<\/h1>\n<p> Libro dirigido a los diferentes agentes que intervienen en la edificaci\u00f3n con madera: suministradores de madera (aserradero, almacenista, importador o distribuidor), al constructor, al proveedor, al proyectista o prescriptor, a las Oficinas de Control T\u00e9cnico y a todos los t\u00e9cnicos que se relacionan con la madera de construcci\u00f3n.<\/p>\n<p>En \u00e9l se caracteriza a la madera aserrada como material estructural conforme a la normativa, legislaci\u00f3n vigentes en Espa\u00f1a y en la Uni\u00f3n Europea. Aporta un enfoque eminentemente pr\u00e1ctico basado en el trabajo desarrollado pos AITIM durente estos \u00faltimos a\u00f1os.<\/p>\n<p>Editado por la Asociaci\u00f3n de Investigaci\u00f3n T\u00e9cnica de las Industrias de la Madera y Corcho (AITIM). Encuadernado en tapa dura. A\u00f1o de edici\u00f3n 2003. N\u00ba de p\u00e1ginas 159.<\/p>\n<p>ISBN: 84-87381-25-1<\/p>\n<p>Autores:<br \/>Francisco Arriaga Martitegui<br \/>Fernando Peraza S\u00e1nchez<br \/>Miguel Esteban Herrero<\/p>\n<p>CONTENIDO:<\/p>\n<p>El material madera<br \/>&#8211; Dimensiones y tolerancias<br \/>&#8211; Contenido de humedaD, humedad y propiedades mec\u00e1nicas<br \/>&#8211; Clasificaci\u00f3n de la madera visial y mec\u00e1nica<br \/>&#8211; Clases resistente, sistemas y asignaci\u00f3n<br \/>&#8211; C\u00e1lculo de la estructura, normativa del c\u00e1lculo, clases de servicio, valores de c\u00e1lculo, comprobaci\u00f3n de los elementos estructurales<br \/>&#8211; Comportamiento al fuego, normativa, tratamientos de protecci\u00f3n, c\u00e1lculo de la estabilidad al fuego y bases de c\u00e1lculo.<br \/>&#8211; Protecci\u00f3n preventiva, clases de riesgo, protecci\u00f3n pasiva, productos protectores.<br \/>&#8211; Certificaci\u00f3n y marcas de calida, AITIM, CTBA, WWPA, maderas de Canad\u00e1 y de los Paises N\u00f3rdicos.<\/p>\n<p>Anexos: especies de madera habituales en estructuras; normas de clasificaci\u00f3n extranjeras; documentaci\u00f3n del proyecto de una estructura de madera.<\/p>\n","protected":false},"excerpt":{"rendered":"<p>El material madera, sus especies, dimensiones y tolerancias, contenido de humedad, propiedades mec\u00e1nicas, comportamiento frente al fuego, protecci\u00f3n preventiva y certificaciones.<\/p>\n","protected":false},"featured_media":12428,"template":"","meta":[],"product_brand":[],"product_cat":[757,795],"product_tag":[],"class_list":{"0":"post-12430","1":"product","2":"type-product","3":"status-publish","4":"has-post-thumbnail","6":"product_cat-outlet-de-madera","7":"product_cat-otros-articulos","9":"first","10":"instock","11":"taxable","12":"shipping-taxable","13":"purchasable","14":"product-type-simple"},"yoast_head":"<!-- This site is optimized with the Yoast SEO plugin v27.3 - https:\/\/yoast.com\/product\/yoast-seo-wordpress\/ -->\n<title>La madera, sus especies, dimensiones y tolerancias, humedad<\/title>\n<meta name=\"description\" content=\"La madera, sus especies, dimensiones y tolerancias, humedad, propiedades mec\u00e1nicas, comportamiento frente al fuego, protecci\u00f3n preventiva y certificaciones.\" \/>\n<meta name=\"robots\" content=\"index, follow, max-snippet:-1, max-image-preview:large, max-video-preview:-1\" \/>\n<link rel=\"canonical\" href=\"https:\/\/www.garciavarona.com\/en\/producto\/libro-madera-aserrada\/\" \/>\n<meta property=\"og:locale\" content=\"en_US\" \/>\n<meta property=\"og:type\" content=\"article\" \/>\n<meta property=\"og:title\" content=\"La madera, sus especies, dimensiones y tolerancias, humedad\" \/>\n<meta property=\"og:description\" content=\"La madera, sus especies, dimensiones y tolerancias, humedad, propiedades mec\u00e1nicas, comportamiento frente al fuego, protecci\u00f3n preventiva y certificaciones.\" \/>\n<meta property=\"og:url\" content=\"https:\/\/www.garciavarona.com\/en\/producto\/libro-madera-aserrada\/\" \/>\n<meta property=\"og:site_name\" content=\"Maderas Garcia Varona\" \/>\n<meta property=\"article:publisher\" content=\"https:\/\/www.facebook.com\/maderasgarciavaronagrupo\" \/>\n<meta property=\"article:modified_time\" content=\"2025-11-18T09:52:30+00:00\" \/>\n<meta property=\"og:image\" content=\"https:\/\/www.garciavarona.com\/wp-content\/uploads\/2020\/03\/993-Libro-Madera-Aserrada-Estructural.jpg\" \/>\n\t<meta property=\"og:image:width\" content=\"525\" \/>\n\t<meta property=\"og:image:height\" content=\"525\" \/>\n\t<meta property=\"og:image:type\" content=\"image\/jpeg\" \/>\n<meta name=\"twitter:card\" content=\"summary_large_image\" \/>\n<meta name=\"twitter:site\" content=\"@maderasvaronars\" \/>\n<meta name=\"twitter:label1\" content=\"Est. reading time\" \/>\n\t<meta name=\"twitter:data1\" content=\"1 minute\" \/>\n<script type=\"application\/ld+json\" class=\"yoast-schema-graph\">{\"@context\":\"https:\\\/\\\/schema.org\",\"@graph\":[{\"@type\":[\"WebPage\",\"ItemPage\"],\"@id\":\"https:\\\/\\\/www.garciavarona.com\\\/en\\\/producto\\\/libro-madera-aserrada\\\/\",\"url\":\"https:\\\/\\\/www.garciavarona.com\\\/en\\\/producto\\\/libro-madera-aserrada\\\/\",\"name\":\"La madera, sus especies, dimensiones y tolerancias, humedad\",\"isPartOf\":{\"@id\":\"https:\\\/\\\/www.garciavarona.com\\\/en\\\/#website\"},\"primaryImageOfPage\":{\"@id\":\"https:\\\/\\\/www.garciavarona.com\\\/en\\\/producto\\\/libro-madera-aserrada\\\/#primaryimage\"},\"image\":{\"@id\":\"https:\\\/\\\/www.garciavarona.com\\\/en\\\/producto\\\/libro-madera-aserrada\\\/#primaryimage\"},\"thumbnailUrl\":\"https:\\\/\\\/www.garciavarona.com\\\/wp-content\\\/uploads\\\/2020\\\/03\\\/993-Libro-Madera-Aserrada-Estructural.jpg\",\"datePublished\":\"2020-03-27T11:46:59+00:00\",\"dateModified\":\"2025-11-18T09:52:30+00:00\",\"description\":\"La madera, sus especies, dimensiones y tolerancias, humedad, propiedades mec\u00e1nicas, comportamiento frente al fuego, protecci\u00f3n preventiva y certificaciones.\",\"breadcrumb\":{\"@id\":\"https:\\\/\\\/www.garciavarona.com\\\/en\\\/producto\\\/libro-madera-aserrada\\\/#breadcrumb\"},\"inLanguage\":\"en-US\",\"potentialAction\":[{\"@type\":\"ReadAction\",\"target\":[\"https:\\\/\\\/www.garciavarona.com\\\/en\\\/producto\\\/libro-madera-aserrada\\\/\"]}]},{\"@type\":\"ImageObject\",\"inLanguage\":\"en-US\",\"@id\":\"https:\\\/\\\/www.garciavarona.com\\\/en\\\/producto\\\/libro-madera-aserrada\\\/#primaryimage\",\"url\":\"https:\\\/\\\/www.garciavarona.com\\\/wp-content\\\/uploads\\\/2020\\\/03\\\/993-Libro-Madera-Aserrada-Estructural.jpg\",\"contentUrl\":\"https:\\\/\\\/www.garciavarona.com\\\/wp-content\\\/uploads\\\/2020\\\/03\\\/993-Libro-Madera-Aserrada-Estructural.jpg\",\"width\":525,\"height\":525,\"caption\":\"Libro Madera Aserrada Estructural\"},{\"@type\":\"BreadcrumbList\",\"@id\":\"https:\\\/\\\/www.garciavarona.com\\\/en\\\/producto\\\/libro-madera-aserrada\\\/#breadcrumb\",\"itemListElement\":[{\"@type\":\"ListItem\",\"position\":1,\"name\":\"Portada\",\"item\":\"https:\\\/\\\/www.garciavarona.com\\\/en\\\/\"},{\"@type\":\"ListItem\",\"position\":2,\"name\":\"Tienda Maderas Garc\u00eda Varona\",\"item\":\"https:\\\/\\\/www.garciavarona.com\\\/tienda\\\/\"},{\"@type\":\"ListItem\",\"position\":3,\"name\":\"Libro Madera Aserrada Estructural\"}]},{\"@type\":\"WebSite\",\"@id\":\"https:\\\/\\\/www.garciavarona.com\\\/en\\\/#website\",\"url\":\"https:\\\/\\\/www.garciavarona.com\\\/en\\\/\",\"name\":\"Maderas Garcia Varona\",\"description\":\"Fabrica y Aserradero de Madera. Expertos en Madera\",\"publisher\":{\"@id\":\"https:\\\/\\\/www.garciavarona.com\\\/en\\\/#organization\"},\"potentialAction\":[{\"@type\":\"SearchAction\",\"target\":{\"@type\":\"EntryPoint\",\"urlTemplate\":\"https:\\\/\\\/www.garciavarona.com\\\/en\\\/?s={search_term_string}\"},\"query-input\":{\"@type\":\"PropertyValueSpecification\",\"valueRequired\":true,\"valueName\":\"search_term_string\"}}],\"inLanguage\":\"en-US\"},{\"@type\":\"Organization\",\"@id\":\"https:\\\/\\\/www.garciavarona.com\\\/en\\\/#organization\",\"name\":\"Maderas Garcia Varona\",\"url\":\"https:\\\/\\\/www.garciavarona.com\\\/en\\\/\",\"logo\":{\"@type\":\"ImageObject\",\"inLanguage\":\"en-US\",\"@id\":\"https:\\\/\\\/www.garciavarona.com\\\/en\\\/#\\\/schema\\\/logo\\\/image\\\/\",\"url\":\"https:\\\/\\\/www.garciavarona.com\\\/wp-content\\\/uploads\\\/2022\\\/06\\\/logoGarciaVarona.svg\",\"contentUrl\":\"https:\\\/\\\/www.garciavarona.com\\\/wp-content\\\/uploads\\\/2022\\\/06\\\/logoGarciaVarona.svg\",\"width\":1020,\"height\":200,\"caption\":\"Maderas Garcia Varona\"},\"image\":{\"@id\":\"https:\\\/\\\/www.garciavarona.com\\\/en\\\/#\\\/schema\\\/logo\\\/image\\\/\"},\"sameAs\":[\"https:\\\/\\\/www.facebook.com\\\/maderasgarciavaronagrupo\",\"https:\\\/\\\/x.com\\\/maderasvaronars\",\"https:\\\/\\\/www.instagram.com\\\/maderasgarciavarona\\\/\",\"https:\\\/\\\/www.linkedin.com\\\/company\\\/maderas-garcia-varona\\\/\",\"https:\\\/\\\/www.youtube.com\\\/channel\\\/UCGUEME06N_h66pB2coJC83w\\\/featured\"]}]}<\/script>\n<!-- \/ Yoast SEO plugin. -->","yoast_head_json":{"title":"La madera, sus especies, dimensiones y tolerancias, humedad","description":"La madera, sus especies, dimensiones y tolerancias, humedad, propiedades mec\u00e1nicas, comportamiento frente al fuego, protecci\u00f3n preventiva y certificaciones.","robots":{"index":"index","follow":"follow","max-snippet":"max-snippet:-1","max-image-preview":"max-image-preview:large","max-video-preview":"max-video-preview:-1"},"canonical":"https:\/\/www.garciavarona.com\/en\/producto\/libro-madera-aserrada\/","og_locale":"en_US","og_type":"article","og_title":"La madera, sus especies, dimensiones y tolerancias, humedad","og_description":"La madera, sus especies, dimensiones y tolerancias, humedad, propiedades mec\u00e1nicas, comportamiento frente al fuego, protecci\u00f3n preventiva y certificaciones.","og_url":"https:\/\/www.garciavarona.com\/en\/producto\/libro-madera-aserrada\/","og_site_name":"Maderas Garcia Varona","article_publisher":"https:\/\/www.facebook.com\/maderasgarciavaronagrupo","article_modified_time":"2025-11-18T09:52:30+00:00","og_image":[{"width":525,"height":525,"url":"https:\/\/www.garciavarona.com\/wp-content\/uploads\/2020\/03\/993-Libro-Madera-Aserrada-Estructural.jpg","type":"image\/jpeg"}],"twitter_card":"summary_large_image","twitter_site":"@maderasvaronars","twitter_misc":{"Est. reading time":"1 minute"},"schema":{"@context":"https:\/\/schema.org","@graph":[{"@type":["WebPage","ItemPage"],"@id":"https:\/\/www.garciavarona.com\/en\/producto\/libro-madera-aserrada\/","url":"https:\/\/www.garciavarona.com\/en\/producto\/libro-madera-aserrada\/","name":"La madera, sus especies, dimensiones y tolerancias, humedad","isPartOf":{"@id":"https:\/\/www.garciavarona.com\/en\/#website"},"primaryImageOfPage":{"@id":"https:\/\/www.garciavarona.com\/en\/producto\/libro-madera-aserrada\/#primaryimage"},"image":{"@id":"https:\/\/www.garciavarona.com\/en\/producto\/libro-madera-aserrada\/#primaryimage"},"thumbnailUrl":"https:\/\/www.garciavarona.com\/wp-content\/uploads\/2020\/03\/993-Libro-Madera-Aserrada-Estructural.jpg","datePublished":"2020-03-27T11:46:59+00:00","dateModified":"2025-11-18T09:52:30+00:00","description":"La madera, sus especies, dimensiones y tolerancias, humedad, propiedades mec\u00e1nicas, comportamiento frente al fuego, protecci\u00f3n preventiva y certificaciones.","breadcrumb":{"@id":"https:\/\/www.garciavarona.com\/en\/producto\/libro-madera-aserrada\/#breadcrumb"},"inLanguage":"en-US","potentialAction":[{"@type":"ReadAction","target":["https:\/\/www.garciavarona.com\/en\/producto\/libro-madera-aserrada\/"]}]},{"@type":"ImageObject","inLanguage":"en-US","@id":"https:\/\/www.garciavarona.com\/en\/producto\/libro-madera-aserrada\/#primaryimage","url":"https:\/\/www.garciavarona.com\/wp-content\/uploads\/2020\/03\/993-Libro-Madera-Aserrada-Estructural.jpg","contentUrl":"https:\/\/www.garciavarona.com\/wp-content\/uploads\/2020\/03\/993-Libro-Madera-Aserrada-Estructural.jpg","width":525,"height":525,"caption":"Libro Madera Aserrada Estructural"},{"@type":"BreadcrumbList","@id":"https:\/\/www.garciavarona.com\/en\/producto\/libro-madera-aserrada\/#breadcrumb","itemListElement":[{"@type":"ListItem","position":1,"name":"Portada","item":"https:\/\/www.garciavarona.com\/en\/"},{"@type":"ListItem","position":2,"name":"Tienda Maderas Garc\u00eda Varona","item":"https:\/\/www.garciavarona.com\/tienda\/"},{"@type":"ListItem","position":3,"name":"Libro Madera Aserrada Estructural"}]},{"@type":"WebSite","@id":"https:\/\/www.garciavarona.com\/en\/#website","url":"https:\/\/www.garciavarona.com\/en\/","name":"Maderas Garcia Varona","description":"Fabrica y Aserradero de Madera. Expertos en Madera","publisher":{"@id":"https:\/\/www.garciavarona.com\/en\/#organization"},"potentialAction":[{"@type":"SearchAction","target":{"@type":"EntryPoint","urlTemplate":"https:\/\/www.garciavarona.com\/en\/?s={search_term_string}"},"query-input":{"@type":"PropertyValueSpecification","valueRequired":true,"valueName":"search_term_string"}}],"inLanguage":"en-US"},{"@type":"Organization","@id":"https:\/\/www.garciavarona.com\/en\/#organization","name":"Maderas Garcia Varona","url":"https:\/\/www.garciavarona.com\/en\/","logo":{"@type":"ImageObject","inLanguage":"en-US","@id":"https:\/\/www.garciavarona.com\/en\/#\/schema\/logo\/image\/","url":"https:\/\/www.garciavarona.com\/wp-content\/uploads\/2022\/06\/logoGarciaVarona.svg","contentUrl":"https:\/\/www.garciavarona.com\/wp-content\/uploads\/2022\/06\/logoGarciaVarona.svg","width":1020,"height":200,"caption":"Maderas Garcia Varona"},"image":{"@id":"https:\/\/www.garciavarona.com\/en\/#\/schema\/logo\/image\/"},"sameAs":["https:\/\/www.facebook.com\/maderasgarciavaronagrupo","https:\/\/x.com\/maderasvaronars","https:\/\/www.instagram.com\/maderasgarciavarona\/","https:\/\/www.linkedin.com\/company\/maderas-garcia-varona\/","https:\/\/www.youtube.com\/channel\/UCGUEME06N_h66pB2coJC83w\/featured"]}]}},"_links":{"self":[{"href":"https:\/\/www.garciavarona.com\/en\/wp-json\/wp\/v2\/product\/12430","targetHints":{"allow":["GET"]}}],"collection":[{"href":"https:\/\/www.garciavarona.com\/en\/wp-json\/wp\/v2\/product"}],"about":[{"href":"https:\/\/www.garciavarona.com\/en\/wp-json\/wp\/v2\/types\/product"}],"version-history":[{"count":1,"href":"https:\/\/www.garciavarona.com\/en\/wp-json\/wp\/v2\/product\/12430\/revisions"}],"predecessor-version":[{"id":14249,"href":"https:\/\/www.garciavarona.com\/en\/wp-json\/wp\/v2\/product\/12430\/revisions\/14249"}],"wp:featuredmedia":[{"embeddable":true,"href":"https:\/\/www.garciavarona.com\/en\/wp-json\/wp\/v2\/media\/12428"}],"wp:attachment":[{"href":"https:\/\/www.garciavarona.com\/en\/wp-json\/wp\/v2\/media?parent=12430"}],"wp:term":[{"taxonomy":"product_brand","embeddable":true,"href":"https:\/\/www.garciavarona.com\/en\/wp-json\/wp\/v2\/product_brand?post=12430"},{"taxonomy":"product_cat","embeddable":true,"href":"https:\/\/www.garciavarona.com\/en\/wp-json\/wp\/v2\/product_cat?post=12430"},{"taxonomy":"product_tag","embeddable":true,"href":"https:\/\/www.garciavarona.com\/en\/wp-json\/wp\/v2\/product_tag?post=12430"}],"curies":[{"name":"wp","href":"https:\/\/api.w.org\/{rel}","templated":true}]}}