{"id":12433,"date":"2020-03-27T11:59:38","date_gmt":"2020-03-27T11:59:38","guid":{"rendered":"https:\/\/pruebas.garciavarona.com\/producto\/libro-pavimentos-de-madera-manual-de-instalacion\/"},"modified":"2025-03-10T07:27:38","modified_gmt":"2025-03-10T07:27:38","slug":"libro-pavimentos-de-madera-manual-de-instalacion","status":"publish","type":"product","link":"https:\/\/www.garciavarona.com\/en\/producto\/libro-pavimentos-de-madera-manual-de-instalacion\/","title":{"rendered":"Libro Pavimentos de Madera &#8211; Manual de instalaci\u00f3n"},"content":{"rendered":"<h1>Libro Pavimentos de Madera &#8211; Manual de instalaci\u00f3n<\/h1>\n<p> Este libro proporciona a instaladores, fabricantes, constructoras, arquitectos y aparejadores un instrumento de trabajo pr\u00e1ctico a la hora de enfrentarse a la instalaci\u00f3n de un suelo de madera. <\/p>\n<p>El contenido del libro abarca todos los aspectos de la instalaci\u00f3n, dise\u00f1o y configuraciones, acabado, patolog\u00edas y rehabilitaci\u00f3n, fabricaci\u00f3n, productos, herramientas y maquinaria. Todo ello sin olvidar algunas generalidades sobre la madera y sus implicaciones en los suelos.<\/p>\n<p>Autor Gonzalo Medina Gallego, editado por la Asociaci\u00f3n de Investigaci\u00f3n T\u00e9cnica de las Industrias de la Madera y Corcho (AITIM). Encuadernado en tapa blanda. A\u00f1o de edici\u00f3n 2005. N\u00ba de p\u00e1ginas: 344.<\/p>\n<p>ISBN: 84-87381-31-6<\/p>\n<p>Su autor dispone de una enorme experiencia, que ya es de d\u00e9cadas, en control de calidad, patolog\u00eda y normalizaci\u00f3n de suelos de madera siendo el libro una puesta por escrito de todos esos conocimientos.<\/p>\n<p>El libro tiene un dise\u00f1o muy original de formato apaisado. Los dibujos, a todo color, han sido realizados, ex-profeso para el libro por Catalina Ocampo.<\/p>\n<p><span style=\"text-decoration: underline;\">INDICE<\/span><\/p>\n<p>I ASPECTOS\u00a0 GENERALES <\/p>\n<ul>\n<li>Antecedentes hist\u00f3ricos de los pavimentos de madera\u00a0\u00a0 \u00a0<\/li>\n<li>Algunos conceptos sobre la madera\u00a0\u00a0 \u00a0<\/li>\n<li>Propiedades f\u00edsicas de la madera relacionadas con su utilizaci\u00f3n como pavimento\u00a0\u00a0 \u00a0<\/li>\n<li>Sistemas de colocaci\u00f3n y productos de parquet\u00a0\u00a0 \u00a0<\/li>\n<li>Dise\u00f1os\u00a0\u00a0 \u00a0<\/li>\n<li>Fabricaci\u00f3n de parquet\u00a0\u00a0 \u00a0<\/li>\n<li>Caracter\u00edsticas b\u00e1sicas del parquet\u00a0\u00a0\u00a0<\/li>\n<\/ul>\n<p> II PRODUCTOS AUXILIARES\u00a0\u00a0\u00a0  <\/p>\n<ul>\n<li>Barnices y adhesivos\u00a0\u00a0 \u00a0<\/li>\n<li>Rodapi\u00e9s y otros accesorios\u00a0\u00a0 \u00a0<\/li>\n<li>Productos de preparaci\u00f3n del soporte\u00a0\u00a0\u00a0<\/li>\n<\/ul>\n<p> III OPERACIONES B\u00c1SICAS PARA LA COLOCACI\u00d3N DE PARQUET\u00a0\u00a0\u00a0  <\/p>\n<ul>\n<li>El lijado\u00a0\u00a0 \u00a0<\/li>\n<li>El emplastecido\u00a0\u00a0 \u00a0<\/li>\n<li>El barnizado\u00a0\u00a0 \u00a0<\/li>\n<li>Acabados al aceite\u00a0\u00a0\u00a0<\/li>\n<\/ul>\n<p> IV CONDICIONES GENERALES Y PARTICULARES PARA LA COLOCACI\u00d3N SEG\u00daN LOS PRINCIPALES SISTEMAS\u00a0\u00a0\u00a0  <\/p>\n<ul>\n<li>Condiciones de instalaci\u00f3n y caracter\u00edsticas del soporte\u00a0\u00a0 \u00a0<\/li>\n<li>Colocaci\u00f3n de parquet pegado\u00a0\u00a0 \u00a0<\/li>\n<li>Colocaci\u00f3n de tarima\u00a0\u00a0 \u00a0<\/li>\n<li>Colocaci\u00f3n flotante\u00a0\u00a0 \u00a0<\/li>\n<li>Colocaci\u00f3n sobre suelos radiantes\u00a0\u00a0 \u00a0<\/li>\n<li>Entarugados\u00a0\u00a0 \u00a0<\/li>\n<li>Taraceas y cenefas\u00a0\u00a0 \u00a0<\/li>\n<li>Entarimados al exterior\u00a0\u00a0 \u00a0<\/li>\n<li>Rehabilitaci\u00f3n de pavimentos de madera\u00a0\u00a0 \u00a0<\/li>\n<li>Control de calidad en obra\u00a0\u00a0\u00a0<\/li>\n<\/ul>\n<p> 5 HERRAMIENTAS, ABRASIVOS Y\u00a0 M\u00c1QUINAS\u00a0\u00a0\u00a0  <\/p>\n<ul>\n<li>Abrasivos\u00a0\u00a0 \u00a0<\/li>\n<li>M\u00e1quinas para el lijado\u00a0\u00a0 \u00a0<\/li>\n<li>Herramientas m\u00e1s habituales en la colocaci\u00f3n de pavimentos de madera\u00a0\u00a0 \u00a0<\/li>\n<\/ul>\n<p> \u00a06 ANEXOS\u00a0\u00a0\u00a0  <\/p>\n<ul>\n<li>Principales especies utilizadas en pavimentos de madera\u00a0\u00a0 \u00a0<\/li>\n<li>Normativa de parquet\u00a0\u00a0 \u00a0<\/li>\n<li>Bibliograf\u00eda\u00a0\u00a0 \u00a0<\/li>\n<li>Glosario\u00a0\u00a0\u00a0<\/li>\n<\/ul>\n","protected":false},"excerpt":{"rendered":"<p>Instrumento de trabajo pr\u00e1ctico para profesionales a la hora de enfrentarse a la instalaci\u00f3n de un suelo de madera.<\/p>\n","protected":false},"featured_media":12431,"template":"","meta":[],"product_brand":[],"product_cat":[757,795],"product_tag":[],"class_list":{"0":"post-12433","1":"product","2":"type-product","3":"status-publish","4":"has-post-thumbnail","6":"product_cat-outlet-de-madera","7":"product_cat-otros-articulos","9":"first","10":"instock","11":"taxable","12":"shipping-taxable","13":"purchasable","14":"product-type-simple"},"yoast_head":"<!-- This site is optimized with the Yoast SEO plugin v27.3 - https:\/\/yoast.com\/product\/yoast-seo-wordpress\/ -->\n<title>Manual pr\u00e1ctico para la instalaci\u00f3n de suelo de madera.<\/title>\n<meta name=\"description\" content=\"Manual pr\u00e1ctico para la instalaci\u00f3n de suelo de madera. Desde la instalaci\u00f3n de pavimento de madera, dise\u00f1o, acabado, herramientas, patolog\u00edas y rehabilitaci\u00f3n\" \/>\n<meta name=\"robots\" content=\"index, follow, max-snippet:-1, max-image-preview:large, max-video-preview:-1\" \/>\n<link rel=\"canonical\" href=\"https:\/\/www.garciavarona.com\/en\/producto\/libro-pavimentos-de-madera-manual-de-instalacion\/\" \/>\n<meta property=\"og:locale\" content=\"en_US\" \/>\n<meta property=\"og:type\" content=\"article\" \/>\n<meta property=\"og:title\" content=\"Manual pr\u00e1ctico para la instalaci\u00f3n de suelo de madera.\" \/>\n<meta property=\"og:description\" content=\"Manual pr\u00e1ctico para la instalaci\u00f3n de suelo de madera. Desde la instalaci\u00f3n de pavimento de madera, dise\u00f1o, acabado, herramientas, patolog\u00edas y rehabilitaci\u00f3n\" \/>\n<meta property=\"og:url\" content=\"https:\/\/www.garciavarona.com\/en\/producto\/libro-pavimentos-de-madera-manual-de-instalacion\/\" \/>\n<meta property=\"og:site_name\" content=\"Maderas Garcia Varona\" \/>\n<meta property=\"article:publisher\" content=\"https:\/\/www.facebook.com\/maderasgarciavaronagrupo\" \/>\n<meta property=\"article:modified_time\" content=\"2025-03-10T07:27:38+00:00\" \/>\n<meta property=\"og:image\" content=\"https:\/\/www.garciavarona.com\/wp-content\/uploads\/2020\/03\/995-Libro-Pavimentos-de-Madera-Manual-de-instalacion.jpg\" \/>\n\t<meta property=\"og:image:width\" content=\"525\" \/>\n\t<meta property=\"og:image:height\" content=\"525\" \/>\n\t<meta property=\"og:image:type\" content=\"image\/jpeg\" \/>\n<meta name=\"twitter:card\" content=\"summary_large_image\" \/>\n<meta name=\"twitter:site\" content=\"@maderasvaronars\" \/>\n<meta name=\"twitter:label1\" content=\"Est. reading time\" \/>\n\t<meta name=\"twitter:data1\" content=\"2 minutes\" \/>\n<script type=\"application\/ld+json\" class=\"yoast-schema-graph\">{\"@context\":\"https:\\\/\\\/schema.org\",\"@graph\":[{\"@type\":[\"WebPage\",\"ItemPage\"],\"@id\":\"https:\\\/\\\/www.garciavarona.com\\\/en\\\/producto\\\/libro-pavimentos-de-madera-manual-de-instalacion\\\/\",\"url\":\"https:\\\/\\\/www.garciavarona.com\\\/en\\\/producto\\\/libro-pavimentos-de-madera-manual-de-instalacion\\\/\",\"name\":\"Manual pr\u00e1ctico para la instalaci\u00f3n de suelo de madera.\",\"isPartOf\":{\"@id\":\"https:\\\/\\\/www.garciavarona.com\\\/en\\\/#website\"},\"primaryImageOfPage\":{\"@id\":\"https:\\\/\\\/www.garciavarona.com\\\/en\\\/producto\\\/libro-pavimentos-de-madera-manual-de-instalacion\\\/#primaryimage\"},\"image\":{\"@id\":\"https:\\\/\\\/www.garciavarona.com\\\/en\\\/producto\\\/libro-pavimentos-de-madera-manual-de-instalacion\\\/#primaryimage\"},\"thumbnailUrl\":\"https:\\\/\\\/www.garciavarona.com\\\/wp-content\\\/uploads\\\/2020\\\/03\\\/995-Libro-Pavimentos-de-Madera-Manual-de-instalacion.jpg\",\"datePublished\":\"2020-03-27T11:59:38+00:00\",\"dateModified\":\"2025-03-10T07:27:38+00:00\",\"description\":\"Manual pr\u00e1ctico para la instalaci\u00f3n de suelo de madera. Desde la instalaci\u00f3n de pavimento de madera, dise\u00f1o, acabado, herramientas, patolog\u00edas y rehabilitaci\u00f3n\",\"breadcrumb\":{\"@id\":\"https:\\\/\\\/www.garciavarona.com\\\/en\\\/producto\\\/libro-pavimentos-de-madera-manual-de-instalacion\\\/#breadcrumb\"},\"inLanguage\":\"en-US\",\"potentialAction\":[{\"@type\":\"ReadAction\",\"target\":[\"https:\\\/\\\/www.garciavarona.com\\\/en\\\/producto\\\/libro-pavimentos-de-madera-manual-de-instalacion\\\/\"]}]},{\"@type\":\"ImageObject\",\"inLanguage\":\"en-US\",\"@id\":\"https:\\\/\\\/www.garciavarona.com\\\/en\\\/producto\\\/libro-pavimentos-de-madera-manual-de-instalacion\\\/#primaryimage\",\"url\":\"https:\\\/\\\/www.garciavarona.com\\\/wp-content\\\/uploads\\\/2020\\\/03\\\/995-Libro-Pavimentos-de-Madera-Manual-de-instalacion.jpg\",\"contentUrl\":\"https:\\\/\\\/www.garciavarona.com\\\/wp-content\\\/uploads\\\/2020\\\/03\\\/995-Libro-Pavimentos-de-Madera-Manual-de-instalacion.jpg\",\"width\":525,\"height\":525,\"caption\":\"Libro Pavimentos de Madera - Manual de instalaci\u00f3n\"},{\"@type\":\"BreadcrumbList\",\"@id\":\"https:\\\/\\\/www.garciavarona.com\\\/en\\\/producto\\\/libro-pavimentos-de-madera-manual-de-instalacion\\\/#breadcrumb\",\"itemListElement\":[{\"@type\":\"ListItem\",\"position\":1,\"name\":\"Portada\",\"item\":\"https:\\\/\\\/www.garciavarona.com\\\/en\\\/\"},{\"@type\":\"ListItem\",\"position\":2,\"name\":\"Tienda Maderas Garc\u00eda Varona\",\"item\":\"https:\\\/\\\/www.garciavarona.com\\\/tienda\\\/\"},{\"@type\":\"ListItem\",\"position\":3,\"name\":\"Libro Pavimentos de Madera &#8211; Manual de instalaci\u00f3n\"}]},{\"@type\":\"WebSite\",\"@id\":\"https:\\\/\\\/www.garciavarona.com\\\/en\\\/#website\",\"url\":\"https:\\\/\\\/www.garciavarona.com\\\/en\\\/\",\"name\":\"Maderas Garcia Varona\",\"description\":\"Fabrica y Aserradero de Madera. Expertos en Madera\",\"publisher\":{\"@id\":\"https:\\\/\\\/www.garciavarona.com\\\/en\\\/#organization\"},\"potentialAction\":[{\"@type\":\"SearchAction\",\"target\":{\"@type\":\"EntryPoint\",\"urlTemplate\":\"https:\\\/\\\/www.garciavarona.com\\\/en\\\/?s={search_term_string}\"},\"query-input\":{\"@type\":\"PropertyValueSpecification\",\"valueRequired\":true,\"valueName\":\"search_term_string\"}}],\"inLanguage\":\"en-US\"},{\"@type\":\"Organization\",\"@id\":\"https:\\\/\\\/www.garciavarona.com\\\/en\\\/#organization\",\"name\":\"Maderas Garcia Varona\",\"url\":\"https:\\\/\\\/www.garciavarona.com\\\/en\\\/\",\"logo\":{\"@type\":\"ImageObject\",\"inLanguage\":\"en-US\",\"@id\":\"https:\\\/\\\/www.garciavarona.com\\\/en\\\/#\\\/schema\\\/logo\\\/image\\\/\",\"url\":\"https:\\\/\\\/www.garciavarona.com\\\/wp-content\\\/uploads\\\/2022\\\/06\\\/logoGarciaVarona.svg\",\"contentUrl\":\"https:\\\/\\\/www.garciavarona.com\\\/wp-content\\\/uploads\\\/2022\\\/06\\\/logoGarciaVarona.svg\",\"width\":1020,\"height\":200,\"caption\":\"Maderas Garcia Varona\"},\"image\":{\"@id\":\"https:\\\/\\\/www.garciavarona.com\\\/en\\\/#\\\/schema\\\/logo\\\/image\\\/\"},\"sameAs\":[\"https:\\\/\\\/www.facebook.com\\\/maderasgarciavaronagrupo\",\"https:\\\/\\\/x.com\\\/maderasvaronars\",\"https:\\\/\\\/www.instagram.com\\\/maderasgarciavarona\\\/\",\"https:\\\/\\\/www.linkedin.com\\\/company\\\/maderas-garcia-varona\\\/\",\"https:\\\/\\\/www.youtube.com\\\/channel\\\/UCGUEME06N_h66pB2coJC83w\\\/featured\"]}]}<\/script>\n<!-- \/ Yoast SEO plugin. -->","yoast_head_json":{"title":"Manual pr\u00e1ctico para la instalaci\u00f3n de suelo de madera.","description":"Manual pr\u00e1ctico para la instalaci\u00f3n de suelo de madera. Desde la instalaci\u00f3n de pavimento de madera, dise\u00f1o, acabado, herramientas, patolog\u00edas y rehabilitaci\u00f3n","robots":{"index":"index","follow":"follow","max-snippet":"max-snippet:-1","max-image-preview":"max-image-preview:large","max-video-preview":"max-video-preview:-1"},"canonical":"https:\/\/www.garciavarona.com\/en\/producto\/libro-pavimentos-de-madera-manual-de-instalacion\/","og_locale":"en_US","og_type":"article","og_title":"Manual pr\u00e1ctico para la instalaci\u00f3n de suelo de madera.","og_description":"Manual pr\u00e1ctico para la instalaci\u00f3n de suelo de madera. Desde la instalaci\u00f3n de pavimento de madera, dise\u00f1o, acabado, herramientas, patolog\u00edas y rehabilitaci\u00f3n","og_url":"https:\/\/www.garciavarona.com\/en\/producto\/libro-pavimentos-de-madera-manual-de-instalacion\/","og_site_name":"Maderas Garcia Varona","article_publisher":"https:\/\/www.facebook.com\/maderasgarciavaronagrupo","article_modified_time":"2025-03-10T07:27:38+00:00","og_image":[{"width":525,"height":525,"url":"https:\/\/www.garciavarona.com\/wp-content\/uploads\/2020\/03\/995-Libro-Pavimentos-de-Madera-Manual-de-instalacion.jpg","type":"image\/jpeg"}],"twitter_card":"summary_large_image","twitter_site":"@maderasvaronars","twitter_misc":{"Est. reading time":"2 minutes"},"schema":{"@context":"https:\/\/schema.org","@graph":[{"@type":["WebPage","ItemPage"],"@id":"https:\/\/www.garciavarona.com\/en\/producto\/libro-pavimentos-de-madera-manual-de-instalacion\/","url":"https:\/\/www.garciavarona.com\/en\/producto\/libro-pavimentos-de-madera-manual-de-instalacion\/","name":"Manual pr\u00e1ctico para la instalaci\u00f3n de suelo de madera.","isPartOf":{"@id":"https:\/\/www.garciavarona.com\/en\/#website"},"primaryImageOfPage":{"@id":"https:\/\/www.garciavarona.com\/en\/producto\/libro-pavimentos-de-madera-manual-de-instalacion\/#primaryimage"},"image":{"@id":"https:\/\/www.garciavarona.com\/en\/producto\/libro-pavimentos-de-madera-manual-de-instalacion\/#primaryimage"},"thumbnailUrl":"https:\/\/www.garciavarona.com\/wp-content\/uploads\/2020\/03\/995-Libro-Pavimentos-de-Madera-Manual-de-instalacion.jpg","datePublished":"2020-03-27T11:59:38+00:00","dateModified":"2025-03-10T07:27:38+00:00","description":"Manual pr\u00e1ctico para la instalaci\u00f3n de suelo de madera. Desde la instalaci\u00f3n de pavimento de madera, dise\u00f1o, acabado, herramientas, patolog\u00edas y rehabilitaci\u00f3n","breadcrumb":{"@id":"https:\/\/www.garciavarona.com\/en\/producto\/libro-pavimentos-de-madera-manual-de-instalacion\/#breadcrumb"},"inLanguage":"en-US","potentialAction":[{"@type":"ReadAction","target":["https:\/\/www.garciavarona.com\/en\/producto\/libro-pavimentos-de-madera-manual-de-instalacion\/"]}]},{"@type":"ImageObject","inLanguage":"en-US","@id":"https:\/\/www.garciavarona.com\/en\/producto\/libro-pavimentos-de-madera-manual-de-instalacion\/#primaryimage","url":"https:\/\/www.garciavarona.com\/wp-content\/uploads\/2020\/03\/995-Libro-Pavimentos-de-Madera-Manual-de-instalacion.jpg","contentUrl":"https:\/\/www.garciavarona.com\/wp-content\/uploads\/2020\/03\/995-Libro-Pavimentos-de-Madera-Manual-de-instalacion.jpg","width":525,"height":525,"caption":"Libro Pavimentos de Madera - Manual de instalaci\u00f3n"},{"@type":"BreadcrumbList","@id":"https:\/\/www.garciavarona.com\/en\/producto\/libro-pavimentos-de-madera-manual-de-instalacion\/#breadcrumb","itemListElement":[{"@type":"ListItem","position":1,"name":"Portada","item":"https:\/\/www.garciavarona.com\/en\/"},{"@type":"ListItem","position":2,"name":"Tienda Maderas Garc\u00eda Varona","item":"https:\/\/www.garciavarona.com\/tienda\/"},{"@type":"ListItem","position":3,"name":"Libro Pavimentos de Madera &#8211; Manual de instalaci\u00f3n"}]},{"@type":"WebSite","@id":"https:\/\/www.garciavarona.com\/en\/#website","url":"https:\/\/www.garciavarona.com\/en\/","name":"Maderas Garcia Varona","description":"Fabrica y Aserradero de Madera. Expertos en Madera","publisher":{"@id":"https:\/\/www.garciavarona.com\/en\/#organization"},"potentialAction":[{"@type":"SearchAction","target":{"@type":"EntryPoint","urlTemplate":"https:\/\/www.garciavarona.com\/en\/?s={search_term_string}"},"query-input":{"@type":"PropertyValueSpecification","valueRequired":true,"valueName":"search_term_string"}}],"inLanguage":"en-US"},{"@type":"Organization","@id":"https:\/\/www.garciavarona.com\/en\/#organization","name":"Maderas Garcia Varona","url":"https:\/\/www.garciavarona.com\/en\/","logo":{"@type":"ImageObject","inLanguage":"en-US","@id":"https:\/\/www.garciavarona.com\/en\/#\/schema\/logo\/image\/","url":"https:\/\/www.garciavarona.com\/wp-content\/uploads\/2022\/06\/logoGarciaVarona.svg","contentUrl":"https:\/\/www.garciavarona.com\/wp-content\/uploads\/2022\/06\/logoGarciaVarona.svg","width":1020,"height":200,"caption":"Maderas Garcia Varona"},"image":{"@id":"https:\/\/www.garciavarona.com\/en\/#\/schema\/logo\/image\/"},"sameAs":["https:\/\/www.facebook.com\/maderasgarciavaronagrupo","https:\/\/x.com\/maderasvaronars","https:\/\/www.instagram.com\/maderasgarciavarona\/","https:\/\/www.linkedin.com\/company\/maderas-garcia-varona\/","https:\/\/www.youtube.com\/channel\/UCGUEME06N_h66pB2coJC83w\/featured"]}]}},"_links":{"self":[{"href":"https:\/\/www.garciavarona.com\/en\/wp-json\/wp\/v2\/product\/12433","targetHints":{"allow":["GET"]}}],"collection":[{"href":"https:\/\/www.garciavarona.com\/en\/wp-json\/wp\/v2\/product"}],"about":[{"href":"https:\/\/www.garciavarona.com\/en\/wp-json\/wp\/v2\/types\/product"}],"version-history":[{"count":1,"href":"https:\/\/www.garciavarona.com\/en\/wp-json\/wp\/v2\/product\/12433\/revisions"}],"predecessor-version":[{"id":14248,"href":"https:\/\/www.garciavarona.com\/en\/wp-json\/wp\/v2\/product\/12433\/revisions\/14248"}],"wp:featuredmedia":[{"embeddable":true,"href":"https:\/\/www.garciavarona.com\/en\/wp-json\/wp\/v2\/media\/12431"}],"wp:attachment":[{"href":"https:\/\/www.garciavarona.com\/en\/wp-json\/wp\/v2\/media?parent=12433"}],"wp:term":[{"taxonomy":"product_brand","embeddable":true,"href":"https:\/\/www.garciavarona.com\/en\/wp-json\/wp\/v2\/product_brand?post=12433"},{"taxonomy":"product_cat","embeddable":true,"href":"https:\/\/www.garciavarona.com\/en\/wp-json\/wp\/v2\/product_cat?post=12433"},{"taxonomy":"product_tag","embeddable":true,"href":"https:\/\/www.garciavarona.com\/en\/wp-json\/wp\/v2\/product_tag?post=12433"}],"curies":[{"name":"wp","href":"https:\/\/api.w.org\/{rel}","templated":true}]}}