{"id":12435,"date":"2020-03-27T12:17:13","date_gmt":"2020-03-27T12:17:13","guid":{"rendered":"https:\/\/pruebas.garciavarona.com\/producto\/libro-proteccion-preventiva-de-la-madera\/"},"modified":"2024-12-09T19:42:23","modified_gmt":"2024-12-09T19:42:23","slug":"libro-proteccion-preventiva-de-la-madera","status":"publish","type":"product","link":"https:\/\/www.garciavarona.com\/en\/producto\/libro-proteccion-preventiva-de-la-madera\/","title":{"rendered":"Libro Proteccion Preventiva de la Madera"},"content":{"rendered":"<h1>Libro Proteccion Preventiva de la Madera<\/h1>\n<p> Este libro va dirigido a prescriptores de la construcci\u00f3n (arquitectos, aparejadores, ingenieros, constructoras, etc.) y a empresas del sector. El lenguaje es divulgativo pero sin perder su car\u00e1cter t\u00e9cnico.<\/p>\n<p>Su autor es Fernando Peraza. Ingeniero de Montes de AITIM, con amplia experiencia en estos temas, que ha contado con la colaboraci\u00f3n de otros ingenieros y arquitectos.<\/p>\n<p>Editado por la Asociaci\u00f3n de Investigaci\u00f3n T\u00e9cnica de las Industrias de la Madera y Corcho (AITIM). Encuadernaci\u00f3n de tapa dura. A\u00f1o de edici\u00f3n 2001. N\u00ba de p\u00e1ginas: 464.<\/p>\n<p>ISBN: 8487381227 <\/p>\n<p>Rese\u00f1a hist\u00f3rica sobre productos y sistemas de tratamiento. Agentes degradadores: atmosf\u00e9ricos,\u00a0 hongos e insectos xil\u00f3fagos, fuego y compuestos qu\u00edmicos.\u00a0 Durabilidad natural e impregnabilidad de la madera.<\/p>\n<p>Protecci\u00f3n de la madera contra agentes xil\u00f3fagos, fuego e inclemencias atmosf\u00e9ricas. Incluye la definici\u00f3n y numerosos ejemplos de las clases de riesgo de la madera.\u00a0 Productos protectores y forma de definir la protecci\u00f3n (elecci\u00f3n del producto y m\u00e9todo de tratamiento, penetraci\u00f3n y retenci\u00f3n del protector, control de calidad). <\/p>\n<p>Protecci\u00f3n de la madera contra el fuego con desarrollo de la NBE en lo relativo a la madera, definici\u00f3n de reacci\u00f3n y resistencia al fuego de la madera. Se analizan los productos retardantes y los m\u00e9todos de ignifugaci\u00f3n. \u00a0<\/p>\n<p>Protecci\u00f3n decorativa al exterior: propiedades de la madera como soporte (aspecto, contenido de humedad, coeficiente de contracci\u00f3n, exudados, etc.) y estudio de productos (barnices, pinturas y lasures). \u00a0<\/p>\n<p>Normalizaci\u00f3n, con documentos espa\u00f1oles y europeos, ordenados en: biol\u00f3gica, fuego y decorativa. \u00a0<\/p>\n<p>Los Anexos desarrollan con m\u00e1s extensi\u00f3n algunos de los temas espec\u00edficos.\u00a0 Directorio de empresas para proporcionar contactos entre la industria y los clientes potenciales.<\/p>\n","protected":false},"excerpt":{"rendered":"<p>En lenguaje divulgativo, dirigido a prescriptores de la construcci\u00f3n (arquitectos, aparejadores, ingenieros, constructoras, etc.) y a empresas del sector.<\/p>\n","protected":false},"featured_media":12434,"template":"","meta":[],"product_brand":[],"product_cat":[757,795],"product_tag":[],"class_list":{"0":"post-12435","1":"product","2":"type-product","3":"status-publish","4":"has-post-thumbnail","6":"product_cat-outlet-de-madera","7":"product_cat-otros-articulos","9":"first","10":"instock","11":"taxable","12":"shipping-taxable","13":"purchasable","14":"product-type-simple"},"yoast_head":"<!-- This site is optimized with the Yoast SEO plugin v27.3 - https:\/\/yoast.com\/product\/yoast-seo-wordpress\/ -->\n<title>Productos y sistemas de tratamiento para madera. Agentes degradadores<\/title>\n<meta name=\"description\" content=\"Productos y sistemas de tratamiento para madera. Agentes degradadores: atmosf\u00e9ricos, hongos e insectos xil\u00f3fagos, fuego y compuestos qu\u00edmicos. Durabilidad.\" \/>\n<meta name=\"robots\" content=\"index, follow, max-snippet:-1, max-image-preview:large, max-video-preview:-1\" \/>\n<link rel=\"canonical\" href=\"https:\/\/www.garciavarona.com\/en\/producto\/libro-proteccion-preventiva-de-la-madera\/\" \/>\n<meta property=\"og:locale\" content=\"en_US\" \/>\n<meta property=\"og:type\" content=\"article\" \/>\n<meta property=\"og:title\" content=\"Productos y sistemas de tratamiento para madera. Agentes degradadores\" \/>\n<meta property=\"og:description\" content=\"Productos y sistemas de tratamiento para madera. Agentes degradadores: atmosf\u00e9ricos, hongos e insectos xil\u00f3fagos, fuego y compuestos qu\u00edmicos. Durabilidad.\" \/>\n<meta property=\"og:url\" content=\"https:\/\/www.garciavarona.com\/en\/producto\/libro-proteccion-preventiva-de-la-madera\/\" \/>\n<meta property=\"og:site_name\" content=\"Maderas Garcia Varona\" \/>\n<meta property=\"article:publisher\" content=\"https:\/\/www.facebook.com\/maderasgarciavaronagrupo\" \/>\n<meta property=\"article:modified_time\" content=\"2024-12-09T19:42:23+00:00\" \/>\n<meta property=\"og:image\" content=\"https:\/\/www.garciavarona.com\/wp-content\/uploads\/2020\/03\/997-Libro-Proteccion-Preventiva-de-la-Madera.jpg\" \/>\n\t<meta property=\"og:image:width\" content=\"525\" \/>\n\t<meta property=\"og:image:height\" content=\"525\" \/>\n\t<meta property=\"og:image:type\" content=\"image\/jpeg\" \/>\n<meta name=\"twitter:card\" content=\"summary_large_image\" \/>\n<meta name=\"twitter:site\" content=\"@maderasvaronars\" \/>\n<meta name=\"twitter:label1\" content=\"Est. reading time\" \/>\n\t<meta name=\"twitter:data1\" content=\"2 minutes\" \/>\n<script type=\"application\/ld+json\" class=\"yoast-schema-graph\">{\"@context\":\"https:\\\/\\\/schema.org\",\"@graph\":[{\"@type\":[\"WebPage\",\"ItemPage\"],\"@id\":\"https:\\\/\\\/www.garciavarona.com\\\/en\\\/producto\\\/libro-proteccion-preventiva-de-la-madera\\\/\",\"url\":\"https:\\\/\\\/www.garciavarona.com\\\/en\\\/producto\\\/libro-proteccion-preventiva-de-la-madera\\\/\",\"name\":\"Productos y sistemas de tratamiento para madera. Agentes degradadores\",\"isPartOf\":{\"@id\":\"https:\\\/\\\/www.garciavarona.com\\\/en\\\/#website\"},\"primaryImageOfPage\":{\"@id\":\"https:\\\/\\\/www.garciavarona.com\\\/en\\\/producto\\\/libro-proteccion-preventiva-de-la-madera\\\/#primaryimage\"},\"image\":{\"@id\":\"https:\\\/\\\/www.garciavarona.com\\\/en\\\/producto\\\/libro-proteccion-preventiva-de-la-madera\\\/#primaryimage\"},\"thumbnailUrl\":\"https:\\\/\\\/www.garciavarona.com\\\/wp-content\\\/uploads\\\/2020\\\/03\\\/997-Libro-Proteccion-Preventiva-de-la-Madera.jpg\",\"datePublished\":\"2020-03-27T12:17:13+00:00\",\"dateModified\":\"2024-12-09T19:42:23+00:00\",\"description\":\"Productos y sistemas de tratamiento para madera. Agentes degradadores: atmosf\u00e9ricos, hongos e insectos xil\u00f3fagos, fuego y compuestos qu\u00edmicos. Durabilidad.\",\"breadcrumb\":{\"@id\":\"https:\\\/\\\/www.garciavarona.com\\\/en\\\/producto\\\/libro-proteccion-preventiva-de-la-madera\\\/#breadcrumb\"},\"inLanguage\":\"en-US\",\"potentialAction\":[{\"@type\":\"ReadAction\",\"target\":[\"https:\\\/\\\/www.garciavarona.com\\\/en\\\/producto\\\/libro-proteccion-preventiva-de-la-madera\\\/\"]}]},{\"@type\":\"ImageObject\",\"inLanguage\":\"en-US\",\"@id\":\"https:\\\/\\\/www.garciavarona.com\\\/en\\\/producto\\\/libro-proteccion-preventiva-de-la-madera\\\/#primaryimage\",\"url\":\"https:\\\/\\\/www.garciavarona.com\\\/wp-content\\\/uploads\\\/2020\\\/03\\\/997-Libro-Proteccion-Preventiva-de-la-Madera.jpg\",\"contentUrl\":\"https:\\\/\\\/www.garciavarona.com\\\/wp-content\\\/uploads\\\/2020\\\/03\\\/997-Libro-Proteccion-Preventiva-de-la-Madera.jpg\",\"width\":525,\"height\":525,\"caption\":\"Libro Proteccion Preventiva de la Madera\"},{\"@type\":\"BreadcrumbList\",\"@id\":\"https:\\\/\\\/www.garciavarona.com\\\/en\\\/producto\\\/libro-proteccion-preventiva-de-la-madera\\\/#breadcrumb\",\"itemListElement\":[{\"@type\":\"ListItem\",\"position\":1,\"name\":\"Portada\",\"item\":\"https:\\\/\\\/www.garciavarona.com\\\/en\\\/\"},{\"@type\":\"ListItem\",\"position\":2,\"name\":\"Tienda Maderas Garc\u00eda Varona\",\"item\":\"https:\\\/\\\/www.garciavarona.com\\\/tienda\\\/\"},{\"@type\":\"ListItem\",\"position\":3,\"name\":\"Libro Proteccion Preventiva de la Madera\"}]},{\"@type\":\"WebSite\",\"@id\":\"https:\\\/\\\/www.garciavarona.com\\\/en\\\/#website\",\"url\":\"https:\\\/\\\/www.garciavarona.com\\\/en\\\/\",\"name\":\"Maderas Garcia Varona\",\"description\":\"Fabrica y Aserradero de Madera. Expertos en Madera\",\"publisher\":{\"@id\":\"https:\\\/\\\/www.garciavarona.com\\\/en\\\/#organization\"},\"potentialAction\":[{\"@type\":\"SearchAction\",\"target\":{\"@type\":\"EntryPoint\",\"urlTemplate\":\"https:\\\/\\\/www.garciavarona.com\\\/en\\\/?s={search_term_string}\"},\"query-input\":{\"@type\":\"PropertyValueSpecification\",\"valueRequired\":true,\"valueName\":\"search_term_string\"}}],\"inLanguage\":\"en-US\"},{\"@type\":\"Organization\",\"@id\":\"https:\\\/\\\/www.garciavarona.com\\\/en\\\/#organization\",\"name\":\"Maderas Garcia Varona\",\"url\":\"https:\\\/\\\/www.garciavarona.com\\\/en\\\/\",\"logo\":{\"@type\":\"ImageObject\",\"inLanguage\":\"en-US\",\"@id\":\"https:\\\/\\\/www.garciavarona.com\\\/en\\\/#\\\/schema\\\/logo\\\/image\\\/\",\"url\":\"https:\\\/\\\/www.garciavarona.com\\\/wp-content\\\/uploads\\\/2022\\\/06\\\/logoGarciaVarona.svg\",\"contentUrl\":\"https:\\\/\\\/www.garciavarona.com\\\/wp-content\\\/uploads\\\/2022\\\/06\\\/logoGarciaVarona.svg\",\"width\":1020,\"height\":200,\"caption\":\"Maderas Garcia Varona\"},\"image\":{\"@id\":\"https:\\\/\\\/www.garciavarona.com\\\/en\\\/#\\\/schema\\\/logo\\\/image\\\/\"},\"sameAs\":[\"https:\\\/\\\/www.facebook.com\\\/maderasgarciavaronagrupo\",\"https:\\\/\\\/x.com\\\/maderasvaronars\",\"https:\\\/\\\/www.instagram.com\\\/maderasgarciavarona\\\/\",\"https:\\\/\\\/www.linkedin.com\\\/company\\\/maderas-garcia-varona\\\/\",\"https:\\\/\\\/www.youtube.com\\\/channel\\\/UCGUEME06N_h66pB2coJC83w\\\/featured\"]}]}<\/script>\n<!-- \/ Yoast SEO plugin. -->","yoast_head_json":{"title":"Productos y sistemas de tratamiento para madera. Agentes degradadores","description":"Productos y sistemas de tratamiento para madera. Agentes degradadores: atmosf\u00e9ricos, hongos e insectos xil\u00f3fagos, fuego y compuestos qu\u00edmicos. Durabilidad.","robots":{"index":"index","follow":"follow","max-snippet":"max-snippet:-1","max-image-preview":"max-image-preview:large","max-video-preview":"max-video-preview:-1"},"canonical":"https:\/\/www.garciavarona.com\/en\/producto\/libro-proteccion-preventiva-de-la-madera\/","og_locale":"en_US","og_type":"article","og_title":"Productos y sistemas de tratamiento para madera. Agentes degradadores","og_description":"Productos y sistemas de tratamiento para madera. Agentes degradadores: atmosf\u00e9ricos, hongos e insectos xil\u00f3fagos, fuego y compuestos qu\u00edmicos. Durabilidad.","og_url":"https:\/\/www.garciavarona.com\/en\/producto\/libro-proteccion-preventiva-de-la-madera\/","og_site_name":"Maderas Garcia Varona","article_publisher":"https:\/\/www.facebook.com\/maderasgarciavaronagrupo","article_modified_time":"2024-12-09T19:42:23+00:00","og_image":[{"width":525,"height":525,"url":"https:\/\/www.garciavarona.com\/wp-content\/uploads\/2020\/03\/997-Libro-Proteccion-Preventiva-de-la-Madera.jpg","type":"image\/jpeg"}],"twitter_card":"summary_large_image","twitter_site":"@maderasvaronars","twitter_misc":{"Est. reading time":"2 minutes"},"schema":{"@context":"https:\/\/schema.org","@graph":[{"@type":["WebPage","ItemPage"],"@id":"https:\/\/www.garciavarona.com\/en\/producto\/libro-proteccion-preventiva-de-la-madera\/","url":"https:\/\/www.garciavarona.com\/en\/producto\/libro-proteccion-preventiva-de-la-madera\/","name":"Productos y sistemas de tratamiento para madera. Agentes degradadores","isPartOf":{"@id":"https:\/\/www.garciavarona.com\/en\/#website"},"primaryImageOfPage":{"@id":"https:\/\/www.garciavarona.com\/en\/producto\/libro-proteccion-preventiva-de-la-madera\/#primaryimage"},"image":{"@id":"https:\/\/www.garciavarona.com\/en\/producto\/libro-proteccion-preventiva-de-la-madera\/#primaryimage"},"thumbnailUrl":"https:\/\/www.garciavarona.com\/wp-content\/uploads\/2020\/03\/997-Libro-Proteccion-Preventiva-de-la-Madera.jpg","datePublished":"2020-03-27T12:17:13+00:00","dateModified":"2024-12-09T19:42:23+00:00","description":"Productos y sistemas de tratamiento para madera. Agentes degradadores: atmosf\u00e9ricos, hongos e insectos xil\u00f3fagos, fuego y compuestos qu\u00edmicos. Durabilidad.","breadcrumb":{"@id":"https:\/\/www.garciavarona.com\/en\/producto\/libro-proteccion-preventiva-de-la-madera\/#breadcrumb"},"inLanguage":"en-US","potentialAction":[{"@type":"ReadAction","target":["https:\/\/www.garciavarona.com\/en\/producto\/libro-proteccion-preventiva-de-la-madera\/"]}]},{"@type":"ImageObject","inLanguage":"en-US","@id":"https:\/\/www.garciavarona.com\/en\/producto\/libro-proteccion-preventiva-de-la-madera\/#primaryimage","url":"https:\/\/www.garciavarona.com\/wp-content\/uploads\/2020\/03\/997-Libro-Proteccion-Preventiva-de-la-Madera.jpg","contentUrl":"https:\/\/www.garciavarona.com\/wp-content\/uploads\/2020\/03\/997-Libro-Proteccion-Preventiva-de-la-Madera.jpg","width":525,"height":525,"caption":"Libro Proteccion Preventiva de la Madera"},{"@type":"BreadcrumbList","@id":"https:\/\/www.garciavarona.com\/en\/producto\/libro-proteccion-preventiva-de-la-madera\/#breadcrumb","itemListElement":[{"@type":"ListItem","position":1,"name":"Portada","item":"https:\/\/www.garciavarona.com\/en\/"},{"@type":"ListItem","position":2,"name":"Tienda Maderas Garc\u00eda Varona","item":"https:\/\/www.garciavarona.com\/tienda\/"},{"@type":"ListItem","position":3,"name":"Libro Proteccion Preventiva de la Madera"}]},{"@type":"WebSite","@id":"https:\/\/www.garciavarona.com\/en\/#website","url":"https:\/\/www.garciavarona.com\/en\/","name":"Maderas Garcia Varona","description":"Fabrica y Aserradero de Madera. Expertos en Madera","publisher":{"@id":"https:\/\/www.garciavarona.com\/en\/#organization"},"potentialAction":[{"@type":"SearchAction","target":{"@type":"EntryPoint","urlTemplate":"https:\/\/www.garciavarona.com\/en\/?s={search_term_string}"},"query-input":{"@type":"PropertyValueSpecification","valueRequired":true,"valueName":"search_term_string"}}],"inLanguage":"en-US"},{"@type":"Organization","@id":"https:\/\/www.garciavarona.com\/en\/#organization","name":"Maderas Garcia Varona","url":"https:\/\/www.garciavarona.com\/en\/","logo":{"@type":"ImageObject","inLanguage":"en-US","@id":"https:\/\/www.garciavarona.com\/en\/#\/schema\/logo\/image\/","url":"https:\/\/www.garciavarona.com\/wp-content\/uploads\/2022\/06\/logoGarciaVarona.svg","contentUrl":"https:\/\/www.garciavarona.com\/wp-content\/uploads\/2022\/06\/logoGarciaVarona.svg","width":1020,"height":200,"caption":"Maderas Garcia Varona"},"image":{"@id":"https:\/\/www.garciavarona.com\/en\/#\/schema\/logo\/image\/"},"sameAs":["https:\/\/www.facebook.com\/maderasgarciavaronagrupo","https:\/\/x.com\/maderasvaronars","https:\/\/www.instagram.com\/maderasgarciavarona\/","https:\/\/www.linkedin.com\/company\/maderas-garcia-varona\/","https:\/\/www.youtube.com\/channel\/UCGUEME06N_h66pB2coJC83w\/featured"]}]}},"_links":{"self":[{"href":"https:\/\/www.garciavarona.com\/en\/wp-json\/wp\/v2\/product\/12435","targetHints":{"allow":["GET"]}}],"collection":[{"href":"https:\/\/www.garciavarona.com\/en\/wp-json\/wp\/v2\/product"}],"about":[{"href":"https:\/\/www.garciavarona.com\/en\/wp-json\/wp\/v2\/types\/product"}],"version-history":[{"count":1,"href":"https:\/\/www.garciavarona.com\/en\/wp-json\/wp\/v2\/product\/12435\/revisions"}],"predecessor-version":[{"id":14247,"href":"https:\/\/www.garciavarona.com\/en\/wp-json\/wp\/v2\/product\/12435\/revisions\/14247"}],"wp:featuredmedia":[{"embeddable":true,"href":"https:\/\/www.garciavarona.com\/en\/wp-json\/wp\/v2\/media\/12434"}],"wp:attachment":[{"href":"https:\/\/www.garciavarona.com\/en\/wp-json\/wp\/v2\/media?parent=12435"}],"wp:term":[{"taxonomy":"product_brand","embeddable":true,"href":"https:\/\/www.garciavarona.com\/en\/wp-json\/wp\/v2\/product_brand?post=12435"},{"taxonomy":"product_cat","embeddable":true,"href":"https:\/\/www.garciavarona.com\/en\/wp-json\/wp\/v2\/product_cat?post=12435"},{"taxonomy":"product_tag","embeddable":true,"href":"https:\/\/www.garciavarona.com\/en\/wp-json\/wp\/v2\/product_tag?post=12435"}],"curies":[{"name":"wp","href":"https:\/\/api.w.org\/{rel}","templated":true}]}}