{"id":12438,"date":"2020-03-27T12:48:26","date_gmt":"2020-03-27T12:48:26","guid":{"rendered":"https:\/\/pruebas.garciavarona.com\/producto\/libro-puentes-de-madera\/"},"modified":"2022-08-11T06:06:27","modified_gmt":"2022-08-11T06:06:27","slug":"libro-puentes-de-madera","status":"publish","type":"product","link":"https:\/\/www.garciavarona.com\/en\/producto\/libro-puentes-de-madera\/","title":{"rendered":"Libro Puentes de Madera"},"content":{"rendered":"<h1>Libro Puentes de Madera<\/h1>\n<p> Las escuelas de arquitectura y las de ingenier\u00eda de la construcci\u00f3n as\u00ed como los departamentos de puentes de los ministerios de obras p\u00fablicas, manejan escasa informaci\u00f3n sobre la madera como material para estructuras constructivas como los puentes. <\/p>\n<p>Este libro es fruto de los proyectos Alfa, constituido por una red de siete universidades de diferentes pa\u00edses, que han participado en el estudio de las posibilidades de implementar estructuras viales en madera de acuerdo a las m\u00e1s modernas metodolog\u00edas. Sus contenidos abarcan desde la historia, tipos estructurales, nuevas tecnolog\u00edas, durabilidad, proyecto y c\u00e1lculo, etc.<\/p>\n<p>Editado por la Asociaci\u00f3n de Investigaci\u00f3n T\u00e9cnica de las Industrias de la Madera y Corcho (AITIM). Encuadernaci\u00f3n de tapa dura. A\u00f1o de edici\u00f3n 2004. N\u00ba de p\u00e1ginas: 290.<\/p>\n<p>Autores:<br \/>Kurt Schwaner <br \/>Alejandra Bancalari Cornejo <br \/>Francisco Arriaga Martitegi <br \/>Juan Marcus Schwenk <br \/>Gonzalo A. Brice\u00f1o Carrasco<\/p>\n<p>ISBN: 8487381294<\/p>\n<p><span style=\"text-decoration: underline;\">\u00cdNDICE<\/span><\/p>\n<p>Antecedentes hist\u00f3ricos. <br \/>1.1. Las primeras aproximaciones: rollizos y sistemas colgantes. <br \/>1.2. La evoluci\u00f3n y las t\u00e9cnicas militares. <br \/>1.3. Centro de Europa. Siglo XVIII. <br \/>1.4. Arcos y celos\u00edas. Siglo XIX. <br \/>1.5. Siglo XX.\u00a0\u00a0 \u00a0<\/p>\n<p>Tipos estructurales. <br \/>2.1. Generalidades. <br \/>2.2. Puentes con sistema estructural de placas. Prototipos de puentes peatonales y vehiculares de madera. <br \/>2.3. Sistemas estructurales de barras. Prototipos de puentes peatonales de madera. Prototipos de puentes vehiculares de madera. <br \/>2.4. Observaciones finales.<br \/>\u00a0\u00a0\u00a0 \u00a0<br \/>Nuevas tecnolog\u00edas. <br \/>3.1. Introducci\u00f3n. <br \/>3.2. Protecci\u00f3n por dise\u00f1o. <br \/>3.3. Evoluci\u00f3n de las t\u00e9cnicas de encolado y de concepci\u00f3n de los sistemas estructurales. 3.4. Evoluci\u00f3n de las t\u00e9cnicas de fabricaci\u00f3n. <br \/>3.5. Evoluci\u00f3n de los materiales derivados de la madera. <br \/>3.6. Evoluci\u00f3n de los elementos de uni\u00f3n. <br \/>3.7. Resumen y prospectiva.<br \/>\u00a0\u00a0\u00a0 \u00a0<br \/>Durabilidad. <br \/>4.1. Introducci\u00f3n. <br \/>4.2. Protecci\u00f3n de la madera. Generalidades. Requerimientos. Agentes biol\u00f3gicos y clases de riesgo. Materiales. <br \/>4.3. Protecci\u00f3n qu\u00edmica. <br \/>4.4. Protecci\u00f3n por dise\u00f1o. Generalidades. Medidas preventivas contra la humedad para elementos protegidos. Medidas en presencia de humedad para elementos no protegidos.\u00a0\u00a0\u00a0 \u00a0<\/p>\n<p>Proyecto de la estructura. <br \/>5.1. Generalidades. <br \/>5.2. Acciones. Acciones permanentes. Acci\u00f3n del tr\u00e1fico. Acci\u00f3n del viento. Acci\u00f3n de la nieve. Acciones t\u00e9rmicas. Acciones debidas al agua. Acciones s\u00edsmicas. <br \/>5.3. Bases de proyecto. Acciones. Material. Situaciones de proyecto. Durabilidad. <br \/>5.4. An\u00e1lisis estructural. Tableros laminados. Piezas mixtas de madera y hormig\u00f3n. <br \/>5.5. Estados l\u00edmite \u00faltimos. Generalidades. Placas. Fatiga. <br \/>5.6. Estados l\u00edmite de servicio. Generalidades. Limitaci\u00f3n de la deformaci\u00f3n. Vibraciones. <br \/>5.7. Uniones. Generalidades. Conexiones madera-hormig\u00f3n en vigas mixtas. <br \/>5.8. Recomendaciones sobre las dimensiones.<br \/>\u00a0\u00a0\u00a0 \u00a0<br \/>Criterios de dise\u00f1o para puentes con sistema de arcos de madera laminada y tablero tensado. 6.1. Introducci\u00f3n. <br \/>6.2. Ejemplo de aplicaci\u00f3n de un proyecto. <br \/>6.3. Acciones consideradas en el c\u00e1lculo. Cargas solicitantes. Combinaciones de cargaa. <br \/>6.4. An\u00e1lisis por ordenador. M\u00e9todo de c\u00e1lculo. Resultados del an\u00e1lisis matricial. <br \/>6.5. Placa de madera tensada. General. Calidad de la madera tensada. Calidad del acero. Carpeta de rodado. Consideraciones de dise\u00f1o. Procedimiento de c\u00e1lculo. Aplicaci\u00f3n al ejemplo. <br \/>6.6. Arcos de madera laminada. <br \/>6.7. Acero estructural. General. M\u00e9todo de dise\u00f1o. <br \/>6.8. Estabilidad. <br \/>6.9. Cimentaci\u00f3n. <br \/>6.10. Uniones. General. Detalles de las uniones.\u00a0\u00a0 \u00a0<\/p>\n<p>Anexo A: 41 ejemplos de puentes de madera a todo color.<br \/>\u00a0\u00a0\u00a0 \u00a0<br \/>Anexo B: Bases de c\u00e1lculo del Euroc\u00f3digo 5.\u00a0 \u00a0<\/p>\n<p>Anexo C: Dise\u00f1o s\u00edsmico de acuerdo con el Manual de Carreteras, Chile.<br \/>\u00a0\u00a0\u00a0 \u00a0<br \/>Anexo D: Bases de c\u00e1lculo de estructuras de madera laminada encolada seg\u00fan la norma Chilena NCh 1198.<\/p>\n<p><\/p>\n","protected":false},"excerpt":{"rendered":"<p>Historia, tipos estructurales, nuevas tecnolog\u00edas, durabilidad, proyecto y c\u00e1lculo.<\/p>\n","protected":false},"featured_media":12436,"template":"","meta":[],"product_brand":[],"product_cat":[757,795],"product_tag":[],"class_list":{"0":"post-12438","1":"product","2":"type-product","3":"status-publish","4":"has-post-thumbnail","6":"product_cat-outlet-de-madera","7":"product_cat-otros-articulos","9":"first","10":"instock","11":"taxable","12":"shipping-taxable","13":"purchasable","14":"product-type-simple"},"yoast_head":"<!-- This site is optimized with the Yoast SEO plugin v27.3 - https:\/\/yoast.com\/product\/yoast-seo-wordpress\/ -->\n<title>Los puentes de madera: historia, tipos estructurales,<\/title>\n<meta name=\"description\" content=\"Los puentes de madera: historia, tipos estructurales, nuevas tecnolog\u00edas, durabilidad, proyecto y c\u00e1lculo. Madera como material para estructuras constructivas.\" \/>\n<meta name=\"robots\" content=\"index, follow, max-snippet:-1, max-image-preview:large, max-video-preview:-1\" \/>\n<link rel=\"canonical\" href=\"https:\/\/www.garciavarona.com\/en\/producto\/libro-puentes-de-madera\/\" \/>\n<meta property=\"og:locale\" content=\"en_US\" \/>\n<meta property=\"og:type\" content=\"article\" \/>\n<meta property=\"og:title\" content=\"Los puentes de madera: historia, tipos estructurales,\" \/>\n<meta property=\"og:description\" content=\"Los puentes de madera: historia, tipos estructurales, nuevas tecnolog\u00edas, durabilidad, proyecto y c\u00e1lculo. Madera como material para estructuras constructivas.\" \/>\n<meta property=\"og:url\" content=\"https:\/\/www.garciavarona.com\/en\/producto\/libro-puentes-de-madera\/\" \/>\n<meta property=\"og:site_name\" content=\"Maderas Garcia Varona\" \/>\n<meta property=\"article:publisher\" content=\"https:\/\/www.facebook.com\/maderasgarciavaronagrupo\" \/>\n<meta property=\"article:modified_time\" content=\"2022-08-11T06:06:27+00:00\" \/>\n<meta property=\"og:image\" content=\"https:\/\/www.garciavarona.com\/wp-content\/uploads\/2020\/03\/998-Libro-Puentes-de-Madera.jpg\" \/>\n\t<meta property=\"og:image:width\" content=\"525\" \/>\n\t<meta property=\"og:image:height\" content=\"525\" \/>\n\t<meta property=\"og:image:type\" content=\"image\/jpeg\" \/>\n<meta name=\"twitter:card\" content=\"summary_large_image\" \/>\n<meta name=\"twitter:site\" content=\"@maderasvaronars\" \/>\n<meta name=\"twitter:label1\" content=\"Est. reading time\" \/>\n\t<meta name=\"twitter:data1\" content=\"3 minutes\" \/>\n<script type=\"application\/ld+json\" class=\"yoast-schema-graph\">{\"@context\":\"https:\\\/\\\/schema.org\",\"@graph\":[{\"@type\":[\"WebPage\",\"ItemPage\"],\"@id\":\"https:\\\/\\\/www.garciavarona.com\\\/en\\\/producto\\\/libro-puentes-de-madera\\\/\",\"url\":\"https:\\\/\\\/www.garciavarona.com\\\/en\\\/producto\\\/libro-puentes-de-madera\\\/\",\"name\":\"Los puentes de madera: historia, tipos estructurales,\",\"isPartOf\":{\"@id\":\"https:\\\/\\\/www.garciavarona.com\\\/en\\\/#website\"},\"primaryImageOfPage\":{\"@id\":\"https:\\\/\\\/www.garciavarona.com\\\/en\\\/producto\\\/libro-puentes-de-madera\\\/#primaryimage\"},\"image\":{\"@id\":\"https:\\\/\\\/www.garciavarona.com\\\/en\\\/producto\\\/libro-puentes-de-madera\\\/#primaryimage\"},\"thumbnailUrl\":\"https:\\\/\\\/www.garciavarona.com\\\/wp-content\\\/uploads\\\/2020\\\/03\\\/998-Libro-Puentes-de-Madera.jpg\",\"datePublished\":\"2020-03-27T12:48:26+00:00\",\"dateModified\":\"2022-08-11T06:06:27+00:00\",\"description\":\"Los puentes de madera: historia, tipos estructurales, nuevas tecnolog\u00edas, durabilidad, proyecto y c\u00e1lculo. Madera como material para estructuras constructivas.\",\"breadcrumb\":{\"@id\":\"https:\\\/\\\/www.garciavarona.com\\\/en\\\/producto\\\/libro-puentes-de-madera\\\/#breadcrumb\"},\"inLanguage\":\"en-US\",\"potentialAction\":[{\"@type\":\"ReadAction\",\"target\":[\"https:\\\/\\\/www.garciavarona.com\\\/en\\\/producto\\\/libro-puentes-de-madera\\\/\"]}]},{\"@type\":\"ImageObject\",\"inLanguage\":\"en-US\",\"@id\":\"https:\\\/\\\/www.garciavarona.com\\\/en\\\/producto\\\/libro-puentes-de-madera\\\/#primaryimage\",\"url\":\"https:\\\/\\\/www.garciavarona.com\\\/wp-content\\\/uploads\\\/2020\\\/03\\\/998-Libro-Puentes-de-Madera.jpg\",\"contentUrl\":\"https:\\\/\\\/www.garciavarona.com\\\/wp-content\\\/uploads\\\/2020\\\/03\\\/998-Libro-Puentes-de-Madera.jpg\",\"width\":525,\"height\":525,\"caption\":\"Libro Puentes de Madera\"},{\"@type\":\"BreadcrumbList\",\"@id\":\"https:\\\/\\\/www.garciavarona.com\\\/en\\\/producto\\\/libro-puentes-de-madera\\\/#breadcrumb\",\"itemListElement\":[{\"@type\":\"ListItem\",\"position\":1,\"name\":\"Portada\",\"item\":\"https:\\\/\\\/www.garciavarona.com\\\/en\\\/\"},{\"@type\":\"ListItem\",\"position\":2,\"name\":\"Tienda Maderas Garc\u00eda Varona\",\"item\":\"https:\\\/\\\/www.garciavarona.com\\\/tienda\\\/\"},{\"@type\":\"ListItem\",\"position\":3,\"name\":\"Libro Puentes de Madera\"}]},{\"@type\":\"WebSite\",\"@id\":\"https:\\\/\\\/www.garciavarona.com\\\/en\\\/#website\",\"url\":\"https:\\\/\\\/www.garciavarona.com\\\/en\\\/\",\"name\":\"Maderas Garcia Varona\",\"description\":\"Fabrica y Aserradero de Madera. Expertos en Madera\",\"publisher\":{\"@id\":\"https:\\\/\\\/www.garciavarona.com\\\/en\\\/#organization\"},\"potentialAction\":[{\"@type\":\"SearchAction\",\"target\":{\"@type\":\"EntryPoint\",\"urlTemplate\":\"https:\\\/\\\/www.garciavarona.com\\\/en\\\/?s={search_term_string}\"},\"query-input\":{\"@type\":\"PropertyValueSpecification\",\"valueRequired\":true,\"valueName\":\"search_term_string\"}}],\"inLanguage\":\"en-US\"},{\"@type\":\"Organization\",\"@id\":\"https:\\\/\\\/www.garciavarona.com\\\/en\\\/#organization\",\"name\":\"Maderas Garcia Varona\",\"url\":\"https:\\\/\\\/www.garciavarona.com\\\/en\\\/\",\"logo\":{\"@type\":\"ImageObject\",\"inLanguage\":\"en-US\",\"@id\":\"https:\\\/\\\/www.garciavarona.com\\\/en\\\/#\\\/schema\\\/logo\\\/image\\\/\",\"url\":\"https:\\\/\\\/www.garciavarona.com\\\/wp-content\\\/uploads\\\/2022\\\/06\\\/logoGarciaVarona.svg\",\"contentUrl\":\"https:\\\/\\\/www.garciavarona.com\\\/wp-content\\\/uploads\\\/2022\\\/06\\\/logoGarciaVarona.svg\",\"width\":1020,\"height\":200,\"caption\":\"Maderas Garcia Varona\"},\"image\":{\"@id\":\"https:\\\/\\\/www.garciavarona.com\\\/en\\\/#\\\/schema\\\/logo\\\/image\\\/\"},\"sameAs\":[\"https:\\\/\\\/www.facebook.com\\\/maderasgarciavaronagrupo\",\"https:\\\/\\\/x.com\\\/maderasvaronars\",\"https:\\\/\\\/www.instagram.com\\\/maderasgarciavarona\\\/\",\"https:\\\/\\\/www.linkedin.com\\\/company\\\/maderas-garcia-varona\\\/\",\"https:\\\/\\\/www.youtube.com\\\/channel\\\/UCGUEME06N_h66pB2coJC83w\\\/featured\"]}]}<\/script>\n<!-- \/ Yoast SEO plugin. -->","yoast_head_json":{"title":"Los puentes de madera: historia, tipos estructurales,","description":"Los puentes de madera: historia, tipos estructurales, nuevas tecnolog\u00edas, durabilidad, proyecto y c\u00e1lculo. Madera como material para estructuras constructivas.","robots":{"index":"index","follow":"follow","max-snippet":"max-snippet:-1","max-image-preview":"max-image-preview:large","max-video-preview":"max-video-preview:-1"},"canonical":"https:\/\/www.garciavarona.com\/en\/producto\/libro-puentes-de-madera\/","og_locale":"en_US","og_type":"article","og_title":"Los puentes de madera: historia, tipos estructurales,","og_description":"Los puentes de madera: historia, tipos estructurales, nuevas tecnolog\u00edas, durabilidad, proyecto y c\u00e1lculo. Madera como material para estructuras constructivas.","og_url":"https:\/\/www.garciavarona.com\/en\/producto\/libro-puentes-de-madera\/","og_site_name":"Maderas Garcia Varona","article_publisher":"https:\/\/www.facebook.com\/maderasgarciavaronagrupo","article_modified_time":"2022-08-11T06:06:27+00:00","og_image":[{"width":525,"height":525,"url":"https:\/\/www.garciavarona.com\/wp-content\/uploads\/2020\/03\/998-Libro-Puentes-de-Madera.jpg","type":"image\/jpeg"}],"twitter_card":"summary_large_image","twitter_site":"@maderasvaronars","twitter_misc":{"Est. reading time":"3 minutes"},"schema":{"@context":"https:\/\/schema.org","@graph":[{"@type":["WebPage","ItemPage"],"@id":"https:\/\/www.garciavarona.com\/en\/producto\/libro-puentes-de-madera\/","url":"https:\/\/www.garciavarona.com\/en\/producto\/libro-puentes-de-madera\/","name":"Los puentes de madera: historia, tipos estructurales,","isPartOf":{"@id":"https:\/\/www.garciavarona.com\/en\/#website"},"primaryImageOfPage":{"@id":"https:\/\/www.garciavarona.com\/en\/producto\/libro-puentes-de-madera\/#primaryimage"},"image":{"@id":"https:\/\/www.garciavarona.com\/en\/producto\/libro-puentes-de-madera\/#primaryimage"},"thumbnailUrl":"https:\/\/www.garciavarona.com\/wp-content\/uploads\/2020\/03\/998-Libro-Puentes-de-Madera.jpg","datePublished":"2020-03-27T12:48:26+00:00","dateModified":"2022-08-11T06:06:27+00:00","description":"Los puentes de madera: historia, tipos estructurales, nuevas tecnolog\u00edas, durabilidad, proyecto y c\u00e1lculo. Madera como material para estructuras constructivas.","breadcrumb":{"@id":"https:\/\/www.garciavarona.com\/en\/producto\/libro-puentes-de-madera\/#breadcrumb"},"inLanguage":"en-US","potentialAction":[{"@type":"ReadAction","target":["https:\/\/www.garciavarona.com\/en\/producto\/libro-puentes-de-madera\/"]}]},{"@type":"ImageObject","inLanguage":"en-US","@id":"https:\/\/www.garciavarona.com\/en\/producto\/libro-puentes-de-madera\/#primaryimage","url":"https:\/\/www.garciavarona.com\/wp-content\/uploads\/2020\/03\/998-Libro-Puentes-de-Madera.jpg","contentUrl":"https:\/\/www.garciavarona.com\/wp-content\/uploads\/2020\/03\/998-Libro-Puentes-de-Madera.jpg","width":525,"height":525,"caption":"Libro Puentes de Madera"},{"@type":"BreadcrumbList","@id":"https:\/\/www.garciavarona.com\/en\/producto\/libro-puentes-de-madera\/#breadcrumb","itemListElement":[{"@type":"ListItem","position":1,"name":"Portada","item":"https:\/\/www.garciavarona.com\/en\/"},{"@type":"ListItem","position":2,"name":"Tienda Maderas Garc\u00eda Varona","item":"https:\/\/www.garciavarona.com\/tienda\/"},{"@type":"ListItem","position":3,"name":"Libro Puentes de Madera"}]},{"@type":"WebSite","@id":"https:\/\/www.garciavarona.com\/en\/#website","url":"https:\/\/www.garciavarona.com\/en\/","name":"Maderas Garcia Varona","description":"Fabrica y Aserradero de Madera. Expertos en Madera","publisher":{"@id":"https:\/\/www.garciavarona.com\/en\/#organization"},"potentialAction":[{"@type":"SearchAction","target":{"@type":"EntryPoint","urlTemplate":"https:\/\/www.garciavarona.com\/en\/?s={search_term_string}"},"query-input":{"@type":"PropertyValueSpecification","valueRequired":true,"valueName":"search_term_string"}}],"inLanguage":"en-US"},{"@type":"Organization","@id":"https:\/\/www.garciavarona.com\/en\/#organization","name":"Maderas Garcia Varona","url":"https:\/\/www.garciavarona.com\/en\/","logo":{"@type":"ImageObject","inLanguage":"en-US","@id":"https:\/\/www.garciavarona.com\/en\/#\/schema\/logo\/image\/","url":"https:\/\/www.garciavarona.com\/wp-content\/uploads\/2022\/06\/logoGarciaVarona.svg","contentUrl":"https:\/\/www.garciavarona.com\/wp-content\/uploads\/2022\/06\/logoGarciaVarona.svg","width":1020,"height":200,"caption":"Maderas Garcia Varona"},"image":{"@id":"https:\/\/www.garciavarona.com\/en\/#\/schema\/logo\/image\/"},"sameAs":["https:\/\/www.facebook.com\/maderasgarciavaronagrupo","https:\/\/x.com\/maderasvaronars","https:\/\/www.instagram.com\/maderasgarciavarona\/","https:\/\/www.linkedin.com\/company\/maderas-garcia-varona\/","https:\/\/www.youtube.com\/channel\/UCGUEME06N_h66pB2coJC83w\/featured"]}]}},"_links":{"self":[{"href":"https:\/\/www.garciavarona.com\/en\/wp-json\/wp\/v2\/product\/12438","targetHints":{"allow":["GET"]}}],"collection":[{"href":"https:\/\/www.garciavarona.com\/en\/wp-json\/wp\/v2\/product"}],"about":[{"href":"https:\/\/www.garciavarona.com\/en\/wp-json\/wp\/v2\/types\/product"}],"version-history":[{"count":1,"href":"https:\/\/www.garciavarona.com\/en\/wp-json\/wp\/v2\/product\/12438\/revisions"}],"predecessor-version":[{"id":14246,"href":"https:\/\/www.garciavarona.com\/en\/wp-json\/wp\/v2\/product\/12438\/revisions\/14246"}],"wp:featuredmedia":[{"embeddable":true,"href":"https:\/\/www.garciavarona.com\/en\/wp-json\/wp\/v2\/media\/12436"}],"wp:attachment":[{"href":"https:\/\/www.garciavarona.com\/en\/wp-json\/wp\/v2\/media?parent=12438"}],"wp:term":[{"taxonomy":"product_brand","embeddable":true,"href":"https:\/\/www.garciavarona.com\/en\/wp-json\/wp\/v2\/product_brand?post=12438"},{"taxonomy":"product_cat","embeddable":true,"href":"https:\/\/www.garciavarona.com\/en\/wp-json\/wp\/v2\/product_cat?post=12438"},{"taxonomy":"product_tag","embeddable":true,"href":"https:\/\/www.garciavarona.com\/en\/wp-json\/wp\/v2\/product_tag?post=12438"}],"curies":[{"name":"wp","href":"https:\/\/api.w.org\/{rel}","templated":true}]}}