{"id":12441,"date":"2020-04-03T12:32:57","date_gmt":"2020-04-03T12:32:57","guid":{"rendered":"https:\/\/pruebas.garciavarona.com\/producto\/libro-tableros-de-madera-de-uso-estructural\/"},"modified":"2022-08-11T06:06:23","modified_gmt":"2022-08-11T06:06:23","slug":"libro-tableros-de-madera-de-uso-estructural","status":"publish","type":"product","link":"https:\/\/www.garciavarona.com\/en\/producto\/libro-tableros-de-madera-de-uso-estructural\/","title":{"rendered":"Libro Tableros de madera de uso estructural"},"content":{"rendered":"<h1>Libro Tableros de madera de uso estructural<\/h1>\n<p> Este libro recoge todos los tipos de tableros que se emplean en el \u00e1mbito europeo y pretende abarcar todos los aspectos implicados en el uso estructural. <\/p>\n<p>Autores: Fernando Peraza, Francisco Arriaga, J. Enrique Peraza. Editado por la Asociaci\u00f3n de Investigaci\u00f3n T\u00e9cnica de las Industrias de la Madera y Corcho (AITIM). Encuadernaci\u00f3n de tapa dura. A\u00f1o de edici\u00f3n 2004. N\u00ba de p\u00e1ginas: 252.<\/p>\n<p>ISBN: 9788487381287<\/p>\n<p><span style=\"text-decoration: underline;\">Contenido: <\/span><\/p>\n<p>Tableros derivados de la madera. rese\u00f1a hist\u00f3rica. <br \/>Dimensiones. <br \/>Propiedades f\u00edsicas. <br \/>Propiedades mec\u00e1nicas. <br \/>C\u00e1lculo. <br \/>Comportamiento al fuego. <br \/>Durabilidad. Certificaci\u00f3n y marcas de calidad. <\/p>\n<p>Anexo A: <br \/>Normas sobre tableros. <\/p>\n<p>Anexo B: <br \/>Especificaciones de los tableros. <\/p>\n<p>Anexo C: <br \/>Determinaci\u00f3n de las propiedades mec\u00e1nicas de los tableros estructurales. <\/p>\n<p>Anexo D: <br \/>Ejemplos de c\u00e1lculo. <\/p>\n<p>Anexo E: <br \/>Ejemplos de marcado CE. <\/p>\n","protected":false},"excerpt":{"rendered":"<p>Este libro recoge todos los tipos de tableros que se emplean en el \u00e1mbito europeo.<\/p>\n","protected":false},"featured_media":12439,"template":"","meta":[],"product_brand":[],"product_cat":[757,795],"product_tag":[],"class_list":{"0":"post-12441","1":"product","2":"type-product","3":"status-publish","4":"has-post-thumbnail","6":"product_cat-outlet-de-madera","7":"product_cat-otros-articulos","9":"first","10":"instock","11":"taxable","12":"shipping-taxable","13":"purchasable","14":"product-type-simple"},"yoast_head":"<!-- This site is optimized with the Yoast SEO plugin v27.3 - https:\/\/yoast.com\/product\/yoast-seo-wordpress\/ -->\n<title>Tipos de tableros de madera que se emplean en el \u00e1mbito europeo<\/title>\n<meta name=\"description\" content=\"Tipos de tableros de madera que se emplean en el \u00e1mbito europeo. Aspectos implicados en el uso estructural de los tableros de madera. Fernando Peraza AITIM.\" \/>\n<meta name=\"robots\" content=\"index, follow, max-snippet:-1, max-image-preview:large, max-video-preview:-1\" \/>\n<link rel=\"canonical\" href=\"https:\/\/www.garciavarona.com\/en\/producto\/libro-tableros-de-madera-de-uso-estructural\/\" \/>\n<meta property=\"og:locale\" content=\"en_US\" \/>\n<meta property=\"og:type\" content=\"article\" \/>\n<meta property=\"og:title\" content=\"Tipos de tableros de madera que se emplean en el \u00e1mbito europeo\" \/>\n<meta property=\"og:description\" content=\"Tipos de tableros de madera que se emplean en el \u00e1mbito europeo. Aspectos implicados en el uso estructural de los tableros de madera. Fernando Peraza AITIM.\" \/>\n<meta property=\"og:url\" content=\"https:\/\/www.garciavarona.com\/en\/producto\/libro-tableros-de-madera-de-uso-estructural\/\" \/>\n<meta property=\"og:site_name\" content=\"Maderas Garcia Varona\" \/>\n<meta property=\"article:publisher\" content=\"https:\/\/www.facebook.com\/maderasgarciavaronagrupo\" \/>\n<meta property=\"article:modified_time\" content=\"2022-08-11T06:06:23+00:00\" \/>\n<meta property=\"og:image\" content=\"https:\/\/www.garciavarona.com\/wp-content\/uploads\/2020\/04\/1004-Libro-Tableros-de-Madera-de-Uso-Estructural-Fernando-Peraza-Francisco-Arriaga-J.-Enrique-Peraza.jpg\" \/>\n\t<meta property=\"og:image:width\" content=\"525\" \/>\n\t<meta property=\"og:image:height\" content=\"525\" \/>\n\t<meta property=\"og:image:type\" content=\"image\/jpeg\" \/>\n<meta name=\"twitter:card\" content=\"summary_large_image\" \/>\n<meta name=\"twitter:site\" content=\"@maderasvaronars\" \/>\n<meta name=\"twitter:label1\" content=\"Est. reading time\" \/>\n\t<meta name=\"twitter:data1\" content=\"1 minute\" \/>\n<script type=\"application\/ld+json\" class=\"yoast-schema-graph\">{\"@context\":\"https:\\\/\\\/schema.org\",\"@graph\":[{\"@type\":[\"WebPage\",\"ItemPage\"],\"@id\":\"https:\\\/\\\/www.garciavarona.com\\\/en\\\/producto\\\/libro-tableros-de-madera-de-uso-estructural\\\/\",\"url\":\"https:\\\/\\\/www.garciavarona.com\\\/en\\\/producto\\\/libro-tableros-de-madera-de-uso-estructural\\\/\",\"name\":\"Tipos de tableros de madera que se emplean en el \u00e1mbito europeo\",\"isPartOf\":{\"@id\":\"https:\\\/\\\/www.garciavarona.com\\\/en\\\/#website\"},\"primaryImageOfPage\":{\"@id\":\"https:\\\/\\\/www.garciavarona.com\\\/en\\\/producto\\\/libro-tableros-de-madera-de-uso-estructural\\\/#primaryimage\"},\"image\":{\"@id\":\"https:\\\/\\\/www.garciavarona.com\\\/en\\\/producto\\\/libro-tableros-de-madera-de-uso-estructural\\\/#primaryimage\"},\"thumbnailUrl\":\"https:\\\/\\\/www.garciavarona.com\\\/wp-content\\\/uploads\\\/2020\\\/04\\\/1004-Libro-Tableros-de-Madera-de-Uso-Estructural-Fernando-Peraza-Francisco-Arriaga-J.-Enrique-Peraza.jpg\",\"datePublished\":\"2020-04-03T12:32:57+00:00\",\"dateModified\":\"2022-08-11T06:06:23+00:00\",\"description\":\"Tipos de tableros de madera que se emplean en el \u00e1mbito europeo. Aspectos implicados en el uso estructural de los tableros de madera. Fernando Peraza AITIM.\",\"breadcrumb\":{\"@id\":\"https:\\\/\\\/www.garciavarona.com\\\/en\\\/producto\\\/libro-tableros-de-madera-de-uso-estructural\\\/#breadcrumb\"},\"inLanguage\":\"en-US\",\"potentialAction\":[{\"@type\":\"ReadAction\",\"target\":[\"https:\\\/\\\/www.garciavarona.com\\\/en\\\/producto\\\/libro-tableros-de-madera-de-uso-estructural\\\/\"]}]},{\"@type\":\"ImageObject\",\"inLanguage\":\"en-US\",\"@id\":\"https:\\\/\\\/www.garciavarona.com\\\/en\\\/producto\\\/libro-tableros-de-madera-de-uso-estructural\\\/#primaryimage\",\"url\":\"https:\\\/\\\/www.garciavarona.com\\\/wp-content\\\/uploads\\\/2020\\\/04\\\/1004-Libro-Tableros-de-Madera-de-Uso-Estructural-Fernando-Peraza-Francisco-Arriaga-J.-Enrique-Peraza.jpg\",\"contentUrl\":\"https:\\\/\\\/www.garciavarona.com\\\/wp-content\\\/uploads\\\/2020\\\/04\\\/1004-Libro-Tableros-de-Madera-de-Uso-Estructural-Fernando-Peraza-Francisco-Arriaga-J.-Enrique-Peraza.jpg\",\"width\":525,\"height\":525,\"caption\":\"Libro Tableros de Madera de Uso Estructural - Fernando Peraza - Francisco Arriaga - J. Enrique Peraza\"},{\"@type\":\"BreadcrumbList\",\"@id\":\"https:\\\/\\\/www.garciavarona.com\\\/en\\\/producto\\\/libro-tableros-de-madera-de-uso-estructural\\\/#breadcrumb\",\"itemListElement\":[{\"@type\":\"ListItem\",\"position\":1,\"name\":\"Portada\",\"item\":\"https:\\\/\\\/www.garciavarona.com\\\/en\\\/\"},{\"@type\":\"ListItem\",\"position\":2,\"name\":\"Tienda Maderas Garc\u00eda Varona\",\"item\":\"https:\\\/\\\/www.garciavarona.com\\\/tienda\\\/\"},{\"@type\":\"ListItem\",\"position\":3,\"name\":\"Libro Tableros de madera de uso estructural\"}]},{\"@type\":\"WebSite\",\"@id\":\"https:\\\/\\\/www.garciavarona.com\\\/en\\\/#website\",\"url\":\"https:\\\/\\\/www.garciavarona.com\\\/en\\\/\",\"name\":\"Maderas Garcia Varona\",\"description\":\"Fabrica y Aserradero de Madera. Expertos en Madera\",\"publisher\":{\"@id\":\"https:\\\/\\\/www.garciavarona.com\\\/en\\\/#organization\"},\"potentialAction\":[{\"@type\":\"SearchAction\",\"target\":{\"@type\":\"EntryPoint\",\"urlTemplate\":\"https:\\\/\\\/www.garciavarona.com\\\/en\\\/?s={search_term_string}\"},\"query-input\":{\"@type\":\"PropertyValueSpecification\",\"valueRequired\":true,\"valueName\":\"search_term_string\"}}],\"inLanguage\":\"en-US\"},{\"@type\":\"Organization\",\"@id\":\"https:\\\/\\\/www.garciavarona.com\\\/en\\\/#organization\",\"name\":\"Maderas Garcia Varona\",\"url\":\"https:\\\/\\\/www.garciavarona.com\\\/en\\\/\",\"logo\":{\"@type\":\"ImageObject\",\"inLanguage\":\"en-US\",\"@id\":\"https:\\\/\\\/www.garciavarona.com\\\/en\\\/#\\\/schema\\\/logo\\\/image\\\/\",\"url\":\"https:\\\/\\\/www.garciavarona.com\\\/wp-content\\\/uploads\\\/2022\\\/06\\\/logoGarciaVarona.svg\",\"contentUrl\":\"https:\\\/\\\/www.garciavarona.com\\\/wp-content\\\/uploads\\\/2022\\\/06\\\/logoGarciaVarona.svg\",\"width\":1020,\"height\":200,\"caption\":\"Maderas Garcia Varona\"},\"image\":{\"@id\":\"https:\\\/\\\/www.garciavarona.com\\\/en\\\/#\\\/schema\\\/logo\\\/image\\\/\"},\"sameAs\":[\"https:\\\/\\\/www.facebook.com\\\/maderasgarciavaronagrupo\",\"https:\\\/\\\/x.com\\\/maderasvaronars\",\"https:\\\/\\\/www.instagram.com\\\/maderasgarciavarona\\\/\",\"https:\\\/\\\/www.linkedin.com\\\/company\\\/maderas-garcia-varona\\\/\",\"https:\\\/\\\/www.youtube.com\\\/channel\\\/UCGUEME06N_h66pB2coJC83w\\\/featured\"]}]}<\/script>\n<!-- \/ Yoast SEO plugin. -->","yoast_head_json":{"title":"Tipos de tableros de madera que se emplean en el \u00e1mbito europeo","description":"Tipos de tableros de madera que se emplean en el \u00e1mbito europeo. Aspectos implicados en el uso estructural de los tableros de madera. Fernando Peraza AITIM.","robots":{"index":"index","follow":"follow","max-snippet":"max-snippet:-1","max-image-preview":"max-image-preview:large","max-video-preview":"max-video-preview:-1"},"canonical":"https:\/\/www.garciavarona.com\/en\/producto\/libro-tableros-de-madera-de-uso-estructural\/","og_locale":"en_US","og_type":"article","og_title":"Tipos de tableros de madera que se emplean en el \u00e1mbito europeo","og_description":"Tipos de tableros de madera que se emplean en el \u00e1mbito europeo. Aspectos implicados en el uso estructural de los tableros de madera. Fernando Peraza AITIM.","og_url":"https:\/\/www.garciavarona.com\/en\/producto\/libro-tableros-de-madera-de-uso-estructural\/","og_site_name":"Maderas Garcia Varona","article_publisher":"https:\/\/www.facebook.com\/maderasgarciavaronagrupo","article_modified_time":"2022-08-11T06:06:23+00:00","og_image":[{"width":525,"height":525,"url":"https:\/\/www.garciavarona.com\/wp-content\/uploads\/2020\/04\/1004-Libro-Tableros-de-Madera-de-Uso-Estructural-Fernando-Peraza-Francisco-Arriaga-J.-Enrique-Peraza.jpg","type":"image\/jpeg"}],"twitter_card":"summary_large_image","twitter_site":"@maderasvaronars","twitter_misc":{"Est. reading time":"1 minute"},"schema":{"@context":"https:\/\/schema.org","@graph":[{"@type":["WebPage","ItemPage"],"@id":"https:\/\/www.garciavarona.com\/en\/producto\/libro-tableros-de-madera-de-uso-estructural\/","url":"https:\/\/www.garciavarona.com\/en\/producto\/libro-tableros-de-madera-de-uso-estructural\/","name":"Tipos de tableros de madera que se emplean en el \u00e1mbito europeo","isPartOf":{"@id":"https:\/\/www.garciavarona.com\/en\/#website"},"primaryImageOfPage":{"@id":"https:\/\/www.garciavarona.com\/en\/producto\/libro-tableros-de-madera-de-uso-estructural\/#primaryimage"},"image":{"@id":"https:\/\/www.garciavarona.com\/en\/producto\/libro-tableros-de-madera-de-uso-estructural\/#primaryimage"},"thumbnailUrl":"https:\/\/www.garciavarona.com\/wp-content\/uploads\/2020\/04\/1004-Libro-Tableros-de-Madera-de-Uso-Estructural-Fernando-Peraza-Francisco-Arriaga-J.-Enrique-Peraza.jpg","datePublished":"2020-04-03T12:32:57+00:00","dateModified":"2022-08-11T06:06:23+00:00","description":"Tipos de tableros de madera que se emplean en el \u00e1mbito europeo. Aspectos implicados en el uso estructural de los tableros de madera. Fernando Peraza AITIM.","breadcrumb":{"@id":"https:\/\/www.garciavarona.com\/en\/producto\/libro-tableros-de-madera-de-uso-estructural\/#breadcrumb"},"inLanguage":"en-US","potentialAction":[{"@type":"ReadAction","target":["https:\/\/www.garciavarona.com\/en\/producto\/libro-tableros-de-madera-de-uso-estructural\/"]}]},{"@type":"ImageObject","inLanguage":"en-US","@id":"https:\/\/www.garciavarona.com\/en\/producto\/libro-tableros-de-madera-de-uso-estructural\/#primaryimage","url":"https:\/\/www.garciavarona.com\/wp-content\/uploads\/2020\/04\/1004-Libro-Tableros-de-Madera-de-Uso-Estructural-Fernando-Peraza-Francisco-Arriaga-J.-Enrique-Peraza.jpg","contentUrl":"https:\/\/www.garciavarona.com\/wp-content\/uploads\/2020\/04\/1004-Libro-Tableros-de-Madera-de-Uso-Estructural-Fernando-Peraza-Francisco-Arriaga-J.-Enrique-Peraza.jpg","width":525,"height":525,"caption":"Libro Tableros de Madera de Uso Estructural - Fernando Peraza - Francisco Arriaga - J. Enrique Peraza"},{"@type":"BreadcrumbList","@id":"https:\/\/www.garciavarona.com\/en\/producto\/libro-tableros-de-madera-de-uso-estructural\/#breadcrumb","itemListElement":[{"@type":"ListItem","position":1,"name":"Portada","item":"https:\/\/www.garciavarona.com\/en\/"},{"@type":"ListItem","position":2,"name":"Tienda Maderas Garc\u00eda Varona","item":"https:\/\/www.garciavarona.com\/tienda\/"},{"@type":"ListItem","position":3,"name":"Libro Tableros de madera de uso estructural"}]},{"@type":"WebSite","@id":"https:\/\/www.garciavarona.com\/en\/#website","url":"https:\/\/www.garciavarona.com\/en\/","name":"Maderas Garcia Varona","description":"Fabrica y Aserradero de Madera. Expertos en Madera","publisher":{"@id":"https:\/\/www.garciavarona.com\/en\/#organization"},"potentialAction":[{"@type":"SearchAction","target":{"@type":"EntryPoint","urlTemplate":"https:\/\/www.garciavarona.com\/en\/?s={search_term_string}"},"query-input":{"@type":"PropertyValueSpecification","valueRequired":true,"valueName":"search_term_string"}}],"inLanguage":"en-US"},{"@type":"Organization","@id":"https:\/\/www.garciavarona.com\/en\/#organization","name":"Maderas Garcia Varona","url":"https:\/\/www.garciavarona.com\/en\/","logo":{"@type":"ImageObject","inLanguage":"en-US","@id":"https:\/\/www.garciavarona.com\/en\/#\/schema\/logo\/image\/","url":"https:\/\/www.garciavarona.com\/wp-content\/uploads\/2022\/06\/logoGarciaVarona.svg","contentUrl":"https:\/\/www.garciavarona.com\/wp-content\/uploads\/2022\/06\/logoGarciaVarona.svg","width":1020,"height":200,"caption":"Maderas Garcia Varona"},"image":{"@id":"https:\/\/www.garciavarona.com\/en\/#\/schema\/logo\/image\/"},"sameAs":["https:\/\/www.facebook.com\/maderasgarciavaronagrupo","https:\/\/x.com\/maderasvaronars","https:\/\/www.instagram.com\/maderasgarciavarona\/","https:\/\/www.linkedin.com\/company\/maderas-garcia-varona\/","https:\/\/www.youtube.com\/channel\/UCGUEME06N_h66pB2coJC83w\/featured"]}]}},"_links":{"self":[{"href":"https:\/\/www.garciavarona.com\/en\/wp-json\/wp\/v2\/product\/12441","targetHints":{"allow":["GET"]}}],"collection":[{"href":"https:\/\/www.garciavarona.com\/en\/wp-json\/wp\/v2\/product"}],"about":[{"href":"https:\/\/www.garciavarona.com\/en\/wp-json\/wp\/v2\/types\/product"}],"version-history":[{"count":1,"href":"https:\/\/www.garciavarona.com\/en\/wp-json\/wp\/v2\/product\/12441\/revisions"}],"predecessor-version":[{"id":14245,"href":"https:\/\/www.garciavarona.com\/en\/wp-json\/wp\/v2\/product\/12441\/revisions\/14245"}],"wp:featuredmedia":[{"embeddable":true,"href":"https:\/\/www.garciavarona.com\/en\/wp-json\/wp\/v2\/media\/12439"}],"wp:attachment":[{"href":"https:\/\/www.garciavarona.com\/en\/wp-json\/wp\/v2\/media?parent=12441"}],"wp:term":[{"taxonomy":"product_brand","embeddable":true,"href":"https:\/\/www.garciavarona.com\/en\/wp-json\/wp\/v2\/product_brand?post=12441"},{"taxonomy":"product_cat","embeddable":true,"href":"https:\/\/www.garciavarona.com\/en\/wp-json\/wp\/v2\/product_cat?post=12441"},{"taxonomy":"product_tag","embeddable":true,"href":"https:\/\/www.garciavarona.com\/en\/wp-json\/wp\/v2\/product_tag?post=12441"}],"curies":[{"name":"wp","href":"https:\/\/api.w.org\/{rel}","templated":true}]}}