{"id":12445,"date":"2020-04-03T12:33:10","date_gmt":"2020-04-03T12:33:10","guid":{"rendered":"https:\/\/pruebas.garciavarona.com\/producto\/libro-manual-tecnico-uniones-metalicas-en-estructuras-de-madera\/"},"modified":"2025-11-18T10:52:30","modified_gmt":"2025-11-18T09:52:30","slug":"libro-manual-tecnico-uniones-metalicas-en-estructuras-de-madera","status":"publish","type":"product","link":"https:\/\/www.garciavarona.com\/en\/producto\/libro-manual-tecnico-uniones-metalicas-en-estructuras-de-madera\/","title":{"rendered":"Libro Manual t\u00e9cnico Uniones metalicas en estructuras de madera"},"content":{"rendered":"<h1>Libro Manual t\u00e9cnico Uniones metalicas en estructuras de madera<\/h1>\n<p> Las uniones en estructuras de madera constituyen uno de los aspectos m\u00e1s importantes en la durabilidad y en el comportamiento al fuego. Actualmente, la mayor\u00eda de las uniones que se emplean en estructuras de madera son de tipo mec\u00e1nico. <\/p>\n<p>Las soluciones que se describen en este manual t\u00e9cnico pueden asignarse a este grupo por el mecanismo utilizado en la transmisi\u00f3n de esfuerzos, pero recoge una gama m\u00e1s amplia de herrajes que aportan soluciones constructivas a los encuentros m\u00e1s frecuentes. <\/p>\n<p>Este manual t\u00e9cnico aporta, adem\u00e1s de la presentaci\u00f3n de tipos, una informaci\u00f3n suficiente para su proyecto (c\u00e1lculo y dimensionado). Su novedad es el enfoque pr\u00e1ctico para un tema en el que no hay bibliograf\u00eda.<\/p>\n<p>Autores:\u00a0 t &#038; t y Aginco (Grupo de autores t\u00e9cnicos). Encuadernaci\u00f3n de tapa blanda. A\u00f1o de edici\u00f3n 2004. N\u00ba de p\u00e1ginas: 252.<\/p>\n<p>ISBN: 9788460905691<\/p>\n<p><span style=\"text-decoration: underline;\">\u00cdNDICE RESUMIDO POR CAP\u00cdTULOS<\/span> <\/p>\n<ul>\n<li>Principales aplicaciones de los herrajes. Estribos. Escuadras. Placas de uni\u00f3n. Apoyos de pilar. Varios.<\/li>\n<li>Introducci\u00f3n. Uniones met\u00e1licas en estructuras de madera. Uniones tradicionales. Uniones mec\u00e1nicas. Uniones mediante herrajes. Estribos. Escuadras. Placas de uni\u00f3n. Apoyos de pilar. Varios.<\/li>\n<li>Normativa y homologaciones. Acero y proceso de galvanizaci\u00f3n. Puntas anilladas. Resistencia al fuego. Ensayos de resistencia.<\/li>\n<li>Herrajes. Los diferentes tipos de ESTRIBOS. Caracter\u00edsticas. Resistencia Los diferentes tipos de ESCUADRAS. Caracter\u00edsticas. Resistencia. Los diferentes tipos de PLACAS DE UNI\u00d3N. Caracter\u00edsticas. Resistencia. Los diferentes tipos de APOYOS DE PILAR. Caracter\u00edsticas. Resistencia. OTRAS UNIONES VARIAS. Caracter\u00edsticas. Resistencia.<\/li>\n<li>Conectores dentados. La construcci\u00f3n mediante carpinter\u00eda industrializada. Presentaci\u00f3n general de la gama. Gu\u00eda de montaje. EDIPLAN (software de gesti\u00f3n de carpinter\u00eda industrializada).<\/li>\n<li>Fijaciones de estribos, escuadras, placas de uni\u00f3n, apoyos de pilar y\u00a0 otros. Fijaci\u00f3n de los anclajes a sus soportes. Fijaci\u00f3n a madera mediante tornillos pasantes. Fijaci\u00f3n a madera mediante tornillo barraquero. Fijaci\u00f3n sobre hormig\u00f3n armado. Fijaci\u00f3n sobre elementos huecos (muros de f\u00e1brica).<\/li>\n<\/ul>\n","protected":false},"excerpt":{"rendered":"<p>Las uniones en estructuras de madera constituyen uno de los aspectos m\u00e1s importantes en la durabilidad y en el comportamiento al fuego.<\/p>\n","protected":false},"featured_media":12442,"template":"","meta":[],"product_brand":[],"product_cat":[757,795],"product_tag":[],"class_list":{"0":"post-12445","1":"product","2":"type-product","3":"status-publish","4":"has-post-thumbnail","6":"product_cat-outlet-de-madera","7":"product_cat-otros-articulos","9":"first","10":"instock","11":"taxable","12":"shipping-taxable","13":"purchasable","14":"product-type-simple"},"yoast_head":"<!-- This site is optimized with the Yoast SEO plugin v27.3 - https:\/\/yoast.com\/product\/yoast-seo-wordpress\/ -->\n<title>Uniones en estructuras de madera durabilidad y acci\u00f3n frente al fuego<\/title>\n<meta name=\"description\" content=\"Uniones en estructuras de madera durabilidad y acci\u00f3n frente al fuego. Herrajes que aportan soluciones constructivas en las estructuras de madera.\" \/>\n<meta name=\"robots\" content=\"index, follow, max-snippet:-1, max-image-preview:large, max-video-preview:-1\" \/>\n<link rel=\"canonical\" href=\"https:\/\/www.garciavarona.com\/en\/producto\/libro-manual-tecnico-uniones-metalicas-en-estructuras-de-madera\/\" \/>\n<meta property=\"og:locale\" content=\"en_US\" \/>\n<meta property=\"og:type\" content=\"article\" \/>\n<meta property=\"og:title\" content=\"Uniones en estructuras de madera durabilidad y acci\u00f3n frente al fuego\" \/>\n<meta property=\"og:description\" content=\"Uniones en estructuras de madera durabilidad y acci\u00f3n frente al fuego. Herrajes que aportan soluciones constructivas en las estructuras de madera.\" \/>\n<meta property=\"og:url\" content=\"https:\/\/www.garciavarona.com\/en\/producto\/libro-manual-tecnico-uniones-metalicas-en-estructuras-de-madera\/\" \/>\n<meta property=\"og:site_name\" content=\"Maderas Garcia Varona\" \/>\n<meta property=\"article:publisher\" content=\"https:\/\/www.facebook.com\/maderasgarciavaronagrupo\" \/>\n<meta property=\"article:modified_time\" content=\"2025-11-18T09:52:30+00:00\" \/>\n<meta property=\"og:image\" content=\"https:\/\/www.garciavarona.com\/wp-content\/uploads\/2020\/04\/1006-Libro-Manual-Tecnico-Uniones-Metalicas-en-Estructuras-de-Madera-TT.jpg\" \/>\n\t<meta property=\"og:image:width\" content=\"525\" \/>\n\t<meta property=\"og:image:height\" content=\"525\" \/>\n\t<meta property=\"og:image:type\" content=\"image\/jpeg\" \/>\n<meta name=\"twitter:card\" content=\"summary_large_image\" \/>\n<meta name=\"twitter:site\" content=\"@maderasvaronars\" \/>\n<meta name=\"twitter:label1\" content=\"Est. reading time\" \/>\n\t<meta name=\"twitter:data1\" content=\"2 minutes\" \/>\n<script type=\"application\/ld+json\" class=\"yoast-schema-graph\">{\"@context\":\"https:\\\/\\\/schema.org\",\"@graph\":[{\"@type\":[\"WebPage\",\"ItemPage\"],\"@id\":\"https:\\\/\\\/www.garciavarona.com\\\/en\\\/producto\\\/libro-manual-tecnico-uniones-metalicas-en-estructuras-de-madera\\\/\",\"url\":\"https:\\\/\\\/www.garciavarona.com\\\/en\\\/producto\\\/libro-manual-tecnico-uniones-metalicas-en-estructuras-de-madera\\\/\",\"name\":\"Uniones en estructuras de madera durabilidad y acci\u00f3n frente al fuego\",\"isPartOf\":{\"@id\":\"https:\\\/\\\/www.garciavarona.com\\\/en\\\/#website\"},\"primaryImageOfPage\":{\"@id\":\"https:\\\/\\\/www.garciavarona.com\\\/en\\\/producto\\\/libro-manual-tecnico-uniones-metalicas-en-estructuras-de-madera\\\/#primaryimage\"},\"image\":{\"@id\":\"https:\\\/\\\/www.garciavarona.com\\\/en\\\/producto\\\/libro-manual-tecnico-uniones-metalicas-en-estructuras-de-madera\\\/#primaryimage\"},\"thumbnailUrl\":\"https:\\\/\\\/www.garciavarona.com\\\/wp-content\\\/uploads\\\/2020\\\/04\\\/1006-Libro-Manual-Tecnico-Uniones-Metalicas-en-Estructuras-de-Madera-TT.jpg\",\"datePublished\":\"2020-04-03T12:33:10+00:00\",\"dateModified\":\"2025-11-18T09:52:30+00:00\",\"description\":\"Uniones en estructuras de madera durabilidad y acci\u00f3n frente al fuego. Herrajes que aportan soluciones constructivas en las estructuras de madera.\",\"breadcrumb\":{\"@id\":\"https:\\\/\\\/www.garciavarona.com\\\/en\\\/producto\\\/libro-manual-tecnico-uniones-metalicas-en-estructuras-de-madera\\\/#breadcrumb\"},\"inLanguage\":\"en-US\",\"potentialAction\":[{\"@type\":\"ReadAction\",\"target\":[\"https:\\\/\\\/www.garciavarona.com\\\/en\\\/producto\\\/libro-manual-tecnico-uniones-metalicas-en-estructuras-de-madera\\\/\"]}]},{\"@type\":\"ImageObject\",\"inLanguage\":\"en-US\",\"@id\":\"https:\\\/\\\/www.garciavarona.com\\\/en\\\/producto\\\/libro-manual-tecnico-uniones-metalicas-en-estructuras-de-madera\\\/#primaryimage\",\"url\":\"https:\\\/\\\/www.garciavarona.com\\\/wp-content\\\/uploads\\\/2020\\\/04\\\/1006-Libro-Manual-Tecnico-Uniones-Metalicas-en-Estructuras-de-Madera-TT.jpg\",\"contentUrl\":\"https:\\\/\\\/www.garciavarona.com\\\/wp-content\\\/uploads\\\/2020\\\/04\\\/1006-Libro-Manual-Tecnico-Uniones-Metalicas-en-Estructuras-de-Madera-TT.jpg\",\"width\":525,\"height\":525,\"caption\":\"Libro Manual T\u00e9cnico Uniones Met\u00e1licas en Estructuras de Madera - T&T\"},{\"@type\":\"BreadcrumbList\",\"@id\":\"https:\\\/\\\/www.garciavarona.com\\\/en\\\/producto\\\/libro-manual-tecnico-uniones-metalicas-en-estructuras-de-madera\\\/#breadcrumb\",\"itemListElement\":[{\"@type\":\"ListItem\",\"position\":1,\"name\":\"Portada\",\"item\":\"https:\\\/\\\/www.garciavarona.com\\\/en\\\/\"},{\"@type\":\"ListItem\",\"position\":2,\"name\":\"Tienda Maderas Garc\u00eda Varona\",\"item\":\"https:\\\/\\\/www.garciavarona.com\\\/tienda\\\/\"},{\"@type\":\"ListItem\",\"position\":3,\"name\":\"Libro Manual t\u00e9cnico Uniones metalicas en estructuras de madera\"}]},{\"@type\":\"WebSite\",\"@id\":\"https:\\\/\\\/www.garciavarona.com\\\/en\\\/#website\",\"url\":\"https:\\\/\\\/www.garciavarona.com\\\/en\\\/\",\"name\":\"Maderas Garcia Varona\",\"description\":\"Fabrica y Aserradero de Madera. Expertos en Madera\",\"publisher\":{\"@id\":\"https:\\\/\\\/www.garciavarona.com\\\/en\\\/#organization\"},\"potentialAction\":[{\"@type\":\"SearchAction\",\"target\":{\"@type\":\"EntryPoint\",\"urlTemplate\":\"https:\\\/\\\/www.garciavarona.com\\\/en\\\/?s={search_term_string}\"},\"query-input\":{\"@type\":\"PropertyValueSpecification\",\"valueRequired\":true,\"valueName\":\"search_term_string\"}}],\"inLanguage\":\"en-US\"},{\"@type\":\"Organization\",\"@id\":\"https:\\\/\\\/www.garciavarona.com\\\/en\\\/#organization\",\"name\":\"Maderas Garcia Varona\",\"url\":\"https:\\\/\\\/www.garciavarona.com\\\/en\\\/\",\"logo\":{\"@type\":\"ImageObject\",\"inLanguage\":\"en-US\",\"@id\":\"https:\\\/\\\/www.garciavarona.com\\\/en\\\/#\\\/schema\\\/logo\\\/image\\\/\",\"url\":\"https:\\\/\\\/www.garciavarona.com\\\/wp-content\\\/uploads\\\/2022\\\/06\\\/logoGarciaVarona.svg\",\"contentUrl\":\"https:\\\/\\\/www.garciavarona.com\\\/wp-content\\\/uploads\\\/2022\\\/06\\\/logoGarciaVarona.svg\",\"width\":1020,\"height\":200,\"caption\":\"Maderas Garcia Varona\"},\"image\":{\"@id\":\"https:\\\/\\\/www.garciavarona.com\\\/en\\\/#\\\/schema\\\/logo\\\/image\\\/\"},\"sameAs\":[\"https:\\\/\\\/www.facebook.com\\\/maderasgarciavaronagrupo\",\"https:\\\/\\\/x.com\\\/maderasvaronars\",\"https:\\\/\\\/www.instagram.com\\\/maderasgarciavarona\\\/\",\"https:\\\/\\\/www.linkedin.com\\\/company\\\/maderas-garcia-varona\\\/\",\"https:\\\/\\\/www.youtube.com\\\/channel\\\/UCGUEME06N_h66pB2coJC83w\\\/featured\"]}]}<\/script>\n<!-- \/ Yoast SEO plugin. -->","yoast_head_json":{"title":"Uniones en estructuras de madera durabilidad y acci\u00f3n frente al fuego","description":"Uniones en estructuras de madera durabilidad y acci\u00f3n frente al fuego. Herrajes que aportan soluciones constructivas en las estructuras de madera.","robots":{"index":"index","follow":"follow","max-snippet":"max-snippet:-1","max-image-preview":"max-image-preview:large","max-video-preview":"max-video-preview:-1"},"canonical":"https:\/\/www.garciavarona.com\/en\/producto\/libro-manual-tecnico-uniones-metalicas-en-estructuras-de-madera\/","og_locale":"en_US","og_type":"article","og_title":"Uniones en estructuras de madera durabilidad y acci\u00f3n frente al fuego","og_description":"Uniones en estructuras de madera durabilidad y acci\u00f3n frente al fuego. Herrajes que aportan soluciones constructivas en las estructuras de madera.","og_url":"https:\/\/www.garciavarona.com\/en\/producto\/libro-manual-tecnico-uniones-metalicas-en-estructuras-de-madera\/","og_site_name":"Maderas Garcia Varona","article_publisher":"https:\/\/www.facebook.com\/maderasgarciavaronagrupo","article_modified_time":"2025-11-18T09:52:30+00:00","og_image":[{"width":525,"height":525,"url":"https:\/\/www.garciavarona.com\/wp-content\/uploads\/2020\/04\/1006-Libro-Manual-Tecnico-Uniones-Metalicas-en-Estructuras-de-Madera-TT.jpg","type":"image\/jpeg"}],"twitter_card":"summary_large_image","twitter_site":"@maderasvaronars","twitter_misc":{"Est. reading time":"2 minutes"},"schema":{"@context":"https:\/\/schema.org","@graph":[{"@type":["WebPage","ItemPage"],"@id":"https:\/\/www.garciavarona.com\/en\/producto\/libro-manual-tecnico-uniones-metalicas-en-estructuras-de-madera\/","url":"https:\/\/www.garciavarona.com\/en\/producto\/libro-manual-tecnico-uniones-metalicas-en-estructuras-de-madera\/","name":"Uniones en estructuras de madera durabilidad y acci\u00f3n frente al fuego","isPartOf":{"@id":"https:\/\/www.garciavarona.com\/en\/#website"},"primaryImageOfPage":{"@id":"https:\/\/www.garciavarona.com\/en\/producto\/libro-manual-tecnico-uniones-metalicas-en-estructuras-de-madera\/#primaryimage"},"image":{"@id":"https:\/\/www.garciavarona.com\/en\/producto\/libro-manual-tecnico-uniones-metalicas-en-estructuras-de-madera\/#primaryimage"},"thumbnailUrl":"https:\/\/www.garciavarona.com\/wp-content\/uploads\/2020\/04\/1006-Libro-Manual-Tecnico-Uniones-Metalicas-en-Estructuras-de-Madera-TT.jpg","datePublished":"2020-04-03T12:33:10+00:00","dateModified":"2025-11-18T09:52:30+00:00","description":"Uniones en estructuras de madera durabilidad y acci\u00f3n frente al fuego. Herrajes que aportan soluciones constructivas en las estructuras de madera.","breadcrumb":{"@id":"https:\/\/www.garciavarona.com\/en\/producto\/libro-manual-tecnico-uniones-metalicas-en-estructuras-de-madera\/#breadcrumb"},"inLanguage":"en-US","potentialAction":[{"@type":"ReadAction","target":["https:\/\/www.garciavarona.com\/en\/producto\/libro-manual-tecnico-uniones-metalicas-en-estructuras-de-madera\/"]}]},{"@type":"ImageObject","inLanguage":"en-US","@id":"https:\/\/www.garciavarona.com\/en\/producto\/libro-manual-tecnico-uniones-metalicas-en-estructuras-de-madera\/#primaryimage","url":"https:\/\/www.garciavarona.com\/wp-content\/uploads\/2020\/04\/1006-Libro-Manual-Tecnico-Uniones-Metalicas-en-Estructuras-de-Madera-TT.jpg","contentUrl":"https:\/\/www.garciavarona.com\/wp-content\/uploads\/2020\/04\/1006-Libro-Manual-Tecnico-Uniones-Metalicas-en-Estructuras-de-Madera-TT.jpg","width":525,"height":525,"caption":"Libro Manual T\u00e9cnico Uniones Met\u00e1licas en Estructuras de Madera - T&T"},{"@type":"BreadcrumbList","@id":"https:\/\/www.garciavarona.com\/en\/producto\/libro-manual-tecnico-uniones-metalicas-en-estructuras-de-madera\/#breadcrumb","itemListElement":[{"@type":"ListItem","position":1,"name":"Portada","item":"https:\/\/www.garciavarona.com\/en\/"},{"@type":"ListItem","position":2,"name":"Tienda Maderas Garc\u00eda Varona","item":"https:\/\/www.garciavarona.com\/tienda\/"},{"@type":"ListItem","position":3,"name":"Libro Manual t\u00e9cnico Uniones metalicas en estructuras de madera"}]},{"@type":"WebSite","@id":"https:\/\/www.garciavarona.com\/en\/#website","url":"https:\/\/www.garciavarona.com\/en\/","name":"Maderas Garcia Varona","description":"Fabrica y Aserradero de Madera. Expertos en Madera","publisher":{"@id":"https:\/\/www.garciavarona.com\/en\/#organization"},"potentialAction":[{"@type":"SearchAction","target":{"@type":"EntryPoint","urlTemplate":"https:\/\/www.garciavarona.com\/en\/?s={search_term_string}"},"query-input":{"@type":"PropertyValueSpecification","valueRequired":true,"valueName":"search_term_string"}}],"inLanguage":"en-US"},{"@type":"Organization","@id":"https:\/\/www.garciavarona.com\/en\/#organization","name":"Maderas Garcia Varona","url":"https:\/\/www.garciavarona.com\/en\/","logo":{"@type":"ImageObject","inLanguage":"en-US","@id":"https:\/\/www.garciavarona.com\/en\/#\/schema\/logo\/image\/","url":"https:\/\/www.garciavarona.com\/wp-content\/uploads\/2022\/06\/logoGarciaVarona.svg","contentUrl":"https:\/\/www.garciavarona.com\/wp-content\/uploads\/2022\/06\/logoGarciaVarona.svg","width":1020,"height":200,"caption":"Maderas Garcia Varona"},"image":{"@id":"https:\/\/www.garciavarona.com\/en\/#\/schema\/logo\/image\/"},"sameAs":["https:\/\/www.facebook.com\/maderasgarciavaronagrupo","https:\/\/x.com\/maderasvaronars","https:\/\/www.instagram.com\/maderasgarciavarona\/","https:\/\/www.linkedin.com\/company\/maderas-garcia-varona\/","https:\/\/www.youtube.com\/channel\/UCGUEME06N_h66pB2coJC83w\/featured"]}]}},"_links":{"self":[{"href":"https:\/\/www.garciavarona.com\/en\/wp-json\/wp\/v2\/product\/12445","targetHints":{"allow":["GET"]}}],"collection":[{"href":"https:\/\/www.garciavarona.com\/en\/wp-json\/wp\/v2\/product"}],"about":[{"href":"https:\/\/www.garciavarona.com\/en\/wp-json\/wp\/v2\/types\/product"}],"version-history":[{"count":1,"href":"https:\/\/www.garciavarona.com\/en\/wp-json\/wp\/v2\/product\/12445\/revisions"}],"predecessor-version":[{"id":14244,"href":"https:\/\/www.garciavarona.com\/en\/wp-json\/wp\/v2\/product\/12445\/revisions\/14244"}],"wp:featuredmedia":[{"embeddable":true,"href":"https:\/\/www.garciavarona.com\/en\/wp-json\/wp\/v2\/media\/12442"}],"wp:attachment":[{"href":"https:\/\/www.garciavarona.com\/en\/wp-json\/wp\/v2\/media?parent=12445"}],"wp:term":[{"taxonomy":"product_brand","embeddable":true,"href":"https:\/\/www.garciavarona.com\/en\/wp-json\/wp\/v2\/product_brand?post=12445"},{"taxonomy":"product_cat","embeddable":true,"href":"https:\/\/www.garciavarona.com\/en\/wp-json\/wp\/v2\/product_cat?post=12445"},{"taxonomy":"product_tag","embeddable":true,"href":"https:\/\/www.garciavarona.com\/en\/wp-json\/wp\/v2\/product_tag?post=12445"}],"curies":[{"name":"wp","href":"https:\/\/api.w.org\/{rel}","templated":true}]}}