{"id":12583,"date":"2020-12-04T13:47:36","date_gmt":"2020-12-04T13:47:36","guid":{"rendered":"https:\/\/pruebas.garciavarona.com\/producto\/tabla-de-roble-macizo-anchos-varios-de-70-a-130-mm-1050-mm-por-fila\/"},"modified":"2023-04-10T10:28:53","modified_gmt":"2023-04-10T10:28:53","slug":"tabla-de-roble-macizo-anchos-varios-de-70-a-130-mm-1050-mm-por-fila","status":"publish","type":"product","link":"https:\/\/www.garciavarona.com\/en\/producto\/tabla-de-roble-macizo-anchos-varios-de-70-a-130-mm-1050-mm-por-fila\/","title":{"rendered":"Tabla de roble macizo anchos varios de 70 a 130 mm, 1.050 mm por fila"},"content":{"rendered":"<h1>Tabla de roble macizo anchos varios de 70 a 130 mm, 1.050 mm por fila<\/h1>\n<p><strong>Tabla de roble macizo<\/strong> de 27 mm de grueso y anchos de 70 a 130 mm. Largo* m\u00e1ximo 2,20 metros, largos varios desde 1,75 metros . Precio por fila de 1,05 metros. De 8 a 10 unidades por fila dependiendo de los anchos de las tablas. Tabla de roble rojo europeo canteada y secada en secadero. En bruto, sin lijado. Calidad Mix. Madera natural, sin ning\u00fan tipo de acabado ni tratamiento aplicado.<\/p>\n<p>* El precio puede variar en funci\u00f3n del largo de tabla disponible. Se lo confirmaremos una vez recibido su pedido.<\/p>\n<p>Estas tablas de roble se venden en anchos y largos varios, por filas. Medidas aproximadas de la fila 2,7x105x220 cm.<\/p>\n<p>\u00bfBuscas una tabla de roble macizo? Las tablas de roble macizas son muy resistentes a la intemperie y ofrecen una excelente calidad. Trabajamos con madera proveniente de bosques europeos gestionados de forma sostenible, que garantizan la m\u00e1xima seguridad para el medio ambiente.<\/p>\n<p>El roble europeo es una madera pesada y duradera que es muy resistente a la descomposici\u00f3n y las plagas. Las tablas de roble macizo tambi\u00e9n son m\u00e1s caras que las tablas de madera de pino porque su crecimiento es lento por tanto es un tipo de madera de alta densidad y durabilidad.<\/p>\n<p>Esta tabla de roble macizo es perfecta para cualquier tipo de trabajo profesional. La fuerza del roble aportar\u00e1 durabilidad y calidad a cualquier dise\u00f1o en madera, y lo convertir\u00e1 en una pieza muy especial. El roble es una madera noble ideal para la fabricaci\u00f3n de muebles r\u00fasticos, aunque tambi\u00e9n puede destinarse a otros usos como revestimiento de paredes y suelos.<\/p>\n<p><a href=\"https:\/\/www.garciavarona.com\/contactar\/\">CONSULTAR<\/a> precio por paquete completo (aproximadamente 2 m3).<\/p>\n","protected":false},"excerpt":{"rendered":"<p>Tabla de roble macizo anchos varios. <strong>Precio por fila de 1,05 metros de ancho.<\/strong> De 8 a 10 tablas por fila. El precio puede variar en funci\u00f3n del largo de tabla disponible.<\/p>\n","protected":false},"featured_media":12578,"template":"","meta":[],"product_brand":[],"product_cat":[774,755,781,757],"product_tag":[1114,1318,1314,1319,1311,1315,1316,1310,1312,1313],"class_list":{"0":"post-12583","1":"product","2":"type-product","3":"status-publish","4":"has-post-thumbnail","6":"product_cat-tabla-outlet","7":"product_cat-construccion","8":"product_cat-tabla-de-madera","9":"product_cat-outlet-de-madera","10":"product_tag-madera-de-roble","11":"product_tag-roble-americano","12":"product_tag-roble-europeo","13":"product_tag-roble-frances","14":"product_tag-roble-macizo","15":"product_tag-roble-rojo","16":"product_tag-roble-rojo-europeo","17":"product_tag-tabla-de-roble","18":"product_tag-tabla-de-roble-maciza","19":"product_tag-tablon-de-roble","20":"pa_calidad-mix","21":"pa_grueso-27mm","23":"first","24":"outofstock","25":"taxable","26":"shipping-taxable","27":"purchasable","28":"product-type-variable"},"yoast_head":"<!-- This site is optimized with the Yoast SEO plugin v27.3 - https:\/\/yoast.com\/product\/yoast-seo-wordpress\/ -->\n<title>Tabla de roble europeo macizo anchos varios canteada y seca<\/title>\n<meta name=\"description\" content=\"Tabla de roble europeo macizo anchos varios canteada y seca en secadero. Venta por fila, de 8 a 10 unidades. Madera en bruto, sin lijar. 27 mm de grosor.\" \/>\n<meta name=\"robots\" content=\"index, follow, max-snippet:-1, max-image-preview:large, max-video-preview:-1\" \/>\n<link rel=\"canonical\" href=\"https:\/\/www.garciavarona.com\/en\/producto\/tabla-de-roble-macizo-anchos-varios-de-70-a-130-mm-1050-mm-por-fila\/\" \/>\n<meta property=\"og:locale\" content=\"en_US\" \/>\n<meta property=\"og:type\" content=\"article\" \/>\n<meta property=\"og:title\" content=\"Tabla de roble europeo macizo anchos varios canteada y seca\" \/>\n<meta property=\"og:description\" content=\"Tabla de roble europeo macizo anchos varios canteada y seca en secadero. Venta por fila, de 8 a 10 unidades. Madera en bruto, sin lijar. 27 mm de grosor.\" \/>\n<meta property=\"og:url\" content=\"https:\/\/www.garciavarona.com\/en\/producto\/tabla-de-roble-macizo-anchos-varios-de-70-a-130-mm-1050-mm-por-fila\/\" \/>\n<meta property=\"og:site_name\" content=\"Maderas Garcia Varona\" \/>\n<meta property=\"article:publisher\" content=\"https:\/\/www.facebook.com\/maderasgarciavaronagrupo\" \/>\n<meta property=\"article:modified_time\" content=\"2023-04-10T10:28:53+00:00\" \/>\n<meta property=\"og:image\" content=\"https:\/\/www.garciavarona.com\/wp-content\/uploads\/2020\/12\/1201-Tabla-de-roble-macizo-anchos-varios-de-70-a-130-mm-1.050-mm-por-fila.jpg\" \/>\n\t<meta property=\"og:image:width\" content=\"525\" \/>\n\t<meta property=\"og:image:height\" content=\"525\" \/>\n\t<meta property=\"og:image:type\" content=\"image\/jpeg\" \/>\n<meta name=\"twitter:card\" content=\"summary_large_image\" \/>\n<meta name=\"twitter:site\" content=\"@maderasvaronars\" \/>\n<meta name=\"twitter:label1\" content=\"Est. reading time\" \/>\n\t<meta name=\"twitter:data1\" content=\"2 minutes\" \/>\n<script type=\"application\/ld+json\" class=\"yoast-schema-graph\">{\"@context\":\"https:\\\/\\\/schema.org\",\"@graph\":[{\"@type\":[\"WebPage\",\"ItemPage\"],\"@id\":\"https:\\\/\\\/www.garciavarona.com\\\/en\\\/producto\\\/tabla-de-roble-macizo-anchos-varios-de-70-a-130-mm-1050-mm-por-fila\\\/\",\"url\":\"https:\\\/\\\/www.garciavarona.com\\\/en\\\/producto\\\/tabla-de-roble-macizo-anchos-varios-de-70-a-130-mm-1050-mm-por-fila\\\/\",\"name\":\"Tabla de roble europeo macizo anchos varios canteada y seca\",\"isPartOf\":{\"@id\":\"https:\\\/\\\/www.garciavarona.com\\\/en\\\/#website\"},\"primaryImageOfPage\":{\"@id\":\"https:\\\/\\\/www.garciavarona.com\\\/en\\\/producto\\\/tabla-de-roble-macizo-anchos-varios-de-70-a-130-mm-1050-mm-por-fila\\\/#primaryimage\"},\"image\":{\"@id\":\"https:\\\/\\\/www.garciavarona.com\\\/en\\\/producto\\\/tabla-de-roble-macizo-anchos-varios-de-70-a-130-mm-1050-mm-por-fila\\\/#primaryimage\"},\"thumbnailUrl\":\"https:\\\/\\\/www.garciavarona.com\\\/wp-content\\\/uploads\\\/2020\\\/12\\\/1201-Tabla-de-roble-macizo-anchos-varios-de-70-a-130-mm-1.050-mm-por-fila.jpg\",\"datePublished\":\"2020-12-04T13:47:36+00:00\",\"dateModified\":\"2023-04-10T10:28:53+00:00\",\"description\":\"Tabla de roble europeo macizo anchos varios canteada y seca en secadero. Venta por fila, de 8 a 10 unidades. Madera en bruto, sin lijar. 27 mm de grosor.\",\"breadcrumb\":{\"@id\":\"https:\\\/\\\/www.garciavarona.com\\\/en\\\/producto\\\/tabla-de-roble-macizo-anchos-varios-de-70-a-130-mm-1050-mm-por-fila\\\/#breadcrumb\"},\"inLanguage\":\"en-US\",\"potentialAction\":[{\"@type\":\"ReadAction\",\"target\":[\"https:\\\/\\\/www.garciavarona.com\\\/en\\\/producto\\\/tabla-de-roble-macizo-anchos-varios-de-70-a-130-mm-1050-mm-por-fila\\\/\"]}]},{\"@type\":\"ImageObject\",\"inLanguage\":\"en-US\",\"@id\":\"https:\\\/\\\/www.garciavarona.com\\\/en\\\/producto\\\/tabla-de-roble-macizo-anchos-varios-de-70-a-130-mm-1050-mm-por-fila\\\/#primaryimage\",\"url\":\"https:\\\/\\\/www.garciavarona.com\\\/wp-content\\\/uploads\\\/2020\\\/12\\\/1201-Tabla-de-roble-macizo-anchos-varios-de-70-a-130-mm-1.050-mm-por-fila.jpg\",\"contentUrl\":\"https:\\\/\\\/www.garciavarona.com\\\/wp-content\\\/uploads\\\/2020\\\/12\\\/1201-Tabla-de-roble-macizo-anchos-varios-de-70-a-130-mm-1.050-mm-por-fila.jpg\",\"width\":525,\"height\":525,\"caption\":\"Tabla de roble macizo anchos varios de 70 a 130 mm, 1.050 mm por fila\"},{\"@type\":\"BreadcrumbList\",\"@id\":\"https:\\\/\\\/www.garciavarona.com\\\/en\\\/producto\\\/tabla-de-roble-macizo-anchos-varios-de-70-a-130-mm-1050-mm-por-fila\\\/#breadcrumb\",\"itemListElement\":[{\"@type\":\"ListItem\",\"position\":1,\"name\":\"Portada\",\"item\":\"https:\\\/\\\/www.garciavarona.com\\\/en\\\/\"},{\"@type\":\"ListItem\",\"position\":2,\"name\":\"Tienda Maderas Garc\u00eda Varona\",\"item\":\"https:\\\/\\\/www.garciavarona.com\\\/tienda\\\/\"},{\"@type\":\"ListItem\",\"position\":3,\"name\":\"Tabla de roble macizo anchos varios de 70 a 130 mm, 1.050 mm por fila\"}]},{\"@type\":\"WebSite\",\"@id\":\"https:\\\/\\\/www.garciavarona.com\\\/en\\\/#website\",\"url\":\"https:\\\/\\\/www.garciavarona.com\\\/en\\\/\",\"name\":\"Maderas Garcia Varona\",\"description\":\"Fabrica y Aserradero de Madera. Expertos en Madera\",\"publisher\":{\"@id\":\"https:\\\/\\\/www.garciavarona.com\\\/en\\\/#organization\"},\"potentialAction\":[{\"@type\":\"SearchAction\",\"target\":{\"@type\":\"EntryPoint\",\"urlTemplate\":\"https:\\\/\\\/www.garciavarona.com\\\/en\\\/?s={search_term_string}\"},\"query-input\":{\"@type\":\"PropertyValueSpecification\",\"valueRequired\":true,\"valueName\":\"search_term_string\"}}],\"inLanguage\":\"en-US\"},{\"@type\":\"Organization\",\"@id\":\"https:\\\/\\\/www.garciavarona.com\\\/en\\\/#organization\",\"name\":\"Maderas Garcia Varona\",\"url\":\"https:\\\/\\\/www.garciavarona.com\\\/en\\\/\",\"logo\":{\"@type\":\"ImageObject\",\"inLanguage\":\"en-US\",\"@id\":\"https:\\\/\\\/www.garciavarona.com\\\/en\\\/#\\\/schema\\\/logo\\\/image\\\/\",\"url\":\"https:\\\/\\\/www.garciavarona.com\\\/wp-content\\\/uploads\\\/2022\\\/06\\\/logoGarciaVarona.svg\",\"contentUrl\":\"https:\\\/\\\/www.garciavarona.com\\\/wp-content\\\/uploads\\\/2022\\\/06\\\/logoGarciaVarona.svg\",\"width\":1020,\"height\":200,\"caption\":\"Maderas Garcia Varona\"},\"image\":{\"@id\":\"https:\\\/\\\/www.garciavarona.com\\\/en\\\/#\\\/schema\\\/logo\\\/image\\\/\"},\"sameAs\":[\"https:\\\/\\\/www.facebook.com\\\/maderasgarciavaronagrupo\",\"https:\\\/\\\/x.com\\\/maderasvaronars\",\"https:\\\/\\\/www.instagram.com\\\/maderasgarciavarona\\\/\",\"https:\\\/\\\/www.linkedin.com\\\/company\\\/maderas-garcia-varona\\\/\",\"https:\\\/\\\/www.youtube.com\\\/channel\\\/UCGUEME06N_h66pB2coJC83w\\\/featured\"]}]}<\/script>\n<!-- \/ Yoast SEO plugin. -->","yoast_head_json":{"title":"Tabla de roble europeo macizo anchos varios canteada y seca","description":"Tabla de roble europeo macizo anchos varios canteada y seca en secadero. Venta por fila, de 8 a 10 unidades. Madera en bruto, sin lijar. 27 mm de grosor.","robots":{"index":"index","follow":"follow","max-snippet":"max-snippet:-1","max-image-preview":"max-image-preview:large","max-video-preview":"max-video-preview:-1"},"canonical":"https:\/\/www.garciavarona.com\/en\/producto\/tabla-de-roble-macizo-anchos-varios-de-70-a-130-mm-1050-mm-por-fila\/","og_locale":"en_US","og_type":"article","og_title":"Tabla de roble europeo macizo anchos varios canteada y seca","og_description":"Tabla de roble europeo macizo anchos varios canteada y seca en secadero. Venta por fila, de 8 a 10 unidades. Madera en bruto, sin lijar. 27 mm de grosor.","og_url":"https:\/\/www.garciavarona.com\/en\/producto\/tabla-de-roble-macizo-anchos-varios-de-70-a-130-mm-1050-mm-por-fila\/","og_site_name":"Maderas Garcia Varona","article_publisher":"https:\/\/www.facebook.com\/maderasgarciavaronagrupo","article_modified_time":"2023-04-10T10:28:53+00:00","og_image":[{"width":525,"height":525,"url":"https:\/\/www.garciavarona.com\/wp-content\/uploads\/2020\/12\/1201-Tabla-de-roble-macizo-anchos-varios-de-70-a-130-mm-1.050-mm-por-fila.jpg","type":"image\/jpeg"}],"twitter_card":"summary_large_image","twitter_site":"@maderasvaronars","twitter_misc":{"Est. reading time":"2 minutes"},"schema":{"@context":"https:\/\/schema.org","@graph":[{"@type":["WebPage","ItemPage"],"@id":"https:\/\/www.garciavarona.com\/en\/producto\/tabla-de-roble-macizo-anchos-varios-de-70-a-130-mm-1050-mm-por-fila\/","url":"https:\/\/www.garciavarona.com\/en\/producto\/tabla-de-roble-macizo-anchos-varios-de-70-a-130-mm-1050-mm-por-fila\/","name":"Tabla de roble europeo macizo anchos varios canteada y seca","isPartOf":{"@id":"https:\/\/www.garciavarona.com\/en\/#website"},"primaryImageOfPage":{"@id":"https:\/\/www.garciavarona.com\/en\/producto\/tabla-de-roble-macizo-anchos-varios-de-70-a-130-mm-1050-mm-por-fila\/#primaryimage"},"image":{"@id":"https:\/\/www.garciavarona.com\/en\/producto\/tabla-de-roble-macizo-anchos-varios-de-70-a-130-mm-1050-mm-por-fila\/#primaryimage"},"thumbnailUrl":"https:\/\/www.garciavarona.com\/wp-content\/uploads\/2020\/12\/1201-Tabla-de-roble-macizo-anchos-varios-de-70-a-130-mm-1.050-mm-por-fila.jpg","datePublished":"2020-12-04T13:47:36+00:00","dateModified":"2023-04-10T10:28:53+00:00","description":"Tabla de roble europeo macizo anchos varios canteada y seca en secadero. Venta por fila, de 8 a 10 unidades. Madera en bruto, sin lijar. 27 mm de grosor.","breadcrumb":{"@id":"https:\/\/www.garciavarona.com\/en\/producto\/tabla-de-roble-macizo-anchos-varios-de-70-a-130-mm-1050-mm-por-fila\/#breadcrumb"},"inLanguage":"en-US","potentialAction":[{"@type":"ReadAction","target":["https:\/\/www.garciavarona.com\/en\/producto\/tabla-de-roble-macizo-anchos-varios-de-70-a-130-mm-1050-mm-por-fila\/"]}]},{"@type":"ImageObject","inLanguage":"en-US","@id":"https:\/\/www.garciavarona.com\/en\/producto\/tabla-de-roble-macizo-anchos-varios-de-70-a-130-mm-1050-mm-por-fila\/#primaryimage","url":"https:\/\/www.garciavarona.com\/wp-content\/uploads\/2020\/12\/1201-Tabla-de-roble-macizo-anchos-varios-de-70-a-130-mm-1.050-mm-por-fila.jpg","contentUrl":"https:\/\/www.garciavarona.com\/wp-content\/uploads\/2020\/12\/1201-Tabla-de-roble-macizo-anchos-varios-de-70-a-130-mm-1.050-mm-por-fila.jpg","width":525,"height":525,"caption":"Tabla de roble macizo anchos varios de 70 a 130 mm, 1.050 mm por fila"},{"@type":"BreadcrumbList","@id":"https:\/\/www.garciavarona.com\/en\/producto\/tabla-de-roble-macizo-anchos-varios-de-70-a-130-mm-1050-mm-por-fila\/#breadcrumb","itemListElement":[{"@type":"ListItem","position":1,"name":"Portada","item":"https:\/\/www.garciavarona.com\/en\/"},{"@type":"ListItem","position":2,"name":"Tienda Maderas Garc\u00eda Varona","item":"https:\/\/www.garciavarona.com\/tienda\/"},{"@type":"ListItem","position":3,"name":"Tabla de roble macizo anchos varios de 70 a 130 mm, 1.050 mm por fila"}]},{"@type":"WebSite","@id":"https:\/\/www.garciavarona.com\/en\/#website","url":"https:\/\/www.garciavarona.com\/en\/","name":"Maderas Garcia Varona","description":"Fabrica y Aserradero de Madera. Expertos en Madera","publisher":{"@id":"https:\/\/www.garciavarona.com\/en\/#organization"},"potentialAction":[{"@type":"SearchAction","target":{"@type":"EntryPoint","urlTemplate":"https:\/\/www.garciavarona.com\/en\/?s={search_term_string}"},"query-input":{"@type":"PropertyValueSpecification","valueRequired":true,"valueName":"search_term_string"}}],"inLanguage":"en-US"},{"@type":"Organization","@id":"https:\/\/www.garciavarona.com\/en\/#organization","name":"Maderas Garcia Varona","url":"https:\/\/www.garciavarona.com\/en\/","logo":{"@type":"ImageObject","inLanguage":"en-US","@id":"https:\/\/www.garciavarona.com\/en\/#\/schema\/logo\/image\/","url":"https:\/\/www.garciavarona.com\/wp-content\/uploads\/2022\/06\/logoGarciaVarona.svg","contentUrl":"https:\/\/www.garciavarona.com\/wp-content\/uploads\/2022\/06\/logoGarciaVarona.svg","width":1020,"height":200,"caption":"Maderas Garcia Varona"},"image":{"@id":"https:\/\/www.garciavarona.com\/en\/#\/schema\/logo\/image\/"},"sameAs":["https:\/\/www.facebook.com\/maderasgarciavaronagrupo","https:\/\/x.com\/maderasvaronars","https:\/\/www.instagram.com\/maderasgarciavarona\/","https:\/\/www.linkedin.com\/company\/maderas-garcia-varona\/","https:\/\/www.youtube.com\/channel\/UCGUEME06N_h66pB2coJC83w\/featured"]}]}},"_links":{"self":[{"href":"https:\/\/www.garciavarona.com\/en\/wp-json\/wp\/v2\/product\/12583","targetHints":{"allow":["GET"]}}],"collection":[{"href":"https:\/\/www.garciavarona.com\/en\/wp-json\/wp\/v2\/product"}],"about":[{"href":"https:\/\/www.garciavarona.com\/en\/wp-json\/wp\/v2\/types\/product"}],"version-history":[{"count":6,"href":"https:\/\/www.garciavarona.com\/en\/wp-json\/wp\/v2\/product\/12583\/revisions"}],"predecessor-version":[{"id":19347,"href":"https:\/\/www.garciavarona.com\/en\/wp-json\/wp\/v2\/product\/12583\/revisions\/19347"}],"wp:featuredmedia":[{"embeddable":true,"href":"https:\/\/www.garciavarona.com\/en\/wp-json\/wp\/v2\/media\/12578"}],"wp:attachment":[{"href":"https:\/\/www.garciavarona.com\/en\/wp-json\/wp\/v2\/media?parent=12583"}],"wp:term":[{"taxonomy":"product_brand","embeddable":true,"href":"https:\/\/www.garciavarona.com\/en\/wp-json\/wp\/v2\/product_brand?post=12583"},{"taxonomy":"product_cat","embeddable":true,"href":"https:\/\/www.garciavarona.com\/en\/wp-json\/wp\/v2\/product_cat?post=12583"},{"taxonomy":"product_tag","embeddable":true,"href":"https:\/\/www.garciavarona.com\/en\/wp-json\/wp\/v2\/product_tag?post=12583"}],"curies":[{"name":"wp","href":"https:\/\/api.w.org\/{rel}","templated":true}]}}