{"id":12597,"date":"2021-01-21T13:32:40","date_gmt":"2021-01-21T13:32:40","guid":{"rendered":"https:\/\/pruebas.garciavarona.com\/producto\/estante-tipo-viga-madera\/"},"modified":"2022-09-13T11:56:56","modified_gmt":"2022-09-13T11:56:56","slug":"estante-tipo-viga-madera","status":"publish","type":"product","link":"https:\/\/www.garciavarona.com\/en\/producto\/estante-tipo-viga-madera\/","title":{"rendered":"Estante tipo viga de roble 80 cm de largo, balda r\u00fastica de madera maciza"},"content":{"rendered":"<h1>Estante tipo viga de roble 80 cm de largo, balda r\u00fastica de madera maciza<\/h1>\n<p><strong>Estante de madera de roble macizo<\/strong> tipo viga r\u00fastica. Medidas 90x137x800 mm. Este estante es una balda gruesa, similar a una viga de madera. Ofrece un uso decorativo, ideal para ambientes r\u00fasticos o informales. Fabricado en Madera natural, tiene disponible la opci\u00f3n de lasurado. Incluye fresado y herrajes ocultos. Para una decoraci\u00f3n r\u00fastica o\u00a0 moderna, siempre ofrecer\u00e1 un toque diferenciador a tu estancia.<\/p>\n<p>Es una pieza de madera natural, por lo que puede presentar nudos o betas de distintos colores. Se trata de peculiaridades propias de la naturaleza de la madera y\u00a0 que por lo tanto no son considerados defectos ni pueden ser motivo de cambio o devoluci\u00f3n. Las vetas de la madera son diferentes y \u00fanicas en cada pieza y por eso no podemos prever c\u00f3mo ser\u00e1 cada pieza antes de extraerla y cortarla.<\/p>\n<p>En cuanto al mantenimiento, es importante que este <strong>estante de madera de roble macizo natural<\/strong> no sufra cambios bruscos de humedad y temperatura. Se trata de un material org\u00e1nico, vivo, que puede verse alterado por estos cambios dr\u00e1sticos en las condiciones ambientales que le rodean. La intemperie o esos cambios bruscos pueden alterar su forma, tonalidad o tacto.<\/p>\n<p><a href=\"https:\/\/www.garciavarona.com\/contactar\/\">Cons\u00faltanos<\/a> cualquier duda acerca de este u otros productos de nuestra tienda.<\/p>\n","protected":false},"excerpt":{"rendered":"<p>Estante de roble macizo tipo viga r\u00fastica. Incluye fresado y herrajes ocultos.<\/p>\n","protected":false},"featured_media":12591,"template":"","meta":[],"product_brand":[],"product_cat":[762,756],"product_tag":[1331,1332,1334,1266,1326,1327,1328,1333,1114,1299,1330,1329],"class_list":{"0":"post-12597","1":"product","2":"type-product","3":"status-publish","4":"has-post-thumbnail","6":"product_cat-baldas","7":"product_cat-decoracion-madera","8":"product_tag-balda-de-madera","9":"product_tag-balda-de-roble","10":"product_tag-balda-rustica","11":"product_tag-decoracion-rustica","12":"product_tag-estante","13":"product_tag-estante-de-madera","14":"product_tag-estante-de-roble","15":"product_tag-estante-rustico","16":"product_tag-madera-de-roble","17":"product_tag-madera-maciza","18":"product_tag-viga-de-madera","19":"product_tag-viga-de-roble","21":"first","22":"outofstock","23":"taxable","24":"shipping-taxable","25":"purchasable","26":"product-type-variable"},"yoast_head":"<!-- This site is optimized with the Yoast SEO plugin v27.3 - https:\/\/yoast.com\/product\/yoast-seo-wordpress\/ -->\n<title>Estante de madera de roble macizo. Ideal decoraci\u00f3n r\u00fastica<\/title>\n<meta name=\"description\" content=\"Estante de madera de roble macizo tipo viga r\u00fastica. Con fresado y herrajes. Largo 80 cm. Balda de madera maciza para decoraci\u00f3n r\u00fastica.\" \/>\n<meta name=\"robots\" content=\"index, follow, max-snippet:-1, max-image-preview:large, max-video-preview:-1\" \/>\n<link rel=\"canonical\" href=\"https:\/\/www.garciavarona.com\/en\/producto\/estante-tipo-viga-madera\/\" \/>\n<meta property=\"og:locale\" content=\"en_US\" \/>\n<meta property=\"og:type\" content=\"article\" \/>\n<meta property=\"og:title\" content=\"Estante de madera de roble macizo. Ideal decoraci\u00f3n r\u00fastica\" \/>\n<meta property=\"og:description\" content=\"Estante de madera de roble macizo tipo viga r\u00fastica. Con fresado y herrajes. Largo 80 cm. Balda de madera maciza para decoraci\u00f3n r\u00fastica.\" \/>\n<meta property=\"og:url\" content=\"https:\/\/www.garciavarona.com\/en\/producto\/estante-tipo-viga-madera\/\" \/>\n<meta property=\"og:site_name\" content=\"Maderas Garcia Varona\" \/>\n<meta property=\"article:publisher\" content=\"https:\/\/www.facebook.com\/maderasgarciavaronagrupo\" \/>\n<meta property=\"article:modified_time\" content=\"2022-09-13T11:56:56+00:00\" \/>\n<meta property=\"og:image\" content=\"https:\/\/www.garciavarona.com\/wp-content\/uploads\/2021\/01\/1217-Estante-tipo-viga-de-roble-80-cm-de-largo-balda-rustica-de-madera-maciza.jpg\" \/>\n\t<meta property=\"og:image:width\" content=\"500\" \/>\n\t<meta property=\"og:image:height\" content=\"500\" \/>\n\t<meta property=\"og:image:type\" content=\"image\/jpeg\" \/>\n<meta name=\"twitter:card\" content=\"summary_large_image\" \/>\n<meta name=\"twitter:site\" content=\"@maderasvaronars\" \/>\n<meta name=\"twitter:label1\" content=\"Est. reading time\" \/>\n\t<meta name=\"twitter:data1\" content=\"2 minutes\" \/>\n<script type=\"application\/ld+json\" class=\"yoast-schema-graph\">{\"@context\":\"https:\\\/\\\/schema.org\",\"@graph\":[{\"@type\":[\"WebPage\",\"ItemPage\"],\"@id\":\"https:\\\/\\\/www.garciavarona.com\\\/en\\\/producto\\\/estante-tipo-viga-madera\\\/\",\"url\":\"https:\\\/\\\/www.garciavarona.com\\\/en\\\/producto\\\/estante-tipo-viga-madera\\\/\",\"name\":\"Estante de madera de roble macizo. Ideal decoraci\u00f3n r\u00fastica\",\"isPartOf\":{\"@id\":\"https:\\\/\\\/www.garciavarona.com\\\/en\\\/#website\"},\"primaryImageOfPage\":{\"@id\":\"https:\\\/\\\/www.garciavarona.com\\\/en\\\/producto\\\/estante-tipo-viga-madera\\\/#primaryimage\"},\"image\":{\"@id\":\"https:\\\/\\\/www.garciavarona.com\\\/en\\\/producto\\\/estante-tipo-viga-madera\\\/#primaryimage\"},\"thumbnailUrl\":\"https:\\\/\\\/www.garciavarona.com\\\/wp-content\\\/uploads\\\/2021\\\/01\\\/1217-Estante-tipo-viga-de-roble-80-cm-de-largo-balda-rustica-de-madera-maciza.jpg\",\"datePublished\":\"2021-01-21T13:32:40+00:00\",\"dateModified\":\"2022-09-13T11:56:56+00:00\",\"description\":\"Estante de madera de roble macizo tipo viga r\u00fastica. Con fresado y herrajes. Largo 80 cm. Balda de madera maciza para decoraci\u00f3n r\u00fastica.\",\"breadcrumb\":{\"@id\":\"https:\\\/\\\/www.garciavarona.com\\\/en\\\/producto\\\/estante-tipo-viga-madera\\\/#breadcrumb\"},\"inLanguage\":\"en-US\",\"potentialAction\":[{\"@type\":\"ReadAction\",\"target\":[\"https:\\\/\\\/www.garciavarona.com\\\/en\\\/producto\\\/estante-tipo-viga-madera\\\/\"]}]},{\"@type\":\"ImageObject\",\"inLanguage\":\"en-US\",\"@id\":\"https:\\\/\\\/www.garciavarona.com\\\/en\\\/producto\\\/estante-tipo-viga-madera\\\/#primaryimage\",\"url\":\"https:\\\/\\\/www.garciavarona.com\\\/wp-content\\\/uploads\\\/2021\\\/01\\\/1217-Estante-tipo-viga-de-roble-80-cm-de-largo-balda-rustica-de-madera-maciza.jpg\",\"contentUrl\":\"https:\\\/\\\/www.garciavarona.com\\\/wp-content\\\/uploads\\\/2021\\\/01\\\/1217-Estante-tipo-viga-de-roble-80-cm-de-largo-balda-rustica-de-madera-maciza.jpg\",\"width\":500,\"height\":500,\"caption\":\"Estante tipo viga de roble 80 cm de largo, balda r\u00fastica de madera maciza\"},{\"@type\":\"BreadcrumbList\",\"@id\":\"https:\\\/\\\/www.garciavarona.com\\\/en\\\/producto\\\/estante-tipo-viga-madera\\\/#breadcrumb\",\"itemListElement\":[{\"@type\":\"ListItem\",\"position\":1,\"name\":\"Portada\",\"item\":\"https:\\\/\\\/www.garciavarona.com\\\/en\\\/\"},{\"@type\":\"ListItem\",\"position\":2,\"name\":\"Tienda Maderas Garc\u00eda Varona\",\"item\":\"https:\\\/\\\/www.garciavarona.com\\\/tienda\\\/\"},{\"@type\":\"ListItem\",\"position\":3,\"name\":\"Estante tipo viga de roble 80 cm de largo, balda r\u00fastica de madera maciza\"}]},{\"@type\":\"WebSite\",\"@id\":\"https:\\\/\\\/www.garciavarona.com\\\/en\\\/#website\",\"url\":\"https:\\\/\\\/www.garciavarona.com\\\/en\\\/\",\"name\":\"Maderas Garcia Varona\",\"description\":\"Fabrica y Aserradero de Madera. Expertos en Madera\",\"publisher\":{\"@id\":\"https:\\\/\\\/www.garciavarona.com\\\/en\\\/#organization\"},\"potentialAction\":[{\"@type\":\"SearchAction\",\"target\":{\"@type\":\"EntryPoint\",\"urlTemplate\":\"https:\\\/\\\/www.garciavarona.com\\\/en\\\/?s={search_term_string}\"},\"query-input\":{\"@type\":\"PropertyValueSpecification\",\"valueRequired\":true,\"valueName\":\"search_term_string\"}}],\"inLanguage\":\"en-US\"},{\"@type\":\"Organization\",\"@id\":\"https:\\\/\\\/www.garciavarona.com\\\/en\\\/#organization\",\"name\":\"Maderas Garcia Varona\",\"url\":\"https:\\\/\\\/www.garciavarona.com\\\/en\\\/\",\"logo\":{\"@type\":\"ImageObject\",\"inLanguage\":\"en-US\",\"@id\":\"https:\\\/\\\/www.garciavarona.com\\\/en\\\/#\\\/schema\\\/logo\\\/image\\\/\",\"url\":\"https:\\\/\\\/www.garciavarona.com\\\/wp-content\\\/uploads\\\/2022\\\/06\\\/logoGarciaVarona.svg\",\"contentUrl\":\"https:\\\/\\\/www.garciavarona.com\\\/wp-content\\\/uploads\\\/2022\\\/06\\\/logoGarciaVarona.svg\",\"width\":1020,\"height\":200,\"caption\":\"Maderas Garcia Varona\"},\"image\":{\"@id\":\"https:\\\/\\\/www.garciavarona.com\\\/en\\\/#\\\/schema\\\/logo\\\/image\\\/\"},\"sameAs\":[\"https:\\\/\\\/www.facebook.com\\\/maderasgarciavaronagrupo\",\"https:\\\/\\\/x.com\\\/maderasvaronars\",\"https:\\\/\\\/www.instagram.com\\\/maderasgarciavarona\\\/\",\"https:\\\/\\\/www.linkedin.com\\\/company\\\/maderas-garcia-varona\\\/\",\"https:\\\/\\\/www.youtube.com\\\/channel\\\/UCGUEME06N_h66pB2coJC83w\\\/featured\"]}]}<\/script>\n<!-- \/ Yoast SEO plugin. -->","yoast_head_json":{"title":"Estante de madera de roble macizo. Ideal decoraci\u00f3n r\u00fastica","description":"Estante de madera de roble macizo tipo viga r\u00fastica. Con fresado y herrajes. Largo 80 cm. Balda de madera maciza para decoraci\u00f3n r\u00fastica.","robots":{"index":"index","follow":"follow","max-snippet":"max-snippet:-1","max-image-preview":"max-image-preview:large","max-video-preview":"max-video-preview:-1"},"canonical":"https:\/\/www.garciavarona.com\/en\/producto\/estante-tipo-viga-madera\/","og_locale":"en_US","og_type":"article","og_title":"Estante de madera de roble macizo. Ideal decoraci\u00f3n r\u00fastica","og_description":"Estante de madera de roble macizo tipo viga r\u00fastica. Con fresado y herrajes. Largo 80 cm. Balda de madera maciza para decoraci\u00f3n r\u00fastica.","og_url":"https:\/\/www.garciavarona.com\/en\/producto\/estante-tipo-viga-madera\/","og_site_name":"Maderas Garcia Varona","article_publisher":"https:\/\/www.facebook.com\/maderasgarciavaronagrupo","article_modified_time":"2022-09-13T11:56:56+00:00","og_image":[{"width":500,"height":500,"url":"https:\/\/www.garciavarona.com\/wp-content\/uploads\/2021\/01\/1217-Estante-tipo-viga-de-roble-80-cm-de-largo-balda-rustica-de-madera-maciza.jpg","type":"image\/jpeg"}],"twitter_card":"summary_large_image","twitter_site":"@maderasvaronars","twitter_misc":{"Est. reading time":"2 minutes"},"schema":{"@context":"https:\/\/schema.org","@graph":[{"@type":["WebPage","ItemPage"],"@id":"https:\/\/www.garciavarona.com\/en\/producto\/estante-tipo-viga-madera\/","url":"https:\/\/www.garciavarona.com\/en\/producto\/estante-tipo-viga-madera\/","name":"Estante de madera de roble macizo. Ideal decoraci\u00f3n r\u00fastica","isPartOf":{"@id":"https:\/\/www.garciavarona.com\/en\/#website"},"primaryImageOfPage":{"@id":"https:\/\/www.garciavarona.com\/en\/producto\/estante-tipo-viga-madera\/#primaryimage"},"image":{"@id":"https:\/\/www.garciavarona.com\/en\/producto\/estante-tipo-viga-madera\/#primaryimage"},"thumbnailUrl":"https:\/\/www.garciavarona.com\/wp-content\/uploads\/2021\/01\/1217-Estante-tipo-viga-de-roble-80-cm-de-largo-balda-rustica-de-madera-maciza.jpg","datePublished":"2021-01-21T13:32:40+00:00","dateModified":"2022-09-13T11:56:56+00:00","description":"Estante de madera de roble macizo tipo viga r\u00fastica. Con fresado y herrajes. Largo 80 cm. Balda de madera maciza para decoraci\u00f3n r\u00fastica.","breadcrumb":{"@id":"https:\/\/www.garciavarona.com\/en\/producto\/estante-tipo-viga-madera\/#breadcrumb"},"inLanguage":"en-US","potentialAction":[{"@type":"ReadAction","target":["https:\/\/www.garciavarona.com\/en\/producto\/estante-tipo-viga-madera\/"]}]},{"@type":"ImageObject","inLanguage":"en-US","@id":"https:\/\/www.garciavarona.com\/en\/producto\/estante-tipo-viga-madera\/#primaryimage","url":"https:\/\/www.garciavarona.com\/wp-content\/uploads\/2021\/01\/1217-Estante-tipo-viga-de-roble-80-cm-de-largo-balda-rustica-de-madera-maciza.jpg","contentUrl":"https:\/\/www.garciavarona.com\/wp-content\/uploads\/2021\/01\/1217-Estante-tipo-viga-de-roble-80-cm-de-largo-balda-rustica-de-madera-maciza.jpg","width":500,"height":500,"caption":"Estante tipo viga de roble 80 cm de largo, balda r\u00fastica de madera maciza"},{"@type":"BreadcrumbList","@id":"https:\/\/www.garciavarona.com\/en\/producto\/estante-tipo-viga-madera\/#breadcrumb","itemListElement":[{"@type":"ListItem","position":1,"name":"Portada","item":"https:\/\/www.garciavarona.com\/en\/"},{"@type":"ListItem","position":2,"name":"Tienda Maderas Garc\u00eda Varona","item":"https:\/\/www.garciavarona.com\/tienda\/"},{"@type":"ListItem","position":3,"name":"Estante tipo viga de roble 80 cm de largo, balda r\u00fastica de madera maciza"}]},{"@type":"WebSite","@id":"https:\/\/www.garciavarona.com\/en\/#website","url":"https:\/\/www.garciavarona.com\/en\/","name":"Maderas Garcia Varona","description":"Fabrica y Aserradero de Madera. Expertos en Madera","publisher":{"@id":"https:\/\/www.garciavarona.com\/en\/#organization"},"potentialAction":[{"@type":"SearchAction","target":{"@type":"EntryPoint","urlTemplate":"https:\/\/www.garciavarona.com\/en\/?s={search_term_string}"},"query-input":{"@type":"PropertyValueSpecification","valueRequired":true,"valueName":"search_term_string"}}],"inLanguage":"en-US"},{"@type":"Organization","@id":"https:\/\/www.garciavarona.com\/en\/#organization","name":"Maderas Garcia Varona","url":"https:\/\/www.garciavarona.com\/en\/","logo":{"@type":"ImageObject","inLanguage":"en-US","@id":"https:\/\/www.garciavarona.com\/en\/#\/schema\/logo\/image\/","url":"https:\/\/www.garciavarona.com\/wp-content\/uploads\/2022\/06\/logoGarciaVarona.svg","contentUrl":"https:\/\/www.garciavarona.com\/wp-content\/uploads\/2022\/06\/logoGarciaVarona.svg","width":1020,"height":200,"caption":"Maderas Garcia Varona"},"image":{"@id":"https:\/\/www.garciavarona.com\/en\/#\/schema\/logo\/image\/"},"sameAs":["https:\/\/www.facebook.com\/maderasgarciavaronagrupo","https:\/\/x.com\/maderasvaronars","https:\/\/www.instagram.com\/maderasgarciavarona\/","https:\/\/www.linkedin.com\/company\/maderas-garcia-varona\/","https:\/\/www.youtube.com\/channel\/UCGUEME06N_h66pB2coJC83w\/featured"]}]}},"_links":{"self":[{"href":"https:\/\/www.garciavarona.com\/en\/wp-json\/wp\/v2\/product\/12597","targetHints":{"allow":["GET"]}}],"collection":[{"href":"https:\/\/www.garciavarona.com\/en\/wp-json\/wp\/v2\/product"}],"about":[{"href":"https:\/\/www.garciavarona.com\/en\/wp-json\/wp\/v2\/types\/product"}],"version-history":[{"count":4,"href":"https:\/\/www.garciavarona.com\/en\/wp-json\/wp\/v2\/product\/12597\/revisions"}],"predecessor-version":[{"id":15146,"href":"https:\/\/www.garciavarona.com\/en\/wp-json\/wp\/v2\/product\/12597\/revisions\/15146"}],"wp:featuredmedia":[{"embeddable":true,"href":"https:\/\/www.garciavarona.com\/en\/wp-json\/wp\/v2\/media\/12591"}],"wp:attachment":[{"href":"https:\/\/www.garciavarona.com\/en\/wp-json\/wp\/v2\/media?parent=12597"}],"wp:term":[{"taxonomy":"product_brand","embeddable":true,"href":"https:\/\/www.garciavarona.com\/en\/wp-json\/wp\/v2\/product_brand?post=12597"},{"taxonomy":"product_cat","embeddable":true,"href":"https:\/\/www.garciavarona.com\/en\/wp-json\/wp\/v2\/product_cat?post=12597"},{"taxonomy":"product_tag","embeddable":true,"href":"https:\/\/www.garciavarona.com\/en\/wp-json\/wp\/v2\/product_tag?post=12597"}],"curies":[{"name":"wp","href":"https:\/\/api.w.org\/{rel}","templated":true}]}}