{"id":12625,"date":"2021-01-21T14:34:00","date_gmt":"2021-01-21T14:34:00","guid":{"rendered":"https:\/\/pruebas.garciavarona.com\/producto\/rodaja-de-madera-de-roble-de-25-30-cm-para-uso-decorativo\/"},"modified":"2023-05-02T20:28:12","modified_gmt":"2023-05-02T20:28:12","slug":"rodaja-de-madera-de-roble-de-25-30-cm-para-uso-decorativo","status":"publish","type":"product","link":"https:\/\/www.garciavarona.com\/en\/producto\/rodaja-de-madera-de-roble-de-25-30-cm-para-uso-decorativo\/","title":{"rendered":"Rodaja de madera de roble de 25-35 cm, paquete 5 unidades"},"content":{"rendered":"<h1>Rodaja de madera de roble de 25-35 cm para uso decorativo<\/h1>\n<p><strong>Rodaja de madera<\/strong> de roble decorativa. <strong>Tronco de madera cortado<\/strong> para usar como bandeja, centro de mesa o bajo plato. Medidas (en verde): 5 cm de grosor y entre 25 y 35 cent\u00edmetros de di\u00e1metro, seg\u00fan disponibilidad. Paquete con 5 unidades.<\/p>\n<p>Madera verde en bruto, por lo que puede tener grietas o agrietarse con el paso del tiempo as\u00ed como desprenderse la corteza. Sin garant\u00edas de grietas.\u00a0No incluye lijado ni cepillado. Madera real, sin tratamientos ni acabados.<\/p>\n<p>Tendencia como decoraci\u00f3n en bodas, para dar un aire r\u00fastico y especial a eventos. Madera natural sin tratamientos, por lo que pueden tener nudos, grietas o betas de distintos colores. Se trata de peculiaridades propias de la naturaleza de la madera. Por lo tanto no son considerados defectos ni pueden ser motivo de cambio o devoluci\u00f3n.<\/p>\n<p>CONSULTAR disponibilidad de otros di\u00e1metros y especies.<\/p>\n","protected":false},"excerpt":{"rendered":"<p>Rodaja de madera de roble 5 cm de grueso. Precio por paquete de 5 unidades.<\/p>\n","protected":false},"featured_media":12619,"template":"","meta":[],"product_brand":[],"product_cat":[782,756],"product_tag":[1338,1337,1266,1298,1336,1335],"class_list":{"0":"post-12625","1":"product","2":"type-product","3":"status-publish","4":"has-post-thumbnail","6":"product_cat-rodaja-de-madera","7":"product_cat-decoracion-madera","8":"product_tag-bajo-plato-de-madera","9":"product_tag-bajoplato-de-madera","10":"product_tag-decoracion-rustica","11":"product_tag-rodaja-de-madera","12":"product_tag-rodaja-de-roble","13":"product_tag-tronco-de-roble","15":"first","16":"outofstock","17":"taxable","18":"shipping-taxable","19":"purchasable","20":"product-type-simple"},"yoast_head":"<!-- This site is optimized with the Yoast SEO plugin v27.3 - https:\/\/yoast.com\/product\/yoast-seo-wordpress\/ -->\n<title>Rodaja de madera de roble decorativa. Entre 25 y 30 cm de di\u00e1metro<\/title>\n<meta name=\"description\" content=\"Rodaja de madera de roble decorativa. Medidas: 5 cm de grosor y entre 25 y 30 cm de di\u00e1metro, seg\u00fan disponibilidad. Paquete 5 unidades. Decoraci\u00f3n r\u00fastica.\" \/>\n<meta name=\"robots\" content=\"index, follow, max-snippet:-1, max-image-preview:large, max-video-preview:-1\" \/>\n<link rel=\"canonical\" href=\"https:\/\/www.garciavarona.com\/en\/producto\/rodaja-de-madera-de-roble-de-25-30-cm-para-uso-decorativo\/\" \/>\n<meta property=\"og:locale\" content=\"en_US\" \/>\n<meta property=\"og:type\" content=\"article\" \/>\n<meta property=\"og:title\" content=\"Rodaja de madera de roble decorativa. Entre 25 y 30 cm de di\u00e1metro\" \/>\n<meta property=\"og:description\" content=\"Rodaja de madera de roble decorativa. Medidas: 5 cm de grosor y entre 25 y 30 cm de di\u00e1metro, seg\u00fan disponibilidad. Paquete 5 unidades. Decoraci\u00f3n r\u00fastica.\" \/>\n<meta property=\"og:url\" content=\"https:\/\/www.garciavarona.com\/en\/producto\/rodaja-de-madera-de-roble-de-25-30-cm-para-uso-decorativo\/\" \/>\n<meta property=\"og:site_name\" content=\"Maderas Garcia Varona\" \/>\n<meta property=\"article:publisher\" content=\"https:\/\/www.facebook.com\/maderasgarciavaronagrupo\" \/>\n<meta property=\"article:modified_time\" content=\"2023-05-02T20:28:12+00:00\" \/>\n<meta property=\"og:image\" content=\"https:\/\/www.garciavarona.com\/wp-content\/uploads\/2021\/01\/1387-Rodaja-de-madera-de-roble-de-25-30-cm-para-uso-decorativo.jpg\" \/>\n\t<meta property=\"og:image:width\" content=\"525\" \/>\n\t<meta property=\"og:image:height\" content=\"525\" \/>\n\t<meta property=\"og:image:type\" content=\"image\/jpeg\" \/>\n<meta name=\"twitter:card\" content=\"summary_large_image\" \/>\n<meta name=\"twitter:site\" content=\"@maderasvaronars\" \/>\n<meta name=\"twitter:label1\" content=\"Est. reading time\" \/>\n\t<meta name=\"twitter:data1\" content=\"1 minute\" \/>\n<script type=\"application\/ld+json\" class=\"yoast-schema-graph\">{\"@context\":\"https:\\\/\\\/schema.org\",\"@graph\":[{\"@type\":[\"WebPage\",\"ItemPage\"],\"@id\":\"https:\\\/\\\/www.garciavarona.com\\\/en\\\/producto\\\/rodaja-de-madera-de-roble-de-25-30-cm-para-uso-decorativo\\\/\",\"url\":\"https:\\\/\\\/www.garciavarona.com\\\/en\\\/producto\\\/rodaja-de-madera-de-roble-de-25-30-cm-para-uso-decorativo\\\/\",\"name\":\"Rodaja de madera de roble decorativa. Entre 25 y 30 cm de di\u00e1metro\",\"isPartOf\":{\"@id\":\"https:\\\/\\\/www.garciavarona.com\\\/en\\\/#website\"},\"primaryImageOfPage\":{\"@id\":\"https:\\\/\\\/www.garciavarona.com\\\/en\\\/producto\\\/rodaja-de-madera-de-roble-de-25-30-cm-para-uso-decorativo\\\/#primaryimage\"},\"image\":{\"@id\":\"https:\\\/\\\/www.garciavarona.com\\\/en\\\/producto\\\/rodaja-de-madera-de-roble-de-25-30-cm-para-uso-decorativo\\\/#primaryimage\"},\"thumbnailUrl\":\"https:\\\/\\\/www.garciavarona.com\\\/wp-content\\\/uploads\\\/2021\\\/01\\\/1387-Rodaja-de-madera-de-roble-de-25-30-cm-para-uso-decorativo.jpg\",\"datePublished\":\"2021-01-21T14:34:00+00:00\",\"dateModified\":\"2023-05-02T20:28:12+00:00\",\"description\":\"Rodaja de madera de roble decorativa. Medidas: 5 cm de grosor y entre 25 y 30 cm de di\u00e1metro, seg\u00fan disponibilidad. Paquete 5 unidades. Decoraci\u00f3n r\u00fastica.\",\"breadcrumb\":{\"@id\":\"https:\\\/\\\/www.garciavarona.com\\\/en\\\/producto\\\/rodaja-de-madera-de-roble-de-25-30-cm-para-uso-decorativo\\\/#breadcrumb\"},\"inLanguage\":\"en-US\",\"potentialAction\":[{\"@type\":\"ReadAction\",\"target\":[\"https:\\\/\\\/www.garciavarona.com\\\/en\\\/producto\\\/rodaja-de-madera-de-roble-de-25-30-cm-para-uso-decorativo\\\/\"]}]},{\"@type\":\"ImageObject\",\"inLanguage\":\"en-US\",\"@id\":\"https:\\\/\\\/www.garciavarona.com\\\/en\\\/producto\\\/rodaja-de-madera-de-roble-de-25-30-cm-para-uso-decorativo\\\/#primaryimage\",\"url\":\"https:\\\/\\\/www.garciavarona.com\\\/wp-content\\\/uploads\\\/2021\\\/01\\\/1387-Rodaja-de-madera-de-roble-de-25-30-cm-para-uso-decorativo.jpg\",\"contentUrl\":\"https:\\\/\\\/www.garciavarona.com\\\/wp-content\\\/uploads\\\/2021\\\/01\\\/1387-Rodaja-de-madera-de-roble-de-25-30-cm-para-uso-decorativo.jpg\",\"width\":525,\"height\":525,\"caption\":\"Rodaja de madera de roble de 25-30 cm para uso decorativo\"},{\"@type\":\"BreadcrumbList\",\"@id\":\"https:\\\/\\\/www.garciavarona.com\\\/en\\\/producto\\\/rodaja-de-madera-de-roble-de-25-30-cm-para-uso-decorativo\\\/#breadcrumb\",\"itemListElement\":[{\"@type\":\"ListItem\",\"position\":1,\"name\":\"Portada\",\"item\":\"https:\\\/\\\/www.garciavarona.com\\\/en\\\/\"},{\"@type\":\"ListItem\",\"position\":2,\"name\":\"Tienda Maderas Garc\u00eda Varona\",\"item\":\"https:\\\/\\\/www.garciavarona.com\\\/tienda\\\/\"},{\"@type\":\"ListItem\",\"position\":3,\"name\":\"Rodaja de madera de roble de 25-35 cm, paquete 5 unidades\"}]},{\"@type\":\"WebSite\",\"@id\":\"https:\\\/\\\/www.garciavarona.com\\\/en\\\/#website\",\"url\":\"https:\\\/\\\/www.garciavarona.com\\\/en\\\/\",\"name\":\"Maderas Garcia Varona\",\"description\":\"Fabrica y Aserradero de Madera. Expertos en Madera\",\"publisher\":{\"@id\":\"https:\\\/\\\/www.garciavarona.com\\\/en\\\/#organization\"},\"potentialAction\":[{\"@type\":\"SearchAction\",\"target\":{\"@type\":\"EntryPoint\",\"urlTemplate\":\"https:\\\/\\\/www.garciavarona.com\\\/en\\\/?s={search_term_string}\"},\"query-input\":{\"@type\":\"PropertyValueSpecification\",\"valueRequired\":true,\"valueName\":\"search_term_string\"}}],\"inLanguage\":\"en-US\"},{\"@type\":\"Organization\",\"@id\":\"https:\\\/\\\/www.garciavarona.com\\\/en\\\/#organization\",\"name\":\"Maderas Garcia Varona\",\"url\":\"https:\\\/\\\/www.garciavarona.com\\\/en\\\/\",\"logo\":{\"@type\":\"ImageObject\",\"inLanguage\":\"en-US\",\"@id\":\"https:\\\/\\\/www.garciavarona.com\\\/en\\\/#\\\/schema\\\/logo\\\/image\\\/\",\"url\":\"https:\\\/\\\/www.garciavarona.com\\\/wp-content\\\/uploads\\\/2022\\\/06\\\/logoGarciaVarona.svg\",\"contentUrl\":\"https:\\\/\\\/www.garciavarona.com\\\/wp-content\\\/uploads\\\/2022\\\/06\\\/logoGarciaVarona.svg\",\"width\":1020,\"height\":200,\"caption\":\"Maderas Garcia Varona\"},\"image\":{\"@id\":\"https:\\\/\\\/www.garciavarona.com\\\/en\\\/#\\\/schema\\\/logo\\\/image\\\/\"},\"sameAs\":[\"https:\\\/\\\/www.facebook.com\\\/maderasgarciavaronagrupo\",\"https:\\\/\\\/x.com\\\/maderasvaronars\",\"https:\\\/\\\/www.instagram.com\\\/maderasgarciavarona\\\/\",\"https:\\\/\\\/www.linkedin.com\\\/company\\\/maderas-garcia-varona\\\/\",\"https:\\\/\\\/www.youtube.com\\\/channel\\\/UCGUEME06N_h66pB2coJC83w\\\/featured\"]}]}<\/script>\n<!-- \/ Yoast SEO plugin. -->","yoast_head_json":{"title":"Rodaja de madera de roble decorativa. Entre 25 y 30 cm de di\u00e1metro","description":"Rodaja de madera de roble decorativa. Medidas: 5 cm de grosor y entre 25 y 30 cm de di\u00e1metro, seg\u00fan disponibilidad. Paquete 5 unidades. Decoraci\u00f3n r\u00fastica.","robots":{"index":"index","follow":"follow","max-snippet":"max-snippet:-1","max-image-preview":"max-image-preview:large","max-video-preview":"max-video-preview:-1"},"canonical":"https:\/\/www.garciavarona.com\/en\/producto\/rodaja-de-madera-de-roble-de-25-30-cm-para-uso-decorativo\/","og_locale":"en_US","og_type":"article","og_title":"Rodaja de madera de roble decorativa. Entre 25 y 30 cm de di\u00e1metro","og_description":"Rodaja de madera de roble decorativa. Medidas: 5 cm de grosor y entre 25 y 30 cm de di\u00e1metro, seg\u00fan disponibilidad. Paquete 5 unidades. Decoraci\u00f3n r\u00fastica.","og_url":"https:\/\/www.garciavarona.com\/en\/producto\/rodaja-de-madera-de-roble-de-25-30-cm-para-uso-decorativo\/","og_site_name":"Maderas Garcia Varona","article_publisher":"https:\/\/www.facebook.com\/maderasgarciavaronagrupo","article_modified_time":"2023-05-02T20:28:12+00:00","og_image":[{"width":525,"height":525,"url":"https:\/\/www.garciavarona.com\/wp-content\/uploads\/2021\/01\/1387-Rodaja-de-madera-de-roble-de-25-30-cm-para-uso-decorativo.jpg","type":"image\/jpeg"}],"twitter_card":"summary_large_image","twitter_site":"@maderasvaronars","twitter_misc":{"Est. reading time":"1 minute"},"schema":{"@context":"https:\/\/schema.org","@graph":[{"@type":["WebPage","ItemPage"],"@id":"https:\/\/www.garciavarona.com\/en\/producto\/rodaja-de-madera-de-roble-de-25-30-cm-para-uso-decorativo\/","url":"https:\/\/www.garciavarona.com\/en\/producto\/rodaja-de-madera-de-roble-de-25-30-cm-para-uso-decorativo\/","name":"Rodaja de madera de roble decorativa. Entre 25 y 30 cm de di\u00e1metro","isPartOf":{"@id":"https:\/\/www.garciavarona.com\/en\/#website"},"primaryImageOfPage":{"@id":"https:\/\/www.garciavarona.com\/en\/producto\/rodaja-de-madera-de-roble-de-25-30-cm-para-uso-decorativo\/#primaryimage"},"image":{"@id":"https:\/\/www.garciavarona.com\/en\/producto\/rodaja-de-madera-de-roble-de-25-30-cm-para-uso-decorativo\/#primaryimage"},"thumbnailUrl":"https:\/\/www.garciavarona.com\/wp-content\/uploads\/2021\/01\/1387-Rodaja-de-madera-de-roble-de-25-30-cm-para-uso-decorativo.jpg","datePublished":"2021-01-21T14:34:00+00:00","dateModified":"2023-05-02T20:28:12+00:00","description":"Rodaja de madera de roble decorativa. Medidas: 5 cm de grosor y entre 25 y 30 cm de di\u00e1metro, seg\u00fan disponibilidad. Paquete 5 unidades. Decoraci\u00f3n r\u00fastica.","breadcrumb":{"@id":"https:\/\/www.garciavarona.com\/en\/producto\/rodaja-de-madera-de-roble-de-25-30-cm-para-uso-decorativo\/#breadcrumb"},"inLanguage":"en-US","potentialAction":[{"@type":"ReadAction","target":["https:\/\/www.garciavarona.com\/en\/producto\/rodaja-de-madera-de-roble-de-25-30-cm-para-uso-decorativo\/"]}]},{"@type":"ImageObject","inLanguage":"en-US","@id":"https:\/\/www.garciavarona.com\/en\/producto\/rodaja-de-madera-de-roble-de-25-30-cm-para-uso-decorativo\/#primaryimage","url":"https:\/\/www.garciavarona.com\/wp-content\/uploads\/2021\/01\/1387-Rodaja-de-madera-de-roble-de-25-30-cm-para-uso-decorativo.jpg","contentUrl":"https:\/\/www.garciavarona.com\/wp-content\/uploads\/2021\/01\/1387-Rodaja-de-madera-de-roble-de-25-30-cm-para-uso-decorativo.jpg","width":525,"height":525,"caption":"Rodaja de madera de roble de 25-30 cm para uso decorativo"},{"@type":"BreadcrumbList","@id":"https:\/\/www.garciavarona.com\/en\/producto\/rodaja-de-madera-de-roble-de-25-30-cm-para-uso-decorativo\/#breadcrumb","itemListElement":[{"@type":"ListItem","position":1,"name":"Portada","item":"https:\/\/www.garciavarona.com\/en\/"},{"@type":"ListItem","position":2,"name":"Tienda Maderas Garc\u00eda Varona","item":"https:\/\/www.garciavarona.com\/tienda\/"},{"@type":"ListItem","position":3,"name":"Rodaja de madera de roble de 25-35 cm, paquete 5 unidades"}]},{"@type":"WebSite","@id":"https:\/\/www.garciavarona.com\/en\/#website","url":"https:\/\/www.garciavarona.com\/en\/","name":"Maderas Garcia Varona","description":"Fabrica y Aserradero de Madera. Expertos en Madera","publisher":{"@id":"https:\/\/www.garciavarona.com\/en\/#organization"},"potentialAction":[{"@type":"SearchAction","target":{"@type":"EntryPoint","urlTemplate":"https:\/\/www.garciavarona.com\/en\/?s={search_term_string}"},"query-input":{"@type":"PropertyValueSpecification","valueRequired":true,"valueName":"search_term_string"}}],"inLanguage":"en-US"},{"@type":"Organization","@id":"https:\/\/www.garciavarona.com\/en\/#organization","name":"Maderas Garcia Varona","url":"https:\/\/www.garciavarona.com\/en\/","logo":{"@type":"ImageObject","inLanguage":"en-US","@id":"https:\/\/www.garciavarona.com\/en\/#\/schema\/logo\/image\/","url":"https:\/\/www.garciavarona.com\/wp-content\/uploads\/2022\/06\/logoGarciaVarona.svg","contentUrl":"https:\/\/www.garciavarona.com\/wp-content\/uploads\/2022\/06\/logoGarciaVarona.svg","width":1020,"height":200,"caption":"Maderas Garcia Varona"},"image":{"@id":"https:\/\/www.garciavarona.com\/en\/#\/schema\/logo\/image\/"},"sameAs":["https:\/\/www.facebook.com\/maderasgarciavaronagrupo","https:\/\/x.com\/maderasvaronars","https:\/\/www.instagram.com\/maderasgarciavarona\/","https:\/\/www.linkedin.com\/company\/maderas-garcia-varona\/","https:\/\/www.youtube.com\/channel\/UCGUEME06N_h66pB2coJC83w\/featured"]}]}},"_links":{"self":[{"href":"https:\/\/www.garciavarona.com\/en\/wp-json\/wp\/v2\/product\/12625","targetHints":{"allow":["GET"]}}],"collection":[{"href":"https:\/\/www.garciavarona.com\/en\/wp-json\/wp\/v2\/product"}],"about":[{"href":"https:\/\/www.garciavarona.com\/en\/wp-json\/wp\/v2\/types\/product"}],"version-history":[{"count":2,"href":"https:\/\/www.garciavarona.com\/en\/wp-json\/wp\/v2\/product\/12625\/revisions"}],"predecessor-version":[{"id":14578,"href":"https:\/\/www.garciavarona.com\/en\/wp-json\/wp\/v2\/product\/12625\/revisions\/14578"}],"wp:featuredmedia":[{"embeddable":true,"href":"https:\/\/www.garciavarona.com\/en\/wp-json\/wp\/v2\/media\/12619"}],"wp:attachment":[{"href":"https:\/\/www.garciavarona.com\/en\/wp-json\/wp\/v2\/media?parent=12625"}],"wp:term":[{"taxonomy":"product_brand","embeddable":true,"href":"https:\/\/www.garciavarona.com\/en\/wp-json\/wp\/v2\/product_brand?post=12625"},{"taxonomy":"product_cat","embeddable":true,"href":"https:\/\/www.garciavarona.com\/en\/wp-json\/wp\/v2\/product_cat?post=12625"},{"taxonomy":"product_tag","embeddable":true,"href":"https:\/\/www.garciavarona.com\/en\/wp-json\/wp\/v2\/product_tag?post=12625"}],"curies":[{"name":"wp","href":"https:\/\/api.w.org\/{rel}","templated":true}]}}