{"id":12667,"date":"2021-02-02T12:34:17","date_gmt":"2021-02-02T12:34:17","guid":{"rendered":"https:\/\/pruebas.garciavarona.com\/producto\/bolsa-cinturon-portaherramientas\/"},"modified":"2022-08-11T06:01:43","modified_gmt":"2022-08-11T06:01:43","slug":"bolsa-cinturon-portaherramientas","status":"publish","type":"product","link":"https:\/\/www.garciavarona.com\/en\/producto\/bolsa-cinturon-portaherramientas\/","title":{"rendered":"Bolsa portaherramientas de cintur\u00f3n Fixing Systems"},"content":{"rendered":"<h1>Bolsa portaherramientas de cintur\u00f3n Fixing Systems<\/h1>\n<p>Bolsa portaherramientas de cintur\u00f3n de la marca Fixing Systems. Material: piel aut\u00e9ntica. Cintur\u00f3n no incluido.<\/p>\n<p>Bolsa de cintur\u00f3n para herramientas de cuero. Tama\u00f1o: 26&#215;33 cm. Compatible con cinturores de hasta 8 cm de anchura.<\/p>\n","protected":false},"excerpt":{"rendered":"<p>Bolsa de cintur\u00f3n para herramientas; de cuero. No incluye cintur\u00f3n.<\/p>\n","protected":false},"featured_media":12663,"template":"","meta":[],"product_brand":[],"product_cat":[790,757,794],"product_tag":[1349,1354,1353,1348,1350,1347,1351,1352],"class_list":{"0":"post-12667","1":"product","2":"type-product","3":"status-publish","4":"has-post-thumbnail","6":"product_cat-complementos-de-madera","7":"product_cat-outlet-de-madera","8":"product_cat-herrajes-y-complementos","9":"product_tag-bolsa-de-cinturon-para-herramien","10":"product_tag-bolsa-de-herramientas-de-cuero","11":"product_tag-bolsa-para-herramientas","12":"product_tag-bolsa-portaherramientas","13":"product_tag-cinturon-para-herramientas","14":"product_tag-portaherramientas","15":"product_tag-portaherramientas-de-cuero","16":"product_tag-portaherramientas-de-piel","18":"first","19":"instock","20":"sale","21":"taxable","22":"shipping-taxable","23":"purchasable","24":"product-type-simple"},"yoast_head":"<!-- This site is optimized with the Yoast SEO plugin v27.3 - https:\/\/yoast.com\/product\/yoast-seo-wordpress\/ -->\n<title>Bolsa de cintur\u00f3n para herramientas de cuero.Compatible con cinturores<\/title>\n<meta name=\"description\" content=\"Bolsa de cintur\u00f3n para herramientas de cuero. Compatible con cinturores de hasta 8 cm. Bolsa portaherramientas de cintur\u00f3n Fixing Systems. Cintur\u00f3n no incluido\" \/>\n<meta name=\"robots\" content=\"index, follow, max-snippet:-1, max-image-preview:large, max-video-preview:-1\" \/>\n<link rel=\"canonical\" href=\"https:\/\/www.garciavarona.com\/en\/producto\/bolsa-cinturon-portaherramientas\/\" \/>\n<meta property=\"og:locale\" content=\"en_US\" \/>\n<meta property=\"og:type\" content=\"article\" \/>\n<meta property=\"og:title\" content=\"Bolsa de cintur\u00f3n para herramientas de cuero.Compatible con cinturores\" \/>\n<meta property=\"og:description\" content=\"Bolsa de cintur\u00f3n para herramientas de cuero. Compatible con cinturores de hasta 8 cm. Bolsa portaherramientas de cintur\u00f3n Fixing Systems. Cintur\u00f3n no incluido\" \/>\n<meta property=\"og:url\" content=\"https:\/\/www.garciavarona.com\/en\/producto\/bolsa-cinturon-portaherramientas\/\" \/>\n<meta property=\"og:site_name\" content=\"Maderas Garcia Varona\" \/>\n<meta property=\"article:publisher\" content=\"https:\/\/www.facebook.com\/maderasgarciavaronagrupo\" \/>\n<meta property=\"article:modified_time\" content=\"2022-08-11T06:01:43+00:00\" \/>\n<meta property=\"og:image\" content=\"https:\/\/www.garciavarona.com\/wp-content\/uploads\/2021\/02\/1286-Bolsa-portaherramientas-de-cinturon-Fixing-Systems.jpg\" \/>\n\t<meta property=\"og:image:width\" content=\"525\" \/>\n\t<meta property=\"og:image:height\" content=\"525\" \/>\n\t<meta property=\"og:image:type\" content=\"image\/jpeg\" \/>\n<meta name=\"twitter:card\" content=\"summary_large_image\" \/>\n<meta name=\"twitter:site\" content=\"@maderasvaronars\" \/>\n<script type=\"application\/ld+json\" class=\"yoast-schema-graph\">{\"@context\":\"https:\\\/\\\/schema.org\",\"@graph\":[{\"@type\":[\"WebPage\",\"ItemPage\"],\"@id\":\"https:\\\/\\\/www.garciavarona.com\\\/en\\\/producto\\\/bolsa-cinturon-portaherramientas\\\/\",\"url\":\"https:\\\/\\\/www.garciavarona.com\\\/en\\\/producto\\\/bolsa-cinturon-portaherramientas\\\/\",\"name\":\"Bolsa de cintur\u00f3n para herramientas de cuero.Compatible con cinturores\",\"isPartOf\":{\"@id\":\"https:\\\/\\\/www.garciavarona.com\\\/en\\\/#website\"},\"primaryImageOfPage\":{\"@id\":\"https:\\\/\\\/www.garciavarona.com\\\/en\\\/producto\\\/bolsa-cinturon-portaherramientas\\\/#primaryimage\"},\"image\":{\"@id\":\"https:\\\/\\\/www.garciavarona.com\\\/en\\\/producto\\\/bolsa-cinturon-portaherramientas\\\/#primaryimage\"},\"thumbnailUrl\":\"https:\\\/\\\/www.garciavarona.com\\\/wp-content\\\/uploads\\\/2021\\\/02\\\/1286-Bolsa-portaherramientas-de-cinturon-Fixing-Systems.jpg\",\"datePublished\":\"2021-02-02T12:34:17+00:00\",\"dateModified\":\"2022-08-11T06:01:43+00:00\",\"description\":\"Bolsa de cintur\u00f3n para herramientas de cuero. Compatible con cinturores de hasta 8 cm. Bolsa portaherramientas de cintur\u00f3n Fixing Systems. Cintur\u00f3n no incluido\",\"breadcrumb\":{\"@id\":\"https:\\\/\\\/www.garciavarona.com\\\/en\\\/producto\\\/bolsa-cinturon-portaherramientas\\\/#breadcrumb\"},\"inLanguage\":\"en-US\",\"potentialAction\":[{\"@type\":\"ReadAction\",\"target\":[\"https:\\\/\\\/www.garciavarona.com\\\/en\\\/producto\\\/bolsa-cinturon-portaherramientas\\\/\"]}]},{\"@type\":\"ImageObject\",\"inLanguage\":\"en-US\",\"@id\":\"https:\\\/\\\/www.garciavarona.com\\\/en\\\/producto\\\/bolsa-cinturon-portaherramientas\\\/#primaryimage\",\"url\":\"https:\\\/\\\/www.garciavarona.com\\\/wp-content\\\/uploads\\\/2021\\\/02\\\/1286-Bolsa-portaherramientas-de-cinturon-Fixing-Systems.jpg\",\"contentUrl\":\"https:\\\/\\\/www.garciavarona.com\\\/wp-content\\\/uploads\\\/2021\\\/02\\\/1286-Bolsa-portaherramientas-de-cinturon-Fixing-Systems.jpg\",\"width\":525,\"height\":525,\"caption\":\"Bolsa portaherramientas de cintur\u00f3n Fixing Systems\"},{\"@type\":\"BreadcrumbList\",\"@id\":\"https:\\\/\\\/www.garciavarona.com\\\/en\\\/producto\\\/bolsa-cinturon-portaherramientas\\\/#breadcrumb\",\"itemListElement\":[{\"@type\":\"ListItem\",\"position\":1,\"name\":\"Portada\",\"item\":\"https:\\\/\\\/www.garciavarona.com\\\/en\\\/\"},{\"@type\":\"ListItem\",\"position\":2,\"name\":\"Tienda Maderas Garc\u00eda Varona\",\"item\":\"https:\\\/\\\/www.garciavarona.com\\\/tienda\\\/\"},{\"@type\":\"ListItem\",\"position\":3,\"name\":\"Bolsa portaherramientas de cintur\u00f3n Fixing Systems\"}]},{\"@type\":\"WebSite\",\"@id\":\"https:\\\/\\\/www.garciavarona.com\\\/en\\\/#website\",\"url\":\"https:\\\/\\\/www.garciavarona.com\\\/en\\\/\",\"name\":\"Maderas Garcia Varona\",\"description\":\"Fabrica y Aserradero de Madera. Expertos en Madera\",\"publisher\":{\"@id\":\"https:\\\/\\\/www.garciavarona.com\\\/en\\\/#organization\"},\"potentialAction\":[{\"@type\":\"SearchAction\",\"target\":{\"@type\":\"EntryPoint\",\"urlTemplate\":\"https:\\\/\\\/www.garciavarona.com\\\/en\\\/?s={search_term_string}\"},\"query-input\":{\"@type\":\"PropertyValueSpecification\",\"valueRequired\":true,\"valueName\":\"search_term_string\"}}],\"inLanguage\":\"en-US\"},{\"@type\":\"Organization\",\"@id\":\"https:\\\/\\\/www.garciavarona.com\\\/en\\\/#organization\",\"name\":\"Maderas Garcia Varona\",\"url\":\"https:\\\/\\\/www.garciavarona.com\\\/en\\\/\",\"logo\":{\"@type\":\"ImageObject\",\"inLanguage\":\"en-US\",\"@id\":\"https:\\\/\\\/www.garciavarona.com\\\/en\\\/#\\\/schema\\\/logo\\\/image\\\/\",\"url\":\"https:\\\/\\\/www.garciavarona.com\\\/wp-content\\\/uploads\\\/2022\\\/06\\\/logoGarciaVarona.svg\",\"contentUrl\":\"https:\\\/\\\/www.garciavarona.com\\\/wp-content\\\/uploads\\\/2022\\\/06\\\/logoGarciaVarona.svg\",\"width\":1020,\"height\":200,\"caption\":\"Maderas Garcia Varona\"},\"image\":{\"@id\":\"https:\\\/\\\/www.garciavarona.com\\\/en\\\/#\\\/schema\\\/logo\\\/image\\\/\"},\"sameAs\":[\"https:\\\/\\\/www.facebook.com\\\/maderasgarciavaronagrupo\",\"https:\\\/\\\/x.com\\\/maderasvaronars\",\"https:\\\/\\\/www.instagram.com\\\/maderasgarciavarona\\\/\",\"https:\\\/\\\/www.linkedin.com\\\/company\\\/maderas-garcia-varona\\\/\",\"https:\\\/\\\/www.youtube.com\\\/channel\\\/UCGUEME06N_h66pB2coJC83w\\\/featured\"]}]}<\/script>\n<!-- \/ Yoast SEO plugin. -->","yoast_head_json":{"title":"Bolsa de cintur\u00f3n para herramientas de cuero.Compatible con cinturores","description":"Bolsa de cintur\u00f3n para herramientas de cuero. Compatible con cinturores de hasta 8 cm. Bolsa portaherramientas de cintur\u00f3n Fixing Systems. Cintur\u00f3n no incluido","robots":{"index":"index","follow":"follow","max-snippet":"max-snippet:-1","max-image-preview":"max-image-preview:large","max-video-preview":"max-video-preview:-1"},"canonical":"https:\/\/www.garciavarona.com\/en\/producto\/bolsa-cinturon-portaherramientas\/","og_locale":"en_US","og_type":"article","og_title":"Bolsa de cintur\u00f3n para herramientas de cuero.Compatible con cinturores","og_description":"Bolsa de cintur\u00f3n para herramientas de cuero. Compatible con cinturores de hasta 8 cm. Bolsa portaherramientas de cintur\u00f3n Fixing Systems. Cintur\u00f3n no incluido","og_url":"https:\/\/www.garciavarona.com\/en\/producto\/bolsa-cinturon-portaherramientas\/","og_site_name":"Maderas Garcia Varona","article_publisher":"https:\/\/www.facebook.com\/maderasgarciavaronagrupo","article_modified_time":"2022-08-11T06:01:43+00:00","og_image":[{"width":525,"height":525,"url":"https:\/\/www.garciavarona.com\/wp-content\/uploads\/2021\/02\/1286-Bolsa-portaherramientas-de-cinturon-Fixing-Systems.jpg","type":"image\/jpeg"}],"twitter_card":"summary_large_image","twitter_site":"@maderasvaronars","schema":{"@context":"https:\/\/schema.org","@graph":[{"@type":["WebPage","ItemPage"],"@id":"https:\/\/www.garciavarona.com\/en\/producto\/bolsa-cinturon-portaherramientas\/","url":"https:\/\/www.garciavarona.com\/en\/producto\/bolsa-cinturon-portaherramientas\/","name":"Bolsa de cintur\u00f3n para herramientas de cuero.Compatible con cinturores","isPartOf":{"@id":"https:\/\/www.garciavarona.com\/en\/#website"},"primaryImageOfPage":{"@id":"https:\/\/www.garciavarona.com\/en\/producto\/bolsa-cinturon-portaherramientas\/#primaryimage"},"image":{"@id":"https:\/\/www.garciavarona.com\/en\/producto\/bolsa-cinturon-portaherramientas\/#primaryimage"},"thumbnailUrl":"https:\/\/www.garciavarona.com\/wp-content\/uploads\/2021\/02\/1286-Bolsa-portaherramientas-de-cinturon-Fixing-Systems.jpg","datePublished":"2021-02-02T12:34:17+00:00","dateModified":"2022-08-11T06:01:43+00:00","description":"Bolsa de cintur\u00f3n para herramientas de cuero. Compatible con cinturores de hasta 8 cm. Bolsa portaherramientas de cintur\u00f3n Fixing Systems. Cintur\u00f3n no incluido","breadcrumb":{"@id":"https:\/\/www.garciavarona.com\/en\/producto\/bolsa-cinturon-portaherramientas\/#breadcrumb"},"inLanguage":"en-US","potentialAction":[{"@type":"ReadAction","target":["https:\/\/www.garciavarona.com\/en\/producto\/bolsa-cinturon-portaherramientas\/"]}]},{"@type":"ImageObject","inLanguage":"en-US","@id":"https:\/\/www.garciavarona.com\/en\/producto\/bolsa-cinturon-portaherramientas\/#primaryimage","url":"https:\/\/www.garciavarona.com\/wp-content\/uploads\/2021\/02\/1286-Bolsa-portaherramientas-de-cinturon-Fixing-Systems.jpg","contentUrl":"https:\/\/www.garciavarona.com\/wp-content\/uploads\/2021\/02\/1286-Bolsa-portaherramientas-de-cinturon-Fixing-Systems.jpg","width":525,"height":525,"caption":"Bolsa portaherramientas de cintur\u00f3n Fixing Systems"},{"@type":"BreadcrumbList","@id":"https:\/\/www.garciavarona.com\/en\/producto\/bolsa-cinturon-portaherramientas\/#breadcrumb","itemListElement":[{"@type":"ListItem","position":1,"name":"Portada","item":"https:\/\/www.garciavarona.com\/en\/"},{"@type":"ListItem","position":2,"name":"Tienda Maderas Garc\u00eda Varona","item":"https:\/\/www.garciavarona.com\/tienda\/"},{"@type":"ListItem","position":3,"name":"Bolsa portaherramientas de cintur\u00f3n Fixing Systems"}]},{"@type":"WebSite","@id":"https:\/\/www.garciavarona.com\/en\/#website","url":"https:\/\/www.garciavarona.com\/en\/","name":"Maderas Garcia Varona","description":"Fabrica y Aserradero de Madera. Expertos en Madera","publisher":{"@id":"https:\/\/www.garciavarona.com\/en\/#organization"},"potentialAction":[{"@type":"SearchAction","target":{"@type":"EntryPoint","urlTemplate":"https:\/\/www.garciavarona.com\/en\/?s={search_term_string}"},"query-input":{"@type":"PropertyValueSpecification","valueRequired":true,"valueName":"search_term_string"}}],"inLanguage":"en-US"},{"@type":"Organization","@id":"https:\/\/www.garciavarona.com\/en\/#organization","name":"Maderas Garcia Varona","url":"https:\/\/www.garciavarona.com\/en\/","logo":{"@type":"ImageObject","inLanguage":"en-US","@id":"https:\/\/www.garciavarona.com\/en\/#\/schema\/logo\/image\/","url":"https:\/\/www.garciavarona.com\/wp-content\/uploads\/2022\/06\/logoGarciaVarona.svg","contentUrl":"https:\/\/www.garciavarona.com\/wp-content\/uploads\/2022\/06\/logoGarciaVarona.svg","width":1020,"height":200,"caption":"Maderas Garcia Varona"},"image":{"@id":"https:\/\/www.garciavarona.com\/en\/#\/schema\/logo\/image\/"},"sameAs":["https:\/\/www.facebook.com\/maderasgarciavaronagrupo","https:\/\/x.com\/maderasvaronars","https:\/\/www.instagram.com\/maderasgarciavarona\/","https:\/\/www.linkedin.com\/company\/maderas-garcia-varona\/","https:\/\/www.youtube.com\/channel\/UCGUEME06N_h66pB2coJC83w\/featured"]}]}},"_links":{"self":[{"href":"https:\/\/www.garciavarona.com\/en\/wp-json\/wp\/v2\/product\/12667","targetHints":{"allow":["GET"]}}],"collection":[{"href":"https:\/\/www.garciavarona.com\/en\/wp-json\/wp\/v2\/product"}],"about":[{"href":"https:\/\/www.garciavarona.com\/en\/wp-json\/wp\/v2\/types\/product"}],"version-history":[{"count":1,"href":"https:\/\/www.garciavarona.com\/en\/wp-json\/wp\/v2\/product\/12667\/revisions"}],"predecessor-version":[{"id":13766,"href":"https:\/\/www.garciavarona.com\/en\/wp-json\/wp\/v2\/product\/12667\/revisions\/13766"}],"wp:featuredmedia":[{"embeddable":true,"href":"https:\/\/www.garciavarona.com\/en\/wp-json\/wp\/v2\/media\/12663"}],"wp:attachment":[{"href":"https:\/\/www.garciavarona.com\/en\/wp-json\/wp\/v2\/media?parent=12667"}],"wp:term":[{"taxonomy":"product_brand","embeddable":true,"href":"https:\/\/www.garciavarona.com\/en\/wp-json\/wp\/v2\/product_brand?post=12667"},{"taxonomy":"product_cat","embeddable":true,"href":"https:\/\/www.garciavarona.com\/en\/wp-json\/wp\/v2\/product_cat?post=12667"},{"taxonomy":"product_tag","embeddable":true,"href":"https:\/\/www.garciavarona.com\/en\/wp-json\/wp\/v2\/product_tag?post=12667"}],"curies":[{"name":"wp","href":"https:\/\/api.w.org\/{rel}","templated":true}]}}