{"id":12686,"date":"2021-03-31T14:20:59","date_gmt":"2021-03-31T14:20:59","guid":{"rendered":"https:\/\/pruebas.garciavarona.com\/producto\/tablero-aglomerado-hidrofugo-mp5\/"},"modified":"2026-02-27T09:42:52","modified_gmt":"2026-02-27T08:42:52","slug":"tablero-aglomerado-hidrofugo-mp5","status":"publish","type":"product","link":"https:\/\/www.garciavarona.com\/en\/producto\/tablero-aglomerado-hidrofugo-mp5\/","title":{"rendered":"Tablero aglomerado hidr\u00f3fugo MP5"},"content":{"rendered":"<h1>Tablero aglomerado hidr\u00f3fugo machihembrado MP5<\/h1>\n<p><strong>Tablero de part\u00edculas para uso estructural<\/strong> categor\u00eda P5 color verde. <span style=\"color: #333333;\">Mayor resistencia a la flexi\u00f3n y mayor densidad.<strong> Tablero aglomerado hidr\u00f3fugo<\/strong> machihembrado a cuatro lados. Precio por unidad. Tama\u00f1o del tablero 2040 x 910 mm. <\/span><\/p>\n<p>Espesores disponibles:<\/p>\n<ul>\n<li>16 mm de grosor<\/li>\n<li>19 mm de grosor<\/li>\n<li>22 mm de grosor<\/li>\n<\/ul>\n<p>El <strong>Tablero aglomerado hidr\u00f3fugo<\/strong> es utilizado habitualmente en entablerados de cubiertas, forjados y otros usos.<\/p>\n<p><span style=\"color: #333333;\"><strong>Tablero aglomerado hidr\u00f3fugo perfilado TG4<\/strong><\/span><\/p>\n<p>Clasificaci\u00f3n P5: aplicaciones de interior en ambiente h\u00famedo.<\/p>\n<p>TG4: perfilado a los cuatro lados.<\/p>\n<p>E1: bajo contenido en formaldehido.<\/p>\n<p>Se fabrica mediante la aplicaci\u00f3n de presi\u00f3n y calor sobre part\u00edculas de madera (serr\u00edn, virutas y similares) junto con otros materiales como fibras de c\u00e1\u00f1amo, lino, bagazo y similares, a\u00f1adiendo un adhesivo. Por lo tanto, el <strong>tablero perfilado,<\/strong> al contar con ranura y leng\u00fceta, facilita su instalaci\u00f3n en las obras.<\/p>\n<p>Este tablero en su versi\u00f3n hidr\u00f3fuga permite su uso en ambientes ligeramente h\u00famedos, porque evita que sus part\u00edculas se desintegren por la humedad. Esta opci\u00f3n hace que sea v\u00e1lido su uso en ambientes h\u00famedos, pero no es un producto que se pueda mojar ya que su resistencia a la humedad es muy baja.<\/p>\n<p>Por tanto, el tablero aglomerado hidr\u00f3fugo es una soluci\u00f3n econ\u00f3mica para obras en las que no se quiere hacer una gran inversi\u00f3n, superficies no vistas o como soporte de materiales m\u00e1s nobles.<\/p>\n<h3>APLICACIONES<\/h3>\n<p>Carpinter\u00eda &#8211; mobiliario &#8211; decoraci\u00f3n<\/p>\n<ul>\n<li>Fabricaci\u00f3n de puertas<\/li>\n<li>Fabricaci\u00f3n de muebles<\/li>\n<li>Muebles divisorios y mamparas<\/li>\n<li>Suelos<\/li>\n<li>Rodapi\u00e9s, z\u00f3calos, etc.<\/li>\n<li>Divisiones interiores, tabiques<\/li>\n<li>Doblado de paredes<\/li>\n<li>Falsos techos<\/li>\n<\/ul>\n<p>Estructurales<\/p>\n<ul>\n<li>Base de cubiertas<\/li>\n<li>Prefabricados<\/li>\n<li>Base de suelos<\/li>\n<li>Encofrados<\/li>\n<li>Elaboraci\u00f3n de vigas caj\u00f3n o casetones<\/li>\n<li>Paneles sandwich<\/li>\n<\/ul>\n<h3>PROPIEDADES<\/h3>\n<p>(fuente AITIM)<\/p>\n<ul>\n<li>Hinchaz\u00f3n &#8211; Estabilidad dimensional. Se pueden producir variaciones dimensionales, principalmente en el espesor, si no se controlan las condiciones ambientales de sus aplicaciones. En algunas aplicaciones se recomienda utilizar tableros de part\u00edculas resistentes a la humedad.<\/li>\n<li>Resistencia a la humedad relativamente baja debido a la porosidad del tablero y a su propia\u00a0 constituci\u00f3n. Se puede mejorar con la incorporaci\u00f3n de productos especiales durante su fabricaci\u00f3n. La denominaci\u00f3n comercial &#8220;hidr\u00f3fugos&#8221; es incorrecta, se trata de tableros\u00a0 resistentes a la humedad. No son apropiados para ser expuestos a la intemperie sin protecciones adecuadas.<\/li>\n<li>Conductividad t\u00e9rmica. Al igual que la madera maciza se caracteriza por ser un mal\u00a0 conductor de la temperatura. Los valores de la conductividad t\u00e9rmica (Kcal\/mh \u00baC = W\/ (m\u00d7K)) en funci\u00f3n de la densidad del tablero (kg\/m3) son: 0,07 para una densidad de 300, 0,12 para 600, y 0,18 para 900.<\/li>\n<li>Aislamiento ac\u00fastico. Al igual que la madera maciza estos tableros no tienen buenas propiedades de aislamiento ac\u00fastico, aunque se pueden mejorar incorporando masa al tablero o uni\u00e9ndolo a otros elementos que tengan mejores comportamientos (paneles s\u00e1ndwich). Para espesores de 10 a 16 mm se obtiene un aislamiento ac\u00fastico de 25 dbA, y de 27 dbA para espesores de 22 a 30 mm.<\/li>\n<li>Reacci\u00f3n al fuego<\/li>\n<\/ul>\n<blockquote>\n<ol>\n<li>Clasificaci\u00f3n espa\u00f1ola &#8211; Epirradiador: var\u00eda en funci\u00f3n del espesor y especie, M-4 para\u00a0 espesores inferiores a 14 mm y M-3 si son superiores a 14 mm; con tratamientos ignifugantes M-1 y M-2.<\/li>\n<li>Euroclases &#8211; SBI: espesores superiores a 9 mm con una densidad m\u00ednima de 600 kg\/m3, D- s2, d0; DFL-s1.<\/li>\n<li>Con tratamientos ignifugantes mejoran sus prestaciones.<\/li>\n<\/ol>\n<\/blockquote>\n<ul>\n<li>Contenido de formaldeh\u00eddo. Bajo contenido en formaldeh\u00eddo \u00a3 8; clase 1 &gt; 8; clase 2 \u00a3 30 expresados en mg de HCHO\/100 g de tablero absolutamente seco.<\/li>\n<li>Comportamiento frente a los agentes biol\u00f3gicos. En funci\u00f3n de las clases de riesgo en que se encuentren pueden ser degradados por los hongos xil\u00f3fagos y las termitas. Debido a su constituci\u00f3n no son atacados por insectos xil\u00f3fagos de ciclo larvario (carcomas, polillas, etc.). En consecuencia, su comportamiento se puede mejorar mediante su protecci\u00f3n superficial, media o profunda. Ver bloque \u201cProtecci\u00f3n de la madera\u201d.<\/li>\n<li>Propiedades estructurales. Sus valores caracter\u00edsticos generales est\u00e1n recogidos en la norma UNE EN 12.369 -1. El fabricante puede suministrar los valores caracter\u00edsticos particulares de sus tableros.<\/li>\n<\/ul>\n","protected":false},"excerpt":{"rendered":"<p>Tablero de aglomerado hidr\u00f3fugo y machihembrado. Precio unidad.<\/p>\n","protected":false},"featured_media":12684,"template":"","meta":[],"product_brand":[],"product_cat":[772,755],"product_tag":[1528,1529,1532,1535,1530,1531,1534,1533],"class_list":{"0":"post-12686","1":"product","2":"type-product","3":"status-publish","4":"has-post-thumbnail","6":"product_cat-cubiertas-y-aislamientos-de-madera","7":"product_cat-construccion","8":"product_tag-tablero-aglomerado","9":"product_tag-tablero-aglomerado-hidrofugo","10":"product_tag-tablero-de-particulas","11":"product_tag-tablero-estructural","12":"product_tag-tablero-machihembrado","13":"product_tag-tablero-mp5","14":"product_tag-tablero-para-uso-estructural","15":"product_tag-tablero-perfilado-tg4","16":"pa_grueso-16mm","17":"pa_grueso-19mm","18":"pa_grueso-22mm","20":"first","21":"instock","22":"taxable","23":"shipping-taxable","24":"purchasable","25":"product-type-variable","26":"has-default-attributes"},"yoast_head":"<!-- This site is optimized with the Yoast SEO plugin v27.3 - https:\/\/yoast.com\/product\/yoast-seo-wordpress\/ -->\n<title>Tablero aglomerado hidrofugo machihembrado MP5. Estructural.<\/title>\n<meta name=\"description\" content=\"Tablero aglomerado hidrofugo machihembrado MP5. Tablero de part\u00edculas para uso estructural P5 color verde. Machihembrado a cuatro lados. 2440x1220 mm.\" \/>\n<meta name=\"robots\" content=\"index, follow, max-snippet:-1, max-image-preview:large, max-video-preview:-1\" \/>\n<link rel=\"canonical\" href=\"https:\/\/www.garciavarona.com\/en\/producto\/tablero-aglomerado-hidrofugo-mp5\/\" \/>\n<meta property=\"og:locale\" content=\"en_US\" \/>\n<meta property=\"og:type\" content=\"article\" \/>\n<meta property=\"og:title\" content=\"Tablero aglomerado hidrofugo machihembrado MP5. Estructural.\" \/>\n<meta property=\"og:description\" content=\"Tablero aglomerado hidrofugo machihembrado MP5. Tablero de part\u00edculas para uso estructural P5 color verde. Machihembrado a cuatro lados. 2440x1220 mm.\" \/>\n<meta property=\"og:url\" content=\"https:\/\/www.garciavarona.com\/en\/producto\/tablero-aglomerado-hidrofugo-mp5\/\" \/>\n<meta property=\"og:site_name\" content=\"Maderas Garcia Varona\" \/>\n<meta property=\"article:publisher\" content=\"https:\/\/www.facebook.com\/maderasgarciavaronagrupo\" \/>\n<meta property=\"article:modified_time\" content=\"2026-02-27T08:42:52+00:00\" \/>\n<meta property=\"og:image\" content=\"https:\/\/www.garciavarona.com\/wp-content\/uploads\/2021\/03\/1312-Tablero-aglomerado-hidrofugo-MP5-de-19-mm-de-grosor.jpg\" \/>\n\t<meta property=\"og:image:width\" content=\"525\" \/>\n\t<meta property=\"og:image:height\" content=\"525\" \/>\n\t<meta property=\"og:image:type\" content=\"image\/jpeg\" \/>\n<meta name=\"twitter:card\" content=\"summary_large_image\" \/>\n<meta name=\"twitter:site\" content=\"@maderasvaronars\" \/>\n<meta name=\"twitter:label1\" content=\"Est. reading time\" \/>\n\t<meta name=\"twitter:data1\" content=\"3 minutes\" \/>\n<script type=\"application\/ld+json\" class=\"yoast-schema-graph\">{\"@context\":\"https:\\\/\\\/schema.org\",\"@graph\":[{\"@type\":[\"WebPage\",\"ItemPage\"],\"@id\":\"https:\\\/\\\/www.garciavarona.com\\\/en\\\/producto\\\/tablero-aglomerado-hidrofugo-mp5\\\/\",\"url\":\"https:\\\/\\\/www.garciavarona.com\\\/en\\\/producto\\\/tablero-aglomerado-hidrofugo-mp5\\\/\",\"name\":\"Tablero aglomerado hidrofugo machihembrado MP5. Estructural.\",\"isPartOf\":{\"@id\":\"https:\\\/\\\/www.garciavarona.com\\\/en\\\/#website\"},\"primaryImageOfPage\":{\"@id\":\"https:\\\/\\\/www.garciavarona.com\\\/en\\\/producto\\\/tablero-aglomerado-hidrofugo-mp5\\\/#primaryimage\"},\"image\":{\"@id\":\"https:\\\/\\\/www.garciavarona.com\\\/en\\\/producto\\\/tablero-aglomerado-hidrofugo-mp5\\\/#primaryimage\"},\"thumbnailUrl\":\"https:\\\/\\\/www.garciavarona.com\\\/wp-content\\\/uploads\\\/2021\\\/03\\\/1312-Tablero-aglomerado-hidrofugo-MP5-de-19-mm-de-grosor.jpg\",\"datePublished\":\"2021-03-31T14:20:59+00:00\",\"dateModified\":\"2026-02-27T08:42:52+00:00\",\"description\":\"Tablero aglomerado hidrofugo machihembrado MP5. Tablero de part\u00edculas para uso estructural P5 color verde. Machihembrado a cuatro lados. 2440x1220 mm.\",\"breadcrumb\":{\"@id\":\"https:\\\/\\\/www.garciavarona.com\\\/en\\\/producto\\\/tablero-aglomerado-hidrofugo-mp5\\\/#breadcrumb\"},\"inLanguage\":\"en-US\",\"potentialAction\":[{\"@type\":\"ReadAction\",\"target\":[\"https:\\\/\\\/www.garciavarona.com\\\/en\\\/producto\\\/tablero-aglomerado-hidrofugo-mp5\\\/\"]}]},{\"@type\":\"ImageObject\",\"inLanguage\":\"en-US\",\"@id\":\"https:\\\/\\\/www.garciavarona.com\\\/en\\\/producto\\\/tablero-aglomerado-hidrofugo-mp5\\\/#primaryimage\",\"url\":\"https:\\\/\\\/www.garciavarona.com\\\/wp-content\\\/uploads\\\/2021\\\/03\\\/1312-Tablero-aglomerado-hidrofugo-MP5-de-19-mm-de-grosor.jpg\",\"contentUrl\":\"https:\\\/\\\/www.garciavarona.com\\\/wp-content\\\/uploads\\\/2021\\\/03\\\/1312-Tablero-aglomerado-hidrofugo-MP5-de-19-mm-de-grosor.jpg\",\"width\":525,\"height\":525,\"caption\":\"Tablero aglomerado hidrofugo MP5 de 19 mm de grosor\"},{\"@type\":\"BreadcrumbList\",\"@id\":\"https:\\\/\\\/www.garciavarona.com\\\/en\\\/producto\\\/tablero-aglomerado-hidrofugo-mp5\\\/#breadcrumb\",\"itemListElement\":[{\"@type\":\"ListItem\",\"position\":1,\"name\":\"Portada\",\"item\":\"https:\\\/\\\/www.garciavarona.com\\\/en\\\/\"},{\"@type\":\"ListItem\",\"position\":2,\"name\":\"Tienda Maderas Garc\u00eda Varona\",\"item\":\"https:\\\/\\\/www.garciavarona.com\\\/tienda\\\/\"},{\"@type\":\"ListItem\",\"position\":3,\"name\":\"Tablero aglomerado hidr\u00f3fugo MP5\"}]},{\"@type\":\"WebSite\",\"@id\":\"https:\\\/\\\/www.garciavarona.com\\\/en\\\/#website\",\"url\":\"https:\\\/\\\/www.garciavarona.com\\\/en\\\/\",\"name\":\"Maderas Garcia Varona\",\"description\":\"Fabrica y Aserradero de Madera. Expertos en Madera\",\"publisher\":{\"@id\":\"https:\\\/\\\/www.garciavarona.com\\\/en\\\/#organization\"},\"potentialAction\":[{\"@type\":\"SearchAction\",\"target\":{\"@type\":\"EntryPoint\",\"urlTemplate\":\"https:\\\/\\\/www.garciavarona.com\\\/en\\\/?s={search_term_string}\"},\"query-input\":{\"@type\":\"PropertyValueSpecification\",\"valueRequired\":true,\"valueName\":\"search_term_string\"}}],\"inLanguage\":\"en-US\"},{\"@type\":\"Organization\",\"@id\":\"https:\\\/\\\/www.garciavarona.com\\\/en\\\/#organization\",\"name\":\"Maderas Garcia Varona\",\"url\":\"https:\\\/\\\/www.garciavarona.com\\\/en\\\/\",\"logo\":{\"@type\":\"ImageObject\",\"inLanguage\":\"en-US\",\"@id\":\"https:\\\/\\\/www.garciavarona.com\\\/en\\\/#\\\/schema\\\/logo\\\/image\\\/\",\"url\":\"https:\\\/\\\/www.garciavarona.com\\\/wp-content\\\/uploads\\\/2022\\\/06\\\/logoGarciaVarona.svg\",\"contentUrl\":\"https:\\\/\\\/www.garciavarona.com\\\/wp-content\\\/uploads\\\/2022\\\/06\\\/logoGarciaVarona.svg\",\"width\":1020,\"height\":200,\"caption\":\"Maderas Garcia Varona\"},\"image\":{\"@id\":\"https:\\\/\\\/www.garciavarona.com\\\/en\\\/#\\\/schema\\\/logo\\\/image\\\/\"},\"sameAs\":[\"https:\\\/\\\/www.facebook.com\\\/maderasgarciavaronagrupo\",\"https:\\\/\\\/x.com\\\/maderasvaronars\",\"https:\\\/\\\/www.instagram.com\\\/maderasgarciavarona\\\/\",\"https:\\\/\\\/www.linkedin.com\\\/company\\\/maderas-garcia-varona\\\/\",\"https:\\\/\\\/www.youtube.com\\\/channel\\\/UCGUEME06N_h66pB2coJC83w\\\/featured\"]}]}<\/script>\n<!-- \/ Yoast SEO plugin. -->","yoast_head_json":{"title":"Tablero aglomerado hidrofugo machihembrado MP5. Estructural.","description":"Tablero aglomerado hidrofugo machihembrado MP5. Tablero de part\u00edculas para uso estructural P5 color verde. Machihembrado a cuatro lados. 2440x1220 mm.","robots":{"index":"index","follow":"follow","max-snippet":"max-snippet:-1","max-image-preview":"max-image-preview:large","max-video-preview":"max-video-preview:-1"},"canonical":"https:\/\/www.garciavarona.com\/en\/producto\/tablero-aglomerado-hidrofugo-mp5\/","og_locale":"en_US","og_type":"article","og_title":"Tablero aglomerado hidrofugo machihembrado MP5. Estructural.","og_description":"Tablero aglomerado hidrofugo machihembrado MP5. Tablero de part\u00edculas para uso estructural P5 color verde. Machihembrado a cuatro lados. 2440x1220 mm.","og_url":"https:\/\/www.garciavarona.com\/en\/producto\/tablero-aglomerado-hidrofugo-mp5\/","og_site_name":"Maderas Garcia Varona","article_publisher":"https:\/\/www.facebook.com\/maderasgarciavaronagrupo","article_modified_time":"2026-02-27T08:42:52+00:00","og_image":[{"width":525,"height":525,"url":"https:\/\/www.garciavarona.com\/wp-content\/uploads\/2021\/03\/1312-Tablero-aglomerado-hidrofugo-MP5-de-19-mm-de-grosor.jpg","type":"image\/jpeg"}],"twitter_card":"summary_large_image","twitter_site":"@maderasvaronars","twitter_misc":{"Est. reading time":"3 minutes"},"schema":{"@context":"https:\/\/schema.org","@graph":[{"@type":["WebPage","ItemPage"],"@id":"https:\/\/www.garciavarona.com\/en\/producto\/tablero-aglomerado-hidrofugo-mp5\/","url":"https:\/\/www.garciavarona.com\/en\/producto\/tablero-aglomerado-hidrofugo-mp5\/","name":"Tablero aglomerado hidrofugo machihembrado MP5. Estructural.","isPartOf":{"@id":"https:\/\/www.garciavarona.com\/en\/#website"},"primaryImageOfPage":{"@id":"https:\/\/www.garciavarona.com\/en\/producto\/tablero-aglomerado-hidrofugo-mp5\/#primaryimage"},"image":{"@id":"https:\/\/www.garciavarona.com\/en\/producto\/tablero-aglomerado-hidrofugo-mp5\/#primaryimage"},"thumbnailUrl":"https:\/\/www.garciavarona.com\/wp-content\/uploads\/2021\/03\/1312-Tablero-aglomerado-hidrofugo-MP5-de-19-mm-de-grosor.jpg","datePublished":"2021-03-31T14:20:59+00:00","dateModified":"2026-02-27T08:42:52+00:00","description":"Tablero aglomerado hidrofugo machihembrado MP5. Tablero de part\u00edculas para uso estructural P5 color verde. Machihembrado a cuatro lados. 2440x1220 mm.","breadcrumb":{"@id":"https:\/\/www.garciavarona.com\/en\/producto\/tablero-aglomerado-hidrofugo-mp5\/#breadcrumb"},"inLanguage":"en-US","potentialAction":[{"@type":"ReadAction","target":["https:\/\/www.garciavarona.com\/en\/producto\/tablero-aglomerado-hidrofugo-mp5\/"]}]},{"@type":"ImageObject","inLanguage":"en-US","@id":"https:\/\/www.garciavarona.com\/en\/producto\/tablero-aglomerado-hidrofugo-mp5\/#primaryimage","url":"https:\/\/www.garciavarona.com\/wp-content\/uploads\/2021\/03\/1312-Tablero-aglomerado-hidrofugo-MP5-de-19-mm-de-grosor.jpg","contentUrl":"https:\/\/www.garciavarona.com\/wp-content\/uploads\/2021\/03\/1312-Tablero-aglomerado-hidrofugo-MP5-de-19-mm-de-grosor.jpg","width":525,"height":525,"caption":"Tablero aglomerado hidrofugo MP5 de 19 mm de grosor"},{"@type":"BreadcrumbList","@id":"https:\/\/www.garciavarona.com\/en\/producto\/tablero-aglomerado-hidrofugo-mp5\/#breadcrumb","itemListElement":[{"@type":"ListItem","position":1,"name":"Portada","item":"https:\/\/www.garciavarona.com\/en\/"},{"@type":"ListItem","position":2,"name":"Tienda Maderas Garc\u00eda Varona","item":"https:\/\/www.garciavarona.com\/tienda\/"},{"@type":"ListItem","position":3,"name":"Tablero aglomerado hidr\u00f3fugo MP5"}]},{"@type":"WebSite","@id":"https:\/\/www.garciavarona.com\/en\/#website","url":"https:\/\/www.garciavarona.com\/en\/","name":"Maderas Garcia Varona","description":"Fabrica y Aserradero de Madera. Expertos en Madera","publisher":{"@id":"https:\/\/www.garciavarona.com\/en\/#organization"},"potentialAction":[{"@type":"SearchAction","target":{"@type":"EntryPoint","urlTemplate":"https:\/\/www.garciavarona.com\/en\/?s={search_term_string}"},"query-input":{"@type":"PropertyValueSpecification","valueRequired":true,"valueName":"search_term_string"}}],"inLanguage":"en-US"},{"@type":"Organization","@id":"https:\/\/www.garciavarona.com\/en\/#organization","name":"Maderas Garcia Varona","url":"https:\/\/www.garciavarona.com\/en\/","logo":{"@type":"ImageObject","inLanguage":"en-US","@id":"https:\/\/www.garciavarona.com\/en\/#\/schema\/logo\/image\/","url":"https:\/\/www.garciavarona.com\/wp-content\/uploads\/2022\/06\/logoGarciaVarona.svg","contentUrl":"https:\/\/www.garciavarona.com\/wp-content\/uploads\/2022\/06\/logoGarciaVarona.svg","width":1020,"height":200,"caption":"Maderas Garcia Varona"},"image":{"@id":"https:\/\/www.garciavarona.com\/en\/#\/schema\/logo\/image\/"},"sameAs":["https:\/\/www.facebook.com\/maderasgarciavaronagrupo","https:\/\/x.com\/maderasvaronars","https:\/\/www.instagram.com\/maderasgarciavarona\/","https:\/\/www.linkedin.com\/company\/maderas-garcia-varona\/","https:\/\/www.youtube.com\/channel\/UCGUEME06N_h66pB2coJC83w\/featured"]}]}},"_links":{"self":[{"href":"https:\/\/www.garciavarona.com\/en\/wp-json\/wp\/v2\/product\/12686","targetHints":{"allow":["GET"]}}],"collection":[{"href":"https:\/\/www.garciavarona.com\/en\/wp-json\/wp\/v2\/product"}],"about":[{"href":"https:\/\/www.garciavarona.com\/en\/wp-json\/wp\/v2\/types\/product"}],"version-history":[{"count":6,"href":"https:\/\/www.garciavarona.com\/en\/wp-json\/wp\/v2\/product\/12686\/revisions"}],"predecessor-version":[{"id":19685,"href":"https:\/\/www.garciavarona.com\/en\/wp-json\/wp\/v2\/product\/12686\/revisions\/19685"}],"wp:featuredmedia":[{"embeddable":true,"href":"https:\/\/www.garciavarona.com\/en\/wp-json\/wp\/v2\/media\/12684"}],"wp:attachment":[{"href":"https:\/\/www.garciavarona.com\/en\/wp-json\/wp\/v2\/media?parent=12686"}],"wp:term":[{"taxonomy":"product_brand","embeddable":true,"href":"https:\/\/www.garciavarona.com\/en\/wp-json\/wp\/v2\/product_brand?post=12686"},{"taxonomy":"product_cat","embeddable":true,"href":"https:\/\/www.garciavarona.com\/en\/wp-json\/wp\/v2\/product_cat?post=12686"},{"taxonomy":"product_tag","embeddable":true,"href":"https:\/\/www.garciavarona.com\/en\/wp-json\/wp\/v2\/product_tag?post=12686"}],"curies":[{"name":"wp","href":"https:\/\/api.w.org\/{rel}","templated":true}]}}