{"id":12713,"date":"2021-04-07T11:35:36","date_gmt":"2021-04-07T11:35:36","guid":{"rendered":"https:\/\/pruebas.garciavarona.com\/producto\/tablero-de-encofrar-tricapa-amarillo-27-mm-de-grosor\/"},"modified":"2024-06-17T06:27:20","modified_gmt":"2024-06-17T06:27:20","slug":"tablero-de-encofrar-tricapa-amarillo","status":"publish","type":"product","link":"https:\/\/www.garciavarona.com\/en\/producto\/tablero-de-encofrar-tricapa-amarillo\/","title":{"rendered":"Tablero de encofrar tricapa amarillo"},"content":{"rendered":"<h1>Tablero de enconfrar tricapa amarillo<\/h1>\n<p>Tablero de encofrar tricapa amarillo. Este tablero para encofrar est\u00e1 compuesto por tres capas de madera de pino encoladas. Las medidas son 500&#215;2.000 mm y 27 mm de espesor. CONSULTAR precio a partir de 100 unidades.<\/p>\n<p>El<strong> tablero tricapa amarillo<\/strong> de madera de pino para uso en encofrados o para uso estructural en suelos, tabiques y cubiertas. Por lo tanto se puede utilizar para el encofrado de techos, encofrado de paredes, puentes y t\u00faneles. Tambi\u00e9n para encofrar hormig\u00f3n.<\/p>\n<p>El<strong> tablero de encofrado tricapa amarillo<\/strong> tiene alta resistencia a la corrosi\u00f3n y a los rayos UV. Se trata de un <strong>tablero para encofrar reutilizable<\/strong>. Cabe destacar que su calidad permite un gran n\u00famero de puestas, disminuyendo los costes en los encofrados. El color amarillo del tablero se debe al tratamiento superficial resistente de resina melamina. Esto le hace resistente al agua y a la corrosi\u00f3n. Le confiere protecci\u00f3n frente al hormig\u00f3n que aumenta su durabilidad.<\/p>\n<p>El uso principal del tablero de encofrar tricapa amarillo es la realizaci\u00f3n de cimentaciones, para el encofrado tanto vertical como reticular. Este tablero es ideal para aislamientos\u00a0 y trabajos de construcci\u00f3n en general, as\u00ed como obra civil. Este tablero amarillo es un producto que se fabrica con madera de pino. Por eso motivo permite el ahorro de recursos naturales, tanto por tratarse de un producto de madera como por poder ser reutilizado en varias ocasiones gracias a su resistencia.<\/p>\n<h3>Aplicaciones:<\/h3>\n<ul>\n<li>Encofrado vertical<\/li>\n<li>Encofrado reticular<\/li>\n<li>Cimentaciones<\/li>\n<li>Obra civil<\/li>\n<\/ul>\n","protected":false},"excerpt":{"rendered":"<p>Tablero de encofrar tricapa amarillo. Precio unidad.<\/p>\n","protected":false},"featured_media":12711,"template":"","meta":[],"product_brand":[],"product_cat":[772,755],"product_tag":[],"class_list":{"0":"post-12713","1":"product","2":"type-product","3":"status-publish","4":"has-post-thumbnail","6":"product_cat-cubiertas-y-aislamientos-de-madera","7":"product_cat-construccion","9":"first","10":"outofstock","11":"taxable","12":"shipping-taxable","13":"purchasable","14":"product-type-simple"},"yoast_head":"<!-- This site is optimized with the Yoast SEO plugin v27.3 - https:\/\/yoast.com\/product\/yoast-seo-wordpress\/ -->\n<title>Tablero de encofrar tricapa amarillo<\/title>\n<meta name=\"description\" content=\"Tablero de encofrar tricapa amarillo; tres capas de madera de pino encoladas 27x500x2.000 mm de grosor. Uso estructural. Alta resistencia. Reutilizable.\" \/>\n<meta name=\"robots\" content=\"index, follow, max-snippet:-1, max-image-preview:large, max-video-preview:-1\" \/>\n<link rel=\"canonical\" href=\"https:\/\/www.garciavarona.com\/en\/producto\/tablero-de-encofrar-tricapa-amarillo\/\" \/>\n<meta property=\"og:locale\" content=\"en_US\" \/>\n<meta property=\"og:type\" content=\"article\" \/>\n<meta property=\"og:title\" content=\"Tablero de encofrar tricapa amarillo\" \/>\n<meta property=\"og:description\" content=\"Tablero de encofrar tricapa amarillo; tres capas de madera de pino encoladas 27x500x2.000 mm de grosor. Uso estructural. Alta resistencia. Reutilizable.\" \/>\n<meta property=\"og:url\" content=\"https:\/\/www.garciavarona.com\/en\/producto\/tablero-de-encofrar-tricapa-amarillo\/\" \/>\n<meta property=\"og:site_name\" content=\"Maderas Garcia Varona\" \/>\n<meta property=\"article:publisher\" content=\"https:\/\/www.facebook.com\/maderasgarciavaronagrupo\" \/>\n<meta property=\"article:modified_time\" content=\"2024-06-17T06:27:20+00:00\" \/>\n<meta property=\"og:image\" content=\"https:\/\/www.garciavarona.com\/wp-content\/uploads\/2021\/04\/1345-Tablero-de-encofrar-tricapa-amarillo-27-mm-de-grosor.jpg\" \/>\n\t<meta property=\"og:image:width\" content=\"525\" \/>\n\t<meta property=\"og:image:height\" content=\"525\" \/>\n\t<meta property=\"og:image:type\" content=\"image\/jpeg\" \/>\n<meta name=\"twitter:card\" content=\"summary_large_image\" \/>\n<meta name=\"twitter:site\" content=\"@maderasvaronars\" \/>\n<meta name=\"twitter:label1\" content=\"Est. reading time\" \/>\n\t<meta name=\"twitter:data1\" content=\"2 minutes\" \/>\n<script type=\"application\/ld+json\" class=\"yoast-schema-graph\">{\"@context\":\"https:\\\/\\\/schema.org\",\"@graph\":[{\"@type\":[\"WebPage\",\"ItemPage\"],\"@id\":\"https:\\\/\\\/www.garciavarona.com\\\/en\\\/producto\\\/tablero-de-encofrar-tricapa-amarillo\\\/\",\"url\":\"https:\\\/\\\/www.garciavarona.com\\\/en\\\/producto\\\/tablero-de-encofrar-tricapa-amarillo\\\/\",\"name\":\"Tablero de encofrar tricapa amarillo\",\"isPartOf\":{\"@id\":\"https:\\\/\\\/www.garciavarona.com\\\/en\\\/#website\"},\"primaryImageOfPage\":{\"@id\":\"https:\\\/\\\/www.garciavarona.com\\\/en\\\/producto\\\/tablero-de-encofrar-tricapa-amarillo\\\/#primaryimage\"},\"image\":{\"@id\":\"https:\\\/\\\/www.garciavarona.com\\\/en\\\/producto\\\/tablero-de-encofrar-tricapa-amarillo\\\/#primaryimage\"},\"thumbnailUrl\":\"https:\\\/\\\/www.garciavarona.com\\\/wp-content\\\/uploads\\\/2021\\\/04\\\/1345-Tablero-de-encofrar-tricapa-amarillo-27-mm-de-grosor.jpg\",\"datePublished\":\"2021-04-07T11:35:36+00:00\",\"dateModified\":\"2024-06-17T06:27:20+00:00\",\"description\":\"Tablero de encofrar tricapa amarillo; tres capas de madera de pino encoladas 27x500x2.000 mm de grosor. Uso estructural. Alta resistencia. Reutilizable.\",\"breadcrumb\":{\"@id\":\"https:\\\/\\\/www.garciavarona.com\\\/en\\\/producto\\\/tablero-de-encofrar-tricapa-amarillo\\\/#breadcrumb\"},\"inLanguage\":\"en-US\",\"potentialAction\":[{\"@type\":\"ReadAction\",\"target\":[\"https:\\\/\\\/www.garciavarona.com\\\/en\\\/producto\\\/tablero-de-encofrar-tricapa-amarillo\\\/\"]}]},{\"@type\":\"ImageObject\",\"inLanguage\":\"en-US\",\"@id\":\"https:\\\/\\\/www.garciavarona.com\\\/en\\\/producto\\\/tablero-de-encofrar-tricapa-amarillo\\\/#primaryimage\",\"url\":\"https:\\\/\\\/www.garciavarona.com\\\/wp-content\\\/uploads\\\/2021\\\/04\\\/1345-Tablero-de-encofrar-tricapa-amarillo-27-mm-de-grosor.jpg\",\"contentUrl\":\"https:\\\/\\\/www.garciavarona.com\\\/wp-content\\\/uploads\\\/2021\\\/04\\\/1345-Tablero-de-encofrar-tricapa-amarillo-27-mm-de-grosor.jpg\",\"width\":525,\"height\":525,\"caption\":\"Tablero de encofrar tricapa amarillo 27 mm de grosor\"},{\"@type\":\"BreadcrumbList\",\"@id\":\"https:\\\/\\\/www.garciavarona.com\\\/en\\\/producto\\\/tablero-de-encofrar-tricapa-amarillo\\\/#breadcrumb\",\"itemListElement\":[{\"@type\":\"ListItem\",\"position\":1,\"name\":\"Portada\",\"item\":\"https:\\\/\\\/www.garciavarona.com\\\/en\\\/\"},{\"@type\":\"ListItem\",\"position\":2,\"name\":\"Tienda Maderas Garc\u00eda Varona\",\"item\":\"https:\\\/\\\/www.garciavarona.com\\\/tienda\\\/\"},{\"@type\":\"ListItem\",\"position\":3,\"name\":\"Tablero de encofrar tricapa amarillo\"}]},{\"@type\":\"WebSite\",\"@id\":\"https:\\\/\\\/www.garciavarona.com\\\/en\\\/#website\",\"url\":\"https:\\\/\\\/www.garciavarona.com\\\/en\\\/\",\"name\":\"Maderas Garcia Varona\",\"description\":\"Fabrica y Aserradero de Madera. Expertos en Madera\",\"publisher\":{\"@id\":\"https:\\\/\\\/www.garciavarona.com\\\/en\\\/#organization\"},\"potentialAction\":[{\"@type\":\"SearchAction\",\"target\":{\"@type\":\"EntryPoint\",\"urlTemplate\":\"https:\\\/\\\/www.garciavarona.com\\\/en\\\/?s={search_term_string}\"},\"query-input\":{\"@type\":\"PropertyValueSpecification\",\"valueRequired\":true,\"valueName\":\"search_term_string\"}}],\"inLanguage\":\"en-US\"},{\"@type\":\"Organization\",\"@id\":\"https:\\\/\\\/www.garciavarona.com\\\/en\\\/#organization\",\"name\":\"Maderas Garcia Varona\",\"url\":\"https:\\\/\\\/www.garciavarona.com\\\/en\\\/\",\"logo\":{\"@type\":\"ImageObject\",\"inLanguage\":\"en-US\",\"@id\":\"https:\\\/\\\/www.garciavarona.com\\\/en\\\/#\\\/schema\\\/logo\\\/image\\\/\",\"url\":\"https:\\\/\\\/www.garciavarona.com\\\/wp-content\\\/uploads\\\/2022\\\/06\\\/logoGarciaVarona.svg\",\"contentUrl\":\"https:\\\/\\\/www.garciavarona.com\\\/wp-content\\\/uploads\\\/2022\\\/06\\\/logoGarciaVarona.svg\",\"width\":1020,\"height\":200,\"caption\":\"Maderas Garcia Varona\"},\"image\":{\"@id\":\"https:\\\/\\\/www.garciavarona.com\\\/en\\\/#\\\/schema\\\/logo\\\/image\\\/\"},\"sameAs\":[\"https:\\\/\\\/www.facebook.com\\\/maderasgarciavaronagrupo\",\"https:\\\/\\\/x.com\\\/maderasvaronars\",\"https:\\\/\\\/www.instagram.com\\\/maderasgarciavarona\\\/\",\"https:\\\/\\\/www.linkedin.com\\\/company\\\/maderas-garcia-varona\\\/\",\"https:\\\/\\\/www.youtube.com\\\/channel\\\/UCGUEME06N_h66pB2coJC83w\\\/featured\"]}]}<\/script>\n<!-- \/ Yoast SEO plugin. -->","yoast_head_json":{"title":"Tablero de encofrar tricapa amarillo","description":"Tablero de encofrar tricapa amarillo; tres capas de madera de pino encoladas 27x500x2.000 mm de grosor. Uso estructural. Alta resistencia. Reutilizable.","robots":{"index":"index","follow":"follow","max-snippet":"max-snippet:-1","max-image-preview":"max-image-preview:large","max-video-preview":"max-video-preview:-1"},"canonical":"https:\/\/www.garciavarona.com\/en\/producto\/tablero-de-encofrar-tricapa-amarillo\/","og_locale":"en_US","og_type":"article","og_title":"Tablero de encofrar tricapa amarillo","og_description":"Tablero de encofrar tricapa amarillo; tres capas de madera de pino encoladas 27x500x2.000 mm de grosor. Uso estructural. Alta resistencia. Reutilizable.","og_url":"https:\/\/www.garciavarona.com\/en\/producto\/tablero-de-encofrar-tricapa-amarillo\/","og_site_name":"Maderas Garcia Varona","article_publisher":"https:\/\/www.facebook.com\/maderasgarciavaronagrupo","article_modified_time":"2024-06-17T06:27:20+00:00","og_image":[{"width":525,"height":525,"url":"https:\/\/www.garciavarona.com\/wp-content\/uploads\/2021\/04\/1345-Tablero-de-encofrar-tricapa-amarillo-27-mm-de-grosor.jpg","type":"image\/jpeg"}],"twitter_card":"summary_large_image","twitter_site":"@maderasvaronars","twitter_misc":{"Est. reading time":"2 minutes"},"schema":{"@context":"https:\/\/schema.org","@graph":[{"@type":["WebPage","ItemPage"],"@id":"https:\/\/www.garciavarona.com\/en\/producto\/tablero-de-encofrar-tricapa-amarillo\/","url":"https:\/\/www.garciavarona.com\/en\/producto\/tablero-de-encofrar-tricapa-amarillo\/","name":"Tablero de encofrar tricapa amarillo","isPartOf":{"@id":"https:\/\/www.garciavarona.com\/en\/#website"},"primaryImageOfPage":{"@id":"https:\/\/www.garciavarona.com\/en\/producto\/tablero-de-encofrar-tricapa-amarillo\/#primaryimage"},"image":{"@id":"https:\/\/www.garciavarona.com\/en\/producto\/tablero-de-encofrar-tricapa-amarillo\/#primaryimage"},"thumbnailUrl":"https:\/\/www.garciavarona.com\/wp-content\/uploads\/2021\/04\/1345-Tablero-de-encofrar-tricapa-amarillo-27-mm-de-grosor.jpg","datePublished":"2021-04-07T11:35:36+00:00","dateModified":"2024-06-17T06:27:20+00:00","description":"Tablero de encofrar tricapa amarillo; tres capas de madera de pino encoladas 27x500x2.000 mm de grosor. Uso estructural. Alta resistencia. Reutilizable.","breadcrumb":{"@id":"https:\/\/www.garciavarona.com\/en\/producto\/tablero-de-encofrar-tricapa-amarillo\/#breadcrumb"},"inLanguage":"en-US","potentialAction":[{"@type":"ReadAction","target":["https:\/\/www.garciavarona.com\/en\/producto\/tablero-de-encofrar-tricapa-amarillo\/"]}]},{"@type":"ImageObject","inLanguage":"en-US","@id":"https:\/\/www.garciavarona.com\/en\/producto\/tablero-de-encofrar-tricapa-amarillo\/#primaryimage","url":"https:\/\/www.garciavarona.com\/wp-content\/uploads\/2021\/04\/1345-Tablero-de-encofrar-tricapa-amarillo-27-mm-de-grosor.jpg","contentUrl":"https:\/\/www.garciavarona.com\/wp-content\/uploads\/2021\/04\/1345-Tablero-de-encofrar-tricapa-amarillo-27-mm-de-grosor.jpg","width":525,"height":525,"caption":"Tablero de encofrar tricapa amarillo 27 mm de grosor"},{"@type":"BreadcrumbList","@id":"https:\/\/www.garciavarona.com\/en\/producto\/tablero-de-encofrar-tricapa-amarillo\/#breadcrumb","itemListElement":[{"@type":"ListItem","position":1,"name":"Portada","item":"https:\/\/www.garciavarona.com\/en\/"},{"@type":"ListItem","position":2,"name":"Tienda Maderas Garc\u00eda Varona","item":"https:\/\/www.garciavarona.com\/tienda\/"},{"@type":"ListItem","position":3,"name":"Tablero de encofrar tricapa amarillo"}]},{"@type":"WebSite","@id":"https:\/\/www.garciavarona.com\/en\/#website","url":"https:\/\/www.garciavarona.com\/en\/","name":"Maderas Garcia Varona","description":"Fabrica y Aserradero de Madera. Expertos en Madera","publisher":{"@id":"https:\/\/www.garciavarona.com\/en\/#organization"},"potentialAction":[{"@type":"SearchAction","target":{"@type":"EntryPoint","urlTemplate":"https:\/\/www.garciavarona.com\/en\/?s={search_term_string}"},"query-input":{"@type":"PropertyValueSpecification","valueRequired":true,"valueName":"search_term_string"}}],"inLanguage":"en-US"},{"@type":"Organization","@id":"https:\/\/www.garciavarona.com\/en\/#organization","name":"Maderas Garcia Varona","url":"https:\/\/www.garciavarona.com\/en\/","logo":{"@type":"ImageObject","inLanguage":"en-US","@id":"https:\/\/www.garciavarona.com\/en\/#\/schema\/logo\/image\/","url":"https:\/\/www.garciavarona.com\/wp-content\/uploads\/2022\/06\/logoGarciaVarona.svg","contentUrl":"https:\/\/www.garciavarona.com\/wp-content\/uploads\/2022\/06\/logoGarciaVarona.svg","width":1020,"height":200,"caption":"Maderas Garcia Varona"},"image":{"@id":"https:\/\/www.garciavarona.com\/en\/#\/schema\/logo\/image\/"},"sameAs":["https:\/\/www.facebook.com\/maderasgarciavaronagrupo","https:\/\/x.com\/maderasvaronars","https:\/\/www.instagram.com\/maderasgarciavarona\/","https:\/\/www.linkedin.com\/company\/maderas-garcia-varona\/","https:\/\/www.youtube.com\/channel\/UCGUEME06N_h66pB2coJC83w\/featured"]}]}},"_links":{"self":[{"href":"https:\/\/www.garciavarona.com\/en\/wp-json\/wp\/v2\/product\/12713","targetHints":{"allow":["GET"]}}],"collection":[{"href":"https:\/\/www.garciavarona.com\/en\/wp-json\/wp\/v2\/product"}],"about":[{"href":"https:\/\/www.garciavarona.com\/en\/wp-json\/wp\/v2\/types\/product"}],"version-history":[{"count":5,"href":"https:\/\/www.garciavarona.com\/en\/wp-json\/wp\/v2\/product\/12713\/revisions"}],"predecessor-version":[{"id":15584,"href":"https:\/\/www.garciavarona.com\/en\/wp-json\/wp\/v2\/product\/12713\/revisions\/15584"}],"wp:featuredmedia":[{"embeddable":true,"href":"https:\/\/www.garciavarona.com\/en\/wp-json\/wp\/v2\/media\/12711"}],"wp:attachment":[{"href":"https:\/\/www.garciavarona.com\/en\/wp-json\/wp\/v2\/media?parent=12713"}],"wp:term":[{"taxonomy":"product_brand","embeddable":true,"href":"https:\/\/www.garciavarona.com\/en\/wp-json\/wp\/v2\/product_brand?post=12713"},{"taxonomy":"product_cat","embeddable":true,"href":"https:\/\/www.garciavarona.com\/en\/wp-json\/wp\/v2\/product_cat?post=12713"},{"taxonomy":"product_tag","embeddable":true,"href":"https:\/\/www.garciavarona.com\/en\/wp-json\/wp\/v2\/product_tag?post=12713"}],"curies":[{"name":"wp","href":"https:\/\/api.w.org\/{rel}","templated":true}]}}