{"id":12789,"date":"2021-06-10T12:14:50","date_gmt":"2021-06-10T12:14:50","guid":{"rendered":"https:\/\/pruebas.garciavarona.com\/producto\/rodaja-de-madera-de-roble-mesita-auxiliar-con-ruedas-referencia-roble221117a\/"},"modified":"2023-06-14T11:50:48","modified_gmt":"2023-06-14T11:50:48","slug":"rodaja-de-madera-de-roble-mesita-auxiliar-con-ruedas-referencia-roble221117a","status":"publish","type":"product","link":"https:\/\/www.garciavarona.com\/en\/producto\/rodaja-de-madera-de-roble-mesita-auxiliar-con-ruedas-referencia-roble221117a\/","title":{"rendered":"Rodaja de madera de roble mesita auxiliar con ruedas referencia ROBLE221117A"},"content":{"rendered":"<h1>Rodaja de madera de roble mesita auxiliar con ruedas referencia ROBLE221117A<\/h1>\n<p><strong>Mesa auxiliar de tronco de madera de roble. <\/strong>Rodaja de madera de roble decorativa. <strong>Tronco de madera cortado<\/strong> para usar como mesa baja de centro o mesa auxiliar. Madera de roble mesita auxiliar con ruedas. Medidas de la rodaja: 12,50 cm de grueso, di\u00e1metro por la parte m\u00e1s ancha 70 cm, di\u00e1metro por la parte m\u00e1s estrecha 48 cm. Altura de la mesa con las ruedas 19,50 cm. Medidas aproximadas. Madera natural en bruto sin cepillar.<\/p>\n<p>Mesa auxiliar hecha con una pieza de madera maciza de roble. Pieza \u00fanica referencia ROBLE221117A. <strong>Rodaja de madera de roble mesita auxiliar<\/strong> con forma irregular y nudos tal y como se puede ver en la foto. Puede colocarse sola o junto a la<a href=\"https:\/\/www.garciavarona.com\/producto\/rodaja-de-madera-de-roble-mesita-auxiliar-con-ruedas-referencia-roble221117b\/\" target=\"_blank\" rel=\"noopener\"> pieza\u00a0referencia ROBLE221117B<\/a>. Incluye 4 ruedas preinstaladas, 2 con freno y 2 sin freno.<\/p>\n<p>Madera verde en bruto, por lo que puede tener grietas o agrietarse con el paso del tiempo as\u00ed como desprenderse la corteza. Sin garant\u00edas de grietas.\u00a0No incluye lijado ni cepillado. Madera real, sin tratamientos ni acabados. Secado natural al aire. Esta pieza es de madera de roble europeo y proviene de bosques sostenibles, ecofriendly.<\/p>\n<p>Madera natural sin tratamientos, por lo que pueden tener nudos, grietas o betas de distintos colores. Se trata de peculiaridades propias de la naturaleza de la madera. Por lo tanto no son considerados defectos ni pueden ser motivo de cambio o devoluci\u00f3n.<\/p>\n<p><a href=\"https:\/\/www.garciavarona.com\/contactar\/\" target=\"_blank\" rel=\"noopener\">CONSULTAR<\/a> disponibilidad de otros di\u00e1metros y especies.<\/p>\n","protected":false},"excerpt":{"rendered":"<p>Mesita auxiliar de tronco de madera con 4 ruedas. Madera en bruto. Precio por pieza.<\/p>\n","protected":false},"featured_media":12783,"template":"","meta":[],"product_brand":[],"product_cat":[778,782,756],"product_tag":[1266,1196,1197,1265,2122,1298,1336,1335],"class_list":{"0":"post-12789","1":"product","2":"type-product","3":"status-publish","4":"has-post-thumbnail","6":"product_cat-mesa-rustica","7":"product_cat-rodaja-de-madera","8":"product_cat-decoracion-madera","9":"product_tag-decoracion-rustica","10":"product_tag-mesa-de-madera","11":"product_tag-mesa-de-roble","12":"product_tag-mesa-rustica","13":"product_tag-mesita-de-madera-con-ruedas","14":"product_tag-rodaja-de-madera","15":"product_tag-rodaja-de-roble","16":"product_tag-tronco-de-roble","18":"first","19":"instock","20":"taxable","21":"shipping-taxable","22":"purchasable","23":"product-type-simple"},"yoast_head":"<!-- This site is optimized with the Yoast SEO plugin v27.3 - https:\/\/yoast.com\/product\/yoast-seo-wordpress\/ -->\n<title>Rodaja de madera de roble mesita auxiliar con ruedas.<\/title>\n<meta name=\"description\" content=\"Rodaja de madera de roble mesita auxiliar con ruedas. Mesa de tronco de madera de roble. Pieza \u00fanica de madera natural en bruto. Forma irregular de tronco.\" \/>\n<meta name=\"robots\" content=\"index, follow, max-snippet:-1, max-image-preview:large, max-video-preview:-1\" \/>\n<link rel=\"canonical\" href=\"https:\/\/www.garciavarona.com\/en\/producto\/rodaja-de-madera-de-roble-mesita-auxiliar-con-ruedas-referencia-roble221117a\/\" \/>\n<meta property=\"og:locale\" content=\"en_US\" \/>\n<meta property=\"og:type\" content=\"article\" \/>\n<meta property=\"og:title\" content=\"Rodaja de madera de roble mesita auxiliar con ruedas.\" \/>\n<meta property=\"og:description\" content=\"Rodaja de madera de roble mesita auxiliar con ruedas. Mesa de tronco de madera de roble. Pieza \u00fanica de madera natural en bruto. Forma irregular de tronco.\" \/>\n<meta property=\"og:url\" content=\"https:\/\/www.garciavarona.com\/en\/producto\/rodaja-de-madera-de-roble-mesita-auxiliar-con-ruedas-referencia-roble221117a\/\" \/>\n<meta property=\"og:site_name\" content=\"Maderas Garcia Varona\" \/>\n<meta property=\"article:publisher\" content=\"https:\/\/www.facebook.com\/maderasgarciavaronagrupo\" \/>\n<meta property=\"article:modified_time\" content=\"2023-06-14T11:50:48+00:00\" \/>\n<meta property=\"og:image\" content=\"https:\/\/www.garciavarona.com\/wp-content\/uploads\/2021\/06\/1397-Rodaja-de-madera-de-roble-mesita-auxiliar-con-ruedas-referencia-ROBLE221117A.jpg\" \/>\n\t<meta property=\"og:image:width\" content=\"525\" \/>\n\t<meta property=\"og:image:height\" content=\"525\" \/>\n\t<meta property=\"og:image:type\" content=\"image\/jpeg\" \/>\n<meta name=\"twitter:card\" content=\"summary_large_image\" \/>\n<meta name=\"twitter:site\" content=\"@maderasvaronars\" \/>\n<meta name=\"twitter:label1\" content=\"Est. reading time\" \/>\n\t<meta name=\"twitter:data1\" content=\"2 minutes\" \/>\n<script type=\"application\/ld+json\" class=\"yoast-schema-graph\">{\"@context\":\"https:\\\/\\\/schema.org\",\"@graph\":[{\"@type\":[\"WebPage\",\"ItemPage\"],\"@id\":\"https:\\\/\\\/www.garciavarona.com\\\/en\\\/producto\\\/rodaja-de-madera-de-roble-mesita-auxiliar-con-ruedas-referencia-roble221117a\\\/\",\"url\":\"https:\\\/\\\/www.garciavarona.com\\\/en\\\/producto\\\/rodaja-de-madera-de-roble-mesita-auxiliar-con-ruedas-referencia-roble221117a\\\/\",\"name\":\"Rodaja de madera de roble mesita auxiliar con ruedas.\",\"isPartOf\":{\"@id\":\"https:\\\/\\\/www.garciavarona.com\\\/en\\\/#website\"},\"primaryImageOfPage\":{\"@id\":\"https:\\\/\\\/www.garciavarona.com\\\/en\\\/producto\\\/rodaja-de-madera-de-roble-mesita-auxiliar-con-ruedas-referencia-roble221117a\\\/#primaryimage\"},\"image\":{\"@id\":\"https:\\\/\\\/www.garciavarona.com\\\/en\\\/producto\\\/rodaja-de-madera-de-roble-mesita-auxiliar-con-ruedas-referencia-roble221117a\\\/#primaryimage\"},\"thumbnailUrl\":\"https:\\\/\\\/www.garciavarona.com\\\/wp-content\\\/uploads\\\/2021\\\/06\\\/1397-Rodaja-de-madera-de-roble-mesita-auxiliar-con-ruedas-referencia-ROBLE221117A.jpg\",\"datePublished\":\"2021-06-10T12:14:50+00:00\",\"dateModified\":\"2023-06-14T11:50:48+00:00\",\"description\":\"Rodaja de madera de roble mesita auxiliar con ruedas. Mesa de tronco de madera de roble. Pieza \u00fanica de madera natural en bruto. Forma irregular de tronco.\",\"breadcrumb\":{\"@id\":\"https:\\\/\\\/www.garciavarona.com\\\/en\\\/producto\\\/rodaja-de-madera-de-roble-mesita-auxiliar-con-ruedas-referencia-roble221117a\\\/#breadcrumb\"},\"inLanguage\":\"en-US\",\"potentialAction\":[{\"@type\":\"ReadAction\",\"target\":[\"https:\\\/\\\/www.garciavarona.com\\\/en\\\/producto\\\/rodaja-de-madera-de-roble-mesita-auxiliar-con-ruedas-referencia-roble221117a\\\/\"]}]},{\"@type\":\"ImageObject\",\"inLanguage\":\"en-US\",\"@id\":\"https:\\\/\\\/www.garciavarona.com\\\/en\\\/producto\\\/rodaja-de-madera-de-roble-mesita-auxiliar-con-ruedas-referencia-roble221117a\\\/#primaryimage\",\"url\":\"https:\\\/\\\/www.garciavarona.com\\\/wp-content\\\/uploads\\\/2021\\\/06\\\/1397-Rodaja-de-madera-de-roble-mesita-auxiliar-con-ruedas-referencia-ROBLE221117A.jpg\",\"contentUrl\":\"https:\\\/\\\/www.garciavarona.com\\\/wp-content\\\/uploads\\\/2021\\\/06\\\/1397-Rodaja-de-madera-de-roble-mesita-auxiliar-con-ruedas-referencia-ROBLE221117A.jpg\",\"width\":525,\"height\":525,\"caption\":\"Rodaja de madera de roble mesita auxiliar con ruedas referencia ROBLE221117A\"},{\"@type\":\"BreadcrumbList\",\"@id\":\"https:\\\/\\\/www.garciavarona.com\\\/en\\\/producto\\\/rodaja-de-madera-de-roble-mesita-auxiliar-con-ruedas-referencia-roble221117a\\\/#breadcrumb\",\"itemListElement\":[{\"@type\":\"ListItem\",\"position\":1,\"name\":\"Portada\",\"item\":\"https:\\\/\\\/www.garciavarona.com\\\/en\\\/\"},{\"@type\":\"ListItem\",\"position\":2,\"name\":\"Tienda Maderas Garc\u00eda Varona\",\"item\":\"https:\\\/\\\/www.garciavarona.com\\\/tienda\\\/\"},{\"@type\":\"ListItem\",\"position\":3,\"name\":\"Rodaja de madera de roble mesita auxiliar con ruedas referencia ROBLE221117A\"}]},{\"@type\":\"WebSite\",\"@id\":\"https:\\\/\\\/www.garciavarona.com\\\/en\\\/#website\",\"url\":\"https:\\\/\\\/www.garciavarona.com\\\/en\\\/\",\"name\":\"Maderas Garcia Varona\",\"description\":\"Fabrica y Aserradero de Madera. Expertos en Madera\",\"publisher\":{\"@id\":\"https:\\\/\\\/www.garciavarona.com\\\/en\\\/#organization\"},\"potentialAction\":[{\"@type\":\"SearchAction\",\"target\":{\"@type\":\"EntryPoint\",\"urlTemplate\":\"https:\\\/\\\/www.garciavarona.com\\\/en\\\/?s={search_term_string}\"},\"query-input\":{\"@type\":\"PropertyValueSpecification\",\"valueRequired\":true,\"valueName\":\"search_term_string\"}}],\"inLanguage\":\"en-US\"},{\"@type\":\"Organization\",\"@id\":\"https:\\\/\\\/www.garciavarona.com\\\/en\\\/#organization\",\"name\":\"Maderas Garcia Varona\",\"url\":\"https:\\\/\\\/www.garciavarona.com\\\/en\\\/\",\"logo\":{\"@type\":\"ImageObject\",\"inLanguage\":\"en-US\",\"@id\":\"https:\\\/\\\/www.garciavarona.com\\\/en\\\/#\\\/schema\\\/logo\\\/image\\\/\",\"url\":\"https:\\\/\\\/www.garciavarona.com\\\/wp-content\\\/uploads\\\/2022\\\/06\\\/logoGarciaVarona.svg\",\"contentUrl\":\"https:\\\/\\\/www.garciavarona.com\\\/wp-content\\\/uploads\\\/2022\\\/06\\\/logoGarciaVarona.svg\",\"width\":1020,\"height\":200,\"caption\":\"Maderas Garcia Varona\"},\"image\":{\"@id\":\"https:\\\/\\\/www.garciavarona.com\\\/en\\\/#\\\/schema\\\/logo\\\/image\\\/\"},\"sameAs\":[\"https:\\\/\\\/www.facebook.com\\\/maderasgarciavaronagrupo\",\"https:\\\/\\\/x.com\\\/maderasvaronars\",\"https:\\\/\\\/www.instagram.com\\\/maderasgarciavarona\\\/\",\"https:\\\/\\\/www.linkedin.com\\\/company\\\/maderas-garcia-varona\\\/\",\"https:\\\/\\\/www.youtube.com\\\/channel\\\/UCGUEME06N_h66pB2coJC83w\\\/featured\"]}]}<\/script>\n<!-- \/ Yoast SEO plugin. -->","yoast_head_json":{"title":"Rodaja de madera de roble mesita auxiliar con ruedas.","description":"Rodaja de madera de roble mesita auxiliar con ruedas. Mesa de tronco de madera de roble. Pieza \u00fanica de madera natural en bruto. Forma irregular de tronco.","robots":{"index":"index","follow":"follow","max-snippet":"max-snippet:-1","max-image-preview":"max-image-preview:large","max-video-preview":"max-video-preview:-1"},"canonical":"https:\/\/www.garciavarona.com\/en\/producto\/rodaja-de-madera-de-roble-mesita-auxiliar-con-ruedas-referencia-roble221117a\/","og_locale":"en_US","og_type":"article","og_title":"Rodaja de madera de roble mesita auxiliar con ruedas.","og_description":"Rodaja de madera de roble mesita auxiliar con ruedas. Mesa de tronco de madera de roble. Pieza \u00fanica de madera natural en bruto. Forma irregular de tronco.","og_url":"https:\/\/www.garciavarona.com\/en\/producto\/rodaja-de-madera-de-roble-mesita-auxiliar-con-ruedas-referencia-roble221117a\/","og_site_name":"Maderas Garcia Varona","article_publisher":"https:\/\/www.facebook.com\/maderasgarciavaronagrupo","article_modified_time":"2023-06-14T11:50:48+00:00","og_image":[{"width":525,"height":525,"url":"https:\/\/www.garciavarona.com\/wp-content\/uploads\/2021\/06\/1397-Rodaja-de-madera-de-roble-mesita-auxiliar-con-ruedas-referencia-ROBLE221117A.jpg","type":"image\/jpeg"}],"twitter_card":"summary_large_image","twitter_site":"@maderasvaronars","twitter_misc":{"Est. reading time":"2 minutes"},"schema":{"@context":"https:\/\/schema.org","@graph":[{"@type":["WebPage","ItemPage"],"@id":"https:\/\/www.garciavarona.com\/en\/producto\/rodaja-de-madera-de-roble-mesita-auxiliar-con-ruedas-referencia-roble221117a\/","url":"https:\/\/www.garciavarona.com\/en\/producto\/rodaja-de-madera-de-roble-mesita-auxiliar-con-ruedas-referencia-roble221117a\/","name":"Rodaja de madera de roble mesita auxiliar con ruedas.","isPartOf":{"@id":"https:\/\/www.garciavarona.com\/en\/#website"},"primaryImageOfPage":{"@id":"https:\/\/www.garciavarona.com\/en\/producto\/rodaja-de-madera-de-roble-mesita-auxiliar-con-ruedas-referencia-roble221117a\/#primaryimage"},"image":{"@id":"https:\/\/www.garciavarona.com\/en\/producto\/rodaja-de-madera-de-roble-mesita-auxiliar-con-ruedas-referencia-roble221117a\/#primaryimage"},"thumbnailUrl":"https:\/\/www.garciavarona.com\/wp-content\/uploads\/2021\/06\/1397-Rodaja-de-madera-de-roble-mesita-auxiliar-con-ruedas-referencia-ROBLE221117A.jpg","datePublished":"2021-06-10T12:14:50+00:00","dateModified":"2023-06-14T11:50:48+00:00","description":"Rodaja de madera de roble mesita auxiliar con ruedas. Mesa de tronco de madera de roble. Pieza \u00fanica de madera natural en bruto. Forma irregular de tronco.","breadcrumb":{"@id":"https:\/\/www.garciavarona.com\/en\/producto\/rodaja-de-madera-de-roble-mesita-auxiliar-con-ruedas-referencia-roble221117a\/#breadcrumb"},"inLanguage":"en-US","potentialAction":[{"@type":"ReadAction","target":["https:\/\/www.garciavarona.com\/en\/producto\/rodaja-de-madera-de-roble-mesita-auxiliar-con-ruedas-referencia-roble221117a\/"]}]},{"@type":"ImageObject","inLanguage":"en-US","@id":"https:\/\/www.garciavarona.com\/en\/producto\/rodaja-de-madera-de-roble-mesita-auxiliar-con-ruedas-referencia-roble221117a\/#primaryimage","url":"https:\/\/www.garciavarona.com\/wp-content\/uploads\/2021\/06\/1397-Rodaja-de-madera-de-roble-mesita-auxiliar-con-ruedas-referencia-ROBLE221117A.jpg","contentUrl":"https:\/\/www.garciavarona.com\/wp-content\/uploads\/2021\/06\/1397-Rodaja-de-madera-de-roble-mesita-auxiliar-con-ruedas-referencia-ROBLE221117A.jpg","width":525,"height":525,"caption":"Rodaja de madera de roble mesita auxiliar con ruedas referencia ROBLE221117A"},{"@type":"BreadcrumbList","@id":"https:\/\/www.garciavarona.com\/en\/producto\/rodaja-de-madera-de-roble-mesita-auxiliar-con-ruedas-referencia-roble221117a\/#breadcrumb","itemListElement":[{"@type":"ListItem","position":1,"name":"Portada","item":"https:\/\/www.garciavarona.com\/en\/"},{"@type":"ListItem","position":2,"name":"Tienda Maderas Garc\u00eda Varona","item":"https:\/\/www.garciavarona.com\/tienda\/"},{"@type":"ListItem","position":3,"name":"Rodaja de madera de roble mesita auxiliar con ruedas referencia ROBLE221117A"}]},{"@type":"WebSite","@id":"https:\/\/www.garciavarona.com\/en\/#website","url":"https:\/\/www.garciavarona.com\/en\/","name":"Maderas Garcia Varona","description":"Fabrica y Aserradero de Madera. Expertos en Madera","publisher":{"@id":"https:\/\/www.garciavarona.com\/en\/#organization"},"potentialAction":[{"@type":"SearchAction","target":{"@type":"EntryPoint","urlTemplate":"https:\/\/www.garciavarona.com\/en\/?s={search_term_string}"},"query-input":{"@type":"PropertyValueSpecification","valueRequired":true,"valueName":"search_term_string"}}],"inLanguage":"en-US"},{"@type":"Organization","@id":"https:\/\/www.garciavarona.com\/en\/#organization","name":"Maderas Garcia Varona","url":"https:\/\/www.garciavarona.com\/en\/","logo":{"@type":"ImageObject","inLanguage":"en-US","@id":"https:\/\/www.garciavarona.com\/en\/#\/schema\/logo\/image\/","url":"https:\/\/www.garciavarona.com\/wp-content\/uploads\/2022\/06\/logoGarciaVarona.svg","contentUrl":"https:\/\/www.garciavarona.com\/wp-content\/uploads\/2022\/06\/logoGarciaVarona.svg","width":1020,"height":200,"caption":"Maderas Garcia Varona"},"image":{"@id":"https:\/\/www.garciavarona.com\/en\/#\/schema\/logo\/image\/"},"sameAs":["https:\/\/www.facebook.com\/maderasgarciavaronagrupo","https:\/\/x.com\/maderasvaronars","https:\/\/www.instagram.com\/maderasgarciavarona\/","https:\/\/www.linkedin.com\/company\/maderas-garcia-varona\/","https:\/\/www.youtube.com\/channel\/UCGUEME06N_h66pB2coJC83w\/featured"]}]}},"_links":{"self":[{"href":"https:\/\/www.garciavarona.com\/en\/wp-json\/wp\/v2\/product\/12789","targetHints":{"allow":["GET"]}}],"collection":[{"href":"https:\/\/www.garciavarona.com\/en\/wp-json\/wp\/v2\/product"}],"about":[{"href":"https:\/\/www.garciavarona.com\/en\/wp-json\/wp\/v2\/types\/product"}],"version-history":[{"count":4,"href":"https:\/\/www.garciavarona.com\/en\/wp-json\/wp\/v2\/product\/12789\/revisions"}],"predecessor-version":[{"id":20269,"href":"https:\/\/www.garciavarona.com\/en\/wp-json\/wp\/v2\/product\/12789\/revisions\/20269"}],"wp:featuredmedia":[{"embeddable":true,"href":"https:\/\/www.garciavarona.com\/en\/wp-json\/wp\/v2\/media\/12783"}],"wp:attachment":[{"href":"https:\/\/www.garciavarona.com\/en\/wp-json\/wp\/v2\/media?parent=12789"}],"wp:term":[{"taxonomy":"product_brand","embeddable":true,"href":"https:\/\/www.garciavarona.com\/en\/wp-json\/wp\/v2\/product_brand?post=12789"},{"taxonomy":"product_cat","embeddable":true,"href":"https:\/\/www.garciavarona.com\/en\/wp-json\/wp\/v2\/product_cat?post=12789"},{"taxonomy":"product_tag","embeddable":true,"href":"https:\/\/www.garciavarona.com\/en\/wp-json\/wp\/v2\/product_tag?post=12789"}],"curies":[{"name":"wp","href":"https:\/\/api.w.org\/{rel}","templated":true}]}}