{"id":12796,"date":"2021-06-10T14:18:44","date_gmt":"2021-06-10T14:18:44","guid":{"rendered":"https:\/\/pruebas.garciavarona.com\/producto\/rodaja-de-madera-de-roble-mesita-auxiliar-con-ruedas-referencia-roble221117b\/"},"modified":"2023-06-14T13:09:05","modified_gmt":"2023-06-14T13:09:05","slug":"rodaja-de-madera-de-roble-mesita-auxiliar-con-ruedas-referencia-roble221117b","status":"publish","type":"product","link":"https:\/\/www.garciavarona.com\/en\/producto\/rodaja-de-madera-de-roble-mesita-auxiliar-con-ruedas-referencia-roble221117b\/","title":{"rendered":"Rodaja de madera de roble mesita auxiliar con ruedas referencia ROBLE221117B"},"content":{"rendered":"<h1>Mesa auxiliar de madera maciza de roble en rodaja con ruedas referencia ROBLE221117B<\/h1>\n<p><strong>Mesa auxiliar de tronco de madera de roble. <\/strong>Rodaja de madera de roble decorativa. <strong>Tronco de madera cortado<\/strong> para usar como mesa baja de centro o mesa auxiliar. Medidas de la rodaja: 11 cm de grueso, di\u00e1metro por la parte m\u00e1s ancha 65 cm, di\u00e1metro por la parte m\u00e1s estrecha 48 cm. Altura de la mesa con las ruedas 18 cm. Medidas aproximadas. Madera natural en bruto sin cepillar.<\/p>\n<p>Esta mesita auxiliar de madera de roble macizo es una pieza \u00fanica; tiene la referencia ROBLE221117B. Es una mesa auxiliar vers\u00e1til y est\u00e1 elaborada con una rodaja de madera de roble, resaltando su belleza natural. Ideal como mesa baja de centro o auxiliar, esta rodaja de roble cuenta con un di\u00e1metro que va desde los 65 cm en su parte m\u00e1s ancha hasta los 48 cm en su parte m\u00e1s estrecha. Para mayor comodidad, la mesa est\u00e1 equipada con ruedas, permiti\u00e9ndote moverla con facilidad.<\/p>\n<p>Cada rodaja de madera de roble es \u00fanica, con una forma irregular y nudos visibles, a\u00f1adiendo un encanto especial a la decoraci\u00f3n de . Si lo deseas, <a href=\"https:\/\/www.garciavarona.com\/producto\/rodaja-de-madera-de-roble-mesita-auxiliar-con-ruedas-referencia-roble221117a\/\" target=\"_blank\" rel=\"noopener\">puedes combinarla con la pieza de referencia ROBLE221117A<\/a> para crear un conjunto r\u00fastico. Adem\u00e1s, esta mesita auxiliar viene con 4 ruedas preinstaladas, 2 de ellas con freno para mayor estabilidad.<\/p>\n<p>Es importante tener en cuenta que la madera utilizada madera natural en bruto, lo que significa que con el tiempo puede presentar grietas o agrietarse. No te preocupes, estas caracter\u00edsticas son naturales y no afectan la calidad ni el uso de la mesa. Ten en cuenta que no se incluye el lijado ni el cepillado, ya que se mantiene en su estado natural. Tampoco tiene ning\u00fan tipo de acabado ni tratamiento. La madera utilizada proviene de bosques sostenibles, garantizando as\u00ed su origen ecofriendly.<\/p>\n<p>Es normal encontrar nudos, grietas o betas de distintos colores en la madera, ya que son propias de su naturaleza. Estas peculiaridades no deben considerarse defectos y no pueden ser motivo de cambio o devoluci\u00f3n.<\/p>\n<p><a href=\"https:\/\/www.garciavarona.com\/contactar\/\" target=\"_blank\" rel=\"noopener\">CONSULTAR<\/a> disponibilidad de otros di\u00e1metros y especies.<\/p>\n","protected":false},"excerpt":{"rendered":"<p>Mesita auxiliar de tronco de madera con 4 ruedas. Madera en bruto. Precio por pieza.<\/p>\n","protected":false},"featured_media":12790,"template":"","meta":[],"product_brand":[],"product_cat":[778,782,756],"product_tag":[1266,1196,1197,1265,1193,2122,1298,1336,1335],"class_list":{"0":"post-12796","1":"product","2":"type-product","3":"status-publish","4":"has-post-thumbnail","6":"product_cat-mesa-rustica","7":"product_cat-rodaja-de-madera","8":"product_cat-decoracion-madera","9":"product_tag-decoracion-rustica","10":"product_tag-mesa-de-madera","11":"product_tag-mesa-de-roble","12":"product_tag-mesa-rustica","13":"product_tag-mesita-de-madera","14":"product_tag-mesita-de-madera-con-ruedas","15":"product_tag-rodaja-de-madera","16":"product_tag-rodaja-de-roble","17":"product_tag-tronco-de-roble","19":"first","20":"instock","21":"taxable","22":"shipping-taxable","23":"purchasable","24":"product-type-simple"},"yoast_head":"<!-- This site is optimized with the Yoast SEO plugin v27.3 - https:\/\/yoast.com\/product\/yoast-seo-wordpress\/ -->\n<title>Mesa auxiliar de madera de roble en rodaja<\/title>\n<meta name=\"description\" content=\"Mesa de tronco de madera. Mesa auxiliar de madera de roble con ruedas. Pieza \u00fanica de madera natural en bruto sin acabado.\" \/>\n<meta name=\"robots\" content=\"index, follow, max-snippet:-1, max-image-preview:large, max-video-preview:-1\" \/>\n<link rel=\"canonical\" href=\"https:\/\/www.garciavarona.com\/en\/producto\/rodaja-de-madera-de-roble-mesita-auxiliar-con-ruedas-referencia-roble221117b\/\" \/>\n<meta property=\"og:locale\" content=\"en_US\" \/>\n<meta property=\"og:type\" content=\"article\" \/>\n<meta property=\"og:title\" content=\"Mesa auxiliar de madera de roble en rodaja\" \/>\n<meta property=\"og:description\" content=\"Mesa de tronco de madera. Mesa auxiliar de madera de roble con ruedas. Pieza \u00fanica de madera natural en bruto sin acabado.\" \/>\n<meta property=\"og:url\" content=\"https:\/\/www.garciavarona.com\/en\/producto\/rodaja-de-madera-de-roble-mesita-auxiliar-con-ruedas-referencia-roble221117b\/\" \/>\n<meta property=\"og:site_name\" content=\"Maderas Garcia Varona\" \/>\n<meta property=\"article:publisher\" content=\"https:\/\/www.facebook.com\/maderasgarciavaronagrupo\" \/>\n<meta property=\"article:modified_time\" content=\"2023-06-14T13:09:05+00:00\" \/>\n<meta property=\"og:image\" content=\"https:\/\/www.garciavarona.com\/wp-content\/uploads\/2021\/06\/1409-Rodaja-de-madera-de-roble-mesita-auxiliar-con-ruedas-referencia-ROBLE221117B.jpg\" \/>\n\t<meta property=\"og:image:width\" content=\"525\" \/>\n\t<meta property=\"og:image:height\" content=\"525\" \/>\n\t<meta property=\"og:image:type\" content=\"image\/jpeg\" \/>\n<meta name=\"twitter:card\" content=\"summary_large_image\" \/>\n<meta name=\"twitter:site\" content=\"@maderasvaronars\" \/>\n<meta name=\"twitter:label1\" content=\"Est. reading time\" \/>\n\t<meta name=\"twitter:data1\" content=\"2 minutes\" \/>\n<script type=\"application\/ld+json\" class=\"yoast-schema-graph\">{\"@context\":\"https:\\\/\\\/schema.org\",\"@graph\":[{\"@type\":[\"WebPage\",\"ItemPage\"],\"@id\":\"https:\\\/\\\/www.garciavarona.com\\\/en\\\/producto\\\/rodaja-de-madera-de-roble-mesita-auxiliar-con-ruedas-referencia-roble221117b\\\/\",\"url\":\"https:\\\/\\\/www.garciavarona.com\\\/en\\\/producto\\\/rodaja-de-madera-de-roble-mesita-auxiliar-con-ruedas-referencia-roble221117b\\\/\",\"name\":\"Mesa auxiliar de madera de roble en rodaja\",\"isPartOf\":{\"@id\":\"https:\\\/\\\/www.garciavarona.com\\\/en\\\/#website\"},\"primaryImageOfPage\":{\"@id\":\"https:\\\/\\\/www.garciavarona.com\\\/en\\\/producto\\\/rodaja-de-madera-de-roble-mesita-auxiliar-con-ruedas-referencia-roble221117b\\\/#primaryimage\"},\"image\":{\"@id\":\"https:\\\/\\\/www.garciavarona.com\\\/en\\\/producto\\\/rodaja-de-madera-de-roble-mesita-auxiliar-con-ruedas-referencia-roble221117b\\\/#primaryimage\"},\"thumbnailUrl\":\"https:\\\/\\\/www.garciavarona.com\\\/wp-content\\\/uploads\\\/2021\\\/06\\\/1409-Rodaja-de-madera-de-roble-mesita-auxiliar-con-ruedas-referencia-ROBLE221117B.jpg\",\"datePublished\":\"2021-06-10T14:18:44+00:00\",\"dateModified\":\"2023-06-14T13:09:05+00:00\",\"description\":\"Mesa de tronco de madera. Mesa auxiliar de madera de roble con ruedas. Pieza \u00fanica de madera natural en bruto sin acabado.\",\"breadcrumb\":{\"@id\":\"https:\\\/\\\/www.garciavarona.com\\\/en\\\/producto\\\/rodaja-de-madera-de-roble-mesita-auxiliar-con-ruedas-referencia-roble221117b\\\/#breadcrumb\"},\"inLanguage\":\"en-US\",\"potentialAction\":[{\"@type\":\"ReadAction\",\"target\":[\"https:\\\/\\\/www.garciavarona.com\\\/en\\\/producto\\\/rodaja-de-madera-de-roble-mesita-auxiliar-con-ruedas-referencia-roble221117b\\\/\"]}]},{\"@type\":\"ImageObject\",\"inLanguage\":\"en-US\",\"@id\":\"https:\\\/\\\/www.garciavarona.com\\\/en\\\/producto\\\/rodaja-de-madera-de-roble-mesita-auxiliar-con-ruedas-referencia-roble221117b\\\/#primaryimage\",\"url\":\"https:\\\/\\\/www.garciavarona.com\\\/wp-content\\\/uploads\\\/2021\\\/06\\\/1409-Rodaja-de-madera-de-roble-mesita-auxiliar-con-ruedas-referencia-ROBLE221117B.jpg\",\"contentUrl\":\"https:\\\/\\\/www.garciavarona.com\\\/wp-content\\\/uploads\\\/2021\\\/06\\\/1409-Rodaja-de-madera-de-roble-mesita-auxiliar-con-ruedas-referencia-ROBLE221117B.jpg\",\"width\":525,\"height\":525,\"caption\":\"Rodaja de madera de roble mesita auxiliar con ruedas referencia ROBLE221117B\"},{\"@type\":\"BreadcrumbList\",\"@id\":\"https:\\\/\\\/www.garciavarona.com\\\/en\\\/producto\\\/rodaja-de-madera-de-roble-mesita-auxiliar-con-ruedas-referencia-roble221117b\\\/#breadcrumb\",\"itemListElement\":[{\"@type\":\"ListItem\",\"position\":1,\"name\":\"Portada\",\"item\":\"https:\\\/\\\/www.garciavarona.com\\\/en\\\/\"},{\"@type\":\"ListItem\",\"position\":2,\"name\":\"Tienda Maderas Garc\u00eda Varona\",\"item\":\"https:\\\/\\\/www.garciavarona.com\\\/tienda\\\/\"},{\"@type\":\"ListItem\",\"position\":3,\"name\":\"Rodaja de madera de roble mesita auxiliar con ruedas referencia ROBLE221117B\"}]},{\"@type\":\"WebSite\",\"@id\":\"https:\\\/\\\/www.garciavarona.com\\\/en\\\/#website\",\"url\":\"https:\\\/\\\/www.garciavarona.com\\\/en\\\/\",\"name\":\"Maderas Garcia Varona\",\"description\":\"Fabrica y Aserradero de Madera. Expertos en Madera\",\"publisher\":{\"@id\":\"https:\\\/\\\/www.garciavarona.com\\\/en\\\/#organization\"},\"potentialAction\":[{\"@type\":\"SearchAction\",\"target\":{\"@type\":\"EntryPoint\",\"urlTemplate\":\"https:\\\/\\\/www.garciavarona.com\\\/en\\\/?s={search_term_string}\"},\"query-input\":{\"@type\":\"PropertyValueSpecification\",\"valueRequired\":true,\"valueName\":\"search_term_string\"}}],\"inLanguage\":\"en-US\"},{\"@type\":\"Organization\",\"@id\":\"https:\\\/\\\/www.garciavarona.com\\\/en\\\/#organization\",\"name\":\"Maderas Garcia Varona\",\"url\":\"https:\\\/\\\/www.garciavarona.com\\\/en\\\/\",\"logo\":{\"@type\":\"ImageObject\",\"inLanguage\":\"en-US\",\"@id\":\"https:\\\/\\\/www.garciavarona.com\\\/en\\\/#\\\/schema\\\/logo\\\/image\\\/\",\"url\":\"https:\\\/\\\/www.garciavarona.com\\\/wp-content\\\/uploads\\\/2022\\\/06\\\/logoGarciaVarona.svg\",\"contentUrl\":\"https:\\\/\\\/www.garciavarona.com\\\/wp-content\\\/uploads\\\/2022\\\/06\\\/logoGarciaVarona.svg\",\"width\":1020,\"height\":200,\"caption\":\"Maderas Garcia Varona\"},\"image\":{\"@id\":\"https:\\\/\\\/www.garciavarona.com\\\/en\\\/#\\\/schema\\\/logo\\\/image\\\/\"},\"sameAs\":[\"https:\\\/\\\/www.facebook.com\\\/maderasgarciavaronagrupo\",\"https:\\\/\\\/x.com\\\/maderasvaronars\",\"https:\\\/\\\/www.instagram.com\\\/maderasgarciavarona\\\/\",\"https:\\\/\\\/www.linkedin.com\\\/company\\\/maderas-garcia-varona\\\/\",\"https:\\\/\\\/www.youtube.com\\\/channel\\\/UCGUEME06N_h66pB2coJC83w\\\/featured\"]}]}<\/script>\n<!-- \/ Yoast SEO plugin. -->","yoast_head_json":{"title":"Mesa auxiliar de madera de roble en rodaja","description":"Mesa de tronco de madera. Mesa auxiliar de madera de roble con ruedas. Pieza \u00fanica de madera natural en bruto sin acabado.","robots":{"index":"index","follow":"follow","max-snippet":"max-snippet:-1","max-image-preview":"max-image-preview:large","max-video-preview":"max-video-preview:-1"},"canonical":"https:\/\/www.garciavarona.com\/en\/producto\/rodaja-de-madera-de-roble-mesita-auxiliar-con-ruedas-referencia-roble221117b\/","og_locale":"en_US","og_type":"article","og_title":"Mesa auxiliar de madera de roble en rodaja","og_description":"Mesa de tronco de madera. Mesa auxiliar de madera de roble con ruedas. Pieza \u00fanica de madera natural en bruto sin acabado.","og_url":"https:\/\/www.garciavarona.com\/en\/producto\/rodaja-de-madera-de-roble-mesita-auxiliar-con-ruedas-referencia-roble221117b\/","og_site_name":"Maderas Garcia Varona","article_publisher":"https:\/\/www.facebook.com\/maderasgarciavaronagrupo","article_modified_time":"2023-06-14T13:09:05+00:00","og_image":[{"width":525,"height":525,"url":"https:\/\/www.garciavarona.com\/wp-content\/uploads\/2021\/06\/1409-Rodaja-de-madera-de-roble-mesita-auxiliar-con-ruedas-referencia-ROBLE221117B.jpg","type":"image\/jpeg"}],"twitter_card":"summary_large_image","twitter_site":"@maderasvaronars","twitter_misc":{"Est. reading time":"2 minutes"},"schema":{"@context":"https:\/\/schema.org","@graph":[{"@type":["WebPage","ItemPage"],"@id":"https:\/\/www.garciavarona.com\/en\/producto\/rodaja-de-madera-de-roble-mesita-auxiliar-con-ruedas-referencia-roble221117b\/","url":"https:\/\/www.garciavarona.com\/en\/producto\/rodaja-de-madera-de-roble-mesita-auxiliar-con-ruedas-referencia-roble221117b\/","name":"Mesa auxiliar de madera de roble en rodaja","isPartOf":{"@id":"https:\/\/www.garciavarona.com\/en\/#website"},"primaryImageOfPage":{"@id":"https:\/\/www.garciavarona.com\/en\/producto\/rodaja-de-madera-de-roble-mesita-auxiliar-con-ruedas-referencia-roble221117b\/#primaryimage"},"image":{"@id":"https:\/\/www.garciavarona.com\/en\/producto\/rodaja-de-madera-de-roble-mesita-auxiliar-con-ruedas-referencia-roble221117b\/#primaryimage"},"thumbnailUrl":"https:\/\/www.garciavarona.com\/wp-content\/uploads\/2021\/06\/1409-Rodaja-de-madera-de-roble-mesita-auxiliar-con-ruedas-referencia-ROBLE221117B.jpg","datePublished":"2021-06-10T14:18:44+00:00","dateModified":"2023-06-14T13:09:05+00:00","description":"Mesa de tronco de madera. Mesa auxiliar de madera de roble con ruedas. Pieza \u00fanica de madera natural en bruto sin acabado.","breadcrumb":{"@id":"https:\/\/www.garciavarona.com\/en\/producto\/rodaja-de-madera-de-roble-mesita-auxiliar-con-ruedas-referencia-roble221117b\/#breadcrumb"},"inLanguage":"en-US","potentialAction":[{"@type":"ReadAction","target":["https:\/\/www.garciavarona.com\/en\/producto\/rodaja-de-madera-de-roble-mesita-auxiliar-con-ruedas-referencia-roble221117b\/"]}]},{"@type":"ImageObject","inLanguage":"en-US","@id":"https:\/\/www.garciavarona.com\/en\/producto\/rodaja-de-madera-de-roble-mesita-auxiliar-con-ruedas-referencia-roble221117b\/#primaryimage","url":"https:\/\/www.garciavarona.com\/wp-content\/uploads\/2021\/06\/1409-Rodaja-de-madera-de-roble-mesita-auxiliar-con-ruedas-referencia-ROBLE221117B.jpg","contentUrl":"https:\/\/www.garciavarona.com\/wp-content\/uploads\/2021\/06\/1409-Rodaja-de-madera-de-roble-mesita-auxiliar-con-ruedas-referencia-ROBLE221117B.jpg","width":525,"height":525,"caption":"Rodaja de madera de roble mesita auxiliar con ruedas referencia ROBLE221117B"},{"@type":"BreadcrumbList","@id":"https:\/\/www.garciavarona.com\/en\/producto\/rodaja-de-madera-de-roble-mesita-auxiliar-con-ruedas-referencia-roble221117b\/#breadcrumb","itemListElement":[{"@type":"ListItem","position":1,"name":"Portada","item":"https:\/\/www.garciavarona.com\/en\/"},{"@type":"ListItem","position":2,"name":"Tienda Maderas Garc\u00eda Varona","item":"https:\/\/www.garciavarona.com\/tienda\/"},{"@type":"ListItem","position":3,"name":"Rodaja de madera de roble mesita auxiliar con ruedas referencia ROBLE221117B"}]},{"@type":"WebSite","@id":"https:\/\/www.garciavarona.com\/en\/#website","url":"https:\/\/www.garciavarona.com\/en\/","name":"Maderas Garcia Varona","description":"Fabrica y Aserradero de Madera. Expertos en Madera","publisher":{"@id":"https:\/\/www.garciavarona.com\/en\/#organization"},"potentialAction":[{"@type":"SearchAction","target":{"@type":"EntryPoint","urlTemplate":"https:\/\/www.garciavarona.com\/en\/?s={search_term_string}"},"query-input":{"@type":"PropertyValueSpecification","valueRequired":true,"valueName":"search_term_string"}}],"inLanguage":"en-US"},{"@type":"Organization","@id":"https:\/\/www.garciavarona.com\/en\/#organization","name":"Maderas Garcia Varona","url":"https:\/\/www.garciavarona.com\/en\/","logo":{"@type":"ImageObject","inLanguage":"en-US","@id":"https:\/\/www.garciavarona.com\/en\/#\/schema\/logo\/image\/","url":"https:\/\/www.garciavarona.com\/wp-content\/uploads\/2022\/06\/logoGarciaVarona.svg","contentUrl":"https:\/\/www.garciavarona.com\/wp-content\/uploads\/2022\/06\/logoGarciaVarona.svg","width":1020,"height":200,"caption":"Maderas Garcia Varona"},"image":{"@id":"https:\/\/www.garciavarona.com\/en\/#\/schema\/logo\/image\/"},"sameAs":["https:\/\/www.facebook.com\/maderasgarciavaronagrupo","https:\/\/x.com\/maderasvaronars","https:\/\/www.instagram.com\/maderasgarciavarona\/","https:\/\/www.linkedin.com\/company\/maderas-garcia-varona\/","https:\/\/www.youtube.com\/channel\/UCGUEME06N_h66pB2coJC83w\/featured"]}]}},"_links":{"self":[{"href":"https:\/\/www.garciavarona.com\/en\/wp-json\/wp\/v2\/product\/12796","targetHints":{"allow":["GET"]}}],"collection":[{"href":"https:\/\/www.garciavarona.com\/en\/wp-json\/wp\/v2\/product"}],"about":[{"href":"https:\/\/www.garciavarona.com\/en\/wp-json\/wp\/v2\/types\/product"}],"version-history":[{"count":4,"href":"https:\/\/www.garciavarona.com\/en\/wp-json\/wp\/v2\/product\/12796\/revisions"}],"predecessor-version":[{"id":20271,"href":"https:\/\/www.garciavarona.com\/en\/wp-json\/wp\/v2\/product\/12796\/revisions\/20271"}],"wp:featuredmedia":[{"embeddable":true,"href":"https:\/\/www.garciavarona.com\/en\/wp-json\/wp\/v2\/media\/12790"}],"wp:attachment":[{"href":"https:\/\/www.garciavarona.com\/en\/wp-json\/wp\/v2\/media?parent=12796"}],"wp:term":[{"taxonomy":"product_brand","embeddable":true,"href":"https:\/\/www.garciavarona.com\/en\/wp-json\/wp\/v2\/product_brand?post=12796"},{"taxonomy":"product_cat","embeddable":true,"href":"https:\/\/www.garciavarona.com\/en\/wp-json\/wp\/v2\/product_cat?post=12796"},{"taxonomy":"product_tag","embeddable":true,"href":"https:\/\/www.garciavarona.com\/en\/wp-json\/wp\/v2\/product_tag?post=12796"}],"curies":[{"name":"wp","href":"https:\/\/api.w.org\/{rel}","templated":true}]}}