{"id":13152,"date":"2023-06-16T12:59:30","date_gmt":"2023-06-16T12:59:30","guid":{"rendered":"https:\/\/pruebas.garciavarona.com\/?post_type=product&#038;p=13152"},"modified":"2026-03-12T09:51:26","modified_gmt":"2026-03-12T08:51:26","slug":"tarima-de-madera-de-roble-macizo","status":"publish","type":"product","link":"https:\/\/www.garciavarona.com\/en\/producto\/tarima-de-madera-de-roble-macizo\/","title":{"rendered":"Tarima de madera de roble macizo"},"content":{"rendered":"<h1>Tarima de madera de roble macizo<\/h1>\n<p>Tarima de madera de roble macizo para suelo de interior. Fabricamos nuestro parqu\u00e9 est\u00e1ndar con roble europeo 100%, una especie de gran dureza y durabilidad natural. Compatible con suelo radiante. Tratamiento autoclave CU3 incluido. Largos de 400 a 2.200 mm. Precio por metro cuadrado.<\/p>\n<p>Descubre nuestra marca de suelo de madera, SOLQUER Parquets. En primer lugar somos uno de los pocos fabricantes europeos que controlamos todo el proceso de fabricaci\u00f3n, es decir, desde la selecci\u00f3n del tronco hasta el acabado final. Por lo tanto, realizamos todo el proceso productivo del parquet en nuestras instalaciones de Villarcayo (Burgos). Adem\u00e1s esta dedicaci\u00f3n nos permite ofrecer una tarima maciza de m\u00e1xima calidad y altamente competitiva, ya que no confiamos en procesos externos de fabricaci\u00f3n.<\/p>\n<h2>Ventajas del parquet de roble<\/h2>\n<p>Una de las ventajas clave de nuestra tarima de roble macizo es su compatibilidad con suelo radiante. La madera, como de hecho les ocurre a otros materiales, puede ser sensible a cambios abruptos de humedad y temperatura. Sin embargo, hemos desarrollado un producto que ha sido cuidadosamente dise\u00f1ado y probado para resistir estas fluctuaciones. Por ende, garantizamos un rendimiento \u00f3ptimo y duradero en cualquier entorno.<\/p>\n<p>Adem\u00e1s, nuestro parqu\u00e9 de roble macizo no solo destaca por su resistencia y durabilidad, sino tambi\u00e9n por su belleza y elegancia natural. De hecho, cada tabla es \u00fanica, con vetas y tonalidades distintivas, creando un ambiente c\u00e1lido y acogedor en cualquier espacio.<\/p>\n<p>En SOLQUER Parquets nos enorgullece ofrecer a nuestros clientes una soluci\u00f3n de suelo de madera de roble macizo de la m\u00e1s alta calidad. Adem\u00e1s esta calidad est\u00e1 respaldada por nuestro <a href=\"https:\/\/www.garciavarona.com\/compromisos\/\" target=\"_blank\" rel=\"noopener\">compromiso<\/a> con la excelencia en cada etapa de producci\u00f3n. Descubre la diferencia de elegir una tarima maciza fabricada por expertos y disfruta de la belleza y resistencia que solo el roble macizo puede brindar.<\/p>\n<p>Siempre recomendamos que la colocaci\u00f3n de la tarima de madera la realicen profesionales cualificados con experiencia en la colocaci\u00f3n de parqu\u00e9 macizo. Es importante contar en los proyectos con profesionales que conozcan la madera y tengan experiencia en su colocaci\u00f3n.<\/p>\n<p>Por \u00faltimo, te invitamos a consultar la posibilidad de acabados dsiponibles, adem\u00e1s de aprovechar nuestra oferta especial por lote completo o m\u00e1s de 100 m2.<\/p>\n<h2>Ficha t\u00e9cnica <strong>de parquet de roble macizo SOLQUER<\/strong><\/h2>\n<table border=\"1\" cellpadding=\"5\">\n<tbody>\n<tr>\n<td><strong>Descripci\u00f3n<\/strong><\/td>\n<td>Tabla con leng\u00fceta y ranura, de roble 100% macizo, fabricada seg\u00fan norma UNE-EN 13226 (Suelos de madera. Elementos de parqu\u00e9 macizo con ranuras y\/o leng\u00fcetas). Con junta de dilataci\u00f3n en contracara. Compatible con suelo radiante.<\/td>\n<\/tr>\n<tr>\n<td><strong>Largos<\/strong><\/td>\n<td>De 400 a 2.200 mm (30% de 400 a 900 mm y 70% de 900 a 2.200 mm, para pedidos de menos de 50 m2, la proporci\u00f3n de largos es una estimaci\u00f3n).<\/td>\n<\/tr>\n<tr>\n<td><strong>Calidad<\/strong><\/td>\n<td>Selecta-Primera, R\u00fastica-Natura, Declass\u00e9, Imperial, Provenzal, R\u00fastico<\/td>\n<\/tr>\n<tr>\n<td><strong>Espesor<\/strong><\/td>\n<td>15 mm, 21 mm<\/td>\n<\/tr>\n<tr>\n<td><strong>Colocaci\u00f3n<\/strong><\/td>\n<td>En interior, pegada y\/o clavada<\/td>\n<\/tr>\n<tr>\n<td><strong>Tratamiento<\/strong><\/td>\n<td>Autoclave CU3 incluido<\/td>\n<\/tr>\n<tr>\n<td><strong>Biseles<\/strong><\/td>\n<td>Go0 (sin bisel), Go2 (bisel 2 lados largos), Go4 (bisel 4 lados)<\/td>\n<\/tr>\n<\/tbody>\n<\/table>\n<p>&nbsp;<\/p>\n<h2><strong>Memoria de calidades de parquet de roble macizo SOLQUER<br \/>\n<\/strong><\/h2>\n<table border=\"1\" cellpadding=\"5\">\n<tbody>\n<tr>\n<td>Memoria de Calidades<\/td>\n<td>MATICES NATURALES DE COLOR<\/td>\n<td>ALBURA<\/td>\n<td>NUDOS<\/td>\n<td>GRIETAS<\/td>\n<td>PICADURAS<\/td>\n<\/tr>\n<tr>\n<td>SELECTA-PRIMERA<\/td>\n<td>Cara: Se admite una ligera variaci\u00f3n. Se admite coraz\u00f3n marr\u00f3n.<\/td>\n<td>Cara: Admisible ligeramente.<\/td>\n<td>Cara: M\u00e1ximo 10 mm de di\u00e1metro.<\/td>\n<td>Cara: Fendas superficiales hasta longitud de 15 mm.<\/td>\n<td>Cara: No admisible.<\/td>\n<\/tr>\n<tr>\n<td>R\u00daSTICA-NATURA<\/td>\n<td>Cara: Posibles variaciones de color. Espejuelo e hilo coraz\u00f3n permitido.<\/td>\n<td>Cara: Admisible.<\/td>\n<td>Cara: Se admiten<br \/>\nsiempre que no disminuyan la resistencia<br \/>\no la resistencia<br \/>\nal desgaste del parqu\u00e9.<\/td>\n<td>Cara: Se admiten todas las singularidades<br \/>\nposibles sin limitaci\u00f3n<br \/>\nde tama\u00f1o o cantidad<br \/>\nsiempre que no disminuyan<br \/>\nla resistencia o la resistencia<br \/>\nal desgaste del parqu\u00e9.<\/td>\n<td>Cara: No se admite con la excepci\u00f3n del azulado y las picaduras negras.<\/td>\n<\/tr>\n<tr>\n<td>DECLASS\u00c9<\/td>\n<td>Cara: Admisible variaciones de color.<\/td>\n<td>Cara: Admisible sin l\u00edmite.<\/td>\n<td>Cara: Se admiten<br \/>\nsiempre que no disminuyan la resistencia<br \/>\no la resistencia<br \/>\nal desgaste del parqu\u00e9.<\/td>\n<td>Cara: Se admiten todas las singularidades<br \/>\nposibles sin limitaci\u00f3n<br \/>\nde tama\u00f1o o cantidad<br \/>\nsiempre que no disminuyan<br \/>\nla resistencia o la resistencia<br \/>\nal desgaste del parqu\u00e9.<\/td>\n<td>Cara: Se admite, incluso picaduras negras y albura coloreada no sana.<\/td>\n<\/tr>\n<tr>\n<td>IMPERIAL<\/td>\n<td>Cara: Posibles variaciones de color. Espejuelo e hilo coraz\u00f3n permitido.<\/td>\n<td>Cara: Admisible.<\/td>\n<td>Cara: Decorativos, sin limite de tama\u00f1o y color, masillados.<\/td>\n<td>Cara: Masillados.<\/td>\n<td>Cara: Perforaciones de insecto espor\u00e1dicas, masilladas.<\/td>\n<\/tr>\n<tr>\n<td>NATURE<\/td>\n<td>Cara: Permitidos siempre que sean m\u00ednimos. Espejuelo permitido.<\/td>\n<td>Cara: No admisible.<\/td>\n<td>Cara: M\u00e1ximo 8 mm de di\u00e1metro.<\/td>\n<td>Cara: No admisible.<\/td>\n<td>Cara: No admisible.<\/td>\n<\/tr>\n<tr>\n<td>PROVENZAL<\/td>\n<td>Cara: Permitido. Espejuelo e hilo coraz\u00f3n permitido.<\/td>\n<td>Cara: Admisible<\/td>\n<td>Cara: Nudos media &lt;35 mm de di\u00e1metro. Di\u00e1metro m\u00e1ximo admitido 3\/5 del ancho. Siempre masillados.<\/td>\n<td>Cara: Ligeras y decorativas, siempre reparadas\/ cosm\u00e9tica.<\/td>\n<td>Cara: No admisible.<\/td>\n<\/tr>\n<tr>\n<td>R\u00daSTICO<\/td>\n<td>Cara: Permitido. Espejuelo, hilo coraz\u00f3n y marca azul permitido.<\/td>\n<td>Cara: Admisible<\/td>\n<td>Cara: Siempre masillados, sin l\u00edmite de medida y color.<\/td>\n<td>Cara: Admisible, siempre reparadas\/ cosm\u00e9tica.<\/td>\n<td>Cara: Admisibles.<\/td>\n<\/tr>\n<tr>\n<td colspan=\"7\">Contracara: Se admiten todas las singularidades posibles sin limitaci\u00f3n de tama\u00f1o o cantidad, siempre que no disminuyan la resistencia o la resistencia al desgaste del parqu\u00e9. Se admite la albura desde la contracara, hasta la parte superior de la leng\u00fceta sin considerar las limitaciones establecidas para la cara. Posibles picaduras.<\/td>\n<\/tr>\n<\/tbody>\n<\/table>\n","protected":false},"excerpt":{"rendered":"<p>Parqu\u00e9 de roble macizo. Tarima de madera compatible con suelo radiante. Precio por m2.<\/p>\n","protected":false},"featured_media":11084,"template":"","meta":[],"product_brand":[],"product_cat":[801,758,800],"product_tag":[2128,2129,2131,2132,1146,1241,2133,1240,2050,1123,2130],"class_list":{"0":"post-13152","1":"product","2":"type-product","3":"status-publish","4":"has-post-thumbnail","6":"product_cat-tarima-estandar","7":"product_cat-tarima-madera-interior","8":"product_cat-suelos","9":"product_tag-parque","10":"product_tag-parque-de-madera","11":"product_tag-parque-de-madera-de-roble","12":"product_tag-parque-de-roble","13":"product_tag-parquet","14":"product_tag-parquet-de-madera","15":"product_tag-parquet-de-madera-de-roble","16":"product_tag-parquet-de-roble","17":"product_tag-tarima","18":"product_tag-tarima-de-madera","19":"product_tag-tarima-de-madera-de-roble","20":"pa_ancho-70-mm","21":"pa_ancho-100-mm","22":"pa_ancho-120-mm","23":"pa_ancho-140-mm","24":"pa_ancho-160-mm","25":"pa_ancho-180-mm","26":"pa_bisel_tarima_interior-go0","27":"pa_bisel_tarima_interior-go2","28":"pa_bisel_tarima_interior-go4","29":"pa_calidad-selecta-primera","30":"pa_calidad-rustica-natura","31":"pa_calidad-imperial","32":"pa_calidad-nature","33":"pa_calidad-provenzal","34":"pa_calidad-rustico","35":"pa_calidad-declasse","36":"pa_grueso-15mm","37":"pa_grueso-21mm","38":"pa_marcas-solquer-parquets","39":"pa_sistema_resaltado_veta-sinsrv","40":"pa_sistema_resaltado_veta-consrv","42":"first","43":"instock","44":"taxable","45":"shipping-taxable","46":"purchasable","47":"product-type-variable","48":"has-default-attributes"},"yoast_head":"<!-- This site is optimized with the Yoast SEO plugin v27.3 - https:\/\/yoast.com\/product\/yoast-seo-wordpress\/ -->\n<title>Tarima de madera de roble macizo | Maderas Garcia Varona<\/title>\n<meta name=\"description\" content=\"Parqu\u00e9 de roble macizo. Tarima de madera de roble macizo compatible con suelo radiante. Suelo de madera interior. Directo de fabricante.\" \/>\n<meta name=\"robots\" content=\"index, follow, max-snippet:-1, max-image-preview:large, max-video-preview:-1\" \/>\n<link rel=\"canonical\" href=\"https:\/\/www.garciavarona.com\/en\/producto\/tarima-de-madera-de-roble-macizo\/\" \/>\n<meta property=\"og:locale\" content=\"en_US\" \/>\n<meta property=\"og:type\" content=\"article\" \/>\n<meta property=\"og:title\" content=\"Tarima de madera de roble macizo | Maderas Garcia Varona\" \/>\n<meta property=\"og:description\" content=\"Parqu\u00e9 de roble macizo. Tarima de madera de roble macizo compatible con suelo radiante. Suelo de madera interior. Directo de fabricante.\" \/>\n<meta property=\"og:url\" content=\"https:\/\/www.garciavarona.com\/en\/producto\/tarima-de-madera-de-roble-macizo\/\" \/>\n<meta property=\"og:site_name\" content=\"Maderas Garcia Varona\" \/>\n<meta property=\"article:publisher\" content=\"https:\/\/www.facebook.com\/maderasgarciavaronagrupo\" \/>\n<meta property=\"article:modified_time\" content=\"2026-03-12T08:51:26+00:00\" \/>\n<meta property=\"og:image\" content=\"https:\/\/www.garciavarona.com\/wp-content\/uploads\/2017\/12\/265-Tarima-de-roble-europeo-macizo-70-mm-de-ancho-SALDOS.jpg\" \/>\n\t<meta property=\"og:image:width\" content=\"525\" \/>\n\t<meta property=\"og:image:height\" content=\"525\" \/>\n\t<meta property=\"og:image:type\" content=\"image\/jpeg\" \/>\n<meta name=\"twitter:card\" content=\"summary_large_image\" \/>\n<meta name=\"twitter:site\" content=\"@maderasvaronars\" \/>\n<meta name=\"twitter:label1\" content=\"Est. reading time\" \/>\n\t<meta name=\"twitter:data1\" content=\"4 minutes\" \/>\n<script type=\"application\/ld+json\" class=\"yoast-schema-graph\">{\"@context\":\"https:\\\/\\\/schema.org\",\"@graph\":[{\"@type\":[\"WebPage\",\"ItemPage\"],\"@id\":\"https:\\\/\\\/www.garciavarona.com\\\/en\\\/producto\\\/tarima-de-madera-de-roble-macizo\\\/\",\"url\":\"https:\\\/\\\/www.garciavarona.com\\\/en\\\/producto\\\/tarima-de-madera-de-roble-macizo\\\/\",\"name\":\"Tarima de madera de roble macizo | Maderas Garcia Varona\",\"isPartOf\":{\"@id\":\"https:\\\/\\\/www.garciavarona.com\\\/en\\\/#website\"},\"primaryImageOfPage\":{\"@id\":\"https:\\\/\\\/www.garciavarona.com\\\/en\\\/producto\\\/tarima-de-madera-de-roble-macizo\\\/#primaryimage\"},\"image\":{\"@id\":\"https:\\\/\\\/www.garciavarona.com\\\/en\\\/producto\\\/tarima-de-madera-de-roble-macizo\\\/#primaryimage\"},\"thumbnailUrl\":\"https:\\\/\\\/www.garciavarona.com\\\/wp-content\\\/uploads\\\/2017\\\/12\\\/265-Tarima-de-roble-europeo-macizo-70-mm-de-ancho-SALDOS.jpg\",\"datePublished\":\"2023-06-16T12:59:30+00:00\",\"dateModified\":\"2026-03-12T08:51:26+00:00\",\"description\":\"Parqu\u00e9 de roble macizo. Tarima de madera de roble macizo compatible con suelo radiante. Suelo de madera interior. Directo de fabricante.\",\"breadcrumb\":{\"@id\":\"https:\\\/\\\/www.garciavarona.com\\\/en\\\/producto\\\/tarima-de-madera-de-roble-macizo\\\/#breadcrumb\"},\"inLanguage\":\"en-US\",\"potentialAction\":[{\"@type\":\"ReadAction\",\"target\":[\"https:\\\/\\\/www.garciavarona.com\\\/en\\\/producto\\\/tarima-de-madera-de-roble-macizo\\\/\"]}]},{\"@type\":\"ImageObject\",\"inLanguage\":\"en-US\",\"@id\":\"https:\\\/\\\/www.garciavarona.com\\\/en\\\/producto\\\/tarima-de-madera-de-roble-macizo\\\/#primaryimage\",\"url\":\"https:\\\/\\\/www.garciavarona.com\\\/wp-content\\\/uploads\\\/2017\\\/12\\\/265-Tarima-de-roble-europeo-macizo-70-mm-de-ancho-SALDOS.jpg\",\"contentUrl\":\"https:\\\/\\\/www.garciavarona.com\\\/wp-content\\\/uploads\\\/2017\\\/12\\\/265-Tarima-de-roble-europeo-macizo-70-mm-de-ancho-SALDOS.jpg\",\"width\":525,\"height\":525,\"caption\":\"Tarima de madera de roble maciza - parque de roble - SOLQUER Parquets - Maderas Garc\u00eda Varona - acabado BRUMA (5% blanco)\"},{\"@type\":\"BreadcrumbList\",\"@id\":\"https:\\\/\\\/www.garciavarona.com\\\/en\\\/producto\\\/tarima-de-madera-de-roble-macizo\\\/#breadcrumb\",\"itemListElement\":[{\"@type\":\"ListItem\",\"position\":1,\"name\":\"Portada\",\"item\":\"https:\\\/\\\/www.garciavarona.com\\\/en\\\/\"},{\"@type\":\"ListItem\",\"position\":2,\"name\":\"Tienda Maderas Garc\u00eda Varona\",\"item\":\"https:\\\/\\\/www.garciavarona.com\\\/tienda\\\/\"},{\"@type\":\"ListItem\",\"position\":3,\"name\":\"Tarima de madera de roble macizo\"}]},{\"@type\":\"WebSite\",\"@id\":\"https:\\\/\\\/www.garciavarona.com\\\/en\\\/#website\",\"url\":\"https:\\\/\\\/www.garciavarona.com\\\/en\\\/\",\"name\":\"Maderas Garcia Varona\",\"description\":\"Fabrica y Aserradero de Madera. Expertos en Madera\",\"publisher\":{\"@id\":\"https:\\\/\\\/www.garciavarona.com\\\/en\\\/#organization\"},\"potentialAction\":[{\"@type\":\"SearchAction\",\"target\":{\"@type\":\"EntryPoint\",\"urlTemplate\":\"https:\\\/\\\/www.garciavarona.com\\\/en\\\/?s={search_term_string}\"},\"query-input\":{\"@type\":\"PropertyValueSpecification\",\"valueRequired\":true,\"valueName\":\"search_term_string\"}}],\"inLanguage\":\"en-US\"},{\"@type\":\"Organization\",\"@id\":\"https:\\\/\\\/www.garciavarona.com\\\/en\\\/#organization\",\"name\":\"Maderas Garcia Varona\",\"url\":\"https:\\\/\\\/www.garciavarona.com\\\/en\\\/\",\"logo\":{\"@type\":\"ImageObject\",\"inLanguage\":\"en-US\",\"@id\":\"https:\\\/\\\/www.garciavarona.com\\\/en\\\/#\\\/schema\\\/logo\\\/image\\\/\",\"url\":\"https:\\\/\\\/www.garciavarona.com\\\/wp-content\\\/uploads\\\/2022\\\/06\\\/logoGarciaVarona.svg\",\"contentUrl\":\"https:\\\/\\\/www.garciavarona.com\\\/wp-content\\\/uploads\\\/2022\\\/06\\\/logoGarciaVarona.svg\",\"width\":1020,\"height\":200,\"caption\":\"Maderas Garcia Varona\"},\"image\":{\"@id\":\"https:\\\/\\\/www.garciavarona.com\\\/en\\\/#\\\/schema\\\/logo\\\/image\\\/\"},\"sameAs\":[\"https:\\\/\\\/www.facebook.com\\\/maderasgarciavaronagrupo\",\"https:\\\/\\\/x.com\\\/maderasvaronars\",\"https:\\\/\\\/www.instagram.com\\\/maderasgarciavarona\\\/\",\"https:\\\/\\\/www.linkedin.com\\\/company\\\/maderas-garcia-varona\\\/\",\"https:\\\/\\\/www.youtube.com\\\/channel\\\/UCGUEME06N_h66pB2coJC83w\\\/featured\"]}]}<\/script>\n<!-- \/ Yoast SEO plugin. -->","yoast_head_json":{"title":"Tarima de madera de roble macizo | Maderas Garcia Varona","description":"Parqu\u00e9 de roble macizo. Tarima de madera de roble macizo compatible con suelo radiante. Suelo de madera interior. Directo de fabricante.","robots":{"index":"index","follow":"follow","max-snippet":"max-snippet:-1","max-image-preview":"max-image-preview:large","max-video-preview":"max-video-preview:-1"},"canonical":"https:\/\/www.garciavarona.com\/en\/producto\/tarima-de-madera-de-roble-macizo\/","og_locale":"en_US","og_type":"article","og_title":"Tarima de madera de roble macizo | Maderas Garcia Varona","og_description":"Parqu\u00e9 de roble macizo. Tarima de madera de roble macizo compatible con suelo radiante. Suelo de madera interior. Directo de fabricante.","og_url":"https:\/\/www.garciavarona.com\/en\/producto\/tarima-de-madera-de-roble-macizo\/","og_site_name":"Maderas Garcia Varona","article_publisher":"https:\/\/www.facebook.com\/maderasgarciavaronagrupo","article_modified_time":"2026-03-12T08:51:26+00:00","og_image":[{"width":525,"height":525,"url":"https:\/\/www.garciavarona.com\/wp-content\/uploads\/2017\/12\/265-Tarima-de-roble-europeo-macizo-70-mm-de-ancho-SALDOS.jpg","type":"image\/jpeg"}],"twitter_card":"summary_large_image","twitter_site":"@maderasvaronars","twitter_misc":{"Est. reading time":"4 minutes"},"schema":{"@context":"https:\/\/schema.org","@graph":[{"@type":["WebPage","ItemPage"],"@id":"https:\/\/www.garciavarona.com\/en\/producto\/tarima-de-madera-de-roble-macizo\/","url":"https:\/\/www.garciavarona.com\/en\/producto\/tarima-de-madera-de-roble-macizo\/","name":"Tarima de madera de roble macizo | Maderas Garcia Varona","isPartOf":{"@id":"https:\/\/www.garciavarona.com\/en\/#website"},"primaryImageOfPage":{"@id":"https:\/\/www.garciavarona.com\/en\/producto\/tarima-de-madera-de-roble-macizo\/#primaryimage"},"image":{"@id":"https:\/\/www.garciavarona.com\/en\/producto\/tarima-de-madera-de-roble-macizo\/#primaryimage"},"thumbnailUrl":"https:\/\/www.garciavarona.com\/wp-content\/uploads\/2017\/12\/265-Tarima-de-roble-europeo-macizo-70-mm-de-ancho-SALDOS.jpg","datePublished":"2023-06-16T12:59:30+00:00","dateModified":"2026-03-12T08:51:26+00:00","description":"Parqu\u00e9 de roble macizo. Tarima de madera de roble macizo compatible con suelo radiante. Suelo de madera interior. Directo de fabricante.","breadcrumb":{"@id":"https:\/\/www.garciavarona.com\/en\/producto\/tarima-de-madera-de-roble-macizo\/#breadcrumb"},"inLanguage":"en-US","potentialAction":[{"@type":"ReadAction","target":["https:\/\/www.garciavarona.com\/en\/producto\/tarima-de-madera-de-roble-macizo\/"]}]},{"@type":"ImageObject","inLanguage":"en-US","@id":"https:\/\/www.garciavarona.com\/en\/producto\/tarima-de-madera-de-roble-macizo\/#primaryimage","url":"https:\/\/www.garciavarona.com\/wp-content\/uploads\/2017\/12\/265-Tarima-de-roble-europeo-macizo-70-mm-de-ancho-SALDOS.jpg","contentUrl":"https:\/\/www.garciavarona.com\/wp-content\/uploads\/2017\/12\/265-Tarima-de-roble-europeo-macizo-70-mm-de-ancho-SALDOS.jpg","width":525,"height":525,"caption":"Tarima de madera de roble maciza - parque de roble - SOLQUER Parquets - Maderas Garc\u00eda Varona - acabado BRUMA (5% blanco)"},{"@type":"BreadcrumbList","@id":"https:\/\/www.garciavarona.com\/en\/producto\/tarima-de-madera-de-roble-macizo\/#breadcrumb","itemListElement":[{"@type":"ListItem","position":1,"name":"Portada","item":"https:\/\/www.garciavarona.com\/en\/"},{"@type":"ListItem","position":2,"name":"Tienda Maderas Garc\u00eda Varona","item":"https:\/\/www.garciavarona.com\/tienda\/"},{"@type":"ListItem","position":3,"name":"Tarima de madera de roble macizo"}]},{"@type":"WebSite","@id":"https:\/\/www.garciavarona.com\/en\/#website","url":"https:\/\/www.garciavarona.com\/en\/","name":"Maderas Garcia Varona","description":"Fabrica y Aserradero de Madera. Expertos en Madera","publisher":{"@id":"https:\/\/www.garciavarona.com\/en\/#organization"},"potentialAction":[{"@type":"SearchAction","target":{"@type":"EntryPoint","urlTemplate":"https:\/\/www.garciavarona.com\/en\/?s={search_term_string}"},"query-input":{"@type":"PropertyValueSpecification","valueRequired":true,"valueName":"search_term_string"}}],"inLanguage":"en-US"},{"@type":"Organization","@id":"https:\/\/www.garciavarona.com\/en\/#organization","name":"Maderas Garcia Varona","url":"https:\/\/www.garciavarona.com\/en\/","logo":{"@type":"ImageObject","inLanguage":"en-US","@id":"https:\/\/www.garciavarona.com\/en\/#\/schema\/logo\/image\/","url":"https:\/\/www.garciavarona.com\/wp-content\/uploads\/2022\/06\/logoGarciaVarona.svg","contentUrl":"https:\/\/www.garciavarona.com\/wp-content\/uploads\/2022\/06\/logoGarciaVarona.svg","width":1020,"height":200,"caption":"Maderas Garcia Varona"},"image":{"@id":"https:\/\/www.garciavarona.com\/en\/#\/schema\/logo\/image\/"},"sameAs":["https:\/\/www.facebook.com\/maderasgarciavaronagrupo","https:\/\/x.com\/maderasvaronars","https:\/\/www.instagram.com\/maderasgarciavarona\/","https:\/\/www.linkedin.com\/company\/maderas-garcia-varona\/","https:\/\/www.youtube.com\/channel\/UCGUEME06N_h66pB2coJC83w\/featured"]}]}},"_links":{"self":[{"href":"https:\/\/www.garciavarona.com\/en\/wp-json\/wp\/v2\/product\/13152","targetHints":{"allow":["GET"]}}],"collection":[{"href":"https:\/\/www.garciavarona.com\/en\/wp-json\/wp\/v2\/product"}],"about":[{"href":"https:\/\/www.garciavarona.com\/en\/wp-json\/wp\/v2\/types\/product"}],"version-history":[{"count":6,"href":"https:\/\/www.garciavarona.com\/en\/wp-json\/wp\/v2\/product\/13152\/revisions"}],"predecessor-version":[{"id":22824,"href":"https:\/\/www.garciavarona.com\/en\/wp-json\/wp\/v2\/product\/13152\/revisions\/22824"}],"wp:featuredmedia":[{"embeddable":true,"href":"https:\/\/www.garciavarona.com\/en\/wp-json\/wp\/v2\/media\/11084"}],"wp:attachment":[{"href":"https:\/\/www.garciavarona.com\/en\/wp-json\/wp\/v2\/media?parent=13152"}],"wp:term":[{"taxonomy":"product_brand","embeddable":true,"href":"https:\/\/www.garciavarona.com\/en\/wp-json\/wp\/v2\/product_brand?post=13152"},{"taxonomy":"product_cat","embeddable":true,"href":"https:\/\/www.garciavarona.com\/en\/wp-json\/wp\/v2\/product_cat?post=13152"},{"taxonomy":"product_tag","embeddable":true,"href":"https:\/\/www.garciavarona.com\/en\/wp-json\/wp\/v2\/product_tag?post=13152"}],"curies":[{"name":"wp","href":"https:\/\/api.w.org\/{rel}","templated":true}]}}