{"id":13775,"date":"2022-06-02T14:50:10","date_gmt":"2022-06-02T14:50:10","guid":{"rendered":"https:\/\/pruebas.garciavarona.com\/?post_type=product&#038;p=13775"},"modified":"2024-02-28T16:09:07","modified_gmt":"2024-02-28T16:09:07","slug":"lasur-sikkens-cetol","status":"publish","type":"product","link":"https:\/\/www.garciavarona.com\/en\/producto\/lasur-sikkens-cetol\/","title":{"rendered":"Lasur Sikkens Cetol"},"content":{"rendered":"<h2>Lasur Sikkens Cetol<\/h2>\n<p><strong>Lasur Sikkens Cetol<\/strong> es un saturador en base agua y tres productos en uno: imprimador, recubrimiento intermedio y acabado mate trasl\u00facido. Se disuelve con agua, para madera deja un aspecto acabado aceite. Sistema de 1 producto 3 capas, a poro abierto (permite la regulaci\u00f3n de la humedad); tiene alta permeabilidad al vapor de agua. Combina una buena humectaci\u00f3n de la superficie de madera sin descascarillado y una protecci\u00f3n contra rayos UV y humedad.<\/p>\n<p>Disponible en varios colores trasl\u00facidos que se pueden mezclar entre s\u00ed. El aspecto de los colores sobre diferentes superficies puede variar. Es recomendable realizar pruebas sobre la madera a tratar antes de su aplicaci\u00f3n. Los colores oscuros proporcionan mayor protecci\u00f3n a la intemperie que los claros.<\/p>\n<p>Seleccione para uso interior (WF 761) o uso exterior (WF 771). El lasur es el tratamiento m\u00e1s apropiado para madera que se encuentra en el exterior. Como la madera es un material poroso absorbe el lasur, que penetra y protege la madera en profundidad. La flexibilidad de las resinas que lo componen, le permite adaptarse a las variaciones de la madera.<\/p>\n<h4>Lasur Sikkens Cetol: Sistema 1 Producto \u2013 3 Capas, exterior<\/h4>\n<ul>\n<li>Listo al uso<\/li>\n<li>Alta permeavilidad al vapor de agua<\/li>\n<li>Protecci\u00f3n frente a los rayos UV<\/li>\n<li>Resistente al sudor y la saliva (segun DIN EN 71, cap.3)<\/li>\n<li>Rendimiento 100 \u2013 150 g\/m2.<\/li>\n<li>Diluci\u00f3n: No diluir.<\/li>\n<\/ul>\n<p>Tiempos de secado:<\/p>\n<p>Secado a 23 \u00b0C \/ 50 % H.R.. DIN 50014.<\/p>\n<p>Secado al polvo: despu\u00e9s de aprox. 30 minutos.<\/p>\n<p>Lijable: despu\u00e9s de aprox. 4 horas.<\/p>\n<p>Repintable: tras aprox. 4 \u2013 6 horas con producto base agua.<\/p>\n<p>El secado depende del grosor de pel\u00edcula y de la ventilaci\u00f3n. Puede retrasarse en maderas con alto contenido en extractivos y por condiciones ambientales adversas de alta humedad y baja temperatura. Durante el secado, hay que asegurar que exista una temperatura adecuada y una circulaci\u00f3n del aire correcta. Si las condiciones de secado no son respetadas no se puede garantizar los da\u00f1os ocasionados.<\/p>\n","protected":false},"excerpt":{"rendered":"<p>Protector de madera a poro abierto, respetando las vetas de la madera. Saturador de madera lasur, hidratante. Precio por bote.<\/p>\n","protected":false},"featured_media":13785,"template":"","meta":[],"product_brand":[],"product_cat":[757,791],"product_tag":[1540,1543,1541,1218,2071,1542],"class_list":{"0":"post-13775","1":"product","2":"type-product","3":"status-publish","4":"has-post-thumbnail","6":"product_cat-outlet-de-madera","7":"product_cat-productos-mantenimiento-outlet","8":"product_tag-barnices","9":"product_tag-barnices-y-lasures","10":"product_tag-lasures","11":"product_tag-mantenimiento-de-suelo-de-madera","12":"product_tag-mantenimiento-de-tarima-de-madera","13":"product_tag-mantenimiento-madera","14":"pa_cantidad-1-litro","15":"pa_cantidad-250-litros","16":"pa_marcas-solquer-parquets","18":"first","19":"outofstock","20":"taxable","21":"shipping-taxable","22":"product-type-variable","23":"has-default-attributes"},"yoast_head":"<!-- This site is optimized with the Yoast SEO plugin v27.3 - https:\/\/yoast.com\/product\/yoast-seo-wordpress\/ -->\n<title>Lasur Sikkens Cetol | Maderas Garcia Varona<\/title>\n<meta name=\"description\" content=\"Lasur Sikkens Cetol es un saturador en base agua y tres productos en uno: imprimador, recubrimiento intermedio y acabado mate trasl\u00facido.\" \/>\n<meta name=\"robots\" content=\"index, follow, max-snippet:-1, max-image-preview:large, max-video-preview:-1\" \/>\n<link rel=\"canonical\" href=\"https:\/\/www.garciavarona.com\/en\/producto\/lasur-sikkens-cetol\/\" \/>\n<meta property=\"og:locale\" content=\"en_US\" \/>\n<meta property=\"og:type\" content=\"article\" \/>\n<meta property=\"og:title\" content=\"Lasur Sikkens Cetol | Maderas Garcia Varona\" \/>\n<meta property=\"og:description\" content=\"Lasur Sikkens Cetol es un saturador en base agua y tres productos en uno: imprimador, recubrimiento intermedio y acabado mate trasl\u00facido.\" \/>\n<meta property=\"og:url\" content=\"https:\/\/www.garciavarona.com\/en\/producto\/lasur-sikkens-cetol\/\" \/>\n<meta property=\"og:site_name\" content=\"Maderas Garcia Varona\" \/>\n<meta property=\"article:publisher\" content=\"https:\/\/www.facebook.com\/maderasgarciavaronagrupo\" \/>\n<meta property=\"article:modified_time\" content=\"2024-02-28T16:09:07+00:00\" \/>\n<meta property=\"og:image\" content=\"https:\/\/www.garciavarona.com\/wp-content\/uploads\/2022\/06\/447-Sikkens-Cetol-WF-771-Blanco-Perla-2.5-l.jpg\" \/>\n\t<meta property=\"og:image:width\" content=\"500\" \/>\n\t<meta property=\"og:image:height\" content=\"500\" \/>\n\t<meta property=\"og:image:type\" content=\"image\/jpeg\" \/>\n<meta name=\"twitter:card\" content=\"summary_large_image\" \/>\n<meta name=\"twitter:site\" content=\"@maderasvaronars\" \/>\n<meta name=\"twitter:label1\" content=\"Est. reading time\" \/>\n\t<meta name=\"twitter:data1\" content=\"2 minutes\" \/>\n<script type=\"application\/ld+json\" class=\"yoast-schema-graph\">{\"@context\":\"https:\\\/\\\/schema.org\",\"@graph\":[{\"@type\":[\"WebPage\",\"ItemPage\"],\"@id\":\"https:\\\/\\\/www.garciavarona.com\\\/en\\\/producto\\\/lasur-sikkens-cetol\\\/\",\"url\":\"https:\\\/\\\/www.garciavarona.com\\\/en\\\/producto\\\/lasur-sikkens-cetol\\\/\",\"name\":\"Lasur Sikkens Cetol | Maderas Garcia Varona\",\"isPartOf\":{\"@id\":\"https:\\\/\\\/www.garciavarona.com\\\/en\\\/#website\"},\"primaryImageOfPage\":{\"@id\":\"https:\\\/\\\/www.garciavarona.com\\\/en\\\/producto\\\/lasur-sikkens-cetol\\\/#primaryimage\"},\"image\":{\"@id\":\"https:\\\/\\\/www.garciavarona.com\\\/en\\\/producto\\\/lasur-sikkens-cetol\\\/#primaryimage\"},\"thumbnailUrl\":\"https:\\\/\\\/www.garciavarona.com\\\/wp-content\\\/uploads\\\/2022\\\/06\\\/447-Sikkens-Cetol-WF-771-Blanco-Perla-2.5-l.jpg\",\"datePublished\":\"2022-06-02T14:50:10+00:00\",\"dateModified\":\"2024-02-28T16:09:07+00:00\",\"description\":\"Lasur Sikkens Cetol es un saturador en base agua y tres productos en uno: imprimador, recubrimiento intermedio y acabado mate trasl\u00facido.\",\"breadcrumb\":{\"@id\":\"https:\\\/\\\/www.garciavarona.com\\\/en\\\/producto\\\/lasur-sikkens-cetol\\\/#breadcrumb\"},\"inLanguage\":\"en-US\",\"potentialAction\":[{\"@type\":\"ReadAction\",\"target\":[\"https:\\\/\\\/www.garciavarona.com\\\/en\\\/producto\\\/lasur-sikkens-cetol\\\/\"]}]},{\"@type\":\"ImageObject\",\"inLanguage\":\"en-US\",\"@id\":\"https:\\\/\\\/www.garciavarona.com\\\/en\\\/producto\\\/lasur-sikkens-cetol\\\/#primaryimage\",\"url\":\"https:\\\/\\\/www.garciavarona.com\\\/wp-content\\\/uploads\\\/2022\\\/06\\\/447-Sikkens-Cetol-WF-771-Blanco-Perla-2.5-l.jpg\",\"contentUrl\":\"https:\\\/\\\/www.garciavarona.com\\\/wp-content\\\/uploads\\\/2022\\\/06\\\/447-Sikkens-Cetol-WF-771-Blanco-Perla-2.5-l.jpg\",\"width\":500,\"height\":500,\"caption\":\"Pintura para madera\"},{\"@type\":\"BreadcrumbList\",\"@id\":\"https:\\\/\\\/www.garciavarona.com\\\/en\\\/producto\\\/lasur-sikkens-cetol\\\/#breadcrumb\",\"itemListElement\":[{\"@type\":\"ListItem\",\"position\":1,\"name\":\"Portada\",\"item\":\"https:\\\/\\\/www.garciavarona.com\\\/en\\\/\"},{\"@type\":\"ListItem\",\"position\":2,\"name\":\"Tienda Maderas Garc\u00eda Varona\",\"item\":\"https:\\\/\\\/www.garciavarona.com\\\/tienda\\\/\"},{\"@type\":\"ListItem\",\"position\":3,\"name\":\"Lasur Sikkens Cetol\"}]},{\"@type\":\"WebSite\",\"@id\":\"https:\\\/\\\/www.garciavarona.com\\\/en\\\/#website\",\"url\":\"https:\\\/\\\/www.garciavarona.com\\\/en\\\/\",\"name\":\"Maderas Garcia Varona\",\"description\":\"Fabrica y Aserradero de Madera. Expertos en Madera\",\"publisher\":{\"@id\":\"https:\\\/\\\/www.garciavarona.com\\\/en\\\/#organization\"},\"potentialAction\":[{\"@type\":\"SearchAction\",\"target\":{\"@type\":\"EntryPoint\",\"urlTemplate\":\"https:\\\/\\\/www.garciavarona.com\\\/en\\\/?s={search_term_string}\"},\"query-input\":{\"@type\":\"PropertyValueSpecification\",\"valueRequired\":true,\"valueName\":\"search_term_string\"}}],\"inLanguage\":\"en-US\"},{\"@type\":\"Organization\",\"@id\":\"https:\\\/\\\/www.garciavarona.com\\\/en\\\/#organization\",\"name\":\"Maderas Garcia Varona\",\"url\":\"https:\\\/\\\/www.garciavarona.com\\\/en\\\/\",\"logo\":{\"@type\":\"ImageObject\",\"inLanguage\":\"en-US\",\"@id\":\"https:\\\/\\\/www.garciavarona.com\\\/en\\\/#\\\/schema\\\/logo\\\/image\\\/\",\"url\":\"https:\\\/\\\/www.garciavarona.com\\\/wp-content\\\/uploads\\\/2022\\\/06\\\/logoGarciaVarona.svg\",\"contentUrl\":\"https:\\\/\\\/www.garciavarona.com\\\/wp-content\\\/uploads\\\/2022\\\/06\\\/logoGarciaVarona.svg\",\"width\":1020,\"height\":200,\"caption\":\"Maderas Garcia Varona\"},\"image\":{\"@id\":\"https:\\\/\\\/www.garciavarona.com\\\/en\\\/#\\\/schema\\\/logo\\\/image\\\/\"},\"sameAs\":[\"https:\\\/\\\/www.facebook.com\\\/maderasgarciavaronagrupo\",\"https:\\\/\\\/x.com\\\/maderasvaronars\",\"https:\\\/\\\/www.instagram.com\\\/maderasgarciavarona\\\/\",\"https:\\\/\\\/www.linkedin.com\\\/company\\\/maderas-garcia-varona\\\/\",\"https:\\\/\\\/www.youtube.com\\\/channel\\\/UCGUEME06N_h66pB2coJC83w\\\/featured\"]}]}<\/script>\n<!-- \/ Yoast SEO plugin. -->","yoast_head_json":{"title":"Lasur Sikkens Cetol | Maderas Garcia Varona","description":"Lasur Sikkens Cetol es un saturador en base agua y tres productos en uno: imprimador, recubrimiento intermedio y acabado mate trasl\u00facido.","robots":{"index":"index","follow":"follow","max-snippet":"max-snippet:-1","max-image-preview":"max-image-preview:large","max-video-preview":"max-video-preview:-1"},"canonical":"https:\/\/www.garciavarona.com\/en\/producto\/lasur-sikkens-cetol\/","og_locale":"en_US","og_type":"article","og_title":"Lasur Sikkens Cetol | Maderas Garcia Varona","og_description":"Lasur Sikkens Cetol es un saturador en base agua y tres productos en uno: imprimador, recubrimiento intermedio y acabado mate trasl\u00facido.","og_url":"https:\/\/www.garciavarona.com\/en\/producto\/lasur-sikkens-cetol\/","og_site_name":"Maderas Garcia Varona","article_publisher":"https:\/\/www.facebook.com\/maderasgarciavaronagrupo","article_modified_time":"2024-02-28T16:09:07+00:00","og_image":[{"width":500,"height":500,"url":"https:\/\/www.garciavarona.com\/wp-content\/uploads\/2022\/06\/447-Sikkens-Cetol-WF-771-Blanco-Perla-2.5-l.jpg","type":"image\/jpeg"}],"twitter_card":"summary_large_image","twitter_site":"@maderasvaronars","twitter_misc":{"Est. reading time":"2 minutes"},"schema":{"@context":"https:\/\/schema.org","@graph":[{"@type":["WebPage","ItemPage"],"@id":"https:\/\/www.garciavarona.com\/en\/producto\/lasur-sikkens-cetol\/","url":"https:\/\/www.garciavarona.com\/en\/producto\/lasur-sikkens-cetol\/","name":"Lasur Sikkens Cetol | Maderas Garcia Varona","isPartOf":{"@id":"https:\/\/www.garciavarona.com\/en\/#website"},"primaryImageOfPage":{"@id":"https:\/\/www.garciavarona.com\/en\/producto\/lasur-sikkens-cetol\/#primaryimage"},"image":{"@id":"https:\/\/www.garciavarona.com\/en\/producto\/lasur-sikkens-cetol\/#primaryimage"},"thumbnailUrl":"https:\/\/www.garciavarona.com\/wp-content\/uploads\/2022\/06\/447-Sikkens-Cetol-WF-771-Blanco-Perla-2.5-l.jpg","datePublished":"2022-06-02T14:50:10+00:00","dateModified":"2024-02-28T16:09:07+00:00","description":"Lasur Sikkens Cetol es un saturador en base agua y tres productos en uno: imprimador, recubrimiento intermedio y acabado mate trasl\u00facido.","breadcrumb":{"@id":"https:\/\/www.garciavarona.com\/en\/producto\/lasur-sikkens-cetol\/#breadcrumb"},"inLanguage":"en-US","potentialAction":[{"@type":"ReadAction","target":["https:\/\/www.garciavarona.com\/en\/producto\/lasur-sikkens-cetol\/"]}]},{"@type":"ImageObject","inLanguage":"en-US","@id":"https:\/\/www.garciavarona.com\/en\/producto\/lasur-sikkens-cetol\/#primaryimage","url":"https:\/\/www.garciavarona.com\/wp-content\/uploads\/2022\/06\/447-Sikkens-Cetol-WF-771-Blanco-Perla-2.5-l.jpg","contentUrl":"https:\/\/www.garciavarona.com\/wp-content\/uploads\/2022\/06\/447-Sikkens-Cetol-WF-771-Blanco-Perla-2.5-l.jpg","width":500,"height":500,"caption":"Pintura para madera"},{"@type":"BreadcrumbList","@id":"https:\/\/www.garciavarona.com\/en\/producto\/lasur-sikkens-cetol\/#breadcrumb","itemListElement":[{"@type":"ListItem","position":1,"name":"Portada","item":"https:\/\/www.garciavarona.com\/en\/"},{"@type":"ListItem","position":2,"name":"Tienda Maderas Garc\u00eda Varona","item":"https:\/\/www.garciavarona.com\/tienda\/"},{"@type":"ListItem","position":3,"name":"Lasur Sikkens Cetol"}]},{"@type":"WebSite","@id":"https:\/\/www.garciavarona.com\/en\/#website","url":"https:\/\/www.garciavarona.com\/en\/","name":"Maderas Garcia Varona","description":"Fabrica y Aserradero de Madera. Expertos en Madera","publisher":{"@id":"https:\/\/www.garciavarona.com\/en\/#organization"},"potentialAction":[{"@type":"SearchAction","target":{"@type":"EntryPoint","urlTemplate":"https:\/\/www.garciavarona.com\/en\/?s={search_term_string}"},"query-input":{"@type":"PropertyValueSpecification","valueRequired":true,"valueName":"search_term_string"}}],"inLanguage":"en-US"},{"@type":"Organization","@id":"https:\/\/www.garciavarona.com\/en\/#organization","name":"Maderas Garcia Varona","url":"https:\/\/www.garciavarona.com\/en\/","logo":{"@type":"ImageObject","inLanguage":"en-US","@id":"https:\/\/www.garciavarona.com\/en\/#\/schema\/logo\/image\/","url":"https:\/\/www.garciavarona.com\/wp-content\/uploads\/2022\/06\/logoGarciaVarona.svg","contentUrl":"https:\/\/www.garciavarona.com\/wp-content\/uploads\/2022\/06\/logoGarciaVarona.svg","width":1020,"height":200,"caption":"Maderas Garcia Varona"},"image":{"@id":"https:\/\/www.garciavarona.com\/en\/#\/schema\/logo\/image\/"},"sameAs":["https:\/\/www.facebook.com\/maderasgarciavaronagrupo","https:\/\/x.com\/maderasvaronars","https:\/\/www.instagram.com\/maderasgarciavarona\/","https:\/\/www.linkedin.com\/company\/maderas-garcia-varona\/","https:\/\/www.youtube.com\/channel\/UCGUEME06N_h66pB2coJC83w\/featured"]}]}},"_links":{"self":[{"href":"https:\/\/www.garciavarona.com\/en\/wp-json\/wp\/v2\/product\/13775","targetHints":{"allow":["GET"]}}],"collection":[{"href":"https:\/\/www.garciavarona.com\/en\/wp-json\/wp\/v2\/product"}],"about":[{"href":"https:\/\/www.garciavarona.com\/en\/wp-json\/wp\/v2\/types\/product"}],"version-history":[{"count":5,"href":"https:\/\/www.garciavarona.com\/en\/wp-json\/wp\/v2\/product\/13775\/revisions"}],"predecessor-version":[{"id":19632,"href":"https:\/\/www.garciavarona.com\/en\/wp-json\/wp\/v2\/product\/13775\/revisions\/19632"}],"wp:featuredmedia":[{"embeddable":true,"href":"https:\/\/www.garciavarona.com\/en\/wp-json\/wp\/v2\/media\/13785"}],"wp:attachment":[{"href":"https:\/\/www.garciavarona.com\/en\/wp-json\/wp\/v2\/media?parent=13775"}],"wp:term":[{"taxonomy":"product_brand","embeddable":true,"href":"https:\/\/www.garciavarona.com\/en\/wp-json\/wp\/v2\/product_brand?post=13775"},{"taxonomy":"product_cat","embeddable":true,"href":"https:\/\/www.garciavarona.com\/en\/wp-json\/wp\/v2\/product_cat?post=13775"},{"taxonomy":"product_tag","embeddable":true,"href":"https:\/\/www.garciavarona.com\/en\/wp-json\/wp\/v2\/product_tag?post=13775"}],"curies":[{"name":"wp","href":"https:\/\/api.w.org\/{rel}","templated":true}]}}