{"id":14500,"date":"2022-08-23T09:38:51","date_gmt":"2022-08-23T09:38:51","guid":{"rendered":"https:\/\/www.garciavarona.com\/tienda\/?post_type=product&#038;p=14500"},"modified":"2025-10-17T15:40:19","modified_gmt":"2025-10-17T13:40:19","slug":"tarima-para-exterior-de-roble-macizo","status":"publish","type":"product","link":"https:\/\/www.garciavarona.com\/en\/producto\/tarima-para-exterior-de-roble-macizo\/","title":{"rendered":"Tarima para exterior de roble macizo"},"content":{"rendered":"<h1>Tarima de roble macizo para exterior<\/h1>\n<p><strong>Tarima para exterior de roble macizo de varios anchos y acabados. Largos de 1.000 a 2.500 m<\/strong>m. (15% de 1.000 a 1.500 mm.). <strong>Tabla de madera 100% maciza<\/strong> para su colocaci\u00f3n clavada con tornillo visto (sistema l\u00edder en Europa por su estabilidad y durabilidad). Los precios indicados son por m<sup>2<\/sup>. Pedido m\u00ednimo 20 m<sup>2<\/sup>.<\/p>\n<p>Tratamiento Autoclave TR-CU3 incluido (garant\u00eda de 10 a\u00f1os). Acabado muy natural, con tablas limpias o con nudo siempre reparado.<\/p>\n<p>Fabricaci\u00f3n est\u00e1ndar:<\/p>\n<ul>\n<li>En cara: antideslizante y bisel Go2<\/li>\n<li>En contracara: junta de dilataci\u00f3n (ver perfiles)<\/li>\n<\/ul>\n<p>Acabado crudo: Sin acabado para exterior, listo para dar acabado en obra.<\/p>\n<p>Acabado exterior (lasur): Alto grado de protecci\u00f3n UV y resistencia a la humedad. Acabados Nogal y Roble.<\/p>\n<p>CONSULTAR precio para pedidos inferiores a 20 m<sup>2<\/sup>.<\/p>\n<p>&nbsp;<\/p>\n<h2>Usos de la tarima de roble macizo para exterior<\/h2>\n<p>La tarima de roble europeo tiene una alta resistencia a la humedad y es muy durable frente al ataque de hongos, por eso es muy recomendable para exteriores.\u00a0Es por eso que con frecuencia se utiliza madera de roble para revestimientos exteriores con madera y para instalaci\u00f3n de tarima de roble en exterior como deck.<\/p>\n<p>Sin duda, la\u00a0<strong>tarima de madera<\/strong><strong>\u00a0de roble<\/strong> es una de las soluciones m\u00e1s est\u00e9ticas y funcionales para la instalaci\u00f3n de suelos en terrazas, jardines o piscinas. Bien sea rodeando una piscina o en un porche techado, un suelo de madera de roble es una excelente alternativa para conseguir ese toque de estilo en nuestro jard\u00edn o terraza.<\/p>\n","protected":false},"excerpt":{"rendered":"<p>Tarima para exterior de roble macizo de varios anchos y acabados. Tabla de madera 100% maciza para su colocaci\u00f3n clavada con tornillo visto. Los precios indicados son por m<sup>2<\/sup>. Pedido m\u00ednimo 20 m<sup>2<\/sup>.<\/p>\n","protected":false},"featured_media":11343,"template":"","meta":[],"product_brand":[],"product_cat":[797,764,754,785],"product_tag":[1125,1126,1123,1122,1124],"class_list":{"0":"post-14500","1":"product","2":"type-product","3":"status-publish","4":"has-post-thumbnail","6":"product_cat-suelos-exterior","7":"product_cat-tarima-madera-exterior","8":"product_cat-madera-para-jardines","9":"product_cat-suelos-para-exterior-en-madera","10":"product_tag-madera-exterior","11":"product_tag-suelo-de-madera-exterior","12":"product_tag-tarima-de-madera","13":"product_tag-tarima-de-roble","14":"product_tag-tarima-para-exterior","15":"pa_ancho-105-mm","16":"pa_ancho-125-mm","17":"pa_ancho-145-mm","18":"pa_grueso-21mm","19":"pa_grueso-33mm","20":"pa_perfil_tarima-rbr12r","21":"pa_perfil_tarima-pfr4","22":"pa_perfil_tarima-pfr14","24":"first","25":"instock","26":"taxable","27":"shipping-taxable","28":"purchasable","29":"product-type-variable","30":"has-default-attributes"},"yoast_head":"<!-- This site is optimized with the Yoast SEO plugin v27.3 - https:\/\/yoast.com\/product\/yoast-seo-wordpress\/ -->\n<title>Tarima para exterior de roble macizo varios anchos y acabados<\/title>\n<meta name=\"description\" content=\"Tarima para exterior de roble macizo de varios anchos y acabado. Tabla de madera 100% maciza para terrazas, jardines y piscinas. Suelo de madera para jard\u00edn\" \/>\n<meta name=\"robots\" content=\"index, follow, max-snippet:-1, max-image-preview:large, max-video-preview:-1\" \/>\n<link rel=\"canonical\" href=\"https:\/\/www.garciavarona.com\/en\/producto\/tarima-para-exterior-de-roble-macizo\/\" \/>\n<meta property=\"og:locale\" content=\"en_US\" \/>\n<meta property=\"og:type\" content=\"article\" \/>\n<meta property=\"og:title\" content=\"Tarima para exterior de roble macizo varios anchos y acabados\" \/>\n<meta property=\"og:description\" content=\"Tarima para exterior de roble macizo de varios anchos y acabado. Tabla de madera 100% maciza para terrazas, jardines y piscinas. Suelo de madera para jard\u00edn\" \/>\n<meta property=\"og:url\" content=\"https:\/\/www.garciavarona.com\/en\/producto\/tarima-para-exterior-de-roble-macizo\/\" \/>\n<meta property=\"og:site_name\" content=\"Maderas Garcia Varona\" \/>\n<meta property=\"article:publisher\" content=\"https:\/\/www.facebook.com\/maderasgarciavaronagrupo\" \/>\n<meta property=\"article:modified_time\" content=\"2025-10-17T13:40:19+00:00\" \/>\n<meta property=\"og:image\" content=\"https:\/\/www.garciavarona.com\/wp-content\/uploads\/2018\/08\/210-Tarima-para-exterior-de-roble-macizo-105-mm.-de-ancho.jpg\" \/>\n\t<meta property=\"og:image:width\" content=\"500\" \/>\n\t<meta property=\"og:image:height\" content=\"500\" \/>\n\t<meta property=\"og:image:type\" content=\"image\/jpeg\" \/>\n<meta name=\"twitter:card\" content=\"summary_large_image\" \/>\n<meta name=\"twitter:site\" content=\"@maderasvaronars\" \/>\n<meta name=\"twitter:label1\" content=\"Est. reading time\" \/>\n\t<meta name=\"twitter:data1\" content=\"2 minutes\" \/>\n<script type=\"application\/ld+json\" class=\"yoast-schema-graph\">{\"@context\":\"https:\\\/\\\/schema.org\",\"@graph\":[{\"@type\":[\"WebPage\",\"ItemPage\"],\"@id\":\"https:\\\/\\\/www.garciavarona.com\\\/en\\\/producto\\\/tarima-para-exterior-de-roble-macizo\\\/\",\"url\":\"https:\\\/\\\/www.garciavarona.com\\\/en\\\/producto\\\/tarima-para-exterior-de-roble-macizo\\\/\",\"name\":\"Tarima para exterior de roble macizo varios anchos y acabados\",\"isPartOf\":{\"@id\":\"https:\\\/\\\/www.garciavarona.com\\\/en\\\/#website\"},\"primaryImageOfPage\":{\"@id\":\"https:\\\/\\\/www.garciavarona.com\\\/en\\\/producto\\\/tarima-para-exterior-de-roble-macizo\\\/#primaryimage\"},\"image\":{\"@id\":\"https:\\\/\\\/www.garciavarona.com\\\/en\\\/producto\\\/tarima-para-exterior-de-roble-macizo\\\/#primaryimage\"},\"thumbnailUrl\":\"https:\\\/\\\/www.garciavarona.com\\\/wp-content\\\/uploads\\\/2018\\\/08\\\/210-Tarima-para-exterior-de-roble-macizo-105-mm.-de-ancho.jpg\",\"datePublished\":\"2022-08-23T09:38:51+00:00\",\"dateModified\":\"2025-10-17T13:40:19+00:00\",\"description\":\"Tarima para exterior de roble macizo de varios anchos y acabado. Tabla de madera 100% maciza para terrazas, jardines y piscinas. Suelo de madera para jard\u00edn\",\"breadcrumb\":{\"@id\":\"https:\\\/\\\/www.garciavarona.com\\\/en\\\/producto\\\/tarima-para-exterior-de-roble-macizo\\\/#breadcrumb\"},\"inLanguage\":\"en-US\",\"potentialAction\":[{\"@type\":\"ReadAction\",\"target\":[\"https:\\\/\\\/www.garciavarona.com\\\/en\\\/producto\\\/tarima-para-exterior-de-roble-macizo\\\/\"]}]},{\"@type\":\"ImageObject\",\"inLanguage\":\"en-US\",\"@id\":\"https:\\\/\\\/www.garciavarona.com\\\/en\\\/producto\\\/tarima-para-exterior-de-roble-macizo\\\/#primaryimage\",\"url\":\"https:\\\/\\\/www.garciavarona.com\\\/wp-content\\\/uploads\\\/2018\\\/08\\\/210-Tarima-para-exterior-de-roble-macizo-105-mm.-de-ancho.jpg\",\"contentUrl\":\"https:\\\/\\\/www.garciavarona.com\\\/wp-content\\\/uploads\\\/2018\\\/08\\\/210-Tarima-para-exterior-de-roble-macizo-105-mm.-de-ancho.jpg\",\"width\":500,\"height\":500,\"caption\":\"Tarima para exterior de roble macizo 105 mm. de ancho\"},{\"@type\":\"BreadcrumbList\",\"@id\":\"https:\\\/\\\/www.garciavarona.com\\\/en\\\/producto\\\/tarima-para-exterior-de-roble-macizo\\\/#breadcrumb\",\"itemListElement\":[{\"@type\":\"ListItem\",\"position\":1,\"name\":\"Portada\",\"item\":\"https:\\\/\\\/www.garciavarona.com\\\/en\\\/\"},{\"@type\":\"ListItem\",\"position\":2,\"name\":\"Tienda Maderas Garc\u00eda Varona\",\"item\":\"https:\\\/\\\/www.garciavarona.com\\\/tienda\\\/\"},{\"@type\":\"ListItem\",\"position\":3,\"name\":\"Tarima para exterior de roble macizo\"}]},{\"@type\":\"WebSite\",\"@id\":\"https:\\\/\\\/www.garciavarona.com\\\/en\\\/#website\",\"url\":\"https:\\\/\\\/www.garciavarona.com\\\/en\\\/\",\"name\":\"Maderas Garcia Varona\",\"description\":\"Fabrica y Aserradero de Madera. Expertos en Madera\",\"publisher\":{\"@id\":\"https:\\\/\\\/www.garciavarona.com\\\/en\\\/#organization\"},\"potentialAction\":[{\"@type\":\"SearchAction\",\"target\":{\"@type\":\"EntryPoint\",\"urlTemplate\":\"https:\\\/\\\/www.garciavarona.com\\\/en\\\/?s={search_term_string}\"},\"query-input\":{\"@type\":\"PropertyValueSpecification\",\"valueRequired\":true,\"valueName\":\"search_term_string\"}}],\"inLanguage\":\"en-US\"},{\"@type\":\"Organization\",\"@id\":\"https:\\\/\\\/www.garciavarona.com\\\/en\\\/#organization\",\"name\":\"Maderas Garcia Varona\",\"url\":\"https:\\\/\\\/www.garciavarona.com\\\/en\\\/\",\"logo\":{\"@type\":\"ImageObject\",\"inLanguage\":\"en-US\",\"@id\":\"https:\\\/\\\/www.garciavarona.com\\\/en\\\/#\\\/schema\\\/logo\\\/image\\\/\",\"url\":\"https:\\\/\\\/www.garciavarona.com\\\/wp-content\\\/uploads\\\/2022\\\/06\\\/logoGarciaVarona.svg\",\"contentUrl\":\"https:\\\/\\\/www.garciavarona.com\\\/wp-content\\\/uploads\\\/2022\\\/06\\\/logoGarciaVarona.svg\",\"width\":1020,\"height\":200,\"caption\":\"Maderas Garcia Varona\"},\"image\":{\"@id\":\"https:\\\/\\\/www.garciavarona.com\\\/en\\\/#\\\/schema\\\/logo\\\/image\\\/\"},\"sameAs\":[\"https:\\\/\\\/www.facebook.com\\\/maderasgarciavaronagrupo\",\"https:\\\/\\\/x.com\\\/maderasvaronars\",\"https:\\\/\\\/www.instagram.com\\\/maderasgarciavarona\\\/\",\"https:\\\/\\\/www.linkedin.com\\\/company\\\/maderas-garcia-varona\\\/\",\"https:\\\/\\\/www.youtube.com\\\/channel\\\/UCGUEME06N_h66pB2coJC83w\\\/featured\"]}]}<\/script>\n<!-- \/ Yoast SEO plugin. -->","yoast_head_json":{"title":"Tarima para exterior de roble macizo varios anchos y acabados","description":"Tarima para exterior de roble macizo de varios anchos y acabado. Tabla de madera 100% maciza para terrazas, jardines y piscinas. Suelo de madera para jard\u00edn","robots":{"index":"index","follow":"follow","max-snippet":"max-snippet:-1","max-image-preview":"max-image-preview:large","max-video-preview":"max-video-preview:-1"},"canonical":"https:\/\/www.garciavarona.com\/en\/producto\/tarima-para-exterior-de-roble-macizo\/","og_locale":"en_US","og_type":"article","og_title":"Tarima para exterior de roble macizo varios anchos y acabados","og_description":"Tarima para exterior de roble macizo de varios anchos y acabado. Tabla de madera 100% maciza para terrazas, jardines y piscinas. Suelo de madera para jard\u00edn","og_url":"https:\/\/www.garciavarona.com\/en\/producto\/tarima-para-exterior-de-roble-macizo\/","og_site_name":"Maderas Garcia Varona","article_publisher":"https:\/\/www.facebook.com\/maderasgarciavaronagrupo","article_modified_time":"2025-10-17T13:40:19+00:00","og_image":[{"width":500,"height":500,"url":"https:\/\/www.garciavarona.com\/wp-content\/uploads\/2018\/08\/210-Tarima-para-exterior-de-roble-macizo-105-mm.-de-ancho.jpg","type":"image\/jpeg"}],"twitter_card":"summary_large_image","twitter_site":"@maderasvaronars","twitter_misc":{"Est. reading time":"2 minutes"},"schema":{"@context":"https:\/\/schema.org","@graph":[{"@type":["WebPage","ItemPage"],"@id":"https:\/\/www.garciavarona.com\/en\/producto\/tarima-para-exterior-de-roble-macizo\/","url":"https:\/\/www.garciavarona.com\/en\/producto\/tarima-para-exterior-de-roble-macizo\/","name":"Tarima para exterior de roble macizo varios anchos y acabados","isPartOf":{"@id":"https:\/\/www.garciavarona.com\/en\/#website"},"primaryImageOfPage":{"@id":"https:\/\/www.garciavarona.com\/en\/producto\/tarima-para-exterior-de-roble-macizo\/#primaryimage"},"image":{"@id":"https:\/\/www.garciavarona.com\/en\/producto\/tarima-para-exterior-de-roble-macizo\/#primaryimage"},"thumbnailUrl":"https:\/\/www.garciavarona.com\/wp-content\/uploads\/2018\/08\/210-Tarima-para-exterior-de-roble-macizo-105-mm.-de-ancho.jpg","datePublished":"2022-08-23T09:38:51+00:00","dateModified":"2025-10-17T13:40:19+00:00","description":"Tarima para exterior de roble macizo de varios anchos y acabado. Tabla de madera 100% maciza para terrazas, jardines y piscinas. Suelo de madera para jard\u00edn","breadcrumb":{"@id":"https:\/\/www.garciavarona.com\/en\/producto\/tarima-para-exterior-de-roble-macizo\/#breadcrumb"},"inLanguage":"en-US","potentialAction":[{"@type":"ReadAction","target":["https:\/\/www.garciavarona.com\/en\/producto\/tarima-para-exterior-de-roble-macizo\/"]}]},{"@type":"ImageObject","inLanguage":"en-US","@id":"https:\/\/www.garciavarona.com\/en\/producto\/tarima-para-exterior-de-roble-macizo\/#primaryimage","url":"https:\/\/www.garciavarona.com\/wp-content\/uploads\/2018\/08\/210-Tarima-para-exterior-de-roble-macizo-105-mm.-de-ancho.jpg","contentUrl":"https:\/\/www.garciavarona.com\/wp-content\/uploads\/2018\/08\/210-Tarima-para-exterior-de-roble-macizo-105-mm.-de-ancho.jpg","width":500,"height":500,"caption":"Tarima para exterior de roble macizo 105 mm. de ancho"},{"@type":"BreadcrumbList","@id":"https:\/\/www.garciavarona.com\/en\/producto\/tarima-para-exterior-de-roble-macizo\/#breadcrumb","itemListElement":[{"@type":"ListItem","position":1,"name":"Portada","item":"https:\/\/www.garciavarona.com\/en\/"},{"@type":"ListItem","position":2,"name":"Tienda Maderas Garc\u00eda Varona","item":"https:\/\/www.garciavarona.com\/tienda\/"},{"@type":"ListItem","position":3,"name":"Tarima para exterior de roble macizo"}]},{"@type":"WebSite","@id":"https:\/\/www.garciavarona.com\/en\/#website","url":"https:\/\/www.garciavarona.com\/en\/","name":"Maderas Garcia Varona","description":"Fabrica y Aserradero de Madera. Expertos en Madera","publisher":{"@id":"https:\/\/www.garciavarona.com\/en\/#organization"},"potentialAction":[{"@type":"SearchAction","target":{"@type":"EntryPoint","urlTemplate":"https:\/\/www.garciavarona.com\/en\/?s={search_term_string}"},"query-input":{"@type":"PropertyValueSpecification","valueRequired":true,"valueName":"search_term_string"}}],"inLanguage":"en-US"},{"@type":"Organization","@id":"https:\/\/www.garciavarona.com\/en\/#organization","name":"Maderas Garcia Varona","url":"https:\/\/www.garciavarona.com\/en\/","logo":{"@type":"ImageObject","inLanguage":"en-US","@id":"https:\/\/www.garciavarona.com\/en\/#\/schema\/logo\/image\/","url":"https:\/\/www.garciavarona.com\/wp-content\/uploads\/2022\/06\/logoGarciaVarona.svg","contentUrl":"https:\/\/www.garciavarona.com\/wp-content\/uploads\/2022\/06\/logoGarciaVarona.svg","width":1020,"height":200,"caption":"Maderas Garcia Varona"},"image":{"@id":"https:\/\/www.garciavarona.com\/en\/#\/schema\/logo\/image\/"},"sameAs":["https:\/\/www.facebook.com\/maderasgarciavaronagrupo","https:\/\/x.com\/maderasvaronars","https:\/\/www.instagram.com\/maderasgarciavarona\/","https:\/\/www.linkedin.com\/company\/maderas-garcia-varona\/","https:\/\/www.youtube.com\/channel\/UCGUEME06N_h66pB2coJC83w\/featured"]}]}},"_links":{"self":[{"href":"https:\/\/www.garciavarona.com\/en\/wp-json\/wp\/v2\/product\/14500","targetHints":{"allow":["GET"]}}],"collection":[{"href":"https:\/\/www.garciavarona.com\/en\/wp-json\/wp\/v2\/product"}],"about":[{"href":"https:\/\/www.garciavarona.com\/en\/wp-json\/wp\/v2\/types\/product"}],"version-history":[{"count":1,"href":"https:\/\/www.garciavarona.com\/en\/wp-json\/wp\/v2\/product\/14500\/revisions"}],"predecessor-version":[{"id":14524,"href":"https:\/\/www.garciavarona.com\/en\/wp-json\/wp\/v2\/product\/14500\/revisions\/14524"}],"wp:featuredmedia":[{"embeddable":true,"href":"https:\/\/www.garciavarona.com\/en\/wp-json\/wp\/v2\/media\/11343"}],"wp:attachment":[{"href":"https:\/\/www.garciavarona.com\/en\/wp-json\/wp\/v2\/media?parent=14500"}],"wp:term":[{"taxonomy":"product_brand","embeddable":true,"href":"https:\/\/www.garciavarona.com\/en\/wp-json\/wp\/v2\/product_brand?post=14500"},{"taxonomy":"product_cat","embeddable":true,"href":"https:\/\/www.garciavarona.com\/en\/wp-json\/wp\/v2\/product_cat?post=14500"},{"taxonomy":"product_tag","embeddable":true,"href":"https:\/\/www.garciavarona.com\/en\/wp-json\/wp\/v2\/product_tag?post=14500"}],"curies":[{"name":"wp","href":"https:\/\/api.w.org\/{rel}","templated":true}]}}